{"id":3684,"date":"2021-07-18T15:54:29","date_gmt":"2021-07-18T13:54:29","guid":{"rendered":"https:\/\/www.medicalz.com\/informations\/"},"modified":"2022-02-01T17:10:01","modified_gmt":"2022-02-01T16:10:01","slug":"informacion","status":"publish","type":"page","link":"https:\/\/www.medicalz.com\/es\/informacion\/","title":{"rendered":"Informacions"},"content":{"rendered":"<p>[et_pb_section fb_built=\u00bb1&#8243; _builder_version=\u00bb4.9.7&#8243; _module_preset=\u00bbdefault\u00bb min_height=\u00bb28px\u00bb custom_margin=\u00bb||||false|false\u00bb custom_padding=\u00bb||0px||false|false\u00bb global_colors_info=\u00bb{}\u00bb][et_pb_row _builder_version=\u00bb4.9.4&#8243; _module_preset=\u00bbdefault\u00bb custom_padding=\u00bb||66px|||\u00bb global_colors_info=\u00bb{}\u00bb][et_pb_column type=\u00bb4_4&#8243; _builder_version=\u00bb4.9.4&#8243; _module_preset=\u00bbdefault\u00bb global_colors_info=\u00bb{}\u00bb][et_pb_text _builder_version=\u00bb4.9.9&#8243; _module_preset=\u00bbdefault\u00bb text_font=\u00bb|300|||||||\u00bb text_text_color=\u00bb#178fcf\u00bb locked=\u00bboff\u00bb global_colors_info=\u00bb{}\u00bb]<\/p>\n<h2>C\u00f3mo cuidar los productos medicalz<\/h2>\n<p>[\/et_pb_text][et_pb_divider module_class=\u00bbseparateur\u00bb _builder_version=\u00bb4.9.7&#8243; _module_preset=\u00bbdefault\u00bb global_colors_info=\u00bb{}\u00bb][\/et_pb_divider][et_pb_text _builder_version=\u00bb4.12.0&#8243; _module_preset=\u00bbdefault\u00bb text_font=\u00bb||||||||\u00bb header_font_size=\u00bb31px\u00bb header_3_font_size=\u00bb21px\u00bb locked=\u00bboff\u00bb global_colors_info=\u00bb{}\u00bb]<\/p>\n<p style=\"text-align: center;\">La calidad de M\u00e9dical Z permite utilizar el mismo producto durante todo el tratamiento postoperatorio.<\/p>\n<p style=\"text-align: center;\">Un mantenimiento adecuado garantiza que su eficacia y sus beneficios se conserven durante m\u00e1s tiempo.<\/p>\n<p>[\/et_pb_text][\/et_pb_column][\/et_pb_row][et_pb_row column_structure=\u00bb3_5,2_5&#8243; _builder_version=\u00bb4.9.4&#8243; _module_preset=\u00bbdefault\u00bb global_colors_info=\u00bb{}\u00bb][et_pb_column type=\u00bb3_5&#8243; _builder_version=\u00bb4.9.4&#8243; _module_preset=\u00bbdefault\u00bb global_colors_info=\u00bb{}\u00bb][et_pb_video src=\u00bbhttps:\/\/youtu.be\/FpGjJgLRsso\u00bb _builder_version=\u00bb4.9.4&#8243; _module_preset=\u00bbdefault\u00bb max_width=\u00bb100%\u00bb global_colors_info=\u00bb{}\u00bb][\/et_pb_video][\/et_pb_column][et_pb_column type=\u00bb2_5&#8243; _builder_version=\u00bb4.9.4&#8243; _module_preset=\u00bbdefault\u00bb global_colors_info=\u00bb{}\u00bb][et_pb_text _builder_version=\u00bb4.12.0&#8243; _module_preset=\u00bbdefault\u00bb header_3_font=\u00bb||||||||\u00bb header_3_text_color=\u00bb#2f4457&#8243; header_3_font_size=\u00bb20px\u00bb global_colors_info=\u00bb{}\u00bb]<\/p>\n<h3 style=\"text-align: left;\">VER EL VIDEO<br \/>PRECAUCIONES DE MANTENIMIENTO PARA MEDIGEL Z\u00ae Y MEDIPATCH GEL Z\u00ae<\/h3>\n<p>[\/et_pb_text][et_pb_text _builder_version=\u00bb4.12.0&#8243; _module_preset=\u00bbdefault\u00bb global_colors_info=\u00bb{}\u00bb]<\/p>\n<p>Jab\u00f3n y agua tibia y ya est\u00e1: descubra c\u00f3mo cuidar M\u00e9dipatch Gel Z\u00ae y M\u00e9digel Z\u00ae, pero tambi\u00e9n lo que no debe hacer.<\/p>\n<p>[\/et_pb_text][\/et_pb_column][\/et_pb_row][et_pb_row column_structure=\u00bb1_2,1_2&#8243; _builder_version=\u00bb4.9.7&#8243; _module_preset=\u00bbdefault\u00bb custom_margin=\u00bb-28px|auto||auto||\u00bb custom_padding=\u00bb||0px|||\u00bb global_colors_info=\u00bb{}\u00bb][et_pb_column type=\u00bb1_2&#8243; _builder_version=\u00bb4.9.7&#8243; _module_preset=\u00bbdefault\u00bb custom_padding=\u00bb100px||||false|false\u00bb global_colors_info=\u00bb{}\u00bb][et_pb_text _builder_version=\u00bb4.12.0&#8243; _module_preset=\u00bbdefault\u00bb header_3_font=\u00bb||||||||\u00bb header_3_text_color=\u00bb#2f4457&#8243; header_3_font_size=\u00bb20px\u00bb global_colors_info=\u00bb{}\u00bb]<\/p>\n<h3 style=\"text-align: left;\">TEXTIL DE ALTO RENDIMIENTO, \u00a1F\u00c1CIL MANTENIMIENTO!<\/h3>\n<p>[\/et_pb_text][et_pb_text _builder_version=\u00bb4.12.0&#8243; _module_preset=\u00bbdefault\u00bb global_colors_info=\u00bb{}\u00bb]<\/p>\n<p>Cada tejido de Medical Z tiene sus propias instrucciones de cuidado.<\/p>\n<p>Cada prenda va acompa\u00f1ada de un folleto explicativo que permite al paciente proporcionar los cuidados y el mantenimiento adecuados a su prenda postoperatoria, para una mayor eficacia y comodidad.<\/p>\n<p>&nbsp;<\/p>\n<p>A continuaci\u00f3n encontrar\u00e1 m\u00e1s detalles sobre el cuidado de las prendas de compresi\u00f3n.<\/p>\n<p>&nbsp;<\/p>\n<p>La prenda no debe aplicarse directamente sobre la piel o las mucosas lesionadas.<\/p>\n<p>[\/et_pb_text][\/et_pb_column][et_pb_column type=\u00bb1_2&#8243; _builder_version=\u00bb4.9.4&#8243; _module_preset=\u00bbdefault\u00bb global_colors_info=\u00bb{}\u00bb][et_pb_image src=\u00bbhttps:\/\/www.medicalz.com\/wp-content\/uploads\/2021\/06\/femme_page_information.jpg\u00bb title_text=\u00bbfemme_page_information\u00bb _builder_version=\u00bb4.9.7&#8243; _module_preset=\u00bbdefault\u00bb width_tablet=\u00bb38%\u00bb width_phone=\u00bb38%\u00bb width_last_edited=\u00bbon|desktop\u00bb custom_margin=\u00bb|||59px|false|false\u00bb custom_margin_tablet=\u00bb|||425px|false|false\u00bb custom_margin_phone=\u00bb|||225px|false|false\u00bb custom_margin_last_edited=\u00bbon|phone\u00bb custom_padding=\u00bb||||false|false\u00bb global_colors_info=\u00bb{}\u00bb][\/et_pb_image][\/et_pb_column][\/et_pb_row][\/et_pb_section][et_pb_section fb_built=\u00bb1&#8243; _builder_version=\u00bb4.9.7&#8243; _module_preset=\u00bbdefault\u00bb background_color=\u00bb#e3e3e3&#8243; global_colors_info=\u00bb{}\u00bb][et_pb_row _builder_version=\u00bb4.9.4&#8243; _module_preset=\u00bbdefault\u00bb global_colors_info=\u00bb{}\u00bb][et_pb_column type=\u00bb4_4&#8243; _builder_version=\u00bb4.9.4&#8243; _module_preset=\u00bbdefault\u00bb global_colors_info=\u00bb{}\u00bb][et_pb_button button_url=\u00bbhttps:\/\/www.medicalz.com\/es\/cirugia-plastica\/\u00bb button_text=\u00bbNECESITA M\u00c1S INFORMACI\u00d3N SOBRE LA CIRUG\u00cdA MAMARIA\u00bb button_alignment=\u00bbcenter\u00bb _builder_version=\u00bb4.11.2&#8243; _module_preset=\u00bbdefault\u00bb custom_button=\u00bbon\u00bb button_text_size=\u00bb18px\u00bb button_text_color=\u00bb#2F4457&#8243; button_border_width=\u00bb1px\u00bb button_border_color=\u00bb#2F4457&#8243; button_border_radius=\u00bb0px\u00bb button_font=\u00bb|700|||||||\u00bb custom_padding=\u00bb15px|40px|15px|40px|false|false\u00bb global_colors_info=\u00bb{}\u00bb][\/et_pb_button][\/et_pb_column][\/et_pb_row][\/et_pb_section]<\/p>\n","protected":false},"excerpt":{"rendered":"<p>C\u00f3mo cuidar los productos medicalzLa calidad de M\u00e9dical Z permite utilizar el mismo producto durante todo el tratamiento postoperatorio. Un mantenimiento adecuado garantiza que su eficacia y sus beneficios se conserven durante m\u00e1s tiempo.VER EL VIDEOPRECAUCIONES DE MANTENIMIENTO PARA MEDIGEL Z\u00ae Y MEDIPATCH GEL Z\u00aeJab\u00f3n y agua tibia y ya est\u00e1: descubra c\u00f3mo cuidar M\u00e9dipatch [&hellip;]<\/p>\n","protected":false},"author":1,"featured_media":0,"parent":0,"menu_order":0,"comment_status":"closed","ping_status":"closed","template":"","meta":{"_et_pb_use_builder":"on","_et_pb_old_content":"","_et_gb_content_width":"","footnotes":""},"class_list":["post-3684","page","type-page","status-publish","hentry"],"yoast_head":"<!-- This site is optimized with the Yoast SEO plugin v25.1 - https:\/\/yoast.com\/wordpress\/plugins\/seo\/ -->\n<title>Informacions &#8226; Medical Z<\/title>\n<meta name=\"robots\" content=\"index, follow, max-snippet:-1, max-image-preview:large, max-video-preview:-1\" \/>\n<link rel=\"canonical\" href=\"https:\/\/www.medicalz.com\/es\/informacion\/\" \/>\n<meta property=\"og:locale\" content=\"es_ES\" \/>\n<meta property=\"og:type\" content=\"article\" \/>\n<meta property=\"og:title\" content=\"Informacions &#8226; Medical Z\" \/>\n<meta property=\"og:description\" content=\"C\u00f3mo cuidar los productos medicalzLa calidad de M\u00e9dical Z permite utilizar el mismo producto durante todo el tratamiento postoperatorio. Un mantenimiento adecuado garantiza que su eficacia y sus beneficios se conserven durante m\u00e1s tiempo.VER EL VIDEOPRECAUCIONES DE MANTENIMIENTO PARA MEDIGEL Z\u00ae Y MEDIPATCH GEL Z\u00aeJab\u00f3n y agua tibia y ya est\u00e1: descubra c\u00f3mo cuidar M\u00e9dipatch [&hellip;]\" \/>\n<meta property=\"og:url\" content=\"https:\/\/www.medicalz.com\/es\/informacion\/\" \/>\n<meta property=\"og:site_name\" content=\"Medical Z\" \/>\n<meta property=\"article:publisher\" content=\"https:\/\/www.facebook.com\/MedicalZFrance\/\" \/>\n<meta property=\"article:modified_time\" content=\"2022-02-01T16:10:01+00:00\" \/>\n<script type=\"application\/ld+json\" class=\"yoast-schema-graph\">{\"@context\":\"https:\/\/schema.org\",\"@graph\":[{\"@type\":\"WebPage\",\"@id\":\"https:\/\/www.medicalz.com\/es\/informacion\/\",\"url\":\"https:\/\/www.medicalz.com\/es\/informacion\/\",\"name\":\"Informacions &#8226; Medical Z\",\"isPartOf\":{\"@id\":\"https:\/\/www.medicalz.com\/es\/#website\"},\"datePublished\":\"2021-07-18T13:54:29+00:00\",\"dateModified\":\"2022-02-01T16:10:01+00:00\",\"breadcrumb\":{\"@id\":\"https:\/\/www.medicalz.com\/es\/informacion\/#breadcrumb\"},\"inLanguage\":\"es\",\"potentialAction\":[{\"@type\":\"ReadAction\",\"target\":[\"https:\/\/www.medicalz.com\/es\/informacion\/\"]}]},{\"@type\":\"BreadcrumbList\",\"@id\":\"https:\/\/www.medicalz.com\/es\/informacion\/#breadcrumb\",\"itemListElement\":[{\"@type\":\"ListItem\",\"position\":1,\"name\":\"Principal\",\"item\":\"https:\/\/www.medicalz.com\/es\/accueil\/\"},{\"@type\":\"ListItem\",\"position\":2,\"name\":\"Informacions\"}]},{\"@type\":\"WebSite\",\"@id\":\"https:\/\/www.medicalz.com\/es\/#website\",\"url\":\"https:\/\/www.medicalz.com\/es\/\",\"name\":\"Medical Z\",\"description\":\"Cr\u00e9ateur FRAN\u00c7AIS de v\u00eatements compressifs depuis 1981\",\"publisher\":{\"@id\":\"https:\/\/www.medicalz.com\/es\/#organization\"},\"potentialAction\":[{\"@type\":\"SearchAction\",\"target\":{\"@type\":\"EntryPoint\",\"urlTemplate\":\"https:\/\/www.medicalz.com\/es\/?s={search_term_string}\"},\"query-input\":{\"@type\":\"PropertyValueSpecification\",\"valueRequired\":true,\"valueName\":\"search_term_string\"}}],\"inLanguage\":\"es\"},{\"@type\":\"Organization\",\"@id\":\"https:\/\/www.medicalz.com\/es\/#organization\",\"name\":\"MedicalZ\",\"url\":\"https:\/\/www.medicalz.com\/es\/\",\"logo\":{\"@type\":\"ImageObject\",\"inLanguage\":\"es\",\"@id\":\"https:\/\/www.medicalz.com\/es\/#\/schema\/logo\/image\/\",\"url\":\"https:\/\/www.medicalz.com\/wp-content\/uploads\/2021\/06\/logo-1.png\",\"contentUrl\":\"https:\/\/www.medicalz.com\/wp-content\/uploads\/2021\/06\/logo-1.png\",\"width\":400,\"height\":227,\"caption\":\"MedicalZ\"},\"image\":{\"@id\":\"https:\/\/www.medicalz.com\/es\/#\/schema\/logo\/image\/\"},\"sameAs\":[\"https:\/\/www.facebook.com\/MedicalZFrance\/\",\"https:\/\/www.instagram.com\/medicalz_fr\/?hl=fr\",\"https:\/\/www.youtube.com\/channel\/UC7rGbkWBc15cA4pbHS99Vbg\"]}]}<\/script>\n<!-- \/ Yoast SEO plugin. -->","yoast_head_json":{"title":"Informacions &#8226; Medical Z","robots":{"index":"index","follow":"follow","max-snippet":"max-snippet:-1","max-image-preview":"max-image-preview:large","max-video-preview":"max-video-preview:-1"},"canonical":"https:\/\/www.medicalz.com\/es\/informacion\/","og_locale":"es_ES","og_type":"article","og_title":"Informacions &#8226; Medical Z","og_description":"C\u00f3mo cuidar los productos medicalzLa calidad de M\u00e9dical Z permite utilizar el mismo producto durante todo el tratamiento postoperatorio. Un mantenimiento adecuado garantiza que su eficacia y sus beneficios se conserven durante m\u00e1s tiempo.VER EL VIDEOPRECAUCIONES DE MANTENIMIENTO PARA MEDIGEL Z\u00ae Y MEDIPATCH GEL Z\u00aeJab\u00f3n y agua tibia y ya est\u00e1: descubra c\u00f3mo cuidar M\u00e9dipatch [&hellip;]","og_url":"https:\/\/www.medicalz.com\/es\/informacion\/","og_site_name":"Medical Z","article_publisher":"https:\/\/www.facebook.com\/MedicalZFrance\/","article_modified_time":"2022-02-01T16:10:01+00:00","schema":{"@context":"https:\/\/schema.org","@graph":[{"@type":"WebPage","@id":"https:\/\/www.medicalz.com\/es\/informacion\/","url":"https:\/\/www.medicalz.com\/es\/informacion\/","name":"Informacions &#8226; Medical Z","isPartOf":{"@id":"https:\/\/www.medicalz.com\/es\/#website"},"datePublished":"2021-07-18T13:54:29+00:00","dateModified":"2022-02-01T16:10:01+00:00","breadcrumb":{"@id":"https:\/\/www.medicalz.com\/es\/informacion\/#breadcrumb"},"inLanguage":"es","potentialAction":[{"@type":"ReadAction","target":["https:\/\/www.medicalz.com\/es\/informacion\/"]}]},{"@type":"BreadcrumbList","@id":"https:\/\/www.medicalz.com\/es\/informacion\/#breadcrumb","itemListElement":[{"@type":"ListItem","position":1,"name":"Principal","item":"https:\/\/www.medicalz.com\/es\/accueil\/"},{"@type":"ListItem","position":2,"name":"Informacions"}]},{"@type":"WebSite","@id":"https:\/\/www.medicalz.com\/es\/#website","url":"https:\/\/www.medicalz.com\/es\/","name":"Medical Z","description":"Cr\u00e9ateur FRAN\u00c7AIS de v\u00eatements compressifs depuis 1981","publisher":{"@id":"https:\/\/www.medicalz.com\/es\/#organization"},"potentialAction":[{"@type":"SearchAction","target":{"@type":"EntryPoint","urlTemplate":"https:\/\/www.medicalz.com\/es\/?s={search_term_string}"},"query-input":{"@type":"PropertyValueSpecification","valueRequired":true,"valueName":"search_term_string"}}],"inLanguage":"es"},{"@type":"Organization","@id":"https:\/\/www.medicalz.com\/es\/#organization","name":"MedicalZ","url":"https:\/\/www.medicalz.com\/es\/","logo":{"@type":"ImageObject","inLanguage":"es","@id":"https:\/\/www.medicalz.com\/es\/#\/schema\/logo\/image\/","url":"https:\/\/www.medicalz.com\/wp-content\/uploads\/2021\/06\/logo-1.png","contentUrl":"https:\/\/www.medicalz.com\/wp-content\/uploads\/2021\/06\/logo-1.png","width":400,"height":227,"caption":"MedicalZ"},"image":{"@id":"https:\/\/www.medicalz.com\/es\/#\/schema\/logo\/image\/"},"sameAs":["https:\/\/www.facebook.com\/MedicalZFrance\/","https:\/\/www.instagram.com\/medicalz_fr\/?hl=fr","https:\/\/www.youtube.com\/channel\/UC7rGbkWBc15cA4pbHS99Vbg"]}]}},"_links":{"self":[{"href":"https:\/\/www.medicalz.com\/es\/wp-json\/wp\/v2\/pages\/3684","targetHints":{"allow":["GET"]}}],"collection":[{"href":"https:\/\/www.medicalz.com\/es\/wp-json\/wp\/v2\/pages"}],"about":[{"href":"https:\/\/www.medicalz.com\/es\/wp-json\/wp\/v2\/types\/page"}],"author":[{"embeddable":true,"href":"https:\/\/www.medicalz.com\/es\/wp-json\/wp\/v2\/users\/1"}],"replies":[{"embeddable":true,"href":"https:\/\/www.medicalz.com\/es\/wp-json\/wp\/v2\/comments?post=3684"}],"version-history":[{"count":18,"href":"https:\/\/www.medicalz.com\/es\/wp-json\/wp\/v2\/pages\/3684\/revisions"}],"predecessor-version":[{"id":15135,"href":"https:\/\/www.medicalz.com\/es\/wp-json\/wp\/v2\/pages\/3684\/revisions\/15135"}],"wp:attachment":[{"href":"https:\/\/www.medicalz.com\/es\/wp-json\/wp\/v2\/media?parent=3684"}],"curies":[{"name":"wp","href":"https:\/\/api.w.org\/{rel}","templated":true}]}}