{"id":3702,"date":"2021-07-18T17:50:36","date_gmt":"2021-07-18T15:50:36","guid":{"rendered":"https:\/\/www.medicalz.com\/gel-para-el-tratamiento-de-cicatrices\/"},"modified":"2022-04-14T10:17:40","modified_gmt":"2022-04-14T08:17:40","slug":"gel-para-el-tratamiento-de-cicatrices","status":"publish","type":"page","link":"https:\/\/www.medicalz.com\/es\/gel-para-el-tratamiento-de-cicatrices\/","title":{"rendered":"Gel para el tratamiento de cicatrices"},"content":{"rendered":"<p>[et_pb_section fb_built=\u00bb1&#8243; fullwidth=\u00bbon\u00bb _builder_version=\u00bb4.16&#8243; _module_preset=\u00bbdefault\u00bb global_colors_info=\u00bb{}\u00bb][et_pb_fullwidth_header title=\u00bbGel cicatrizante\u00bb text_orientation=\u00bbcenter\u00bb _builder_version=\u00bb4.16&#8243; _module_preset=\u00bbdefault\u00bb title_text_color=\u00bb#427393&#8243; background_image=\u00bbhttps:\/\/www.medicalz.com\/wp-content\/uploads\/2021\/12\/medigel-scaled.jpg\u00bb custom_margin=\u00bb||30px||false|false\u00bb custom_padding=\u00bb70px||70px||false|false\u00bb text_shadow_style=\u00bbpreset2&#8243; text_shadow_horizontal_length=\u00bb0.03em\u00bb text_shadow_blur_strength=\u00bb0.16em\u00bb text_shadow_color=\u00bb#427393&#8243; locked=\u00bboff\u00bb global_colors_info=\u00bb{}\u00bb][\/et_pb_fullwidth_header][\/et_pb_section][et_pb_section fb_built=\u00bb1&#8243; _builder_version=\u00bb4.16&#8243; _module_preset=\u00bbdefault\u00bb global_colors_info=\u00bb{}\u00bb][et_pb_row _builder_version=\u00bb4.16&#8243; _module_preset=\u00bbdefault\u00bb custom_padding=\u00bb11px|||||\u00bb global_colors_info=\u00bb{}\u00bb][et_pb_column type=\u00bb4_4&#8243; _builder_version=\u00bb4.16&#8243; _module_preset=\u00bbdefault\u00bb global_colors_info=\u00bb{}\u00bb][et_pb_text _builder_version=\u00bb4.16&#8243; _module_preset=\u00bbdefault\u00bb global_colors_info=\u00bb{}\u00bb]<\/p>\n<h2>Gel para el tratamiento de cicatrices<\/h2>\n<p>[\/et_pb_text][et_pb_divider module_class=\u00bbseparateur\u00bb _builder_version=\u00bb4.16&#8243; _module_preset=\u00bbdefault\u00bb global_colors_info=\u00bb{}\u00bb][\/et_pb_divider][et_pb_text _builder_version=\u00bb4.16&#8243; _module_preset=\u00bbdefault\u00bb custom_margin=\u00bb||||false|false\u00bb global_colors_info=\u00bb{}\u00bb]<\/p>\n<p>Nuestros productos para el tratamiento de cicatrices Medigel Z\u00ae se dise\u00f1aron originalmente para el tratamiento de las cicatrices de las quemaduras, pero ahora se utilizan ampliamente en la cirug\u00eda pl\u00e1stica y est\u00e9tica. Estos productos est\u00e1n destinados a un uso externo y deben utilizarse despu\u00e9s de que las heridas hayan cicatrizado completamente.<\/p>\n<p>Adem\u00e1s de sus propiedades curativas, MedigelZ\u00ae tiene una gran elasticidad y una vida \u00fatil de 8 a 12 semanas (de 3 a 6 veces m\u00e1s que las l\u00e1minas de silicona). Los estudios* han demostrado incluso que esta duraci\u00f3n puede ser de hasta 6 meses en condiciones \u00f3ptimas de uso.<\/p>\n<p>Adem\u00e1s de llevar una prenda de compresi\u00f3n postoperatoria, este tratamiento con Medigel Z\u00ae mejora el resultado est\u00e9tico general de su intervenci\u00f3n.<\/p>\n<p>&nbsp;<\/p>\n<h3>\u00bfC\u00f3mo funciona?<\/h3>\n<p>La tecnolog\u00eda Medigel Z\u00ae combina copol\u00edmeros tribloque con aceite mineral de clase H1 para un tratamiento \u00f3ptimo de las cicatrices con una combinaci\u00f3n de eficacia y facilidad para el paciente.<\/p>\n<p>[\/et_pb_text][\/et_pb_column][\/et_pb_row][et_pb_row _builder_version=\u00bb4.16&#8243; _module_preset=\u00bbdefault\u00bb custom_padding=\u00bb4px||25px|||\u00bb global_colors_info=\u00bb{}\u00bb][et_pb_column type=\u00bb4_4&#8243; _builder_version=\u00bb4.16&#8243; _module_preset=\u00bbdefault\u00bb global_colors_info=\u00bb{}\u00bb][et_pb_image src=\u00bbhttps:\/\/www.medicalz.com\/wp-content\/uploads\/2022\/03\/cicatrisation_es.png\u00bb title_text=\u00bbcicatrisation_es\u00bb align=\u00bbcenter\u00bb _builder_version=\u00bb4.16&#8243; _module_preset=\u00bbdefault\u00bb custom_padding=\u00bb|||3px||\u00bb global_colors_info=\u00bb{}\u00bb][\/et_pb_image][\/et_pb_column][\/et_pb_row][et_pb_row _builder_version=\u00bb4.16&#8243; _module_preset=\u00bbdefault\u00bb global_colors_info=\u00bb{}\u00bb][et_pb_column type=\u00bb4_4&#8243; _builder_version=\u00bb4.16&#8243; _module_preset=\u00bbdefault\u00bb global_colors_info=\u00bb{}\u00bb][dpdfg_filtergrid custom_query=\u00bbadvanced\u00bb multiple_cpt=\u00bbproduct\u00bb use_taxonomy_terms=\u00bbon\u00bb multiple_taxonomies=\u00bbproduct_cat\u00bb include_terms=\u00bb130,131,132&#8243; include_children_terms=\u00bboff\u00bb order=\u00bbASC\u00bb orderby=\u00bbmenu_order\u00bb no_results=\u00bbSin resultados\u00bb thumbnail_size=\u00bb400&#215;516&#8243; use_overlay=\u00bboff\u00bb title_link=\u00bbon\u00bb show_post_meta=\u00bboff\u00bb show_custom_fields=\u00bbon\u00bb custom_fields=\u00bb%91{%22name%22:%22_sku%22,%22label%22:%22%22}%93&#8243; custom_content_container=\u00bboff\u00bb filter_taxonomies=\u00bbproduct_cat\u00bb filter_terms=\u00bb130,131,132&#8243; all_text=\u00bbTodo\u00bb filters_sort=\u00bbterm_group\u00bb pagination_type=\u00bbscroll\u00bb items_width=\u00bb30%\u00bb row_gutter=\u00bb4em\u00bb bg_filter_active=\u00bb#2F4457&#8243; _builder_version=\u00bb4.16.1&#8243; _module_preset=\u00bbdefault\u00bb dpdfg_entry_title_level=\u00bbh3&#8243; dpdfg_entry_title_text_align=\u00bbleft\u00bb dpdfg_entry_title_text_color=\u00bb#2F4457&#8243; dpdfg_entry_title_font_size=\u00bb15px\u00bb dpdfg_entry_meta_font=\u00bb||||||||\u00bb dpdfg_entry_summary_font=\u00bb|||on|||||\u00bb dpdfg_filters_font=\u00bb|700||on|||||\u00bb dpdfg_filters_text_color=\u00bb#2F4457&#8243; dpdfg_filters_font_size=\u00bb11px\u00bb dpdfg_filters_letter_spacing=\u00bb1px\u00bb dpdfg_filters_active_text_color=\u00bb#FFFFFF\u00bb dpdfg_pagination_text_color=\u00bb#2F4457&#8243; dpdfg_pagination_active_text_color=\u00bb#178FCF\u00bb custom_css_dp-dfg-filter=\u00bbborder:2px solid #2f4457;||margin:0px 2px\u00bb border_width_all=\u00bb0px\u00bb global_colors_info=\u00bb{}\u00bb][\/dpdfg_filtergrid][\/et_pb_column][\/et_pb_row][et_pb_row _builder_version=\u00bb4.16&#8243; _module_preset=\u00bbdefault\u00bb global_colors_info=\u00bb{}\u00bb][et_pb_column type=\u00bb4_4&#8243; _builder_version=\u00bb4.16&#8243; _module_preset=\u00bbdefault\u00bb global_colors_info=\u00bb{}\u00bb][et_pb_text _builder_version=\u00bb4.16&#8243; _module_preset=\u00bbdefault\u00bb quote_font_size=\u00bb13px\u00bb global_colors_info=\u00bb{}\u00bb]<\/p>\n<h4 style=\"text-align: center;\">Estudios* realizados en centros de rehabilitaci\u00f3n especializados en quemaduras graves han demostrado que los productos de la gama MedigelZ\u00ae han dado muy buenos resultados en m\u00e1s del 75% de los casos<\/h4>\n<p>&nbsp;<\/p>\n<p>Esta tecnolog\u00eda est\u00e1 disponible en diferentes tama\u00f1os, en forma de gel, l\u00e1minas transparentes o l\u00e1minas recubiertas de tejido sint\u00e9tico para satisfacer todas sus necesidades.<\/p>\n<p>Utilizando la misma tecnolog\u00eda, nuestros Medipatch Gel Z\u00ae tienen la particularidad de ser autoadhesivos para adherirse a todas las partes del cuerpo, y adem\u00e1s est\u00e1n disponibles y son adaptables en muchos formatos.<\/p>\n<p>[\/et_pb_text][et_pb_text _builder_version=\u00bb4.16&#8243; _module_preset=\u00bbdefault\u00bb custom_padding=\u00bb10px||10px||true|false\u00bb border_width_all=\u00bb1px\u00bb global_colors_info=\u00bb{}\u00bb]<\/p>\n<p style=\"text-align: center;\">\u00bfC\u00f3mo cuidar M\u00e9dipatch Gel Z\u00ae y M\u00e9digel Z\u00ae?<\/p>\n<p>[\/et_pb_text][et_pb_video src=\u00bbhttps:\/\/www.youtube.com\/watch?v=Dr3jKekkyq0&#8243; _builder_version=\u00bb4.16&#8243; _module_preset=\u00bbdefault\u00bb width=\u00bb68%\u00bb module_alignment=\u00bbcenter\u00bb border_width_all=\u00bb6px\u00bb border_color_all=\u00bb#178FCF\u00bb global_colors_info=\u00bb{}\u00bb][\/et_pb_video][\/et_pb_column][\/et_pb_row][et_pb_row _builder_version=\u00bb4.16&#8243; _module_preset=\u00bbdefault\u00bb global_colors_info=\u00bb{}\u00bb][et_pb_column type=\u00bb4_4&#8243; _builder_version=\u00bb4.16&#8243; _module_preset=\u00bbdefault\u00bb global_colors_info=\u00bb{}\u00bb][et_pb_text _builder_version=\u00bb4.16&#8243; _module_preset=\u00bbdefault\u00bb quote_font_size=\u00bb13px\u00bb global_colors_info=\u00bb{}\u00bb]<\/p>\n<blockquote>\n<p><em>Estudios* realizados en centros de rehabilitaci\u00f3n especializados en quemaduras graves han demostrado que los productos de la gama MedigelZ\u00ae han dado muy buenos resultados en m\u00e1s del 75% de los casos<\/em><\/p>\n<\/blockquote>\n<p>[\/et_pb_text][\/et_pb_column][\/et_pb_row][\/et_pb_section]<\/p>\n","protected":false},"excerpt":{"rendered":"<p>Gel para el tratamiento de cicatricesNuestros productos para el tratamiento de cicatrices Medigel Z\u00ae se dise\u00f1aron originalmente para el tratamiento de las cicatrices de las quemaduras, pero ahora se utilizan ampliamente en la cirug\u00eda pl\u00e1stica y est\u00e9tica. Estos productos est\u00e1n destinados a un uso externo y deben utilizarse despu\u00e9s de que las heridas hayan cicatrizado [&hellip;]<\/p>\n","protected":false},"author":1,"featured_media":0,"parent":0,"menu_order":0,"comment_status":"closed","ping_status":"closed","template":"","meta":{"_et_pb_use_builder":"on","_et_pb_old_content":"","_et_gb_content_width":"","footnotes":""},"class_list":["post-3702","page","type-page","status-publish","hentry"],"yoast_head":"<!-- This site is optimized with the Yoast SEO plugin v25.1 - https:\/\/yoast.com\/wordpress\/plugins\/seo\/ -->\n<title>Gel para el tratamiento de cicatrices &#8226; Medical Z<\/title>\n<meta name=\"robots\" content=\"index, follow, max-snippet:-1, max-image-preview:large, max-video-preview:-1\" \/>\n<link rel=\"canonical\" href=\"https:\/\/www.medicalz.com\/es\/gel-para-el-tratamiento-de-cicatrices\/\" \/>\n<meta property=\"og:locale\" content=\"es_ES\" \/>\n<meta property=\"og:type\" content=\"article\" \/>\n<meta property=\"og:title\" content=\"Gel para el tratamiento de cicatrices &#8226; Medical Z\" \/>\n<meta property=\"og:description\" content=\"Gel para el tratamiento de cicatricesNuestros productos para el tratamiento de cicatrices Medigel Z\u00ae se dise\u00f1aron originalmente para el tratamiento de las cicatrices de las quemaduras, pero ahora se utilizan ampliamente en la cirug\u00eda pl\u00e1stica y est\u00e9tica. Estos productos est\u00e1n destinados a un uso externo y deben utilizarse despu\u00e9s de que las heridas hayan cicatrizado [&hellip;]\" \/>\n<meta property=\"og:url\" content=\"https:\/\/www.medicalz.com\/es\/gel-para-el-tratamiento-de-cicatrices\/\" \/>\n<meta property=\"og:site_name\" content=\"Medical Z\" \/>\n<meta property=\"article:publisher\" content=\"https:\/\/www.facebook.com\/MedicalZFrance\/\" \/>\n<meta property=\"article:modified_time\" content=\"2022-04-14T08:17:40+00:00\" \/>\n<script type=\"application\/ld+json\" class=\"yoast-schema-graph\">{\"@context\":\"https:\/\/schema.org\",\"@graph\":[{\"@type\":\"WebPage\",\"@id\":\"https:\/\/www.medicalz.com\/es\/gel-para-el-tratamiento-de-cicatrices\/\",\"url\":\"https:\/\/www.medicalz.com\/es\/gel-para-el-tratamiento-de-cicatrices\/\",\"name\":\"Gel para el tratamiento de cicatrices &#8226; Medical Z\",\"isPartOf\":{\"@id\":\"https:\/\/www.medicalz.com\/es\/#website\"},\"datePublished\":\"2021-07-18T15:50:36+00:00\",\"dateModified\":\"2022-04-14T08:17:40+00:00\",\"breadcrumb\":{\"@id\":\"https:\/\/www.medicalz.com\/es\/gel-para-el-tratamiento-de-cicatrices\/#breadcrumb\"},\"inLanguage\":\"es\",\"potentialAction\":[{\"@type\":\"ReadAction\",\"target\":[\"https:\/\/www.medicalz.com\/es\/gel-para-el-tratamiento-de-cicatrices\/\"]}]},{\"@type\":\"BreadcrumbList\",\"@id\":\"https:\/\/www.medicalz.com\/es\/gel-para-el-tratamiento-de-cicatrices\/#breadcrumb\",\"itemListElement\":[{\"@type\":\"ListItem\",\"position\":1,\"name\":\"Principal\",\"item\":\"https:\/\/www.medicalz.com\/es\/accueil\/\"},{\"@type\":\"ListItem\",\"position\":2,\"name\":\"Gel para el tratamiento de cicatrices\"}]},{\"@type\":\"WebSite\",\"@id\":\"https:\/\/www.medicalz.com\/es\/#website\",\"url\":\"https:\/\/www.medicalz.com\/es\/\",\"name\":\"Medical Z\",\"description\":\"Cr\u00e9ateur FRAN\u00c7AIS de v\u00eatements compressifs depuis 1981\",\"publisher\":{\"@id\":\"https:\/\/www.medicalz.com\/es\/#organization\"},\"potentialAction\":[{\"@type\":\"SearchAction\",\"target\":{\"@type\":\"EntryPoint\",\"urlTemplate\":\"https:\/\/www.medicalz.com\/es\/?s={search_term_string}\"},\"query-input\":{\"@type\":\"PropertyValueSpecification\",\"valueRequired\":true,\"valueName\":\"search_term_string\"}}],\"inLanguage\":\"es\"},{\"@type\":\"Organization\",\"@id\":\"https:\/\/www.medicalz.com\/es\/#organization\",\"name\":\"MedicalZ\",\"url\":\"https:\/\/www.medicalz.com\/es\/\",\"logo\":{\"@type\":\"ImageObject\",\"inLanguage\":\"es\",\"@id\":\"https:\/\/www.medicalz.com\/es\/#\/schema\/logo\/image\/\",\"url\":\"https:\/\/www.medicalz.com\/wp-content\/uploads\/2021\/06\/logo-1.png\",\"contentUrl\":\"https:\/\/www.medicalz.com\/wp-content\/uploads\/2021\/06\/logo-1.png\",\"width\":400,\"height\":227,\"caption\":\"MedicalZ\"},\"image\":{\"@id\":\"https:\/\/www.medicalz.com\/es\/#\/schema\/logo\/image\/\"},\"sameAs\":[\"https:\/\/www.facebook.com\/MedicalZFrance\/\",\"https:\/\/www.instagram.com\/medicalz_fr\/?hl=fr\",\"https:\/\/www.youtube.com\/channel\/UC7rGbkWBc15cA4pbHS99Vbg\"]}]}<\/script>\n<!-- \/ Yoast SEO plugin. -->","yoast_head_json":{"title":"Gel para el tratamiento de cicatrices &#8226; Medical Z","robots":{"index":"index","follow":"follow","max-snippet":"max-snippet:-1","max-image-preview":"max-image-preview:large","max-video-preview":"max-video-preview:-1"},"canonical":"https:\/\/www.medicalz.com\/es\/gel-para-el-tratamiento-de-cicatrices\/","og_locale":"es_ES","og_type":"article","og_title":"Gel para el tratamiento de cicatrices &#8226; Medical Z","og_description":"Gel para el tratamiento de cicatricesNuestros productos para el tratamiento de cicatrices Medigel Z\u00ae se dise\u00f1aron originalmente para el tratamiento de las cicatrices de las quemaduras, pero ahora se utilizan ampliamente en la cirug\u00eda pl\u00e1stica y est\u00e9tica. Estos productos est\u00e1n destinados a un uso externo y deben utilizarse despu\u00e9s de que las heridas hayan cicatrizado [&hellip;]","og_url":"https:\/\/www.medicalz.com\/es\/gel-para-el-tratamiento-de-cicatrices\/","og_site_name":"Medical Z","article_publisher":"https:\/\/www.facebook.com\/MedicalZFrance\/","article_modified_time":"2022-04-14T08:17:40+00:00","schema":{"@context":"https:\/\/schema.org","@graph":[{"@type":"WebPage","@id":"https:\/\/www.medicalz.com\/es\/gel-para-el-tratamiento-de-cicatrices\/","url":"https:\/\/www.medicalz.com\/es\/gel-para-el-tratamiento-de-cicatrices\/","name":"Gel para el tratamiento de cicatrices &#8226; Medical Z","isPartOf":{"@id":"https:\/\/www.medicalz.com\/es\/#website"},"datePublished":"2021-07-18T15:50:36+00:00","dateModified":"2022-04-14T08:17:40+00:00","breadcrumb":{"@id":"https:\/\/www.medicalz.com\/es\/gel-para-el-tratamiento-de-cicatrices\/#breadcrumb"},"inLanguage":"es","potentialAction":[{"@type":"ReadAction","target":["https:\/\/www.medicalz.com\/es\/gel-para-el-tratamiento-de-cicatrices\/"]}]},{"@type":"BreadcrumbList","@id":"https:\/\/www.medicalz.com\/es\/gel-para-el-tratamiento-de-cicatrices\/#breadcrumb","itemListElement":[{"@type":"ListItem","position":1,"name":"Principal","item":"https:\/\/www.medicalz.com\/es\/accueil\/"},{"@type":"ListItem","position":2,"name":"Gel para el tratamiento de cicatrices"}]},{"@type":"WebSite","@id":"https:\/\/www.medicalz.com\/es\/#website","url":"https:\/\/www.medicalz.com\/es\/","name":"Medical Z","description":"Cr\u00e9ateur FRAN\u00c7AIS de v\u00eatements compressifs depuis 1981","publisher":{"@id":"https:\/\/www.medicalz.com\/es\/#organization"},"potentialAction":[{"@type":"SearchAction","target":{"@type":"EntryPoint","urlTemplate":"https:\/\/www.medicalz.com\/es\/?s={search_term_string}"},"query-input":{"@type":"PropertyValueSpecification","valueRequired":true,"valueName":"search_term_string"}}],"inLanguage":"es"},{"@type":"Organization","@id":"https:\/\/www.medicalz.com\/es\/#organization","name":"MedicalZ","url":"https:\/\/www.medicalz.com\/es\/","logo":{"@type":"ImageObject","inLanguage":"es","@id":"https:\/\/www.medicalz.com\/es\/#\/schema\/logo\/image\/","url":"https:\/\/www.medicalz.com\/wp-content\/uploads\/2021\/06\/logo-1.png","contentUrl":"https:\/\/www.medicalz.com\/wp-content\/uploads\/2021\/06\/logo-1.png","width":400,"height":227,"caption":"MedicalZ"},"image":{"@id":"https:\/\/www.medicalz.com\/es\/#\/schema\/logo\/image\/"},"sameAs":["https:\/\/www.facebook.com\/MedicalZFrance\/","https:\/\/www.instagram.com\/medicalz_fr\/?hl=fr","https:\/\/www.youtube.com\/channel\/UC7rGbkWBc15cA4pbHS99Vbg"]}]}},"_links":{"self":[{"href":"https:\/\/www.medicalz.com\/es\/wp-json\/wp\/v2\/pages\/3702","targetHints":{"allow":["GET"]}}],"collection":[{"href":"https:\/\/www.medicalz.com\/es\/wp-json\/wp\/v2\/pages"}],"about":[{"href":"https:\/\/www.medicalz.com\/es\/wp-json\/wp\/v2\/types\/page"}],"author":[{"embeddable":true,"href":"https:\/\/www.medicalz.com\/es\/wp-json\/wp\/v2\/users\/1"}],"replies":[{"embeddable":true,"href":"https:\/\/www.medicalz.com\/es\/wp-json\/wp\/v2\/comments?post=3702"}],"version-history":[{"count":11,"href":"https:\/\/www.medicalz.com\/es\/wp-json\/wp\/v2\/pages\/3702\/revisions"}],"predecessor-version":[{"id":16634,"href":"https:\/\/www.medicalz.com\/es\/wp-json\/wp\/v2\/pages\/3702\/revisions\/16634"}],"wp:attachment":[{"href":"https:\/\/www.medicalz.com\/es\/wp-json\/wp\/v2\/media?parent=3702"}],"curies":[{"name":"wp","href":"https:\/\/api.w.org\/{rel}","templated":true}]}}