{"id":3711,"date":"2021-07-18T17:59:36","date_gmt":"2021-07-18T15:59:36","guid":{"rendered":"https:\/\/www.medicalz.com\/cirugia-plastica\/"},"modified":"2022-04-07T17:20:51","modified_gmt":"2022-04-07T15:20:51","slug":"cirugia-plastica","status":"publish","type":"page","link":"https:\/\/www.medicalz.com\/es\/cirugia-plastica\/","title":{"rendered":"Cirugia plastica"},"content":{"rendered":"<p>[et_pb_section fb_built=\u00bb1&#8243; fullwidth=\u00bbon\u00bb _builder_version=\u00bb4.16&#8243; _module_preset=\u00bbdefault\u00bb global_colors_info=\u00bb{}\u00bb][et_pb_fullwidth_header title=\u00bbCIRUGIA\u00bb text_orientation=\u00bbcenter\u00bb _builder_version=\u00bb4.16&#8243; _module_preset=\u00bbdefault\u00bb background_image=\u00bbhttps:\/\/www.medicalz.com\/wp-content\/uploads\/2021\/10\/182_29062021__OL64330-scaled.jpg\u00bb custom_margin=\u00bb||30px||false|false\u00bb custom_padding=\u00bb70px||70px||false|false\u00bb text_shadow_style=\u00bbpreset3&#8243; locked=\u00bboff\u00bb global_colors_info=\u00bb{}\u00bb][\/et_pb_fullwidth_header][\/et_pb_section][et_pb_section fb_built=\u00bb1&#8243; _builder_version=\u00bb4.16&#8243; _module_preset=\u00bbdefault\u00bb global_colors_info=\u00bb{}\u00bb][et_pb_row _builder_version=\u00bb4.16&#8243; _module_preset=\u00bbdefault\u00bb global_colors_info=\u00bb{}\u00bb][et_pb_column type=\u00bb4_4&#8243; _builder_version=\u00bb4.16&#8243; _module_preset=\u00bbdefault\u00bb global_colors_info=\u00bb{}\u00bb][et_pb_text _builder_version=\u00bb4.16&#8243; _module_preset=\u00bbdefault\u00bb global_colors_info=\u00bb{}\u00bb]<\/p>\n<h2>PRENDAS PARA CIRUGIA PLASTICA <\/h2>\n<p>[\/et_pb_text][et_pb_divider module_class=\u00bbseparateur\u00bb _builder_version=\u00bb4.16&#8243; _module_preset=\u00bbdefault\u00bb global_colors_info=\u00bb{}\u00bb][\/et_pb_divider][et_pb_text _builder_version=\u00bb4.16&#8243; _module_preset=\u00bbdefault\u00bb global_colors_info=\u00bb{}\u00bb]<\/p>\n<p>Muchas intervenciones quir\u00fargicas deben ir seguidas de una terapia compresiva cient\u00edficamente calibrada, sobre todo para evitar el efecto \u00abonda\u00bb y el edema doloroso y limitar su movilidad, favoreciendo una buena circulaci\u00f3n sangu\u00ednea.<br \/>\nEvaluado cl\u00ednicamente, cada prenda es un aut\u00e9ntico producto m\u00e9dico probado y controlado para ofrecerle la mejor calidad.<\/p>\n<p>Descubra todas nuestras prendas disponibles en varias tallas y tejidos. Una compresi\u00f3n ideal y uniforme le ayudar\u00e1 a conseguir los resultados que espera para cada tipo de procedimiento.<br \/>\nNuestra t\u00e9cnica especial de costuras planas en el interior permite un soporte uniforme, no invasivo y antiirritante, incluso en zonas de dif\u00edcil acceso. <\/p>\n<p>Nuestra gama Elegance est\u00e1 fabricada con el tejido CoolMax\u00ae, que es m\u00e1s transpirable y confortable que cualquier otro material gracias a esta fibra especial de 4 canales. Evacua la humedad hacia la capa exterior del tejido y se seca r\u00e1pidamente, lo que resulta ideal para su comodidad diaria durante la recuperaci\u00f3n postoperatoria.<\/p>\n<p>[\/et_pb_text][\/et_pb_column][\/et_pb_row][et_pb_row _builder_version=\u00bb4.16&#8243; _module_preset=\u00bbdefault\u00bb global_colors_info=\u00bb{}\u00bb][et_pb_column type=\u00bb4_4&#8243; _builder_version=\u00bb4.16&#8243; _module_preset=\u00bbdefault\u00bb global_colors_info=\u00bb{}\u00bb][dpdfg_filtergrid custom_query=\u00bbadvanced\u00bb multiple_cpt=\u00bbproduct\u00bb use_taxonomy_terms=\u00bbon\u00bb multiple_taxonomies=\u00bbproduct_cat\u00bb include_terms=\u00bb82,81,83,34,141,35&#8243; include_children_terms=\u00bboff\u00bb order=\u00bbASC\u00bb orderby=\u00bbmenu_order\u00bb no_results=\u00bbSin resultados\u00bb thumbnail_size=\u00bb400&#215;516&#8243; use_overlay=\u00bboff\u00bb title_link=\u00bbon\u00bb show_post_meta=\u00bboff\u00bb show_custom_fields=\u00bbon\u00bb custom_fields=\u00bb%91{%22name%22:%22_sku%22,%22label%22:%22%22}%93&#8243; custom_content_container=\u00bboff\u00bb filter_taxonomies=\u00bbproduct_cat\u00bb filter_terms=\u00bb82,81,83,34,141,35&#8243; all_text=\u00bbTodo\u00bb filters_sort=\u00bbcustom\u00bb items_width=\u00bb30%\u00bb row_gutter=\u00bb4em\u00bb bg_filter_active=\u00bb#2F4457&#8243; _builder_version=\u00bb4.16.1&#8243; _module_preset=\u00bbdefault\u00bb dpdfg_entry_title_level=\u00bbh3&#8243; dpdfg_entry_title_text_align=\u00bbleft\u00bb dpdfg_entry_title_text_color=\u00bb#2F4457&#8243; dpdfg_entry_title_font_size=\u00bb15px\u00bb dpdfg_entry_meta_font=\u00bb||||||||\u00bb dpdfg_entry_summary_font=\u00bb|||on|||||\u00bb dpdfg_filters_font=\u00bb|700||on|||||\u00bb dpdfg_filters_text_color=\u00bb#2F4457&#8243; dpdfg_filters_font_size=\u00bb11px\u00bb dpdfg_filters_letter_spacing=\u00bb1px\u00bb dpdfg_filters_active_text_color=\u00bb#FFFFFF\u00bb dpdfg_pagination_text_color=\u00bb#2F4457&#8243; dpdfg_pagination_active_text_color=\u00bb#178FCF\u00bb hover_enabled=\u00bb0&#8243; custom_css_dp-dfg-filter=\u00bbborder:2px solid #2f4457;||margin:0px 2px\u00bb border_width_all=\u00bb0px\u00bb global_colors_info=\u00bb{}\u00bb pagination_type=\u00bbscroll\u00bb sticky_enabled=\u00bb0&#8243;][\/dpdfg_filtergrid][\/et_pb_column][\/et_pb_row][\/et_pb_section][et_pb_section fb_built=\u00bb1&#8243; _builder_version=\u00bb4.16&#8243; _module_preset=\u00bbdefault\u00bb background_color=\u00bb#e3e3e3&#8243; global_colors_info=\u00bb{}\u00bb][et_pb_row _builder_version=\u00bb4.16&#8243; _module_preset=\u00bbdefault\u00bb global_colors_info=\u00bb{}\u00bb][et_pb_column type=\u00bb4_4&#8243; _builder_version=\u00bb4.16&#8243; _module_preset=\u00bbdefault\u00bb global_colors_info=\u00bb{}\u00bb][et_pb_button button_url=\u00bbhttps:\/\/www.medicalz.com\/es\/faq\/\u00bb button_text=\u00bbFAQ\u00bb button_alignment=\u00bbcenter\u00bb _builder_version=\u00bb4.16&#8243; _module_preset=\u00bbdefault\u00bb custom_button=\u00bbon\u00bb button_text_size=\u00bb18px\u00bb button_text_color=\u00bb#2F4457&#8243; button_border_width=\u00bb1px\u00bb button_border_color=\u00bb#2F4457&#8243; button_border_radius=\u00bb0px\u00bb button_font=\u00bb|700|||||||\u00bb custom_padding=\u00bb15px|110px|15px|110px|false|true\u00bb global_colors_info=\u00bb{}\u00bb][\/et_pb_button][\/et_pb_column][\/et_pb_row][\/et_pb_section]<\/p>\n","protected":false},"excerpt":{"rendered":"<p>PRENDAS PARA CIRUGIA PLASTICA Muchas intervenciones quir\u00fargicas deben ir seguidas de una terapia compresiva cient\u00edficamente calibrada, sobre todo para evitar el efecto \u00abonda\u00bb y el edema doloroso y limitar su movilidad, favoreciendo una buena circulaci\u00f3n sangu\u00ednea. Evaluado cl\u00ednicamente, cada prenda es un aut\u00e9ntico producto m\u00e9dico probado y controlado para ofrecerle la mejor calidad. Descubra todas [&hellip;]<\/p>\n","protected":false},"author":1,"featured_media":0,"parent":0,"menu_order":0,"comment_status":"closed","ping_status":"closed","template":"","meta":{"_et_pb_use_builder":"on","_et_pb_old_content":"","_et_gb_content_width":"","footnotes":""},"class_list":["post-3711","page","type-page","status-publish","hentry"],"yoast_head":"<!-- This site is optimized with the Yoast SEO plugin v25.1 - https:\/\/yoast.com\/wordpress\/plugins\/seo\/ -->\n<title>Cirugia plastica &#8226; Medical Z<\/title>\n<meta name=\"robots\" content=\"index, follow, max-snippet:-1, max-image-preview:large, max-video-preview:-1\" \/>\n<link rel=\"canonical\" href=\"https:\/\/www.medicalz.com\/es\/cirugia-plastica\/\" \/>\n<meta property=\"og:locale\" content=\"es_ES\" \/>\n<meta property=\"og:type\" content=\"article\" \/>\n<meta property=\"og:title\" content=\"Cirugia plastica &#8226; Medical Z\" \/>\n<meta property=\"og:description\" content=\"PRENDAS PARA CIRUGIA PLASTICA Muchas intervenciones quir\u00fargicas deben ir seguidas de una terapia compresiva cient\u00edficamente calibrada, sobre todo para evitar el efecto &quot;onda&quot; y el edema doloroso y limitar su movilidad, favoreciendo una buena circulaci\u00f3n sangu\u00ednea. Evaluado cl\u00ednicamente, cada prenda es un aut\u00e9ntico producto m\u00e9dico probado y controlado para ofrecerle la mejor calidad. Descubra todas [&hellip;]\" \/>\n<meta property=\"og:url\" content=\"https:\/\/www.medicalz.com\/es\/cirugia-plastica\/\" \/>\n<meta property=\"og:site_name\" content=\"Medical Z\" \/>\n<meta property=\"article:publisher\" content=\"https:\/\/www.facebook.com\/MedicalZFrance\/\" \/>\n<meta property=\"article:modified_time\" content=\"2022-04-07T15:20:51+00:00\" \/>\n<script type=\"application\/ld+json\" class=\"yoast-schema-graph\">{\"@context\":\"https:\/\/schema.org\",\"@graph\":[{\"@type\":\"WebPage\",\"@id\":\"https:\/\/www.medicalz.com\/es\/cirugia-plastica\/\",\"url\":\"https:\/\/www.medicalz.com\/es\/cirugia-plastica\/\",\"name\":\"Cirugia plastica &#8226; Medical Z\",\"isPartOf\":{\"@id\":\"https:\/\/www.medicalz.com\/es\/#website\"},\"datePublished\":\"2021-07-18T15:59:36+00:00\",\"dateModified\":\"2022-04-07T15:20:51+00:00\",\"breadcrumb\":{\"@id\":\"https:\/\/www.medicalz.com\/es\/cirugia-plastica\/#breadcrumb\"},\"inLanguage\":\"es\",\"potentialAction\":[{\"@type\":\"ReadAction\",\"target\":[\"https:\/\/www.medicalz.com\/es\/cirugia-plastica\/\"]}]},{\"@type\":\"BreadcrumbList\",\"@id\":\"https:\/\/www.medicalz.com\/es\/cirugia-plastica\/#breadcrumb\",\"itemListElement\":[{\"@type\":\"ListItem\",\"position\":1,\"name\":\"Principal\",\"item\":\"https:\/\/www.medicalz.com\/es\/accueil\/\"},{\"@type\":\"ListItem\",\"position\":2,\"name\":\"Cirugia plastica\"}]},{\"@type\":\"WebSite\",\"@id\":\"https:\/\/www.medicalz.com\/es\/#website\",\"url\":\"https:\/\/www.medicalz.com\/es\/\",\"name\":\"Medical Z\",\"description\":\"Cr\u00e9ateur FRAN\u00c7AIS de v\u00eatements compressifs depuis 1981\",\"publisher\":{\"@id\":\"https:\/\/www.medicalz.com\/es\/#organization\"},\"potentialAction\":[{\"@type\":\"SearchAction\",\"target\":{\"@type\":\"EntryPoint\",\"urlTemplate\":\"https:\/\/www.medicalz.com\/es\/?s={search_term_string}\"},\"query-input\":{\"@type\":\"PropertyValueSpecification\",\"valueRequired\":true,\"valueName\":\"search_term_string\"}}],\"inLanguage\":\"es\"},{\"@type\":\"Organization\",\"@id\":\"https:\/\/www.medicalz.com\/es\/#organization\",\"name\":\"MedicalZ\",\"url\":\"https:\/\/www.medicalz.com\/es\/\",\"logo\":{\"@type\":\"ImageObject\",\"inLanguage\":\"es\",\"@id\":\"https:\/\/www.medicalz.com\/es\/#\/schema\/logo\/image\/\",\"url\":\"https:\/\/www.medicalz.com\/wp-content\/uploads\/2021\/06\/logo-1.png\",\"contentUrl\":\"https:\/\/www.medicalz.com\/wp-content\/uploads\/2021\/06\/logo-1.png\",\"width\":400,\"height\":227,\"caption\":\"MedicalZ\"},\"image\":{\"@id\":\"https:\/\/www.medicalz.com\/es\/#\/schema\/logo\/image\/\"},\"sameAs\":[\"https:\/\/www.facebook.com\/MedicalZFrance\/\",\"https:\/\/www.instagram.com\/medicalz_fr\/?hl=fr\",\"https:\/\/www.youtube.com\/channel\/UC7rGbkWBc15cA4pbHS99Vbg\"]}]}<\/script>\n<!-- \/ Yoast SEO plugin. -->","yoast_head_json":{"title":"Cirugia plastica &#8226; Medical Z","robots":{"index":"index","follow":"follow","max-snippet":"max-snippet:-1","max-image-preview":"max-image-preview:large","max-video-preview":"max-video-preview:-1"},"canonical":"https:\/\/www.medicalz.com\/es\/cirugia-plastica\/","og_locale":"es_ES","og_type":"article","og_title":"Cirugia plastica &#8226; Medical Z","og_description":"PRENDAS PARA CIRUGIA PLASTICA Muchas intervenciones quir\u00fargicas deben ir seguidas de una terapia compresiva cient\u00edficamente calibrada, sobre todo para evitar el efecto \"onda\" y el edema doloroso y limitar su movilidad, favoreciendo una buena circulaci\u00f3n sangu\u00ednea. Evaluado cl\u00ednicamente, cada prenda es un aut\u00e9ntico producto m\u00e9dico probado y controlado para ofrecerle la mejor calidad. Descubra todas [&hellip;]","og_url":"https:\/\/www.medicalz.com\/es\/cirugia-plastica\/","og_site_name":"Medical Z","article_publisher":"https:\/\/www.facebook.com\/MedicalZFrance\/","article_modified_time":"2022-04-07T15:20:51+00:00","schema":{"@context":"https:\/\/schema.org","@graph":[{"@type":"WebPage","@id":"https:\/\/www.medicalz.com\/es\/cirugia-plastica\/","url":"https:\/\/www.medicalz.com\/es\/cirugia-plastica\/","name":"Cirugia plastica &#8226; Medical Z","isPartOf":{"@id":"https:\/\/www.medicalz.com\/es\/#website"},"datePublished":"2021-07-18T15:59:36+00:00","dateModified":"2022-04-07T15:20:51+00:00","breadcrumb":{"@id":"https:\/\/www.medicalz.com\/es\/cirugia-plastica\/#breadcrumb"},"inLanguage":"es","potentialAction":[{"@type":"ReadAction","target":["https:\/\/www.medicalz.com\/es\/cirugia-plastica\/"]}]},{"@type":"BreadcrumbList","@id":"https:\/\/www.medicalz.com\/es\/cirugia-plastica\/#breadcrumb","itemListElement":[{"@type":"ListItem","position":1,"name":"Principal","item":"https:\/\/www.medicalz.com\/es\/accueil\/"},{"@type":"ListItem","position":2,"name":"Cirugia plastica"}]},{"@type":"WebSite","@id":"https:\/\/www.medicalz.com\/es\/#website","url":"https:\/\/www.medicalz.com\/es\/","name":"Medical Z","description":"Cr\u00e9ateur FRAN\u00c7AIS de v\u00eatements compressifs depuis 1981","publisher":{"@id":"https:\/\/www.medicalz.com\/es\/#organization"},"potentialAction":[{"@type":"SearchAction","target":{"@type":"EntryPoint","urlTemplate":"https:\/\/www.medicalz.com\/es\/?s={search_term_string}"},"query-input":{"@type":"PropertyValueSpecification","valueRequired":true,"valueName":"search_term_string"}}],"inLanguage":"es"},{"@type":"Organization","@id":"https:\/\/www.medicalz.com\/es\/#organization","name":"MedicalZ","url":"https:\/\/www.medicalz.com\/es\/","logo":{"@type":"ImageObject","inLanguage":"es","@id":"https:\/\/www.medicalz.com\/es\/#\/schema\/logo\/image\/","url":"https:\/\/www.medicalz.com\/wp-content\/uploads\/2021\/06\/logo-1.png","contentUrl":"https:\/\/www.medicalz.com\/wp-content\/uploads\/2021\/06\/logo-1.png","width":400,"height":227,"caption":"MedicalZ"},"image":{"@id":"https:\/\/www.medicalz.com\/es\/#\/schema\/logo\/image\/"},"sameAs":["https:\/\/www.facebook.com\/MedicalZFrance\/","https:\/\/www.instagram.com\/medicalz_fr\/?hl=fr","https:\/\/www.youtube.com\/channel\/UC7rGbkWBc15cA4pbHS99Vbg"]}]}},"_links":{"self":[{"href":"https:\/\/www.medicalz.com\/es\/wp-json\/wp\/v2\/pages\/3711","targetHints":{"allow":["GET"]}}],"collection":[{"href":"https:\/\/www.medicalz.com\/es\/wp-json\/wp\/v2\/pages"}],"about":[{"href":"https:\/\/www.medicalz.com\/es\/wp-json\/wp\/v2\/types\/page"}],"author":[{"embeddable":true,"href":"https:\/\/www.medicalz.com\/es\/wp-json\/wp\/v2\/users\/1"}],"replies":[{"embeddable":true,"href":"https:\/\/www.medicalz.com\/es\/wp-json\/wp\/v2\/comments?post=3711"}],"version-history":[{"count":12,"href":"https:\/\/www.medicalz.com\/es\/wp-json\/wp\/v2\/pages\/3711\/revisions"}],"predecessor-version":[{"id":16323,"href":"https:\/\/www.medicalz.com\/es\/wp-json\/wp\/v2\/pages\/3711\/revisions\/16323"}],"wp:attachment":[{"href":"https:\/\/www.medicalz.com\/es\/wp-json\/wp\/v2\/media?parent=3711"}],"curies":[{"name":"wp","href":"https:\/\/api.w.org\/{rel}","templated":true}]}}