{"id":3725,"date":"2021-07-18T18:09:41","date_gmt":"2021-07-18T16:09:41","guid":{"rendered":"https:\/\/www.medicalz.com\/masques-uns\/"},"modified":"2021-07-21T16:20:36","modified_gmt":"2021-07-21T14:20:36","slug":"mascaras-uns","status":"publish","type":"page","link":"https:\/\/www.medicalz.com\/es\/mascaras-uns\/","title":{"rendered":"Mascaras UNS"},"content":{"rendered":"[et_pb_section fb_built=\u00bb1&#8243; fullwidth=\u00bbon\u00bb _builder_version=\u00bb4.9.7&#8243; _module_preset=\u00bbdefault\u00bb][et_pb_fullwidth_header title=\u00bbmascaras u.n.s\u00bb text_orientation=\u00bbcenter\u00bb _builder_version=\u00bb4.9.9&#8243; _module_preset=\u00bbdefault\u00bb background_image=\u00bbhttps:\/\/www.medicalz.com\/wp-content\/uploads\/2021\/06\/banierev2-scaled.jpg\u00bb custom_margin=\u00bb||30px||false|false\u00bb custom_padding=\u00bb70px||70px||false|false\u00bb hover_enabled=\u00bb0&#8243; locked=\u00bboff\u00bb sticky_enabled=\u00bb0&#8243;][\/et_pb_fullwidth_header][\/et_pb_section][et_pb_section fb_built=\u00bb1&#8243; _builder_version=\u00bb4.9.7&#8243; _module_preset=\u00bbdefault\u00bb][et_pb_row _builder_version=\u00bb4.9.7&#8243; _module_preset=\u00bbdefault\u00bb][et_pb_column type=\u00bb4_4&#8243; _builder_version=\u00bb4.9.4&#8243; _module_preset=\u00bbdefault\u00bb][et_pb_text _builder_version=\u00bb4.9.9&#8243; _module_preset=\u00bbdefault\u00bb hover_enabled=\u00bb0&#8243; sticky_enabled=\u00bb0&#8243;]<h2>M\u00e1scaras con certificaci\u00f3n UNS 1 <\/h2>[\/et_pb_text][et_pb_divider module_class=\u00bbseparateur\u00bb _builder_version=\u00bb4.9.7&#8243; _module_preset=\u00bbdefault\u00bb][\/et_pb_divider][et_pb_text _builder_version=\u00bb4.9.9&#8243; _module_preset=\u00bbdefault\u00bb hover_enabled=\u00bb0&#8243; sticky_enabled=\u00bb0&#8243;]Durante la crisis sanitaria provocada por la pandemia de Covid-19, estamos muy orgullosos de haber podido movilizarnos con los agentes locales y poner nuestros conocimientos de confecci\u00f3n al servicio de la regi\u00f3n. A continuaci\u00f3n, reorganizamos nuestra f\u00e1brica para poder suministrar m\u00e1scaras con certificaci\u00f3n UNS 1 al \u00e1rea metropolitana de Tours y a numerosas empresas, lo que nos permiti\u00f3 luchar juntos contra la propagaci\u00f3n del virus en la regi\u00f3n. \n \nProbado y certificado tras 50 lavados\nM\u00e1s del 90% de eficacia para el uso profesional individual en contacto con el p\u00fablico y hasta un 98% contra part\u00edculas de 3\u00b5m \n\n<p>&nbsp;<\/p>\n<p>P\u00eddalo por <a href=\"https:\/\/www.medicalz.com\/es\/nous-contacter\/\">tel\u00e9fono<\/a> o en <a href=\"mailto:masquesuns@medicalz.com\">masquesuns@medicalz.com<\/a><\/p>[\/et_pb_text][\/et_pb_column][\/et_pb_row][\/et_pb_section]","protected":false},"excerpt":{"rendered":"<p>M\u00e1scaras con certificaci\u00f3n UNS 1 Durante la crisis sanitaria provocada por la pandemia de Covid-19, estamos muy orgullosos de haber podido movilizarnos con los agentes locales y poner nuestros conocimientos de confecci\u00f3n al servicio de la regi\u00f3n. A continuaci\u00f3n, reorganizamos nuestra f\u00e1brica para poder suministrar m\u00e1scaras con certificaci\u00f3n UNS 1 al \u00e1rea metropolitana de Tours [&hellip;]<\/p>\n","protected":false},"author":1,"featured_media":0,"parent":0,"menu_order":0,"comment_status":"closed","ping_status":"closed","template":"","meta":{"_et_pb_use_builder":"on","_et_pb_old_content":"","_et_gb_content_width":"","footnotes":""},"class_list":["post-3725","page","type-page","status-publish","hentry"],"yoast_head":"<!-- This site is optimized with the Yoast SEO plugin v25.1 - https:\/\/yoast.com\/wordpress\/plugins\/seo\/ -->\n<title>Mascaras UNS &#8226; Medical Z<\/title>\n<meta name=\"robots\" content=\"index, follow, max-snippet:-1, max-image-preview:large, max-video-preview:-1\" \/>\n<link rel=\"canonical\" href=\"https:\/\/www.medicalz.com\/es\/mascaras-uns\/\" \/>\n<meta property=\"og:locale\" content=\"es_ES\" \/>\n<meta property=\"og:type\" content=\"article\" \/>\n<meta property=\"og:title\" content=\"Mascaras UNS &#8226; Medical Z\" \/>\n<meta property=\"og:description\" content=\"M\u00e1scaras con certificaci\u00f3n UNS 1 Durante la crisis sanitaria provocada por la pandemia de Covid-19, estamos muy orgullosos de haber podido movilizarnos con los agentes locales y poner nuestros conocimientos de confecci\u00f3n al servicio de la regi\u00f3n. A continuaci\u00f3n, reorganizamos nuestra f\u00e1brica para poder suministrar m\u00e1scaras con certificaci\u00f3n UNS 1 al \u00e1rea metropolitana de Tours [&hellip;]\" \/>\n<meta property=\"og:url\" content=\"https:\/\/www.medicalz.com\/es\/mascaras-uns\/\" \/>\n<meta property=\"og:site_name\" content=\"Medical Z\" \/>\n<meta property=\"article:publisher\" content=\"https:\/\/www.facebook.com\/MedicalZFrance\/\" \/>\n<meta property=\"article:modified_time\" content=\"2021-07-21T14:20:36+00:00\" \/>\n<script type=\"application\/ld+json\" class=\"yoast-schema-graph\">{\"@context\":\"https:\/\/schema.org\",\"@graph\":[{\"@type\":\"WebPage\",\"@id\":\"https:\/\/www.medicalz.com\/es\/mascaras-uns\/\",\"url\":\"https:\/\/www.medicalz.com\/es\/mascaras-uns\/\",\"name\":\"Mascaras UNS &#8226; Medical Z\",\"isPartOf\":{\"@id\":\"https:\/\/www.medicalz.com\/es\/#website\"},\"datePublished\":\"2021-07-18T16:09:41+00:00\",\"dateModified\":\"2021-07-21T14:20:36+00:00\",\"breadcrumb\":{\"@id\":\"https:\/\/www.medicalz.com\/es\/mascaras-uns\/#breadcrumb\"},\"inLanguage\":\"es\",\"potentialAction\":[{\"@type\":\"ReadAction\",\"target\":[\"https:\/\/www.medicalz.com\/es\/mascaras-uns\/\"]}]},{\"@type\":\"BreadcrumbList\",\"@id\":\"https:\/\/www.medicalz.com\/es\/mascaras-uns\/#breadcrumb\",\"itemListElement\":[{\"@type\":\"ListItem\",\"position\":1,\"name\":\"Principal\",\"item\":\"https:\/\/www.medicalz.com\/es\/accueil\/\"},{\"@type\":\"ListItem\",\"position\":2,\"name\":\"Mascaras UNS\"}]},{\"@type\":\"WebSite\",\"@id\":\"https:\/\/www.medicalz.com\/es\/#website\",\"url\":\"https:\/\/www.medicalz.com\/es\/\",\"name\":\"Medical Z\",\"description\":\"Cr\u00e9ateur FRAN\u00c7AIS de v\u00eatements compressifs depuis 1981\",\"publisher\":{\"@id\":\"https:\/\/www.medicalz.com\/es\/#organization\"},\"potentialAction\":[{\"@type\":\"SearchAction\",\"target\":{\"@type\":\"EntryPoint\",\"urlTemplate\":\"https:\/\/www.medicalz.com\/es\/?s={search_term_string}\"},\"query-input\":{\"@type\":\"PropertyValueSpecification\",\"valueRequired\":true,\"valueName\":\"search_term_string\"}}],\"inLanguage\":\"es\"},{\"@type\":\"Organization\",\"@id\":\"https:\/\/www.medicalz.com\/es\/#organization\",\"name\":\"MedicalZ\",\"url\":\"https:\/\/www.medicalz.com\/es\/\",\"logo\":{\"@type\":\"ImageObject\",\"inLanguage\":\"es\",\"@id\":\"https:\/\/www.medicalz.com\/es\/#\/schema\/logo\/image\/\",\"url\":\"https:\/\/www.medicalz.com\/wp-content\/uploads\/2021\/06\/logo-1.png\",\"contentUrl\":\"https:\/\/www.medicalz.com\/wp-content\/uploads\/2021\/06\/logo-1.png\",\"width\":400,\"height\":227,\"caption\":\"MedicalZ\"},\"image\":{\"@id\":\"https:\/\/www.medicalz.com\/es\/#\/schema\/logo\/image\/\"},\"sameAs\":[\"https:\/\/www.facebook.com\/MedicalZFrance\/\",\"https:\/\/www.instagram.com\/medicalz_fr\/?hl=fr\",\"https:\/\/www.youtube.com\/channel\/UC7rGbkWBc15cA4pbHS99Vbg\"]}]}<\/script>\n<!-- \/ Yoast SEO plugin. -->","yoast_head_json":{"title":"Mascaras UNS &#8226; Medical Z","robots":{"index":"index","follow":"follow","max-snippet":"max-snippet:-1","max-image-preview":"max-image-preview:large","max-video-preview":"max-video-preview:-1"},"canonical":"https:\/\/www.medicalz.com\/es\/mascaras-uns\/","og_locale":"es_ES","og_type":"article","og_title":"Mascaras UNS &#8226; Medical Z","og_description":"M\u00e1scaras con certificaci\u00f3n UNS 1 Durante la crisis sanitaria provocada por la pandemia de Covid-19, estamos muy orgullosos de haber podido movilizarnos con los agentes locales y poner nuestros conocimientos de confecci\u00f3n al servicio de la regi\u00f3n. A continuaci\u00f3n, reorganizamos nuestra f\u00e1brica para poder suministrar m\u00e1scaras con certificaci\u00f3n UNS 1 al \u00e1rea metropolitana de Tours [&hellip;]","og_url":"https:\/\/www.medicalz.com\/es\/mascaras-uns\/","og_site_name":"Medical Z","article_publisher":"https:\/\/www.facebook.com\/MedicalZFrance\/","article_modified_time":"2021-07-21T14:20:36+00:00","schema":{"@context":"https:\/\/schema.org","@graph":[{"@type":"WebPage","@id":"https:\/\/www.medicalz.com\/es\/mascaras-uns\/","url":"https:\/\/www.medicalz.com\/es\/mascaras-uns\/","name":"Mascaras UNS &#8226; Medical Z","isPartOf":{"@id":"https:\/\/www.medicalz.com\/es\/#website"},"datePublished":"2021-07-18T16:09:41+00:00","dateModified":"2021-07-21T14:20:36+00:00","breadcrumb":{"@id":"https:\/\/www.medicalz.com\/es\/mascaras-uns\/#breadcrumb"},"inLanguage":"es","potentialAction":[{"@type":"ReadAction","target":["https:\/\/www.medicalz.com\/es\/mascaras-uns\/"]}]},{"@type":"BreadcrumbList","@id":"https:\/\/www.medicalz.com\/es\/mascaras-uns\/#breadcrumb","itemListElement":[{"@type":"ListItem","position":1,"name":"Principal","item":"https:\/\/www.medicalz.com\/es\/accueil\/"},{"@type":"ListItem","position":2,"name":"Mascaras UNS"}]},{"@type":"WebSite","@id":"https:\/\/www.medicalz.com\/es\/#website","url":"https:\/\/www.medicalz.com\/es\/","name":"Medical Z","description":"Cr\u00e9ateur FRAN\u00c7AIS de v\u00eatements compressifs depuis 1981","publisher":{"@id":"https:\/\/www.medicalz.com\/es\/#organization"},"potentialAction":[{"@type":"SearchAction","target":{"@type":"EntryPoint","urlTemplate":"https:\/\/www.medicalz.com\/es\/?s={search_term_string}"},"query-input":{"@type":"PropertyValueSpecification","valueRequired":true,"valueName":"search_term_string"}}],"inLanguage":"es"},{"@type":"Organization","@id":"https:\/\/www.medicalz.com\/es\/#organization","name":"MedicalZ","url":"https:\/\/www.medicalz.com\/es\/","logo":{"@type":"ImageObject","inLanguage":"es","@id":"https:\/\/www.medicalz.com\/es\/#\/schema\/logo\/image\/","url":"https:\/\/www.medicalz.com\/wp-content\/uploads\/2021\/06\/logo-1.png","contentUrl":"https:\/\/www.medicalz.com\/wp-content\/uploads\/2021\/06\/logo-1.png","width":400,"height":227,"caption":"MedicalZ"},"image":{"@id":"https:\/\/www.medicalz.com\/es\/#\/schema\/logo\/image\/"},"sameAs":["https:\/\/www.facebook.com\/MedicalZFrance\/","https:\/\/www.instagram.com\/medicalz_fr\/?hl=fr","https:\/\/www.youtube.com\/channel\/UC7rGbkWBc15cA4pbHS99Vbg"]}]}},"_links":{"self":[{"href":"https:\/\/www.medicalz.com\/es\/wp-json\/wp\/v2\/pages\/3725","targetHints":{"allow":["GET"]}}],"collection":[{"href":"https:\/\/www.medicalz.com\/es\/wp-json\/wp\/v2\/pages"}],"about":[{"href":"https:\/\/www.medicalz.com\/es\/wp-json\/wp\/v2\/types\/page"}],"author":[{"embeddable":true,"href":"https:\/\/www.medicalz.com\/es\/wp-json\/wp\/v2\/users\/1"}],"replies":[{"embeddable":true,"href":"https:\/\/www.medicalz.com\/es\/wp-json\/wp\/v2\/comments?post=3725"}],"version-history":[{"count":4,"href":"https:\/\/www.medicalz.com\/es\/wp-json\/wp\/v2\/pages\/3725\/revisions"}],"predecessor-version":[{"id":3940,"href":"https:\/\/www.medicalz.com\/es\/wp-json\/wp\/v2\/pages\/3725\/revisions\/3940"}],"wp:attachment":[{"href":"https:\/\/www.medicalz.com\/es\/wp-json\/wp\/v2\/media?parent=3725"}],"curies":[{"name":"wp","href":"https:\/\/api.w.org\/{rel}","templated":true}]}}