{"id":9567,"date":"2021-10-13T16:04:15","date_gmt":"2021-10-13T14:04:15","guid":{"rendered":"https:\/\/www.medicalz.com\/que-cuando-y-como\/"},"modified":"2022-01-18T10:50:10","modified_gmt":"2022-01-18T09:50:10","slug":"que-cuando-y-como","status":"publish","type":"page","link":"https:\/\/www.medicalz.com\/es\/que-cuando-y-como\/","title":{"rendered":"Qu\u00e9, cu\u00e1ndo y c\u00f3mo"},"content":{"rendered":"<p>[et_pb_section fb_built=\u00bb1&#8243; _builder_version=\u00bb4.10.7&#8243; _module_preset=\u00bbdefault\u00bb background_color=\u00bbrgba(255,255,255,0.75)\u00bb background_image=\u00bbhttps:\/\/www.medicalz.com\/wp-content\/uploads\/2021\/08\/EC014-1.png\u00bb background_size=\u00bbinitial\u00bb background_blend=\u00bbsoft-light\u00bb global_colors_info=\u00bb{}\u00bb][et_pb_row _builder_version=\u00bb4.14.6&#8243; _module_preset=\u00bbdefault\u00bb custom_padding=\u00bb13px|20px||20px|false|false\u00bb hover_enabled=\u00bb0&#8243; global_colors_info=\u00bb{}\u00bb background_color=\u00bb#FFFFFF\u00bb sticky_enabled=\u00bb0&#8243;][et_pb_column type=\u00bb4_4&#8243; _builder_version=\u00bb4.9.4&#8243; _module_preset=\u00bbdefault\u00bb global_colors_info=\u00bb{}\u00bb][et_pb_text _builder_version=\u00bb4.9.10&#8243; _module_preset=\u00bbdefault\u00bb custom_padding=\u00bb1px|||||\u00bb global_colors_info=\u00bb{}\u00bb]<\/p>\n<h2 class=\"p1\"><b>Qu\u00e9, cu\u00e1ndo y c\u00f3mo ?<\/b><\/h2>\n<p>[\/et_pb_text][et_pb_divider module_class=\u00bbseparateur\u00bb _builder_version=\u00bb4.9.10&#8243; _module_preset=\u00bbdefault\u00bb global_colors_info=\u00bb{}\u00bb][\/et_pb_divider][et_pb_text _builder_version=\u00bb4.14.6&#8243; _module_preset=\u00bbdefault\u00bb background_color=\u00bb#FFFFFF\u00bb custom_margin=\u00bb||||false|false\u00bb custom_padding=\u00bb10px|10px|10px|10px|false|false\u00bb hover_enabled=\u00bb0&#8243; global_colors_info=\u00bb{}\u00bb sticky_enabled=\u00bb0&#8243;]<\/p>\n<h5><strong>\u00bfCU\u00c1NDO USAR UNA PRENDA DE COMPRESI\u00d3N?<\/strong><\/h5>\n<p>La mayor\u00eda de los cirujanos aconsejan a los pacientes que lleven prendas de <strong>compresi\u00f3n m\u00e9dica durante varias semanas despu\u00e9s de la operaci\u00f3n.<\/strong> Algunos pacientes pueden necesitar llevar la prenda d\u00eda y noche, mientras que otros pueden necesitar llevarla durante algunas horas del d\u00eda.<\/p>\n<p>&nbsp;<\/p>\n<h5><strong>\u00bfCU\u00c1NTO TIEMPO SE DEBE LLEVAR LA PRENDA DE COMPRESI\u00d3N?<\/strong><\/h5>\n<p>El cirujano determinar\u00e1 el tiempo exacto que debe llevarse la <strong>prenda de compresi\u00f3n<\/strong> tras la intervenci\u00f3n.<\/p>\n<p>Se recomienda llevar una prenda de compresi\u00f3n <strong>durante 4-6 semanas<\/strong> despu\u00e9s de la <strong>liposucci\u00f3n<\/strong> para minimizar la hinchaz\u00f3n postoperatoria y evitar las ondulaciones.<\/p>\n<p><strong>Ejemplos<\/strong><\/p>\n<ul>\n<li>Despu\u00e9s de la <strong>abdominoplastia<\/strong>, que es una operaci\u00f3n extensa, los cirujanos suelen recomendar el uso de un <strong>cintur\u00f3n abdominal hasta 6 semanas<\/strong> despu\u00e9s de la operaci\u00f3n para controlar la hinchaz\u00f3n y ayudar a que el tejido cicatricial se distribuya correctamente.<\/li>\n<li>Despu\u00e9s de un<strong> aumento de pecho,<\/strong> se suele recomendar un<strong> sujetador postoperatorio durante 2-3 semanas.<\/strong> De este modo, el tejido mamario se sostendr\u00e1 y los implantes se mantendr\u00e1n en la posici\u00f3n correcta durante la fase de adaptaci\u00f3n y cicatrizaci\u00f3n de los tejidos.<\/li>\n<\/ul>\n<p>[\/et_pb_text][\/et_pb_column][\/et_pb_row][et_pb_row _builder_version=\u00bb4.14.6&#8243; _module_preset=\u00bbdefault\u00bb hover_enabled=\u00bb0&#8243; global_colors_info=\u00bb{}\u00bb background_color=\u00bb#FFFFFF\u00bb sticky_enabled=\u00bb0&#8243;][et_pb_column type=\u00bb4_4&#8243; _builder_version=\u00bb4.9.4&#8243; _module_preset=\u00bbdefault\u00bb global_colors_info=\u00bb{}\u00bb][et_pb_button button_url=\u00bbhttps:\/\/www.medicalz.com\/es\/cirugia-plastica\/\u00bb url_new_window=\u00bbon\u00bb button_text=\u00bbDESCUBRA LAS PRENDAS M\u00c9DICAS DE COMPRESI\u00d3N Z\u00bb button_alignment=\u00bbcenter\u00bb _builder_version=\u00bb4.9.10&#8243; _module_preset=\u00bbdefault\u00bb global_colors_info=\u00bb{}\u00bb][\/et_pb_button][\/et_pb_column][\/et_pb_row][\/et_pb_section]<\/p>\n","protected":false},"excerpt":{"rendered":"<p>Qu\u00e9, cu\u00e1ndo y c\u00f3mo ?\u00bfCU\u00c1NDO USAR UNA PRENDA DE COMPRESI\u00d3N? La mayor\u00eda de los cirujanos aconsejan a los pacientes que lleven prendas de compresi\u00f3n m\u00e9dica durante varias semanas despu\u00e9s de la operaci\u00f3n. Algunos pacientes pueden necesitar llevar la prenda d\u00eda y noche, mientras que otros pueden necesitar llevarla durante algunas horas del d\u00eda. &nbsp; \u00bfCU\u00c1NTO [&hellip;]<\/p>\n","protected":false},"author":4,"featured_media":0,"parent":0,"menu_order":0,"comment_status":"closed","ping_status":"closed","template":"","meta":{"_et_pb_use_builder":"on","_et_pb_old_content":"","_et_gb_content_width":"","footnotes":""},"class_list":["post-9567","page","type-page","status-publish","hentry"],"yoast_head":"<!-- This site is optimized with the Yoast SEO plugin v25.1 - https:\/\/yoast.com\/wordpress\/plugins\/seo\/ -->\n<title>Qu\u00e9, cu\u00e1ndo y c\u00f3mo &#8226; Medical Z<\/title>\n<meta name=\"robots\" content=\"index, follow, max-snippet:-1, max-image-preview:large, max-video-preview:-1\" \/>\n<link rel=\"canonical\" href=\"https:\/\/www.medicalz.com\/es\/que-cuando-y-como\/\" \/>\n<meta property=\"og:locale\" content=\"es_ES\" \/>\n<meta property=\"og:type\" content=\"article\" \/>\n<meta property=\"og:title\" content=\"Qu\u00e9, cu\u00e1ndo y c\u00f3mo &#8226; Medical Z\" \/>\n<meta property=\"og:description\" content=\"Qu\u00e9, cu\u00e1ndo y c\u00f3mo ?\u00bfCU\u00c1NDO USAR UNA PRENDA DE COMPRESI\u00d3N? La mayor\u00eda de los cirujanos aconsejan a los pacientes que lleven prendas de compresi\u00f3n m\u00e9dica durante varias semanas despu\u00e9s de la operaci\u00f3n. Algunos pacientes pueden necesitar llevar la prenda d\u00eda y noche, mientras que otros pueden necesitar llevarla durante algunas horas del d\u00eda. &nbsp; \u00bfCU\u00c1NTO [&hellip;]\" \/>\n<meta property=\"og:url\" content=\"https:\/\/www.medicalz.com\/es\/que-cuando-y-como\/\" \/>\n<meta property=\"og:site_name\" content=\"Medical Z\" \/>\n<meta property=\"article:publisher\" content=\"https:\/\/www.facebook.com\/MedicalZFrance\/\" \/>\n<meta property=\"article:modified_time\" content=\"2022-01-18T09:50:10+00:00\" \/>\n<script type=\"application\/ld+json\" class=\"yoast-schema-graph\">{\"@context\":\"https:\/\/schema.org\",\"@graph\":[{\"@type\":\"WebPage\",\"@id\":\"https:\/\/www.medicalz.com\/es\/que-cuando-y-como\/\",\"url\":\"https:\/\/www.medicalz.com\/es\/que-cuando-y-como\/\",\"name\":\"Qu\u00e9, cu\u00e1ndo y c\u00f3mo &#8226; Medical Z\",\"isPartOf\":{\"@id\":\"https:\/\/www.medicalz.com\/es\/#website\"},\"datePublished\":\"2021-10-13T14:04:15+00:00\",\"dateModified\":\"2022-01-18T09:50:10+00:00\",\"breadcrumb\":{\"@id\":\"https:\/\/www.medicalz.com\/es\/que-cuando-y-como\/#breadcrumb\"},\"inLanguage\":\"es\",\"potentialAction\":[{\"@type\":\"ReadAction\",\"target\":[\"https:\/\/www.medicalz.com\/es\/que-cuando-y-como\/\"]}]},{\"@type\":\"BreadcrumbList\",\"@id\":\"https:\/\/www.medicalz.com\/es\/que-cuando-y-como\/#breadcrumb\",\"itemListElement\":[{\"@type\":\"ListItem\",\"position\":1,\"name\":\"Principal\",\"item\":\"https:\/\/www.medicalz.com\/es\/accueil\/\"},{\"@type\":\"ListItem\",\"position\":2,\"name\":\"Qu\u00e9, cu\u00e1ndo y c\u00f3mo\"}]},{\"@type\":\"WebSite\",\"@id\":\"https:\/\/www.medicalz.com\/es\/#website\",\"url\":\"https:\/\/www.medicalz.com\/es\/\",\"name\":\"Medical Z\",\"description\":\"Cr\u00e9ateur FRAN\u00c7AIS de v\u00eatements compressifs depuis 1981\",\"publisher\":{\"@id\":\"https:\/\/www.medicalz.com\/es\/#organization\"},\"potentialAction\":[{\"@type\":\"SearchAction\",\"target\":{\"@type\":\"EntryPoint\",\"urlTemplate\":\"https:\/\/www.medicalz.com\/es\/?s={search_term_string}\"},\"query-input\":{\"@type\":\"PropertyValueSpecification\",\"valueRequired\":true,\"valueName\":\"search_term_string\"}}],\"inLanguage\":\"es\"},{\"@type\":\"Organization\",\"@id\":\"https:\/\/www.medicalz.com\/es\/#organization\",\"name\":\"MedicalZ\",\"url\":\"https:\/\/www.medicalz.com\/es\/\",\"logo\":{\"@type\":\"ImageObject\",\"inLanguage\":\"es\",\"@id\":\"https:\/\/www.medicalz.com\/es\/#\/schema\/logo\/image\/\",\"url\":\"https:\/\/www.medicalz.com\/wp-content\/uploads\/2021\/06\/logo-1.png\",\"contentUrl\":\"https:\/\/www.medicalz.com\/wp-content\/uploads\/2021\/06\/logo-1.png\",\"width\":400,\"height\":227,\"caption\":\"MedicalZ\"},\"image\":{\"@id\":\"https:\/\/www.medicalz.com\/es\/#\/schema\/logo\/image\/\"},\"sameAs\":[\"https:\/\/www.facebook.com\/MedicalZFrance\/\",\"https:\/\/www.instagram.com\/medicalz_fr\/?hl=fr\",\"https:\/\/www.youtube.com\/channel\/UC7rGbkWBc15cA4pbHS99Vbg\"]}]}<\/script>\n<!-- \/ Yoast SEO plugin. -->","yoast_head_json":{"title":"Qu\u00e9, cu\u00e1ndo y c\u00f3mo &#8226; Medical Z","robots":{"index":"index","follow":"follow","max-snippet":"max-snippet:-1","max-image-preview":"max-image-preview:large","max-video-preview":"max-video-preview:-1"},"canonical":"https:\/\/www.medicalz.com\/es\/que-cuando-y-como\/","og_locale":"es_ES","og_type":"article","og_title":"Qu\u00e9, cu\u00e1ndo y c\u00f3mo &#8226; Medical Z","og_description":"Qu\u00e9, cu\u00e1ndo y c\u00f3mo ?\u00bfCU\u00c1NDO USAR UNA PRENDA DE COMPRESI\u00d3N? La mayor\u00eda de los cirujanos aconsejan a los pacientes que lleven prendas de compresi\u00f3n m\u00e9dica durante varias semanas despu\u00e9s de la operaci\u00f3n. Algunos pacientes pueden necesitar llevar la prenda d\u00eda y noche, mientras que otros pueden necesitar llevarla durante algunas horas del d\u00eda. &nbsp; \u00bfCU\u00c1NTO [&hellip;]","og_url":"https:\/\/www.medicalz.com\/es\/que-cuando-y-como\/","og_site_name":"Medical Z","article_publisher":"https:\/\/www.facebook.com\/MedicalZFrance\/","article_modified_time":"2022-01-18T09:50:10+00:00","schema":{"@context":"https:\/\/schema.org","@graph":[{"@type":"WebPage","@id":"https:\/\/www.medicalz.com\/es\/que-cuando-y-como\/","url":"https:\/\/www.medicalz.com\/es\/que-cuando-y-como\/","name":"Qu\u00e9, cu\u00e1ndo y c\u00f3mo &#8226; Medical Z","isPartOf":{"@id":"https:\/\/www.medicalz.com\/es\/#website"},"datePublished":"2021-10-13T14:04:15+00:00","dateModified":"2022-01-18T09:50:10+00:00","breadcrumb":{"@id":"https:\/\/www.medicalz.com\/es\/que-cuando-y-como\/#breadcrumb"},"inLanguage":"es","potentialAction":[{"@type":"ReadAction","target":["https:\/\/www.medicalz.com\/es\/que-cuando-y-como\/"]}]},{"@type":"BreadcrumbList","@id":"https:\/\/www.medicalz.com\/es\/que-cuando-y-como\/#breadcrumb","itemListElement":[{"@type":"ListItem","position":1,"name":"Principal","item":"https:\/\/www.medicalz.com\/es\/accueil\/"},{"@type":"ListItem","position":2,"name":"Qu\u00e9, cu\u00e1ndo y c\u00f3mo"}]},{"@type":"WebSite","@id":"https:\/\/www.medicalz.com\/es\/#website","url":"https:\/\/www.medicalz.com\/es\/","name":"Medical Z","description":"Cr\u00e9ateur FRAN\u00c7AIS de v\u00eatements compressifs depuis 1981","publisher":{"@id":"https:\/\/www.medicalz.com\/es\/#organization"},"potentialAction":[{"@type":"SearchAction","target":{"@type":"EntryPoint","urlTemplate":"https:\/\/www.medicalz.com\/es\/?s={search_term_string}"},"query-input":{"@type":"PropertyValueSpecification","valueRequired":true,"valueName":"search_term_string"}}],"inLanguage":"es"},{"@type":"Organization","@id":"https:\/\/www.medicalz.com\/es\/#organization","name":"MedicalZ","url":"https:\/\/www.medicalz.com\/es\/","logo":{"@type":"ImageObject","inLanguage":"es","@id":"https:\/\/www.medicalz.com\/es\/#\/schema\/logo\/image\/","url":"https:\/\/www.medicalz.com\/wp-content\/uploads\/2021\/06\/logo-1.png","contentUrl":"https:\/\/www.medicalz.com\/wp-content\/uploads\/2021\/06\/logo-1.png","width":400,"height":227,"caption":"MedicalZ"},"image":{"@id":"https:\/\/www.medicalz.com\/es\/#\/schema\/logo\/image\/"},"sameAs":["https:\/\/www.facebook.com\/MedicalZFrance\/","https:\/\/www.instagram.com\/medicalz_fr\/?hl=fr","https:\/\/www.youtube.com\/channel\/UC7rGbkWBc15cA4pbHS99Vbg"]}]}},"_links":{"self":[{"href":"https:\/\/www.medicalz.com\/es\/wp-json\/wp\/v2\/pages\/9567","targetHints":{"allow":["GET"]}}],"collection":[{"href":"https:\/\/www.medicalz.com\/es\/wp-json\/wp\/v2\/pages"}],"about":[{"href":"https:\/\/www.medicalz.com\/es\/wp-json\/wp\/v2\/types\/page"}],"author":[{"embeddable":true,"href":"https:\/\/www.medicalz.com\/es\/wp-json\/wp\/v2\/users\/4"}],"replies":[{"embeddable":true,"href":"https:\/\/www.medicalz.com\/es\/wp-json\/wp\/v2\/comments?post=9567"}],"version-history":[{"count":3,"href":"https:\/\/www.medicalz.com\/es\/wp-json\/wp\/v2\/pages\/9567\/revisions"}],"predecessor-version":[{"id":14680,"href":"https:\/\/www.medicalz.com\/es\/wp-json\/wp\/v2\/pages\/9567\/revisions\/14680"}],"wp:attachment":[{"href":"https:\/\/www.medicalz.com\/es\/wp-json\/wp\/v2\/media?parent=9567"}],"curies":[{"name":"wp","href":"https:\/\/api.w.org\/{rel}","templated":true}]}}