{"id":9573,"date":"2021-10-13T16:12:13","date_gmt":"2021-10-13T14:12:13","guid":{"rendered":"https:\/\/www.medicalz.com\/compresion\/"},"modified":"2022-01-18T10:47:49","modified_gmt":"2022-01-18T09:47:49","slug":"compresion","status":"publish","type":"page","link":"https:\/\/www.medicalz.com\/es\/compresion\/","title":{"rendered":"COMPRESI\u00d3N"},"content":{"rendered":"<p>[et_pb_section fb_built=\u00bb1&#8243; _builder_version=\u00bb4.10.7&#8243; _module_preset=\u00bbdefault\u00bb background_color=\u00bbrgba(255,255,255,0.61)\u00bb background_image=\u00bbhttps:\/\/www.medicalz.com\/wp-content\/uploads\/2021\/08\/Duo_EC003_EC034.png\u00bb background_blend=\u00bbsoft-light\u00bb global_colors_info=\u00bb{}\u00bb][et_pb_row _builder_version=\u00bb4.14.6&#8243; _module_preset=\u00bbdefault\u00bb custom_padding=\u00bb13px|||||\u00bb hover_enabled=\u00bb0&#8243; global_colors_info=\u00bb{}\u00bb background_color=\u00bb#FFFFFF\u00bb sticky_enabled=\u00bb0&#8243;][et_pb_column type=\u00bb4_4&#8243; _builder_version=\u00bb4.9.4&#8243; _module_preset=\u00bbdefault\u00bb global_colors_info=\u00bb{}\u00bb][et_pb_text _builder_version=\u00bb4.9.10&#8243; _module_preset=\u00bbdefault\u00bb global_colors_info=\u00bb{}\u00bb]<\/p>\n<h2>TODO SOBRE LA COMPRESI\u00d3N<\/h2>\n<p>[\/et_pb_text][et_pb_divider module_class=\u00bbseparateur\u00bb _builder_version=\u00bb4.9.10&#8243; _module_preset=\u00bbdefault\u00bb global_colors_info=\u00bb{}\u00bb][\/et_pb_divider][et_pb_text _builder_version=\u00bb4.14.6&#8243; _module_preset=\u00bbdefault\u00bb background_color=\u00bb#FFFFFF\u00bb custom_margin=\u00bb||||false|false\u00bb custom_padding=\u00bb10px|10px|10px|10px|false|false\u00bb hover_enabled=\u00bb0&#8243; global_colors_info=\u00bb{}\u00bb sticky_enabled=\u00bb0&#8243;]<\/p>\n<p>&nbsp;<\/p>\n<p>&nbsp;<\/p>\n<h5><strong>\u00bfPOR QU\u00c9 ES ESENCIAL DESPU\u00c9S DE LA CIRUG\u00cdA?<\/strong><\/h5>\n<p>Tras la mayor\u00eda de las <strong>intervenciones quir\u00fargicas<\/strong>, como el tratamiento<\/p>\n<p><img decoding=\"async\" loading=\"lazy\" width=\"197\" height=\"213\" src=\"https:\/\/www.medicalz.com\/wp-content\/uploads\/2022\/01\/compression-1.jpg\" alt=\"compression\" title=\"compression\" class=\"wp-image-13886\" style=\"float: right;\" \/><\/p>\n<p>\u00a0de quemaduras, la cirug\u00eda est\u00e9tica, pl\u00e1stica, reconstructiva u ortop\u00e9dica, se recomienda llevar una prenda espec\u00edfica que aplique un <strong>nivel ideal de compresi\u00f3n a la zona tratada<\/strong>. Esto<strong> garantizar\u00e1 unos resultados<\/strong><\/p>\n<p><strong>\u00a0\u00f3ptimos<\/strong> y una <strong>mejor experiencia postoperatoria<\/strong>.<\/p>\n<p>La compresi\u00f3n<strong> garantizar\u00e1 una buena circulaci\u00f3n<\/strong> <strong>sangu\u00ednea, reducir\u00e1 la inflamaci\u00f3n<\/strong> y <strong>evitar\u00e1 el edema y la retenci\u00f3n de l\u00edquidos<\/strong>, que a veces pueden tardar varias semanas en resolverse.<\/p>\n<p>Es esta <strong>acumulaci\u00f3n de l\u00edquido,<\/strong> adem\u00e1s de la <strong>tensi\u00f3n<\/strong> o el dolor, lo que resulta molesto y puede <strong>interferir en el proceso de curaci\u00f3n<\/strong>. El uso de una prenda de compresi\u00f3n postoperatoria ayudar\u00e1 a mantener el tejido, lo que tendr\u00e1 el efecto de facilitar la curaci\u00f3n al tiempo que permite una mejor movilidad y postura.<strong> A los pacientes de liposucci\u00f3n<\/strong> les puede resultar dif\u00edcil, por ejemplo, mantenerse erguidos o durante largos periodos de tiempo debido a la hinchaz\u00f3n alrededor del tejido. El uso de un <strong>cintur\u00f3n abdominal<\/strong> o una<strong> prenda de compresi\u00f3n<\/strong> puede proporcionar al paciente una <strong>mayor amplitud de movimiento.<\/strong> Cuando vuelva a su rutina diaria, le resultar\u00e1 m\u00e1s f\u00e1cil moverse con las prendas de compresi\u00f3n m\u00e9dica. Esto tambi\u00e9n permitir\u00e1 que las zonas tratadas conserven su nueva forma y <strong>garantizar\u00e1 la seguridad postoperatoria.<\/strong><\/p>\n<p>&nbsp;<\/p>\n<h5><strong>CONTRARRESTAR EL EFECTO OLA, LA HINCHAZ\u00d3N Y EL RIESGO DE ARRUGAS<\/strong><\/h5>\n<p>Llevar el tipo de prenda de compresi\u00f3n adecuado durante el periodo de tiempo especificado puede <strong>reducir la hinchaz\u00f3n postoperatoria<\/strong> y <strong>minimizar el riesgo de ondulaci\u00f3n o arrugas<\/strong> (cuando el paciente se sienta durante mucho tiempo) alrededor de la zona tratada. Estos efectos no suelen desaparecer por s\u00ed solos. <strong>Las prendas de compresi\u00f3n pueden prevenir el desarrollo de estos defectos y lograr resultados est\u00e9ticos m\u00e1s visibles<\/strong>.<\/p>\n<p>Como l\u00edder y <strong>pionero en este campo<\/strong>, M\u00e9dical Z ha realizado una serie de estudios cl\u00ednicos para proponer una <strong>compresi\u00f3n \u00f3ptima<\/strong> para todas sus prendas en funci\u00f3n del tipo de operaci\u00f3n.<\/p>\n<p>[\/et_pb_text][\/et_pb_column][\/et_pb_row][\/et_pb_section]<\/p>\n","protected":false},"excerpt":{"rendered":"<p>TODO SOBRE LA COMPRESI\u00d3N&nbsp; &nbsp; \u00bfPOR QU\u00c9 ES ESENCIAL DESPU\u00c9S DE LA CIRUG\u00cdA? Tras la mayor\u00eda de las intervenciones quir\u00fargicas, como el tratamiento \u00a0de quemaduras, la cirug\u00eda est\u00e9tica, pl\u00e1stica, reconstructiva u ortop\u00e9dica, se recomienda llevar una prenda espec\u00edfica que aplique un nivel ideal de compresi\u00f3n a la zona tratada. Esto garantizar\u00e1 unos resultados \u00a0\u00f3ptimos y [&hellip;]<\/p>\n","protected":false},"author":4,"featured_media":0,"parent":0,"menu_order":0,"comment_status":"closed","ping_status":"closed","template":"","meta":{"_et_pb_use_builder":"on","_et_pb_old_content":"","_et_gb_content_width":"","footnotes":""},"class_list":["post-9573","page","type-page","status-publish","hentry"],"yoast_head":"<!-- This site is optimized with the Yoast SEO plugin v25.1 - https:\/\/yoast.com\/wordpress\/plugins\/seo\/ -->\n<title>COMPRESI\u00d3N &#8226; Medical Z<\/title>\n<meta name=\"robots\" content=\"index, follow, max-snippet:-1, max-image-preview:large, max-video-preview:-1\" \/>\n<link rel=\"canonical\" href=\"https:\/\/www.medicalz.com\/es\/compresion\/\" \/>\n<meta property=\"og:locale\" content=\"es_ES\" \/>\n<meta property=\"og:type\" content=\"article\" \/>\n<meta property=\"og:title\" content=\"COMPRESI\u00d3N &#8226; Medical Z\" \/>\n<meta property=\"og:description\" content=\"TODO SOBRE LA COMPRESI\u00d3N&nbsp; &nbsp; \u00bfPOR QU\u00c9 ES ESENCIAL DESPU\u00c9S DE LA CIRUG\u00cdA? Tras la mayor\u00eda de las intervenciones quir\u00fargicas, como el tratamiento \u00a0de quemaduras, la cirug\u00eda est\u00e9tica, pl\u00e1stica, reconstructiva u ortop\u00e9dica, se recomienda llevar una prenda espec\u00edfica que aplique un nivel ideal de compresi\u00f3n a la zona tratada. Esto garantizar\u00e1 unos resultados \u00a0\u00f3ptimos y [&hellip;]\" \/>\n<meta property=\"og:url\" content=\"https:\/\/www.medicalz.com\/es\/compresion\/\" \/>\n<meta property=\"og:site_name\" content=\"Medical Z\" \/>\n<meta property=\"article:publisher\" content=\"https:\/\/www.facebook.com\/MedicalZFrance\/\" \/>\n<meta property=\"article:modified_time\" content=\"2022-01-18T09:47:49+00:00\" \/>\n<meta property=\"og:image\" content=\"https:\/\/www.medicalz.com\/wp-content\/uploads\/2022\/01\/compression-1.jpg\" \/>\n<script type=\"application\/ld+json\" class=\"yoast-schema-graph\">{\"@context\":\"https:\/\/schema.org\",\"@graph\":[{\"@type\":\"WebPage\",\"@id\":\"https:\/\/www.medicalz.com\/es\/compresion\/\",\"url\":\"https:\/\/www.medicalz.com\/es\/compresion\/\",\"name\":\"COMPRESI\u00d3N &#8226; Medical Z\",\"isPartOf\":{\"@id\":\"https:\/\/www.medicalz.com\/es\/#website\"},\"primaryImageOfPage\":{\"@id\":\"https:\/\/www.medicalz.com\/es\/compresion\/#primaryimage\"},\"image\":{\"@id\":\"https:\/\/www.medicalz.com\/es\/compresion\/#primaryimage\"},\"thumbnailUrl\":\"https:\/\/www.medicalz.com\/wp-content\/uploads\/2022\/01\/compression-1.jpg\",\"datePublished\":\"2021-10-13T14:12:13+00:00\",\"dateModified\":\"2022-01-18T09:47:49+00:00\",\"breadcrumb\":{\"@id\":\"https:\/\/www.medicalz.com\/es\/compresion\/#breadcrumb\"},\"inLanguage\":\"es\",\"potentialAction\":[{\"@type\":\"ReadAction\",\"target\":[\"https:\/\/www.medicalz.com\/es\/compresion\/\"]}]},{\"@type\":\"ImageObject\",\"inLanguage\":\"es\",\"@id\":\"https:\/\/www.medicalz.com\/es\/compresion\/#primaryimage\",\"url\":\"https:\/\/www.medicalz.com\/wp-content\/uploads\/2022\/01\/compression-1.jpg\",\"contentUrl\":\"https:\/\/www.medicalz.com\/wp-content\/uploads\/2022\/01\/compression-1.jpg\"},{\"@type\":\"BreadcrumbList\",\"@id\":\"https:\/\/www.medicalz.com\/es\/compresion\/#breadcrumb\",\"itemListElement\":[{\"@type\":\"ListItem\",\"position\":1,\"name\":\"Principal\",\"item\":\"https:\/\/www.medicalz.com\/es\/accueil\/\"},{\"@type\":\"ListItem\",\"position\":2,\"name\":\"COMPRESI\u00d3N\"}]},{\"@type\":\"WebSite\",\"@id\":\"https:\/\/www.medicalz.com\/es\/#website\",\"url\":\"https:\/\/www.medicalz.com\/es\/\",\"name\":\"Medical Z\",\"description\":\"Cr\u00e9ateur FRAN\u00c7AIS de v\u00eatements compressifs depuis 1981\",\"publisher\":{\"@id\":\"https:\/\/www.medicalz.com\/es\/#organization\"},\"potentialAction\":[{\"@type\":\"SearchAction\",\"target\":{\"@type\":\"EntryPoint\",\"urlTemplate\":\"https:\/\/www.medicalz.com\/es\/?s={search_term_string}\"},\"query-input\":{\"@type\":\"PropertyValueSpecification\",\"valueRequired\":true,\"valueName\":\"search_term_string\"}}],\"inLanguage\":\"es\"},{\"@type\":\"Organization\",\"@id\":\"https:\/\/www.medicalz.com\/es\/#organization\",\"name\":\"MedicalZ\",\"url\":\"https:\/\/www.medicalz.com\/es\/\",\"logo\":{\"@type\":\"ImageObject\",\"inLanguage\":\"es\",\"@id\":\"https:\/\/www.medicalz.com\/es\/#\/schema\/logo\/image\/\",\"url\":\"https:\/\/www.medicalz.com\/wp-content\/uploads\/2021\/06\/logo-1.png\",\"contentUrl\":\"https:\/\/www.medicalz.com\/wp-content\/uploads\/2021\/06\/logo-1.png\",\"width\":400,\"height\":227,\"caption\":\"MedicalZ\"},\"image\":{\"@id\":\"https:\/\/www.medicalz.com\/es\/#\/schema\/logo\/image\/\"},\"sameAs\":[\"https:\/\/www.facebook.com\/MedicalZFrance\/\",\"https:\/\/www.instagram.com\/medicalz_fr\/?hl=fr\",\"https:\/\/www.youtube.com\/channel\/UC7rGbkWBc15cA4pbHS99Vbg\"]}]}<\/script>\n<!-- \/ Yoast SEO plugin. -->","yoast_head_json":{"title":"COMPRESI\u00d3N &#8226; Medical Z","robots":{"index":"index","follow":"follow","max-snippet":"max-snippet:-1","max-image-preview":"max-image-preview:large","max-video-preview":"max-video-preview:-1"},"canonical":"https:\/\/www.medicalz.com\/es\/compresion\/","og_locale":"es_ES","og_type":"article","og_title":"COMPRESI\u00d3N &#8226; Medical Z","og_description":"TODO SOBRE LA COMPRESI\u00d3N&nbsp; &nbsp; \u00bfPOR QU\u00c9 ES ESENCIAL DESPU\u00c9S DE LA CIRUG\u00cdA? Tras la mayor\u00eda de las intervenciones quir\u00fargicas, como el tratamiento \u00a0de quemaduras, la cirug\u00eda est\u00e9tica, pl\u00e1stica, reconstructiva u ortop\u00e9dica, se recomienda llevar una prenda espec\u00edfica que aplique un nivel ideal de compresi\u00f3n a la zona tratada. Esto garantizar\u00e1 unos resultados \u00a0\u00f3ptimos y [&hellip;]","og_url":"https:\/\/www.medicalz.com\/es\/compresion\/","og_site_name":"Medical Z","article_publisher":"https:\/\/www.facebook.com\/MedicalZFrance\/","article_modified_time":"2022-01-18T09:47:49+00:00","og_image":[{"url":"https:\/\/www.medicalz.com\/wp-content\/uploads\/2022\/01\/compression-1.jpg","type":"","width":"","height":""}],"schema":{"@context":"https:\/\/schema.org","@graph":[{"@type":"WebPage","@id":"https:\/\/www.medicalz.com\/es\/compresion\/","url":"https:\/\/www.medicalz.com\/es\/compresion\/","name":"COMPRESI\u00d3N &#8226; Medical Z","isPartOf":{"@id":"https:\/\/www.medicalz.com\/es\/#website"},"primaryImageOfPage":{"@id":"https:\/\/www.medicalz.com\/es\/compresion\/#primaryimage"},"image":{"@id":"https:\/\/www.medicalz.com\/es\/compresion\/#primaryimage"},"thumbnailUrl":"https:\/\/www.medicalz.com\/wp-content\/uploads\/2022\/01\/compression-1.jpg","datePublished":"2021-10-13T14:12:13+00:00","dateModified":"2022-01-18T09:47:49+00:00","breadcrumb":{"@id":"https:\/\/www.medicalz.com\/es\/compresion\/#breadcrumb"},"inLanguage":"es","potentialAction":[{"@type":"ReadAction","target":["https:\/\/www.medicalz.com\/es\/compresion\/"]}]},{"@type":"ImageObject","inLanguage":"es","@id":"https:\/\/www.medicalz.com\/es\/compresion\/#primaryimage","url":"https:\/\/www.medicalz.com\/wp-content\/uploads\/2022\/01\/compression-1.jpg","contentUrl":"https:\/\/www.medicalz.com\/wp-content\/uploads\/2022\/01\/compression-1.jpg"},{"@type":"BreadcrumbList","@id":"https:\/\/www.medicalz.com\/es\/compresion\/#breadcrumb","itemListElement":[{"@type":"ListItem","position":1,"name":"Principal","item":"https:\/\/www.medicalz.com\/es\/accueil\/"},{"@type":"ListItem","position":2,"name":"COMPRESI\u00d3N"}]},{"@type":"WebSite","@id":"https:\/\/www.medicalz.com\/es\/#website","url":"https:\/\/www.medicalz.com\/es\/","name":"Medical Z","description":"Cr\u00e9ateur FRAN\u00c7AIS de v\u00eatements compressifs depuis 1981","publisher":{"@id":"https:\/\/www.medicalz.com\/es\/#organization"},"potentialAction":[{"@type":"SearchAction","target":{"@type":"EntryPoint","urlTemplate":"https:\/\/www.medicalz.com\/es\/?s={search_term_string}"},"query-input":{"@type":"PropertyValueSpecification","valueRequired":true,"valueName":"search_term_string"}}],"inLanguage":"es"},{"@type":"Organization","@id":"https:\/\/www.medicalz.com\/es\/#organization","name":"MedicalZ","url":"https:\/\/www.medicalz.com\/es\/","logo":{"@type":"ImageObject","inLanguage":"es","@id":"https:\/\/www.medicalz.com\/es\/#\/schema\/logo\/image\/","url":"https:\/\/www.medicalz.com\/wp-content\/uploads\/2021\/06\/logo-1.png","contentUrl":"https:\/\/www.medicalz.com\/wp-content\/uploads\/2021\/06\/logo-1.png","width":400,"height":227,"caption":"MedicalZ"},"image":{"@id":"https:\/\/www.medicalz.com\/es\/#\/schema\/logo\/image\/"},"sameAs":["https:\/\/www.facebook.com\/MedicalZFrance\/","https:\/\/www.instagram.com\/medicalz_fr\/?hl=fr","https:\/\/www.youtube.com\/channel\/UC7rGbkWBc15cA4pbHS99Vbg"]}]}},"_links":{"self":[{"href":"https:\/\/www.medicalz.com\/es\/wp-json\/wp\/v2\/pages\/9573","targetHints":{"allow":["GET"]}}],"collection":[{"href":"https:\/\/www.medicalz.com\/es\/wp-json\/wp\/v2\/pages"}],"about":[{"href":"https:\/\/www.medicalz.com\/es\/wp-json\/wp\/v2\/types\/page"}],"author":[{"embeddable":true,"href":"https:\/\/www.medicalz.com\/es\/wp-json\/wp\/v2\/users\/4"}],"replies":[{"embeddable":true,"href":"https:\/\/www.medicalz.com\/es\/wp-json\/wp\/v2\/comments?post=9573"}],"version-history":[{"count":3,"href":"https:\/\/www.medicalz.com\/es\/wp-json\/wp\/v2\/pages\/9573\/revisions"}],"predecessor-version":[{"id":14679,"href":"https:\/\/www.medicalz.com\/es\/wp-json\/wp\/v2\/pages\/9573\/revisions\/14679"}],"wp:attachment":[{"href":"https:\/\/www.medicalz.com\/es\/wp-json\/wp\/v2\/media?parent=9573"}],"curies":[{"name":"wp","href":"https:\/\/api.w.org\/{rel}","templated":true}]}}