{"id":9584,"date":"2021-10-14T11:27:49","date_gmt":"2021-10-14T09:27:49","guid":{"rendered":"https:\/\/www.medicalz.com\/cicatrices\/"},"modified":"2021-10-14T11:27:49","modified_gmt":"2021-10-14T09:27:49","slug":"cicatrices","status":"publish","type":"page","link":"https:\/\/www.medicalz.com\/es\/cicatrices\/","title":{"rendered":"Cicatrices"},"content":{"rendered":"<p>[et_pb_section fb_built=\u00bb1&#8243; _builder_version=\u00bb4.10.7&#8243; _module_preset=\u00bbdefault\u00bb background_color=\u00bbrgba(255,255,255,0.56)\u00bb background_image=\u00bbhttps:\/\/www.medicalz.com\/wp-content\/uploads\/2021\/08\/medipatch_bras.png\u00bb background_blend=\u00bbsoft-light\u00bb global_colors_info=\u00bb{}\u00bb][et_pb_row _builder_version=\u00bb4.10.7&#8243; _module_preset=\u00bbdefault\u00bb background_color=\u00bb#FFFFFF\u00bb custom_padding=\u00bb13px|10px|10px|10px|false|false\u00bb global_colors_info=\u00bb{}\u00bb][et_pb_column type=\u00bb4_4&#8243; _builder_version=\u00bb4.9.4&#8243; _module_preset=\u00bbdefault\u00bb global_colors_info=\u00bb{}\u00bb][et_pb_text _builder_version=\u00bb4.9.10&#8243; _module_preset=\u00bbdefault\u00bb global_colors_info=\u00bb{}\u00bb]<\/p>\n<h2>\u00bfQU\u00c9 SON LAS CICATRICES?<\/h2>\n<p>[\/et_pb_text][et_pb_divider module_class=\u00bbseparateur\u00bb _builder_version=\u00bb4.9.10&#8243; _module_preset=\u00bbdefault\u00bb global_colors_info=\u00bb{}\u00bb][\/et_pb_divider][et_pb_text admin_label=\u00bbTexte\u00bb _builder_version=\u00bb4.10.8&#8243; _module_preset=\u00bbdefault\u00bb custom_margin=\u00bb||||false|false\u00bb hover_enabled=\u00bb0&#8243; global_colors_info=\u00bb{}\u00bb sticky_enabled=\u00bb0&#8243;]<\/p>\n<p>La<strong> cicatrizaci\u00f3n<\/strong> de heridas es un <strong>proceso que permite que una herida se cure mediante la regeneraci\u00f3n celular.<\/strong> Esta formaci\u00f3n de tejido <strong>cicatricial<\/strong> es <strong>normal<\/strong> despu\u00e9s de la cirug\u00eda.<\/p>\n<p><strong>La duraci\u00f3n de este proceso var\u00eda<\/strong> en funci\u00f3n de muchos factores, sobre todo de la persona o de la zona afectada (el tabaquismo puede ser un factor importante para ralentizar el proceso de curaci\u00f3n, por ejemplo). La mayor\u00eda de las veces, el resultado final tarda<strong> entre 9 y 12 meses<\/strong>, pero puede tardar m\u00e1s. Por lo tanto, es especialmente importante utilizar los productos adecuados durante esta fase para garantizar una <strong>curaci\u00f3n saludable<\/strong>.<\/p>\n<p>La curaci\u00f3n se produce en <strong>3 etapas<\/strong>. La <strong>coagulaci\u00f3n de la sangre<\/strong> detiene la hemorragia de la herida. Entonces puede comenzar la producci\u00f3n de col\u00e1geno, lo que permitir\u00e1 la <strong>producci\u00f3n de nuevo tejido epid\u00e9rmico.<\/strong><\/p>\n<p>Sin complicaciones, se obtiene una <strong>cicatriz invisible y plana,<\/strong> llamada<strong> \u00abcicatriz madura\u00bb.<\/strong> Para ello, es importante respetar ciertas condiciones, como evitar la exposici\u00f3n al sol o el tabaco.<\/p>\n<p>Sin embargo, la cicatrizaci\u00f3n es un<strong> fen\u00f3meno imprevisible<\/strong> que puede dar lugar a resultados finales no deseados, como <strong>cicatrices hipertr\u00f3ficas o queloides.<\/strong><\/p>\n<p>Por lo tanto, es crucial seguir un <strong>plan de gesti\u00f3n de las cicatrices despu\u00e9s de la cirug\u00eda para lograr el mejor resultado posible<\/strong>. Es importante mantener la herida limpia y sana durante la fase inicial de curaci\u00f3n. Una vez que la herida est\u00e1 cerrada y seca, el uso de un gel de tratamiento como <strong>M\u00e9digel Z\u00ae y M\u00e9dipatch Gel Z\u00ae p<\/strong>uede reducir el riesgo de cicatrices hipertr\u00f3ficas.<\/p>\n<p>Las <strong>cicatrices queloides<\/strong> son el resultado de un crecimiento de la cicatriz alrededor de la herida debido a una <strong>sobreproducci\u00f3n de col\u00e1geno.<\/strong> Suelen ser rojas y antiest\u00e9ticas y pueden ser dolorosas, provocar picores e irritar. La formaci\u00f3n de estas cicatrices no afecta a la salud general del paciente. Una vez formadas, las cicatrices queloides pueden ser resistentes al tratamiento.<\/p>\n<p>&nbsp;<\/p>\n<p>[\/et_pb_text][et_pb_button button_url=\u00bbhttps:\/\/www.medicalz.com\/es\/gel-para-el-tratamiento-de-cicatrices\/\u00bb url_new_window=\u00bbon\u00bb button_text=\u00bbDESCUBRA LOS BENEFICIOS DE MEDIGEL Z\u00ae PARA CURAR SUS CICATRICES\u00bb button_alignment=\u00bbcenter\u00bb _builder_version=\u00bb4.9.10&#8243; _module_preset=\u00bbdefault\u00bb global_colors_info=\u00bb{}\u00bb][\/et_pb_button][et_pb_text _builder_version=\u00bb4.10.8&#8243; _module_preset=\u00bbdefault\u00bb min_height=\u00bb27px\u00bb custom_margin=\u00bb80px|||||\u00bb custom_padding=\u00bb1px|||||\u00bb hover_enabled=\u00bb0&#8243; global_colors_info=\u00bb{}\u00bb sticky_enabled=\u00bb0&#8243;]<\/p>\n<p>La<strong> tecnolog\u00eda de M\u00e9digel Z\u00ae<\/strong> combina <strong>copol\u00edmeros triblocks con aceite mineral de clase H1<\/strong> para permitir la <strong>elasticidad de la piel y evitar la irritaci\u00f3n de la zona de la cicatriz.<\/strong> Disponible en gel, l\u00e1minas transparentes o l\u00e1minas recubiertas de tejido sint\u00e9tico. Los productos son <strong>hipoalerg\u00e9nicos<\/strong> y<strong> estirables<\/strong> para <strong>adaptarse a los movimientos del paciente<\/strong> y pueden <strong>cortarse a la medida de la cicatriz.<\/strong><\/p>\n<p>&nbsp;<\/p>\n<p><img loading=\"lazy\" decoding=\"async\" class=\"wp-image-6467 alignright size-full\" src=\"https:\/\/www.medicalz.com\/wp-content\/uploads\/2021\/08\/patchwork_gel.png\" sizes=\"(min-width: 0px) and (max-width: 480px) 480px, (min-width: 481px) and (max-width: 980px) 980px, (min-width: 981px) 1000px, 100vw\" srcset=\"https:\/\/www.medicalz.com\/wp-content\/uploads\/2021\/08\/patchwork_gel.png 1000w, https:\/\/www.medicalz.com\/wp-content\/uploads\/2021\/08\/patchwork_gel-980x659.png 980w, https:\/\/www.medicalz.com\/wp-content\/uploads\/2021\/08\/patchwork_gel-480x323.png 480w\" alt=\"\" width=\"1000\" height=\"672\" \/><\/p>\n<p>[\/et_pb_text][\/et_pb_column][\/et_pb_row][\/et_pb_section]<\/p>\n","protected":false},"excerpt":{"rendered":"<p>\u00bfQU\u00c9 SON LAS CICATRICES?La cicatrizaci\u00f3n de heridas es un proceso que permite que una herida se cure mediante la regeneraci\u00f3n celular. Esta formaci\u00f3n de tejido cicatricial es normal despu\u00e9s de la cirug\u00eda. La duraci\u00f3n de este proceso var\u00eda en funci\u00f3n de muchos factores, sobre todo de la persona o de la zona afectada (el tabaquismo [&hellip;]<\/p>\n","protected":false},"author":4,"featured_media":0,"parent":0,"menu_order":0,"comment_status":"closed","ping_status":"closed","template":"","meta":{"_et_pb_use_builder":"on","_et_pb_old_content":"","_et_gb_content_width":"","footnotes":""},"class_list":["post-9584","page","type-page","status-publish","hentry"],"yoast_head":"<!-- This site is optimized with the Yoast SEO plugin v25.1 - https:\/\/yoast.com\/wordpress\/plugins\/seo\/ -->\n<title>Cicatrices<\/title>\n<meta name=\"robots\" content=\"index, follow, max-snippet:-1, max-image-preview:large, max-video-preview:-1\" \/>\n<link rel=\"canonical\" href=\"https:\/\/www.medicalz.com\/es\/cicatrices\/\" \/>\n<meta property=\"og:locale\" content=\"es_ES\" \/>\n<meta property=\"og:type\" content=\"article\" \/>\n<meta property=\"og:title\" content=\"Cicatrices\" \/>\n<meta property=\"og:description\" content=\"\u00bfQU\u00c9 SON LAS CICATRICES?La cicatrizaci\u00f3n de heridas es un proceso que permite que una herida se cure mediante la regeneraci\u00f3n celular. Esta formaci\u00f3n de tejido cicatricial es normal despu\u00e9s de la cirug\u00eda. La duraci\u00f3n de este proceso var\u00eda en funci\u00f3n de muchos factores, sobre todo de la persona o de la zona afectada (el tabaquismo [&hellip;]\" \/>\n<meta property=\"og:url\" content=\"https:\/\/www.medicalz.com\/es\/cicatrices\/\" \/>\n<meta property=\"og:site_name\" content=\"Medical Z\" \/>\n<meta property=\"article:publisher\" content=\"https:\/\/www.facebook.com\/MedicalZFrance\/\" \/>\n<meta property=\"og:image\" content=\"https:\/\/www.medicalz.com\/wp-content\/uploads\/2021\/08\/patchwork_gel.png\" \/>\n<script type=\"application\/ld+json\" class=\"yoast-schema-graph\">{\"@context\":\"https:\/\/schema.org\",\"@graph\":[{\"@type\":\"WebPage\",\"@id\":\"https:\/\/www.medicalz.com\/es\/cicatrices\/\",\"url\":\"https:\/\/www.medicalz.com\/es\/cicatrices\/\",\"name\":\"Cicatrices\",\"isPartOf\":{\"@id\":\"https:\/\/www.medicalz.com\/es\/#website\"},\"primaryImageOfPage\":{\"@id\":\"https:\/\/www.medicalz.com\/es\/cicatrices\/#primaryimage\"},\"image\":{\"@id\":\"https:\/\/www.medicalz.com\/es\/cicatrices\/#primaryimage\"},\"thumbnailUrl\":\"https:\/\/www.medicalz.com\/wp-content\/uploads\/2021\/08\/patchwork_gel.png\",\"datePublished\":\"2021-10-14T09:27:49+00:00\",\"breadcrumb\":{\"@id\":\"https:\/\/www.medicalz.com\/es\/cicatrices\/#breadcrumb\"},\"inLanguage\":\"es\",\"potentialAction\":[{\"@type\":\"ReadAction\",\"target\":[\"https:\/\/www.medicalz.com\/es\/cicatrices\/\"]}]},{\"@type\":\"ImageObject\",\"inLanguage\":\"es\",\"@id\":\"https:\/\/www.medicalz.com\/es\/cicatrices\/#primaryimage\",\"url\":\"https:\/\/www.medicalz.com\/wp-content\/uploads\/2021\/08\/patchwork_gel.png\",\"contentUrl\":\"https:\/\/www.medicalz.com\/wp-content\/uploads\/2021\/08\/patchwork_gel.png\"},{\"@type\":\"BreadcrumbList\",\"@id\":\"https:\/\/www.medicalz.com\/es\/cicatrices\/#breadcrumb\",\"itemListElement\":[{\"@type\":\"ListItem\",\"position\":1,\"name\":\"Principal\",\"item\":\"https:\/\/www.medicalz.com\/es\/accueil\/\"},{\"@type\":\"ListItem\",\"position\":2,\"name\":\"Cicatrices\"}]},{\"@type\":\"WebSite\",\"@id\":\"https:\/\/www.medicalz.com\/es\/#website\",\"url\":\"https:\/\/www.medicalz.com\/es\/\",\"name\":\"Medical Z\",\"description\":\"Cr\u00e9ateur FRAN\u00c7AIS de v\u00eatements compressifs depuis 1981\",\"publisher\":{\"@id\":\"https:\/\/www.medicalz.com\/es\/#organization\"},\"potentialAction\":[{\"@type\":\"SearchAction\",\"target\":{\"@type\":\"EntryPoint\",\"urlTemplate\":\"https:\/\/www.medicalz.com\/es\/?s={search_term_string}\"},\"query-input\":{\"@type\":\"PropertyValueSpecification\",\"valueRequired\":true,\"valueName\":\"search_term_string\"}}],\"inLanguage\":\"es\"},{\"@type\":\"Organization\",\"@id\":\"https:\/\/www.medicalz.com\/es\/#organization\",\"name\":\"MedicalZ\",\"url\":\"https:\/\/www.medicalz.com\/es\/\",\"logo\":{\"@type\":\"ImageObject\",\"inLanguage\":\"es\",\"@id\":\"https:\/\/www.medicalz.com\/es\/#\/schema\/logo\/image\/\",\"url\":\"https:\/\/www.medicalz.com\/wp-content\/uploads\/2021\/06\/logo-1.png\",\"contentUrl\":\"https:\/\/www.medicalz.com\/wp-content\/uploads\/2021\/06\/logo-1.png\",\"width\":400,\"height\":227,\"caption\":\"MedicalZ\"},\"image\":{\"@id\":\"https:\/\/www.medicalz.com\/es\/#\/schema\/logo\/image\/\"},\"sameAs\":[\"https:\/\/www.facebook.com\/MedicalZFrance\/\",\"https:\/\/www.instagram.com\/medicalz_fr\/?hl=fr\",\"https:\/\/www.youtube.com\/channel\/UC7rGbkWBc15cA4pbHS99Vbg\"]}]}<\/script>\n<!-- \/ Yoast SEO plugin. -->","yoast_head_json":{"title":"Cicatrices","robots":{"index":"index","follow":"follow","max-snippet":"max-snippet:-1","max-image-preview":"max-image-preview:large","max-video-preview":"max-video-preview:-1"},"canonical":"https:\/\/www.medicalz.com\/es\/cicatrices\/","og_locale":"es_ES","og_type":"article","og_title":"Cicatrices","og_description":"\u00bfQU\u00c9 SON LAS CICATRICES?La cicatrizaci\u00f3n de heridas es un proceso que permite que una herida se cure mediante la regeneraci\u00f3n celular. Esta formaci\u00f3n de tejido cicatricial es normal despu\u00e9s de la cirug\u00eda. La duraci\u00f3n de este proceso var\u00eda en funci\u00f3n de muchos factores, sobre todo de la persona o de la zona afectada (el tabaquismo [&hellip;]","og_url":"https:\/\/www.medicalz.com\/es\/cicatrices\/","og_site_name":"Medical Z","article_publisher":"https:\/\/www.facebook.com\/MedicalZFrance\/","og_image":[{"url":"https:\/\/www.medicalz.com\/wp-content\/uploads\/2021\/08\/patchwork_gel.png","type":"","width":"","height":""}],"schema":{"@context":"https:\/\/schema.org","@graph":[{"@type":"WebPage","@id":"https:\/\/www.medicalz.com\/es\/cicatrices\/","url":"https:\/\/www.medicalz.com\/es\/cicatrices\/","name":"Cicatrices","isPartOf":{"@id":"https:\/\/www.medicalz.com\/es\/#website"},"primaryImageOfPage":{"@id":"https:\/\/www.medicalz.com\/es\/cicatrices\/#primaryimage"},"image":{"@id":"https:\/\/www.medicalz.com\/es\/cicatrices\/#primaryimage"},"thumbnailUrl":"https:\/\/www.medicalz.com\/wp-content\/uploads\/2021\/08\/patchwork_gel.png","datePublished":"2021-10-14T09:27:49+00:00","breadcrumb":{"@id":"https:\/\/www.medicalz.com\/es\/cicatrices\/#breadcrumb"},"inLanguage":"es","potentialAction":[{"@type":"ReadAction","target":["https:\/\/www.medicalz.com\/es\/cicatrices\/"]}]},{"@type":"ImageObject","inLanguage":"es","@id":"https:\/\/www.medicalz.com\/es\/cicatrices\/#primaryimage","url":"https:\/\/www.medicalz.com\/wp-content\/uploads\/2021\/08\/patchwork_gel.png","contentUrl":"https:\/\/www.medicalz.com\/wp-content\/uploads\/2021\/08\/patchwork_gel.png"},{"@type":"BreadcrumbList","@id":"https:\/\/www.medicalz.com\/es\/cicatrices\/#breadcrumb","itemListElement":[{"@type":"ListItem","position":1,"name":"Principal","item":"https:\/\/www.medicalz.com\/es\/accueil\/"},{"@type":"ListItem","position":2,"name":"Cicatrices"}]},{"@type":"WebSite","@id":"https:\/\/www.medicalz.com\/es\/#website","url":"https:\/\/www.medicalz.com\/es\/","name":"Medical Z","description":"Cr\u00e9ateur FRAN\u00c7AIS de v\u00eatements compressifs depuis 1981","publisher":{"@id":"https:\/\/www.medicalz.com\/es\/#organization"},"potentialAction":[{"@type":"SearchAction","target":{"@type":"EntryPoint","urlTemplate":"https:\/\/www.medicalz.com\/es\/?s={search_term_string}"},"query-input":{"@type":"PropertyValueSpecification","valueRequired":true,"valueName":"search_term_string"}}],"inLanguage":"es"},{"@type":"Organization","@id":"https:\/\/www.medicalz.com\/es\/#organization","name":"MedicalZ","url":"https:\/\/www.medicalz.com\/es\/","logo":{"@type":"ImageObject","inLanguage":"es","@id":"https:\/\/www.medicalz.com\/es\/#\/schema\/logo\/image\/","url":"https:\/\/www.medicalz.com\/wp-content\/uploads\/2021\/06\/logo-1.png","contentUrl":"https:\/\/www.medicalz.com\/wp-content\/uploads\/2021\/06\/logo-1.png","width":400,"height":227,"caption":"MedicalZ"},"image":{"@id":"https:\/\/www.medicalz.com\/es\/#\/schema\/logo\/image\/"},"sameAs":["https:\/\/www.facebook.com\/MedicalZFrance\/","https:\/\/www.instagram.com\/medicalz_fr\/?hl=fr","https:\/\/www.youtube.com\/channel\/UC7rGbkWBc15cA4pbHS99Vbg"]}]}},"_links":{"self":[{"href":"https:\/\/www.medicalz.com\/es\/wp-json\/wp\/v2\/pages\/9584","targetHints":{"allow":["GET"]}}],"collection":[{"href":"https:\/\/www.medicalz.com\/es\/wp-json\/wp\/v2\/pages"}],"about":[{"href":"https:\/\/www.medicalz.com\/es\/wp-json\/wp\/v2\/types\/page"}],"author":[{"embeddable":true,"href":"https:\/\/www.medicalz.com\/es\/wp-json\/wp\/v2\/users\/4"}],"replies":[{"embeddable":true,"href":"https:\/\/www.medicalz.com\/es\/wp-json\/wp\/v2\/comments?post=9584"}],"version-history":[{"count":2,"href":"https:\/\/www.medicalz.com\/es\/wp-json\/wp\/v2\/pages\/9584\/revisions"}],"predecessor-version":[{"id":9586,"href":"https:\/\/www.medicalz.com\/es\/wp-json\/wp\/v2\/pages\/9584\/revisions\/9586"}],"wp:attachment":[{"href":"https:\/\/www.medicalz.com\/es\/wp-json\/wp\/v2\/media?parent=9584"}],"curies":[{"name":"wp","href":"https:\/\/api.w.org\/{rel}","templated":true}]}}