{"id":12231,"date":"2021-08-05T14:43:24","date_gmt":"2021-08-05T12:43:24","guid":{"rendered":"https:\/\/www.medicalz.com\/produits\/mousse-de-compression-supplementaire-hi-def\/"},"modified":"2025-02-19T15:32:09","modified_gmt":"2025-02-19T14:32:09","slug":"mousse-de-compression-supplementaire-hi-def","status":"publish","type":"product","link":"https:\/\/www.medicalz.com\/es\/productos\/mousse-de-compression-supplementaire-hi-def\/","title":{"rendered":"Espuma de compresi\u00f3n adicional <\/br>Hi-Def"},"content":{"rendered":"<p>[et_pb_section fb_built=\u00bb1&#8243; _builder_version=\u00bb4.16&#8243; _module_preset=\u00bbdefault\u00bb global_colors_info=\u00bb{}\u00bb][et_pb_row column_structure=\u00bb1_2,1_2&#8243; _builder_version=\u00bb4.16&#8243; _module_preset=\u00bbdefault\u00bb global_colors_info=\u00bb{}\u00bb][et_pb_column type=\u00bb1_2&#8243; _builder_version=\u00bb4.16&#8243; _module_preset=\u00bbdefault\u00bb global_colors_info=\u00bb{}\u00bb][et_pb_wc_images admin_label=\u00bbVisuel produit\u00bb _builder_version=\u00bb4.16&#8243; _module_preset=\u00bbdefault\u00bb global_colors_info=\u00bb{}\u00bb][\/et_pb_wc_images][\/et_pb_column][et_pb_column type=\u00bb1_2&#8243; _builder_version=\u00bb4.16&#8243; _module_preset=\u00bbdefault\u00bb global_colors_info=\u00bb{}\u00bb][et_pb_text admin_label=\u00bbNom produit \/ R\u00e9f  (\u00e0 remplir)\u00bb module_class=\u00bbhn-produits\u00bb _builder_version=\u00bb4.16&#8243; _module_preset=\u00bbdefault\u00bb text_font=\u00bb|700|||||||\u00bb text_text_color=\u00bb#2F4457&#8243; text_font_size=\u00bb17px\u00bb global_colors_info=\u00bb{}\u00bb]<\/p>\n<h1 class=\"bold text-blue text-uppercase mtop80 mbot20\">Espuma de compresi\u00f3n adicional<br \/>Hi-Def<\/h1>\n<p>S\/201<\/p>\n<p>[\/et_pb_text][et_pb_divider color=\u00bb#e3e3e3&#8243; divider_weight=\u00bb2px\u00bb _builder_version=\u00bb4.16&#8243; _module_preset=\u00bbdefault\u00bb custom_margin=\u00bb||0px||false|false\u00bb global_colors_info=\u00bb{}\u00bb][\/et_pb_divider][et_pb_text admin_label=\u00bbCouleurs disponibles  (\u00e0 remplir)\u00bb _builder_version=\u00bb4.16&#8243; _module_preset=\u00bbdefault\u00bb text_font=\u00bb|700|||||||\u00bb text_text_color=\u00bb#2F4457&#8243; text_font_size=\u00bb17px\u00bb text_letter_spacing=\u00bb1px\u00bb custom_margin=\u00bb||4px|||\u00bb global_colors_info=\u00bb{}\u00bb]<\/p>\n<p>Couleurs disponibles<\/p>\n<p><img loading=\"lazy\" decoding=\"async\" class=\"wp-image-4689 alignnone size-full\" src=\"https:\/\/www.medicalz.com\/wp-content\/uploads\/2021\/07\/rond_noir_selec.png\" alt=\"\" width=\"50\" height=\"50\" \/> \u00a0<\/p>\n<p>[\/et_pb_text][et_pb_divider color=\u00bb#e3e3e3&#8243; divider_weight=\u00bb2px\u00bb _builder_version=\u00bb4.16&#8243; _module_preset=\u00bbdefault\u00bb custom_margin=\u00bb||0px||false|false\u00bb global_colors_info=\u00bb{}\u00bb][\/et_pb_divider][et_pb_text admin_label=\u00bbTitre description\u00bb _builder_version=\u00bb4.16&#8243; _module_preset=\u00bbdefault\u00bb text_font=\u00bb|700|||||||\u00bb text_text_color=\u00bb#2F4457&#8243; text_font_size=\u00bb17px\u00bb text_letter_spacing=\u00bb1px\u00bb global_colors_info=\u00bb{}\u00bb]<\/p>\n<p>Descripci\u00f3n<\/p>\n<p>[\/et_pb_text][et_pb_text admin_label=\u00bbTexte Description (\u00e0 remplir)\u00bb _builder_version=\u00bb4.16&#8243; _module_preset=\u00bbdefault\u00bb header_3_text_align=\u00bbleft\u00bb global_colors_info=\u00bb{}\u00bb]<\/p>\n<div class=\"page\" title=\"Page 2\">\n<div class=\"section\">\n<div class=\"layoutArea\">\n<div class=\"column\">\n<p>La Mousse Hi-Def Medical Z est un comple\u0301ment au ve\u0302tement compressif pour le suivi post-ope\u0301ratoire apre\u0300s une proce\u0301dure de liposuccion Vaser Hi Def. Elle est conc\u0327ue pour prote\u0301ger le modelage effectue\u0301 par votre me\u0301decin tout en maintenant le meilleur re\u0301sultat possible.<\/p>\n<p>L\u2019application de la Mousse s\u2019effectue avec le ve\u0302tement compressif, juste apre\u0300s l\u2019intervention. La dure\u0301e d\u2019application de\u0301pend de la prescription me\u0301dicale.<\/p>\n<p><em>Existe pour homme et pour femme.<\/em><\/p>\n<p>&nbsp;<\/p>\n<\/div>\n<\/div>\n<\/div>\n<\/div>\n<p>[\/et_pb_text][\/et_pb_column][\/et_pb_row][\/et_pb_section][et_pb_section fb_built=\u00bb1&#8243; _builder_version=\u00bb4.16&#8243; _module_preset=\u00bbdefault\u00bb border_width_top=\u00bb2px\u00bb border_color_top=\u00bb#e3e3e3&#8243; global_colors_info=\u00bb{}\u00bb][et_pb_row _builder_version=\u00bb4.16&#8243; _module_preset=\u00bbdefault\u00bb global_colors_info=\u00bb{}\u00bb][et_pb_column type=\u00bb4_4&#8243; _builder_version=\u00bb4.16&#8243; _module_preset=\u00bbdefault\u00bb global_colors_info=\u00bb{}\u00bb][et_pb_tabs active_tab_background_color=\u00bb#FFFFFF\u00bb inactive_tab_background_color=\u00bb#FFFFFF\u00bb active_tab_text_color=\u00bb#2F4457&#8243; admin_label=\u00bbOnglets composition \/ guide de tailles&#8230;  (\u00e0 remplir)\u00bb module_class=\u00bbonglets-produits\u00bb _builder_version=\u00bb4.27.4&#8243; _module_preset=\u00bbdefault\u00bb tab_text_color=\u00bb#2F4457&#8243; tab_font_size=\u00bb14px\u00bb background_color=\u00bb#FFFFFF\u00bb custom_margin=\u00bb0px||||false|false\u00bb custom_padding=\u00bb|||30px||\u00bb custom_css_tabs_controls=\u00bbborder-top-color:transparent;||border-bottom-color:transparent;||background-color:transparent;\u00bb custom_css_tab=\u00bbborder:transparent;||\u00bb custom_css_tabs_content=\u00bbborder:transparent;\u00bb border_width_all=\u00bb0px\u00bb locked=\u00bboff\u00bb global_colors_info=\u00bb{}\u00bb][et_pb_tab title=\u00bb&lt;p&gt;COMPOSICI\u00d3N&lt;\/p&gt;\u00bb _builder_version=\u00bb4.27.4&#8243; _module_preset=\u00bbdefault\u00bb global_colors_info=\u00bb{}\u00bb]<\/p>\n<h4>COMPOSITION<\/h4>\n<p class=\"p1\">53% Polyurethane 38% Polyamide 9% Elasthanne<\/p>\n<h4>ENTRETIEN :<\/h4>\n<div class=\"page\" title=\"Page 2\">\n<div class=\"section\">\n<div class=\"layoutArea\">\n<div class=\"column\">\n<p>Laver a\u0300 la main dans de l\u2019eau tie\u0300de avec un savon naturel type savon de Marseille. Ne pas utiliser de se\u0300che-linge.<\/p>\n<h4>CONTRE-INDICATIONS :<\/h4>\n<div class=\"page\" title=\"Page 2\">\n<div class=\"section\">\n<div class=\"layoutArea\">\n<div class=\"column\">\n<div class=\"page\" title=\"Page 2\">\n<div class=\"section\">\n<div class=\"layoutArea\">\n<div class=\"column\">\n<p>La Mousse ne doit pas e\u0302tre porte\u0301e directement sur une peau le\u0301se\u0301e.<\/p>\n<\/div>\n<\/div>\n<\/div>\n<\/div>\n<\/div>\n<\/div>\n<\/div>\n<\/div>\n<\/div>\n<\/div>\n<\/div>\n<\/div>\n<p>[\/et_pb_tab][et_pb_tab title=\u00bb&lt;p&gt;GU\u00cdA DE TAMA\u00d1OS&lt;\/p&gt;\u00bb _builder_version=\u00bb4.27.4&#8243; _module_preset=\u00bbdefault\u00bb global_colors_info=\u00bb{}\u00bb]<\/p>\n[et_pb_section global_module=\"7041\"][\/et_pb_section]\n<p><em>Utilisez la taille la plus petite si les mesures se situent entre deux tailles.<br \/><\/em><em>Les tailles indique\u0301es correspondent aux mesures prises avant intervention.<\/em><\/p>\n<p><img loading=\"lazy\" decoding=\"async\" class=\"wp-image-19901  alignleft\" src=\"https:\/\/www.medicalz.com\/wp-content\/uploads\/2022\/04\/Capture-decran-2024-12-05-a-16.59.00.png\" alt=\"\" width=\"377\" height=\"226\" \/><\/p>\n<p>[\/et_pb_tab][et_pb_tab title=\u00bb&lt;p&gt;VIDEO&lt;\/p&gt;\u00bb _builder_version=\u00bb4.16&#8243; _module_preset=\u00bbdefault\u00bb global_colors_info=\u00bb{}\u00bb]<\/p>\n<p><strong>C\u00f3mo medir la ropa postoperatoria Medical Z<\/strong><\/p>\n<p><iframe loading=\"lazy\" title=\"Comment prendre ses mesures pour les v\u00eatements post op\u00e9ratoires M\u00e9dical Z\u00ae\" width=\"1080\" height=\"608\" src=\"https:\/\/www.youtube.com\/embed\/FquwnjjrfkA?feature=oembed\"  allow=\"accelerometer; autoplay; clipboard-write; encrypted-media; gyroscope; picture-in-picture\" allowfullscreen><\/iframe><\/p>\n<p>[\/et_pb_tab][\/et_pb_tabs][\/et_pb_column][\/et_pb_row][\/et_pb_section][et_pb_section fb_built=\u00bb1&#8243; _builder_version=\u00bb4.16&#8243; _module_preset=\u00bbdefault\u00bb background_color=\u00bb#e3e3e3&#8243; global_colors_info=\u00bb{}\u00bb][et_pb_row _builder_version=\u00bb4.16&#8243; _module_preset=\u00bbdefault\u00bb global_colors_info=\u00bb{}\u00bb][et_pb_column type=\u00bb4_4&#8243; _builder_version=\u00bb4.16&#8243; _module_preset=\u00bbdefault\u00bb global_colors_info=\u00bb{}\u00bb][et_pb_button button_url=\u00bbhttps:\/\/www.medicalz.com\/es\/faq\/\u00bb button_text=\u00bb&lt;p&gt;ENCUENTRE TODAS LAS PREGUNTAS &#8211; FAQ&lt;\/p&gt;\u00bb button_alignment=\u00bbcenter\u00bb _builder_version=\u00bb4.16&#8243; _module_preset=\u00bbdefault\u00bb custom_button=\u00bbon\u00bb button_text_size=\u00bb18px\u00bb button_text_color=\u00bb#2F4457&#8243; button_border_width=\u00bb1px\u00bb button_border_color=\u00bb#2F4457&#8243; button_border_radius=\u00bb0px\u00bb button_font=\u00bb|700|||||||\u00bb custom_padding=\u00bb15px|110px|15px|110px|false|true\u00bb global_colors_info=\u00bb{}\u00bb][\/et_pb_button][\/et_pb_column][\/et_pb_row][\/et_pb_section][et_pb_section fb_built=\u00bb1&#8243; _builder_version=\u00bb4.16&#8243; _module_preset=\u00bbdefault\u00bb custom_padding=\u00bb0px|||||\u00bb global_colors_info=\u00bb{}\u00bb][et_pb_row _builder_version=\u00bb4.16&#8243; _module_preset=\u00bbdefault\u00bb custom_margin=\u00bb|auto|-28px|auto||\u00bb custom_padding=\u00bb||0px|||\u00bb global_colors_info=\u00bb{}\u00bb][et_pb_column type=\u00bb4_4&#8243; _builder_version=\u00bb4.16&#8243; _module_preset=\u00bbdefault\u00bb global_colors_info=\u00bb{}\u00bb][et_pb_text _builder_version=\u00bb4.16&#8243; _module_preset=\u00bbdefault\u00bb text_font=\u00bb|300|||||||\u00bb text_text_color=\u00bb#178fcf\u00bb header_text_color=\u00bb#178fcf\u00bb header_3_text_color=\u00bb#178FCF\u00bb locked=\u00bboff\u00bb global_colors_info=\u00bb{}\u00bb]<\/p>\n<h3>TAMBI\u00c9N LE OFRECEMOS<\/h3>\n<p>[\/et_pb_text][et_pb_divider module_class=\u00bbseparateur\u00bb _builder_version=\u00bb4.16&#8243; _module_preset=\u00bbdefault\u00bb global_colors_info=\u00bb{}\u00bb][\/et_pb_divider][et_pb_wc_related_products admin_label=\u00bbProduits apparent\u00e9s\u00bb _builder_version=\u00bb4.16&#8243; _module_preset=\u00bbdefault\u00bb border_width_all=\u00bb0px\u00bb global_colors_info=\u00bb{}\u00bb border_radii__hover_enabled=\u00bboff|hover\u00bb][\/et_pb_wc_related_products][et_pb_wc_upsells _builder_version=\u00bb4.16&#8243; _module_preset=\u00bbdefault\u00bb custom_css_price=\u00bbdisplay:none;\u00bb global_colors_info=\u00bb{}\u00bb][\/et_pb_wc_upsells][\/et_pb_column][\/et_pb_row][\/et_pb_section]<\/p>\n","protected":false},"excerpt":{"rendered":"<p>Espuma de compresi\u00f3n adicionalHi-Def S\/201Couleurs disponibles \u00a0Descripci\u00f3n La Mousse Hi-Def Medical Z est un comple\u0301ment au ve\u0302tement compressif pour le suivi post-ope\u0301ratoire apre\u0300s une proce\u0301dure de liposuccion Vaser Hi Def. Elle est conc\u0327ue pour prote\u0301ger le modelage effectue\u0301 par votre me\u0301decin tout en maintenant le meilleur re\u0301sultat possible. L\u2019application de la Mousse s\u2019effectue avec le [&hellip;]<\/p>\n","protected":false},"featured_media":6282,"template":"","meta":{"_et_pb_use_builder":"on","_et_pb_old_content":"","_et_gb_content_width":""},"product_brand":[],"product_cat":[125,136,134,133],"product_tag":[],"class_list":{"0":"post-12231","1":"product","2":"type-product","3":"status-publish","4":"has-post-thumbnail","6":"product_cat-cirugia-plastica","7":"product_cat-figura","8":"product_cat-faja-guante","9":"product_cat-otros-y-accesorios","11":"first","12":"instock","13":"shipping-taxable","14":"product-type-simple"},"yoast_head":"<!-- This site is optimized with the Yoast SEO plugin v25.1 - https:\/\/yoast.com\/wordpress\/plugins\/seo\/ -->\n<title>Espuma de compresi\u00f3n adicional Hi-Def &#8226; Medical Z<\/title>\n<meta name=\"robots\" content=\"index, follow, max-snippet:-1, max-image-preview:large, max-video-preview:-1\" \/>\n<link rel=\"canonical\" href=\"https:\/\/www.medicalz.com\/es\/productos\/mousse-de-compression-supplementaire-hi-def\/\" \/>\n<meta property=\"og:locale\" content=\"es_ES\" \/>\n<meta property=\"og:type\" content=\"article\" \/>\n<meta property=\"og:title\" content=\"Espuma de compresi\u00f3n adicional Hi-Def &#8226; Medical Z\" \/>\n<meta property=\"og:description\" content=\"Espuma de compresi\u00f3n adicionalHi-Def S\/201Couleurs disponibles \u00a0Descripci\u00f3n La Mousse Hi-Def Medical Z est un comple\u0301ment au ve\u0302tement compressif pour le suivi post-ope\u0301ratoire apre\u0300s une proce\u0301dure de liposuccion Vaser Hi Def. Elle est conc\u0327ue pour prote\u0301ger le modelage effectue\u0301 par votre me\u0301decin tout en maintenant le meilleur re\u0301sultat possible. L\u2019application de la Mousse s\u2019effectue avec le [&hellip;]\" \/>\n<meta property=\"og:url\" content=\"https:\/\/www.medicalz.com\/es\/productos\/mousse-de-compression-supplementaire-hi-def\/\" \/>\n<meta property=\"og:site_name\" content=\"Medical Z\" \/>\n<meta property=\"article:publisher\" content=\"https:\/\/www.facebook.com\/MedicalZFrance\/\" \/>\n<meta property=\"article:modified_time\" content=\"2025-02-19T14:32:09+00:00\" \/>\n<meta property=\"og:image\" content=\"https:\/\/www.medicalz.com\/wp-content\/uploads\/2021\/08\/mousse_avant_web-1024x958.png\" \/>\n\t<meta property=\"og:image:width\" content=\"1024\" \/>\n\t<meta property=\"og:image:height\" content=\"958\" \/>\n\t<meta property=\"og:image:type\" content=\"image\/png\" \/>\n<script type=\"application\/ld+json\" class=\"yoast-schema-graph\">{\"@context\":\"https:\/\/schema.org\",\"@graph\":[{\"@type\":\"WebPage\",\"@id\":\"https:\/\/www.medicalz.com\/es\/productos\/mousse-de-compression-supplementaire-hi-def\/\",\"url\":\"https:\/\/www.medicalz.com\/es\/productos\/mousse-de-compression-supplementaire-hi-def\/\",\"name\":\"Espuma de compresi\u00f3n adicional Hi-Def &#8226; Medical Z\",\"isPartOf\":{\"@id\":\"https:\/\/www.medicalz.com\/es\/#website\"},\"primaryImageOfPage\":{\"@id\":\"https:\/\/www.medicalz.com\/es\/productos\/mousse-de-compression-supplementaire-hi-def\/#primaryimage\"},\"image\":{\"@id\":\"https:\/\/www.medicalz.com\/es\/productos\/mousse-de-compression-supplementaire-hi-def\/#primaryimage\"},\"thumbnailUrl\":\"https:\/\/www.medicalz.com\/wp-content\/uploads\/2021\/08\/mousse_avant_web.png\",\"datePublished\":\"2021-08-05T12:43:24+00:00\",\"dateModified\":\"2025-02-19T14:32:09+00:00\",\"breadcrumb\":{\"@id\":\"https:\/\/www.medicalz.com\/es\/productos\/mousse-de-compression-supplementaire-hi-def\/#breadcrumb\"},\"inLanguage\":\"es\",\"potentialAction\":[{\"@type\":\"ReadAction\",\"target\":[\"https:\/\/www.medicalz.com\/es\/productos\/mousse-de-compression-supplementaire-hi-def\/\"]}]},{\"@type\":\"ImageObject\",\"inLanguage\":\"es\",\"@id\":\"https:\/\/www.medicalz.com\/es\/productos\/mousse-de-compression-supplementaire-hi-def\/#primaryimage\",\"url\":\"https:\/\/www.medicalz.com\/wp-content\/uploads\/2021\/08\/mousse_avant_web.png\",\"contentUrl\":\"https:\/\/www.medicalz.com\/wp-content\/uploads\/2021\/08\/mousse_avant_web.png\",\"width\":4342,\"height\":4064},{\"@type\":\"BreadcrumbList\",\"@id\":\"https:\/\/www.medicalz.com\/es\/productos\/mousse-de-compression-supplementaire-hi-def\/#breadcrumb\",\"itemListElement\":[{\"@type\":\"ListItem\",\"position\":1,\"name\":\"Principal\",\"item\":\"https:\/\/www.medicalz.com\/es\/accueil\/\"},{\"@type\":\"ListItem\",\"position\":2,\"name\":\"Productos\",\"item\":\"https:\/\/www.medicalz.com\/es\/shop\/\"},{\"@type\":\"ListItem\",\"position\":3,\"name\":\"Cirugia plastica\",\"item\":\"https:\/\/www.medicalz.com\/es\/categoria-producto\/cirugia-plastica\/\"},{\"@type\":\"ListItem\",\"position\":4,\"name\":\"Espuma de compresi\u00f3n adicional Hi-Def\"}]},{\"@type\":\"WebSite\",\"@id\":\"https:\/\/www.medicalz.com\/es\/#website\",\"url\":\"https:\/\/www.medicalz.com\/es\/\",\"name\":\"Medical Z\",\"description\":\"Cr\u00e9ateur FRAN\u00c7AIS de v\u00eatements compressifs depuis 1981\",\"publisher\":{\"@id\":\"https:\/\/www.medicalz.com\/es\/#organization\"},\"potentialAction\":[{\"@type\":\"SearchAction\",\"target\":{\"@type\":\"EntryPoint\",\"urlTemplate\":\"https:\/\/www.medicalz.com\/es\/?s={search_term_string}\"},\"query-input\":{\"@type\":\"PropertyValueSpecification\",\"valueRequired\":true,\"valueName\":\"search_term_string\"}}],\"inLanguage\":\"es\"},{\"@type\":\"Organization\",\"@id\":\"https:\/\/www.medicalz.com\/es\/#organization\",\"name\":\"MedicalZ\",\"url\":\"https:\/\/www.medicalz.com\/es\/\",\"logo\":{\"@type\":\"ImageObject\",\"inLanguage\":\"es\",\"@id\":\"https:\/\/www.medicalz.com\/es\/#\/schema\/logo\/image\/\",\"url\":\"https:\/\/www.medicalz.com\/wp-content\/uploads\/2021\/06\/logo-1.png\",\"contentUrl\":\"https:\/\/www.medicalz.com\/wp-content\/uploads\/2021\/06\/logo-1.png\",\"width\":400,\"height\":227,\"caption\":\"MedicalZ\"},\"image\":{\"@id\":\"https:\/\/www.medicalz.com\/es\/#\/schema\/logo\/image\/\"},\"sameAs\":[\"https:\/\/www.facebook.com\/MedicalZFrance\/\",\"https:\/\/www.instagram.com\/medicalz_fr\/?hl=fr\",\"https:\/\/www.youtube.com\/channel\/UC7rGbkWBc15cA4pbHS99Vbg\"]}]}<\/script>\n<!-- \/ Yoast SEO plugin. -->","yoast_head_json":{"title":"Espuma de compresi\u00f3n adicional Hi-Def &#8226; Medical Z","robots":{"index":"index","follow":"follow","max-snippet":"max-snippet:-1","max-image-preview":"max-image-preview:large","max-video-preview":"max-video-preview:-1"},"canonical":"https:\/\/www.medicalz.com\/es\/productos\/mousse-de-compression-supplementaire-hi-def\/","og_locale":"es_ES","og_type":"article","og_title":"Espuma de compresi\u00f3n adicional Hi-Def &#8226; Medical Z","og_description":"Espuma de compresi\u00f3n adicionalHi-Def S\/201Couleurs disponibles \u00a0Descripci\u00f3n La Mousse Hi-Def Medical Z est un comple\u0301ment au ve\u0302tement compressif pour le suivi post-ope\u0301ratoire apre\u0300s une proce\u0301dure de liposuccion Vaser Hi Def. Elle est conc\u0327ue pour prote\u0301ger le modelage effectue\u0301 par votre me\u0301decin tout en maintenant le meilleur re\u0301sultat possible. L\u2019application de la Mousse s\u2019effectue avec le [&hellip;]","og_url":"https:\/\/www.medicalz.com\/es\/productos\/mousse-de-compression-supplementaire-hi-def\/","og_site_name":"Medical Z","article_publisher":"https:\/\/www.facebook.com\/MedicalZFrance\/","article_modified_time":"2025-02-19T14:32:09+00:00","og_image":[{"width":1024,"height":958,"url":"https:\/\/www.medicalz.com\/wp-content\/uploads\/2021\/08\/mousse_avant_web-1024x958.png","type":"image\/png"}],"schema":{"@context":"https:\/\/schema.org","@graph":[{"@type":"WebPage","@id":"https:\/\/www.medicalz.com\/es\/productos\/mousse-de-compression-supplementaire-hi-def\/","url":"https:\/\/www.medicalz.com\/es\/productos\/mousse-de-compression-supplementaire-hi-def\/","name":"Espuma de compresi\u00f3n adicional Hi-Def &#8226; Medical Z","isPartOf":{"@id":"https:\/\/www.medicalz.com\/es\/#website"},"primaryImageOfPage":{"@id":"https:\/\/www.medicalz.com\/es\/productos\/mousse-de-compression-supplementaire-hi-def\/#primaryimage"},"image":{"@id":"https:\/\/www.medicalz.com\/es\/productos\/mousse-de-compression-supplementaire-hi-def\/#primaryimage"},"thumbnailUrl":"https:\/\/www.medicalz.com\/wp-content\/uploads\/2021\/08\/mousse_avant_web.png","datePublished":"2021-08-05T12:43:24+00:00","dateModified":"2025-02-19T14:32:09+00:00","breadcrumb":{"@id":"https:\/\/www.medicalz.com\/es\/productos\/mousse-de-compression-supplementaire-hi-def\/#breadcrumb"},"inLanguage":"es","potentialAction":[{"@type":"ReadAction","target":["https:\/\/www.medicalz.com\/es\/productos\/mousse-de-compression-supplementaire-hi-def\/"]}]},{"@type":"ImageObject","inLanguage":"es","@id":"https:\/\/www.medicalz.com\/es\/productos\/mousse-de-compression-supplementaire-hi-def\/#primaryimage","url":"https:\/\/www.medicalz.com\/wp-content\/uploads\/2021\/08\/mousse_avant_web.png","contentUrl":"https:\/\/www.medicalz.com\/wp-content\/uploads\/2021\/08\/mousse_avant_web.png","width":4342,"height":4064},{"@type":"BreadcrumbList","@id":"https:\/\/www.medicalz.com\/es\/productos\/mousse-de-compression-supplementaire-hi-def\/#breadcrumb","itemListElement":[{"@type":"ListItem","position":1,"name":"Principal","item":"https:\/\/www.medicalz.com\/es\/accueil\/"},{"@type":"ListItem","position":2,"name":"Productos","item":"https:\/\/www.medicalz.com\/es\/shop\/"},{"@type":"ListItem","position":3,"name":"Cirugia plastica","item":"https:\/\/www.medicalz.com\/es\/categoria-producto\/cirugia-plastica\/"},{"@type":"ListItem","position":4,"name":"Espuma de compresi\u00f3n adicional Hi-Def"}]},{"@type":"WebSite","@id":"https:\/\/www.medicalz.com\/es\/#website","url":"https:\/\/www.medicalz.com\/es\/","name":"Medical Z","description":"Cr\u00e9ateur FRAN\u00c7AIS de v\u00eatements compressifs depuis 1981","publisher":{"@id":"https:\/\/www.medicalz.com\/es\/#organization"},"potentialAction":[{"@type":"SearchAction","target":{"@type":"EntryPoint","urlTemplate":"https:\/\/www.medicalz.com\/es\/?s={search_term_string}"},"query-input":{"@type":"PropertyValueSpecification","valueRequired":true,"valueName":"search_term_string"}}],"inLanguage":"es"},{"@type":"Organization","@id":"https:\/\/www.medicalz.com\/es\/#organization","name":"MedicalZ","url":"https:\/\/www.medicalz.com\/es\/","logo":{"@type":"ImageObject","inLanguage":"es","@id":"https:\/\/www.medicalz.com\/es\/#\/schema\/logo\/image\/","url":"https:\/\/www.medicalz.com\/wp-content\/uploads\/2021\/06\/logo-1.png","contentUrl":"https:\/\/www.medicalz.com\/wp-content\/uploads\/2021\/06\/logo-1.png","width":400,"height":227,"caption":"MedicalZ"},"image":{"@id":"https:\/\/www.medicalz.com\/es\/#\/schema\/logo\/image\/"},"sameAs":["https:\/\/www.facebook.com\/MedicalZFrance\/","https:\/\/www.instagram.com\/medicalz_fr\/?hl=fr","https:\/\/www.youtube.com\/channel\/UC7rGbkWBc15cA4pbHS99Vbg"]}]}},"_links":{"self":[{"href":"https:\/\/www.medicalz.com\/es\/wp-json\/wp\/v2\/product\/12231","targetHints":{"allow":["GET"]}}],"collection":[{"href":"https:\/\/www.medicalz.com\/es\/wp-json\/wp\/v2\/product"}],"about":[{"href":"https:\/\/www.medicalz.com\/es\/wp-json\/wp\/v2\/types\/product"}],"wp:featuredmedia":[{"embeddable":true,"href":"https:\/\/www.medicalz.com\/es\/wp-json\/wp\/v2\/media\/6282"}],"wp:attachment":[{"href":"https:\/\/www.medicalz.com\/es\/wp-json\/wp\/v2\/media?parent=12231"}],"wp:term":[{"taxonomy":"product_brand","embeddable":true,"href":"https:\/\/www.medicalz.com\/es\/wp-json\/wp\/v2\/product_brand?post=12231"},{"taxonomy":"product_cat","embeddable":true,"href":"https:\/\/www.medicalz.com\/es\/wp-json\/wp\/v2\/product_cat?post=12231"},{"taxonomy":"product_tag","embeddable":true,"href":"https:\/\/www.medicalz.com\/es\/wp-json\/wp\/v2\/product_tag?post=12231"}],"curies":[{"name":"wp","href":"https:\/\/api.w.org\/{rel}","templated":true}]}}