{"id":12233,"date":"2021-08-05T14:52:00","date_gmt":"2021-08-05T12:52:00","guid":{"rendered":"https:\/\/www.medicalz.com\/produits\/panty-lift-elegance-coolmax-haut-coupe-chevilles-fond-ferme-coutures-exterieures\/"},"modified":"2022-03-30T12:10:17","modified_gmt":"2022-03-30T10:10:17","slug":"panty-lift-elegance-coolmax-haut-coupe-chevilles-fond-ferme-coutures-exterieures","status":"publish","type":"product","link":"https:\/\/www.medicalz.com\/es\/productos\/panty-lift-elegance-coolmax-haut-coupe-chevilles-fond-ferme-coutures-exterieures\/","title":{"rendered":"PANTY-LIFT\u00ae Elegance Coolmax\u00ae <\/br> TOBILLO"},"content":{"rendered":"<p>[et_pb_section fb_built=\u00bb1&#8243; _builder_version=\u00bb4.15&#8243; _module_preset=\u00bbdefault\u00bb global_colors_info=\u00bb{}\u00bb][et_pb_row column_structure=\u00bb1_2,1_2&#8243; _builder_version=\u00bb4.15&#8243; _module_preset=\u00bbdefault\u00bb global_colors_info=\u00bb{}\u00bb][et_pb_column type=\u00bb1_2&#8243; _builder_version=\u00bb4.15&#8243; _module_preset=\u00bbdefault\u00bb global_colors_info=\u00bb{}\u00bb][et_pb_wc_images admin_label=\u00bbVisuel produit\u00bb _builder_version=\u00bb4.15&#8243; _module_preset=\u00bbdefault\u00bb global_colors_info=\u00bb{}\u00bb][\/et_pb_wc_images][\/et_pb_column][et_pb_column type=\u00bb1_2&#8243; _builder_version=\u00bb4.15&#8243; _module_preset=\u00bbdefault\u00bb global_colors_info=\u00bb{}\u00bb][et_pb_text admin_label=\u00bbNom produit \/ R\u00e9f  (\u00e0 remplir)\u00bb module_class=\u00bbhn-produits\u00bb _builder_version=\u00bb4.15&#8243; _module_preset=\u00bbdefault\u00bb text_font=\u00bb|700|||||||\u00bb text_text_color=\u00bb#2F4457&#8243; text_font_size=\u00bb17px\u00bb global_colors_info=\u00bb{}\u00bb]<\/p>\n<h1>Panty-lift\u00ae Elegance Coolmax\u00ae<br \/>Tobilllo<\/h1>\n<p>EC\/018<\/p>\n<p>[\/et_pb_text][et_pb_divider color=\u00bb#e3e3e3&#8243; divider_weight=\u00bb2px\u00bb _builder_version=\u00bb4.15&#8243; _module_preset=\u00bbdefault\u00bb custom_margin=\u00bb||0px||false|false\u00bb global_colors_info=\u00bb{}\u00bb][\/et_pb_divider][et_pb_text admin_label=\u00bbCouleurs disponibles  (\u00e0 remplir)\u00bb _builder_version=\u00bb4.15&#8243; _module_preset=\u00bbdefault\u00bb text_font=\u00bb|700|||||||\u00bb text_text_color=\u00bb#2F4457&#8243; text_font_size=\u00bb17px\u00bb text_letter_spacing=\u00bb1px\u00bb custom_margin=\u00bb||4px|||\u00bb global_colors_info=\u00bb{}\u00bb]<\/p>\n<p>Colores disponibles<\/p>\n<p><img loading=\"lazy\" decoding=\"async\" class=\"wp-image-4689 alignnone size-full\" src=\"https:\/\/www.medicalz.com\/wp-content\/uploads\/2021\/07\/rond_noir_selec.png\" alt=\"\" width=\"50\" height=\"50\" \/> <img loading=\"lazy\" decoding=\"async\" class=\"wp-image-4693 alignnone size-full\" src=\"https:\/\/www.medicalz.com\/wp-content\/uploads\/2021\/07\/rond_blanc.png\" alt=\"\" width=\"50\" height=\"50\" \/>\u00a0<\/p>\n<p>[\/et_pb_text][et_pb_divider color=\u00bb#e3e3e3&#8243; divider_weight=\u00bb2px\u00bb _builder_version=\u00bb4.15&#8243; _module_preset=\u00bbdefault\u00bb custom_margin=\u00bb||0px||false|false\u00bb global_colors_info=\u00bb{}\u00bb][\/et_pb_divider][et_pb_text admin_label=\u00bbTitre description\u00bb _builder_version=\u00bb4.15&#8243; _module_preset=\u00bbdefault\u00bb text_font=\u00bb|700|||||||\u00bb text_text_color=\u00bb#2F4457&#8243; text_font_size=\u00bb17px\u00bb text_letter_spacing=\u00bb1px\u00bb global_colors_info=\u00bb{}\u00bb]<\/p>\n<p>Descripci\u00f3n<\/p>\n<p>[\/et_pb_text][et_pb_text admin_label=\u00bbTexte Description (\u00e0 remplir)\u00bb _builder_version=\u00bb4.15.1&#8243; _module_preset=\u00bbdefault\u00bb header_3_text_align=\u00bbleft\u00bb global_colors_info=\u00bb{}\u00bb]<\/p>\n<p>El Panty-Lift\u00ae Elegance est\u00e1 dise\u00f1ado con un sistema de cierre de gancho y ojo de dos filas para un ajuste \u00f3ptimo. El Panty-Lift\u00ae est\u00e1 cerrado en la entrepierna y decorado con encaje. Para evitar el contacto con las cicatrices, las costuras se colocan en el exterior de la prenda. La entrepierna cerrada evita la aparici\u00f3n de edemas postoperatorios en la zona del pubis. La calidad de nuestros tejidos y nuestra investigaci\u00f3n cl\u00ednica nos permiten garantizar que s\u00f3lo se necesita una prenda de compresi\u00f3n durante todo el postoperatorio.<\/p>\n<p>&nbsp;<\/p>\n<p><em>La calidad de nuestros tejidos y nuestra investigaci\u00f3n cl\u00ednica garantizan que s\u00f3lo se necesita una prenda para proporcionar el tratamiento completo requerido por su m\u00e9dico.<\/em><\/p>\n<p>[\/et_pb_text][\/et_pb_column][\/et_pb_row][\/et_pb_section][et_pb_section fb_built=\u00bb1&#8243; _builder_version=\u00bb4.15&#8243; _module_preset=\u00bbdefault\u00bb border_width_top=\u00bb2px\u00bb border_color_top=\u00bb#e3e3e3&#8243; global_colors_info=\u00bb{}\u00bb][et_pb_row _builder_version=\u00bb4.15&#8243; _module_preset=\u00bbdefault\u00bb global_colors_info=\u00bb{}\u00bb][et_pb_column type=\u00bb4_4&#8243; _builder_version=\u00bb4.15&#8243; _module_preset=\u00bbdefault\u00bb global_colors_info=\u00bb{}\u00bb][et_pb_tabs active_tab_background_color=\u00bb#FFFFFF\u00bb inactive_tab_background_color=\u00bb#FFFFFF\u00bb active_tab_text_color=\u00bb#2F4457&#8243; admin_label=\u00bbOnglets composition \/ guide de tailles&#8230;  (\u00e0 remplir)\u00bb module_class=\u00bbonglets-produits\u00bb _builder_version=\u00bb4.15&#8243; _module_preset=\u00bbdefault\u00bb tab_text_color=\u00bb#2F4457&#8243; tab_font_size=\u00bb14px\u00bb background_color=\u00bb#FFFFFF\u00bb custom_margin=\u00bb0px||||false|false\u00bb custom_padding=\u00bb|||30px||\u00bb custom_css_tabs_controls=\u00bbborder-top-color:transparent;||border-bottom-color:transparent;||background-color:transparent;\u00bb custom_css_tab=\u00bbborder:transparent;||\u00bb custom_css_tabs_content=\u00bbborder:transparent;\u00bb border_width_all=\u00bb0px\u00bb locked=\u00bboff\u00bb global_colors_info=\u00bb{}\u00bb][et_pb_tab title=\u00bbCOMPOSICI\u00d3N\u00bb _builder_version=\u00bb4.15&#8243; _module_preset=\u00bbdefault\u00bb global_colors_info=\u00bb{}\u00bb]<\/p>\n<h4>COMPOSICI\u00d3N<\/h4>\n<p>69% poli\u00e9ster &#8211; 31% elastano<\/p>\n<p><img loading=\"lazy\" decoding=\"async\" class=\"wp-image-3067 alignnone size-full\" src=\"https:\/\/www.medicalz.com\/wp-content\/uploads\/2021\/05\/coolmax.png\" alt=\"\" width=\"110\" height=\"24\" \/><\/p>\n<h4>CONTRAINDICACIONES :<\/h4>\n<p>La prenda de compresi\u00f3n no debe llevarse directamente sobre la piel lesionada.<\/p>\n<h4>CUIDADOS :<\/h4>\n<p>Lavar a m\u00e1quina a 30\u00b0C como m\u00e1ximo con un detergente a base de jab\u00f3n neutro (sin fosfato). No utilizar secadora.<em> <\/em><\/p>\n<p><em>Se recomienda lavar la prenda antes de usarla por primera vez.<\/em><\/p>\n<p>[\/et_pb_tab][et_pb_tab title=\u00bbGU\u00cdA DE TAMA\u00d1OS\u00bb _builder_version=\u00bb4.15&#8243; _module_preset=\u00bbdefault\u00bb global_colors_info=\u00bb{}\u00bb]<\/p>\n[et_pb_section global_module=\"7041\"][\/et_pb_section]\n<p><em>Las tallas indicadas corresponden a las medidas tomadas antes de la operaci\u00f3n. Se pueden hacer otros tama\u00f1os a medida.<\/em><\/p>\n<p><img loading=\"lazy\" decoding=\"async\" class=\"wp-image-10068 alignnone size-full\" src=\"https:\/\/www.medicalz.com\/wp-content\/uploads\/2021\/08\/LIPOPANTY_SHORT_COMBINES.jpg\" alt=\"Tableau de taille panty\" width=\"1772\" height=\"827\" srcset=\"https:\/\/www.medicalz.com\/wp-content\/uploads\/2021\/08\/LIPOPANTY_SHORT_COMBINES.jpg 1772w, https:\/\/www.medicalz.com\/wp-content\/uploads\/2021\/08\/LIPOPANTY_SHORT_COMBINES-1280x597.jpg 1280w, https:\/\/www.medicalz.com\/wp-content\/uploads\/2021\/08\/LIPOPANTY_SHORT_COMBINES-980x457.jpg 980w, https:\/\/www.medicalz.com\/wp-content\/uploads\/2021\/08\/LIPOPANTY_SHORT_COMBINES-480x224.jpg 480w\" sizes=\"(min-width: 0px) and (max-width: 480px) 480px, (min-width: 481px) and (max-width: 980px) 980px, (min-width: 981px) and (max-width: 1280px) 1280px, (min-width: 1281px) 1772px, 100vw\" \/><\/p>\n<p>[\/et_pb_tab][et_pb_tab title=\u00bbHOJA DE MEDIDAS\u00bb _builder_version=\u00bb4.15&#8243; _module_preset=\u00bbdefault\u00bb global_colors_info=\u00bb{}\u00bb]<\/p>\n<p><a href=\"https:\/\/www.medicalz.com\/wp-content\/uploads\/2021\/08\/SM-EC004-EC010-EC018-S018-2.pdf\" target=\"_blank\" rel=\"attachment noopener wp-att-6210\">DESCARGAR LA HOJA DE MEDIDAS<\/a><\/p>\n<p>[\/et_pb_tab][et_pb_tab title=\u00bbV\u00eddeo\u00bb _builder_version=\u00bb4.15&#8243; _module_preset=\u00bbdefault\u00bb global_colors_info=\u00bb{}\u00bb]<\/p>\n<p><strong>C\u00f3mo medir la ropa postoperatoria Medical Z<\/strong><\/p>\n<p><iframe loading=\"lazy\" title=\"Prise de mesure pour le Lipopanty M\u00e9dical Z\u00ae\" width=\"1080\" height=\"608\" src=\"https:\/\/www.youtube.com\/embed\/BNnE8kOkh0c?feature=oembed\"  allow=\"accelerometer; autoplay; clipboard-write; encrypted-media; gyroscope; picture-in-picture\" allowfullscreen><\/iframe><\/p>\n<p>[\/et_pb_tab][et_pb_tab title=\u00bbOPCI\u00d3N\u00bb _builder_version=\u00bb4.15&#8243; _module_preset=\u00bbdefault\u00bb global_colors_info=\u00bb{}\u00bb]<\/p>\n<h5><strong>OPCI\u00d3N DE TRANSFERENCIA DE GRASA<\/strong><\/h5>\n<p><img loading=\"lazy\" decoding=\"async\" class=\"wp-image-5314 alignnone \" src=\"https:\/\/www.medicalz.com\/wp-content\/uploads\/2021\/07\/icone_bblxl.png\" alt=\"\" width=\"154\" height=\"163\" \/>\u00a0 \u00a0 \u00a0<img loading=\"lazy\" decoding=\"async\" class=\"alignnone wp-image-5320\" src=\"https:\/\/www.medicalz.com\/wp-content\/uploads\/2021\/07\/hole.png\" alt=\"\" width=\"154\" height=\"182\" \/><\/p>\n<p>[\/et_pb_tab][\/et_pb_tabs][\/et_pb_column][\/et_pb_row][\/et_pb_section][et_pb_section fb_built=\u00bb1&#8243; _builder_version=\u00bb4.15&#8243; _module_preset=\u00bbdefault\u00bb background_color=\u00bb#e3e3e3&#8243; global_colors_info=\u00bb{}\u00bb][et_pb_row _builder_version=\u00bb4.15&#8243; _module_preset=\u00bbdefault\u00bb global_colors_info=\u00bb{}\u00bb][et_pb_column type=\u00bb4_4&#8243; _builder_version=\u00bb4.15&#8243; _module_preset=\u00bbdefault\u00bb global_colors_info=\u00bb{}\u00bb][et_pb_button button_text=\u00bbENCUENTRE TODAS LAS PREGUNTAS &#8211; FAQ\u00bb button_alignment=\u00bbcenter\u00bb _builder_version=\u00bb4.15.1&#8243; _module_preset=\u00bbdefault\u00bb custom_button=\u00bbon\u00bb button_text_size=\u00bb18px\u00bb button_text_color=\u00bb#2F4457&#8243; button_border_width=\u00bb1px\u00bb button_border_color=\u00bb#2F4457&#8243; button_border_radius=\u00bb0px\u00bb button_font=\u00bb|700|||||||\u00bb custom_padding=\u00bb15px|110px|15px|110px|false|true\u00bb hover_enabled=\u00bb0&#8243; global_colors_info=\u00bb{}\u00bb sticky_enabled=\u00bb0&#8243;][\/et_pb_button][\/et_pb_column][\/et_pb_row][\/et_pb_section][et_pb_section fb_built=\u00bb1&#8243; _builder_version=\u00bb4.15&#8243; _module_preset=\u00bbdefault\u00bb custom_padding=\u00bb0px|||||\u00bb global_colors_info=\u00bb{}\u00bb][et_pb_row _builder_version=\u00bb4.15&#8243; _module_preset=\u00bbdefault\u00bb custom_margin=\u00bb|auto|-28px|auto||\u00bb custom_padding=\u00bb||0px|||\u00bb global_colors_info=\u00bb{}\u00bb][et_pb_column type=\u00bb4_4&#8243; _builder_version=\u00bb4.15&#8243; _module_preset=\u00bbdefault\u00bb global_colors_info=\u00bb{}\u00bb][et_pb_text _builder_version=\u00bb4.15&#8243; _module_preset=\u00bbdefault\u00bb text_font=\u00bb|300|||||||\u00bb text_text_color=\u00bb#178fcf\u00bb header_text_color=\u00bb#178fcf\u00bb header_3_text_color=\u00bb#178FCF\u00bb locked=\u00bboff\u00bb global_colors_info=\u00bb{}\u00bb]<\/p>\n<h3>TAMBI\u00c9N LE OFRECEMOS<\/h3>\n<p>[\/et_pb_text][et_pb_divider module_class=\u00bbseparateur\u00bb _builder_version=\u00bb4.15&#8243; _module_preset=\u00bbdefault\u00bb global_colors_info=\u00bb{}\u00bb][\/et_pb_divider][et_pb_wc_related_products admin_label=\u00bbProduits apparent\u00e9s\u00bb _builder_version=\u00bb4.15&#8243; _module_preset=\u00bbdefault\u00bb border_width_all=\u00bb0px\u00bb global_colors_info=\u00bb{}\u00bb border_radii__hover_enabled=\u00bboff|hover\u00bb][\/et_pb_wc_related_products][et_pb_wc_upsells _builder_version=\u00bb4.15&#8243; _module_preset=\u00bbdefault\u00bb custom_css_price=\u00bbdisplay:none;\u00bb global_colors_info=\u00bb{}\u00bb][\/et_pb_wc_upsells][\/et_pb_column][\/et_pb_row][\/et_pb_section]<\/p>\n","protected":false},"excerpt":{"rendered":"<p>Panty-lift\u00ae Elegance Coolmax\u00aeTobilllo EC\/018Colores disponibles \u00a0Descripci\u00f3nEl Panty-Lift\u00ae Elegance est\u00e1 dise\u00f1ado con un sistema de cierre de gancho y ojo de dos filas para un ajuste \u00f3ptimo. El Panty-Lift\u00ae est\u00e1 cerrado en la entrepierna y decorado con encaje. Para evitar el contacto con las cicatrices, las costuras se colocan en el exterior de la prenda. La [&hellip;]<\/p>\n","protected":false},"featured_media":17392,"template":"","meta":{"_et_pb_use_builder":"on","_et_pb_old_content":"","_et_gb_content_width":""},"product_brand":[],"product_cat":[125,136],"product_tag":[],"class_list":{"0":"post-12233","1":"product","2":"type-product","3":"status-publish","4":"has-post-thumbnail","6":"product_cat-cirugia-plastica","7":"product_cat-figura","9":"first","10":"instock","11":"shipping-taxable","12":"product-type-simple"},"yoast_head":"<!-- This site is optimized with the Yoast SEO plugin v25.1 - https:\/\/yoast.com\/wordpress\/plugins\/seo\/ -->\n<title>PANTY-LIFT\u00ae Elegance Coolmax\u00ae  TOBILLO &#8226; Medical Z<\/title>\n<meta name=\"robots\" content=\"index, follow, max-snippet:-1, max-image-preview:large, max-video-preview:-1\" \/>\n<link rel=\"canonical\" href=\"https:\/\/www.medicalz.com\/es\/productos\/panty-lift-elegance-coolmax-haut-coupe-chevilles-fond-ferme-coutures-exterieures\/\" \/>\n<meta property=\"og:locale\" content=\"es_ES\" \/>\n<meta property=\"og:type\" content=\"article\" \/>\n<meta property=\"og:title\" content=\"PANTY-LIFT\u00ae Elegance Coolmax\u00ae  TOBILLO &#8226; Medical Z\" \/>\n<meta property=\"og:description\" content=\"Panty-lift\u00ae Elegance Coolmax\u00aeTobilllo EC\/018Colores disponibles \u00a0Descripci\u00f3nEl Panty-Lift\u00ae Elegance est\u00e1 dise\u00f1ado con un sistema de cierre de gancho y ojo de dos filas para un ajuste \u00f3ptimo. El Panty-Lift\u00ae est\u00e1 cerrado en la entrepierna y decorado con encaje. Para evitar el contacto con las cicatrices, las costuras se colocan en el exterior de la prenda. La [&hellip;]\" \/>\n<meta property=\"og:url\" content=\"https:\/\/www.medicalz.com\/es\/productos\/panty-lift-elegance-coolmax-haut-coupe-chevilles-fond-ferme-coutures-exterieures\/\" \/>\n<meta property=\"og:site_name\" content=\"Medical Z\" \/>\n<meta property=\"article:publisher\" content=\"https:\/\/www.facebook.com\/MedicalZFrance\/\" \/>\n<meta property=\"article:modified_time\" content=\"2022-03-30T10:10:17+00:00\" \/>\n<meta property=\"og:image\" content=\"https:\/\/www.medicalz.com\/wp-content\/uploads\/2021\/08\/EC018_site.png\" \/>\n\t<meta property=\"og:image:width\" content=\"1000\" \/>\n\t<meta property=\"og:image:height\" content=\"1000\" \/>\n\t<meta property=\"og:image:type\" content=\"image\/png\" \/>\n<script type=\"application\/ld+json\" class=\"yoast-schema-graph\">{\"@context\":\"https:\/\/schema.org\",\"@graph\":[{\"@type\":\"WebPage\",\"@id\":\"https:\/\/www.medicalz.com\/es\/productos\/panty-lift-elegance-coolmax-haut-coupe-chevilles-fond-ferme-coutures-exterieures\/\",\"url\":\"https:\/\/www.medicalz.com\/es\/productos\/panty-lift-elegance-coolmax-haut-coupe-chevilles-fond-ferme-coutures-exterieures\/\",\"name\":\"PANTY-LIFT\u00ae Elegance Coolmax\u00ae TOBILLO &#8226; Medical Z\",\"isPartOf\":{\"@id\":\"https:\/\/www.medicalz.com\/es\/#website\"},\"primaryImageOfPage\":{\"@id\":\"https:\/\/www.medicalz.com\/es\/productos\/panty-lift-elegance-coolmax-haut-coupe-chevilles-fond-ferme-coutures-exterieures\/#primaryimage\"},\"image\":{\"@id\":\"https:\/\/www.medicalz.com\/es\/productos\/panty-lift-elegance-coolmax-haut-coupe-chevilles-fond-ferme-coutures-exterieures\/#primaryimage\"},\"thumbnailUrl\":\"https:\/\/www.medicalz.com\/wp-content\/uploads\/2021\/08\/EC018_site.png\",\"datePublished\":\"2021-08-05T12:52:00+00:00\",\"dateModified\":\"2022-03-30T10:10:17+00:00\",\"breadcrumb\":{\"@id\":\"https:\/\/www.medicalz.com\/es\/productos\/panty-lift-elegance-coolmax-haut-coupe-chevilles-fond-ferme-coutures-exterieures\/#breadcrumb\"},\"inLanguage\":\"es\",\"potentialAction\":[{\"@type\":\"ReadAction\",\"target\":[\"https:\/\/www.medicalz.com\/es\/productos\/panty-lift-elegance-coolmax-haut-coupe-chevilles-fond-ferme-coutures-exterieures\/\"]}]},{\"@type\":\"ImageObject\",\"inLanguage\":\"es\",\"@id\":\"https:\/\/www.medicalz.com\/es\/productos\/panty-lift-elegance-coolmax-haut-coupe-chevilles-fond-ferme-coutures-exterieures\/#primaryimage\",\"url\":\"https:\/\/www.medicalz.com\/wp-content\/uploads\/2021\/08\/EC018_site.png\",\"contentUrl\":\"https:\/\/www.medicalz.com\/wp-content\/uploads\/2021\/08\/EC018_site.png\",\"width\":1000,\"height\":1000},{\"@type\":\"BreadcrumbList\",\"@id\":\"https:\/\/www.medicalz.com\/es\/productos\/panty-lift-elegance-coolmax-haut-coupe-chevilles-fond-ferme-coutures-exterieures\/#breadcrumb\",\"itemListElement\":[{\"@type\":\"ListItem\",\"position\":1,\"name\":\"Principal\",\"item\":\"https:\/\/www.medicalz.com\/es\/accueil\/\"},{\"@type\":\"ListItem\",\"position\":2,\"name\":\"Productos\",\"item\":\"https:\/\/www.medicalz.com\/es\/shop\/\"},{\"@type\":\"ListItem\",\"position\":3,\"name\":\"Cirugia plastica\",\"item\":\"https:\/\/www.medicalz.com\/es\/categoria-producto\/cirugia-plastica\/\"},{\"@type\":\"ListItem\",\"position\":4,\"name\":\"PANTY-LIFT\u00ae Elegance Coolmax\u00ae TOBILLO\"}]},{\"@type\":\"WebSite\",\"@id\":\"https:\/\/www.medicalz.com\/es\/#website\",\"url\":\"https:\/\/www.medicalz.com\/es\/\",\"name\":\"Medical Z\",\"description\":\"Cr\u00e9ateur FRAN\u00c7AIS de v\u00eatements compressifs depuis 1981\",\"publisher\":{\"@id\":\"https:\/\/www.medicalz.com\/es\/#organization\"},\"potentialAction\":[{\"@type\":\"SearchAction\",\"target\":{\"@type\":\"EntryPoint\",\"urlTemplate\":\"https:\/\/www.medicalz.com\/es\/?s={search_term_string}\"},\"query-input\":{\"@type\":\"PropertyValueSpecification\",\"valueRequired\":true,\"valueName\":\"search_term_string\"}}],\"inLanguage\":\"es\"},{\"@type\":\"Organization\",\"@id\":\"https:\/\/www.medicalz.com\/es\/#organization\",\"name\":\"MedicalZ\",\"url\":\"https:\/\/www.medicalz.com\/es\/\",\"logo\":{\"@type\":\"ImageObject\",\"inLanguage\":\"es\",\"@id\":\"https:\/\/www.medicalz.com\/es\/#\/schema\/logo\/image\/\",\"url\":\"https:\/\/www.medicalz.com\/wp-content\/uploads\/2021\/06\/logo-1.png\",\"contentUrl\":\"https:\/\/www.medicalz.com\/wp-content\/uploads\/2021\/06\/logo-1.png\",\"width\":400,\"height\":227,\"caption\":\"MedicalZ\"},\"image\":{\"@id\":\"https:\/\/www.medicalz.com\/es\/#\/schema\/logo\/image\/\"},\"sameAs\":[\"https:\/\/www.facebook.com\/MedicalZFrance\/\",\"https:\/\/www.instagram.com\/medicalz_fr\/?hl=fr\",\"https:\/\/www.youtube.com\/channel\/UC7rGbkWBc15cA4pbHS99Vbg\"]}]}<\/script>\n<!-- \/ Yoast SEO plugin. -->","yoast_head_json":{"title":"PANTY-LIFT\u00ae Elegance Coolmax\u00ae  TOBILLO &#8226; Medical Z","robots":{"index":"index","follow":"follow","max-snippet":"max-snippet:-1","max-image-preview":"max-image-preview:large","max-video-preview":"max-video-preview:-1"},"canonical":"https:\/\/www.medicalz.com\/es\/productos\/panty-lift-elegance-coolmax-haut-coupe-chevilles-fond-ferme-coutures-exterieures\/","og_locale":"es_ES","og_type":"article","og_title":"PANTY-LIFT\u00ae Elegance Coolmax\u00ae  TOBILLO &#8226; Medical Z","og_description":"Panty-lift\u00ae Elegance Coolmax\u00aeTobilllo EC\/018Colores disponibles \u00a0Descripci\u00f3nEl Panty-Lift\u00ae Elegance est\u00e1 dise\u00f1ado con un sistema de cierre de gancho y ojo de dos filas para un ajuste \u00f3ptimo. El Panty-Lift\u00ae est\u00e1 cerrado en la entrepierna y decorado con encaje. Para evitar el contacto con las cicatrices, las costuras se colocan en el exterior de la prenda. La [&hellip;]","og_url":"https:\/\/www.medicalz.com\/es\/productos\/panty-lift-elegance-coolmax-haut-coupe-chevilles-fond-ferme-coutures-exterieures\/","og_site_name":"Medical Z","article_publisher":"https:\/\/www.facebook.com\/MedicalZFrance\/","article_modified_time":"2022-03-30T10:10:17+00:00","og_image":[{"width":1000,"height":1000,"url":"https:\/\/www.medicalz.com\/wp-content\/uploads\/2021\/08\/EC018_site.png","type":"image\/png"}],"schema":{"@context":"https:\/\/schema.org","@graph":[{"@type":"WebPage","@id":"https:\/\/www.medicalz.com\/es\/productos\/panty-lift-elegance-coolmax-haut-coupe-chevilles-fond-ferme-coutures-exterieures\/","url":"https:\/\/www.medicalz.com\/es\/productos\/panty-lift-elegance-coolmax-haut-coupe-chevilles-fond-ferme-coutures-exterieures\/","name":"PANTY-LIFT\u00ae Elegance Coolmax\u00ae TOBILLO &#8226; Medical Z","isPartOf":{"@id":"https:\/\/www.medicalz.com\/es\/#website"},"primaryImageOfPage":{"@id":"https:\/\/www.medicalz.com\/es\/productos\/panty-lift-elegance-coolmax-haut-coupe-chevilles-fond-ferme-coutures-exterieures\/#primaryimage"},"image":{"@id":"https:\/\/www.medicalz.com\/es\/productos\/panty-lift-elegance-coolmax-haut-coupe-chevilles-fond-ferme-coutures-exterieures\/#primaryimage"},"thumbnailUrl":"https:\/\/www.medicalz.com\/wp-content\/uploads\/2021\/08\/EC018_site.png","datePublished":"2021-08-05T12:52:00+00:00","dateModified":"2022-03-30T10:10:17+00:00","breadcrumb":{"@id":"https:\/\/www.medicalz.com\/es\/productos\/panty-lift-elegance-coolmax-haut-coupe-chevilles-fond-ferme-coutures-exterieures\/#breadcrumb"},"inLanguage":"es","potentialAction":[{"@type":"ReadAction","target":["https:\/\/www.medicalz.com\/es\/productos\/panty-lift-elegance-coolmax-haut-coupe-chevilles-fond-ferme-coutures-exterieures\/"]}]},{"@type":"ImageObject","inLanguage":"es","@id":"https:\/\/www.medicalz.com\/es\/productos\/panty-lift-elegance-coolmax-haut-coupe-chevilles-fond-ferme-coutures-exterieures\/#primaryimage","url":"https:\/\/www.medicalz.com\/wp-content\/uploads\/2021\/08\/EC018_site.png","contentUrl":"https:\/\/www.medicalz.com\/wp-content\/uploads\/2021\/08\/EC018_site.png","width":1000,"height":1000},{"@type":"BreadcrumbList","@id":"https:\/\/www.medicalz.com\/es\/productos\/panty-lift-elegance-coolmax-haut-coupe-chevilles-fond-ferme-coutures-exterieures\/#breadcrumb","itemListElement":[{"@type":"ListItem","position":1,"name":"Principal","item":"https:\/\/www.medicalz.com\/es\/accueil\/"},{"@type":"ListItem","position":2,"name":"Productos","item":"https:\/\/www.medicalz.com\/es\/shop\/"},{"@type":"ListItem","position":3,"name":"Cirugia plastica","item":"https:\/\/www.medicalz.com\/es\/categoria-producto\/cirugia-plastica\/"},{"@type":"ListItem","position":4,"name":"PANTY-LIFT\u00ae Elegance Coolmax\u00ae TOBILLO"}]},{"@type":"WebSite","@id":"https:\/\/www.medicalz.com\/es\/#website","url":"https:\/\/www.medicalz.com\/es\/","name":"Medical Z","description":"Cr\u00e9ateur FRAN\u00c7AIS de v\u00eatements compressifs depuis 1981","publisher":{"@id":"https:\/\/www.medicalz.com\/es\/#organization"},"potentialAction":[{"@type":"SearchAction","target":{"@type":"EntryPoint","urlTemplate":"https:\/\/www.medicalz.com\/es\/?s={search_term_string}"},"query-input":{"@type":"PropertyValueSpecification","valueRequired":true,"valueName":"search_term_string"}}],"inLanguage":"es"},{"@type":"Organization","@id":"https:\/\/www.medicalz.com\/es\/#organization","name":"MedicalZ","url":"https:\/\/www.medicalz.com\/es\/","logo":{"@type":"ImageObject","inLanguage":"es","@id":"https:\/\/www.medicalz.com\/es\/#\/schema\/logo\/image\/","url":"https:\/\/www.medicalz.com\/wp-content\/uploads\/2021\/06\/logo-1.png","contentUrl":"https:\/\/www.medicalz.com\/wp-content\/uploads\/2021\/06\/logo-1.png","width":400,"height":227,"caption":"MedicalZ"},"image":{"@id":"https:\/\/www.medicalz.com\/es\/#\/schema\/logo\/image\/"},"sameAs":["https:\/\/www.facebook.com\/MedicalZFrance\/","https:\/\/www.instagram.com\/medicalz_fr\/?hl=fr","https:\/\/www.youtube.com\/channel\/UC7rGbkWBc15cA4pbHS99Vbg"]}]}},"_links":{"self":[{"href":"https:\/\/www.medicalz.com\/es\/wp-json\/wp\/v2\/product\/12233","targetHints":{"allow":["GET"]}}],"collection":[{"href":"https:\/\/www.medicalz.com\/es\/wp-json\/wp\/v2\/product"}],"about":[{"href":"https:\/\/www.medicalz.com\/es\/wp-json\/wp\/v2\/types\/product"}],"wp:featuredmedia":[{"embeddable":true,"href":"https:\/\/www.medicalz.com\/es\/wp-json\/wp\/v2\/media\/17392"}],"wp:attachment":[{"href":"https:\/\/www.medicalz.com\/es\/wp-json\/wp\/v2\/media?parent=12233"}],"wp:term":[{"taxonomy":"product_brand","embeddable":true,"href":"https:\/\/www.medicalz.com\/es\/wp-json\/wp\/v2\/product_brand?post=12233"},{"taxonomy":"product_cat","embeddable":true,"href":"https:\/\/www.medicalz.com\/es\/wp-json\/wp\/v2\/product_cat?post=12233"},{"taxonomy":"product_tag","embeddable":true,"href":"https:\/\/www.medicalz.com\/es\/wp-json\/wp\/v2\/product_tag?post=12233"}],"curies":[{"name":"wp","href":"https:\/\/api.w.org\/{rel}","templated":true}]}}