{"id":15271,"date":"2021-08-05T11:40:35","date_gmt":"2021-08-05T09:40:35","guid":{"rendered":"https:\/\/www.medicalz.com\/produits\/correas-de-hombro-ajustables-zbra-correa-de-hombro-extraible\/"},"modified":"2022-04-04T15:43:19","modified_gmt":"2022-04-04T13:43:19","slug":"correas-de-hombro-ajustables-zbra-correa-de-hombro-extraible","status":"publish","type":"product","link":"https:\/\/www.medicalz.com\/es\/productos\/correas-de-hombro-ajustables-zbra-correa-de-hombro-extraible\/","title":{"rendered":"ZBRA\u00ae AJUSTABLE CON BANDA MAMARIA"},"content":{"rendered":"<p>[et_pb_section fb_built=\u00bb1&#8243; _builder_version=\u00bb4.16&#8243; _module_preset=\u00bbdefault\u00bb global_colors_info=\u00bb{}\u00bb][et_pb_row column_structure=\u00bb1_2,1_2&#8243; _builder_version=\u00bb4.16&#8243; _module_preset=\u00bbdefault\u00bb global_colors_info=\u00bb{}\u00bb][et_pb_column type=\u00bb1_2&#8243; _builder_version=\u00bb4.16&#8243; _module_preset=\u00bbdefault\u00bb global_colors_info=\u00bb{}\u00bb][et_pb_wc_images admin_label=\u00bbVisuel produit\u00bb _builder_version=\u00bb4.16&#8243; _module_preset=\u00bbdefault\u00bb global_colors_info=\u00bb{}\u00bb][\/et_pb_wc_images][\/et_pb_column][et_pb_column type=\u00bb1_2&#8243; _builder_version=\u00bb4.16&#8243; _module_preset=\u00bbdefault\u00bb global_colors_info=\u00bb{}\u00bb][et_pb_text admin_label=\u00bbNom produit \/ R\u00e9f  (\u00e0 remplir)\u00bb module_class=\u00bbhn-produits\u00bb _builder_version=\u00bb4.16&#8243; _module_preset=\u00bbdefault\u00bb text_font=\u00bb|700|||||||\u00bb text_text_color=\u00bb#2F4457&#8243; text_font_size=\u00bb17px\u00bb global_colors_info=\u00bb{}\u00bb]<\/p>\n<h1>Zbra\u00ae<br \/>AJUSTABLE CON BANDA MAMARIA\u00a0<\/h1>\n<p>S\/024<\/p>\n<p>[\/et_pb_text][et_pb_divider color=\u00bb#e3e3e3&#8243; divider_weight=\u00bb2px\u00bb _builder_version=\u00bb4.16&#8243; _module_preset=\u00bbdefault\u00bb custom_margin=\u00bb||0px||false|false\u00bb global_colors_info=\u00bb{}\u00bb][\/et_pb_divider][et_pb_text admin_label=\u00bbCouleurs disponibles  (\u00e0 remplir)\u00bb _builder_version=\u00bb4.16&#8243; _module_preset=\u00bbdefault\u00bb text_font=\u00bb|700|||||||\u00bb text_text_color=\u00bb#2F4457&#8243; text_font_size=\u00bb17px\u00bb text_letter_spacing=\u00bb1px\u00bb custom_margin=\u00bb||4px|||\u00bb global_colors_info=\u00bb{}\u00bb]<\/p>\n<p>Colores disponibles<\/p>\n<p><img loading=\"lazy\" decoding=\"async\" class=\"wp-image-4689 alignnone size-full\" src=\"https:\/\/www.medicalz.com\/wp-content\/uploads\/2021\/07\/rond_noir_selec.png\" alt=\"\" width=\"50\" height=\"50\" data-mce-src=\"https:\/\/www.medicalz.com\/wp-content\/uploads\/2021\/07\/rond_noir_selec.png\"><img loading=\"lazy\" decoding=\"async\" src=\"https:\/\/www.medicalz.com\/wp-content\/uploads\/2021\/12\/rond_blanc_selec.png\" width=\"50\" height=\"50\" alt=\"\" class=\"wp-image-13314 alignnone size-full\" data-mce-src=\"https:\/\/www.medicalz.com\/wp-content\/uploads\/2021\/12\/rond_blanc_selec.png\"><\/p>\n<p>[\/et_pb_text][et_pb_divider color=\u00bb#e3e3e3&#8243; divider_weight=\u00bb2px\u00bb _builder_version=\u00bb4.16&#8243; _module_preset=\u00bbdefault\u00bb custom_margin=\u00bb||0px||false|false\u00bb global_colors_info=\u00bb{}\u00bb][\/et_pb_divider][et_pb_text admin_label=\u00bbTitre description\u00bb _builder_version=\u00bb4.16&#8243; _module_preset=\u00bbdefault\u00bb text_font=\u00bb|700|||||||\u00bb text_text_color=\u00bb#2F4457&#8243; text_font_size=\u00bb17px\u00bb text_letter_spacing=\u00bb1px\u00bb global_colors_info=\u00bb{}\u00bb]<\/p>\n<p>Descripci\u00f3n<\/p>\n<p>[\/et_pb_text][et_pb_text admin_label=\u00bbTexte Description (\u00e0 remplir)\u00bb _builder_version=\u00bb4.16&#8243; _module_preset=\u00bbdefault\u00bb header_3_text_align=\u00bbleft\u00bb global_colors_info=\u00bb{}\u00bb]<\/p>\n<p><strong>El Z-Bra<sup>\u00ae<\/sup>&nbsp;es un nuevo concepto de sujetador postoperatorio.<\/strong><\/p>\n<p>Apoy\u00e1ndose en las <strong>nuevas tecnolog\u00edas textiles y est\u00e9ticas<\/strong>, permite brindar a la vez <strong>confort, sostenimiento y elegancia<\/strong>.<br \/>Un dise\u00f1o innovador para un sostenimiento \u00f3ptimo.<\/p>\n<p>Un <strong>confort exceptional<\/strong> gracias a su textil tecnol\u00f3gico compuesto por Lycra Soft Comfort<sup>\u00ae<\/sup>&nbsp;para un mayor sostenimiento y por CoolMax<sup>\u00ae<\/sup>&nbsp;para la evacuaci\u00f3n de la humedad.<br \/>Unas <strong>costuras planas<\/strong> para <strong>evitar las irritaciones<\/strong>, <strong>cierre frontal<\/strong> para un <strong>mayor equilibrio anat\u00f3mico<\/strong> y <strong>espalda deportiva<\/strong> para<strong> una mayor libertad de movimiento<\/strong>.<\/p>\n<p>[\/et_pb_text][\/et_pb_column][\/et_pb_row][\/et_pb_section][et_pb_section fb_built=\u00bb1&#8243; _builder_version=\u00bb4.16&#8243; _module_preset=\u00bbdefault\u00bb border_width_top=\u00bb2px\u00bb border_color_top=\u00bb#e3e3e3&#8243; global_colors_info=\u00bb{}\u00bb][et_pb_row _builder_version=\u00bb4.16&#8243; _module_preset=\u00bbdefault\u00bb global_colors_info=\u00bb{}\u00bb][et_pb_column type=\u00bb4_4&#8243; _builder_version=\u00bb4.16&#8243; _module_preset=\u00bbdefault\u00bb global_colors_info=\u00bb{}\u00bb][et_pb_tabs active_tab_background_color=\u00bb#FFFFFF\u00bb inactive_tab_background_color=\u00bb#FFFFFF\u00bb active_tab_text_color=\u00bb#2F4457&#8243; admin_label=\u00bbOnglets composition \/ guide de tailles&#8230;  (\u00e0 remplir)\u00bb module_class=\u00bbonglets-produits\u00bb _builder_version=\u00bb4.16&#8243; _module_preset=\u00bbdefault\u00bb tab_text_color=\u00bb#2F4457&#8243; tab_font_size=\u00bb14px\u00bb background_color=\u00bb#FFFFFF\u00bb custom_margin=\u00bb0px||||false|false\u00bb custom_padding=\u00bb|||30px||\u00bb custom_css_tabs_controls=\u00bbborder-top-color:transparent;||border-bottom-color:transparent;||background-color:transparent;\u00bb custom_css_tab=\u00bbborder:transparent;||\u00bb custom_css_tabs_content=\u00bbborder:transparent;\u00bb border_width_all=\u00bb0px\u00bb locked=\u00bboff\u00bb global_colors_info=\u00bb{}\u00bb][et_pb_tab title=\u00bbCOMPOSICI\u00d3N\u00bb _builder_version=\u00bb4.16&#8243; _module_preset=\u00bbdefault\u00bb global_colors_info=\u00bb{}\u00bb]<\/p>\n<h4>COMPOSICI\u00d3N<\/h4>\n<p>83% Poliamida- 17% Elastano<\/p>\n<h4>CONTRAINDICACIONES<\/h4>\n<p>El Brasier de compresi\u00f3n y la banda mamaria no deben llevarse directamente sobre la piel lesionada.<\/p>\n<h4>CUIDADOS\u00a0<\/h4>\n<p>Lavar a m\u00e1quina a 30\u00b0C como m\u00e1ximo con un detergente a base de jab\u00f3n neutro (sin fosfato). No utilizar secadora.<em> <\/em><\/p>\n<p><em>Se recomienda lavar la prenda antes de usarla por primera vez.<\/em><\/p>\n<p>&nbsp;<\/p>\n<p>[\/et_pb_tab][et_pb_tab title=\u00bbGU\u00cdA DE TAMA\u00d1OS\u00bb _builder_version=\u00bb4.16&#8243; _module_preset=\u00bbdefault\u00bb global_colors_info=\u00bb{}\u00bb]<\/p>\n[et_pb_section global_module=\"7041\"][\/et_pb_section]\n<p><em>Los tama\u00f1os indicados corresponden a las medidas tomadas antes de la cirug\u00eda. Se pueden hacer otros tama\u00f1os a medida.<\/em><\/p>\n<p><img loading=\"lazy\" decoding=\"async\" class=\"wp-image-10072 alignnone size-full\" src=\"https:\/\/www.medicalz.com\/wp-content\/uploads\/2021\/08\/Tableaux_taille_ZBRA.jpg\" alt=\"Tableau de taille ceinture standrad\" width=\"1890\" height=\"827\" data-mce-src=\"https:\/\/www.medicalz.com\/wp-content\/uploads\/2021\/08\/Tableaux_taille_ZBRA.jpg\" srcset=\"https:\/\/www.medicalz.com\/wp-content\/uploads\/2021\/08\/Tableaux_taille_ZBRA.jpg 1890w, https:\/\/www.medicalz.com\/wp-content\/uploads\/2021\/08\/Tableaux_taille_ZBRA-1280x560.jpg 1280w, https:\/\/www.medicalz.com\/wp-content\/uploads\/2021\/08\/Tableaux_taille_ZBRA-980x429.jpg 980w, https:\/\/www.medicalz.com\/wp-content\/uploads\/2021\/08\/Tableaux_taille_ZBRA-480x210.jpg 480w\" sizes=\"(min-width: 0px) and (max-width: 480px) 480px, (min-width: 481px) and (max-width: 980px) 980px, (min-width: 981px) and (max-width: 1280px) 1280px, (min-width: 1281px) 1890px, 100vw\" \/><\/p>\n<p>[\/et_pb_tab][et_pb_tab title=\u00bbV\u00eddeo\u00bb _builder_version=\u00bb4.16&#8243; _module_preset=\u00bbdefault\u00bb global_colors_info=\u00bb{}\u00bb]<\/p>\n<p><strong>C\u00f3mo medir la ropa postoperatoria Medical Z<\/strong><\/p>\n<div class=\"wpview wpview-wrap\" data-wpview-text=\"%5Bembed%5Dhttps%3A%2F%2Fyoutu.be%2FbUE4KM8kK3Y%5B%2Fembed%5D\" data-wpview-type=\"embed\" contenteditable=\"false\"><iframe loading=\"lazy\" title=\"Prise de mesure pour le Zbra M\u00e9dical Z\u00ae\" width=\"527\" height=\"296\" src=\"https:\/\/www.youtube.com\/embed\/bUE4KM8kK3Y?feature=oembed\" allow=\"accelerometer; autoplay; clipboard-write; encrypted-media; gyroscope; picture-in-picture\" allowfullscreen=\"\"><\/iframe><span class=\"mce-shim\"><\/span><span class=\"mce-shim\"><\/span><span class=\"wpview-end\"><\/span><\/div>\n<p>[\/et_pb_tab][\/et_pb_tabs][\/et_pb_column][\/et_pb_row][\/et_pb_section][et_pb_section fb_built=\u00bb1&#8243; _builder_version=\u00bb4.16&#8243; _module_preset=\u00bbdefault\u00bb background_color=\u00bb#e3e3e3&#8243; global_colors_info=\u00bb{}\u00bb][et_pb_row _builder_version=\u00bb4.16&#8243; _module_preset=\u00bbdefault\u00bb global_colors_info=\u00bb{}\u00bb][et_pb_column type=\u00bb4_4&#8243; _builder_version=\u00bb4.16&#8243; _module_preset=\u00bbdefault\u00bb global_colors_info=\u00bb{}\u00bb][et_pb_button button_text=\u00bbENCUENTRE TODAS LAS PREGUNTAS &#8211; FAQ\u00bb button_alignment=\u00bbcenter\u00bb _builder_version=\u00bb4.16&#8243; _module_preset=\u00bbdefault\u00bb custom_button=\u00bbon\u00bb button_text_size=\u00bb18px\u00bb button_text_color=\u00bb#2F4457&#8243; button_border_width=\u00bb1px\u00bb button_border_color=\u00bb#2F4457&#8243; button_border_radius=\u00bb0px\u00bb button_font=\u00bb|700|||||||\u00bb custom_padding=\u00bb15px|110px|15px|110px|false|true\u00bb global_colors_info=\u00bb{}\u00bb][\/et_pb_button][\/et_pb_column][\/et_pb_row][\/et_pb_section][et_pb_section fb_built=\u00bb1&#8243; _builder_version=\u00bb4.16&#8243; _module_preset=\u00bbdefault\u00bb custom_padding=\u00bb0px|||||\u00bb global_colors_info=\u00bb{}\u00bb][et_pb_row _builder_version=\u00bb4.16&#8243; _module_preset=\u00bbdefault\u00bb custom_margin=\u00bb|auto|-28px|auto||\u00bb custom_padding=\u00bb||0px|||\u00bb global_colors_info=\u00bb{}\u00bb][et_pb_column type=\u00bb4_4&#8243; _builder_version=\u00bb4.16&#8243; _module_preset=\u00bbdefault\u00bb global_colors_info=\u00bb{}\u00bb][et_pb_text _builder_version=\u00bb4.16&#8243; _module_preset=\u00bbdefault\u00bb text_font=\u00bb|300|||||||\u00bb text_text_color=\u00bb#178fcf\u00bb header_text_color=\u00bb#178fcf\u00bb header_3_text_color=\u00bb#178FCF\u00bb locked=\u00bboff\u00bb global_colors_info=\u00bb{}\u00bb]<\/p>\n<h3>TAMBI\u00c9N LE OFRECEMOS<\/h3>\n<p>[\/et_pb_text][et_pb_divider module_class=\u00bbseparateur\u00bb _builder_version=\u00bb4.16&#8243; _module_preset=\u00bbdefault\u00bb global_colors_info=\u00bb{}\u00bb][\/et_pb_divider][et_pb_wc_related_products admin_label=\u00bbProduits apparent\u00e9s\u00bb _builder_version=\u00bb4.16&#8243; _module_preset=\u00bbdefault\u00bb border_width_all=\u00bb0px\u00bb global_colors_info=\u00bb{}\u00bb border_radii__hover_enabled=\u00bboff|hover\u00bb][\/et_pb_wc_related_products][et_pb_wc_upsells _builder_version=\u00bb4.16&#8243; _module_preset=\u00bbdefault\u00bb custom_css_price=\u00bbdisplay:none;\u00bb global_colors_info=\u00bb{}\u00bb][\/et_pb_wc_upsells][\/et_pb_column][\/et_pb_row][\/et_pb_section]<\/p>\n","protected":false},"excerpt":{"rendered":"<p>Zbra\u00aeAJUSTABLE CON BANDA MAMARIA\u00a0 S\/024Colores disponiblesDescripci\u00f3nEl Z-Bra\u00ae&nbsp;es un nuevo concepto de sujetador postoperatorio.Apoy\u00e1ndose en las nuevas tecnolog\u00edas textiles y est\u00e9ticas, permite brindar a la vez confort, sostenimiento y elegancia.Un dise\u00f1o innovador para un sostenimiento \u00f3ptimo.Un confort exceptional gracias a su textil tecnol\u00f3gico compuesto por Lycra Soft Comfort\u00ae&nbsp;para un mayor sostenimiento y por CoolMax\u00ae&nbsp;para la evacuaci\u00f3n [&hellip;]<\/p>\n","protected":false},"featured_media":17094,"template":"","meta":{"_et_pb_use_builder":"on","_et_pb_old_content":"","_et_gb_content_width":""},"product_brand":[],"product_cat":[125,135],"product_tag":[],"class_list":{"0":"post-15271","1":"product","2":"type-product","3":"status-publish","4":"has-post-thumbnail","6":"product_cat-cirugia-plastica","7":"product_cat-mamaria","9":"first","10":"instock","11":"featured","12":"shipping-taxable","13":"product-type-simple"},"yoast_head":"<!-- This site is optimized with the Yoast SEO plugin v25.1 - https:\/\/yoast.com\/wordpress\/plugins\/seo\/ -->\n<title>ZBRA\u00ae AJUSTABLE CON BANDA MAMARIA &#8226; Medical Z<\/title>\n<meta name=\"robots\" content=\"index, follow, max-snippet:-1, max-image-preview:large, max-video-preview:-1\" \/>\n<link rel=\"canonical\" href=\"https:\/\/www.medicalz.com\/es\/productos\/correas-de-hombro-ajustables-zbra-correa-de-hombro-extraible\/\" \/>\n<meta property=\"og:locale\" content=\"es_ES\" \/>\n<meta property=\"og:type\" content=\"article\" \/>\n<meta property=\"og:title\" content=\"ZBRA\u00ae AJUSTABLE CON BANDA MAMARIA &#8226; Medical Z\" \/>\n<meta property=\"og:description\" content=\"Zbra\u00aeAJUSTABLE CON BANDA MAMARIA\u00a0 S\/024Colores disponiblesDescripci\u00f3nEl Z-Bra\u00ae&nbsp;es un nuevo concepto de sujetador postoperatorio.Apoy\u00e1ndose en las nuevas tecnolog\u00edas textiles y est\u00e9ticas, permite brindar a la vez confort, sostenimiento y elegancia.Un dise\u00f1o innovador para un sostenimiento \u00f3ptimo.Un confort exceptional gracias a su textil tecnol\u00f3gico compuesto por Lycra Soft Comfort\u00ae&nbsp;para un mayor sostenimiento y por CoolMax\u00ae&nbsp;para la evacuaci\u00f3n [&hellip;]\" \/>\n<meta property=\"og:url\" content=\"https:\/\/www.medicalz.com\/es\/productos\/correas-de-hombro-ajustables-zbra-correa-de-hombro-extraible\/\" \/>\n<meta property=\"og:site_name\" content=\"Medical Z\" \/>\n<meta property=\"article:publisher\" content=\"https:\/\/www.facebook.com\/MedicalZFrance\/\" \/>\n<meta property=\"article:modified_time\" content=\"2022-04-04T13:43:19+00:00\" \/>\n<meta property=\"og:image\" content=\"https:\/\/www.medicalz.com\/wp-content\/uploads\/2021\/08\/WENDY_NOIR_S024_ambiancebd.jpg\" \/>\n\t<meta property=\"og:image:width\" content=\"1000\" \/>\n\t<meta property=\"og:image:height\" content=\"1403\" \/>\n\t<meta property=\"og:image:type\" content=\"image\/jpeg\" \/>\n<script type=\"application\/ld+json\" class=\"yoast-schema-graph\">{\"@context\":\"https:\/\/schema.org\",\"@graph\":[{\"@type\":\"WebPage\",\"@id\":\"https:\/\/www.medicalz.com\/es\/productos\/correas-de-hombro-ajustables-zbra-correa-de-hombro-extraible\/\",\"url\":\"https:\/\/www.medicalz.com\/es\/productos\/correas-de-hombro-ajustables-zbra-correa-de-hombro-extraible\/\",\"name\":\"ZBRA\u00ae AJUSTABLE CON BANDA MAMARIA &#8226; Medical Z\",\"isPartOf\":{\"@id\":\"https:\/\/www.medicalz.com\/es\/#website\"},\"primaryImageOfPage\":{\"@id\":\"https:\/\/www.medicalz.com\/es\/productos\/correas-de-hombro-ajustables-zbra-correa-de-hombro-extraible\/#primaryimage\"},\"image\":{\"@id\":\"https:\/\/www.medicalz.com\/es\/productos\/correas-de-hombro-ajustables-zbra-correa-de-hombro-extraible\/#primaryimage\"},\"thumbnailUrl\":\"https:\/\/www.medicalz.com\/wp-content\/uploads\/2021\/08\/WENDY_NOIR_S024_ambiancebd.jpg\",\"datePublished\":\"2021-08-05T09:40:35+00:00\",\"dateModified\":\"2022-04-04T13:43:19+00:00\",\"breadcrumb\":{\"@id\":\"https:\/\/www.medicalz.com\/es\/productos\/correas-de-hombro-ajustables-zbra-correa-de-hombro-extraible\/#breadcrumb\"},\"inLanguage\":\"es\",\"potentialAction\":[{\"@type\":\"ReadAction\",\"target\":[\"https:\/\/www.medicalz.com\/es\/productos\/correas-de-hombro-ajustables-zbra-correa-de-hombro-extraible\/\"]}]},{\"@type\":\"ImageObject\",\"inLanguage\":\"es\",\"@id\":\"https:\/\/www.medicalz.com\/es\/productos\/correas-de-hombro-ajustables-zbra-correa-de-hombro-extraible\/#primaryimage\",\"url\":\"https:\/\/www.medicalz.com\/wp-content\/uploads\/2021\/08\/WENDY_NOIR_S024_ambiancebd.jpg\",\"contentUrl\":\"https:\/\/www.medicalz.com\/wp-content\/uploads\/2021\/08\/WENDY_NOIR_S024_ambiancebd.jpg\",\"width\":1000,\"height\":1403},{\"@type\":\"BreadcrumbList\",\"@id\":\"https:\/\/www.medicalz.com\/es\/productos\/correas-de-hombro-ajustables-zbra-correa-de-hombro-extraible\/#breadcrumb\",\"itemListElement\":[{\"@type\":\"ListItem\",\"position\":1,\"name\":\"Principal\",\"item\":\"https:\/\/www.medicalz.com\/es\/accueil\/\"},{\"@type\":\"ListItem\",\"position\":2,\"name\":\"Productos\",\"item\":\"https:\/\/www.medicalz.com\/es\/shop\/\"},{\"@type\":\"ListItem\",\"position\":3,\"name\":\"Cirugia plastica\",\"item\":\"https:\/\/www.medicalz.com\/es\/categoria-producto\/cirugia-plastica\/\"},{\"@type\":\"ListItem\",\"position\":4,\"name\":\"ZBRA\u00ae AJUSTABLE CON BANDA MAMARIA\"}]},{\"@type\":\"WebSite\",\"@id\":\"https:\/\/www.medicalz.com\/es\/#website\",\"url\":\"https:\/\/www.medicalz.com\/es\/\",\"name\":\"Medical Z\",\"description\":\"Cr\u00e9ateur FRAN\u00c7AIS de v\u00eatements compressifs depuis 1981\",\"publisher\":{\"@id\":\"https:\/\/www.medicalz.com\/es\/#organization\"},\"potentialAction\":[{\"@type\":\"SearchAction\",\"target\":{\"@type\":\"EntryPoint\",\"urlTemplate\":\"https:\/\/www.medicalz.com\/es\/?s={search_term_string}\"},\"query-input\":{\"@type\":\"PropertyValueSpecification\",\"valueRequired\":true,\"valueName\":\"search_term_string\"}}],\"inLanguage\":\"es\"},{\"@type\":\"Organization\",\"@id\":\"https:\/\/www.medicalz.com\/es\/#organization\",\"name\":\"MedicalZ\",\"url\":\"https:\/\/www.medicalz.com\/es\/\",\"logo\":{\"@type\":\"ImageObject\",\"inLanguage\":\"es\",\"@id\":\"https:\/\/www.medicalz.com\/es\/#\/schema\/logo\/image\/\",\"url\":\"https:\/\/www.medicalz.com\/wp-content\/uploads\/2021\/06\/logo-1.png\",\"contentUrl\":\"https:\/\/www.medicalz.com\/wp-content\/uploads\/2021\/06\/logo-1.png\",\"width\":400,\"height\":227,\"caption\":\"MedicalZ\"},\"image\":{\"@id\":\"https:\/\/www.medicalz.com\/es\/#\/schema\/logo\/image\/\"},\"sameAs\":[\"https:\/\/www.facebook.com\/MedicalZFrance\/\",\"https:\/\/www.instagram.com\/medicalz_fr\/?hl=fr\",\"https:\/\/www.youtube.com\/channel\/UC7rGbkWBc15cA4pbHS99Vbg\"]}]}<\/script>\n<!-- \/ Yoast SEO plugin. -->","yoast_head_json":{"title":"ZBRA\u00ae AJUSTABLE CON BANDA MAMARIA &#8226; Medical Z","robots":{"index":"index","follow":"follow","max-snippet":"max-snippet:-1","max-image-preview":"max-image-preview:large","max-video-preview":"max-video-preview:-1"},"canonical":"https:\/\/www.medicalz.com\/es\/productos\/correas-de-hombro-ajustables-zbra-correa-de-hombro-extraible\/","og_locale":"es_ES","og_type":"article","og_title":"ZBRA\u00ae AJUSTABLE CON BANDA MAMARIA &#8226; Medical Z","og_description":"Zbra\u00aeAJUSTABLE CON BANDA MAMARIA\u00a0 S\/024Colores disponiblesDescripci\u00f3nEl Z-Bra\u00ae&nbsp;es un nuevo concepto de sujetador postoperatorio.Apoy\u00e1ndose en las nuevas tecnolog\u00edas textiles y est\u00e9ticas, permite brindar a la vez confort, sostenimiento y elegancia.Un dise\u00f1o innovador para un sostenimiento \u00f3ptimo.Un confort exceptional gracias a su textil tecnol\u00f3gico compuesto por Lycra Soft Comfort\u00ae&nbsp;para un mayor sostenimiento y por CoolMax\u00ae&nbsp;para la evacuaci\u00f3n [&hellip;]","og_url":"https:\/\/www.medicalz.com\/es\/productos\/correas-de-hombro-ajustables-zbra-correa-de-hombro-extraible\/","og_site_name":"Medical Z","article_publisher":"https:\/\/www.facebook.com\/MedicalZFrance\/","article_modified_time":"2022-04-04T13:43:19+00:00","og_image":[{"width":1000,"height":1403,"url":"https:\/\/www.medicalz.com\/wp-content\/uploads\/2021\/08\/WENDY_NOIR_S024_ambiancebd.jpg","type":"image\/jpeg"}],"schema":{"@context":"https:\/\/schema.org","@graph":[{"@type":"WebPage","@id":"https:\/\/www.medicalz.com\/es\/productos\/correas-de-hombro-ajustables-zbra-correa-de-hombro-extraible\/","url":"https:\/\/www.medicalz.com\/es\/productos\/correas-de-hombro-ajustables-zbra-correa-de-hombro-extraible\/","name":"ZBRA\u00ae AJUSTABLE CON BANDA MAMARIA &#8226; Medical Z","isPartOf":{"@id":"https:\/\/www.medicalz.com\/es\/#website"},"primaryImageOfPage":{"@id":"https:\/\/www.medicalz.com\/es\/productos\/correas-de-hombro-ajustables-zbra-correa-de-hombro-extraible\/#primaryimage"},"image":{"@id":"https:\/\/www.medicalz.com\/es\/productos\/correas-de-hombro-ajustables-zbra-correa-de-hombro-extraible\/#primaryimage"},"thumbnailUrl":"https:\/\/www.medicalz.com\/wp-content\/uploads\/2021\/08\/WENDY_NOIR_S024_ambiancebd.jpg","datePublished":"2021-08-05T09:40:35+00:00","dateModified":"2022-04-04T13:43:19+00:00","breadcrumb":{"@id":"https:\/\/www.medicalz.com\/es\/productos\/correas-de-hombro-ajustables-zbra-correa-de-hombro-extraible\/#breadcrumb"},"inLanguage":"es","potentialAction":[{"@type":"ReadAction","target":["https:\/\/www.medicalz.com\/es\/productos\/correas-de-hombro-ajustables-zbra-correa-de-hombro-extraible\/"]}]},{"@type":"ImageObject","inLanguage":"es","@id":"https:\/\/www.medicalz.com\/es\/productos\/correas-de-hombro-ajustables-zbra-correa-de-hombro-extraible\/#primaryimage","url":"https:\/\/www.medicalz.com\/wp-content\/uploads\/2021\/08\/WENDY_NOIR_S024_ambiancebd.jpg","contentUrl":"https:\/\/www.medicalz.com\/wp-content\/uploads\/2021\/08\/WENDY_NOIR_S024_ambiancebd.jpg","width":1000,"height":1403},{"@type":"BreadcrumbList","@id":"https:\/\/www.medicalz.com\/es\/productos\/correas-de-hombro-ajustables-zbra-correa-de-hombro-extraible\/#breadcrumb","itemListElement":[{"@type":"ListItem","position":1,"name":"Principal","item":"https:\/\/www.medicalz.com\/es\/accueil\/"},{"@type":"ListItem","position":2,"name":"Productos","item":"https:\/\/www.medicalz.com\/es\/shop\/"},{"@type":"ListItem","position":3,"name":"Cirugia plastica","item":"https:\/\/www.medicalz.com\/es\/categoria-producto\/cirugia-plastica\/"},{"@type":"ListItem","position":4,"name":"ZBRA\u00ae AJUSTABLE CON BANDA MAMARIA"}]},{"@type":"WebSite","@id":"https:\/\/www.medicalz.com\/es\/#website","url":"https:\/\/www.medicalz.com\/es\/","name":"Medical Z","description":"Cr\u00e9ateur FRAN\u00c7AIS de v\u00eatements compressifs depuis 1981","publisher":{"@id":"https:\/\/www.medicalz.com\/es\/#organization"},"potentialAction":[{"@type":"SearchAction","target":{"@type":"EntryPoint","urlTemplate":"https:\/\/www.medicalz.com\/es\/?s={search_term_string}"},"query-input":{"@type":"PropertyValueSpecification","valueRequired":true,"valueName":"search_term_string"}}],"inLanguage":"es"},{"@type":"Organization","@id":"https:\/\/www.medicalz.com\/es\/#organization","name":"MedicalZ","url":"https:\/\/www.medicalz.com\/es\/","logo":{"@type":"ImageObject","inLanguage":"es","@id":"https:\/\/www.medicalz.com\/es\/#\/schema\/logo\/image\/","url":"https:\/\/www.medicalz.com\/wp-content\/uploads\/2021\/06\/logo-1.png","contentUrl":"https:\/\/www.medicalz.com\/wp-content\/uploads\/2021\/06\/logo-1.png","width":400,"height":227,"caption":"MedicalZ"},"image":{"@id":"https:\/\/www.medicalz.com\/es\/#\/schema\/logo\/image\/"},"sameAs":["https:\/\/www.facebook.com\/MedicalZFrance\/","https:\/\/www.instagram.com\/medicalz_fr\/?hl=fr","https:\/\/www.youtube.com\/channel\/UC7rGbkWBc15cA4pbHS99Vbg"]}]}},"_links":{"self":[{"href":"https:\/\/www.medicalz.com\/es\/wp-json\/wp\/v2\/product\/15271","targetHints":{"allow":["GET"]}}],"collection":[{"href":"https:\/\/www.medicalz.com\/es\/wp-json\/wp\/v2\/product"}],"about":[{"href":"https:\/\/www.medicalz.com\/es\/wp-json\/wp\/v2\/types\/product"}],"wp:featuredmedia":[{"embeddable":true,"href":"https:\/\/www.medicalz.com\/es\/wp-json\/wp\/v2\/media\/17094"}],"wp:attachment":[{"href":"https:\/\/www.medicalz.com\/es\/wp-json\/wp\/v2\/media?parent=15271"}],"wp:term":[{"taxonomy":"product_brand","embeddable":true,"href":"https:\/\/www.medicalz.com\/es\/wp-json\/wp\/v2\/product_brand?post=15271"},{"taxonomy":"product_cat","embeddable":true,"href":"https:\/\/www.medicalz.com\/es\/wp-json\/wp\/v2\/product_cat?post=15271"},{"taxonomy":"product_tag","embeddable":true,"href":"https:\/\/www.medicalz.com\/es\/wp-json\/wp\/v2\/product_tag?post=15271"}],"curies":[{"name":"wp","href":"https:\/\/api.w.org\/{rel}","templated":true}]}}