{"id":16075,"date":"2021-08-04T16:54:15","date_gmt":"2021-08-04T14:54:15","guid":{"rendered":"https:\/\/www.medicalz.com\/produits\/cinturon-digestivo-reforzado-sin-elastico\/"},"modified":"2022-04-05T14:45:55","modified_gmt":"2022-04-05T12:45:55","slug":"cinturon-digestivo-reforzado-sin-elastico","status":"publish","type":"product","link":"https:\/\/www.medicalz.com\/es\/productos\/cinturon-digestivo-reforzado-sin-elastico\/","title":{"rendered":"Cintur\u00f3n digestivo reforzado sin el\u00e1stico"},"content":{"rendered":"<p>[et_pb_section fb_built=\u00bb1&#8243; _builder_version=\u00bb4.16&#8243; _module_preset=\u00bbdefault\u00bb global_colors_info=\u00bb{}\u00bb][et_pb_row column_structure=\u00bb1_2,1_2&#8243; _builder_version=\u00bb4.16&#8243; _module_preset=\u00bbdefault\u00bb global_colors_info=\u00bb{}\u00bb][et_pb_column type=\u00bb1_2&#8243; _builder_version=\u00bb4.16&#8243; _module_preset=\u00bbdefault\u00bb global_colors_info=\u00bb{}\u00bb][et_pb_wc_images admin_label=\u00bbVisuel produit\u00bb _builder_version=\u00bb4.16&#8243; _module_preset=\u00bbdefault\u00bb global_colors_info=\u00bb{}\u00bb][\/et_pb_wc_images][\/et_pb_column][et_pb_column type=\u00bb1_2&#8243; _builder_version=\u00bb4.16&#8243; _module_preset=\u00bbdefault\u00bb global_colors_info=\u00bb{}\u00bb][et_pb_text admin_label=\u00bbNom produit \/ R\u00e9f  (\u00e0 remplir)\u00bb module_class=\u00bbhn-produits\u00bb _builder_version=\u00bb4.16&#8243; _module_preset=\u00bbdefault\u00bb text_font=\u00bb|700|||||||\u00bb text_text_color=\u00bb#2F4457&#8243; text_font_size=\u00bb17px\u00bb global_colors_info=\u00bb{}\u00bb]<\/p>\n<h1>Cintur\u00f3n digestivo reforzado<br \/>sin el\u00e1stico<\/h1>\n<p>S\/038<\/p>\n<p>[\/et_pb_text][et_pb_divider color=\u00bb#e3e3e3&#8243; divider_weight=\u00bb2px\u00bb _builder_version=\u00bb4.16&#8243; _module_preset=\u00bbdefault\u00bb custom_margin=\u00bb||0px||false|false\u00bb global_colors_info=\u00bb{}\u00bb][\/et_pb_divider][et_pb_text admin_label=\u00bbCouleurs disponibles  (\u00e0 remplir)\u00bb _builder_version=\u00bb4.16&#8243; _module_preset=\u00bbdefault\u00bb text_font=\u00bb|700|||||||\u00bb text_text_color=\u00bb#2F4457&#8243; text_font_size=\u00bb17px\u00bb text_letter_spacing=\u00bb1px\u00bb custom_margin=\u00bb||4px|||\u00bb global_colors_info=\u00bb{}\u00bb]<\/p>\n<p>Color disponible<\/p>\n<p><img loading=\"lazy\" decoding=\"async\" class=\"wp-image-4689 alignnone size-full\" src=\"https:\/\/www.medicalz.com\/wp-content\/uploads\/2021\/07\/rond_noir_selec.png\" alt=\"\" width=\"50\" height=\"50\" \/><\/p>\n<p>[\/et_pb_text][et_pb_divider color=\u00bb#e3e3e3&#8243; divider_weight=\u00bb2px\u00bb _builder_version=\u00bb4.16&#8243; _module_preset=\u00bbdefault\u00bb custom_margin=\u00bb||0px||false|false\u00bb global_colors_info=\u00bb{}\u00bb][\/et_pb_divider][et_pb_text admin_label=\u00bbTitre description\u00bb _builder_version=\u00bb4.16&#8243; _module_preset=\u00bbdefault\u00bb text_font=\u00bb|700|||||||\u00bb text_text_color=\u00bb#2F4457&#8243; text_font_size=\u00bb17px\u00bb text_letter_spacing=\u00bb1px\u00bb global_colors_info=\u00bb{}\u00bb]<\/p>\n<p>Descripci\u00f3n<\/p>\n<p>[\/et_pb_text][et_pb_text admin_label=\u00bbTexte Description (\u00e0 remplir)\u00bb _builder_version=\u00bb4.16&#8243; _module_preset=\u00bbdefault\u00bb header_3_text_align=\u00bbleft\u00bb global_colors_info=\u00bb{}\u00bb]<\/p>\n<p>Cintur\u00f3n de sujeci\u00f3n visceral con placa trasera de espuma curvada.<\/p>\n<p>La placa posterior de espuma proporciona una mejor compresi\u00f3n. Su forma curvada sigue la morfolog\u00eda del paciente. El corte del producto asegura una perfecta sujeci\u00f3n y una total libertad de movimientos.<\/p>\n<p>El cintur\u00f3n digestivo es un complemento para el seguimiento postoperatorio despu\u00e9s de una cirug\u00eda digestiva, card\u00edaca o tor\u00e1cica, o para compensar cualquier deficiencia temporal de la pared abdominal sin car\u00e1cter patol\u00f3gico (posparto, postoperatorio), seg\u00fan prescripci\u00f3n m\u00e9dica.<\/p>\n<p>Permite ejercer una presi\u00f3n uniforme y cuantificada en toda la zona tratada.<\/p>\n<p>Est\u00e1 destinado a proporcionar apoyo a la pared abdominal o tor\u00e1cica con fines analg\u00e9sicos. Previene el edema postoperatorio y facilita la curaci\u00f3n.<\/p>\n<p>En el caso del cintur\u00f3n para ostomizados (despu\u00e9s de una colostom\u00eda, ileostom\u00eda, etc.), proporciona una sujeci\u00f3n perfecta alrededor de la bolsa del estoma. Es imprescindible realizar una prueba previa del cintur\u00f3n: visualizar la ubicaci\u00f3n exacta del estoma y delimitarlo con precisi\u00f3n con un l\u00e1piz en la pechera. El corte debe ser realizado por nuestros servicios o por un profesional de la salud.<\/p>\n<p>Para una eficacia \u00f3ptima, el cintur\u00f3n digestivo se aplica inmediatamente despu\u00e9s de la operaci\u00f3n. La duraci\u00f3n de la aplicaci\u00f3n depende de la prescripci\u00f3n m\u00e9dica.<\/p>\n<p>Alturas disponibles: 18cm &#8211; 32cm<\/p>\n<p>[\/et_pb_text][\/et_pb_column][\/et_pb_row][\/et_pb_section][et_pb_section fb_built=\u00bb1&#8243; _builder_version=\u00bb4.16&#8243; _module_preset=\u00bbdefault\u00bb border_width_top=\u00bb2px\u00bb border_color_top=\u00bb#e3e3e3&#8243; global_colors_info=\u00bb{}\u00bb][et_pb_row _builder_version=\u00bb4.16&#8243; _module_preset=\u00bbdefault\u00bb global_colors_info=\u00bb{}\u00bb][et_pb_column type=\u00bb4_4&#8243; _builder_version=\u00bb4.16&#8243; _module_preset=\u00bbdefault\u00bb global_colors_info=\u00bb{}\u00bb][et_pb_tabs active_tab_background_color=\u00bb#FFFFFF\u00bb inactive_tab_background_color=\u00bb#FFFFFF\u00bb active_tab_text_color=\u00bb#2F4457&#8243; admin_label=\u00bbOnglets composition \/ guide de tailles&#8230;  (\u00e0 remplir)\u00bb module_class=\u00bbonglets-produits\u00bb _builder_version=\u00bb4.16.1&#8243; _module_preset=\u00bbdefault\u00bb tab_text_color=\u00bb#2F4457&#8243; tab_font_size=\u00bb14px\u00bb background_color=\u00bb#FFFFFF\u00bb custom_margin=\u00bb0px||||false|false\u00bb custom_padding=\u00bb|||30px||\u00bb hover_enabled=\u00bb0&#8243; custom_css_tabs_controls=\u00bbborder-top-color:transparent;||border-bottom-color:transparent;||background-color:transparent;\u00bb custom_css_tab=\u00bbborder:transparent;||\u00bb custom_css_tabs_content=\u00bbborder:transparent;\u00bb border_width_all=\u00bb0px\u00bb locked=\u00bboff\u00bb global_colors_info=\u00bb{}\u00bb sticky_enabled=\u00bb0&#8243;][et_pb_tab title=\u00bbCOMPOSICI\u00d3N\u00bb _builder_version=\u00bb4.16&#8243; _module_preset=\u00bbdefault\u00bb global_colors_info=\u00bb{}\u00bb]<\/p>\n<h4>COMPOSICI\u00d3N<\/h4>\n<p>61% Poliamida &#8211; 16% Polyurethane &#8211; 8% Elastano &#8211; 8% Cot\u00f3n &#8211; 7 % Poli\u00e9ster<\/p>\n<h4>CUIDADOS :<\/h4>\n<p>Lavar a m\u00e1quina a 30\u00b0C como m\u00e1ximo con un detergente a base de jab\u00f3n neutro (sin fosfato). No utilizar secadora.<em> Se recomienda lavar la prenda antes de usarla por primera vez.<\/em><\/p>\n<h4>CONTRAINDICACIONES :<\/h4>\n<p>La cintur\u00f3n abdominal no debe llevarse directamente sobre la piel lesionada.<\/p>\n<p>[\/et_pb_tab][et_pb_tab title=\u00bbGU\u00cdA DE TAMA\u00d1OS\u00bb _builder_version=\u00bb4.16&#8243; _module_preset=\u00bbdefault\u00bb global_colors_info=\u00bb{}\u00bb]<\/p>\n[et_pb_section global_module=\"7041\"][\/et_pb_section]\n<p><em>Las tallas indicadas corresponden a las medidas tomadas antes de la cirug\u00eda. Se pueden hacer tallas especiales sobre medidas.<\/em><\/p>\n<p><strong>Alturas disponibles con el\u00e1stico : 25cm<\/strong><\/p>\n<p><strong>Alturas disponibles <\/strong><strong>sin el\u00e1stico <\/strong><strong>: 18cm &#8211; 32cm : 18cm et 32cm<\/strong><\/p>\n<p><img loading=\"lazy\" decoding=\"async\" class=\"alignnone wp-image-11381 size-full\" src=\"https:\/\/www.medicalz.com\/wp-content\/uploads\/2021\/08\/CEINTURES_DIGESTIVESTHORACIQUES-1.jpg\" alt=\"\" width=\"2126\" height=\"591\" srcset=\"https:\/\/www.medicalz.com\/wp-content\/uploads\/2021\/08\/CEINTURES_DIGESTIVESTHORACIQUES-1.jpg 2126w, https:\/\/www.medicalz.com\/wp-content\/uploads\/2021\/08\/CEINTURES_DIGESTIVESTHORACIQUES-1-1280x356.jpg 1280w, https:\/\/www.medicalz.com\/wp-content\/uploads\/2021\/08\/CEINTURES_DIGESTIVESTHORACIQUES-1-980x272.jpg 980w, https:\/\/www.medicalz.com\/wp-content\/uploads\/2021\/08\/CEINTURES_DIGESTIVESTHORACIQUES-1-480x133.jpg 480w\" sizes=\"(min-width: 0px) and (max-width: 480px) 480px, (min-width: 481px) and (max-width: 980px) 980px, (min-width: 981px) and (max-width: 1280px) 1280px, (min-width: 1281px) 2126px, 100vw\" \/><\/p>\n<p>[\/et_pb_tab][et_pb_tab title=\u00bbV\u00eddeo\u00bb _builder_version=\u00bb4.16.1&#8243; _module_preset=\u00bbdefault\u00bb hover_enabled=\u00bb0&#8243; global_colors_info=\u00bb{}\u00bb sticky_enabled=\u00bb0&#8243;]<\/p>\n<p><strong>C\u00f3mo medir la ropa postoperatoria Medical Z<\/strong><\/p>\n<p><iframe loading=\"lazy\" title=\"Prise de mesure pour les ceintures M\u00e9dical Z\u00ae\" width=\"1080\" height=\"608\" src=\"https:\/\/www.youtube.com\/embed\/0fkO_OPvDcU?feature=oembed\"  allow=\"accelerometer; autoplay; clipboard-write; encrypted-media; gyroscope; picture-in-picture\" allowfullscreen><\/iframe><\/p>\n<p>[\/et_pb_tab][\/et_pb_tabs][\/et_pb_column][\/et_pb_row][\/et_pb_section][et_pb_section fb_built=\u00bb1&#8243; _builder_version=\u00bb4.16&#8243; _module_preset=\u00bbdefault\u00bb background_color=\u00bb#e3e3e3&#8243; global_colors_info=\u00bb{}\u00bb][et_pb_row _builder_version=\u00bb4.16&#8243; _module_preset=\u00bbdefault\u00bb global_colors_info=\u00bb{}\u00bb][et_pb_column type=\u00bb4_4&#8243; _builder_version=\u00bb4.16&#8243; _module_preset=\u00bbdefault\u00bb global_colors_info=\u00bb{}\u00bb][et_pb_button button_text=\u00bbENCUENTRE TODAS LAS PREGUNTAS &#8211; FAQ\u00bb button_alignment=\u00bbcenter\u00bb _builder_version=\u00bb4.16&#8243; _module_preset=\u00bbdefault\u00bb custom_button=\u00bbon\u00bb button_text_size=\u00bb18px\u00bb button_text_color=\u00bb#2F4457&#8243; button_border_width=\u00bb1px\u00bb button_border_color=\u00bb#2F4457&#8243; button_border_radius=\u00bb0px\u00bb button_font=\u00bb|700|||||||\u00bb custom_padding=\u00bb15px|110px|15px|110px|false|true\u00bb global_colors_info=\u00bb{}\u00bb][\/et_pb_button][\/et_pb_column][\/et_pb_row][\/et_pb_section][et_pb_section fb_built=\u00bb1&#8243; _builder_version=\u00bb4.16&#8243; _module_preset=\u00bbdefault\u00bb custom_padding=\u00bb0px|||||\u00bb global_colors_info=\u00bb{}\u00bb][et_pb_row _builder_version=\u00bb4.16&#8243; _module_preset=\u00bbdefault\u00bb custom_margin=\u00bb|auto|-28px|auto||\u00bb custom_padding=\u00bb||0px|||\u00bb global_colors_info=\u00bb{}\u00bb][et_pb_column type=\u00bb4_4&#8243; _builder_version=\u00bb4.16&#8243; _module_preset=\u00bbdefault\u00bb global_colors_info=\u00bb{}\u00bb][et_pb_text _builder_version=\u00bb4.16&#8243; _module_preset=\u00bbdefault\u00bb text_font=\u00bb|300|||||||\u00bb text_text_color=\u00bb#178fcf\u00bb header_text_color=\u00bb#178fcf\u00bb header_3_text_color=\u00bb#178FCF\u00bb locked=\u00bboff\u00bb global_colors_info=\u00bb{}\u00bb]<\/p>\n<h3>TAMBI\u00c9N LE OFRECEMOS<\/h3>\n<p>[\/et_pb_text][et_pb_divider module_class=\u00bbseparateur\u00bb _builder_version=\u00bb4.16&#8243; _module_preset=\u00bbdefault\u00bb global_colors_info=\u00bb{}\u00bb][\/et_pb_divider][et_pb_wc_related_products product=\u00bb5900&#8243; orderby=\u00bbpopularity\u00bb admin_label=\u00bbProduits apparent\u00e9s\u00bb _builder_version=\u00bb4.16&#8243; _module_preset=\u00bbdefault\u00bb border_width_all=\u00bb0px\u00bb global_colors_info=\u00bb{}\u00bb border_radii__hover_enabled=\u00bboff|hover\u00bb][\/et_pb_wc_related_products][et_pb_wc_upsells _builder_version=\u00bb4.16&#8243; _module_preset=\u00bbdefault\u00bb custom_css_price=\u00bbdisplay:none;\u00bb global_colors_info=\u00bb{}\u00bb][\/et_pb_wc_upsells][\/et_pb_column][\/et_pb_row][\/et_pb_section]<\/p>\n","protected":false},"excerpt":{"rendered":"<p>Cintur\u00f3n digestivo reforzadosin el\u00e1stico S\/038Color disponible Descripci\u00f3nCintur\u00f3n de sujeci\u00f3n visceral con placa trasera de espuma curvada. La placa posterior de espuma proporciona una mejor compresi\u00f3n. Su forma curvada sigue la morfolog\u00eda del paciente. El corte del producto asegura una perfecta sujeci\u00f3n y una total libertad de movimientos. El cintur\u00f3n digestivo es un complemento para el [&hellip;]<\/p>\n","protected":false},"featured_media":17553,"template":"","meta":{"_et_pb_use_builder":"on","_et_pb_old_content":"","_et_gb_content_width":""},"product_brand":[],"product_cat":[125,134],"product_tag":[],"class_list":{"0":"post-16075","1":"product","2":"type-product","3":"status-publish","4":"has-post-thumbnail","6":"product_cat-cirugia-plastica","7":"product_cat-faja-guante","9":"first","10":"instock","11":"shipping-taxable","12":"product-type-simple"},"yoast_head":"<!-- This site is optimized with the Yoast SEO plugin v25.1 - https:\/\/yoast.com\/wordpress\/plugins\/seo\/ -->\n<title>Cintur\u00f3n digestivo reforzado sin el\u00e1stico &#8226; Medical Z<\/title>\n<meta name=\"robots\" content=\"index, follow, max-snippet:-1, max-image-preview:large, max-video-preview:-1\" \/>\n<link rel=\"canonical\" href=\"https:\/\/www.medicalz.com\/es\/productos\/cinturon-digestivo-reforzado-sin-elastico\/\" \/>\n<meta property=\"og:locale\" content=\"es_ES\" \/>\n<meta property=\"og:type\" content=\"article\" \/>\n<meta property=\"og:title\" content=\"Cintur\u00f3n digestivo reforzado sin el\u00e1stico &#8226; Medical Z\" \/>\n<meta property=\"og:description\" content=\"Cintur\u00f3n digestivo reforzadosin el\u00e1stico S\/038Color disponible Descripci\u00f3nCintur\u00f3n de sujeci\u00f3n visceral con placa trasera de espuma curvada. La placa posterior de espuma proporciona una mejor compresi\u00f3n. Su forma curvada sigue la morfolog\u00eda del paciente. El corte del producto asegura una perfecta sujeci\u00f3n y una total libertad de movimientos. El cintur\u00f3n digestivo es un complemento para el [&hellip;]\" \/>\n<meta property=\"og:url\" content=\"https:\/\/www.medicalz.com\/es\/productos\/cinturon-digestivo-reforzado-sin-elastico\/\" \/>\n<meta property=\"og:site_name\" content=\"Medical Z\" \/>\n<meta property=\"article:publisher\" content=\"https:\/\/www.facebook.com\/MedicalZFrance\/\" \/>\n<meta property=\"article:modified_time\" content=\"2022-04-05T12:45:55+00:00\" \/>\n<meta property=\"og:image\" content=\"https:\/\/www.medicalz.com\/wp-content\/uploads\/2021\/08\/S038_sans-elastiquesite.png\" \/>\n\t<meta property=\"og:image:width\" content=\"700\" \/>\n\t<meta property=\"og:image:height\" content=\"700\" \/>\n\t<meta property=\"og:image:type\" content=\"image\/png\" \/>\n<script type=\"application\/ld+json\" class=\"yoast-schema-graph\">{\"@context\":\"https:\/\/schema.org\",\"@graph\":[{\"@type\":\"WebPage\",\"@id\":\"https:\/\/www.medicalz.com\/es\/productos\/cinturon-digestivo-reforzado-sin-elastico\/\",\"url\":\"https:\/\/www.medicalz.com\/es\/productos\/cinturon-digestivo-reforzado-sin-elastico\/\",\"name\":\"Cintur\u00f3n digestivo reforzado sin el\u00e1stico &#8226; Medical Z\",\"isPartOf\":{\"@id\":\"https:\/\/www.medicalz.com\/es\/#website\"},\"primaryImageOfPage\":{\"@id\":\"https:\/\/www.medicalz.com\/es\/productos\/cinturon-digestivo-reforzado-sin-elastico\/#primaryimage\"},\"image\":{\"@id\":\"https:\/\/www.medicalz.com\/es\/productos\/cinturon-digestivo-reforzado-sin-elastico\/#primaryimage\"},\"thumbnailUrl\":\"https:\/\/www.medicalz.com\/wp-content\/uploads\/2021\/08\/S038_sans-elastiquesite.png\",\"datePublished\":\"2021-08-04T14:54:15+00:00\",\"dateModified\":\"2022-04-05T12:45:55+00:00\",\"breadcrumb\":{\"@id\":\"https:\/\/www.medicalz.com\/es\/productos\/cinturon-digestivo-reforzado-sin-elastico\/#breadcrumb\"},\"inLanguage\":\"es\",\"potentialAction\":[{\"@type\":\"ReadAction\",\"target\":[\"https:\/\/www.medicalz.com\/es\/productos\/cinturon-digestivo-reforzado-sin-elastico\/\"]}]},{\"@type\":\"ImageObject\",\"inLanguage\":\"es\",\"@id\":\"https:\/\/www.medicalz.com\/es\/productos\/cinturon-digestivo-reforzado-sin-elastico\/#primaryimage\",\"url\":\"https:\/\/www.medicalz.com\/wp-content\/uploads\/2021\/08\/S038_sans-elastiquesite.png\",\"contentUrl\":\"https:\/\/www.medicalz.com\/wp-content\/uploads\/2021\/08\/S038_sans-elastiquesite.png\",\"width\":700,\"height\":700,\"caption\":\"ceinture digestive renforc\u00e9e sans elastique\"},{\"@type\":\"BreadcrumbList\",\"@id\":\"https:\/\/www.medicalz.com\/es\/productos\/cinturon-digestivo-reforzado-sin-elastico\/#breadcrumb\",\"itemListElement\":[{\"@type\":\"ListItem\",\"position\":1,\"name\":\"Principal\",\"item\":\"https:\/\/www.medicalz.com\/es\/accueil\/\"},{\"@type\":\"ListItem\",\"position\":2,\"name\":\"Productos\",\"item\":\"https:\/\/www.medicalz.com\/es\/shop\/\"},{\"@type\":\"ListItem\",\"position\":3,\"name\":\"Cirugia plastica\",\"item\":\"https:\/\/www.medicalz.com\/es\/categoria-producto\/cirugia-plastica\/\"},{\"@type\":\"ListItem\",\"position\":4,\"name\":\"Cintur\u00f3n digestivo reforzado sin el\u00e1stico\"}]},{\"@type\":\"WebSite\",\"@id\":\"https:\/\/www.medicalz.com\/es\/#website\",\"url\":\"https:\/\/www.medicalz.com\/es\/\",\"name\":\"Medical Z\",\"description\":\"Cr\u00e9ateur FRAN\u00c7AIS de v\u00eatements compressifs depuis 1981\",\"publisher\":{\"@id\":\"https:\/\/www.medicalz.com\/es\/#organization\"},\"potentialAction\":[{\"@type\":\"SearchAction\",\"target\":{\"@type\":\"EntryPoint\",\"urlTemplate\":\"https:\/\/www.medicalz.com\/es\/?s={search_term_string}\"},\"query-input\":{\"@type\":\"PropertyValueSpecification\",\"valueRequired\":true,\"valueName\":\"search_term_string\"}}],\"inLanguage\":\"es\"},{\"@type\":\"Organization\",\"@id\":\"https:\/\/www.medicalz.com\/es\/#organization\",\"name\":\"MedicalZ\",\"url\":\"https:\/\/www.medicalz.com\/es\/\",\"logo\":{\"@type\":\"ImageObject\",\"inLanguage\":\"es\",\"@id\":\"https:\/\/www.medicalz.com\/es\/#\/schema\/logo\/image\/\",\"url\":\"https:\/\/www.medicalz.com\/wp-content\/uploads\/2021\/06\/logo-1.png\",\"contentUrl\":\"https:\/\/www.medicalz.com\/wp-content\/uploads\/2021\/06\/logo-1.png\",\"width\":400,\"height\":227,\"caption\":\"MedicalZ\"},\"image\":{\"@id\":\"https:\/\/www.medicalz.com\/es\/#\/schema\/logo\/image\/\"},\"sameAs\":[\"https:\/\/www.facebook.com\/MedicalZFrance\/\",\"https:\/\/www.instagram.com\/medicalz_fr\/?hl=fr\",\"https:\/\/www.youtube.com\/channel\/UC7rGbkWBc15cA4pbHS99Vbg\"]}]}<\/script>\n<!-- \/ Yoast SEO plugin. -->","yoast_head_json":{"title":"Cintur\u00f3n digestivo reforzado sin el\u00e1stico &#8226; Medical Z","robots":{"index":"index","follow":"follow","max-snippet":"max-snippet:-1","max-image-preview":"max-image-preview:large","max-video-preview":"max-video-preview:-1"},"canonical":"https:\/\/www.medicalz.com\/es\/productos\/cinturon-digestivo-reforzado-sin-elastico\/","og_locale":"es_ES","og_type":"article","og_title":"Cintur\u00f3n digestivo reforzado sin el\u00e1stico &#8226; Medical Z","og_description":"Cintur\u00f3n digestivo reforzadosin el\u00e1stico S\/038Color disponible Descripci\u00f3nCintur\u00f3n de sujeci\u00f3n visceral con placa trasera de espuma curvada. La placa posterior de espuma proporciona una mejor compresi\u00f3n. Su forma curvada sigue la morfolog\u00eda del paciente. El corte del producto asegura una perfecta sujeci\u00f3n y una total libertad de movimientos. El cintur\u00f3n digestivo es un complemento para el [&hellip;]","og_url":"https:\/\/www.medicalz.com\/es\/productos\/cinturon-digestivo-reforzado-sin-elastico\/","og_site_name":"Medical Z","article_publisher":"https:\/\/www.facebook.com\/MedicalZFrance\/","article_modified_time":"2022-04-05T12:45:55+00:00","og_image":[{"width":700,"height":700,"url":"https:\/\/www.medicalz.com\/wp-content\/uploads\/2021\/08\/S038_sans-elastiquesite.png","type":"image\/png"}],"schema":{"@context":"https:\/\/schema.org","@graph":[{"@type":"WebPage","@id":"https:\/\/www.medicalz.com\/es\/productos\/cinturon-digestivo-reforzado-sin-elastico\/","url":"https:\/\/www.medicalz.com\/es\/productos\/cinturon-digestivo-reforzado-sin-elastico\/","name":"Cintur\u00f3n digestivo reforzado sin el\u00e1stico &#8226; Medical Z","isPartOf":{"@id":"https:\/\/www.medicalz.com\/es\/#website"},"primaryImageOfPage":{"@id":"https:\/\/www.medicalz.com\/es\/productos\/cinturon-digestivo-reforzado-sin-elastico\/#primaryimage"},"image":{"@id":"https:\/\/www.medicalz.com\/es\/productos\/cinturon-digestivo-reforzado-sin-elastico\/#primaryimage"},"thumbnailUrl":"https:\/\/www.medicalz.com\/wp-content\/uploads\/2021\/08\/S038_sans-elastiquesite.png","datePublished":"2021-08-04T14:54:15+00:00","dateModified":"2022-04-05T12:45:55+00:00","breadcrumb":{"@id":"https:\/\/www.medicalz.com\/es\/productos\/cinturon-digestivo-reforzado-sin-elastico\/#breadcrumb"},"inLanguage":"es","potentialAction":[{"@type":"ReadAction","target":["https:\/\/www.medicalz.com\/es\/productos\/cinturon-digestivo-reforzado-sin-elastico\/"]}]},{"@type":"ImageObject","inLanguage":"es","@id":"https:\/\/www.medicalz.com\/es\/productos\/cinturon-digestivo-reforzado-sin-elastico\/#primaryimage","url":"https:\/\/www.medicalz.com\/wp-content\/uploads\/2021\/08\/S038_sans-elastiquesite.png","contentUrl":"https:\/\/www.medicalz.com\/wp-content\/uploads\/2021\/08\/S038_sans-elastiquesite.png","width":700,"height":700,"caption":"ceinture digestive renforc\u00e9e sans elastique"},{"@type":"BreadcrumbList","@id":"https:\/\/www.medicalz.com\/es\/productos\/cinturon-digestivo-reforzado-sin-elastico\/#breadcrumb","itemListElement":[{"@type":"ListItem","position":1,"name":"Principal","item":"https:\/\/www.medicalz.com\/es\/accueil\/"},{"@type":"ListItem","position":2,"name":"Productos","item":"https:\/\/www.medicalz.com\/es\/shop\/"},{"@type":"ListItem","position":3,"name":"Cirugia plastica","item":"https:\/\/www.medicalz.com\/es\/categoria-producto\/cirugia-plastica\/"},{"@type":"ListItem","position":4,"name":"Cintur\u00f3n digestivo reforzado sin el\u00e1stico"}]},{"@type":"WebSite","@id":"https:\/\/www.medicalz.com\/es\/#website","url":"https:\/\/www.medicalz.com\/es\/","name":"Medical Z","description":"Cr\u00e9ateur FRAN\u00c7AIS de v\u00eatements compressifs depuis 1981","publisher":{"@id":"https:\/\/www.medicalz.com\/es\/#organization"},"potentialAction":[{"@type":"SearchAction","target":{"@type":"EntryPoint","urlTemplate":"https:\/\/www.medicalz.com\/es\/?s={search_term_string}"},"query-input":{"@type":"PropertyValueSpecification","valueRequired":true,"valueName":"search_term_string"}}],"inLanguage":"es"},{"@type":"Organization","@id":"https:\/\/www.medicalz.com\/es\/#organization","name":"MedicalZ","url":"https:\/\/www.medicalz.com\/es\/","logo":{"@type":"ImageObject","inLanguage":"es","@id":"https:\/\/www.medicalz.com\/es\/#\/schema\/logo\/image\/","url":"https:\/\/www.medicalz.com\/wp-content\/uploads\/2021\/06\/logo-1.png","contentUrl":"https:\/\/www.medicalz.com\/wp-content\/uploads\/2021\/06\/logo-1.png","width":400,"height":227,"caption":"MedicalZ"},"image":{"@id":"https:\/\/www.medicalz.com\/es\/#\/schema\/logo\/image\/"},"sameAs":["https:\/\/www.facebook.com\/MedicalZFrance\/","https:\/\/www.instagram.com\/medicalz_fr\/?hl=fr","https:\/\/www.youtube.com\/channel\/UC7rGbkWBc15cA4pbHS99Vbg"]}]}},"_links":{"self":[{"href":"https:\/\/www.medicalz.com\/es\/wp-json\/wp\/v2\/product\/16075","targetHints":{"allow":["GET"]}}],"collection":[{"href":"https:\/\/www.medicalz.com\/es\/wp-json\/wp\/v2\/product"}],"about":[{"href":"https:\/\/www.medicalz.com\/es\/wp-json\/wp\/v2\/types\/product"}],"wp:featuredmedia":[{"embeddable":true,"href":"https:\/\/www.medicalz.com\/es\/wp-json\/wp\/v2\/media\/17553"}],"wp:attachment":[{"href":"https:\/\/www.medicalz.com\/es\/wp-json\/wp\/v2\/media?parent=16075"}],"wp:term":[{"taxonomy":"product_brand","embeddable":true,"href":"https:\/\/www.medicalz.com\/es\/wp-json\/wp\/v2\/product_brand?post=16075"},{"taxonomy":"product_cat","embeddable":true,"href":"https:\/\/www.medicalz.com\/es\/wp-json\/wp\/v2\/product_cat?post=16075"},{"taxonomy":"product_tag","embeddable":true,"href":"https:\/\/www.medicalz.com\/es\/wp-json\/wp\/v2\/product_tag?post=16075"}],"curies":[{"name":"wp","href":"https:\/\/api.w.org\/{rel}","templated":true}]}}