{"id":18277,"date":"2023-05-23T09:57:51","date_gmt":"2023-05-23T07:57:53","guid":{"rendered":"https:\/\/www.medicalz.com\/?post_type=product&#038;p=18277"},"modified":"2025-01-31T11:36:36","modified_gmt":"2025-01-31T10:36:36","slug":"lipo-panty-cortoelegance-coolmax-alto-copie","status":"publish","type":"product","link":"https:\/\/www.medicalz.com\/es\/productos\/lipo-panty-cortoelegance-coolmax-alto-copie\/","title":{"rendered":"LIPO-PANTY\u00ae CORTO<\/br>ELEGANCE COOLMAX\u00ae, ALTO (Copie)"},"content":{"rendered":"<p>[et_pb_section fb_built=\u00bb1&#8243; _builder_version=\u00bb4.16&#8243; _module_preset=\u00bbdefault\u00bb global_colors_info=\u00bb{}\u00bb][et_pb_row column_structure=\u00bb1_2,1_2&#8243; _builder_version=\u00bb4.16&#8243; _module_preset=\u00bbdefault\u00bb global_colors_info=\u00bb{}\u00bb][et_pb_column type=\u00bb1_2&#8243; _builder_version=\u00bb4.16&#8243; _module_preset=\u00bbdefault\u00bb global_colors_info=\u00bb{}\u00bb][et_pb_wc_images admin_label=\u00bbVisuel produit\u00bb _builder_version=\u00bb4.16&#8243; _module_preset=\u00bbdefault\u00bb global_colors_info=\u00bb{}\u00bb][\/et_pb_wc_images][\/et_pb_column][et_pb_column type=\u00bb1_2&#8243; _builder_version=\u00bb4.16&#8243; _module_preset=\u00bbdefault\u00bb global_colors_info=\u00bb{}\u00bb][et_pb_text admin_label=\u00bbNom produit \/ R\u00e9f  (\u00e0 remplir)\u00bb module_class=\u00bbhn-produits\u00bb _builder_version=\u00bb4.16&#8243; _module_preset=\u00bbdefault\u00bb text_font=\u00bb|700|||||||\u00bb text_text_color=\u00bb#2F4457&#8243; text_font_size=\u00bb17px\u00bb global_colors_info=\u00bb{}\u00bb]<\/p>\n<h1>SHORT LIPO-PANTY<br \/>Dos haut, coup\u00e9 genoux<\/h1>\n<p>EC\/034<\/p>\n<p>[\/et_pb_text][et_pb_divider color=\u00bb#e3e3e3&#8243; divider_weight=\u00bb2px\u00bb _builder_version=\u00bb4.16&#8243; _module_preset=\u00bbdefault\u00bb custom_margin=\u00bb||0px||false|false\u00bb global_colors_info=\u00bb{}\u00bb][\/et_pb_divider][et_pb_text admin_label=\u00bbCouleurs disponibles  (\u00e0 remplir)\u00bb _builder_version=\u00bb4.16&#8243; _module_preset=\u00bbdefault\u00bb text_font=\u00bb|700|||||||\u00bb text_text_color=\u00bb#2F4457&#8243; text_font_size=\u00bb17px\u00bb text_letter_spacing=\u00bb1px\u00bb custom_margin=\u00bb||4px|||\u00bb global_colors_info=\u00bb{}\u00bb]<\/p>\n<p>Couleurs disponibles<\/p>\n<p><img loading=\"lazy\" decoding=\"async\" class=\"wp-image-4685 alignnone size-full\" src=\"https:\/\/www.medicalz.com\/wp-content\/uploads\/2021\/07\/rond_noir.png\" alt=\"\" width=\"50\" height=\"50\" \/>\u00a0\u00a0<\/p>\n<p>[\/et_pb_text][et_pb_divider color=\u00bb#e3e3e3&#8243; divider_weight=\u00bb2px\u00bb _builder_version=\u00bb4.16&#8243; _module_preset=\u00bbdefault\u00bb custom_margin=\u00bb||0px||false|false\u00bb global_colors_info=\u00bb{}\u00bb][\/et_pb_divider][et_pb_text admin_label=\u00bbTitre description\u00bb _builder_version=\u00bb4.16&#8243; _module_preset=\u00bbdefault\u00bb text_font=\u00bb|700|||||||\u00bb text_text_color=\u00bb#2F4457&#8243; text_font_size=\u00bb17px\u00bb text_letter_spacing=\u00bb1px\u00bb global_colors_info=\u00bb{}\u00bb]<\/p>\n<p>Description<\/p>\n<p>[\/et_pb_text][et_pb_text admin_label=\u00bbTexte Description (\u00e0 remplir)\u00bb _builder_version=\u00bb4.16&#8243; _module_preset=\u00bbdefault\u00bb header_3_text_align=\u00bbleft\u00bb global_colors_info=\u00bb{}\u00bb]<\/p>\n<p><strong>Application de maintien avec pression permanente, anti-\u0153d\u00e9mateux.<\/strong><\/p>\n<p>La pression ainsi obtenue assure un parfait maintien tout en permettant une totale libert\u00e9 de mouvements. L\u2019application du<span>\u00a0<\/span><strong>Short LIPO-PANTY<sup>\u00ae<\/sup><\/strong><span>\u00a0<\/span>Elegance r\u00e9alis\u00e9 \u00e0 partir d\u2019un textile Coolmax<sup>\u00ae<\/sup><span>\u00a0<\/span>sp\u00e9cialement \u00e9tudi\u00e9 s\u2019effectue imm\u00e9diatement apr\u00e8s l\u2019intervention. Des bretelles r\u00e9glables pour s\u2019adapter \u00e0 toutes les morphologies.<\/p>\n<p><em>La qualit\u00e9 de nos tissus et notre recherche clinique garantissent qu&#8217;un seul v\u00eatement est n\u00e9cessaire pour fournir le traitement complet requis par votre m\u00e9decin.<\/em><\/p>\n<p>[\/et_pb_text][\/et_pb_column][\/et_pb_row][\/et_pb_section][et_pb_section fb_built=\u00bb1&#8243; _builder_version=\u00bb4.16&#8243; _module_preset=\u00bbdefault\u00bb border_width_top=\u00bb2px\u00bb border_color_top=\u00bb#e3e3e3&#8243; global_colors_info=\u00bb{}\u00bb][et_pb_row _builder_version=\u00bb4.16&#8243; _module_preset=\u00bbdefault\u00bb global_colors_info=\u00bb{}\u00bb][et_pb_column type=\u00bb4_4&#8243; _builder_version=\u00bb4.16&#8243; _module_preset=\u00bbdefault\u00bb global_colors_info=\u00bb{}\u00bb][et_pb_tabs active_tab_background_color=\u00bb#FFFFFF\u00bb inactive_tab_background_color=\u00bb#FFFFFF\u00bb active_tab_text_color=\u00bb#2F4457&#8243; admin_label=\u00bbOnglets composition \/ guide de tailles&#8230;  (\u00e0 remplir)\u00bb module_class=\u00bbonglets-produits\u00bb _builder_version=\u00bb4.16&#8243; _module_preset=\u00bbdefault\u00bb tab_text_color=\u00bb#2F4457&#8243; tab_font_size=\u00bb14px\u00bb background_color=\u00bb#FFFFFF\u00bb custom_margin=\u00bb0px||||false|false\u00bb custom_padding=\u00bb|||30px||\u00bb custom_css_tabs_controls=\u00bbborder-top-color:transparent;||border-bottom-color:transparent;||background-color:transparent;\u00bb custom_css_tab=\u00bbborder:transparent;||\u00bb custom_css_tabs_content=\u00bbborder:transparent;\u00bb border_width_all=\u00bb0px\u00bb locked=\u00bboff\u00bb global_colors_info=\u00bb{}\u00bb][et_pb_tab title=\u00bbCOMPOSITION\u00bb _builder_version=\u00bb4.16&#8243; _module_preset=\u00bbdefault\u00bb global_colors_info=\u00bb{}\u00bb]<\/p>\n<h4>COMPOSITION<\/h4>\n<p>69 % Polyester &#8211; 31 % Elasthanne<\/p>\n<p><img loading=\"lazy\" decoding=\"async\" class=\"wp-image-628 alignnone size-full\" src=\"https:\/\/www.medicalz.com\/wp-content\/uploads\/2021\/05\/coolmax.png\" alt=\"\" width=\"110\" height=\"24\" \/><\/p>\n<h4>ENTRETIEN :<\/h4>\n<p class=\"Default\" style=\"margin-bottom: 8.0pt;\"><span style=\"font-size: 10.0pt; font-family: 'Arial',sans-serif;\">Laver en machine \u00e0 30\u00b0C maximum avec une lessive \u00e0 base de savon naturel type savon de Marseille. Ne pas utiliser de s\u00e8che-linge. <i>Il est recommand\u00e9 de laver le v\u00eatement avant de le porter pour la premi\u00e8re fois.<\/i><\/span><\/p>\n<h4>CONTRE-INDICATIONS :<\/h4>\n<p>Le v\u00eatement compressif ne doit pas \u00eatre port\u00e9 directement sur une peau l\u00e9s\u00e9e.<\/p>\n<p>[\/et_pb_tab][et_pb_tab title=\u00bbGUIDE DE TAILLE\u00bb _builder_version=\u00bb4.16&#8243; _module_preset=\u00bbdefault\u00bb global_colors_info=\u00bb{}\u00bb]<\/p>\n[et_pb_section global_module=\"7041\"][\/et_pb_section]\n<p><em>Les tailles indiqu\u00e9es correspondent aux mesures prises avant intervention. D\u2019autres tailles peuvent \u00eatre r\u00e9alis\u00e9es sur-mesure.<\/em><\/p>\n<p><img loading=\"lazy\" decoding=\"async\" class=\"wp-image-11384 alignnone size-full\" src=\"https:\/\/www.medicalz.com\/wp-content\/uploads\/2021\/08\/LIPOPANTY_SHORT_COMBINES-2.jpg\" alt=\"\" width=\"1772\" height=\"827\" srcset=\"https:\/\/www.medicalz.com\/wp-content\/uploads\/2021\/08\/LIPOPANTY_SHORT_COMBINES-2.jpg 1772w, https:\/\/www.medicalz.com\/wp-content\/uploads\/2021\/08\/LIPOPANTY_SHORT_COMBINES-2-480x224.jpg 480w\" sizes=\"(min-width: 0px) and (max-width: 480px) 480px, (min-width: 481px) 1772px, 100vw\" \/><\/p>\n<p>[\/et_pb_tab][et_pb_tab title=\u00bbFICHE DE MESURE\u00bb _builder_version=\u00bb4.16&#8243; _module_preset=\u00bbdefault\u00bb global_colors_info=\u00bb{}\u00bb]<\/p>\n<p><span style=\"text-decoration: underline;\"><a href=\"https:\/\/www.medicalz.com\/wp-content\/uploads\/2022\/03\/SM-EC034-EC035.pdf\" rel=\"attachment noopener wp-att-15743\" target=\"_blank\">T\u00c9L\u00c9CHARGER LA FICHE DE MESURE<\/a><\/span><\/p>\n<p>[\/et_pb_tab][et_pb_tab title=\u00bbVID\u00c9O\u00bb _builder_version=\u00bb4.16&#8243; _module_preset=\u00bbdefault\u00bb global_colors_info=\u00bb{}\u00bb]<\/p>\n<p><iframe loading=\"lazy\" title=\"Prise de mesure pour le Lipopanty M\u00e9dical Z\u00ae\" width=\"1080\" height=\"608\" src=\"https:\/\/www.youtube.com\/embed\/BNnE8kOkh0c?feature=oembed\"  allow=\"accelerometer; autoplay; clipboard-write; encrypted-media; gyroscope; picture-in-picture\" allowfullscreen><\/iframe><\/p>\n<p>[\/et_pb_tab][et_pb_tab title=\u00bbOPTION\u00bb _builder_version=\u00bb4.16&#8243; _module_preset=\u00bbdefault\u00bb global_colors_info=\u00bb{}\u00bb]<\/p>\n<h5><strong>OPTION POUR LE TRANSFERT DE GRAISSE<\/strong><\/h5>\n<p><img loading=\"lazy\" decoding=\"async\" class=\"wp-image-5312 alignnone \" src=\"https:\/\/www.medicalz.com\/wp-content\/uploads\/2021\/07\/icone_bblxl.png\" alt=\"\" width=\"154\" height=\"163\" \/>\u00a0 \u00a0 \u00a0<img loading=\"lazy\" decoding=\"async\" class=\"alignnone wp-image-5318\" src=\"https:\/\/www.medicalz.com\/wp-content\/uploads\/2021\/07\/hole.png\" alt=\"\" width=\"154\" height=\"182\" \/><\/p>\n<p>[\/et_pb_tab][\/et_pb_tabs][\/et_pb_column][\/et_pb_row][\/et_pb_section][et_pb_section fb_built=\u00bb1&#8243; _builder_version=\u00bb4.16&#8243; _module_preset=\u00bbdefault\u00bb background_color=\u00bb#e3e3e3&#8243; global_colors_info=\u00bb{}\u00bb][et_pb_row _builder_version=\u00bb4.16&#8243; _module_preset=\u00bbdefault\u00bb global_colors_info=\u00bb{}\u00bb][et_pb_column type=\u00bb4_4&#8243; _builder_version=\u00bb4.16&#8243; _module_preset=\u00bbdefault\u00bb global_colors_info=\u00bb{}\u00bb][et_pb_button button_url=\u00bbhttps:\/\/www.medicalz.com\/es\/faq\/\u00bb button_text=\u00bbRETROUVEZ TOUTES LES QUESTIONS &#8211; FAQ\u00bb button_alignment=\u00bbcenter\u00bb _builder_version=\u00bb4.16&#8243; _module_preset=\u00bbdefault\u00bb custom_button=\u00bbon\u00bb button_text_size=\u00bb18px\u00bb button_text_color=\u00bb#2F4457&#8243; button_border_width=\u00bb1px\u00bb button_border_color=\u00bb#2F4457&#8243; button_border_radius=\u00bb0px\u00bb button_font=\u00bb|700|||||||\u00bb custom_padding=\u00bb15px|110px|15px|110px|false|true\u00bb global_colors_info=\u00bb{}\u00bb][\/et_pb_button][\/et_pb_column][\/et_pb_row][\/et_pb_section][et_pb_section fb_built=\u00bb1&#8243; _builder_version=\u00bb4.16&#8243; _module_preset=\u00bbdefault\u00bb custom_padding=\u00bb0px|||||\u00bb global_colors_info=\u00bb{}\u00bb][et_pb_row _builder_version=\u00bb4.16&#8243; _module_preset=\u00bbdefault\u00bb custom_margin=\u00bb|auto|-28px|auto||\u00bb custom_padding=\u00bb||0px|||\u00bb global_colors_info=\u00bb{}\u00bb][et_pb_column type=\u00bb4_4&#8243; _builder_version=\u00bb4.16&#8243; _module_preset=\u00bbdefault\u00bb global_colors_info=\u00bb{}\u00bb][et_pb_text _builder_version=\u00bb4.16&#8243; _module_preset=\u00bbdefault\u00bb text_font=\u00bb|300|||||||\u00bb text_text_color=\u00bb#178fcf\u00bb header_text_color=\u00bb#178fcf\u00bb header_3_text_color=\u00bb#178FCF\u00bb locked=\u00bboff\u00bb global_colors_info=\u00bb{}\u00bb]<\/p>\n<h3>NOUS VOUS PROPOSONS AUSSI<\/h3>\n<p>[\/et_pb_text][et_pb_divider module_class=\u00bbseparateur\u00bb _builder_version=\u00bb4.16&#8243; _module_preset=\u00bbdefault\u00bb global_colors_info=\u00bb{}\u00bb][\/et_pb_divider][et_pb_wc_related_products admin_label=\u00bbProduits apparent\u00e9s\u00bb _builder_version=\u00bb4.16&#8243; _module_preset=\u00bbdefault\u00bb border_width_all=\u00bb0px\u00bb global_colors_info=\u00bb{}\u00bb border_radii__hover_enabled=\u00bboff|hover\u00bb][\/et_pb_wc_related_products][et_pb_wc_upsells _builder_version=\u00bb4.16&#8243; _module_preset=\u00bbdefault\u00bb custom_css_price=\u00bbdisplay:none;\u00bb global_colors_info=\u00bb{}\u00bb][\/et_pb_wc_upsells][\/et_pb_column][\/et_pb_row][\/et_pb_section]<\/p>\n","protected":false},"excerpt":{"rendered":"<p>SHORT LIPO-PANTYDos haut, coup\u00e9 genoux EC\/034Couleurs disponibles \u00a0\u00a0DescriptionApplication de maintien avec pression permanente, anti-\u0153d\u00e9mateux. La pression ainsi obtenue assure un parfait maintien tout en permettant une totale libert\u00e9 de mouvements. L\u2019application du\u00a0Short LIPO-PANTY\u00ae\u00a0Elegance r\u00e9alis\u00e9 \u00e0 partir d\u2019un textile Coolmax\u00ae\u00a0sp\u00e9cialement \u00e9tudi\u00e9 s\u2019effectue imm\u00e9diatement apr\u00e8s l\u2019intervention. Des bretelles r\u00e9glables pour s\u2019adapter \u00e0 toutes les morphologies. La qualit\u00e9 [&hellip;]<\/p>\n","protected":false},"featured_media":18282,"template":"","meta":{"_et_pb_use_builder":"on","_et_pb_old_content":"","_et_gb_content_width":""},"product_brand":[],"product_cat":[125,136],"product_tag":[],"class_list":{"0":"post-18277","1":"product","2":"type-product","3":"status-publish","4":"has-post-thumbnail","6":"product_cat-cirugia-plastica","7":"product_cat-figura","9":"first","10":"instock","11":"shipping-taxable","12":"product-type-simple"},"yoast_head":"<!-- This site is optimized with the Yoast SEO plugin v25.1 - https:\/\/yoast.com\/wordpress\/plugins\/seo\/ -->\n<title>LIPO-PANTY\u00ae CORTOELEGANCE COOLMAX\u00ae, ALTO (Copie) &#8226; Medical Z<\/title>\n<meta name=\"robots\" content=\"index, follow, max-snippet:-1, max-image-preview:large, max-video-preview:-1\" \/>\n<link rel=\"canonical\" href=\"https:\/\/www.medicalz.com\/es\/productos\/lipo-panty-cortoelegance-coolmax-alto-copie\/\" \/>\n<meta property=\"og:locale\" content=\"es_ES\" \/>\n<meta property=\"og:type\" content=\"article\" \/>\n<meta property=\"og:title\" content=\"LIPO-PANTY\u00ae CORTOELEGANCE COOLMAX\u00ae, ALTO (Copie) &#8226; Medical Z\" \/>\n<meta property=\"og:description\" content=\"SHORT LIPO-PANTYDos haut, coup\u00e9 genoux EC\/034Couleurs disponibles \u00a0\u00a0DescriptionApplication de maintien avec pression permanente, anti-\u0153d\u00e9mateux. La pression ainsi obtenue assure un parfait maintien tout en permettant une totale libert\u00e9 de mouvements. L\u2019application du\u00a0Short LIPO-PANTY\u00ae\u00a0Elegance r\u00e9alis\u00e9 \u00e0 partir d\u2019un textile Coolmax\u00ae\u00a0sp\u00e9cialement \u00e9tudi\u00e9 s\u2019effectue imm\u00e9diatement apr\u00e8s l\u2019intervention. Des bretelles r\u00e9glables pour s\u2019adapter \u00e0 toutes les morphologies. La qualit\u00e9 [&hellip;]\" \/>\n<meta property=\"og:url\" content=\"https:\/\/www.medicalz.com\/es\/productos\/lipo-panty-cortoelegance-coolmax-alto-copie\/\" \/>\n<meta property=\"og:site_name\" content=\"Medical Z\" \/>\n<meta property=\"article:publisher\" content=\"https:\/\/www.facebook.com\/MedicalZFrance\/\" \/>\n<meta property=\"article:modified_time\" content=\"2025-01-31T10:36:36+00:00\" \/>\n<meta property=\"og:image\" content=\"https:\/\/www.medicalz.com\/wp-content\/uploads\/2023\/05\/EC-034-BBLXL_web-789x1024.png\" \/>\n\t<meta property=\"og:image:width\" content=\"789\" \/>\n\t<meta property=\"og:image:height\" content=\"1024\" \/>\n\t<meta property=\"og:image:type\" content=\"image\/png\" \/>\n<script type=\"application\/ld+json\" class=\"yoast-schema-graph\">{\"@context\":\"https:\/\/schema.org\",\"@graph\":[{\"@type\":\"WebPage\",\"@id\":\"https:\/\/www.medicalz.com\/es\/productos\/lipo-panty-cortoelegance-coolmax-alto-copie\/\",\"url\":\"https:\/\/www.medicalz.com\/es\/productos\/lipo-panty-cortoelegance-coolmax-alto-copie\/\",\"name\":\"LIPO-PANTY\u00ae CORTOELEGANCE COOLMAX\u00ae, ALTO (Copie) &#8226; Medical Z\",\"isPartOf\":{\"@id\":\"https:\/\/www.medicalz.com\/es\/#website\"},\"primaryImageOfPage\":{\"@id\":\"https:\/\/www.medicalz.com\/es\/productos\/lipo-panty-cortoelegance-coolmax-alto-copie\/#primaryimage\"},\"image\":{\"@id\":\"https:\/\/www.medicalz.com\/es\/productos\/lipo-panty-cortoelegance-coolmax-alto-copie\/#primaryimage\"},\"thumbnailUrl\":\"https:\/\/www.medicalz.com\/wp-content\/uploads\/2023\/05\/EC-034-BBLXL_web.png\",\"datePublished\":\"2023-05-23T07:57:53+00:00\",\"dateModified\":\"2025-01-31T10:36:36+00:00\",\"breadcrumb\":{\"@id\":\"https:\/\/www.medicalz.com\/es\/productos\/lipo-panty-cortoelegance-coolmax-alto-copie\/#breadcrumb\"},\"inLanguage\":\"es\",\"potentialAction\":[{\"@type\":\"ReadAction\",\"target\":[\"https:\/\/www.medicalz.com\/es\/productos\/lipo-panty-cortoelegance-coolmax-alto-copie\/\"]}]},{\"@type\":\"ImageObject\",\"inLanguage\":\"es\",\"@id\":\"https:\/\/www.medicalz.com\/es\/productos\/lipo-panty-cortoelegance-coolmax-alto-copie\/#primaryimage\",\"url\":\"https:\/\/www.medicalz.com\/wp-content\/uploads\/2023\/05\/EC-034-BBLXL_web.png\",\"contentUrl\":\"https:\/\/www.medicalz.com\/wp-content\/uploads\/2023\/05\/EC-034-BBLXL_web.png\",\"width\":2000,\"height\":2595,\"caption\":\"ec\/034 bblxl\"},{\"@type\":\"BreadcrumbList\",\"@id\":\"https:\/\/www.medicalz.com\/es\/productos\/lipo-panty-cortoelegance-coolmax-alto-copie\/#breadcrumb\",\"itemListElement\":[{\"@type\":\"ListItem\",\"position\":1,\"name\":\"Principal\",\"item\":\"https:\/\/www.medicalz.com\/es\/accueil\/\"},{\"@type\":\"ListItem\",\"position\":2,\"name\":\"Productos\",\"item\":\"https:\/\/www.medicalz.com\/es\/shop\/\"},{\"@type\":\"ListItem\",\"position\":3,\"name\":\"Cirugia plastica\",\"item\":\"https:\/\/www.medicalz.com\/es\/categoria-producto\/cirugia-plastica\/\"},{\"@type\":\"ListItem\",\"position\":4,\"name\":\"LIPO-PANTY\u00ae CORTOELEGANCE COOLMAX\u00ae, ALTO (Copie)\"}]},{\"@type\":\"WebSite\",\"@id\":\"https:\/\/www.medicalz.com\/es\/#website\",\"url\":\"https:\/\/www.medicalz.com\/es\/\",\"name\":\"Medical Z\",\"description\":\"Cr\u00e9ateur FRAN\u00c7AIS de v\u00eatements compressifs depuis 1981\",\"publisher\":{\"@id\":\"https:\/\/www.medicalz.com\/es\/#organization\"},\"potentialAction\":[{\"@type\":\"SearchAction\",\"target\":{\"@type\":\"EntryPoint\",\"urlTemplate\":\"https:\/\/www.medicalz.com\/es\/?s={search_term_string}\"},\"query-input\":{\"@type\":\"PropertyValueSpecification\",\"valueRequired\":true,\"valueName\":\"search_term_string\"}}],\"inLanguage\":\"es\"},{\"@type\":\"Organization\",\"@id\":\"https:\/\/www.medicalz.com\/es\/#organization\",\"name\":\"MedicalZ\",\"url\":\"https:\/\/www.medicalz.com\/es\/\",\"logo\":{\"@type\":\"ImageObject\",\"inLanguage\":\"es\",\"@id\":\"https:\/\/www.medicalz.com\/es\/#\/schema\/logo\/image\/\",\"url\":\"https:\/\/www.medicalz.com\/wp-content\/uploads\/2021\/06\/logo-1.png\",\"contentUrl\":\"https:\/\/www.medicalz.com\/wp-content\/uploads\/2021\/06\/logo-1.png\",\"width\":400,\"height\":227,\"caption\":\"MedicalZ\"},\"image\":{\"@id\":\"https:\/\/www.medicalz.com\/es\/#\/schema\/logo\/image\/\"},\"sameAs\":[\"https:\/\/www.facebook.com\/MedicalZFrance\/\",\"https:\/\/www.instagram.com\/medicalz_fr\/?hl=fr\",\"https:\/\/www.youtube.com\/channel\/UC7rGbkWBc15cA4pbHS99Vbg\"]}]}<\/script>\n<!-- \/ Yoast SEO plugin. -->","yoast_head_json":{"title":"LIPO-PANTY\u00ae CORTOELEGANCE COOLMAX\u00ae, ALTO (Copie) &#8226; Medical Z","robots":{"index":"index","follow":"follow","max-snippet":"max-snippet:-1","max-image-preview":"max-image-preview:large","max-video-preview":"max-video-preview:-1"},"canonical":"https:\/\/www.medicalz.com\/es\/productos\/lipo-panty-cortoelegance-coolmax-alto-copie\/","og_locale":"es_ES","og_type":"article","og_title":"LIPO-PANTY\u00ae CORTOELEGANCE COOLMAX\u00ae, ALTO (Copie) &#8226; Medical Z","og_description":"SHORT LIPO-PANTYDos haut, coup\u00e9 genoux EC\/034Couleurs disponibles \u00a0\u00a0DescriptionApplication de maintien avec pression permanente, anti-\u0153d\u00e9mateux. La pression ainsi obtenue assure un parfait maintien tout en permettant une totale libert\u00e9 de mouvements. L\u2019application du\u00a0Short LIPO-PANTY\u00ae\u00a0Elegance r\u00e9alis\u00e9 \u00e0 partir d\u2019un textile Coolmax\u00ae\u00a0sp\u00e9cialement \u00e9tudi\u00e9 s\u2019effectue imm\u00e9diatement apr\u00e8s l\u2019intervention. Des bretelles r\u00e9glables pour s\u2019adapter \u00e0 toutes les morphologies. La qualit\u00e9 [&hellip;]","og_url":"https:\/\/www.medicalz.com\/es\/productos\/lipo-panty-cortoelegance-coolmax-alto-copie\/","og_site_name":"Medical Z","article_publisher":"https:\/\/www.facebook.com\/MedicalZFrance\/","article_modified_time":"2025-01-31T10:36:36+00:00","og_image":[{"width":789,"height":1024,"url":"https:\/\/www.medicalz.com\/wp-content\/uploads\/2023\/05\/EC-034-BBLXL_web-789x1024.png","type":"image\/png"}],"schema":{"@context":"https:\/\/schema.org","@graph":[{"@type":"WebPage","@id":"https:\/\/www.medicalz.com\/es\/productos\/lipo-panty-cortoelegance-coolmax-alto-copie\/","url":"https:\/\/www.medicalz.com\/es\/productos\/lipo-panty-cortoelegance-coolmax-alto-copie\/","name":"LIPO-PANTY\u00ae CORTOELEGANCE COOLMAX\u00ae, ALTO (Copie) &#8226; Medical Z","isPartOf":{"@id":"https:\/\/www.medicalz.com\/es\/#website"},"primaryImageOfPage":{"@id":"https:\/\/www.medicalz.com\/es\/productos\/lipo-panty-cortoelegance-coolmax-alto-copie\/#primaryimage"},"image":{"@id":"https:\/\/www.medicalz.com\/es\/productos\/lipo-panty-cortoelegance-coolmax-alto-copie\/#primaryimage"},"thumbnailUrl":"https:\/\/www.medicalz.com\/wp-content\/uploads\/2023\/05\/EC-034-BBLXL_web.png","datePublished":"2023-05-23T07:57:53+00:00","dateModified":"2025-01-31T10:36:36+00:00","breadcrumb":{"@id":"https:\/\/www.medicalz.com\/es\/productos\/lipo-panty-cortoelegance-coolmax-alto-copie\/#breadcrumb"},"inLanguage":"es","potentialAction":[{"@type":"ReadAction","target":["https:\/\/www.medicalz.com\/es\/productos\/lipo-panty-cortoelegance-coolmax-alto-copie\/"]}]},{"@type":"ImageObject","inLanguage":"es","@id":"https:\/\/www.medicalz.com\/es\/productos\/lipo-panty-cortoelegance-coolmax-alto-copie\/#primaryimage","url":"https:\/\/www.medicalz.com\/wp-content\/uploads\/2023\/05\/EC-034-BBLXL_web.png","contentUrl":"https:\/\/www.medicalz.com\/wp-content\/uploads\/2023\/05\/EC-034-BBLXL_web.png","width":2000,"height":2595,"caption":"ec\/034 bblxl"},{"@type":"BreadcrumbList","@id":"https:\/\/www.medicalz.com\/es\/productos\/lipo-panty-cortoelegance-coolmax-alto-copie\/#breadcrumb","itemListElement":[{"@type":"ListItem","position":1,"name":"Principal","item":"https:\/\/www.medicalz.com\/es\/accueil\/"},{"@type":"ListItem","position":2,"name":"Productos","item":"https:\/\/www.medicalz.com\/es\/shop\/"},{"@type":"ListItem","position":3,"name":"Cirugia plastica","item":"https:\/\/www.medicalz.com\/es\/categoria-producto\/cirugia-plastica\/"},{"@type":"ListItem","position":4,"name":"LIPO-PANTY\u00ae CORTOELEGANCE COOLMAX\u00ae, ALTO (Copie)"}]},{"@type":"WebSite","@id":"https:\/\/www.medicalz.com\/es\/#website","url":"https:\/\/www.medicalz.com\/es\/","name":"Medical Z","description":"Cr\u00e9ateur FRAN\u00c7AIS de v\u00eatements compressifs depuis 1981","publisher":{"@id":"https:\/\/www.medicalz.com\/es\/#organization"},"potentialAction":[{"@type":"SearchAction","target":{"@type":"EntryPoint","urlTemplate":"https:\/\/www.medicalz.com\/es\/?s={search_term_string}"},"query-input":{"@type":"PropertyValueSpecification","valueRequired":true,"valueName":"search_term_string"}}],"inLanguage":"es"},{"@type":"Organization","@id":"https:\/\/www.medicalz.com\/es\/#organization","name":"MedicalZ","url":"https:\/\/www.medicalz.com\/es\/","logo":{"@type":"ImageObject","inLanguage":"es","@id":"https:\/\/www.medicalz.com\/es\/#\/schema\/logo\/image\/","url":"https:\/\/www.medicalz.com\/wp-content\/uploads\/2021\/06\/logo-1.png","contentUrl":"https:\/\/www.medicalz.com\/wp-content\/uploads\/2021\/06\/logo-1.png","width":400,"height":227,"caption":"MedicalZ"},"image":{"@id":"https:\/\/www.medicalz.com\/es\/#\/schema\/logo\/image\/"},"sameAs":["https:\/\/www.facebook.com\/MedicalZFrance\/","https:\/\/www.instagram.com\/medicalz_fr\/?hl=fr","https:\/\/www.youtube.com\/channel\/UC7rGbkWBc15cA4pbHS99Vbg"]}]}},"_links":{"self":[{"href":"https:\/\/www.medicalz.com\/es\/wp-json\/wp\/v2\/product\/18277","targetHints":{"allow":["GET"]}}],"collection":[{"href":"https:\/\/www.medicalz.com\/es\/wp-json\/wp\/v2\/product"}],"about":[{"href":"https:\/\/www.medicalz.com\/es\/wp-json\/wp\/v2\/types\/product"}],"wp:featuredmedia":[{"embeddable":true,"href":"https:\/\/www.medicalz.com\/es\/wp-json\/wp\/v2\/media\/18282"}],"wp:attachment":[{"href":"https:\/\/www.medicalz.com\/es\/wp-json\/wp\/v2\/media?parent=18277"}],"wp:term":[{"taxonomy":"product_brand","embeddable":true,"href":"https:\/\/www.medicalz.com\/es\/wp-json\/wp\/v2\/product_brand?post=18277"},{"taxonomy":"product_cat","embeddable":true,"href":"https:\/\/www.medicalz.com\/es\/wp-json\/wp\/v2\/product_cat?post=18277"},{"taxonomy":"product_tag","embeddable":true,"href":"https:\/\/www.medicalz.com\/es\/wp-json\/wp\/v2\/product_tag?post=18277"}],"curies":[{"name":"wp","href":"https:\/\/api.w.org\/{rel}","templated":true}]}}