{"id":17787,"date":"2022-11-15T10:28:03","date_gmt":"2022-11-15T09:28:03","guid":{"rendered":"https:\/\/www.medicalz.com\/?page_id=17787"},"modified":"2026-04-20T10:11:10","modified_gmt":"2026-04-20T08:11:10","slug":"gamme-dlp-technology","status":"publish","type":"page","link":"https:\/\/www.medicalz.com\/fr\/gamme-dlp-technology\/","title":{"rendered":"Lipopanty Lip\u0153d\u00e8me\u00a0"},"content":{"rendered":"<p>[et_pb_section fb_built=\u00a0\u00bb1&Prime; _builder_version=\u00a0\u00bb4.27.4&Prime; _module_preset=\u00a0\u00bbdefault\u00a0\u00bb background_color=\u00a0\u00bbrgba(255,255,255,0.85)\u00a0\u00bb background_enable_image=\u00a0\u00bboff\u00a0\u00bb background_blend=\u00a0\u00bblighten\u00a0\u00bb global_colors_info=\u00a0\u00bb{}\u00a0\u00bb][et_pb_row _builder_version=\u00a0\u00bb4.19.0&Prime; _module_preset=\u00a0\u00bbdefault\u00a0\u00bb global_colors_info=\u00a0\u00bb{}\u00a0\u00bb][et_pb_column type=\u00a0\u00bb4_4&Prime; _builder_version=\u00a0\u00bb4.19.0&Prime; _module_preset=\u00a0\u00bbdefault\u00a0\u00bb global_colors_info=\u00a0\u00bb{}\u00a0\u00bb][et_pb_text _builder_version=\u00a0\u00bb4.27.4&Prime; _module_preset=\u00a0\u00bbdefault\u00a0\u00bb hover_enabled=\u00a0\u00bb0&Prime; sticky_enabled=\u00a0\u00bb0&Prime; text_font_size=\u00a0\u00bb36px\u00a0\u00bb text_letter_spacing=\u00a0\u00bb4px\u00a0\u00bb text_orientation=\u00a0\u00bbcenter\u00a0\u00bb header_font_size=\u00a0\u00bb45px\u00a0\u00bb header_2_font_size=\u00a0\u00bb20px\u00a0\u00bb header_2_letter_spacing=\u00a0\u00bb5px\u00a0\u00bb header_2_line_height=\u00a0\u00bb1.2em\u00a0\u00bb header_2_font=\u00a0\u00bb|800||on|||||\u00a0\u00bb]<\/p>\n<h2 class=\"p1\" style=\"text-align: center;\"><span style=\"font-size: x-large;\"><strong>Lipopanty <\/strong><\/span><span style=\"font-size: x-large;\"><strong>Lip\u0153d\u00e8me<\/strong><\/span><\/h2>\n<p>[\/et_pb_text][et_pb_divider _builder_version=\u00a0\u00bb4.27.4&Prime; _module_preset=\u00a0\u00bbdefault\u00a0\u00bb custom_margin=\u00a0\u00bb|60px||198px|false|false\u00a0\u00bb custom_padding=\u00a0\u00bb|200px||64px|false|false\u00a0\u00bb color=\u00a0\u00bb#2F4457&Prime; hover_enabled=\u00a0\u00bb0&Prime; sticky_enabled=\u00a0\u00bb0&Prime;][\/et_pb_divider][et_pb_text _builder_version=\u00a0\u00bb4.27.4&Prime; _module_preset=\u00a0\u00bbdefault\u00a0\u00bb custom_padding=\u00a0\u00bb||0px|||\u00a0\u00bb hover_enabled=\u00a0\u00bb0&Prime; global_colors_info=\u00a0\u00bb{}\u00a0\u00bb sticky_enabled=\u00a0\u00bb0&Prime; custom_margin=\u00a0\u00bb-27px|||||\u00a0\u00bb]<\/p>\n<h1 class=\"p1\" style=\"text-align: center;\"><\/h1>\n<p>&nbsp;<\/p>\n<h4 class=\"p1\" style=\"text-align: center;\"><b>Une compression optimale<\/b><\/h4>\n<h4 class=\"p1\" style=\"text-align: center;\">pour le bas du corps qui allie confort<br \/>style et efficacit\u00e9<\/h4>\n<p>[\/et_pb_text][\/et_pb_column][\/et_pb_row][et_pb_row column_structure=\u00a0\u00bb1_4,1_2,1_4&Prime; _builder_version=\u00a0\u00bb4.19.0&Prime; _module_preset=\u00a0\u00bbdefault\u00a0\u00bb background_color=\u00a0\u00bb#FFFFFF\u00a0\u00bb min_height=\u00a0\u00bb318.2px\u00a0\u00bb custom_margin=\u00a0\u00bb|auto|2px|auto||\u00a0\u00bb custom_padding=\u00a0\u00bb0px|0px|0px|0px|false|false\u00a0\u00bb global_colors_info=\u00a0\u00bb{}\u00a0\u00bb][et_pb_column type=\u00a0\u00bb1_4&Prime; _builder_version=\u00a0\u00bb4.19.0&Prime; _module_preset=\u00a0\u00bbdefault\u00a0\u00bb global_colors_info=\u00a0\u00bb{}\u00a0\u00bb][et_pb_image src=\u00a0\u00bbhttps:\/\/www.medicalz.com\/wp-content\/uploads\/2026\/04\/panty_Lipodoeme_FFcoupe.png\u00a0\u00bb title_text=\u00a0\u00bbpanty_Lipod\u0153me_FFcoupe\u00a0\u00bb _builder_version=\u00a0\u00bb4.27.4&Prime; _module_preset=\u00a0\u00bbdefault\u00a0\u00bb width=\u00a0\u00bb99.9%\u00a0\u00bb custom_margin=\u00a0\u00bb||-1px|||\u00a0\u00bb custom_padding=\u00a0\u00bb||5px|||\u00a0\u00bb scroll_fade_enable=\u00a0\u00bbon\u00a0\u00bb scroll_fade=\u00a0\u00bb0|34|34|100|0|100|100&Prime; global_colors_info=\u00a0\u00bb{}\u00a0\u00bb][\/et_pb_image][\/et_pb_column][et_pb_column type=\u00a0\u00bb1_2&Prime; _builder_version=\u00a0\u00bb4.19.0&Prime; _module_preset=\u00a0\u00bbdefault\u00a0\u00bb global_colors_info=\u00a0\u00bb{}\u00a0\u00bb][et_pb_text _builder_version=\u00a0\u00bb4.27.4&Prime; _module_preset=\u00a0\u00bbdefault\u00a0\u00bb text_line_height=\u00a0\u00bb2em\u00a0\u00bb width=\u00a0\u00bb92%\u00a0\u00bb custom_margin=\u00a0\u00bb87px|||||\u00a0\u00bb custom_padding=\u00a0\u00bb0px|||||\u00a0\u00bb scroll_scaling_enable=\u00a0\u00bbon\u00a0\u00bb scroll_scaling=\u00a0\u00bb6|40|40|100|70|100|100&Prime; hover_enabled=\u00a0\u00bb0&Prime; global_colors_info=\u00a0\u00bb{}\u00a0\u00bb sticky_enabled=\u00a0\u00bb0&Prime;]<\/p>\n<h5 class=\"p1\" style=\"text-align: center;\"><span class=\"s1\"><b>\u2022 <\/b><\/span><b>Une compression <\/b><b>sur mesure<\/b><\/h5>\n<p style=\"text-align: center;\">chaine et trame de <span class=\"s3\"><b>classe 3 <\/b><\/span>(20 \u00e0 36 mmHg).<\/p>\n<p class=\"p2\" style=\"text-align: center;\">\n<p class=\"p2\" style=\"text-align: center;\">\n<h5 class=\"p3\" style=\"text-align: center;\"><span class=\"s4\">\u2022 <\/span><b>Pied ouvert <\/b>ou<b> pied ferm\u00e9<\/b><span class=\"s5\"><b><br \/><\/b><\/span><\/h5>\n<p style=\"text-align: center;\"><b><\/b><\/p>\n<p style=\"text-align: center;\"><b><\/b><\/p>\n<h5 class=\"p4\" style=\"text-align: center;\"><span class=\"s6\">\u2022 <\/span><span class=\"s7\"><b>Fermeture par crochet<\/b><\/span><\/h5>\n<h6 class=\"p4\" style=\"text-align: center;\"><span class=\"s8\">\u00a0 \u00a0permettant un<\/span><span class=\"s7\"><b> <\/b><\/span><span class=\"s3\"><b>r\u00e9glage \u00e0 la taille<\/b><\/span><span class=\"s8\">.<\/span><\/h6>\n<p style=\"text-align: center;\"><span class=\"s8\"><\/span><\/p>\n<p class=\"p2\" style=\"text-align: center;\">\n<h5 class=\"p3\" style=\"text-align: center;\"><b>\u2022 Textile Fresh Fabrics<\/b><b><\/b><\/h5>\n<p class=\"p5\" style=\"text-align: center;\"><b><\/b><\/p>\n<p class=\"p5\" style=\"text-align: center;\"><b><\/b><\/p>\n<p class=\"p6\" style=\"text-align: center;\"><span class=\"s1\"><b>\u2022 Composition : <\/b><\/span><b>67% polyamide \u2013 33 % Elasthanne<\/b><\/p>\n<p>[\/et_pb_text][\/et_pb_column][et_pb_column type=\u00a0\u00bb1_4&Prime; _builder_version=\u00a0\u00bb4.19.0&Prime; _module_preset=\u00a0\u00bbdefault\u00a0\u00bb global_colors_info=\u00a0\u00bb{}\u00a0\u00bb][et_pb_image src=\u00a0\u00bbhttps:\/\/www.medicalz.com\/wp-content\/uploads\/2026\/04\/panty_Lipodoeme_piedferme_web-1.png\u00a0\u00bb title_text=\u00a0\u00bbpanty_Lipod\u0153me_piedferme_web\u00a0\u00bb align=\u00a0\u00bbcenter\u00a0\u00bb _builder_version=\u00a0\u00bb4.27.4&Prime; _module_preset=\u00a0\u00bbdefault\u00a0\u00bb width=\u00a0\u00bb90.8%\u00a0\u00bb min_height=\u00a0\u00bb632.9px\u00a0\u00bb custom_margin=\u00a0\u00bb||2px|||\u00a0\u00bb custom_padding=\u00a0\u00bb||36px|2px||\u00a0\u00bb scroll_fade_enable=\u00a0\u00bbon\u00a0\u00bb scroll_fade=\u00a0\u00bb0|34|34|100|0|100|100&Prime; global_colors_info=\u00a0\u00bb{}\u00a0\u00bb][\/et_pb_image][\/et_pb_column][\/et_pb_row][et_pb_row _builder_version=\u00a0\u00bb4.19.0&Prime; _module_preset=\u00a0\u00bbdefault\u00a0\u00bb background_color=\u00a0\u00bb#FFFFFF\u00a0\u00bb min_height=\u00a0\u00bb240px\u00a0\u00bb custom_margin=\u00a0\u00bb|auto|92px|auto||\u00a0\u00bb custom_padding=\u00a0\u00bb26px||41px|||\u00a0\u00bb global_colors_info=\u00a0\u00bb{}\u00a0\u00bb][et_pb_column type=\u00a0\u00bb4_4&Prime; _builder_version=\u00a0\u00bb4.19.0&Prime; _module_preset=\u00a0\u00bbdefault\u00a0\u00bb global_colors_info=\u00a0\u00bb{}\u00a0\u00bb][et_pb_text content_tablet=\u00a0\u00bb<\/p>\n<p class=%22p1%22 style=%22text-align: center;%22><span style=%22color: #2b357d;%22>Dans une optique d\u2019am\u00e9lioration des r\u00e9sultats,<\/span><br \/><span style=%22color: #2b357d;%22>M\u00e9dical Z propose d\u00e9sormais<\/span><\/p>\n<p class=%22p2%22 style=%22text-align: center;%22><span style=%22color: #178fcf;%22><strong>UN V\u00caTEMENT COMPRESSIF INCLUANT<\/strong><\/span><br \/><span style=%22color: #178fcf;%22><strong>UN SYST\u00c8ME DE DRAINAGE LYMPHATIQUE INT\u00c9GR\u00c9 NOMM\u00c9 :<\/strong><\/span><\/p>\n<p class=%22p3%22 style=%22text-align: center;%22><span style=%22color: #178fcf; font-size: x-large;%22><strong>DLP TECHNOLOGY<span class=%22s1%22>\u00ae<\/span><\/strong><\/span><span style=%22color: #178fcf; font-size: x-large;%22><strong><span class=%22s1%22><\/span><\/strong><\/span><\/p>\n<p class=%22p3%22 style=%22text-align: center;%22><span style=%22color: #178fcf; font-size: x-large;%22><strong><span class=%22s1%22><img src=%22https:\/\/www.medicalz.com\/wp-content\/uploads\/2022\/11\/Logo_DLP_RVB-150x150.jpg%22 width=%22150%22 height=%22150%22 alt=%22logo DLP technology\u00ae%22 class=%22wp-image-17789 aligncenter size-thumbnail%22 \/><\/span><\/strong><\/span><\/p>\n<p>\u00a0\u00bb content_phone=\u00a0\u00bb<\/p>\n<p class=%22p1%22 style=%22text-align: center;%22><span style=%22color: #2b357d;%22>Dans une optique d\u2019am\u00e9lioration des r\u00e9sultats,<\/span><br \/><span style=%22color: #2b357d;%22>M\u00e9dical Z propose d\u00e9sormais<\/span><\/p>\n<p class=%22p2%22 style=%22text-align: center;%22><span style=%22color: #178fcf;%22><strong>UN V\u00caTEMENT COMPRESSIF INCLUANT<\/strong><\/span><br \/><span style=%22color: #178fcf;%22><strong>UN SYST\u00c8ME DE DRAINAGE LYMPHATIQUE INT\u00c9GR\u00c9 NOMM\u00c9 :<\/strong><\/span><\/p>\n<p class=%22p3%22 style=%22text-align: center;%22><span style=%22color: #178fcf; font-size: x-large;%22><strong>DLP TECHNOLOGY<span class=%22s1%22>\u00ae<\/span><\/strong><\/span><span style=%22color: #178fcf; font-size: x-large;%22><strong><span class=%22s1%22><\/span><\/strong><\/span><\/p>\n<p class=%22p3%22 style=%22text-align: center;%22><span style=%22color: #178fcf; font-size: x-large;%22><strong><span class=%22s1%22><img src=%22https:\/\/www.medicalz.com\/wp-content\/uploads\/2022\/11\/Logo_DLP_RVB-150x150.jpg%22 width=%22150%22 height=%22150%22 alt=%22logo DLP technology\u00ae%22 class=%22wp-image-17789 aligncenter size-thumbnail%22 \/><\/span><\/strong><\/span><\/p>\n<p>\u00a0\u00bb content_last_edited=\u00a0\u00bbon|phone\u00a0\u00bb _builder_version=\u00a0\u00bb4.27.4&Prime; _module_preset=\u00a0\u00bbdefault\u00a0\u00bb text_line_height=\u00a0\u00bb1.9em\u00a0\u00bb header_font_size=\u00a0\u00bb38px\u00a0\u00bb background_color=\u00a0\u00bb#eff3f4&Prime; min_height=\u00a0\u00bb225px\u00a0\u00bb custom_margin=\u00a0\u00bb0px|125px|-5px|65px|false|false\u00a0\u00bb custom_margin_tablet=\u00a0\u00bb0px|200px|0px|200px|false|false\u00a0\u00bb custom_margin_phone=\u00a0\u00bb|0px||0px|false|false\u00a0\u00bb custom_margin_last_edited=\u00a0\u00bbon|phone\u00a0\u00bb custom_padding=\u00a0\u00bb10px|50px|17px|50px|false|false\u00a0\u00bb hover_enabled=\u00a0\u00bb0&Prime; border_width_all=\u00a0\u00bb2px\u00a0\u00bb border_color_all=\u00a0\u00bb#2F4457&Prime; global_colors_info=\u00a0\u00bb{}\u00a0\u00bb sticky_enabled=\u00a0\u00bb0&Prime; box_shadow_style=\u00a0\u00bbpreset2&Prime; box_shadow_blur=\u00a0\u00bb20px\u00a0\u00bb box_shadow_spread=\u00a0\u00bb-16px\u00a0\u00bb]<\/p>\n<p class=\"p1\" style=\"text-align: center;\"><span class=\"s1\">La forme g\u00e9om\u00e9trique unique de la fibre textile du<\/span><span class=\"s2\"><b> <\/b><\/span><span class=\"s3\"><b>Fresh Fabrics<\/b><b><sup>\u00ae<\/sup><\/b><b> de M\u00e9dical Z<\/b><b><sup>\u00ae<\/sup><\/b><\/span><span class=\"s2\"><br \/>permet une <\/span><span class=\"s3\"><b>\u00e9vacuation ultra-rapide de la transpiration<br \/><\/b><\/span><span class=\"s2\"> en pr\u00e9sentant une <\/span><span class=\"s3\"><b>vitesse de s\u00e9chage 63 fois sup\u00e9rieure<\/b><\/span><span class=\"s2\"> \u00e0 tout autre tissu.<\/span><\/p>\n<p class=\"p1\" style=\"text-align: center;\"><span class=\"s2\"> Par ailleurs, <b>le Fresh Fabrics<\/b><b><sup>\u00ae<\/sup><\/b> poss\u00e8de une autre particularit\u00e9 essentielle pour un tissu :<br \/><\/span><span class=\"s3\"><b>SON CONFORT<\/b><\/span><span class=\"s2\"><b>.<\/b><\/span><\/p>\n<p class=\"p1\" style=\"text-align: center;\"><span class=\"s3\"><b>PLUS DOUX au toucher<\/b><\/span><span class=\"s2\"> que n\u2019importe quel tissu standard,<br \/>il apporte une <\/span><span class=\"s3\"><b>sensation de bien-\u00eatre imm\u00e9diat<\/b><\/span><span class=\"s2\"> lors de l\u2019enfilage<br \/>tout en <\/span><span class=\"s3\"><b>maximisant les effets d\u2019une compression<\/b><\/span><span class=\"s2\"> efficace et continue.<\/span><\/p>\n<p>[\/et_pb_text][\/et_pb_column][\/et_pb_row][\/et_pb_section]<\/p>\n","protected":false},"excerpt":{"rendered":"<p>Lipopanty Lip\u0153d\u00e8me &nbsp; Une compression optimale pour le bas du corps qui allie confortstyle et efficacit\u00e9\u2022 Une compression sur mesure chaine et trame de classe 3 (20 \u00e0 36 mmHg). \u2022 Pied ouvert ou pied ferm\u00e9 \u2022 Fermeture par crochet \u00a0 \u00a0permettant un r\u00e9glage \u00e0 la taille. \u2022 Textile Fresh Fabrics \u2022 Composition : 67% [&hellip;]<\/p>\n","protected":false},"author":4,"featured_media":0,"parent":0,"menu_order":0,"comment_status":"closed","ping_status":"closed","template":"","meta":{"_et_pb_use_builder":"on","_et_pb_old_content":"","_et_gb_content_width":"","footnotes":""},"class_list":["post-17787","page","type-page","status-publish","hentry"],"yoast_head":"<!-- This site is optimized with the Yoast SEO plugin v25.1 - https:\/\/yoast.com\/wordpress\/plugins\/seo\/ -->\n<title>UNE TECHNOLOGIE UNIQUE QUI ALLIE LA COMPRESSION AU DRAINAGE LYMPHATIQUE<\/title>\n<meta name=\"robots\" content=\"index, follow, max-snippet:-1, max-image-preview:large, max-video-preview:-1\" \/>\n<link rel=\"canonical\" href=\"https:\/\/www.medicalz.com\/fr\/gamme-dlp-technology\/\" \/>\n<meta property=\"og:locale\" content=\"fr_FR\" \/>\n<meta property=\"og:type\" content=\"article\" \/>\n<meta property=\"og:title\" content=\"UNE TECHNOLOGIE UNIQUE QUI ALLIE LA COMPRESSION AU DRAINAGE LYMPHATIQUE\" \/>\n<meta property=\"og:description\" content=\"Lipopanty Lip\u0153d\u00e8me &nbsp; Une compression optimale pour le bas du corps qui allie confortstyle et efficacit\u00e9\u2022 Une compression sur mesure chaine et trame de classe 3 (20 \u00e0 36 mmHg). \u2022 Pied ouvert ou pied ferm\u00e9 \u2022 Fermeture par crochet \u00a0 \u00a0permettant un r\u00e9glage \u00e0 la taille. \u2022 Textile Fresh Fabrics \u2022 Composition : 67% [&hellip;]\" \/>\n<meta property=\"og:url\" content=\"https:\/\/www.medicalz.com\/fr\/gamme-dlp-technology\/\" \/>\n<meta property=\"og:site_name\" content=\"Medical Z\" \/>\n<meta property=\"article:publisher\" content=\"https:\/\/www.facebook.com\/MedicalZFrance\/\" \/>\n<meta property=\"article:modified_time\" content=\"2026-04-20T08:11:10+00:00\" \/>\n<script type=\"application\/ld+json\" class=\"yoast-schema-graph\">{\"@context\":\"https:\/\/schema.org\",\"@graph\":[{\"@type\":\"WebPage\",\"@id\":\"https:\/\/www.medicalz.com\/fr\/gamme-dlp-technology\/\",\"url\":\"https:\/\/www.medicalz.com\/fr\/gamme-dlp-technology\/\",\"name\":\"UNE TECHNOLOGIE UNIQUE QUI ALLIE LA COMPRESSION AU DRAINAGE LYMPHATIQUE\",\"isPartOf\":{\"@id\":\"https:\/\/www.medicalz.com\/fr\/#website\"},\"datePublished\":\"2022-11-15T09:28:03+00:00\",\"dateModified\":\"2026-04-20T08:11:10+00:00\",\"breadcrumb\":{\"@id\":\"https:\/\/www.medicalz.com\/fr\/gamme-dlp-technology\/#breadcrumb\"},\"inLanguage\":\"fr-FR\",\"potentialAction\":[{\"@type\":\"ReadAction\",\"target\":[\"https:\/\/www.medicalz.com\/fr\/gamme-dlp-technology\/\"]}]},{\"@type\":\"BreadcrumbList\",\"@id\":\"https:\/\/www.medicalz.com\/fr\/gamme-dlp-technology\/#breadcrumb\",\"itemListElement\":[{\"@type\":\"ListItem\",\"position\":1,\"name\":\"Principal\",\"item\":\"https:\/\/www.medicalz.com\/fr\/accueil\/\"},{\"@type\":\"ListItem\",\"position\":2,\"name\":\"Lipopanty Lip\u0153d\u00e8me\u00a0\"}]},{\"@type\":\"WebSite\",\"@id\":\"https:\/\/www.medicalz.com\/fr\/#website\",\"url\":\"https:\/\/www.medicalz.com\/fr\/\",\"name\":\"Medical Z\",\"description\":\"Cr\u00e9ateur FRAN\u00c7AIS de v\u00eatements compressifs depuis 1981\",\"publisher\":{\"@id\":\"https:\/\/www.medicalz.com\/fr\/#organization\"},\"potentialAction\":[{\"@type\":\"SearchAction\",\"target\":{\"@type\":\"EntryPoint\",\"urlTemplate\":\"https:\/\/www.medicalz.com\/fr\/?s={search_term_string}\"},\"query-input\":{\"@type\":\"PropertyValueSpecification\",\"valueRequired\":true,\"valueName\":\"search_term_string\"}}],\"inLanguage\":\"fr-FR\"},{\"@type\":\"Organization\",\"@id\":\"https:\/\/www.medicalz.com\/fr\/#organization\",\"name\":\"MedicalZ\",\"url\":\"https:\/\/www.medicalz.com\/fr\/\",\"logo\":{\"@type\":\"ImageObject\",\"inLanguage\":\"fr-FR\",\"@id\":\"https:\/\/www.medicalz.com\/fr\/#\/schema\/logo\/image\/\",\"url\":\"https:\/\/www.medicalz.com\/wp-content\/uploads\/2021\/06\/logo-1.png\",\"contentUrl\":\"https:\/\/www.medicalz.com\/wp-content\/uploads\/2021\/06\/logo-1.png\",\"width\":400,\"height\":227,\"caption\":\"MedicalZ\"},\"image\":{\"@id\":\"https:\/\/www.medicalz.com\/fr\/#\/schema\/logo\/image\/\"},\"sameAs\":[\"https:\/\/www.facebook.com\/MedicalZFrance\/\",\"https:\/\/www.instagram.com\/medicalz_fr\/?hl=fr\",\"https:\/\/www.youtube.com\/channel\/UC7rGbkWBc15cA4pbHS99Vbg\"]}]}<\/script>\n<!-- \/ Yoast SEO plugin. -->","yoast_head_json":{"title":"UNE TECHNOLOGIE UNIQUE QUI ALLIE LA COMPRESSION AU DRAINAGE LYMPHATIQUE","robots":{"index":"index","follow":"follow","max-snippet":"max-snippet:-1","max-image-preview":"max-image-preview:large","max-video-preview":"max-video-preview:-1"},"canonical":"https:\/\/www.medicalz.com\/fr\/gamme-dlp-technology\/","og_locale":"fr_FR","og_type":"article","og_title":"UNE TECHNOLOGIE UNIQUE QUI ALLIE LA COMPRESSION AU DRAINAGE LYMPHATIQUE","og_description":"Lipopanty Lip\u0153d\u00e8me &nbsp; Une compression optimale pour le bas du corps qui allie confortstyle et efficacit\u00e9\u2022 Une compression sur mesure chaine et trame de classe 3 (20 \u00e0 36 mmHg). \u2022 Pied ouvert ou pied ferm\u00e9 \u2022 Fermeture par crochet \u00a0 \u00a0permettant un r\u00e9glage \u00e0 la taille. \u2022 Textile Fresh Fabrics \u2022 Composition : 67% [&hellip;]","og_url":"https:\/\/www.medicalz.com\/fr\/gamme-dlp-technology\/","og_site_name":"Medical Z","article_publisher":"https:\/\/www.facebook.com\/MedicalZFrance\/","article_modified_time":"2026-04-20T08:11:10+00:00","schema":{"@context":"https:\/\/schema.org","@graph":[{"@type":"WebPage","@id":"https:\/\/www.medicalz.com\/fr\/gamme-dlp-technology\/","url":"https:\/\/www.medicalz.com\/fr\/gamme-dlp-technology\/","name":"UNE TECHNOLOGIE UNIQUE QUI ALLIE LA COMPRESSION AU DRAINAGE LYMPHATIQUE","isPartOf":{"@id":"https:\/\/www.medicalz.com\/fr\/#website"},"datePublished":"2022-11-15T09:28:03+00:00","dateModified":"2026-04-20T08:11:10+00:00","breadcrumb":{"@id":"https:\/\/www.medicalz.com\/fr\/gamme-dlp-technology\/#breadcrumb"},"inLanguage":"fr-FR","potentialAction":[{"@type":"ReadAction","target":["https:\/\/www.medicalz.com\/fr\/gamme-dlp-technology\/"]}]},{"@type":"BreadcrumbList","@id":"https:\/\/www.medicalz.com\/fr\/gamme-dlp-technology\/#breadcrumb","itemListElement":[{"@type":"ListItem","position":1,"name":"Principal","item":"https:\/\/www.medicalz.com\/fr\/accueil\/"},{"@type":"ListItem","position":2,"name":"Lipopanty Lip\u0153d\u00e8me\u00a0"}]},{"@type":"WebSite","@id":"https:\/\/www.medicalz.com\/fr\/#website","url":"https:\/\/www.medicalz.com\/fr\/","name":"Medical Z","description":"Cr\u00e9ateur FRAN\u00c7AIS de v\u00eatements compressifs depuis 1981","publisher":{"@id":"https:\/\/www.medicalz.com\/fr\/#organization"},"potentialAction":[{"@type":"SearchAction","target":{"@type":"EntryPoint","urlTemplate":"https:\/\/www.medicalz.com\/fr\/?s={search_term_string}"},"query-input":{"@type":"PropertyValueSpecification","valueRequired":true,"valueName":"search_term_string"}}],"inLanguage":"fr-FR"},{"@type":"Organization","@id":"https:\/\/www.medicalz.com\/fr\/#organization","name":"MedicalZ","url":"https:\/\/www.medicalz.com\/fr\/","logo":{"@type":"ImageObject","inLanguage":"fr-FR","@id":"https:\/\/www.medicalz.com\/fr\/#\/schema\/logo\/image\/","url":"https:\/\/www.medicalz.com\/wp-content\/uploads\/2021\/06\/logo-1.png","contentUrl":"https:\/\/www.medicalz.com\/wp-content\/uploads\/2021\/06\/logo-1.png","width":400,"height":227,"caption":"MedicalZ"},"image":{"@id":"https:\/\/www.medicalz.com\/fr\/#\/schema\/logo\/image\/"},"sameAs":["https:\/\/www.facebook.com\/MedicalZFrance\/","https:\/\/www.instagram.com\/medicalz_fr\/?hl=fr","https:\/\/www.youtube.com\/channel\/UC7rGbkWBc15cA4pbHS99Vbg"]}]}},"_links":{"self":[{"href":"https:\/\/www.medicalz.com\/fr\/wp-json\/wp\/v2\/pages\/17787","targetHints":{"allow":["GET"]}}],"collection":[{"href":"https:\/\/www.medicalz.com\/fr\/wp-json\/wp\/v2\/pages"}],"about":[{"href":"https:\/\/www.medicalz.com\/fr\/wp-json\/wp\/v2\/types\/page"}],"author":[{"embeddable":true,"href":"https:\/\/www.medicalz.com\/fr\/wp-json\/wp\/v2\/users\/4"}],"replies":[{"embeddable":true,"href":"https:\/\/www.medicalz.com\/fr\/wp-json\/wp\/v2\/comments?post=17787"}],"version-history":[{"count":33,"href":"https:\/\/www.medicalz.com\/fr\/wp-json\/wp\/v2\/pages\/17787\/revisions"}],"predecessor-version":[{"id":21803,"href":"https:\/\/www.medicalz.com\/fr\/wp-json\/wp\/v2\/pages\/17787\/revisions\/21803"}],"wp:attachment":[{"href":"https:\/\/www.medicalz.com\/fr\/wp-json\/wp\/v2\/media?parent=17787"}],"curies":[{"name":"wp","href":"https:\/\/api.w.org\/{rel}","templated":true}]}}