{"id":193,"date":"2021-05-20T12:12:33","date_gmt":"2021-05-20T10:12:33","guid":{"rendered":"https:\/\/www.medicalz.com\/?page_id=193"},"modified":"2024-07-24T12:09:12","modified_gmt":"2024-07-24T10:09:12","slug":"gels-cicatrisants","status":"publish","type":"page","link":"https:\/\/www.medicalz.com\/fr\/gels-cicatrisants\/","title":{"rendered":"M\u00e9digel Z\u00ae &#038; M\u00e9dipatch gel Z\u00ae"},"content":{"rendered":"<p>[et_pb_section fb_built=\u00a0\u00bb1&Prime; fullwidth=\u00a0\u00bbon\u00a0\u00bb _builder_version=\u00a0\u00bb4.16&Prime; _module_preset=\u00a0\u00bbdefault\u00a0\u00bb global_colors_info=\u00a0\u00bb{}\u00a0\u00bb da_is_popup=\u00a0\u00bboff\u00a0\u00bb da_exit_intent=\u00a0\u00bboff\u00a0\u00bb da_has_close=\u00a0\u00bbon\u00a0\u00bb da_alt_close=\u00a0\u00bboff\u00a0\u00bb da_dark_close=\u00a0\u00bboff\u00a0\u00bb da_not_modal=\u00a0\u00bbon\u00a0\u00bb da_is_singular=\u00a0\u00bboff\u00a0\u00bb da_with_loader=\u00a0\u00bboff\u00a0\u00bb da_has_shadow=\u00a0\u00bbon\u00a0\u00bb da_disable_devices=\u00a0\u00bboff|off|off\u00a0\u00bb][et_pb_fullwidth_header title=\u00a0\u00bbM\u00e9digel Z\u00ae &#038; M\u00e9dipatch Gel Z\u00ae\u00a0\u00bb text_orientation=\u00a0\u00bbcenter\u00a0\u00bb title_tablet=\u00a0\u00bbM\u00e9digel Z\u00ae &#038; M\u00e9dipatch Gel Z\u00ae\u00a0\u00bb title_phone=\u00a0\u00bbM\u00e9digel Z\u00ae &#038; M\u00e9dipatch Gel Z\u00ae\u00a0\u00bb title_last_edited=\u00a0\u00bbon|phone\u00a0\u00bb _builder_version=\u00a0\u00bb4.16&Prime; _module_preset=\u00a0\u00bbdefault\u00a0\u00bb title_text_color=\u00a0\u00bb#427393&Prime; title_letter_spacing=\u00a0\u00bb3px\u00a0\u00bb background_image=\u00a0\u00bbhttps:\/\/www.medicalz.com\/wp-content\/uploads\/2021\/10\/medigel-1-scaled.jpg\u00a0\u00bb custom_margin=\u00a0\u00bb||30px||false|false\u00a0\u00bb custom_padding=\u00a0\u00bb70px||69px||false|false\u00a0\u00bb background_last_edited=\u00a0\u00bbon|phone\u00a0\u00bb background_image_phone=\u00a0\u00bbhttps:\/\/www.medicalz.com\/wp-content\/uploads\/2022\/01\/medigel-1-scaled.jpg\u00a0\u00bb background_enable_image_phone=\u00a0\u00bbon\u00a0\u00bb text_shadow_style=\u00a0\u00bbpreset1&Prime; text_shadow_color=\u00a0\u00bb#949494&Prime; locked=\u00a0\u00bboff\u00a0\u00bb global_colors_info=\u00a0\u00bb{}\u00a0\u00bb][\/et_pb_fullwidth_header][\/et_pb_section][et_pb_section fb_built=\u00a0\u00bb1&Prime; _builder_version=\u00a0\u00bb4.16&Prime; _module_preset=\u00a0\u00bbdefault\u00a0\u00bb custom_padding=\u00a0\u00bb12px|||||\u00a0\u00bb global_colors_info=\u00a0\u00bb{}\u00a0\u00bb da_is_popup=\u00a0\u00bboff\u00a0\u00bb da_exit_intent=\u00a0\u00bboff\u00a0\u00bb da_has_close=\u00a0\u00bbon\u00a0\u00bb da_alt_close=\u00a0\u00bboff\u00a0\u00bb da_dark_close=\u00a0\u00bboff\u00a0\u00bb da_not_modal=\u00a0\u00bbon\u00a0\u00bb da_is_singular=\u00a0\u00bboff\u00a0\u00bb da_with_loader=\u00a0\u00bboff\u00a0\u00bb da_has_shadow=\u00a0\u00bbon\u00a0\u00bb da_disable_devices=\u00a0\u00bboff|off|off\u00a0\u00bb][et_pb_row _builder_version=\u00a0\u00bb4.16&Prime; _module_preset=\u00a0\u00bbdefault\u00a0\u00bb global_colors_info=\u00a0\u00bb{}\u00a0\u00bb][et_pb_column type=\u00a0\u00bb4_4&Prime; _builder_version=\u00a0\u00bb4.16&Prime; _module_preset=\u00a0\u00bbdefault\u00a0\u00bb global_colors_info=\u00a0\u00bb{}\u00a0\u00bb][et_pb_text _builder_version=\u00a0\u00bb4.16&Prime; _module_preset=\u00a0\u00bbdefault\u00a0\u00bb animation_style=\u00a0\u00bbslide\u00a0\u00bb animation_duration=\u00a0\u00bb1150ms\u00a0\u00bb animation_intensity_slide=\u00a0\u00bb70%\u00a0\u00bb animation_starting_opacity=\u00a0\u00bb24%\u00a0\u00bb global_colors_info=\u00a0\u00bb{}\u00a0\u00bb]<\/p>\n<h2>Gels de traitement des cicatrices<\/h2>\n<p>[\/et_pb_text][et_pb_divider module_class=\u00a0\u00bbseparateur\u00a0\u00bb _builder_version=\u00a0\u00bb4.16&Prime; _module_preset=\u00a0\u00bbdefault\u00a0\u00bb global_colors_info=\u00a0\u00bb{}\u00a0\u00bb][\/et_pb_divider][\/et_pb_column][\/et_pb_row][et_pb_row _builder_version=\u00a0\u00bb4.16&Prime; _module_preset=\u00a0\u00bbdefault\u00a0\u00bb global_colors_info=\u00a0\u00bb{}\u00a0\u00bb][et_pb_column type=\u00a0\u00bb4_4&Prime; _builder_version=\u00a0\u00bb4.16&Prime; _module_preset=\u00a0\u00bbdefault\u00a0\u00bb global_colors_info=\u00a0\u00bb{}\u00a0\u00bb][et_pb_text _builder_version=\u00a0\u00bb4.16&Prime; _module_preset=\u00a0\u00bbdefault\u00a0\u00bb min_height=\u00a0\u00bb42.5px\u00a0\u00bb custom_padding=\u00a0\u00bb11px|||||\u00a0\u00bb animation_style=\u00a0\u00bbfade\u00a0\u00bb animation_duration=\u00a0\u00bb1050ms\u00a0\u00bb animation_delay=\u00a0\u00bb50ms\u00a0\u00bb scroll_horizontal_motion=\u00a0\u00bb9|34|34|71|4|0|-4&Prime; scroll_fade=\u00a0\u00bb0|37|37|100|0|100|100&Prime; global_colors_info=\u00a0\u00bb{}\u00a0\u00bb]<\/p>\n<h4><span>De nombreuses \u00e9tudes ont prouv\u00e9 l\u2019efficacit\u00e9 des polym\u00e8res dans le traitement pr\u00e9ventif des cicatrices hypertrophiques et ch\u00e9lo\u00efdes. Medigel Z\u00ae est l\u2019association d\u2019un copolym\u00e8re et d\u2019une huile min\u00e9rale \u00e0 usage m\u00e9dical de classe H1.<\/span><\/h4>\n<p>[\/et_pb_text][et_pb_image src=\u00a0\u00bbhttps:\/\/www.medicalz.com\/wp-content\/uploads\/2021\/12\/Evolution-cicatrice-MZ-e1641823197426.png\u00a0\u00bb alt=\u00a0\u00bb\u00e9tape cicatrisation MZ\u00a0\u00bb title_text=\u00a0\u00bbEvolution-cicatrice-MZ\u00a0\u00bb align=\u00a0\u00bbcenter\u00a0\u00bb src_tablet=\u00a0\u00bbhttps:\/\/www.medicalz.com\/wp-content\/uploads\/2021\/12\/Evolution-cicatrice-MZ-e1641823197426.png\u00a0\u00bb src_phone=\u00a0\u00bbhttps:\/\/www.medicalz.com\/wp-content\/uploads\/2021\/12\/Evolution-cicatrice-MZ-e1641823197426.png\u00a0\u00bb src_last_edited=\u00a0\u00bbon|phone\u00a0\u00bb _builder_version=\u00a0\u00bb4.16&Prime; _module_preset=\u00a0\u00bbdefault\u00a0\u00bb width=\u00a0\u00bb67%\u00a0\u00bb max_width=\u00a0\u00bb98%\u00a0\u00bb animation_style=\u00a0\u00bbbounce\u00a0\u00bb animation_duration=\u00a0\u00bb1100ms\u00a0\u00bb animation_delay=\u00a0\u00bb200ms\u00a0\u00bb global_colors_info=\u00a0\u00bb{}\u00a0\u00bb][\/et_pb_image][\/et_pb_column][\/et_pb_row][et_pb_row _builder_version=\u00a0\u00bb4.17.0&Prime; _module_preset=\u00a0\u00bbdefault\u00a0\u00bb global_colors_info=\u00a0\u00bb{}\u00a0\u00bb][et_pb_column type=\u00a0\u00bb4_4&Prime; _builder_version=\u00a0\u00bb4.17.0&Prime; _module_preset=\u00a0\u00bbdefault\u00a0\u00bb global_colors_info=\u00a0\u00bb{}\u00a0\u00bb][et_pb_text _builder_version=\u00a0\u00bb4.25.2&Prime; _module_preset=\u00a0\u00bbdefault\u00a0\u00bb hover_enabled=\u00a0\u00bb0&Prime; global_colors_info=\u00a0\u00bb{}\u00a0\u00bb sticky_enabled=\u00a0\u00bb0&Prime; custom_padding=\u00a0\u00bb||22px|||\u00a0\u00bb]<\/p>\n<p>Initialement con\u00e7u pour le traitement des cicatrices des grands br\u00fbl\u00e9s,<span>\u00a0<\/span><strong>le MedigelZ<sup>\u00ae<\/sup><span>\u00a0<\/span>a un champ d\u2019action beaucoup plus \u00e9tendu<\/strong>, notamment dans le domaine de la<span>\u00a0<\/span><strong>chirurgie plastique et esth\u00e9tique<\/strong>, en<span>\u00a0<\/span><strong>orthop\u00e9die<\/strong>, en<span>\u00a0<\/span><strong>podologie<\/strong>. En extension du Medigel Z<sup>\u00ae<\/sup><span>\u00a0<\/span>a \u00e9t\u00e9 cr\u00e9\u00e9 le<span>\u00a0<\/span><strong>Medipatch<\/strong>, utilisant la m\u00eame technologie, mais pr\u00e9sentant l\u2019int\u00e9r\u00eat pour de nombreuses utilisations d\u2019\u00eatre<strong><span>\u00a0<\/span>auto-adh\u00e9sif<\/strong>.<\/p>\n<p>MedigelZ<sup>\u00ae<\/sup>, en plus de ses propri\u00e9t\u00e9s sur la cicatrisation, est dot\u00e9 de par sa formule d\u2019une<span>\u00a0<\/span><strong>grande \u00e9lasticit\u00e9 ainsi que d\u2019une dur\u00e9e de vie tr\u00e8s longue<\/strong>, de l\u2019ordre de huit \u00e0 douze semaines. Des \u00e9tudes* ont m\u00eame prouv\u00e9 que cette dur\u00e9e pouvait atteindre 6 mois dans de conditions optimales d\u2019utilisation.<\/p>\n<p>&nbsp;<\/p>\n<p><strong>Le M\u00e9digel Z<sup>\u00ae<\/sup>\u00a0ne doit pas \u00eatre appliqu\u00e9 directement sur de la peau ou de la muqueuse l\u00e9s\u00e9e.<\/strong><\/p>\n<p><strong><span><span style=\"font-size: small;\">Nous conseillons de tester le M\u00e9digel Z\u00ae sur une petite partie du corps pendant quelques heures avant de l\u2019appliquer sur la cicatrice.<\/span><\/span><\/strong><\/p>\n<p>[\/et_pb_text][\/et_pb_column][\/et_pb_row][et_pb_row _builder_version=\u00a0\u00bb4.16&Prime; _module_preset=\u00a0\u00bbdefault\u00a0\u00bb custom_padding=\u00a0\u00bb13px|||||\u00a0\u00bb global_colors_info=\u00a0\u00bb{}\u00a0\u00bb][et_pb_column type=\u00a0\u00bb4_4&Prime; _builder_version=\u00a0\u00bb4.16&Prime; _module_preset=\u00a0\u00bbdefault\u00a0\u00bb global_colors_info=\u00a0\u00bb{}\u00a0\u00bb][et_pb_text _builder_version=\u00a0\u00bb4.16&Prime; _module_preset=\u00a0\u00bbdefault\u00a0\u00bb custom_margin=\u00a0\u00bb||||false|false\u00a0\u00bb global_colors_info=\u00a0\u00bb{}\u00a0\u00bb]<\/p>\n<p>&nbsp;<\/p>\n<p>&nbsp;<\/p>\n<h3><span style=\"color: #178fcf;\">CARACT\u00c9RISTIQUES<\/span><\/h3>\n<ul>\n<li><strong>Doux<\/strong> et <strong>confortable<\/strong><\/li>\n<li><strong>Prot\u00e8ge des frottements<\/strong> et peut \u00eatre utilis\u00e9 conjointement avec des <strong>v\u00eatements compressifs<\/strong><\/li>\n<li>S\u2019<strong>\u00e9tire<\/strong> et <strong>\u00e9pouse les mouvements<\/strong> du patient<\/li>\n<li>Peut \u00eatre <strong>doubl\u00e9 d\u2019une couche de tissu<\/strong><\/li>\n<li>Peut \u00eatre <strong>d\u00e9coup\u00e9 \u00e0 la taille<\/strong> et <strong>\u00e0 la forme<\/strong> d\u00e9sir\u00e9es<\/li>\n<li><strong>Hypoallerg\u00e9nique<\/strong><\/li>\n<li><strong>\u00c9conomique<\/strong> : dur\u00e9e de vie 3 \u00e0 6 fois sup\u00e9rieure \u00e0 des feuilles de silicone<\/li>\n<\/ul>\n<p>&nbsp;<\/p>\n<p>[\/et_pb_text][\/et_pb_column][\/et_pb_row][et_pb_row _builder_version=\u00a0\u00bb4.16&Prime; _module_preset=\u00a0\u00bbdefault\u00a0\u00bb global_colors_info=\u00a0\u00bb{}\u00a0\u00bb][et_pb_column type=\u00a0\u00bb4_4&Prime; _builder_version=\u00a0\u00bb4.16&Prime; _module_preset=\u00a0\u00bbdefault\u00a0\u00bb global_colors_info=\u00a0\u00bb{}\u00a0\u00bb][dpdfg_filtergrid custom_query=\u00a0\u00bbadvanced\u00a0\u00bb multiple_cpt=\u00a0\u00bbproduct\u00a0\u00bb use_taxonomy_terms=\u00a0\u00bbon\u00a0\u00bb multiple_taxonomies=\u00a0\u00bbproduct_cat\u00a0\u00bb include_terms=\u00a0\u00bb107,85,87,86&Prime; include_children_terms=\u00a0\u00bboff\u00a0\u00bb order=\u00a0\u00bbASC\u00a0\u00bb orderby=\u00a0\u00bbmenu_order\u00a0\u00bb thumbnail_size=\u00a0\u00bb400&#215;516&Prime; use_overlay=\u00a0\u00bboff\u00a0\u00bb title_link=\u00a0\u00bbon\u00a0\u00bb show_post_meta=\u00a0\u00bboff\u00a0\u00bb show_custom_fields=\u00a0\u00bbon\u00a0\u00bb custom_fields=\u00a0\u00bb%91{%22name%22:%22Ref%22,%22label%22:%22%22}%93&Prime; custom_content_container=\u00a0\u00bboff\u00a0\u00bb filter_taxonomies=\u00a0\u00bbproduct_cat\u00a0\u00bb filter_terms=\u00a0\u00bb85,87,86&Prime; all_text=\u00a0\u00bbTOUT\u00a0\u00bb pagination_type=\u00a0\u00bbscroll\u00a0\u00bb items_width=\u00a0\u00bb30%\u00a0\u00bb row_gutter=\u00a0\u00bb4em\u00a0\u00bb bg_filter_active=\u00a0\u00bb#2F4457&Prime; _builder_version=\u00a0\u00bb4.16.1&Prime; _module_preset=\u00a0\u00bbdefault\u00a0\u00bb dpdfg_entry_title_level=\u00a0\u00bbh3&Prime; dpdfg_entry_title_text_align=\u00a0\u00bbleft\u00a0\u00bb dpdfg_entry_title_text_color=\u00a0\u00bb#2F4457&Prime; dpdfg_entry_title_font_size=\u00a0\u00bb15px\u00a0\u00bb dpdfg_entry_meta_font=\u00a0\u00bb||||||||\u00a0\u00bb dpdfg_entry_summary_font=\u00a0\u00bb|||on|||||\u00a0\u00bb dpdfg_filters_font=\u00a0\u00bb|700||on|||||\u00a0\u00bb dpdfg_filters_text_color=\u00a0\u00bb#2F4457&Prime; dpdfg_filters_font_size=\u00a0\u00bb11px\u00a0\u00bb dpdfg_filters_letter_spacing=\u00a0\u00bb1px\u00a0\u00bb dpdfg_filters_active_text_color=\u00a0\u00bb#FFFFFF\u00a0\u00bb dpdfg_pagination_text_color=\u00a0\u00bb#2F4457&Prime; dpdfg_pagination_active_text_color=\u00a0\u00bb#178FCF\u00a0\u00bb custom_css_dp-dfg-filter=\u00a0\u00bbborder:2px solid #2f4457;||margin:0px 2px\u00a0\u00bb border_width_all=\u00a0\u00bb0px\u00a0\u00bb global_colors_info=\u00a0\u00bb{}\u00a0\u00bb][\/dpdfg_filtergrid][\/et_pb_column][\/et_pb_row][et_pb_row _builder_version=\u00a0\u00bb4.16&Prime; _module_preset=\u00a0\u00bbdefault\u00a0\u00bb global_colors_info=\u00a0\u00bb{}\u00a0\u00bb][et_pb_column type=\u00a0\u00bb4_4&Prime; _builder_version=\u00a0\u00bb4.16&Prime; _module_preset=\u00a0\u00bbdefault\u00a0\u00bb global_colors_info=\u00a0\u00bb{}\u00a0\u00bb][et_pb_text _builder_version=\u00a0\u00bb4.16&Prime; _module_preset=\u00a0\u00bbdefault\u00a0\u00bb quote_font_size=\u00a0\u00bb13px\u00a0\u00bb global_colors_info=\u00a0\u00bb{}\u00a0\u00bb]<\/p>\n<h4 style=\"text-align: center;\">Les \u00e9tudes r\u00e9alis\u00e9es dans des centres de r\u00e9\u00e9ducation sp\u00e9cialistes des grands brul\u00e9s ont prouv\u00e9 que les produits de la gamme MedigelZ\u00ae\u00a0ont donn\u00e9 de\u00a0tr\u00e8s bons r\u00e9sultats dans plus de 75% des cas.<\/h4>\n<p>&nbsp;<\/p>\n<p><strong>Medipatch GelZ<sup>\u00ae<\/sup><\/strong><span>\u00a0a \u00e9t\u00e9 cr\u00e9\u00e9 en utilisant la m\u00eame technologie mais pr\u00e9sentant l\u2019int\u00e9r\u00eat pour de nombreuses utilisations d\u2019\u00eatre auto-adh\u00e9sif.<\/span><\/p>\n<p><span><\/span><\/p>\n<p><strong>T\u00c9L\u00c9CHARGER NOS \u00c9TUDES AU FORMAT PDF :<\/strong><\/p>\n<p style=\"text-align: left;\"><span style=\"text-decoration: underline; color: #178fcf;\"><strong><a href=\"https:\/\/www.medicalz.com\/wp-content\/uploads\/2021\/08\/Chirurgie_plastique.pdf\" rel=\"attachment noopener wp-att-5577\" style=\"color: #178fcf; text-decoration: underline;\" target=\"_blank\">\u00c9TUDE CLINIQUE SUR LES V\u00caTEMENTS DE CHIRURGIE PLASTIQUE<\/a><\/strong><\/span><\/p>\n<h4 style=\"text-align: left;\"><span style=\"text-decoration: underline;\"><a href=\"https:\/\/www.medicalz.com\/wp-content\/uploads\/2021\/10\/12-Year-within-wound-study-of-the-effectiveness-of-custom-pressure-garment-therapy.pdf\" rel=\"attachment noopener wp-att-7991\" target=\"_blank\"><strong>\u00c9TUDE INTERNATIONALE R\u00c9ALIS\u00c9E SUR 12 ANS AVEC NOS V\u00caTEMENTS DE COMPRESSION M\u00c9DICAL Z<\/strong><\/a><\/span><span style=\"font-size: x-small;\"><em><\/em><\/span><\/h4>\n<p style=\"text-align: left;\"><span style=\"text-decoration: underline;\"><strong><span style=\"color: #178fcf; text-decoration: underline;\"><a href=\"https:\/\/www.medicalz.com\/wp-content\/uploads\/2021\/08\/Etude_Medigel.pdf\" rel=\"attachment noopener wp-att-5595\" style=\"color: #178fcf; text-decoration: underline;\" target=\"_blank\">\u00c9TUDE CLINIQUE &#8211; EMPLOI DU M\u00c9DIGEL Z EN R\u00c9\u00c9DUCATION<\/a><\/span><\/strong><\/span><span style=\"text-decoration: underline;\"><strong><span style=\"color: #178fcf; text-decoration: underline;\"><\/span><\/strong><\/span><\/p>\n<h4 style=\"text-align: left;\"><span style=\"text-decoration: underline;\"><strong><a href=\"https:\/\/www.medicalz.com\/wp-content\/uploads\/2021\/09\/gelstudy.pdf\" rel=\"attachment noopener wp-att-7402\" target=\"_blank\">STUDY &#8211; USE OF MEDIGEL Z IN REHABILITATION<\/a><\/strong><\/span><\/h4>\n<p style=\"text-align: left;\"><span><\/span><\/p>\n<p><span><\/span><\/p>\n<p>[\/et_pb_text][et_pb_text _builder_version=\u00a0\u00bb4.16&Prime; _module_preset=\u00a0\u00bbdefault\u00a0\u00bb custom_padding=\u00a0\u00bb10px||10px||true|false\u00a0\u00bb border_width_all=\u00a0\u00bb1px\u00a0\u00bb global_colors_info=\u00a0\u00bb{}\u00a0\u00bb]<\/p>\n<p style=\"text-align: center;\">Comment <strong>entretenir<\/strong> <strong>M\u00e9dipatch Gel Z\u00ae<\/strong> et <strong>M\u00e9digel Z\u00ae<\/strong> ?<\/p>\n<p>[\/et_pb_text][et_pb_video src=\u00a0\u00bbhttps:\/\/www.youtube.com\/watch?v=Dr3jKekkyq0&Prime; _builder_version=\u00a0\u00bb4.16&Prime; _module_preset=\u00a0\u00bbdefault\u00a0\u00bb width=\u00a0\u00bb68%\u00a0\u00bb module_alignment=\u00a0\u00bbcenter\u00a0\u00bb border_width_all=\u00a0\u00bb6px\u00a0\u00bb border_color_all=\u00a0\u00bb#178FCF\u00a0\u00bb global_colors_info=\u00a0\u00bb{}\u00a0\u00bb][\/et_pb_video][\/et_pb_column][\/et_pb_row][et_pb_row _builder_version=\u00a0\u00bb4.16&Prime; _module_preset=\u00a0\u00bbdefault\u00a0\u00bb global_colors_info=\u00a0\u00bb{}\u00a0\u00bb][et_pb_column type=\u00a0\u00bb4_4&Prime; _builder_version=\u00a0\u00bb4.16&Prime; _module_preset=\u00a0\u00bbdefault\u00a0\u00bb global_colors_info=\u00a0\u00bb{}\u00a0\u00bb][et_pb_text _builder_version=\u00a0\u00bb4.16&Prime; _module_preset=\u00a0\u00bbdefault\u00a0\u00bb quote_font_size=\u00a0\u00bb13px\u00a0\u00bb global_colors_info=\u00a0\u00bb{}\u00a0\u00bb]<\/p>\n<blockquote>\n<p><em>*Etude r\u00e9alis\u00e9e aupr\u00e8s de 106 patients au centre de r\u00e9\u00e9ducation motrice du STER \u00e0 Lamalou-les-bains (34) par les docteurs J.P. Gavroy, A. Poveda, G. Plantier, C. Labadie et F. Ster.<\/em><\/p>\n<\/blockquote>\n<p>[\/et_pb_text][\/et_pb_column][\/et_pb_row][\/et_pb_section]<\/p>\n","protected":false},"excerpt":{"rendered":"<p>Gels de traitement des cicatricesDe nombreuses \u00e9tudes ont prouv\u00e9 l\u2019efficacit\u00e9 des polym\u00e8res dans le traitement pr\u00e9ventif des cicatrices hypertrophiques et ch\u00e9lo\u00efdes. Medigel Z\u00ae est l\u2019association d\u2019un copolym\u00e8re et d\u2019une huile min\u00e9rale \u00e0 usage m\u00e9dical de classe H1.Initialement con\u00e7u pour le traitement des cicatrices des grands br\u00fbl\u00e9s,\u00a0le MedigelZ\u00ae\u00a0a un champ d\u2019action beaucoup plus \u00e9tendu, notamment dans [&hellip;]<\/p>\n","protected":false},"author":4,"featured_media":0,"parent":0,"menu_order":0,"comment_status":"closed","ping_status":"closed","template":"","meta":{"_et_pb_use_builder":"on","_et_pb_old_content":"","_et_gb_content_width":"","footnotes":""},"class_list":["post-193","page","type-page","status-publish","hentry"],"yoast_head":"<!-- This site is optimized with the Yoast SEO plugin v25.1 - https:\/\/yoast.com\/wordpress\/plugins\/seo\/ -->\n<title>M\u00e9digel Z\u00ae &amp; M\u00e9dipatch gel Z\u00ae &#8226; Medical Z<\/title>\n<meta name=\"description\" content=\"Con\u00e7u pour le traitement des cicatrices des grands br\u00fbl\u00e9s, le MedigelZ\u00ae a un champ d\u2019action beaucoup plus \u00e9tendu, notamment dans le domaine de la chirurgie plastique et esth\u00e9tique, en orthop\u00e9die, en podologie.\" \/>\n<meta name=\"robots\" content=\"index, follow, max-snippet:-1, max-image-preview:large, max-video-preview:-1\" \/>\n<link rel=\"canonical\" href=\"https:\/\/www.medicalz.com\/fr\/gels-cicatrisants\/\" \/>\n<meta property=\"og:locale\" content=\"fr_FR\" \/>\n<meta property=\"og:type\" content=\"article\" \/>\n<meta property=\"og:title\" content=\"M\u00e9digel Z\u00ae &amp; M\u00e9dipatch gel Z\u00ae &#8226; Medical Z\" \/>\n<meta property=\"og:description\" content=\"Con\u00e7u pour le traitement des cicatrices des grands br\u00fbl\u00e9s, le MedigelZ\u00ae a un champ d\u2019action beaucoup plus \u00e9tendu, notamment dans le domaine de la chirurgie plastique et esth\u00e9tique, en orthop\u00e9die, en podologie.\" \/>\n<meta property=\"og:url\" content=\"https:\/\/www.medicalz.com\/fr\/gels-cicatrisants\/\" \/>\n<meta property=\"og:site_name\" content=\"Medical Z\" \/>\n<meta property=\"article:publisher\" content=\"https:\/\/www.facebook.com\/MedicalZFrance\/\" \/>\n<meta property=\"article:modified_time\" content=\"2024-07-24T10:09:12+00:00\" \/>\n<script type=\"application\/ld+json\" class=\"yoast-schema-graph\">{\"@context\":\"https:\/\/schema.org\",\"@graph\":[{\"@type\":\"WebPage\",\"@id\":\"https:\/\/www.medicalz.com\/fr\/gels-cicatrisants\/\",\"url\":\"https:\/\/www.medicalz.com\/fr\/gels-cicatrisants\/\",\"name\":\"M\u00e9digel Z\u00ae & M\u00e9dipatch gel Z\u00ae &#8226; Medical Z\",\"isPartOf\":{\"@id\":\"https:\/\/www.medicalz.com\/fr\/#website\"},\"datePublished\":\"2021-05-20T10:12:33+00:00\",\"dateModified\":\"2024-07-24T10:09:12+00:00\",\"description\":\"Con\u00e7u pour le traitement des cicatrices des grands br\u00fbl\u00e9s, le MedigelZ\u00ae a un champ d\u2019action beaucoup plus \u00e9tendu, notamment dans le domaine de la chirurgie plastique et esth\u00e9tique, en orthop\u00e9die, en podologie.\",\"breadcrumb\":{\"@id\":\"https:\/\/www.medicalz.com\/fr\/gels-cicatrisants\/#breadcrumb\"},\"inLanguage\":\"fr-FR\",\"potentialAction\":[{\"@type\":\"ReadAction\",\"target\":[\"https:\/\/www.medicalz.com\/fr\/gels-cicatrisants\/\"]}]},{\"@type\":\"BreadcrumbList\",\"@id\":\"https:\/\/www.medicalz.com\/fr\/gels-cicatrisants\/#breadcrumb\",\"itemListElement\":[{\"@type\":\"ListItem\",\"position\":1,\"name\":\"Principal\",\"item\":\"https:\/\/www.medicalz.com\/fr\/accueil\/\"},{\"@type\":\"ListItem\",\"position\":2,\"name\":\"M\u00e9digel Z\u00ae &#038; M\u00e9dipatch gel Z\u00ae\"}]},{\"@type\":\"WebSite\",\"@id\":\"https:\/\/www.medicalz.com\/fr\/#website\",\"url\":\"https:\/\/www.medicalz.com\/fr\/\",\"name\":\"Medical Z\",\"description\":\"Cr\u00e9ateur FRAN\u00c7AIS de v\u00eatements compressifs depuis 1981\",\"publisher\":{\"@id\":\"https:\/\/www.medicalz.com\/fr\/#organization\"},\"potentialAction\":[{\"@type\":\"SearchAction\",\"target\":{\"@type\":\"EntryPoint\",\"urlTemplate\":\"https:\/\/www.medicalz.com\/fr\/?s={search_term_string}\"},\"query-input\":{\"@type\":\"PropertyValueSpecification\",\"valueRequired\":true,\"valueName\":\"search_term_string\"}}],\"inLanguage\":\"fr-FR\"},{\"@type\":\"Organization\",\"@id\":\"https:\/\/www.medicalz.com\/fr\/#organization\",\"name\":\"MedicalZ\",\"url\":\"https:\/\/www.medicalz.com\/fr\/\",\"logo\":{\"@type\":\"ImageObject\",\"inLanguage\":\"fr-FR\",\"@id\":\"https:\/\/www.medicalz.com\/fr\/#\/schema\/logo\/image\/\",\"url\":\"https:\/\/www.medicalz.com\/wp-content\/uploads\/2021\/06\/logo-1.png\",\"contentUrl\":\"https:\/\/www.medicalz.com\/wp-content\/uploads\/2021\/06\/logo-1.png\",\"width\":400,\"height\":227,\"caption\":\"MedicalZ\"},\"image\":{\"@id\":\"https:\/\/www.medicalz.com\/fr\/#\/schema\/logo\/image\/\"},\"sameAs\":[\"https:\/\/www.facebook.com\/MedicalZFrance\/\",\"https:\/\/www.instagram.com\/medicalz_fr\/?hl=fr\",\"https:\/\/www.youtube.com\/channel\/UC7rGbkWBc15cA4pbHS99Vbg\"]}]}<\/script>\n<!-- \/ Yoast SEO plugin. -->","yoast_head_json":{"title":"M\u00e9digel Z\u00ae & M\u00e9dipatch gel Z\u00ae &#8226; Medical Z","description":"Con\u00e7u pour le traitement des cicatrices des grands br\u00fbl\u00e9s, le MedigelZ\u00ae a un champ d\u2019action beaucoup plus \u00e9tendu, notamment dans le domaine de la chirurgie plastique et esth\u00e9tique, en orthop\u00e9die, en podologie.","robots":{"index":"index","follow":"follow","max-snippet":"max-snippet:-1","max-image-preview":"max-image-preview:large","max-video-preview":"max-video-preview:-1"},"canonical":"https:\/\/www.medicalz.com\/fr\/gels-cicatrisants\/","og_locale":"fr_FR","og_type":"article","og_title":"M\u00e9digel Z\u00ae & M\u00e9dipatch gel Z\u00ae &#8226; Medical Z","og_description":"Con\u00e7u pour le traitement des cicatrices des grands br\u00fbl\u00e9s, le MedigelZ\u00ae a un champ d\u2019action beaucoup plus \u00e9tendu, notamment dans le domaine de la chirurgie plastique et esth\u00e9tique, en orthop\u00e9die, en podologie.","og_url":"https:\/\/www.medicalz.com\/fr\/gels-cicatrisants\/","og_site_name":"Medical Z","article_publisher":"https:\/\/www.facebook.com\/MedicalZFrance\/","article_modified_time":"2024-07-24T10:09:12+00:00","schema":{"@context":"https:\/\/schema.org","@graph":[{"@type":"WebPage","@id":"https:\/\/www.medicalz.com\/fr\/gels-cicatrisants\/","url":"https:\/\/www.medicalz.com\/fr\/gels-cicatrisants\/","name":"M\u00e9digel Z\u00ae & M\u00e9dipatch gel Z\u00ae &#8226; Medical Z","isPartOf":{"@id":"https:\/\/www.medicalz.com\/fr\/#website"},"datePublished":"2021-05-20T10:12:33+00:00","dateModified":"2024-07-24T10:09:12+00:00","description":"Con\u00e7u pour le traitement des cicatrices des grands br\u00fbl\u00e9s, le MedigelZ\u00ae a un champ d\u2019action beaucoup plus \u00e9tendu, notamment dans le domaine de la chirurgie plastique et esth\u00e9tique, en orthop\u00e9die, en podologie.","breadcrumb":{"@id":"https:\/\/www.medicalz.com\/fr\/gels-cicatrisants\/#breadcrumb"},"inLanguage":"fr-FR","potentialAction":[{"@type":"ReadAction","target":["https:\/\/www.medicalz.com\/fr\/gels-cicatrisants\/"]}]},{"@type":"BreadcrumbList","@id":"https:\/\/www.medicalz.com\/fr\/gels-cicatrisants\/#breadcrumb","itemListElement":[{"@type":"ListItem","position":1,"name":"Principal","item":"https:\/\/www.medicalz.com\/fr\/accueil\/"},{"@type":"ListItem","position":2,"name":"M\u00e9digel Z\u00ae &#038; M\u00e9dipatch gel Z\u00ae"}]},{"@type":"WebSite","@id":"https:\/\/www.medicalz.com\/fr\/#website","url":"https:\/\/www.medicalz.com\/fr\/","name":"Medical Z","description":"Cr\u00e9ateur FRAN\u00c7AIS de v\u00eatements compressifs depuis 1981","publisher":{"@id":"https:\/\/www.medicalz.com\/fr\/#organization"},"potentialAction":[{"@type":"SearchAction","target":{"@type":"EntryPoint","urlTemplate":"https:\/\/www.medicalz.com\/fr\/?s={search_term_string}"},"query-input":{"@type":"PropertyValueSpecification","valueRequired":true,"valueName":"search_term_string"}}],"inLanguage":"fr-FR"},{"@type":"Organization","@id":"https:\/\/www.medicalz.com\/fr\/#organization","name":"MedicalZ","url":"https:\/\/www.medicalz.com\/fr\/","logo":{"@type":"ImageObject","inLanguage":"fr-FR","@id":"https:\/\/www.medicalz.com\/fr\/#\/schema\/logo\/image\/","url":"https:\/\/www.medicalz.com\/wp-content\/uploads\/2021\/06\/logo-1.png","contentUrl":"https:\/\/www.medicalz.com\/wp-content\/uploads\/2021\/06\/logo-1.png","width":400,"height":227,"caption":"MedicalZ"},"image":{"@id":"https:\/\/www.medicalz.com\/fr\/#\/schema\/logo\/image\/"},"sameAs":["https:\/\/www.facebook.com\/MedicalZFrance\/","https:\/\/www.instagram.com\/medicalz_fr\/?hl=fr","https:\/\/www.youtube.com\/channel\/UC7rGbkWBc15cA4pbHS99Vbg"]}]}},"_links":{"self":[{"href":"https:\/\/www.medicalz.com\/fr\/wp-json\/wp\/v2\/pages\/193","targetHints":{"allow":["GET"]}}],"collection":[{"href":"https:\/\/www.medicalz.com\/fr\/wp-json\/wp\/v2\/pages"}],"about":[{"href":"https:\/\/www.medicalz.com\/fr\/wp-json\/wp\/v2\/types\/page"}],"author":[{"embeddable":true,"href":"https:\/\/www.medicalz.com\/fr\/wp-json\/wp\/v2\/users\/4"}],"replies":[{"embeddable":true,"href":"https:\/\/www.medicalz.com\/fr\/wp-json\/wp\/v2\/comments?post=193"}],"version-history":[{"count":53,"href":"https:\/\/www.medicalz.com\/fr\/wp-json\/wp\/v2\/pages\/193\/revisions"}],"predecessor-version":[{"id":19591,"href":"https:\/\/www.medicalz.com\/fr\/wp-json\/wp\/v2\/pages\/193\/revisions\/19591"}],"wp:attachment":[{"href":"https:\/\/www.medicalz.com\/fr\/wp-json\/wp\/v2\/media?parent=193"}],"curies":[{"name":"wp","href":"https:\/\/api.w.org\/{rel}","templated":true}]}}