{"id":21795,"date":"2026-04-09T17:26:48","date_gmt":"2026-04-09T15:26:48","guid":{"rendered":"https:\/\/www.medicalz.com\/?page_id=21795"},"modified":"2026-04-22T14:59:42","modified_gmt":"2026-04-22T12:59:42","slug":"21795-2","status":"publish","type":"page","link":"https:\/\/www.medicalz.com\/fr\/21795-2\/","title":{"rendered":"Gamme DLP Technology\u00ae"},"content":{"rendered":"<p>[et_pb_section fb_built=\u00a0\u00bb1&Prime; _builder_version=\u00a0\u00bb4.27.4&Prime; _module_preset=\u00a0\u00bbdefault\u00a0\u00bb global_colors_info=\u00a0\u00bb{}\u00a0\u00bb][et_pb_row _builder_version=\u00a0\u00bb4.27.4&Prime; _module_preset=\u00a0\u00bbdefault\u00a0\u00bb custom_padding=\u00a0\u00bb||4px|||\u00a0\u00bb global_colors_info=\u00a0\u00bb{}\u00a0\u00bb min_height=\u00a0\u00bb415.5px\u00a0\u00bb][et_pb_column type=\u00a0\u00bb4_4&Prime; _builder_version=\u00a0\u00bb4.27.4&Prime; _module_preset=\u00a0\u00bbdefault\u00a0\u00bb global_colors_info=\u00a0\u00bb{}\u00a0\u00bb][et_pb_image src=\u00a0\u00bbhttps:\/\/www.medicalz.com\/wp-content\/uploads\/2022\/11\/Logo_DLP_RVB.jpg\u00a0\u00bb alt=\u00a0\u00bblogo DLP technology\u00ae\u00a0\u00bb title_text=\u00a0\u00bbLogo_DLP_RVB\u00a0\u00bb _builder_version=\u00a0\u00bb4.27.4&Prime; _module_preset=\u00a0\u00bbdefault\u00a0\u00bb width=\u00a0\u00bb26%\u00a0\u00bb module_alignment=\u00a0\u00bbcenter\u00a0\u00bb custom_margin=\u00a0\u00bb||1px|||\u00a0\u00bb global_colors_info=\u00a0\u00bb{}\u00a0\u00bb][\/et_pb_image][et_pb_text _builder_version=\u00a0\u00bb4.27.4&Prime; _module_preset=\u00a0\u00bbdefault\u00a0\u00bb global_colors_info=\u00a0\u00bb{}\u00a0\u00bb]<\/p>\n<h3 class=\"p1\" style=\"text-align: center;\"><strong>UNE TECHNOLOGIE UNIQUE QUI ALLIE LA COMPRESSION<\/strong><\/h3>\n<h3 class=\"p1\" style=\"text-align: center;\"><strong>AU DRAINAGE LYMPHATIQUE<\/strong><\/h3>\n<p>[\/et_pb_text][\/et_pb_column][\/et_pb_row][et_pb_row _builder_version=\u00a0\u00bb4.27.4&Prime; _module_preset=\u00a0\u00bbdefault\u00a0\u00bb column_structure=\u00a0\u00bb1_3,1_3,1_3&Prime;][et_pb_column _builder_version=\u00a0\u00bb4.27.4&Prime; _module_preset=\u00a0\u00bbdefault\u00a0\u00bb type=\u00a0\u00bb1_3&Prime;][et_pb_image src=\u00a0\u00bbhttps:\/\/www.medicalz.com\/wp-content\/uploads\/2022\/11\/DR002_web.png\u00a0\u00bb _builder_version=\u00a0\u00bb4.27.4&Prime; _module_preset=\u00a0\u00bbdefault\u00a0\u00bb alt=\u00a0\u00bblipo-panty\u00ae DLP Technology\u00a0\u00bb title_text=\u00a0\u00bbDR032_lipo-panty DLP Tchnology\u00a0\u00bb hover_enabled=\u00a0\u00bb0&Prime; sticky_enabled=\u00a0\u00bb0&Prime; custom_padding=\u00a0\u00bb|0px|0px|||\u00a0\u00bb width=\u00a0\u00bb100%\u00a0\u00bb][\/et_pb_image][\/et_pb_column][et_pb_column _builder_version=\u00a0\u00bb4.27.4&Prime; _module_preset=\u00a0\u00bbdefault\u00a0\u00bb type=\u00a0\u00bb1_3&Prime;][et_pb_text _builder_version=\u00a0\u00bb4.27.4&Prime; _module_preset=\u00a0\u00bbdefault\u00a0\u00bb hover_enabled=\u00a0\u00bb0&Prime; sticky_enabled=\u00a0\u00bb0&Prime; header_letter_spacing=\u00a0\u00bb14px\u00a0\u00bb text_font_size=\u00a0\u00bb17px\u00a0\u00bb text_letter_spacing=\u00a0\u00bb1px\u00a0\u00bb text_line_height=\u00a0\u00bb1.3em\u00a0\u00bb header_font_size=\u00a0\u00bb15px\u00a0\u00bb]<\/p>\n<h6 class=\"p1\" style=\"text-align: center;\">Les v\u00eatements compressifs offrent aux patients s\u00e9curit\u00e9,<\/h6>\n<h6 class=\"p1\" style=\"text-align: center;\">efficacit\u00e9 et confort dans les suites post-op\u00e9ratoires d\u2019une chirurgie.<\/h6>\n<h6 class=\"p1\" style=\"text-align: center;\">La compression qu\u2019ils apportent permet de diminuer la stase lymphatique<\/h6>\n<h6 class=\"p1\" style=\"text-align: center;\">et ainsi de diminuer la douleur post op\u00e9ratoire,<\/h6>\n<h6 class=\"p1\" style=\"text-align: center;\">acc\u00e9l\u00e9rer la cicatrisation et cr\u00e9er un re drapage cutan\u00e9e optimal.<\/h6>\n<p>&nbsp;<\/p>\n<p>&nbsp;<\/p>\n<p>&nbsp;<\/p>\n<h6 class=\"p1\" style=\"text-align: center;\"><strong>M\u00c9DICAL Z<\/strong> a d\u00e9velopp\u00e9 une<strong> INNOVATION IMPORTANTE<\/strong><\/h6>\n<h6 class=\"p1\" style=\"text-align: center;\">dans les soins post op\u00e9ratoires<\/h6>\n<h6 class=\"p1\" style=\"text-align: center;\">pour la chirurgie de lipoaspiration et l\u2019abdominoplastie<\/h6>\n<h6 class=\"p1\" style=\"text-align: center;\"><\/h6>\n<p>&nbsp;<\/p>\n<p>&nbsp;<\/p>\n<p>&nbsp;<\/p>\n<h6 class=\"p1\" style=\"text-align: center;\"><b><\/b><\/h6>\n<p>[\/et_pb_text][\/et_pb_column][et_pb_column _builder_version=\u00a0\u00bb4.27.4&Prime; _module_preset=\u00a0\u00bbdefault\u00a0\u00bb type=\u00a0\u00bb1_3&Prime;][et_pb_image src=\u00a0\u00bbhttps:\/\/www.medicalz.com\/wp-content\/uploads\/2022\/11\/DR032_2.png\u00a0\u00bb _builder_version=\u00a0\u00bb4.27.4&Prime; _module_preset=\u00a0\u00bbdefault\u00a0\u00bb alt=\u00a0\u00bbLipo-Panty DLP Technology\u00a0\u00bb title_text=\u00a0\u00bbDR032_lipo-panty DLP Technology\u00a0\u00bb hover_enabled=\u00a0\u00bb0&Prime; sticky_enabled=\u00a0\u00bb0&Prime;][\/et_pb_image][\/et_pb_column][\/et_pb_row][et_pb_row _builder_version=\u00a0\u00bb4.27.4&Prime; _module_preset=\u00a0\u00bbdefault\u00a0\u00bb custom_padding=\u00a0\u00bb0px||67px|||\u00a0\u00bb global_colors_info=\u00a0\u00bb{}\u00a0\u00bb][et_pb_column type=\u00a0\u00bb4_4&Prime; _builder_version=\u00a0\u00bb4.27.4&Prime; _module_preset=\u00a0\u00bbdefault\u00a0\u00bb global_colors_info=\u00a0\u00bb{}\u00a0\u00bb][et_pb_text _builder_version=\u00a0\u00bb4.27.4&Prime; _module_preset=\u00a0\u00bbdefault\u00a0\u00bb hover_enabled=\u00a0\u00bb0&Prime; sticky_enabled=\u00a0\u00bb0&Prime; custom_padding=\u00a0\u00bb0px||25px|||\u00a0\u00bb custom_margin=\u00a0\u00bb||-5px|||\u00a0\u00bb]<\/p>\n<h6 class=\"p1\" style=\"text-align: center;\"><b>NE PAS UTILISER CHEZ LES PERSONNES <\/b><b>PR\u00c9SENTANT UNE ALLERGIE AU SILICONE.<\/b><\/h6>\n<h6 class=\"p2\" style=\"text-align: center;\">Mod\u00e8les d\u00e9pos\u00e9s et brevet en cours<\/h6>\n<p>[\/et_pb_text][et_pb_text _builder_version=\u00a0\u00bb4.27.4&Prime; _module_preset=\u00a0\u00bbdefault\u00a0\u00bb custom_padding=\u00a0\u00bb16px|0px|6px|||\u00a0\u00bb border_width_all=\u00a0\u00bb2px\u00a0\u00bb border_color_all=\u00a0\u00bb#427393&Prime; global_colors_info=\u00a0\u00bb{}\u00a0\u00bb]<\/p>\n<h4 class=\"p1\" style=\"text-align: center;\">Dans une optique d\u2019am\u00e9lioration des r\u00e9sultats,<\/h4>\n<h4 class=\"p1\" style=\"text-align: center;\">Medical Z propose d\u00e9sormais<\/h4>\n<h4 class=\"p2\" style=\"text-align: center;\">UN V\u00caTEMENT COMPRESSIF INCLUANT UN<\/h4>\n<h4 class=\"p2\" style=\"text-align: center;\">SYST\u00c8ME DE DRAINAGE LYMPHATIQUE INT\u00c9GR\u00c9 NOMM\u00c9 :<\/h4>\n<h4 class=\"p3\" style=\"text-align: center;\">DLP TECHNOLOGY<span class=\"s1\">\u00ae<\/span><\/h4>\n<p>[\/et_pb_text][et_pb_image src=\u00a0\u00bbhttps:\/\/www.medicalz.com\/wp-content\/uploads\/2022\/11\/photoJ.jpg\u00a0\u00bb title_text=\u00a0\u00bbphotoJ+\u00a0\u00bb _builder_version=\u00a0\u00bb4.27.4&Prime; _module_preset=\u00a0\u00bbdefault\u00a0\u00bb global_colors_info=\u00a0\u00bb{}\u00a0\u00bb][\/et_pb_image][\/et_pb_column][\/et_pb_row][et_pb_row _builder_version=\u00a0\u00bb4.27.4&Prime; _module_preset=\u00a0\u00bbdefault\u00a0\u00bb custom_padding=\u00a0\u00bb||42px|||\u00a0\u00bb global_colors_info=\u00a0\u00bb{}\u00a0\u00bb][et_pb_column type=\u00a0\u00bb4_4&Prime; _builder_version=\u00a0\u00bb4.27.4&Prime; _module_preset=\u00a0\u00bbdefault\u00a0\u00bb global_colors_info=\u00a0\u00bb{}\u00a0\u00bb][et_pb_text _builder_version=\u00a0\u00bb4.27.4&Prime; _module_preset=\u00a0\u00bbdefault\u00a0\u00bb global_colors_info=\u00a0\u00bb{}\u00a0\u00bb]<\/p>\n<h4 class=\"p1\" style=\"text-align: center;\">Ce NOUVEAU CONCEPT de compression post-op\u00e9ratoire innovant<\/h4>\n<h4 class=\"p1\" style=\"text-align: center;\">incorpore un syst\u00e8me de drainage lymphatique directement<\/h4>\n<h4 class=\"p1\" style=\"text-align: center;\">sur le v\u00eatement compressif pour une R\u00c9HABILITATION<\/h4>\n<h4 class=\"p1\" style=\"text-align: center;\">POST-OP\u00c9RATOIRE ACC\u00c9L\u00c9R\u00c9E.<\/h4>\n<p>&nbsp;<\/p>\n<p>&nbsp;<\/p>\n<p>&nbsp;<\/p>\n<h4 class=\"p1\" style=\"text-align: center;\">Cette am\u00e9lioration technique significative par le drainage a pour effet de<\/h4>\n<h4 class=\"p1\" style=\"text-align: center;\">R\u00c9DUIRE DAVANTAGE LES \u0152D\u00c8MES ET ECCHYMOSES,<\/h4>\n<h4 class=\"p1\" style=\"text-align: center;\">et permet d\u2019obtenir des R\u00c9SULTATS OPTIMIS\u00c9S PLUS RAPIDES.<\/h4>\n<p>[\/et_pb_text][et_pb_image src=\u00a0\u00bbhttps:\/\/www.medicalz.com\/wp-content\/uploads\/2022\/11\/2photoJ.jpg\u00a0\u00bb title_text=\u00a0\u00bb2photoJ+\u00a0\u00bb _builder_version=\u00a0\u00bb4.27.4&Prime; _module_preset=\u00a0\u00bbdefault\u00a0\u00bb global_colors_info=\u00a0\u00bb{}\u00a0\u00bb][\/et_pb_image][et_pb_text _builder_version=\u00a0\u00bb4.27.4&Prime; _module_preset=\u00a0\u00bbdefault\u00a0\u00bb global_colors_info=\u00a0\u00bb{}\u00a0\u00bb]<\/p>\n<h2 style=\"text-align: center;\"><strong>DES R\u00c9SULTATS<\/strong><\/h2>\n<h2 class=\"p1\" style=\"text-align: center;\"><strong>EXCEPTIONNELS<\/strong><\/h2>\n<p>[\/et_pb_text][et_pb_text _builder_version=\u00a0\u00bb4.27.4&Prime; _module_preset=\u00a0\u00bbdefault\u00a0\u00bb global_colors_info=\u00a0\u00bb{}\u00a0\u00bb]<\/p>\n<p class=\"p1\" style=\"text-align: center;\">\n<p class=\"p2\" style=\"text-align: center;\"><span class=\"s1\"><b>R\u00c9SULTATS<\/b><\/span> PLUS HARMONIEUX DU C\u00d4T\u00c9 SILICON\u00c9<\/p>\n<p class=\"p3\" style=\"text-align: center;\">issus de l\u2019\u00e9tude men\u00e9e par le service de chirurgie plastique,<\/p>\n<p class=\"p3\" style=\"text-align: center;\">reconstructrice et esth\u00e9tique du CHU de Lyon<\/p>\n<p class=\"p4\" style=\"text-align: center;\">Mod\u00e8les d\u00e9pos\u00e9s et brevet en cours<\/p>\n<p>[\/et_pb_text][\/et_pb_column][\/et_pb_row][et_pb_row column_structure=\u00a0\u00bb1_2,1_2&Prime; _builder_version=\u00a0\u00bb4.27.4&Prime; _module_preset=\u00a0\u00bbdefault\u00a0\u00bb global_colors_info=\u00a0\u00bb{}\u00a0\u00bb][et_pb_column type=\u00a0\u00bb1_2&Prime; _builder_version=\u00a0\u00bb4.27.4&Prime; _module_preset=\u00a0\u00bbdefault\u00a0\u00bb global_colors_info=\u00a0\u00bb{}\u00a0\u00bb][et_pb_image src=\u00a0\u00bbhttps:\/\/www.medicalz.com\/wp-content\/uploads\/2022\/11\/tb-DR002.jpg\u00a0\u00bb title_text=\u00a0\u00bbtb-DR002&Prime; _builder_version=\u00a0\u00bb4.27.4&Prime; _module_preset=\u00a0\u00bbdefault\u00a0\u00bb global_colors_info=\u00a0\u00bb{}\u00a0\u00bb][\/et_pb_image][et_pb_button button_text=\u00a0\u00bbVOIR LE PRODUIT\u00a0\u00bb _builder_version=\u00a0\u00bb4.27.4&Prime; _module_preset=\u00a0\u00bbdefault\u00a0\u00bb button_url=\u00a0\u00bb@ET-DC@eyJkeW5hbWljIjp0cnVlLCJjb250ZW50IjoicG9zdF9saW5rX3VybF9wcm9kdWN0Iiwic2V0dGluZ3MiOnsicG9zdF9pZCI6IjE3ODc0In19@\u00a0\u00bb _dynamic_attributes=\u00a0\u00bbbutton_url\u00a0\u00bb button_alignment=\u00a0\u00bbcenter\u00a0\u00bb hover_enabled=\u00a0\u00bb0&Prime; sticky_enabled=\u00a0\u00bb0&Prime;][\/et_pb_button][\/et_pb_column][et_pb_column type=\u00a0\u00bb1_2&Prime; _builder_version=\u00a0\u00bb4.27.4&Prime; _module_preset=\u00a0\u00bbdefault\u00a0\u00bb global_colors_info=\u00a0\u00bb{}\u00a0\u00bb][et_pb_image src=\u00a0\u00bbhttps:\/\/www.medicalz.com\/wp-content\/uploads\/2022\/11\/tb_DR032-2.jpg\u00a0\u00bb title_text=\u00a0\u00bbtb_DR032&Prime; _builder_version=\u00a0\u00bb4.27.4&Prime; _module_preset=\u00a0\u00bbdefault\u00a0\u00bb global_colors_info=\u00a0\u00bb{}\u00a0\u00bb][\/et_pb_image][et_pb_button button_text=\u00a0\u00bbVOIR LE PRODUIT\u00a0\u00bb _builder_version=\u00a0\u00bb4.27.4&Prime; _module_preset=\u00a0\u00bbdefault\u00a0\u00bb button_url=\u00a0\u00bb@ET-DC@eyJkeW5hbWljIjp0cnVlLCJjb250ZW50IjoicG9zdF9saW5rX3VybF9wcm9kdWN0Iiwic2V0dGluZ3MiOnsicG9zdF9pZCI6IjE3ODg5In19@\u00a0\u00bb _dynamic_attributes=\u00a0\u00bbbutton_url\u00a0\u00bb button_alignment=\u00a0\u00bbcenter\u00a0\u00bb hover_enabled=\u00a0\u00bb0&Prime; sticky_enabled=\u00a0\u00bb0&Prime;][\/et_pb_button][\/et_pb_column][\/et_pb_row][\/et_pb_section]<\/p>\n","protected":false},"excerpt":{"rendered":"<p>UNE TECHNOLOGIE UNIQUE QUI ALLIE LA COMPRESSION AU DRAINAGE LYMPHATIQUELes v\u00eatements compressifs offrent aux patients s\u00e9curit\u00e9, efficacit\u00e9 et confort dans les suites post-op\u00e9ratoires d\u2019une chirurgie. La compression qu\u2019ils apportent permet de diminuer la stase lymphatique et ainsi de diminuer la douleur post op\u00e9ratoire, acc\u00e9l\u00e9rer la cicatrisation et cr\u00e9er un re drapage cutan\u00e9e optimal. &nbsp; &nbsp; [&hellip;]<\/p>\n","protected":false},"author":4,"featured_media":0,"parent":0,"menu_order":0,"comment_status":"closed","ping_status":"closed","template":"","meta":{"_et_pb_use_builder":"on","_et_pb_old_content":"","_et_gb_content_width":"","footnotes":""},"class_list":["post-21795","page","type-page","status-publish","hentry"],"yoast_head":"<!-- This site is optimized with the Yoast SEO plugin v25.1 - https:\/\/yoast.com\/wordpress\/plugins\/seo\/ -->\n<title>Gamme DLP Technology\u00ae &#8226; Medical Z<\/title>\n<meta name=\"robots\" content=\"index, follow, max-snippet:-1, max-image-preview:large, max-video-preview:-1\" \/>\n<link rel=\"canonical\" href=\"https:\/\/www.medicalz.com\/fr\/21795-2\/\" \/>\n<meta property=\"og:locale\" content=\"fr_FR\" \/>\n<meta property=\"og:type\" content=\"article\" \/>\n<meta property=\"og:title\" content=\"Gamme DLP Technology\u00ae &#8226; Medical Z\" \/>\n<meta property=\"og:description\" content=\"UNE TECHNOLOGIE UNIQUE QUI ALLIE LA COMPRESSION AU DRAINAGE LYMPHATIQUELes v\u00eatements compressifs offrent aux patients s\u00e9curit\u00e9, efficacit\u00e9 et confort dans les suites post-op\u00e9ratoires d\u2019une chirurgie. La compression qu\u2019ils apportent permet de diminuer la stase lymphatique et ainsi de diminuer la douleur post op\u00e9ratoire, acc\u00e9l\u00e9rer la cicatrisation et cr\u00e9er un re drapage cutan\u00e9e optimal. &nbsp; &nbsp; [&hellip;]\" \/>\n<meta property=\"og:url\" content=\"https:\/\/www.medicalz.com\/fr\/21795-2\/\" \/>\n<meta property=\"og:site_name\" content=\"Medical Z\" \/>\n<meta property=\"article:publisher\" content=\"https:\/\/www.facebook.com\/MedicalZFrance\/\" \/>\n<meta property=\"article:modified_time\" content=\"2026-04-22T12:59:42+00:00\" \/>\n<script type=\"application\/ld+json\" class=\"yoast-schema-graph\">{\"@context\":\"https:\/\/schema.org\",\"@graph\":[{\"@type\":\"WebPage\",\"@id\":\"https:\/\/www.medicalz.com\/fr\/21795-2\/\",\"url\":\"https:\/\/www.medicalz.com\/fr\/21795-2\/\",\"name\":\"Gamme DLP Technology\u00ae &#8226; Medical Z\",\"isPartOf\":{\"@id\":\"https:\/\/www.medicalz.com\/fr\/#website\"},\"datePublished\":\"2026-04-09T15:26:48+00:00\",\"dateModified\":\"2026-04-22T12:59:42+00:00\",\"breadcrumb\":{\"@id\":\"https:\/\/www.medicalz.com\/fr\/21795-2\/#breadcrumb\"},\"inLanguage\":\"fr-FR\",\"potentialAction\":[{\"@type\":\"ReadAction\",\"target\":[\"https:\/\/www.medicalz.com\/fr\/21795-2\/\"]}]},{\"@type\":\"BreadcrumbList\",\"@id\":\"https:\/\/www.medicalz.com\/fr\/21795-2\/#breadcrumb\",\"itemListElement\":[{\"@type\":\"ListItem\",\"position\":1,\"name\":\"Principal\",\"item\":\"https:\/\/www.medicalz.com\/fr\/accueil\/\"},{\"@type\":\"ListItem\",\"position\":2,\"name\":\"Gamme DLP Technology\u00ae\"}]},{\"@type\":\"WebSite\",\"@id\":\"https:\/\/www.medicalz.com\/fr\/#website\",\"url\":\"https:\/\/www.medicalz.com\/fr\/\",\"name\":\"Medical Z\",\"description\":\"Cr\u00e9ateur FRAN\u00c7AIS de v\u00eatements compressifs depuis 1981\",\"publisher\":{\"@id\":\"https:\/\/www.medicalz.com\/fr\/#organization\"},\"potentialAction\":[{\"@type\":\"SearchAction\",\"target\":{\"@type\":\"EntryPoint\",\"urlTemplate\":\"https:\/\/www.medicalz.com\/fr\/?s={search_term_string}\"},\"query-input\":{\"@type\":\"PropertyValueSpecification\",\"valueRequired\":true,\"valueName\":\"search_term_string\"}}],\"inLanguage\":\"fr-FR\"},{\"@type\":\"Organization\",\"@id\":\"https:\/\/www.medicalz.com\/fr\/#organization\",\"name\":\"MedicalZ\",\"url\":\"https:\/\/www.medicalz.com\/fr\/\",\"logo\":{\"@type\":\"ImageObject\",\"inLanguage\":\"fr-FR\",\"@id\":\"https:\/\/www.medicalz.com\/fr\/#\/schema\/logo\/image\/\",\"url\":\"https:\/\/www.medicalz.com\/wp-content\/uploads\/2021\/06\/logo-1.png\",\"contentUrl\":\"https:\/\/www.medicalz.com\/wp-content\/uploads\/2021\/06\/logo-1.png\",\"width\":400,\"height\":227,\"caption\":\"MedicalZ\"},\"image\":{\"@id\":\"https:\/\/www.medicalz.com\/fr\/#\/schema\/logo\/image\/\"},\"sameAs\":[\"https:\/\/www.facebook.com\/MedicalZFrance\/\",\"https:\/\/www.instagram.com\/medicalz_fr\/?hl=fr\",\"https:\/\/www.youtube.com\/channel\/UC7rGbkWBc15cA4pbHS99Vbg\"]}]}<\/script>\n<!-- \/ Yoast SEO plugin. -->","yoast_head_json":{"title":"Gamme DLP Technology\u00ae &#8226; Medical Z","robots":{"index":"index","follow":"follow","max-snippet":"max-snippet:-1","max-image-preview":"max-image-preview:large","max-video-preview":"max-video-preview:-1"},"canonical":"https:\/\/www.medicalz.com\/fr\/21795-2\/","og_locale":"fr_FR","og_type":"article","og_title":"Gamme DLP Technology\u00ae &#8226; Medical Z","og_description":"UNE TECHNOLOGIE UNIQUE QUI ALLIE LA COMPRESSION AU DRAINAGE LYMPHATIQUELes v\u00eatements compressifs offrent aux patients s\u00e9curit\u00e9, efficacit\u00e9 et confort dans les suites post-op\u00e9ratoires d\u2019une chirurgie. La compression qu\u2019ils apportent permet de diminuer la stase lymphatique et ainsi de diminuer la douleur post op\u00e9ratoire, acc\u00e9l\u00e9rer la cicatrisation et cr\u00e9er un re drapage cutan\u00e9e optimal. &nbsp; &nbsp; [&hellip;]","og_url":"https:\/\/www.medicalz.com\/fr\/21795-2\/","og_site_name":"Medical Z","article_publisher":"https:\/\/www.facebook.com\/MedicalZFrance\/","article_modified_time":"2026-04-22T12:59:42+00:00","schema":{"@context":"https:\/\/schema.org","@graph":[{"@type":"WebPage","@id":"https:\/\/www.medicalz.com\/fr\/21795-2\/","url":"https:\/\/www.medicalz.com\/fr\/21795-2\/","name":"Gamme DLP Technology\u00ae &#8226; Medical Z","isPartOf":{"@id":"https:\/\/www.medicalz.com\/fr\/#website"},"datePublished":"2026-04-09T15:26:48+00:00","dateModified":"2026-04-22T12:59:42+00:00","breadcrumb":{"@id":"https:\/\/www.medicalz.com\/fr\/21795-2\/#breadcrumb"},"inLanguage":"fr-FR","potentialAction":[{"@type":"ReadAction","target":["https:\/\/www.medicalz.com\/fr\/21795-2\/"]}]},{"@type":"BreadcrumbList","@id":"https:\/\/www.medicalz.com\/fr\/21795-2\/#breadcrumb","itemListElement":[{"@type":"ListItem","position":1,"name":"Principal","item":"https:\/\/www.medicalz.com\/fr\/accueil\/"},{"@type":"ListItem","position":2,"name":"Gamme DLP Technology\u00ae"}]},{"@type":"WebSite","@id":"https:\/\/www.medicalz.com\/fr\/#website","url":"https:\/\/www.medicalz.com\/fr\/","name":"Medical Z","description":"Cr\u00e9ateur FRAN\u00c7AIS de v\u00eatements compressifs depuis 1981","publisher":{"@id":"https:\/\/www.medicalz.com\/fr\/#organization"},"potentialAction":[{"@type":"SearchAction","target":{"@type":"EntryPoint","urlTemplate":"https:\/\/www.medicalz.com\/fr\/?s={search_term_string}"},"query-input":{"@type":"PropertyValueSpecification","valueRequired":true,"valueName":"search_term_string"}}],"inLanguage":"fr-FR"},{"@type":"Organization","@id":"https:\/\/www.medicalz.com\/fr\/#organization","name":"MedicalZ","url":"https:\/\/www.medicalz.com\/fr\/","logo":{"@type":"ImageObject","inLanguage":"fr-FR","@id":"https:\/\/www.medicalz.com\/fr\/#\/schema\/logo\/image\/","url":"https:\/\/www.medicalz.com\/wp-content\/uploads\/2021\/06\/logo-1.png","contentUrl":"https:\/\/www.medicalz.com\/wp-content\/uploads\/2021\/06\/logo-1.png","width":400,"height":227,"caption":"MedicalZ"},"image":{"@id":"https:\/\/www.medicalz.com\/fr\/#\/schema\/logo\/image\/"},"sameAs":["https:\/\/www.facebook.com\/MedicalZFrance\/","https:\/\/www.instagram.com\/medicalz_fr\/?hl=fr","https:\/\/www.youtube.com\/channel\/UC7rGbkWBc15cA4pbHS99Vbg"]}]}},"_links":{"self":[{"href":"https:\/\/www.medicalz.com\/fr\/wp-json\/wp\/v2\/pages\/21795","targetHints":{"allow":["GET"]}}],"collection":[{"href":"https:\/\/www.medicalz.com\/fr\/wp-json\/wp\/v2\/pages"}],"about":[{"href":"https:\/\/www.medicalz.com\/fr\/wp-json\/wp\/v2\/types\/page"}],"author":[{"embeddable":true,"href":"https:\/\/www.medicalz.com\/fr\/wp-json\/wp\/v2\/users\/4"}],"replies":[{"embeddable":true,"href":"https:\/\/www.medicalz.com\/fr\/wp-json\/wp\/v2\/comments?post=21795"}],"version-history":[{"count":4,"href":"https:\/\/www.medicalz.com\/fr\/wp-json\/wp\/v2\/pages\/21795\/revisions"}],"predecessor-version":[{"id":21818,"href":"https:\/\/www.medicalz.com\/fr\/wp-json\/wp\/v2\/pages\/21795\/revisions\/21818"}],"wp:attachment":[{"href":"https:\/\/www.medicalz.com\/fr\/wp-json\/wp\/v2\/media?parent=21795"}],"curies":[{"name":"wp","href":"https:\/\/api.w.org\/{rel}","templated":true}]}}