{"id":36,"date":"2021-05-12T16:57:09","date_gmt":"2021-05-12T14:57:09","guid":{"rendered":"https:\/\/www.medicalz.com\/?page_id=36"},"modified":"2023-09-29T16:03:16","modified_gmt":"2023-09-29T14:03:16","slug":"produits","status":"publish","type":"page","link":"https:\/\/www.medicalz.com\/fr\/produits\/","title":{"rendered":"Produits"},"content":{"rendered":"<p>[et_pb_section fb_built=\u00a0\u00bb1&Prime; _builder_version=\u00a0\u00bb4.16&Prime; _module_preset=\u00a0\u00bbdefault\u00a0\u00bb global_colors_info=\u00a0\u00bb{}\u00a0\u00bb][et_pb_row _builder_version=\u00a0\u00bb4.16&Prime; _module_preset=\u00a0\u00bbdefault\u00a0\u00bb global_colors_info=\u00a0\u00bb{}\u00a0\u00bb][et_pb_column type=\u00a0\u00bb4_4&Prime; _builder_version=\u00a0\u00bb4.16&Prime; _module_preset=\u00a0\u00bbdefault\u00a0\u00bb global_colors_info=\u00a0\u00bb{}\u00a0\u00bb][et_pb_text _builder_version=\u00a0\u00bb4.16&Prime; _module_preset=\u00a0\u00bbdefault\u00a0\u00bb global_colors_info=\u00a0\u00bb{}\u00a0\u00bb]<\/p>\n<h2>Produits<\/h2>\n<p>[\/et_pb_text][et_pb_divider module_class=\u00a0\u00bbseparateur\u00a0\u00bb _builder_version=\u00a0\u00bb4.16&Prime; _module_preset=\u00a0\u00bbdefault\u00a0\u00bb global_colors_info=\u00a0\u00bb{}\u00a0\u00bb][\/et_pb_divider][et_pb_text _builder_version=\u00a0\u00bb4.16&Prime; _module_preset=\u00a0\u00bbdefault\u00a0\u00bb header_font_size=\u00a0\u00bb31px\u00a0\u00bb global_colors_info=\u00a0\u00bb{}\u00a0\u00bb]<\/p>\n<p style=\"text-align: center;\">Depuis plus de 40 ans, M\u00e9dical Z propose des <strong>produits de qualit\u00e9<\/strong> aux professionnels de sant\u00e9 du monde entier. <strong>Leader dans l&rsquo;industrie des v\u00eatements compressifs<\/strong> et des <strong>gels de gestion des cicatrices<\/strong>, nous offrons aux patients des <strong>produits novateurs<\/strong>, \u00e0 la <strong>pointe de la technologie<\/strong> et sans \u00e9quivalent sur le march\u00e9 \u00e0 l&rsquo;heure actuelle.<\/p>\n<p style=\"text-align: center;\">Tout ce qui peut \u00eatre con\u00e7u peut \u00eatre fabriqu\u00e9 : et c&rsquo;est ce que nous entendons par \u00ab\u00a0<strong>fait sur mesure<\/strong>\u00ab\u00a0<\/p>\n<p style=\"text-align: center;\">Chez M\u00e9dical Z, nous comprenons que <strong>chaque patient est unique<\/strong>. Nous proposons donc un choix r\u00e9pondant aux besoins de chacun d&rsquo;entre eux.<\/p>\n<p style=\"text-align: center;\">Chaque jour, gr\u00e2ce aux <strong>programmes de recherche et d\u00e9veloppement<\/strong> mis en oeuvre, <em><strong>nous travaillons \u00e0 un meilleur futur pour les patients<\/strong><\/em>.<\/p>\n<p>[\/et_pb_text][\/et_pb_column][\/et_pb_row][et_pb_row _builder_version=\u00a0\u00bb4.16&Prime; _module_preset=\u00a0\u00bbdefault\u00a0\u00bb global_colors_info=\u00a0\u00bb{}\u00a0\u00bb][et_pb_column type=\u00a0\u00bb4_4&Prime; _builder_version=\u00a0\u00bb4.16&Prime; _module_preset=\u00a0\u00bbdefault\u00a0\u00bb global_colors_info=\u00a0\u00bb{}\u00a0\u00bb][dpdfg_filtergrid custom_query=\u00a0\u00bbadvanced\u00a0\u00bb multiple_cpt=\u00a0\u00bbproduct\u00a0\u00bb use_taxonomy_terms=\u00a0\u00bbon\u00a0\u00bb multiple_taxonomies=\u00a0\u00bbproduct_cat\u00a0\u00bb include_terms=\u00a0\u00bb82,81,83,140,34,141,142,35,107,28&Prime; include_children_terms=\u00a0\u00bboff\u00a0\u00bb order=\u00a0\u00bbASC\u00a0\u00bb orderby=\u00a0\u00bbmenu_order\u00a0\u00bb thumbnail_size=\u00a0\u00bb400&#215;516&Prime; use_overlay=\u00a0\u00bboff\u00a0\u00bb title_link=\u00a0\u00bbon\u00a0\u00bb show_post_meta=\u00a0\u00bboff\u00a0\u00bb show_custom_fields=\u00a0\u00bbon\u00a0\u00bb custom_fields=\u00a0\u00bb%91{%22name%22:%22Ref%22,%22label%22:%22%22}%93&Prime; custom_content_container=\u00a0\u00bboff\u00a0\u00bb filter_taxonomies=\u00a0\u00bbproduct_cat\u00a0\u00bb filter_terms=\u00a0\u00bb82,81,83,140,34,141,142,35,107,28&Prime; all_text=\u00a0\u00bbTOUT\u00a0\u00bb filters_sort=\u00a0\u00bbcustom\u00a0\u00bb pagination_type=\u00a0\u00bbscroll\u00a0\u00bb items_width=\u00a0\u00bb30%\u00a0\u00bb row_gutter=\u00a0\u00bb4em\u00a0\u00bb bg_filter_active=\u00a0\u00bb#2F4457&Prime; _builder_version=\u00a0\u00bb4.16.1&Prime; _module_preset=\u00a0\u00bbdefault\u00a0\u00bb dpdfg_entry_title_level=\u00a0\u00bbh3&Prime; dpdfg_entry_title_text_align=\u00a0\u00bbleft\u00a0\u00bb dpdfg_entry_title_text_color=\u00a0\u00bb#2F4457&Prime; dpdfg_entry_title_font_size=\u00a0\u00bb15px\u00a0\u00bb dpdfg_entry_meta_font=\u00a0\u00bb||||||||\u00a0\u00bb dpdfg_entry_summary_font=\u00a0\u00bb|||on|||||\u00a0\u00bb dpdfg_filters_font=\u00a0\u00bb|700||on|||||\u00a0\u00bb dpdfg_filters_text_color=\u00a0\u00bb#2F4457&Prime; dpdfg_filters_font_size=\u00a0\u00bb11px\u00a0\u00bb dpdfg_filters_letter_spacing=\u00a0\u00bb1px\u00a0\u00bb dpdfg_filters_active_text_color=\u00a0\u00bb#FFFFFF\u00a0\u00bb dpdfg_pagination_text_color=\u00a0\u00bb#2F4457&Prime; dpdfg_pagination_active_text_color=\u00a0\u00bb#178FCF\u00a0\u00bb hover_enabled=\u00a0\u00bb0&Prime; custom_css_dp-dfg-filter=\u00a0\u00bbborder:2px solid #2f4457;||margin:0px 2px\u00a0\u00bb border_width_all=\u00a0\u00bb0px\u00a0\u00bb global_colors_info=\u00a0\u00bb{}\u00a0\u00bb sticky_enabled=\u00a0\u00bb0&Prime;][\/dpdfg_filtergrid][\/et_pb_column][\/et_pb_row][\/et_pb_section][et_pb_section fb_built=\u00a0\u00bb1&Prime; _builder_version=\u00a0\u00bb4.16&Prime; _module_preset=\u00a0\u00bbdefault\u00a0\u00bb background_color=\u00a0\u00bb#e3e3e3&Prime; global_colors_info=\u00a0\u00bb{}\u00a0\u00bb][et_pb_row _builder_version=\u00a0\u00bb4.16&Prime; _module_preset=\u00a0\u00bbdefault\u00a0\u00bb global_colors_info=\u00a0\u00bb{}\u00a0\u00bb][et_pb_column type=\u00a0\u00bb4_4&Prime; _builder_version=\u00a0\u00bb4.16&Prime; _module_preset=\u00a0\u00bbdefault\u00a0\u00bb global_colors_info=\u00a0\u00bb{}\u00a0\u00bb][et_pb_button button_url=\u00a0\u00bbhttps:\/\/www.medicalz.com\/faq\/\u00a0\u00bb button_text=\u00a0\u00bbRETROUVEZ TOUTES LES QUESTIONS &#8211; FAQ\u00a0\u00bb button_alignment=\u00a0\u00bbcenter\u00a0\u00bb _builder_version=\u00a0\u00bb4.16&Prime; _module_preset=\u00a0\u00bbdefault\u00a0\u00bb custom_button=\u00a0\u00bbon\u00a0\u00bb button_text_size=\u00a0\u00bb18px\u00a0\u00bb button_text_color=\u00a0\u00bb#2F4457&Prime; button_border_width=\u00a0\u00bb1px\u00a0\u00bb button_border_color=\u00a0\u00bb#2F4457&Prime; button_border_radius=\u00a0\u00bb0px\u00a0\u00bb button_font=\u00a0\u00bb|700|||||||\u00a0\u00bb custom_padding=\u00a0\u00bb15px|110px|15px|110px|false|true\u00a0\u00bb global_colors_info=\u00a0\u00bb{}\u00a0\u00bb][\/et_pb_button][\/et_pb_column][\/et_pb_row][\/et_pb_section]<\/p>\n","protected":false},"excerpt":{"rendered":"<p>ProduitsDepuis plus de 40 ans, M\u00e9dical Z propose des produits de qualit\u00e9 aux professionnels de sant\u00e9 du monde entier. Leader dans l&rsquo;industrie des v\u00eatements compressifs et des gels de gestion des cicatrices, nous offrons aux patients des produits novateurs, \u00e0 la pointe de la technologie et sans \u00e9quivalent sur le march\u00e9 \u00e0 l&rsquo;heure actuelle. Tout [&hellip;]<\/p>\n","protected":false},"author":1,"featured_media":0,"parent":0,"menu_order":0,"comment_status":"closed","ping_status":"closed","template":"","meta":{"_et_pb_use_builder":"on","_et_pb_old_content":"","_et_gb_content_width":"","footnotes":""},"class_list":["post-36","page","type-page","status-publish","hentry"],"yoast_head":"<!-- This site is optimized with the Yoast SEO plugin v25.1 - https:\/\/yoast.com\/wordpress\/plugins\/seo\/ -->\n<title>Produits &#8226; Medical Z<\/title>\n<meta name=\"description\" content=\"D\u00e9couvrez tous nos produits M\u00e9dical Z, v\u00eatements de chirurgie, v\u00eatements sur mesure pour grands brul\u00e9s et gel de traitement des cicatrices\" \/>\n<meta name=\"robots\" content=\"index, follow, max-snippet:-1, max-image-preview:large, max-video-preview:-1\" \/>\n<link rel=\"canonical\" href=\"https:\/\/www.medicalz.com\/fr\/produits\/\" \/>\n<meta property=\"og:locale\" content=\"fr_FR\" \/>\n<meta property=\"og:type\" content=\"article\" \/>\n<meta property=\"og:title\" content=\"Produits &#8226; Medical Z\" \/>\n<meta property=\"og:description\" content=\"D\u00e9couvrez tous nos produits M\u00e9dical Z, v\u00eatements de chirurgie, v\u00eatements sur mesure pour grands brul\u00e9s et gel de traitement des cicatrices\" \/>\n<meta property=\"og:url\" content=\"https:\/\/www.medicalz.com\/fr\/produits\/\" \/>\n<meta property=\"og:site_name\" content=\"Medical Z\" \/>\n<meta property=\"article:publisher\" content=\"https:\/\/www.facebook.com\/MedicalZFrance\/\" \/>\n<meta property=\"article:modified_time\" content=\"2023-09-29T14:03:16+00:00\" \/>\n<script type=\"application\/ld+json\" class=\"yoast-schema-graph\">{\"@context\":\"https:\/\/schema.org\",\"@graph\":[{\"@type\":\"WebPage\",\"@id\":\"https:\/\/www.medicalz.com\/fr\/produits\/\",\"url\":\"https:\/\/www.medicalz.com\/fr\/produits\/\",\"name\":\"Produits &#8226; Medical Z\",\"isPartOf\":{\"@id\":\"https:\/\/www.medicalz.com\/fr\/#website\"},\"datePublished\":\"2021-05-12T14:57:09+00:00\",\"dateModified\":\"2023-09-29T14:03:16+00:00\",\"description\":\"D\u00e9couvrez tous nos produits M\u00e9dical Z, v\u00eatements de chirurgie, v\u00eatements sur mesure pour grands brul\u00e9s et gel de traitement des cicatrices\",\"breadcrumb\":{\"@id\":\"https:\/\/www.medicalz.com\/fr\/produits\/#breadcrumb\"},\"inLanguage\":\"fr-FR\",\"potentialAction\":[{\"@type\":\"ReadAction\",\"target\":[\"https:\/\/www.medicalz.com\/fr\/produits\/\"]}]},{\"@type\":\"BreadcrumbList\",\"@id\":\"https:\/\/www.medicalz.com\/fr\/produits\/#breadcrumb\",\"itemListElement\":[{\"@type\":\"ListItem\",\"position\":1,\"name\":\"Principal\",\"item\":\"https:\/\/www.medicalz.com\/fr\/accueil\/\"},{\"@type\":\"ListItem\",\"position\":2,\"name\":\"Produits\"}]},{\"@type\":\"WebSite\",\"@id\":\"https:\/\/www.medicalz.com\/fr\/#website\",\"url\":\"https:\/\/www.medicalz.com\/fr\/\",\"name\":\"Medical Z\",\"description\":\"Cr\u00e9ateur FRAN\u00c7AIS de v\u00eatements compressifs depuis 1981\",\"publisher\":{\"@id\":\"https:\/\/www.medicalz.com\/fr\/#organization\"},\"potentialAction\":[{\"@type\":\"SearchAction\",\"target\":{\"@type\":\"EntryPoint\",\"urlTemplate\":\"https:\/\/www.medicalz.com\/fr\/?s={search_term_string}\"},\"query-input\":{\"@type\":\"PropertyValueSpecification\",\"valueRequired\":true,\"valueName\":\"search_term_string\"}}],\"inLanguage\":\"fr-FR\"},{\"@type\":\"Organization\",\"@id\":\"https:\/\/www.medicalz.com\/fr\/#organization\",\"name\":\"MedicalZ\",\"url\":\"https:\/\/www.medicalz.com\/fr\/\",\"logo\":{\"@type\":\"ImageObject\",\"inLanguage\":\"fr-FR\",\"@id\":\"https:\/\/www.medicalz.com\/fr\/#\/schema\/logo\/image\/\",\"url\":\"https:\/\/www.medicalz.com\/wp-content\/uploads\/2021\/06\/logo-1.png\",\"contentUrl\":\"https:\/\/www.medicalz.com\/wp-content\/uploads\/2021\/06\/logo-1.png\",\"width\":400,\"height\":227,\"caption\":\"MedicalZ\"},\"image\":{\"@id\":\"https:\/\/www.medicalz.com\/fr\/#\/schema\/logo\/image\/\"},\"sameAs\":[\"https:\/\/www.facebook.com\/MedicalZFrance\/\",\"https:\/\/www.instagram.com\/medicalz_fr\/?hl=fr\",\"https:\/\/www.youtube.com\/channel\/UC7rGbkWBc15cA4pbHS99Vbg\"]}]}<\/script>\n<!-- \/ Yoast SEO plugin. -->","yoast_head_json":{"title":"Produits &#8226; Medical Z","description":"D\u00e9couvrez tous nos produits M\u00e9dical Z, v\u00eatements de chirurgie, v\u00eatements sur mesure pour grands brul\u00e9s et gel de traitement des cicatrices","robots":{"index":"index","follow":"follow","max-snippet":"max-snippet:-1","max-image-preview":"max-image-preview:large","max-video-preview":"max-video-preview:-1"},"canonical":"https:\/\/www.medicalz.com\/fr\/produits\/","og_locale":"fr_FR","og_type":"article","og_title":"Produits &#8226; Medical Z","og_description":"D\u00e9couvrez tous nos produits M\u00e9dical Z, v\u00eatements de chirurgie, v\u00eatements sur mesure pour grands brul\u00e9s et gel de traitement des cicatrices","og_url":"https:\/\/www.medicalz.com\/fr\/produits\/","og_site_name":"Medical Z","article_publisher":"https:\/\/www.facebook.com\/MedicalZFrance\/","article_modified_time":"2023-09-29T14:03:16+00:00","schema":{"@context":"https:\/\/schema.org","@graph":[{"@type":"WebPage","@id":"https:\/\/www.medicalz.com\/fr\/produits\/","url":"https:\/\/www.medicalz.com\/fr\/produits\/","name":"Produits &#8226; Medical Z","isPartOf":{"@id":"https:\/\/www.medicalz.com\/fr\/#website"},"datePublished":"2021-05-12T14:57:09+00:00","dateModified":"2023-09-29T14:03:16+00:00","description":"D\u00e9couvrez tous nos produits M\u00e9dical Z, v\u00eatements de chirurgie, v\u00eatements sur mesure pour grands brul\u00e9s et gel de traitement des cicatrices","breadcrumb":{"@id":"https:\/\/www.medicalz.com\/fr\/produits\/#breadcrumb"},"inLanguage":"fr-FR","potentialAction":[{"@type":"ReadAction","target":["https:\/\/www.medicalz.com\/fr\/produits\/"]}]},{"@type":"BreadcrumbList","@id":"https:\/\/www.medicalz.com\/fr\/produits\/#breadcrumb","itemListElement":[{"@type":"ListItem","position":1,"name":"Principal","item":"https:\/\/www.medicalz.com\/fr\/accueil\/"},{"@type":"ListItem","position":2,"name":"Produits"}]},{"@type":"WebSite","@id":"https:\/\/www.medicalz.com\/fr\/#website","url":"https:\/\/www.medicalz.com\/fr\/","name":"Medical Z","description":"Cr\u00e9ateur FRAN\u00c7AIS de v\u00eatements compressifs depuis 1981","publisher":{"@id":"https:\/\/www.medicalz.com\/fr\/#organization"},"potentialAction":[{"@type":"SearchAction","target":{"@type":"EntryPoint","urlTemplate":"https:\/\/www.medicalz.com\/fr\/?s={search_term_string}"},"query-input":{"@type":"PropertyValueSpecification","valueRequired":true,"valueName":"search_term_string"}}],"inLanguage":"fr-FR"},{"@type":"Organization","@id":"https:\/\/www.medicalz.com\/fr\/#organization","name":"MedicalZ","url":"https:\/\/www.medicalz.com\/fr\/","logo":{"@type":"ImageObject","inLanguage":"fr-FR","@id":"https:\/\/www.medicalz.com\/fr\/#\/schema\/logo\/image\/","url":"https:\/\/www.medicalz.com\/wp-content\/uploads\/2021\/06\/logo-1.png","contentUrl":"https:\/\/www.medicalz.com\/wp-content\/uploads\/2021\/06\/logo-1.png","width":400,"height":227,"caption":"MedicalZ"},"image":{"@id":"https:\/\/www.medicalz.com\/fr\/#\/schema\/logo\/image\/"},"sameAs":["https:\/\/www.facebook.com\/MedicalZFrance\/","https:\/\/www.instagram.com\/medicalz_fr\/?hl=fr","https:\/\/www.youtube.com\/channel\/UC7rGbkWBc15cA4pbHS99Vbg"]}]}},"_links":{"self":[{"href":"https:\/\/www.medicalz.com\/fr\/wp-json\/wp\/v2\/pages\/36","targetHints":{"allow":["GET"]}}],"collection":[{"href":"https:\/\/www.medicalz.com\/fr\/wp-json\/wp\/v2\/pages"}],"about":[{"href":"https:\/\/www.medicalz.com\/fr\/wp-json\/wp\/v2\/types\/page"}],"author":[{"embeddable":true,"href":"https:\/\/www.medicalz.com\/fr\/wp-json\/wp\/v2\/users\/1"}],"replies":[{"embeddable":true,"href":"https:\/\/www.medicalz.com\/fr\/wp-json\/wp\/v2\/comments?post=36"}],"version-history":[{"count":35,"href":"https:\/\/www.medicalz.com\/fr\/wp-json\/wp\/v2\/pages\/36\/revisions"}],"predecessor-version":[{"id":18506,"href":"https:\/\/www.medicalz.com\/fr\/wp-json\/wp\/v2\/pages\/36\/revisions\/18506"}],"wp:attachment":[{"href":"https:\/\/www.medicalz.com\/fr\/wp-json\/wp\/v2\/media?parent=36"}],"curies":[{"name":"wp","href":"https:\/\/api.w.org\/{rel}","templated":true}]}}