{"id":4226,"date":"2021-07-21T21:26:19","date_gmt":"2021-07-21T19:26:19","guid":{"rendered":"https:\/\/www.medicalz.com\/?page_id=4226"},"modified":"2022-01-18T11:07:03","modified_gmt":"2022-01-18T10:07:03","slug":"bureau-de-paris","status":"publish","type":"page","link":"https:\/\/www.medicalz.com\/fr\/bureau-de-paris\/","title":{"rendered":"Bureau de Paris"},"content":{"rendered":"<p>[et_pb_section fb_built=\u00a0\u00bb1&Prime; fullwidth=\u00a0\u00bbon\u00a0\u00bb _builder_version=\u00a0\u00bb4.9.7&Prime; _module_preset=\u00a0\u00bbdefault\u00a0\u00bb global_colors_info=\u00a0\u00bb{}\u00a0\u00bb][et_pb_fullwidth_header title=\u00a0\u00bbBureau de Paris\u00a0\u00bb text_orientation=\u00a0\u00bbcenter\u00a0\u00bb _builder_version=\u00a0\u00bb4.14.6&Prime; _module_preset=\u00a0\u00bbdefault\u00a0\u00bb background_image=\u00a0\u00bbhttps:\/\/www.medicalz.com\/wp-content\/uploads\/2022\/01\/contact2-2-scaled.jpg\u00a0\u00bb custom_margin=\u00a0\u00bb||30px||false|false\u00a0\u00bb custom_padding=\u00a0\u00bb70px||70px||false|false\u00a0\u00bb custom_padding_tablet=\u00a0\u00bb70px|190px|70px|148px|false|false\u00a0\u00bb custom_padding_phone=\u00a0\u00bb|214px||9px|false|false\u00a0\u00bb custom_padding_last_edited=\u00a0\u00bbon|desktop\u00a0\u00bb hover_enabled=\u00a0\u00bb0&Prime; locked=\u00a0\u00bboff\u00a0\u00bb global_colors_info=\u00a0\u00bb{}\u00a0\u00bb title_text=\u00a0\u00bbcontact2&Prime; background_color=\u00a0\u00bbrgba(255,255,255,0.49)\u00a0\u00bb background_blend=\u00a0\u00bblighten\u00a0\u00bb sticky_enabled=\u00a0\u00bb0&Prime; title_text_color=\u00a0\u00bb#427393&Prime; text_shadow_style=\u00a0\u00bbpreset3&Prime; text_shadow_blur_strength=\u00a0\u00bb0.72em\u00a0\u00bb text_shadow_color=\u00a0\u00bb#FFFFFF\u00a0\u00bb][\/et_pb_fullwidth_header][\/et_pb_section][et_pb_section fb_built=\u00a0\u00bb1&Prime; _builder_version=\u00a0\u00bb4.9.7&Prime; _module_preset=\u00a0\u00bbdefault\u00a0\u00bb global_colors_info=\u00a0\u00bb{}\u00a0\u00bb][et_pb_row _builder_version=\u00a0\u00bb4.9.7&Prime; _module_preset=\u00a0\u00bbdefault\u00a0\u00bb global_colors_info=\u00a0\u00bb{}\u00a0\u00bb][et_pb_column type=\u00a0\u00bb4_4&Prime; _builder_version=\u00a0\u00bb4.9.4&Prime; _module_preset=\u00a0\u00bbdefault\u00a0\u00bb global_colors_info=\u00a0\u00bb{}\u00a0\u00bb][et_pb_text _builder_version=\u00a0\u00bb4.9.9&Prime; _module_preset=\u00a0\u00bbdefault\u00a0\u00bb global_colors_info=\u00a0\u00bb{}\u00a0\u00bb]<\/p>\n<h2>Venez nous rendre visite dans notre cabinet parisien: <\/h2>\n<p>[\/et_pb_text][et_pb_divider module_class=\u00a0\u00bbseparateur\u00a0\u00bb _builder_version=\u00a0\u00bb4.9.7&Prime; _module_preset=\u00a0\u00bbdefault\u00a0\u00bb global_colors_info=\u00a0\u00bb{}\u00a0\u00bb][\/et_pb_divider][\/et_pb_column][\/et_pb_row][et_pb_row column_structure=\u00a0\u00bb1_2,1_2&Prime; _builder_version=\u00a0\u00bb4.9.9&Prime; _module_preset=\u00a0\u00bbdefault\u00a0\u00bb global_colors_info=\u00a0\u00bb{}\u00a0\u00bb][et_pb_column type=\u00a0\u00bb1_2&Prime; _builder_version=\u00a0\u00bb4.9.9&Prime; _module_preset=\u00a0\u00bbdefault\u00a0\u00bb global_colors_info=\u00a0\u00bb{}\u00a0\u00bb][et_pb_image src=\u00a0\u00bbhttps:\/\/www.medicalz.com\/wp-content\/uploads\/2021\/07\/stephane.jpg\u00a0\u00bb title_text=\u00a0\u00bbstephane\u00a0\u00bb _builder_version=\u00a0\u00bb4.9.10&Prime; _module_preset=\u00a0\u00bbdefault\u00a0\u00bb width=\u00a0\u00bb300px\u00a0\u00bb global_colors_info=\u00a0\u00bb{}\u00a0\u00bb][\/et_pb_image][\/et_pb_column][et_pb_column type=\u00a0\u00bb1_2&Prime; _builder_version=\u00a0\u00bb4.9.9&Prime; _module_preset=\u00a0\u00bbdefault\u00a0\u00bb global_colors_info=\u00a0\u00bb{}\u00a0\u00bb][et_pb_text _builder_version=\u00a0\u00bb4.9.10&Prime; _module_preset=\u00a0\u00bbdefault\u00a0\u00bb global_colors_info=\u00a0\u00bb{}\u00a0\u00bb]<\/p>\n<p>Nous vous accueillons dans nos bureaux parisiens, dans le respect des gestes barri\u00e8res.<\/p>\n<p>Nous avons le plaisir de vous accueillir dans nos locaux parisiens.<\/p>\n<p>Accompagn\u00e9 par St\u00e9phane, orthop\u00e9diste, profitez d\u2019un moment \u00e0 vous, pour prendre vos mesures, acheter ou commander nos produits ou m\u00eame pour un conseil\u00a0?<\/p>\n<p>Apr\u00e8s de nombreuses ann\u00e9es en pharmacie, St\u00e9phane s\u2019est orient\u00e9 vers l\u2019orthop\u00e9die et ne s\u2019en est plus d\u00e9tach\u00e9 depuis\u00a0! C\u2019est fort de ses dizaines d\u2019ann\u00e9es d\u2019exp\u00e9riences, qu\u2019il vous conseillera pr\u00e9cis\u00e9ment non seulement sur nos produits, mais \u00e9galement sur le d\u00e9roulement de votre op\u00e9ration et comment optimiser votre r\u00e9cup\u00e9ration.<\/p>\n<p>Pour les personnes souffrant de br\u00fblures, n\u2019h\u00e9sitez pas \u00e0 nous contacter afin de prendre un rendez-vous et vous reserver un cr\u00e9neau d\u00e9di\u00e9 \u00e0 votre prise en charge, pour vous accompagner, r\u00e9pondre \u00e0 toutes vos questions et ce dont vous aurez besoin.<\/p>\n<p>&nbsp;<\/p>\n<p>[\/et_pb_text][\/et_pb_column][\/et_pb_row][et_pb_row _builder_version=\u00a0\u00bb4.9.10&Prime; _module_preset=\u00a0\u00bbdefault\u00a0\u00bb global_colors_info=\u00a0\u00bb{}\u00a0\u00bb][et_pb_column type=\u00a0\u00bb4_4&Prime; _builder_version=\u00a0\u00bb4.9.10&Prime; _module_preset=\u00a0\u00bbdefault\u00a0\u00bb global_colors_info=\u00a0\u00bb{}\u00a0\u00bb][et_pb_divider color=\u00a0\u00bb#949494&Prime; _builder_version=\u00a0\u00bb4.9.10&Prime; _module_preset=\u00a0\u00bbdefault\u00a0\u00bb global_colors_info=\u00a0\u00bb{}\u00a0\u00bb][\/et_pb_divider][\/et_pb_column][\/et_pb_row][et_pb_row column_structure=\u00a0\u00bb1_2,1_2&Prime; _builder_version=\u00a0\u00bb4.9.7&Prime; _module_preset=\u00a0\u00bbdefault\u00a0\u00bb global_colors_info=\u00a0\u00bb{}\u00a0\u00bb][et_pb_column type=\u00a0\u00bb1_2&Prime; _builder_version=\u00a0\u00bb4.9.7&Prime; _module_preset=\u00a0\u00bbdefault\u00a0\u00bb global_colors_info=\u00a0\u00bb{}\u00a0\u00bb][et_pb_text content_tablet=\u00a0\u00bb<\/p>\n<h3 style=%22text-align: center;%22><strong>BUREAU MEDICALZ PARIS<\/strong><\/h3>\n<p style=%22text-align: center;%22>6BIS, AVENUE MAC-MAHON<br \/>75017 PARIS<br \/>FRANCE<\/p>\n<p style=%22text-align: center;%22>PHONE : <a href=%22tel:+33153960677%22>01 53 96 06 77<\/a><\/p>\n<p>\u00a0\u00bb content_phone=\u00a0\u00bb\u00a0\u00bb content_last_edited=\u00a0\u00bbon|tablet\u00a0\u00bb _builder_version=\u00a0\u00bb4.9.7&Prime; _module_preset=\u00a0\u00bbdefault\u00a0\u00bb link_font=\u00a0\u00bbMontserrat||||||||\u00a0\u00bb link_text_color=\u00a0\u00bb#000000&Prime; header_3_text_color=\u00a0\u00bb#427393&Prime; border_width_right_tablet=\u00a0\u00bb\u00a0\u00bb border_width_right_phone=\u00a0\u00bb\u00a0\u00bb border_width_right_last_edited=\u00a0\u00bbon|desktop\u00a0\u00bb global_colors_info=\u00a0\u00bb{}\u00a0\u00bb]<\/p>\n<h3 style=\"text-align: left;\"><strong>BUREAU MEDICALZ PARIS<\/strong><\/h3>\n<p style=\"text-align: left;\">6BIS, AVENUE MAC-MAHON<br \/>75017 PARIS<br \/>FRANCE<\/p>\n<p style=\"text-align: left;\">PHONE : <a href=\"tel:+33153960677\">01 53 96 06 77<\/a><\/p>\n<p>[\/et_pb_text][\/et_pb_column][et_pb_column type=\u00a0\u00bb1_2&Prime; _builder_version=\u00a0\u00bb4.9.7&Prime; _module_preset=\u00a0\u00bbdefault\u00a0\u00bb global_colors_info=\u00a0\u00bb{}\u00a0\u00bb][et_pb_text _builder_version=\u00a0\u00bb4.9.9&Prime; _module_preset=\u00a0\u00bbdefault\u00a0\u00bb text_font=\u00a0\u00bb||||||||\u00a0\u00bb text_text_color=\u00a0\u00bb#4b7997&Prime; text_font_size=\u00a0\u00bb13px\u00a0\u00bb global_colors_info=\u00a0\u00bb{}\u00a0\u00bb]<\/p>\n<h4>Metro <\/h4>\n<p>1-2-6 : Charles de Gaulle Etoile<\/p>\n<h4>RER <\/h4>\n<p>A &#8211; Charles de Gaulle Etoile<\/p>\n<h4>Bus<\/h4>\n<p>30-31 : Charles de Gaulle Etoile &#8211; Wagram<br \/>92 : Charles de Gaulle Etoile &#8211; Mac Mahon<br \/>73 : Charles de Gaulle Etoile Champs Elys\u00e9es.<\/p>\n<p>[\/et_pb_text][\/et_pb_column][\/et_pb_row][\/et_pb_section]<\/p>\n","protected":false},"excerpt":{"rendered":"<p>Venez nous rendre visite dans notre cabinet parisien: Nous vous accueillons dans nos bureaux parisiens, dans le respect des gestes barri\u00e8res. Nous avons le plaisir de vous accueillir dans nos locaux parisiens. Accompagn\u00e9 par St\u00e9phane, orthop\u00e9diste, profitez d\u2019un moment \u00e0 vous, pour prendre vos mesures, acheter ou commander nos produits ou m\u00eame pour un conseil\u00a0? [&hellip;]<\/p>\n","protected":false},"author":1,"featured_media":0,"parent":0,"menu_order":0,"comment_status":"closed","ping_status":"closed","template":"","meta":{"_et_pb_use_builder":"on","_et_pb_old_content":"","_et_gb_content_width":"","footnotes":""},"class_list":["post-4226","page","type-page","status-publish","hentry"],"yoast_head":"<!-- This site is optimized with the Yoast SEO plugin v25.1 - https:\/\/yoast.com\/wordpress\/plugins\/seo\/ -->\n<title>Bureau de vente sur Paris<\/title>\n<meta name=\"robots\" content=\"index, follow, max-snippet:-1, max-image-preview:large, max-video-preview:-1\" \/>\n<link rel=\"canonical\" href=\"https:\/\/www.medicalz.com\/fr\/bureau-de-paris\/\" \/>\n<meta property=\"og:locale\" content=\"fr_FR\" \/>\n<meta property=\"og:type\" content=\"article\" \/>\n<meta property=\"og:title\" content=\"Bureau de vente sur Paris\" \/>\n<meta property=\"og:description\" content=\"Venez nous rendre visite dans notre cabinet parisien: Nous vous accueillons dans nos bureaux parisiens, dans le respect des gestes barri\u00e8res. Nous avons le plaisir de vous accueillir dans nos locaux parisiens. Accompagn\u00e9 par St\u00e9phane, orthop\u00e9diste, profitez d\u2019un moment \u00e0 vous, pour prendre vos mesures, acheter ou commander nos produits ou m\u00eame pour un conseil\u00a0? [&hellip;]\" \/>\n<meta property=\"og:url\" content=\"https:\/\/www.medicalz.com\/fr\/bureau-de-paris\/\" \/>\n<meta property=\"og:site_name\" content=\"Medical Z\" \/>\n<meta property=\"article:publisher\" content=\"https:\/\/www.facebook.com\/MedicalZFrance\/\" \/>\n<meta property=\"article:modified_time\" content=\"2022-01-18T10:07:03+00:00\" \/>\n<script type=\"application\/ld+json\" class=\"yoast-schema-graph\">{\"@context\":\"https:\/\/schema.org\",\"@graph\":[{\"@type\":\"WebPage\",\"@id\":\"https:\/\/www.medicalz.com\/fr\/bureau-de-paris\/\",\"url\":\"https:\/\/www.medicalz.com\/fr\/bureau-de-paris\/\",\"name\":\"Bureau de vente sur Paris\",\"isPartOf\":{\"@id\":\"https:\/\/www.medicalz.com\/fr\/#website\"},\"datePublished\":\"2021-07-21T19:26:19+00:00\",\"dateModified\":\"2022-01-18T10:07:03+00:00\",\"breadcrumb\":{\"@id\":\"https:\/\/www.medicalz.com\/fr\/bureau-de-paris\/#breadcrumb\"},\"inLanguage\":\"fr-FR\",\"potentialAction\":[{\"@type\":\"ReadAction\",\"target\":[\"https:\/\/www.medicalz.com\/fr\/bureau-de-paris\/\"]}]},{\"@type\":\"BreadcrumbList\",\"@id\":\"https:\/\/www.medicalz.com\/fr\/bureau-de-paris\/#breadcrumb\",\"itemListElement\":[{\"@type\":\"ListItem\",\"position\":1,\"name\":\"Principal\",\"item\":\"https:\/\/www.medicalz.com\/fr\/accueil\/\"},{\"@type\":\"ListItem\",\"position\":2,\"name\":\"Bureau de Paris\"}]},{\"@type\":\"WebSite\",\"@id\":\"https:\/\/www.medicalz.com\/fr\/#website\",\"url\":\"https:\/\/www.medicalz.com\/fr\/\",\"name\":\"Medical Z\",\"description\":\"Cr\u00e9ateur FRAN\u00c7AIS de v\u00eatements compressifs depuis 1981\",\"publisher\":{\"@id\":\"https:\/\/www.medicalz.com\/fr\/#organization\"},\"potentialAction\":[{\"@type\":\"SearchAction\",\"target\":{\"@type\":\"EntryPoint\",\"urlTemplate\":\"https:\/\/www.medicalz.com\/fr\/?s={search_term_string}\"},\"query-input\":{\"@type\":\"PropertyValueSpecification\",\"valueRequired\":true,\"valueName\":\"search_term_string\"}}],\"inLanguage\":\"fr-FR\"},{\"@type\":\"Organization\",\"@id\":\"https:\/\/www.medicalz.com\/fr\/#organization\",\"name\":\"MedicalZ\",\"url\":\"https:\/\/www.medicalz.com\/fr\/\",\"logo\":{\"@type\":\"ImageObject\",\"inLanguage\":\"fr-FR\",\"@id\":\"https:\/\/www.medicalz.com\/fr\/#\/schema\/logo\/image\/\",\"url\":\"https:\/\/www.medicalz.com\/wp-content\/uploads\/2021\/06\/logo-1.png\",\"contentUrl\":\"https:\/\/www.medicalz.com\/wp-content\/uploads\/2021\/06\/logo-1.png\",\"width\":400,\"height\":227,\"caption\":\"MedicalZ\"},\"image\":{\"@id\":\"https:\/\/www.medicalz.com\/fr\/#\/schema\/logo\/image\/\"},\"sameAs\":[\"https:\/\/www.facebook.com\/MedicalZFrance\/\",\"https:\/\/www.instagram.com\/medicalz_fr\/?hl=fr\",\"https:\/\/www.youtube.com\/channel\/UC7rGbkWBc15cA4pbHS99Vbg\"]}]}<\/script>\n<!-- \/ Yoast SEO plugin. -->","yoast_head_json":{"title":"Bureau de vente sur Paris","robots":{"index":"index","follow":"follow","max-snippet":"max-snippet:-1","max-image-preview":"max-image-preview:large","max-video-preview":"max-video-preview:-1"},"canonical":"https:\/\/www.medicalz.com\/fr\/bureau-de-paris\/","og_locale":"fr_FR","og_type":"article","og_title":"Bureau de vente sur Paris","og_description":"Venez nous rendre visite dans notre cabinet parisien: Nous vous accueillons dans nos bureaux parisiens, dans le respect des gestes barri\u00e8res. Nous avons le plaisir de vous accueillir dans nos locaux parisiens. Accompagn\u00e9 par St\u00e9phane, orthop\u00e9diste, profitez d\u2019un moment \u00e0 vous, pour prendre vos mesures, acheter ou commander nos produits ou m\u00eame pour un conseil\u00a0? [&hellip;]","og_url":"https:\/\/www.medicalz.com\/fr\/bureau-de-paris\/","og_site_name":"Medical Z","article_publisher":"https:\/\/www.facebook.com\/MedicalZFrance\/","article_modified_time":"2022-01-18T10:07:03+00:00","schema":{"@context":"https:\/\/schema.org","@graph":[{"@type":"WebPage","@id":"https:\/\/www.medicalz.com\/fr\/bureau-de-paris\/","url":"https:\/\/www.medicalz.com\/fr\/bureau-de-paris\/","name":"Bureau de vente sur Paris","isPartOf":{"@id":"https:\/\/www.medicalz.com\/fr\/#website"},"datePublished":"2021-07-21T19:26:19+00:00","dateModified":"2022-01-18T10:07:03+00:00","breadcrumb":{"@id":"https:\/\/www.medicalz.com\/fr\/bureau-de-paris\/#breadcrumb"},"inLanguage":"fr-FR","potentialAction":[{"@type":"ReadAction","target":["https:\/\/www.medicalz.com\/fr\/bureau-de-paris\/"]}]},{"@type":"BreadcrumbList","@id":"https:\/\/www.medicalz.com\/fr\/bureau-de-paris\/#breadcrumb","itemListElement":[{"@type":"ListItem","position":1,"name":"Principal","item":"https:\/\/www.medicalz.com\/fr\/accueil\/"},{"@type":"ListItem","position":2,"name":"Bureau de Paris"}]},{"@type":"WebSite","@id":"https:\/\/www.medicalz.com\/fr\/#website","url":"https:\/\/www.medicalz.com\/fr\/","name":"Medical Z","description":"Cr\u00e9ateur FRAN\u00c7AIS de v\u00eatements compressifs depuis 1981","publisher":{"@id":"https:\/\/www.medicalz.com\/fr\/#organization"},"potentialAction":[{"@type":"SearchAction","target":{"@type":"EntryPoint","urlTemplate":"https:\/\/www.medicalz.com\/fr\/?s={search_term_string}"},"query-input":{"@type":"PropertyValueSpecification","valueRequired":true,"valueName":"search_term_string"}}],"inLanguage":"fr-FR"},{"@type":"Organization","@id":"https:\/\/www.medicalz.com\/fr\/#organization","name":"MedicalZ","url":"https:\/\/www.medicalz.com\/fr\/","logo":{"@type":"ImageObject","inLanguage":"fr-FR","@id":"https:\/\/www.medicalz.com\/fr\/#\/schema\/logo\/image\/","url":"https:\/\/www.medicalz.com\/wp-content\/uploads\/2021\/06\/logo-1.png","contentUrl":"https:\/\/www.medicalz.com\/wp-content\/uploads\/2021\/06\/logo-1.png","width":400,"height":227,"caption":"MedicalZ"},"image":{"@id":"https:\/\/www.medicalz.com\/fr\/#\/schema\/logo\/image\/"},"sameAs":["https:\/\/www.facebook.com\/MedicalZFrance\/","https:\/\/www.instagram.com\/medicalz_fr\/?hl=fr","https:\/\/www.youtube.com\/channel\/UC7rGbkWBc15cA4pbHS99Vbg"]}]}},"_links":{"self":[{"href":"https:\/\/www.medicalz.com\/fr\/wp-json\/wp\/v2\/pages\/4226","targetHints":{"allow":["GET"]}}],"collection":[{"href":"https:\/\/www.medicalz.com\/fr\/wp-json\/wp\/v2\/pages"}],"about":[{"href":"https:\/\/www.medicalz.com\/fr\/wp-json\/wp\/v2\/types\/page"}],"author":[{"embeddable":true,"href":"https:\/\/www.medicalz.com\/fr\/wp-json\/wp\/v2\/users\/1"}],"replies":[{"embeddable":true,"href":"https:\/\/www.medicalz.com\/fr\/wp-json\/wp\/v2\/comments?post=4226"}],"version-history":[{"count":6,"href":"https:\/\/www.medicalz.com\/fr\/wp-json\/wp\/v2\/pages\/4226\/revisions"}],"predecessor-version":[{"id":14688,"href":"https:\/\/www.medicalz.com\/fr\/wp-json\/wp\/v2\/pages\/4226\/revisions\/14688"}],"wp:attachment":[{"href":"https:\/\/www.medicalz.com\/fr\/wp-json\/wp\/v2\/media?parent=4226"}],"curies":[{"name":"wp","href":"https:\/\/api.w.org\/{rel}","templated":true}]}}