{"id":7220,"date":"2021-09-06T16:00:59","date_gmt":"2021-09-06T14:00:59","guid":{"rendered":"https:\/\/www.medicalz.com\/?page_id=7220"},"modified":"2023-09-29T12:27:47","modified_gmt":"2023-09-29T10:27:47","slug":"ceinture-de-grossesse","status":"publish","type":"page","link":"https:\/\/www.medicalz.com\/fr\/ceinture-de-grossesse\/","title":{"rendered":"Ceinture de grossesse"},"content":{"rendered":"<p>[et_pb_section fb_built=\u00a0\u00bb1&Prime; _builder_version=\u00a0\u00bb4.16&Prime; _module_preset=\u00a0\u00bbdefault\u00a0\u00bb background_color=\u00a0\u00bbrgba(255,255,255,0.56)\u00a0\u00bb background_image=\u00a0\u00bbhttps:\/\/www.medicalz.com\/wp-content\/uploads\/2021\/08\/S031.png\u00a0\u00bb background_blend=\u00a0\u00bbsoft-light\u00a0\u00bb global_colors_info=\u00a0\u00bb{}\u00a0\u00bb][et_pb_row _builder_version=\u00a0\u00bb4.16&Prime; _module_preset=\u00a0\u00bbdefault\u00a0\u00bb background_color=\u00a0\u00bb#FFFFFF\u00a0\u00bb custom_padding=\u00a0\u00bb13px|10px|10px|10px|false|false\u00a0\u00bb global_colors_info=\u00a0\u00bb{}\u00a0\u00bb][et_pb_column type=\u00a0\u00bb4_4&Prime; _builder_version=\u00a0\u00bb4.16&Prime; _module_preset=\u00a0\u00bbdefault\u00a0\u00bb global_colors_info=\u00a0\u00bb{}\u00a0\u00bb][et_pb_text _builder_version=\u00a0\u00bb4.16&Prime; _module_preset=\u00a0\u00bbdefault\u00a0\u00bb global_colors_info=\u00a0\u00bb{}\u00a0\u00bb]<\/p>\n<h2>Ceinture de grossesse<\/h2>\n<p>[\/et_pb_text][et_pb_divider module_class=\u00a0\u00bbseparateur\u00a0\u00bb _builder_version=\u00a0\u00bb4.16&Prime; _module_preset=\u00a0\u00bbdefault\u00a0\u00bb global_colors_info=\u00a0\u00bb{}\u00a0\u00bb][\/et_pb_divider][et_pb_text _builder_version=\u00a0\u00bb4.16&Prime; _module_preset=\u00a0\u00bbdefault\u00a0\u00bb custom_margin=\u00a0\u00bb|30px||30px|false|false\u00a0\u00bb custom_margin_tablet=\u00a0\u00bb|30px||30px|false|false\u00a0\u00bb custom_margin_phone=\u00a0\u00bb|10px||10px|false|false\u00a0\u00bb custom_margin_last_edited=\u00a0\u00bbon|phone\u00a0\u00bb global_colors_info=\u00a0\u00bb{}\u00a0\u00bb]<\/p>\n<h3><span style=\"color: #178fcf;\">VOTRE TAILLE<\/span><\/h3>\n<h4><span><\/span><\/h4>\n<h4><span>Le port de la ceinture de soutien abdominal de Medical Z\u00ae est recommand\u00e9e d\u00e8s la 20\u00e8me semaine de grossesse<\/span><\/h4>\n<p><span><\/span><\/p>\n<table border=\"1\" style=\"border-collapse: collapse; width: 100%;\">\n<tbody>\n<tr>\n<td style=\"width: 50%; text-align: center;\"><strong>Tailles<\/strong><\/td>\n<td style=\"width: 50%; text-align: center;\"><strong>Bassin (cm)<\/strong><\/td>\n<\/tr>\n<tr>\n<td style=\"width: 50%; text-align: center;\">1<\/td>\n<td style=\"width: 50%; text-align: center;\">88 &#8211; 97<\/td>\n<\/tr>\n<tr>\n<td style=\"width: 50%; text-align: center;\">2<\/td>\n<td style=\"width: 50%; text-align: center;\">97 &#8211; 105<\/td>\n<\/tr>\n<tr>\n<td style=\"width: 50%; text-align: center;\">3<\/td>\n<td style=\"width: 50%; text-align: center;\">105 &#8211; 119<\/td>\n<\/tr>\n<tr>\n<td style=\"width: 50%; text-align: center;\">4<\/td>\n<td style=\"width: 50%; text-align: center;\">119 &#8211; 130<\/td>\n<\/tr>\n<\/tbody>\n<\/table>\n<p><span>Les tailles indiqu\u00e9es dans le tableau \u00e0 droite correspondent aux mesures d\u2019une patiente entrant dans le 2\u1d49 trimestre de sa grossesse. Afin de commander la bonne taille, il faut mesurer la circonf\u00e9rence de votre taille au niveau du fessier.<\/span><\/p>\n<p>Si la circonf\u00e9rence du bassin est plus proche de la taille sup\u00e9rieure disponible, il est pr\u00e9f\u00e9rable de commander cette taille.<br \/>Faites attention lorsque vous ajustez la ceinture de soutien abdominal. La compression utilis\u00e9e doit \u00eatre suffisante. Elle doit \u00e9galement laisser libre les mouvements des abdominaux (s\u2019il n\u2019y a aucune contre-indication, la compression doit \u00eatre comprise entre 17 et 20 mm Hg).<\/p>\n<p>Plus vous approchez du terme de la grossesse, il est recommand\u00e9 de desserrer la bande de soutien abdominal une fois par mois en descendant l\u2019attache de quelques centim\u00e8tres.<\/p>\n<p>Si vous avez un patient dont les mesures ne se trouvent pas dans le tableau ci-dessus ou qui n\u00e9cessite un traitement particulier, il est pr\u00e9f\u00e9rable de commander une ceinture de soutien abdominal sur mesure.<\/p>\n<p><span style=\"font-size: small;\"><strong>Pour toute question ou demande de renseignements compl\u00e9mentaires, n\u2019h\u00e9sitez pas \u00e0 nous joindre au +33 (0)2 47 71 33 33.<\/strong><\/span><\/p>\n<ul><\/ul>\n<p>&nbsp;<\/p>\n<p>[\/et_pb_text][\/et_pb_column][\/et_pb_row][et_pb_row column_structure=\u00a0\u00bb2_5,3_5&Prime; _builder_version=\u00a0\u00bb4.17.3&Prime; _module_preset=\u00a0\u00bbdefault\u00a0\u00bb background_color=\u00a0\u00bb#FFFFFF\u00a0\u00bb global_colors_info=\u00a0\u00bb{}\u00a0\u00bb][et_pb_column type=\u00a0\u00bb2_5&Prime; _builder_version=\u00a0\u00bb4.17.3&Prime; _module_preset=\u00a0\u00bbdefault\u00a0\u00bb global_colors_info=\u00a0\u00bb{}\u00a0\u00bb][et_pb_image src=\u00a0\u00bbhttps:\/\/www.medicalz.com\/wp-content\/uploads\/2021\/08\/ceinture_grosesse_noir2.png\u00a0\u00bb title_text=\u00a0\u00bbceinture_grossesse_noir2&Prime; _builder_version=\u00a0\u00bb4.21.0&Prime; _module_preset=\u00a0\u00bbdefault\u00a0\u00bb hover_enabled=\u00a0\u00bb0&Prime; global_colors_info=\u00a0\u00bb{}\u00a0\u00bb alt=\u00a0\u00bbCeinture de grossesse M\u00e9dical Z\u00a0\u00bb sticky_enabled=\u00a0\u00bb0&Prime;][\/et_pb_image][\/et_pb_column][et_pb_column type=\u00a0\u00bb3_5&Prime; _builder_version=\u00a0\u00bb4.17.3&Prime; _module_preset=\u00a0\u00bbdefault\u00a0\u00bb global_colors_info=\u00a0\u00bb{}\u00a0\u00bb][et_pb_text _builder_version=\u00a0\u00bb4.17.3&Prime; _module_preset=\u00a0\u00bbdefault\u00a0\u00bb custom_padding=\u00a0\u00bb||0px|||\u00a0\u00bb global_colors_info=\u00a0\u00bb{}\u00a0\u00bb]<\/p>\n<h3><span style=\"color: #178fcf;\">CARACT\u00c9RISTIQUES<\/p>\n<p><\/span><\/h3>\n<ul>\n<li><strong>Nos tissus sont utilis\u00e9s pour diff\u00e9rents traitements par compression<\/strong><span>\u00a0<\/span>(v\u00eatements compressifs sur mesure pour grands br\u00fbl\u00e9s et orth\u00e8ses compressives pour la chirurgie plastique). <strong>Tous nos tissus sont test\u00e9s pour v\u00e9rifier : <\/strong>\n<p><strong><\/strong><\/p>\n<\/li>\n<li>L\u2019\u00e9lasticit\u00e9<\/li>\n<li>Le d\u00e9gorgement des couleurs<\/li>\n<li>L\u2019usure dans le temps\n<p><strong>Pour conserver toutes les qualit\u00e9s de votre ceinture<\/strong>, il est recommand\u00e9 de la<span>\u00a0<\/span><span>laver \u00e0 la main \u00e0 l\u2019eau ti\u00e8de avec un savon naturel (type savon de Marseille).<\/span><\/li>\n<\/ul>\n<p>[\/et_pb_text][\/et_pb_column][\/et_pb_row][et_pb_row _builder_version=\u00a0\u00bb4.16&Prime; _module_preset=\u00a0\u00bbdefault\u00a0\u00bb background_color=\u00a0\u00bb#FFFFFF\u00a0\u00bb global_colors_info=\u00a0\u00bb{}\u00a0\u00bb][et_pb_column type=\u00a0\u00bb4_4&Prime; _builder_version=\u00a0\u00bb4.16&Prime; _module_preset=\u00a0\u00bbdefault\u00a0\u00bb global_colors_info=\u00a0\u00bb{}\u00a0\u00bb][et_pb_button button_url=\u00a0\u00bbhttps:\/\/www.medicalz.com\/produits\/ceinture-desoutien-abdominal\/\u00a0\u00bb url_new_window=\u00a0\u00bbon\u00a0\u00bb button_text=\u00a0\u00bbPourquoi porter une ceinture de grossesse\u00a0\u00bb button_alignment=\u00a0\u00bbcenter\u00a0\u00bb _builder_version=\u00a0\u00bb4.16&Prime; _module_preset=\u00a0\u00bbdefault\u00a0\u00bb custom_margin_tablet=\u00a0\u00bb\u00a0\u00bb custom_margin_phone=\u00a0\u00bb|10px||10px|false|false\u00a0\u00bb custom_margin_last_edited=\u00a0\u00bbon|phone\u00a0\u00bb global_colors_info=\u00a0\u00bb{}\u00a0\u00bb][\/et_pb_button][\/et_pb_column][\/et_pb_row][\/et_pb_section]<\/p>\n","protected":false},"excerpt":{"rendered":"<p>Ceinture de grossesseVOTRE TAILLE Le port de la ceinture de soutien abdominal de Medical Z\u00ae est recommand\u00e9e d\u00e8s la 20\u00e8me semaine de grossesse Tailles Bassin (cm) 1 88 &#8211; 97 2 97 &#8211; 105 3 105 &#8211; 119 4 119 &#8211; 130 Les tailles indiqu\u00e9es dans le tableau \u00e0 droite correspondent aux mesures d\u2019une patiente [&hellip;]<\/p>\n","protected":false},"author":4,"featured_media":0,"parent":0,"menu_order":0,"comment_status":"closed","ping_status":"closed","template":"","meta":{"_et_pb_use_builder":"on","_et_pb_old_content":"","_et_gb_content_width":"","footnotes":""},"class_list":["post-7220","page","type-page","status-publish","hentry"],"yoast_head":"<!-- This site is optimized with the Yoast SEO plugin v25.1 - https:\/\/yoast.com\/wordpress\/plugins\/seo\/ -->\n<title>Ceinture de grossesse<\/title>\n<meta name=\"description\" content=\"Ceinture de soutien abdominal M\u00e9dical Z, id\u00e9ale pour le 2e trimestre, soulage les douleurs de dos et du bassin.\" \/>\n<meta name=\"robots\" content=\"index, follow, max-snippet:-1, max-image-preview:large, max-video-preview:-1\" \/>\n<link rel=\"canonical\" href=\"https:\/\/www.medicalz.com\/fr\/ceinture-de-grossesse\/\" \/>\n<meta property=\"og:locale\" content=\"fr_FR\" \/>\n<meta property=\"og:type\" content=\"article\" \/>\n<meta property=\"og:title\" content=\"Ceinture de grossesse\" \/>\n<meta property=\"og:description\" content=\"Ceinture de soutien abdominal M\u00e9dical Z, id\u00e9ale pour le 2e trimestre, soulage les douleurs de dos et du bassin.\" \/>\n<meta property=\"og:url\" content=\"https:\/\/www.medicalz.com\/fr\/ceinture-de-grossesse\/\" \/>\n<meta property=\"og:site_name\" content=\"Medical Z\" \/>\n<meta property=\"article:publisher\" content=\"https:\/\/www.facebook.com\/MedicalZFrance\/\" \/>\n<meta property=\"article:modified_time\" content=\"2023-09-29T10:27:47+00:00\" \/>\n<script type=\"application\/ld+json\" class=\"yoast-schema-graph\">{\"@context\":\"https:\/\/schema.org\",\"@graph\":[{\"@type\":\"WebPage\",\"@id\":\"https:\/\/www.medicalz.com\/fr\/ceinture-de-grossesse\/\",\"url\":\"https:\/\/www.medicalz.com\/fr\/ceinture-de-grossesse\/\",\"name\":\"Ceinture de grossesse\",\"isPartOf\":{\"@id\":\"https:\/\/www.medicalz.com\/fr\/#website\"},\"datePublished\":\"2021-09-06T14:00:59+00:00\",\"dateModified\":\"2023-09-29T10:27:47+00:00\",\"description\":\"Ceinture de soutien abdominal M\u00e9dical Z, id\u00e9ale pour le 2e trimestre, soulage les douleurs de dos et du bassin.\",\"breadcrumb\":{\"@id\":\"https:\/\/www.medicalz.com\/fr\/ceinture-de-grossesse\/#breadcrumb\"},\"inLanguage\":\"fr-FR\",\"potentialAction\":[{\"@type\":\"ReadAction\",\"target\":[\"https:\/\/www.medicalz.com\/fr\/ceinture-de-grossesse\/\"]}]},{\"@type\":\"BreadcrumbList\",\"@id\":\"https:\/\/www.medicalz.com\/fr\/ceinture-de-grossesse\/#breadcrumb\",\"itemListElement\":[{\"@type\":\"ListItem\",\"position\":1,\"name\":\"Principal\",\"item\":\"https:\/\/www.medicalz.com\/fr\/accueil\/\"},{\"@type\":\"ListItem\",\"position\":2,\"name\":\"Ceinture de grossesse\"}]},{\"@type\":\"WebSite\",\"@id\":\"https:\/\/www.medicalz.com\/fr\/#website\",\"url\":\"https:\/\/www.medicalz.com\/fr\/\",\"name\":\"Medical Z\",\"description\":\"Cr\u00e9ateur FRAN\u00c7AIS de v\u00eatements compressifs depuis 1981\",\"publisher\":{\"@id\":\"https:\/\/www.medicalz.com\/fr\/#organization\"},\"potentialAction\":[{\"@type\":\"SearchAction\",\"target\":{\"@type\":\"EntryPoint\",\"urlTemplate\":\"https:\/\/www.medicalz.com\/fr\/?s={search_term_string}\"},\"query-input\":{\"@type\":\"PropertyValueSpecification\",\"valueRequired\":true,\"valueName\":\"search_term_string\"}}],\"inLanguage\":\"fr-FR\"},{\"@type\":\"Organization\",\"@id\":\"https:\/\/www.medicalz.com\/fr\/#organization\",\"name\":\"MedicalZ\",\"url\":\"https:\/\/www.medicalz.com\/fr\/\",\"logo\":{\"@type\":\"ImageObject\",\"inLanguage\":\"fr-FR\",\"@id\":\"https:\/\/www.medicalz.com\/fr\/#\/schema\/logo\/image\/\",\"url\":\"https:\/\/www.medicalz.com\/wp-content\/uploads\/2021\/06\/logo-1.png\",\"contentUrl\":\"https:\/\/www.medicalz.com\/wp-content\/uploads\/2021\/06\/logo-1.png\",\"width\":400,\"height\":227,\"caption\":\"MedicalZ\"},\"image\":{\"@id\":\"https:\/\/www.medicalz.com\/fr\/#\/schema\/logo\/image\/\"},\"sameAs\":[\"https:\/\/www.facebook.com\/MedicalZFrance\/\",\"https:\/\/www.instagram.com\/medicalz_fr\/?hl=fr\",\"https:\/\/www.youtube.com\/channel\/UC7rGbkWBc15cA4pbHS99Vbg\"]}]}<\/script>\n<!-- \/ Yoast SEO plugin. -->","yoast_head_json":{"title":"Ceinture de grossesse","description":"Ceinture de soutien abdominal M\u00e9dical Z, id\u00e9ale pour le 2e trimestre, soulage les douleurs de dos et du bassin.","robots":{"index":"index","follow":"follow","max-snippet":"max-snippet:-1","max-image-preview":"max-image-preview:large","max-video-preview":"max-video-preview:-1"},"canonical":"https:\/\/www.medicalz.com\/fr\/ceinture-de-grossesse\/","og_locale":"fr_FR","og_type":"article","og_title":"Ceinture de grossesse","og_description":"Ceinture de soutien abdominal M\u00e9dical Z, id\u00e9ale pour le 2e trimestre, soulage les douleurs de dos et du bassin.","og_url":"https:\/\/www.medicalz.com\/fr\/ceinture-de-grossesse\/","og_site_name":"Medical Z","article_publisher":"https:\/\/www.facebook.com\/MedicalZFrance\/","article_modified_time":"2023-09-29T10:27:47+00:00","schema":{"@context":"https:\/\/schema.org","@graph":[{"@type":"WebPage","@id":"https:\/\/www.medicalz.com\/fr\/ceinture-de-grossesse\/","url":"https:\/\/www.medicalz.com\/fr\/ceinture-de-grossesse\/","name":"Ceinture de grossesse","isPartOf":{"@id":"https:\/\/www.medicalz.com\/fr\/#website"},"datePublished":"2021-09-06T14:00:59+00:00","dateModified":"2023-09-29T10:27:47+00:00","description":"Ceinture de soutien abdominal M\u00e9dical Z, id\u00e9ale pour le 2e trimestre, soulage les douleurs de dos et du bassin.","breadcrumb":{"@id":"https:\/\/www.medicalz.com\/fr\/ceinture-de-grossesse\/#breadcrumb"},"inLanguage":"fr-FR","potentialAction":[{"@type":"ReadAction","target":["https:\/\/www.medicalz.com\/fr\/ceinture-de-grossesse\/"]}]},{"@type":"BreadcrumbList","@id":"https:\/\/www.medicalz.com\/fr\/ceinture-de-grossesse\/#breadcrumb","itemListElement":[{"@type":"ListItem","position":1,"name":"Principal","item":"https:\/\/www.medicalz.com\/fr\/accueil\/"},{"@type":"ListItem","position":2,"name":"Ceinture de grossesse"}]},{"@type":"WebSite","@id":"https:\/\/www.medicalz.com\/fr\/#website","url":"https:\/\/www.medicalz.com\/fr\/","name":"Medical Z","description":"Cr\u00e9ateur FRAN\u00c7AIS de v\u00eatements compressifs depuis 1981","publisher":{"@id":"https:\/\/www.medicalz.com\/fr\/#organization"},"potentialAction":[{"@type":"SearchAction","target":{"@type":"EntryPoint","urlTemplate":"https:\/\/www.medicalz.com\/fr\/?s={search_term_string}"},"query-input":{"@type":"PropertyValueSpecification","valueRequired":true,"valueName":"search_term_string"}}],"inLanguage":"fr-FR"},{"@type":"Organization","@id":"https:\/\/www.medicalz.com\/fr\/#organization","name":"MedicalZ","url":"https:\/\/www.medicalz.com\/fr\/","logo":{"@type":"ImageObject","inLanguage":"fr-FR","@id":"https:\/\/www.medicalz.com\/fr\/#\/schema\/logo\/image\/","url":"https:\/\/www.medicalz.com\/wp-content\/uploads\/2021\/06\/logo-1.png","contentUrl":"https:\/\/www.medicalz.com\/wp-content\/uploads\/2021\/06\/logo-1.png","width":400,"height":227,"caption":"MedicalZ"},"image":{"@id":"https:\/\/www.medicalz.com\/fr\/#\/schema\/logo\/image\/"},"sameAs":["https:\/\/www.facebook.com\/MedicalZFrance\/","https:\/\/www.instagram.com\/medicalz_fr\/?hl=fr","https:\/\/www.youtube.com\/channel\/UC7rGbkWBc15cA4pbHS99Vbg"]}]}},"_links":{"self":[{"href":"https:\/\/www.medicalz.com\/fr\/wp-json\/wp\/v2\/pages\/7220","targetHints":{"allow":["GET"]}}],"collection":[{"href":"https:\/\/www.medicalz.com\/fr\/wp-json\/wp\/v2\/pages"}],"about":[{"href":"https:\/\/www.medicalz.com\/fr\/wp-json\/wp\/v2\/types\/page"}],"author":[{"embeddable":true,"href":"https:\/\/www.medicalz.com\/fr\/wp-json\/wp\/v2\/users\/4"}],"replies":[{"embeddable":true,"href":"https:\/\/www.medicalz.com\/fr\/wp-json\/wp\/v2\/comments?post=7220"}],"version-history":[{"count":16,"href":"https:\/\/www.medicalz.com\/fr\/wp-json\/wp\/v2\/pages\/7220\/revisions"}],"predecessor-version":[{"id":18493,"href":"https:\/\/www.medicalz.com\/fr\/wp-json\/wp\/v2\/pages\/7220\/revisions\/18493"}],"wp:attachment":[{"href":"https:\/\/www.medicalz.com\/fr\/wp-json\/wp\/v2\/media?parent=7220"}],"curies":[{"name":"wp","href":"https:\/\/api.w.org\/{rel}","templated":true}]}}