{"id":7302,"date":"2021-09-08T15:07:59","date_gmt":"2021-09-08T13:07:59","guid":{"rendered":"https:\/\/www.medicalz.com\/?page_id=7302"},"modified":"2025-09-04T17:28:05","modified_gmt":"2025-09-04T15:28:05","slug":"les-cicatrices","status":"publish","type":"page","link":"https:\/\/www.medicalz.com\/fr\/les-cicatrices\/","title":{"rendered":"Les cicatrices"},"content":{"rendered":"<p>[et_pb_section fb_built=\u00a0\u00bb1&Prime; _builder_version=\u00a0\u00bb4.27.4&Prime; _module_preset=\u00a0\u00bbdefault\u00a0\u00bb background_color=\u00a0\u00bbrgba(255,255,255,0.56)\u00a0\u00bb background_blend=\u00a0\u00bbsoft-light\u00a0\u00bb hover_enabled=\u00a0\u00bb0&Prime; global_colors_info=\u00a0\u00bb{}\u00a0\u00bb background_enable_image=\u00a0\u00bboff\u00a0\u00bb sticky_enabled=\u00a0\u00bb0&Prime;][et_pb_row _builder_version=\u00a0\u00bb4.16&Prime; _module_preset=\u00a0\u00bbdefault\u00a0\u00bb background_color=\u00a0\u00bb#FFFFFF\u00a0\u00bb custom_padding=\u00a0\u00bb13px|10px|10px|10px|false|false\u00a0\u00bb global_colors_info=\u00a0\u00bb{}\u00a0\u00bb][et_pb_column type=\u00a0\u00bb4_4&Prime; _builder_version=\u00a0\u00bb4.16&Prime; _module_preset=\u00a0\u00bbdefault\u00a0\u00bb global_colors_info=\u00a0\u00bb{}\u00a0\u00bb][et_pb_text _builder_version=\u00a0\u00bb4.16&Prime; _module_preset=\u00a0\u00bbdefault\u00a0\u00bb global_colors_info=\u00a0\u00bb{}\u00a0\u00bb]<\/p>\n<h2>LES CICATRICES, C\u2019EST QUOI ?<\/h2>\n<p>[\/et_pb_text][et_pb_divider module_class=\u00a0\u00bbseparateur\u00a0\u00bb _builder_version=\u00a0\u00bb4.16&Prime; _module_preset=\u00a0\u00bbdefault\u00a0\u00bb global_colors_info=\u00a0\u00bb{}\u00a0\u00bb][\/et_pb_divider][et_pb_text admin_label=\u00a0\u00bbTexte\u00a0\u00bb _builder_version=\u00a0\u00bb4.16&Prime; _module_preset=\u00a0\u00bbdefault\u00a0\u00bb custom_margin=\u00a0\u00bb||||false|false\u00a0\u00bb custom_padding=\u00a0\u00bb|30px||30px|false|false\u00a0\u00bb custom_padding_tablet=\u00a0\u00bb|30px||30px|false|false\u00a0\u00bb custom_padding_phone=\u00a0\u00bb|10px||10px|false|false\u00a0\u00bb custom_padding_last_edited=\u00a0\u00bbon|phone\u00a0\u00bb global_colors_info=\u00a0\u00bb{}\u00a0\u00bb]<\/p>\n<p>La<span>\u00a0<\/span><strong>cicatrisation<\/strong><span>\u00a0<\/span>est un<span>\u00a0<\/span><strong>processus qui permet \u00e0 une plaie de gu\u00e9rir gr\u00e2ce \u00e0 la r\u00e9g\u00e9n\u00e9ration cellulaire<\/strong>. Cette<span>\u00a0<\/span><strong>formation de<\/strong><span>\u00a0<\/span><strong>tissus cicatriciels<\/strong><span>\u00a0<\/span>est<span>\u00a0<\/span><strong>normale<\/strong><span>\u00a0<\/span>\u00e0 la suite d\u2019une intervention chirurgicale.<\/p>\n<p><strong>La dur\u00e9e de ce processus varie<\/strong><span>\u00a0<\/span>en fonction de nombreux facteurs, en particulier des personnes ou encore de la zone l\u00e9s\u00e9e (le tabac peut \u00eatre un facteur important de ralentissement de la cicatrisation par exemple). La plupart du temps, il faut compter<span>\u00a0<\/span><strong>entre 9 et 12 mois pour un r\u00e9sultat final<\/strong><span>\u00a0<\/span>mais cela peut \u00eatre plus long. C\u2019est pourquoi, il est particuli\u00e8rement important d\u2019<strong>utiliser les bons produits<\/strong><span>\u00a0<\/span>lors de cette phase pour assurer une<span>\u00a0<\/span><strong>cicatrisation saine<\/strong>.<\/p>\n<p>La cicatrisation se fait en<span>\u00a0<\/span><strong>3 \u00e9tapes<\/strong>. La<span>\u00a0<\/span><strong>coagulation sanguine<\/strong><span>\u00a0<\/span>arr\u00eate le saignement de la plaie. Peut alors commencer la<span>\u00a0<\/span><strong>production de collag\u00e8ne<\/strong><span>\u00a0<\/span>qui va permettre la<span>\u00a0<\/span><strong>production d\u2019un nouveau tissu \u00e9pidermique<\/strong>.<\/p>\n<p>Sans complication, on obtient une<span>\u00a0<\/span><strong>cicatrice invisible et plate<\/strong><span>\u00a0<\/span>appel\u00e9e \u00ab\u00a0<strong>cicatrice mature<\/strong>\u00a0\u00bb. Pour cela, il est important de respecter certaines conditions comme \u00e9viter l\u2019exposition au soleil ou encore le tabac.<\/p>\n<p>La cicatrisation reste toutefois un<span>\u00a0<\/span><strong>ph\u00e9nom\u00e8ne impr\u00e9visible<\/strong><span>\u00a0<\/span>pouvant mener \u00e0 des r\u00e9sultats finaux non d\u00e9sir\u00e9s tels que des<span>\u00a0<\/span><strong>cicatrices hypertrophiques ou ch\u00e9lo\u00efdes<\/strong>.<\/p>\n<p>Il est donc crucial de suivre un<span>\u00a0<\/span><strong>plan de gestion des cicatrices apr\u00e8s une intervention<\/strong><span>\u00a0<\/span>pour<span>\u00a0<\/span><strong>obtenir le meilleur r\u00e9sultat possible<\/strong>. Maintenir la<span>\u00a0<\/span><strong>plaie propre et saine<\/strong><span>\u00a0<\/span>lors de la phase initiale de cicatrisation est important. Une fois la<span>\u00a0<\/span><strong>plaie referm\u00e9e et s\u00e8che<\/strong>, l\u2019utilisation d\u2019un<span>\u00a0<\/span><strong>gel de traitement tels que M\u00e9digel Z\u00ae et M\u00e9dipatch Gel Z\u00ae<\/strong> peut r\u00e9duire le risque de formation de ces cicatrices hypertrophique.<\/p>\n<p>Les<span>\u00a0<\/span><strong>cicatrices ch\u00e9lo\u00efdes<\/strong><span>\u00a0<\/span>sont le r\u00e9sultat d\u2019une excroissance de la cicatrice autour de la plaie notamment due \u00e0 une<span>\u00a0<\/span><strong>surproduction de collag\u00e8ne<\/strong>. G\u00e9n\u00e9ralement rouges et disgracieuses, elles peuvent \u00eatre douloureuses et causer d\u00e9mangeaisons et irritations. La formation de ces cicatrices n\u2019affecte pas la sant\u00e9 g\u00e9n\u00e9rale du patient. Une fois form\u00e9es, les cicatrices ch\u00e9lo\u00efdes peuvent r\u00e9sister au traitement.<\/p>\n<p>&nbsp;<\/p>\n<p>[\/et_pb_text][et_pb_button button_url=\u00a0\u00bbhttps:\/\/www.medicalz.com\/gels-cicatrisants\/\u00a0\u00bb url_new_window=\u00a0\u00bbon\u00a0\u00bb button_text=\u00a0\u00bbD\u00c9COUVREZ LES BIENFAITS DU M\u00c9DIGEL Z\u00ae POUR SOIGNER VOS CICATRICES\u00a0\u00bb button_alignment=\u00a0\u00bbcenter\u00a0\u00bb _builder_version=\u00a0\u00bb4.16&Prime; _module_preset=\u00a0\u00bbdefault\u00a0\u00bb scroll_fade_enable=\u00a0\u00bbon\u00a0\u00bb scroll_fade=\u00a0\u00bb0|53|53|63|0|100|100&Prime; global_colors_info=\u00a0\u00bb{}\u00a0\u00bb][\/et_pb_button][et_pb_text _builder_version=\u00a0\u00bb4.16&Prime; _module_preset=\u00a0\u00bbdefault\u00a0\u00bb min_height=\u00a0\u00bb27px\u00a0\u00bb custom_margin=\u00a0\u00bb80px|||||\u00a0\u00bb custom_padding=\u00a0\u00bb1px|30px||30px|false|false\u00a0\u00bb scroll_horizontal_motion=\u00a0\u00bb0|52|52|100|4|0|-4&Prime; scroll_scaling=\u00a0\u00bb0|50|52|100|70|100|100&Prime; scroll_blur_enable=\u00a0\u00bbon\u00a0\u00bb scroll_blur=\u00a0\u00bb0|29|45|100|10|0|0&Prime; global_colors_info=\u00a0\u00bb{}\u00a0\u00bb]<\/p>\n<p>La<span>\u00a0<\/span><strong>technologie M\u00e9digel Z\u00ae<\/strong>\u00a0combine les<span>\u00a0<\/span><strong>copolym\u00e8res triblocs \u00e0 l\u2019huile min\u00e9rale de classe H1<\/strong><span>\u00a0<\/span>pour permettre l\u2019<strong>\u00e9lasticit\u00e9 de la peau<\/strong><span>\u00a0<\/span>et<span>\u00a0<\/span><strong>emp\u00eacher les irritations de la zone de la cicatrice<\/strong>. Disponible sous forme de gel, de feuilles transparentes ou de feuilles recouvertes de tissu synth\u00e9tique. Les produits sont<span>\u00a0<\/span><strong>hypoallerg\u00e9niques<\/strong><span>\u00a0<\/span>et<span>\u00a0<\/span><strong>extensibles<\/strong><span>\u00a0<\/span>pour<span>\u00a0<\/span><strong>accompagner les mouvements du patient<\/strong><span>\u00a0<\/span>et peuvent \u00eatre d\u00e9coup\u00e9s<span>\u00a0<\/span><strong>sur-mesure<\/strong><span>\u00a0<\/span><strong>en fonction de la cicatrice<\/strong>.<\/p>\n<p>&nbsp;<\/p>\n<p>&nbsp;<\/p>\n<p>[\/et_pb_text][et_pb_image src=\u00a0\u00bbhttps:\/\/www.medicalz.com\/wp-content\/uploads\/2021\/10\/patchwork_gel.png\u00a0\u00bb title_text=\u00a0\u00bbpatchwork_gel\u00a0\u00bb _builder_version=\u00a0\u00bb4.16&Prime; _module_preset=\u00a0\u00bbdefault\u00a0\u00bb scroll_fade_enable=\u00a0\u00bbon\u00a0\u00bb scroll_fade=\u00a0\u00bb1|43|43|94|28%|100|100%\u00a0\u00bb global_colors_info=\u00a0\u00bb{}\u00a0\u00bb][\/et_pb_image][\/et_pb_column][\/et_pb_row][\/et_pb_section]<\/p>\n","protected":false},"excerpt":{"rendered":"<p>LES CICATRICES, C\u2019EST QUOI ?La\u00a0cicatrisation\u00a0est un\u00a0processus qui permet \u00e0 une plaie de gu\u00e9rir gr\u00e2ce \u00e0 la r\u00e9g\u00e9n\u00e9ration cellulaire. Cette\u00a0formation de\u00a0tissus cicatriciels\u00a0est\u00a0normale\u00a0\u00e0 la suite d\u2019une intervention chirurgicale. La dur\u00e9e de ce processus varie\u00a0en fonction de nombreux facteurs, en particulier des personnes ou encore de la zone l\u00e9s\u00e9e (le tabac peut \u00eatre un facteur important de ralentissement [&hellip;]<\/p>\n","protected":false},"author":4,"featured_media":0,"parent":0,"menu_order":0,"comment_status":"closed","ping_status":"closed","template":"","meta":{"_et_pb_use_builder":"on","_et_pb_old_content":"","_et_gb_content_width":"","footnotes":""},"class_list":["post-7302","page","type-page","status-publish","hentry"],"yoast_head":"<!-- This site is optimized with the Yoast SEO plugin v25.1 - https:\/\/yoast.com\/wordpress\/plugins\/seo\/ -->\n<title>Les cicatrices<\/title>\n<meta name=\"description\" content=\"Une fois la plaie referm\u00e9e et s\u00e8che, l\u2019utilisation du M\u00e9digel Z\u00ae et M\u00e9dipatch Gel Z\u00ae peut r\u00e9duire le risque de formation de ces cicatrices hypertrophiques\" \/>\n<meta name=\"robots\" content=\"index, follow, max-snippet:-1, max-image-preview:large, max-video-preview:-1\" \/>\n<link rel=\"canonical\" href=\"https:\/\/www.medicalz.com\/fr\/les-cicatrices\/\" \/>\n<meta property=\"og:locale\" content=\"fr_FR\" \/>\n<meta property=\"og:type\" content=\"article\" \/>\n<meta property=\"og:title\" content=\"Les cicatrices\" \/>\n<meta property=\"og:description\" content=\"Une fois la plaie referm\u00e9e et s\u00e8che, l\u2019utilisation du M\u00e9digel Z\u00ae et M\u00e9dipatch Gel Z\u00ae peut r\u00e9duire le risque de formation de ces cicatrices hypertrophiques\" \/>\n<meta property=\"og:url\" content=\"https:\/\/www.medicalz.com\/fr\/les-cicatrices\/\" \/>\n<meta property=\"og:site_name\" content=\"Medical Z\" \/>\n<meta property=\"article:publisher\" content=\"https:\/\/www.facebook.com\/MedicalZFrance\/\" \/>\n<meta property=\"article:modified_time\" content=\"2025-09-04T15:28:05+00:00\" \/>\n<script type=\"application\/ld+json\" class=\"yoast-schema-graph\">{\"@context\":\"https:\/\/schema.org\",\"@graph\":[{\"@type\":\"WebPage\",\"@id\":\"https:\/\/www.medicalz.com\/fr\/les-cicatrices\/\",\"url\":\"https:\/\/www.medicalz.com\/fr\/les-cicatrices\/\",\"name\":\"Les cicatrices\",\"isPartOf\":{\"@id\":\"https:\/\/www.medicalz.com\/fr\/#website\"},\"datePublished\":\"2021-09-08T13:07:59+00:00\",\"dateModified\":\"2025-09-04T15:28:05+00:00\",\"description\":\"Une fois la plaie referm\u00e9e et s\u00e8che, l\u2019utilisation du M\u00e9digel Z\u00ae et M\u00e9dipatch Gel Z\u00ae peut r\u00e9duire le risque de formation de ces cicatrices hypertrophiques\",\"breadcrumb\":{\"@id\":\"https:\/\/www.medicalz.com\/fr\/les-cicatrices\/#breadcrumb\"},\"inLanguage\":\"fr-FR\",\"potentialAction\":[{\"@type\":\"ReadAction\",\"target\":[\"https:\/\/www.medicalz.com\/fr\/les-cicatrices\/\"]}]},{\"@type\":\"BreadcrumbList\",\"@id\":\"https:\/\/www.medicalz.com\/fr\/les-cicatrices\/#breadcrumb\",\"itemListElement\":[{\"@type\":\"ListItem\",\"position\":1,\"name\":\"Principal\",\"item\":\"https:\/\/www.medicalz.com\/fr\/accueil\/\"},{\"@type\":\"ListItem\",\"position\":2,\"name\":\"Les cicatrices\"}]},{\"@type\":\"WebSite\",\"@id\":\"https:\/\/www.medicalz.com\/fr\/#website\",\"url\":\"https:\/\/www.medicalz.com\/fr\/\",\"name\":\"Medical Z\",\"description\":\"Cr\u00e9ateur FRAN\u00c7AIS de v\u00eatements compressifs depuis 1981\",\"publisher\":{\"@id\":\"https:\/\/www.medicalz.com\/fr\/#organization\"},\"potentialAction\":[{\"@type\":\"SearchAction\",\"target\":{\"@type\":\"EntryPoint\",\"urlTemplate\":\"https:\/\/www.medicalz.com\/fr\/?s={search_term_string}\"},\"query-input\":{\"@type\":\"PropertyValueSpecification\",\"valueRequired\":true,\"valueName\":\"search_term_string\"}}],\"inLanguage\":\"fr-FR\"},{\"@type\":\"Organization\",\"@id\":\"https:\/\/www.medicalz.com\/fr\/#organization\",\"name\":\"MedicalZ\",\"url\":\"https:\/\/www.medicalz.com\/fr\/\",\"logo\":{\"@type\":\"ImageObject\",\"inLanguage\":\"fr-FR\",\"@id\":\"https:\/\/www.medicalz.com\/fr\/#\/schema\/logo\/image\/\",\"url\":\"https:\/\/www.medicalz.com\/wp-content\/uploads\/2021\/06\/logo-1.png\",\"contentUrl\":\"https:\/\/www.medicalz.com\/wp-content\/uploads\/2021\/06\/logo-1.png\",\"width\":400,\"height\":227,\"caption\":\"MedicalZ\"},\"image\":{\"@id\":\"https:\/\/www.medicalz.com\/fr\/#\/schema\/logo\/image\/\"},\"sameAs\":[\"https:\/\/www.facebook.com\/MedicalZFrance\/\",\"https:\/\/www.instagram.com\/medicalz_fr\/?hl=fr\",\"https:\/\/www.youtube.com\/channel\/UC7rGbkWBc15cA4pbHS99Vbg\"]}]}<\/script>\n<!-- \/ Yoast SEO plugin. -->","yoast_head_json":{"title":"Les cicatrices","description":"Une fois la plaie referm\u00e9e et s\u00e8che, l\u2019utilisation du M\u00e9digel Z\u00ae et M\u00e9dipatch Gel Z\u00ae peut r\u00e9duire le risque de formation de ces cicatrices hypertrophiques","robots":{"index":"index","follow":"follow","max-snippet":"max-snippet:-1","max-image-preview":"max-image-preview:large","max-video-preview":"max-video-preview:-1"},"canonical":"https:\/\/www.medicalz.com\/fr\/les-cicatrices\/","og_locale":"fr_FR","og_type":"article","og_title":"Les cicatrices","og_description":"Une fois la plaie referm\u00e9e et s\u00e8che, l\u2019utilisation du M\u00e9digel Z\u00ae et M\u00e9dipatch Gel Z\u00ae peut r\u00e9duire le risque de formation de ces cicatrices hypertrophiques","og_url":"https:\/\/www.medicalz.com\/fr\/les-cicatrices\/","og_site_name":"Medical Z","article_publisher":"https:\/\/www.facebook.com\/MedicalZFrance\/","article_modified_time":"2025-09-04T15:28:05+00:00","schema":{"@context":"https:\/\/schema.org","@graph":[{"@type":"WebPage","@id":"https:\/\/www.medicalz.com\/fr\/les-cicatrices\/","url":"https:\/\/www.medicalz.com\/fr\/les-cicatrices\/","name":"Les cicatrices","isPartOf":{"@id":"https:\/\/www.medicalz.com\/fr\/#website"},"datePublished":"2021-09-08T13:07:59+00:00","dateModified":"2025-09-04T15:28:05+00:00","description":"Une fois la plaie referm\u00e9e et s\u00e8che, l\u2019utilisation du M\u00e9digel Z\u00ae et M\u00e9dipatch Gel Z\u00ae peut r\u00e9duire le risque de formation de ces cicatrices hypertrophiques","breadcrumb":{"@id":"https:\/\/www.medicalz.com\/fr\/les-cicatrices\/#breadcrumb"},"inLanguage":"fr-FR","potentialAction":[{"@type":"ReadAction","target":["https:\/\/www.medicalz.com\/fr\/les-cicatrices\/"]}]},{"@type":"BreadcrumbList","@id":"https:\/\/www.medicalz.com\/fr\/les-cicatrices\/#breadcrumb","itemListElement":[{"@type":"ListItem","position":1,"name":"Principal","item":"https:\/\/www.medicalz.com\/fr\/accueil\/"},{"@type":"ListItem","position":2,"name":"Les cicatrices"}]},{"@type":"WebSite","@id":"https:\/\/www.medicalz.com\/fr\/#website","url":"https:\/\/www.medicalz.com\/fr\/","name":"Medical Z","description":"Cr\u00e9ateur FRAN\u00c7AIS de v\u00eatements compressifs depuis 1981","publisher":{"@id":"https:\/\/www.medicalz.com\/fr\/#organization"},"potentialAction":[{"@type":"SearchAction","target":{"@type":"EntryPoint","urlTemplate":"https:\/\/www.medicalz.com\/fr\/?s={search_term_string}"},"query-input":{"@type":"PropertyValueSpecification","valueRequired":true,"valueName":"search_term_string"}}],"inLanguage":"fr-FR"},{"@type":"Organization","@id":"https:\/\/www.medicalz.com\/fr\/#organization","name":"MedicalZ","url":"https:\/\/www.medicalz.com\/fr\/","logo":{"@type":"ImageObject","inLanguage":"fr-FR","@id":"https:\/\/www.medicalz.com\/fr\/#\/schema\/logo\/image\/","url":"https:\/\/www.medicalz.com\/wp-content\/uploads\/2021\/06\/logo-1.png","contentUrl":"https:\/\/www.medicalz.com\/wp-content\/uploads\/2021\/06\/logo-1.png","width":400,"height":227,"caption":"MedicalZ"},"image":{"@id":"https:\/\/www.medicalz.com\/fr\/#\/schema\/logo\/image\/"},"sameAs":["https:\/\/www.facebook.com\/MedicalZFrance\/","https:\/\/www.instagram.com\/medicalz_fr\/?hl=fr","https:\/\/www.youtube.com\/channel\/UC7rGbkWBc15cA4pbHS99Vbg"]}]}},"_links":{"self":[{"href":"https:\/\/www.medicalz.com\/fr\/wp-json\/wp\/v2\/pages\/7302","targetHints":{"allow":["GET"]}}],"collection":[{"href":"https:\/\/www.medicalz.com\/fr\/wp-json\/wp\/v2\/pages"}],"about":[{"href":"https:\/\/www.medicalz.com\/fr\/wp-json\/wp\/v2\/types\/page"}],"author":[{"embeddable":true,"href":"https:\/\/www.medicalz.com\/fr\/wp-json\/wp\/v2\/users\/4"}],"replies":[{"embeddable":true,"href":"https:\/\/www.medicalz.com\/fr\/wp-json\/wp\/v2\/comments?post=7302"}],"version-history":[{"count":14,"href":"https:\/\/www.medicalz.com\/fr\/wp-json\/wp\/v2\/pages\/7302\/revisions"}],"predecessor-version":[{"id":21334,"href":"https:\/\/www.medicalz.com\/fr\/wp-json\/wp\/v2\/pages\/7302\/revisions\/21334"}],"wp:attachment":[{"href":"https:\/\/www.medicalz.com\/fr\/wp-json\/wp\/v2\/media?parent=7302"}],"curies":[{"name":"wp","href":"https:\/\/api.w.org\/{rel}","templated":true}]}}