{"id":7307,"date":"2021-09-08T15:13:36","date_gmt":"2021-09-08T13:13:36","guid":{"rendered":"https:\/\/www.medicalz.com\/?page_id=7307"},"modified":"2022-04-13T17:15:46","modified_gmt":"2022-04-13T15:15:46","slug":"7307-2","status":"publish","type":"page","link":"https:\/\/www.medicalz.com\/fr\/7307-2\/","title":{"rendered":"Quoi quand comment"},"content":{"rendered":"<p>[et_pb_section fb_built=\u00a0\u00bb1&Prime; _builder_version=\u00a0\u00bb4.16&Prime; _module_preset=\u00a0\u00bbdefault\u00a0\u00bb background_color=\u00a0\u00bbrgba(255,255,255,0.75)\u00a0\u00bb background_image=\u00a0\u00bbhttps:\/\/www.medicalz.com\/wp-content\/uploads\/2021\/08\/EC014-1.png\u00a0\u00bb background_size=\u00a0\u00bbinitial\u00a0\u00bb background_blend=\u00a0\u00bbsoft-light\u00a0\u00bb global_colors_info=\u00a0\u00bb{}\u00a0\u00bb][et_pb_row _builder_version=\u00a0\u00bb4.16&Prime; _module_preset=\u00a0\u00bbdefault\u00a0\u00bb background_color=\u00a0\u00bb#FFFFFF\u00a0\u00bb custom_padding=\u00a0\u00bb13px|||||\u00a0\u00bb global_colors_info=\u00a0\u00bb{}\u00a0\u00bb][et_pb_column type=\u00a0\u00bb4_4&Prime; _builder_version=\u00a0\u00bb4.16&Prime; _module_preset=\u00a0\u00bbdefault\u00a0\u00bb global_colors_info=\u00a0\u00bb{}\u00a0\u00bb][et_pb_text _builder_version=\u00a0\u00bb4.16&Prime; _module_preset=\u00a0\u00bbdefault\u00a0\u00bb custom_padding=\u00a0\u00bb1px|30px||30px|false|false\u00a0\u00bb global_colors_info=\u00a0\u00bb{}\u00a0\u00bb]<\/p>\n<h2 class=\"p1\"><b>QUOI, QUAND, COMMENT ?<\/b><\/h2>\n<p>[\/et_pb_text][et_pb_divider module_class=\u00a0\u00bbseparateur\u00a0\u00bb _builder_version=\u00a0\u00bb4.16&Prime; _module_preset=\u00a0\u00bbdefault\u00a0\u00bb global_colors_info=\u00a0\u00bb{}\u00a0\u00bb][\/et_pb_divider][et_pb_text _builder_version=\u00a0\u00bb4.17.0&Prime; _module_preset=\u00a0\u00bbdefault\u00a0\u00bb background_color=\u00a0\u00bb#FFFFFF\u00a0\u00bb custom_margin=\u00a0\u00bb||||false|false\u00a0\u00bb custom_padding=\u00a0\u00bb10px|30px|10px|30px|false|false\u00a0\u00bb hover_enabled=\u00a0\u00bb0&Prime; global_colors_info=\u00a0\u00bb{}\u00a0\u00bb custom_padding_last_edited=\u00a0\u00bbon|phone\u00a0\u00bb sticky_enabled=\u00a0\u00bb0&Prime; custom_padding_phone=\u00a0\u00bb|20px||20px|false|false\u00a0\u00bb custom_padding_tablet=\u00a0\u00bb10px|30px|10px|30px|false|false\u00a0\u00bb]<\/p>\n<h4>QUAND PORTER UN V\u00caTEMENT DE COMPRESSION\u00a0?<\/h4>\n<p>La plupart des<span>\u00a0<\/span><strong>chirurgiens<\/strong><span>\u00a0<\/span>conseillent aux patients de<span>\u00a0<\/span><strong>porter des v\u00eatements de compression m\u00e9dicale pendant plusieurs semaines apr\u00e8s une intervention<\/strong>. Certains patients peuvent devoir porter ces v\u00eatements jour et nuit tandis que d\u2019autres devront le porter quelques heures au cours de la journ\u00e9e.<\/p>\n<p>&nbsp;<\/p>\n<h4>COMBIEN DE TEMPS FAUT-IL PORTER LE V\u00caTEMENT DE COMPRESSION\u00a0?<\/h4>\n<p>Le<strong><span>\u00a0<\/span>chirurgien<\/strong><span>\u00a0<\/span>d\u00e9terminera la<span>\u00a0<\/span><strong>dur\u00e9e exacte de temps<\/strong><span>\u00a0<\/span>pendant laquelle il est n\u00e9cessaire de<span>\u00a0<\/span><strong>porter un v\u00eatement compressif<\/strong><span>\u00a0<\/span>suite \u00e0 l\u2019intervention.<\/p>\n<p><span>Il est recommand\u00e9 de porter un v\u00eatement de compression\u00a0<strong>pendant 4 \u00e0 6 semaines<\/strong>\u00a0apr\u00e8s une\u00a0<\/span><strong>liposuccion<\/strong><span>\u00a0afin de minimiser les \u0153d\u00e8mes post-op\u00e9ratoires et d\u2019emp\u00eacher les ondulations.<\/span><span><\/span><\/p>\n<p><span><\/span><\/p>\n<p><strong>Exemples<\/strong><\/p>\n<ul>\n<li>Apr\u00e8s une<span>\u00a0<\/span><strong>abdominoplastie<\/strong><span>\u00a0<\/span>qui est une op\u00e9ration extensive, il est souvent recommand\u00e9 par les chirurgiens de porter une<span>\u00a0<\/span><span><strong>ceinture abdominale<\/strong><\/span><span>\u00a0<\/span><strong>jusqu\u2019\u00e0 6 semaines<\/strong><span>\u00a0<\/span><strong>apr\u00e8s l\u2019intervention<\/strong><span>\u00a0<\/span>afin de contr\u00f4ler les gonflements et d\u2019aider \u00e0 une r\u00e9partition correcte du tissu cicatriciel.<\/li>\n<li>Apr\u00e8s une<span>\u00a0<\/span><strong>augmentation mammaire<\/strong>, le port d\u2019un<span>\u00a0<\/span><strong>soutien-gorge post-op\u00e9ratoire pendant 2 \u00e0 3 semaines<\/strong><span>\u00a0<\/span>est le plus souvent indiqu\u00e9. Celui-ci permettra de soutenir le tissu mammaire et de maintenir les implants dans la bonne position durant la phase d\u2019adaptation et de cicatrisation des tissus.<\/li>\n<\/ul>\n<p>[\/et_pb_text][\/et_pb_column][\/et_pb_row][et_pb_row _builder_version=\u00a0\u00bb4.16&Prime; _module_preset=\u00a0\u00bbdefault\u00a0\u00bb background_color=\u00a0\u00bb#FFFFFF\u00a0\u00bb global_colors_info=\u00a0\u00bb{}\u00a0\u00bb][et_pb_column type=\u00a0\u00bb4_4&Prime; _builder_version=\u00a0\u00bb4.16&Prime; _module_preset=\u00a0\u00bbdefault\u00a0\u00bb global_colors_info=\u00a0\u00bb{}\u00a0\u00bb][et_pb_button button_url=\u00a0\u00bbhttps:\/\/www.medicalz.com\/chirurgie\/\u00a0\u00bb url_new_window=\u00a0\u00bbon\u00a0\u00bb button_text=\u00a0\u00bbD\u00c9COUVRIR LES V\u00caTEMENTS COMPRESSIFS M\u00c9DICAL Z\u00a0\u00bb button_alignment=\u00a0\u00bbcenter\u00a0\u00bb _builder_version=\u00a0\u00bb4.17.0&Prime; _module_preset=\u00a0\u00bbdefault\u00a0\u00bb hover_enabled=\u00a0\u00bb0&Prime; global_colors_info=\u00a0\u00bb{}\u00a0\u00bb custom_padding_last_edited=\u00a0\u00bbon|phone\u00a0\u00bb sticky_enabled=\u00a0\u00bb0&Prime; custom_padding_phone=\u00a0\u00bb6px|0px||0px|false|false\u00a0\u00bb custom_margin_last_edited=\u00a0\u00bbon|phone\u00a0\u00bb custom_margin_phone=\u00a0\u00bb|10px||10px|false|false\u00a0\u00bb][\/et_pb_button][\/et_pb_column][\/et_pb_row][\/et_pb_section]<\/p>\n","protected":false},"excerpt":{"rendered":"<p>QUOI, QUAND, COMMENT ?QUAND PORTER UN V\u00caTEMENT DE COMPRESSION\u00a0? La plupart des\u00a0chirurgiens\u00a0conseillent aux patients de\u00a0porter des v\u00eatements de compression m\u00e9dicale pendant plusieurs semaines apr\u00e8s une intervention. Certains patients peuvent devoir porter ces v\u00eatements jour et nuit tandis que d\u2019autres devront le porter quelques heures au cours de la journ\u00e9e. &nbsp; COMBIEN DE TEMPS FAUT-IL PORTER [&hellip;]<\/p>\n","protected":false},"author":4,"featured_media":0,"parent":0,"menu_order":0,"comment_status":"closed","ping_status":"closed","template":"","meta":{"_et_pb_use_builder":"on","_et_pb_old_content":"","_et_gb_content_width":"","footnotes":""},"class_list":["post-7307","page","type-page","status-publish","hentry"],"yoast_head":"<!-- This site is optimized with the Yoast SEO plugin v25.1 - https:\/\/yoast.com\/wordpress\/plugins\/seo\/ -->\n<title>Quoi quand comment &#8226; Medical Z<\/title>\n<meta name=\"robots\" content=\"index, follow, max-snippet:-1, max-image-preview:large, max-video-preview:-1\" \/>\n<link rel=\"canonical\" href=\"https:\/\/www.medicalz.com\/fr\/7307-2\/\" \/>\n<meta property=\"og:locale\" content=\"fr_FR\" \/>\n<meta property=\"og:type\" content=\"article\" \/>\n<meta property=\"og:title\" content=\"Quoi quand comment &#8226; Medical Z\" \/>\n<meta property=\"og:description\" content=\"QUOI, QUAND, COMMENT ?QUAND PORTER UN V\u00caTEMENT DE COMPRESSION\u00a0? La plupart des\u00a0chirurgiens\u00a0conseillent aux patients de\u00a0porter des v\u00eatements de compression m\u00e9dicale pendant plusieurs semaines apr\u00e8s une intervention. Certains patients peuvent devoir porter ces v\u00eatements jour et nuit tandis que d\u2019autres devront le porter quelques heures au cours de la journ\u00e9e. &nbsp; COMBIEN DE TEMPS FAUT-IL PORTER [&hellip;]\" \/>\n<meta property=\"og:url\" content=\"https:\/\/www.medicalz.com\/fr\/7307-2\/\" \/>\n<meta property=\"og:site_name\" content=\"Medical Z\" \/>\n<meta property=\"article:publisher\" content=\"https:\/\/www.facebook.com\/MedicalZFrance\/\" \/>\n<meta property=\"article:modified_time\" content=\"2022-04-13T15:15:46+00:00\" \/>\n<script type=\"application\/ld+json\" class=\"yoast-schema-graph\">{\"@context\":\"https:\/\/schema.org\",\"@graph\":[{\"@type\":\"WebPage\",\"@id\":\"https:\/\/www.medicalz.com\/fr\/7307-2\/\",\"url\":\"https:\/\/www.medicalz.com\/fr\/7307-2\/\",\"name\":\"Quoi quand comment &#8226; Medical Z\",\"isPartOf\":{\"@id\":\"https:\/\/www.medicalz.com\/fr\/#website\"},\"datePublished\":\"2021-09-08T13:13:36+00:00\",\"dateModified\":\"2022-04-13T15:15:46+00:00\",\"breadcrumb\":{\"@id\":\"https:\/\/www.medicalz.com\/fr\/7307-2\/#breadcrumb\"},\"inLanguage\":\"fr-FR\",\"potentialAction\":[{\"@type\":\"ReadAction\",\"target\":[\"https:\/\/www.medicalz.com\/fr\/7307-2\/\"]}]},{\"@type\":\"BreadcrumbList\",\"@id\":\"https:\/\/www.medicalz.com\/fr\/7307-2\/#breadcrumb\",\"itemListElement\":[{\"@type\":\"ListItem\",\"position\":1,\"name\":\"Principal\",\"item\":\"https:\/\/www.medicalz.com\/fr\/accueil\/\"},{\"@type\":\"ListItem\",\"position\":2,\"name\":\"Quoi quand comment\"}]},{\"@type\":\"WebSite\",\"@id\":\"https:\/\/www.medicalz.com\/fr\/#website\",\"url\":\"https:\/\/www.medicalz.com\/fr\/\",\"name\":\"Medical Z\",\"description\":\"Cr\u00e9ateur FRAN\u00c7AIS de v\u00eatements compressifs depuis 1981\",\"publisher\":{\"@id\":\"https:\/\/www.medicalz.com\/fr\/#organization\"},\"potentialAction\":[{\"@type\":\"SearchAction\",\"target\":{\"@type\":\"EntryPoint\",\"urlTemplate\":\"https:\/\/www.medicalz.com\/fr\/?s={search_term_string}\"},\"query-input\":{\"@type\":\"PropertyValueSpecification\",\"valueRequired\":true,\"valueName\":\"search_term_string\"}}],\"inLanguage\":\"fr-FR\"},{\"@type\":\"Organization\",\"@id\":\"https:\/\/www.medicalz.com\/fr\/#organization\",\"name\":\"MedicalZ\",\"url\":\"https:\/\/www.medicalz.com\/fr\/\",\"logo\":{\"@type\":\"ImageObject\",\"inLanguage\":\"fr-FR\",\"@id\":\"https:\/\/www.medicalz.com\/fr\/#\/schema\/logo\/image\/\",\"url\":\"https:\/\/www.medicalz.com\/wp-content\/uploads\/2021\/06\/logo-1.png\",\"contentUrl\":\"https:\/\/www.medicalz.com\/wp-content\/uploads\/2021\/06\/logo-1.png\",\"width\":400,\"height\":227,\"caption\":\"MedicalZ\"},\"image\":{\"@id\":\"https:\/\/www.medicalz.com\/fr\/#\/schema\/logo\/image\/\"},\"sameAs\":[\"https:\/\/www.facebook.com\/MedicalZFrance\/\",\"https:\/\/www.instagram.com\/medicalz_fr\/?hl=fr\",\"https:\/\/www.youtube.com\/channel\/UC7rGbkWBc15cA4pbHS99Vbg\"]}]}<\/script>\n<!-- \/ Yoast SEO plugin. -->","yoast_head_json":{"title":"Quoi quand comment &#8226; Medical Z","robots":{"index":"index","follow":"follow","max-snippet":"max-snippet:-1","max-image-preview":"max-image-preview:large","max-video-preview":"max-video-preview:-1"},"canonical":"https:\/\/www.medicalz.com\/fr\/7307-2\/","og_locale":"fr_FR","og_type":"article","og_title":"Quoi quand comment &#8226; Medical Z","og_description":"QUOI, QUAND, COMMENT ?QUAND PORTER UN V\u00caTEMENT DE COMPRESSION\u00a0? La plupart des\u00a0chirurgiens\u00a0conseillent aux patients de\u00a0porter des v\u00eatements de compression m\u00e9dicale pendant plusieurs semaines apr\u00e8s une intervention. Certains patients peuvent devoir porter ces v\u00eatements jour et nuit tandis que d\u2019autres devront le porter quelques heures au cours de la journ\u00e9e. &nbsp; COMBIEN DE TEMPS FAUT-IL PORTER [&hellip;]","og_url":"https:\/\/www.medicalz.com\/fr\/7307-2\/","og_site_name":"Medical Z","article_publisher":"https:\/\/www.facebook.com\/MedicalZFrance\/","article_modified_time":"2022-04-13T15:15:46+00:00","schema":{"@context":"https:\/\/schema.org","@graph":[{"@type":"WebPage","@id":"https:\/\/www.medicalz.com\/fr\/7307-2\/","url":"https:\/\/www.medicalz.com\/fr\/7307-2\/","name":"Quoi quand comment &#8226; Medical Z","isPartOf":{"@id":"https:\/\/www.medicalz.com\/fr\/#website"},"datePublished":"2021-09-08T13:13:36+00:00","dateModified":"2022-04-13T15:15:46+00:00","breadcrumb":{"@id":"https:\/\/www.medicalz.com\/fr\/7307-2\/#breadcrumb"},"inLanguage":"fr-FR","potentialAction":[{"@type":"ReadAction","target":["https:\/\/www.medicalz.com\/fr\/7307-2\/"]}]},{"@type":"BreadcrumbList","@id":"https:\/\/www.medicalz.com\/fr\/7307-2\/#breadcrumb","itemListElement":[{"@type":"ListItem","position":1,"name":"Principal","item":"https:\/\/www.medicalz.com\/fr\/accueil\/"},{"@type":"ListItem","position":2,"name":"Quoi quand comment"}]},{"@type":"WebSite","@id":"https:\/\/www.medicalz.com\/fr\/#website","url":"https:\/\/www.medicalz.com\/fr\/","name":"Medical Z","description":"Cr\u00e9ateur FRAN\u00c7AIS de v\u00eatements compressifs depuis 1981","publisher":{"@id":"https:\/\/www.medicalz.com\/fr\/#organization"},"potentialAction":[{"@type":"SearchAction","target":{"@type":"EntryPoint","urlTemplate":"https:\/\/www.medicalz.com\/fr\/?s={search_term_string}"},"query-input":{"@type":"PropertyValueSpecification","valueRequired":true,"valueName":"search_term_string"}}],"inLanguage":"fr-FR"},{"@type":"Organization","@id":"https:\/\/www.medicalz.com\/fr\/#organization","name":"MedicalZ","url":"https:\/\/www.medicalz.com\/fr\/","logo":{"@type":"ImageObject","inLanguage":"fr-FR","@id":"https:\/\/www.medicalz.com\/fr\/#\/schema\/logo\/image\/","url":"https:\/\/www.medicalz.com\/wp-content\/uploads\/2021\/06\/logo-1.png","contentUrl":"https:\/\/www.medicalz.com\/wp-content\/uploads\/2021\/06\/logo-1.png","width":400,"height":227,"caption":"MedicalZ"},"image":{"@id":"https:\/\/www.medicalz.com\/fr\/#\/schema\/logo\/image\/"},"sameAs":["https:\/\/www.facebook.com\/MedicalZFrance\/","https:\/\/www.instagram.com\/medicalz_fr\/?hl=fr","https:\/\/www.youtube.com\/channel\/UC7rGbkWBc15cA4pbHS99Vbg"]}]}},"_links":{"self":[{"href":"https:\/\/www.medicalz.com\/fr\/wp-json\/wp\/v2\/pages\/7307","targetHints":{"allow":["GET"]}}],"collection":[{"href":"https:\/\/www.medicalz.com\/fr\/wp-json\/wp\/v2\/pages"}],"about":[{"href":"https:\/\/www.medicalz.com\/fr\/wp-json\/wp\/v2\/types\/page"}],"author":[{"embeddable":true,"href":"https:\/\/www.medicalz.com\/fr\/wp-json\/wp\/v2\/users\/4"}],"replies":[{"embeddable":true,"href":"https:\/\/www.medicalz.com\/fr\/wp-json\/wp\/v2\/comments?post=7307"}],"version-history":[{"count":10,"href":"https:\/\/www.medicalz.com\/fr\/wp-json\/wp\/v2\/pages\/7307\/revisions"}],"predecessor-version":[{"id":16617,"href":"https:\/\/www.medicalz.com\/fr\/wp-json\/wp\/v2\/pages\/7307\/revisions\/16617"}],"wp:attachment":[{"href":"https:\/\/www.medicalz.com\/fr\/wp-json\/wp\/v2\/media?parent=7307"}],"curies":[{"name":"wp","href":"https:\/\/api.w.org\/{rel}","templated":true}]}}