{"id":17519,"date":"2022-07-20T15:44:07","date_gmt":"2022-07-20T13:44:07","guid":{"rendered":"https:\/\/www.medicalz.com\/?post_type=product&#038;p=17519"},"modified":"2026-03-25T12:01:30","modified_gmt":"2026-03-25T11:01:30","slug":"ceinture-digestive-homme","status":"publish","type":"product","link":"https:\/\/www.medicalz.com\/fr\/produits\/ceinture-digestive-homme\/","title":{"rendered":"Ceinture DIGI Z Homme"},"content":{"rendered":"<p>[et_pb_section fb_built=\u00a0\u00bb1&Prime; _builder_version=\u00a0\u00bb4.16&Prime; _module_preset=\u00a0\u00bbdefault\u00a0\u00bb global_colors_info=\u00a0\u00bb{}\u00a0\u00bb][et_pb_row column_structure=\u00a0\u00bb1_2,1_2&Prime; _builder_version=\u00a0\u00bb4.16&Prime; _module_preset=\u00a0\u00bbdefault\u00a0\u00bb global_colors_info=\u00a0\u00bb{}\u00a0\u00bb][et_pb_column type=\u00a0\u00bb1_2&Prime; _builder_version=\u00a0\u00bb4.16&Prime; _module_preset=\u00a0\u00bbdefault\u00a0\u00bb global_colors_info=\u00a0\u00bb{}\u00a0\u00bb][et_pb_wc_images admin_label=\u00a0\u00bbVisuel produit\u00a0\u00bb _builder_version=\u00a0\u00bb4.16&Prime; _module_preset=\u00a0\u00bbdefault\u00a0\u00bb global_colors_info=\u00a0\u00bb{}\u00a0\u00bb][\/et_pb_wc_images][\/et_pb_column][et_pb_column type=\u00a0\u00bb1_2&Prime; _builder_version=\u00a0\u00bb4.16&Prime; _module_preset=\u00a0\u00bbdefault\u00a0\u00bb global_colors_info=\u00a0\u00bb{}\u00a0\u00bb][et_pb_text admin_label=\u00a0\u00bbNom produit \/ R\u00e9f  (\u00e0 remplir)\u00a0\u00bb module_class=\u00a0\u00bbhn-produits\u00a0\u00bb _builder_version=\u00a0\u00bb4.27.4&Prime; _module_preset=\u00a0\u00bbdefault\u00a0\u00bb text_font=\u00a0\u00bb|700|||||||\u00a0\u00bb text_text_color=\u00a0\u00bb#2F4457&Prime; text_font_size=\u00a0\u00bb17px\u00a0\u00bb global_colors_info=\u00a0\u00bb{}\u00a0\u00bb]<\/p>\n<h1>Ceinture DIGI Z<\/h1>\n<h6>Ceinture digestive<\/h6>\n<p>S\/022<\/p>\n<p>[\/et_pb_text][et_pb_divider color=\u00a0\u00bb#e3e3e3&Prime; divider_weight=\u00a0\u00bb2px\u00a0\u00bb _builder_version=\u00a0\u00bb4.16&Prime; _module_preset=\u00a0\u00bbdefault\u00a0\u00bb custom_margin=\u00a0\u00bb||0px||false|false\u00a0\u00bb global_colors_info=\u00a0\u00bb{}\u00a0\u00bb][\/et_pb_divider][et_pb_text admin_label=\u00a0\u00bbCouleurs disponibles  (\u00e0 remplir)\u00a0\u00bb _builder_version=\u00a0\u00bb4.16&Prime; _module_preset=\u00a0\u00bbdefault\u00a0\u00bb text_font=\u00a0\u00bb|700|||||||\u00a0\u00bb text_text_color=\u00a0\u00bb#2F4457&Prime; text_font_size=\u00a0\u00bb17px\u00a0\u00bb text_letter_spacing=\u00a0\u00bb1px\u00a0\u00bb custom_margin=\u00a0\u00bb||4px|||\u00a0\u00bb global_colors_info=\u00a0\u00bb{}\u00a0\u00bb]<\/p>\n<p>Couleurs disponibles<\/p>\n<p><img loading=\"lazy\" decoding=\"async\" class=\"wp-image-4689 alignnone size-full\" src=\"https:\/\/www.medicalz.com\/wp-content\/uploads\/2021\/07\/rond_noir_selec.png\" alt=\"\" width=\"50\" height=\"50\" \/> <img loading=\"lazy\" decoding=\"async\" class=\"wp-image-4693 alignnone size-full\" src=\"https:\/\/www.medicalz.com\/wp-content\/uploads\/2021\/07\/rond_blanc.png\" alt=\"\" width=\"50\" height=\"50\" \/>\u00a0<\/p>\n<p>[\/et_pb_text][et_pb_divider color=\u00a0\u00bb#e3e3e3&Prime; divider_weight=\u00a0\u00bb2px\u00a0\u00bb _builder_version=\u00a0\u00bb4.16&Prime; _module_preset=\u00a0\u00bbdefault\u00a0\u00bb custom_margin=\u00a0\u00bb||0px||false|false\u00a0\u00bb global_colors_info=\u00a0\u00bb{}\u00a0\u00bb][\/et_pb_divider][et_pb_text admin_label=\u00a0\u00bbTitre description\u00a0\u00bb _builder_version=\u00a0\u00bb4.16&Prime; _module_preset=\u00a0\u00bbdefault\u00a0\u00bb text_font=\u00a0\u00bb|700|||||||\u00a0\u00bb text_text_color=\u00a0\u00bb#2F4457&Prime; text_font_size=\u00a0\u00bb17px\u00a0\u00bb text_letter_spacing=\u00a0\u00bb1px\u00a0\u00bb global_colors_info=\u00a0\u00bb{}\u00a0\u00bb]<\/p>\n<p>Description<\/p>\n<p>[\/et_pb_text][et_pb_text admin_label=\u00a0\u00bbTexte Description (\u00e0 remplir)\u00a0\u00bb _builder_version=\u00a0\u00bb4.16&Prime; _module_preset=\u00a0\u00bbdefault\u00a0\u00bb header_3_text_align=\u00a0\u00bbleft\u00a0\u00bb global_colors_info=\u00a0\u00bb{}\u00a0\u00bb]<\/p>\n<p><strong>Application de soutien de la paroi abdominale avec pression permanente, anti-\u0153d\u00e9mateux.<\/strong><\/p>\n<p>La pression ainsi obtenue assure un parfait maintien tout en conservant un confort optimal et une totale libert\u00e9 de mouvements.<\/p>\n<p><strong>Existe avec ou sans \u00e9lastique.<\/strong><\/p>\n<p><strong>Hauteurs disponibles : 18cm &#8211; 25cm &#8211; 32cm<\/strong><\/p>\n<p><img loading=\"lazy\" decoding=\"async\" class=\"wp-image-8 alignnone size-medium\" style=\"float: left;\" src=\"https:\/\/www.medicalz.com\/wp-content\/uploads\/2021\/05\/LPPR-300x242.png\" alt=\"\" width=\"47\" height=\"37\" \/><\/p>\n<p>[\/et_pb_text][\/et_pb_column][\/et_pb_row][\/et_pb_section][et_pb_section fb_built=\u00a0\u00bb1&Prime; _builder_version=\u00a0\u00bb4.16&Prime; _module_preset=\u00a0\u00bbdefault\u00a0\u00bb border_width_top=\u00a0\u00bb2px\u00a0\u00bb border_color_top=\u00a0\u00bb#e3e3e3&Prime; global_colors_info=\u00a0\u00bb{}\u00a0\u00bb][et_pb_row _builder_version=\u00a0\u00bb4.16&Prime; _module_preset=\u00a0\u00bbdefault\u00a0\u00bb global_colors_info=\u00a0\u00bb{}\u00a0\u00bb][et_pb_column type=\u00a0\u00bb4_4&Prime; _builder_version=\u00a0\u00bb4.16&Prime; _module_preset=\u00a0\u00bbdefault\u00a0\u00bb global_colors_info=\u00a0\u00bb{}\u00a0\u00bb][et_pb_tabs active_tab_background_color=\u00a0\u00bb#FFFFFF\u00a0\u00bb inactive_tab_background_color=\u00a0\u00bb#FFFFFF\u00a0\u00bb active_tab_text_color=\u00a0\u00bb#2F4457&Prime; admin_label=\u00a0\u00bbOnglets composition \/ guide de tailles&#8230;  (\u00e0 remplir)\u00a0\u00bb module_class=\u00a0\u00bbonglets-produits\u00a0\u00bb _builder_version=\u00a0\u00bb4.27.4&Prime; _module_preset=\u00a0\u00bbdefault\u00a0\u00bb tab_text_color=\u00a0\u00bb#2F4457&Prime; tab_font_size=\u00a0\u00bb14px\u00a0\u00bb background_color=\u00a0\u00bb#FFFFFF\u00a0\u00bb custom_margin=\u00a0\u00bb0px||||false|false\u00a0\u00bb custom_padding=\u00a0\u00bb|||30px||\u00a0\u00bb hover_enabled=\u00a0\u00bb0&Prime; custom_css_tabs_controls=\u00a0\u00bbborder-top-color:transparent;||border-bottom-color:transparent;||background-color:transparent;\u00a0\u00bb custom_css_tab=\u00a0\u00bbborder:transparent;||\u00a0\u00bb custom_css_tabs_content=\u00a0\u00bbborder:transparent;\u00a0\u00bb border_width_all=\u00a0\u00bb0px\u00a0\u00bb locked=\u00a0\u00bboff\u00a0\u00bb global_colors_info=\u00a0\u00bb{}\u00a0\u00bb sticky_enabled=\u00a0\u00bb0&Prime;][et_pb_tab title=\u00a0\u00bbCOMPOSITION\u00a0\u00bb _builder_version=\u00a0\u00bb4.16&Prime; _module_preset=\u00a0\u00bbdefault\u00a0\u00bb global_colors_info=\u00a0\u00bb{}\u00a0\u00bb]<\/p>\n<h4>COMPOSITION<\/h4>\n<p>85% Polyamide &#8211; 10% Elasthanne &#8211; 5% Coton<\/p>\n<h4>ENTRETIEN :<\/h4>\n<p>Laver en machine \u00e0 30\u00b0C maximum avec une lessive \u00e0 base de savon naturel type savon de Marseille. Ne pas utiliser de s\u00e8che-linge.<em> Il est recommand\u00e9 de laver le v\u00eatement avant de le porter pour la premi\u00e8re fois.<\/em><\/p>\n<h4>CONTRE-INDICATIONS :<\/h4>\n<p>La ceinture digestive ou thoracique ne doit pas \u00eatre port\u00e9e directement sur une peau l\u00e9s\u00e9e.<\/p>\n<p>[\/et_pb_tab][et_pb_tab title=\u00a0\u00bbGUIDE DE TAILLE\u00a0\u00bb _builder_version=\u00a0\u00bb4.16&Prime; _module_preset=\u00a0\u00bbdefault\u00a0\u00bb global_colors_info=\u00a0\u00bb{}\u00a0\u00bb]<\/p>\n[et_pb_section global_module=\"7041\"][\/et_pb_section]\n<p><em>Les tailles indiqu\u00e9es correspondent aux mesures prises avant intervention. D\u2019autres tailles peuvent \u00eatre r\u00e9alis\u00e9es sur-mesure.<\/em><\/p>\n<p><img loading=\"lazy\" decoding=\"async\" src=\"https:\/\/www.medicalz.com\/wp-content\/uploads\/2021\/11\/4_CEINTURES_DIGESTIVESTHORACIQUES-1024x190.png\" width=\"606\" height=\"113\" alt=\"\" class=\"wp-image-12718 alignnone size-large\" \/><\/p>\n<p>[\/et_pb_tab][et_pb_tab title=\u00a0\u00bbVID\u00c9O PRISE DE MESURE\u00a0\u00bb _builder_version=\u00a0\u00bb4.27.4&Prime; _module_preset=\u00a0\u00bbdefault\u00a0\u00bb hover_enabled=\u00a0\u00bb0&Prime; global_colors_info=\u00a0\u00bb{}\u00a0\u00bb sticky_enabled=\u00a0\u00bb0&Prime;]<\/p>\n<p><strong>Comment bien prendre les mesures pour les v\u00eatements post op\u00e9ratoires M\u00e9dical Z<\/strong><\/p>\n<p><iframe loading=\"lazy\" title=\"Prise de mesure pour les ceintures M\u00e9dical Z\u00ae\" width=\"1080\" height=\"608\" src=\"https:\/\/www.youtube.com\/embed\/0fkO_OPvDcU?feature=oembed\"  allow=\"accelerometer; autoplay; clipboard-write; encrypted-media; gyroscope; picture-in-picture; web-share\" referrerpolicy=\"strict-origin-when-cross-origin\" allowfullscreen><\/iframe><\/p>\n<p>[\/et_pb_tab][\/et_pb_tabs][\/et_pb_column][\/et_pb_row][\/et_pb_section][et_pb_section fb_built=\u00a0\u00bb1&Prime; _builder_version=\u00a0\u00bb4.16&Prime; _module_preset=\u00a0\u00bbdefault\u00a0\u00bb background_color=\u00a0\u00bb#e3e3e3&Prime; global_colors_info=\u00a0\u00bb{}\u00a0\u00bb][et_pb_row _builder_version=\u00a0\u00bb4.16&Prime; _module_preset=\u00a0\u00bbdefault\u00a0\u00bb global_colors_info=\u00a0\u00bb{}\u00a0\u00bb][et_pb_column type=\u00a0\u00bb4_4&Prime; _builder_version=\u00a0\u00bb4.16&Prime; _module_preset=\u00a0\u00bbdefault\u00a0\u00bb global_colors_info=\u00a0\u00bb{}\u00a0\u00bb][et_pb_button button_url=\u00a0\u00bbhttps:\/\/www.medicalz.com\/faq\/\u00a0\u00bb button_text=\u00a0\u00bbRETROUVEZ TOUTES LES QUESTIONS &#8211; FAQ\u00a0\u00bb button_alignment=\u00a0\u00bbcenter\u00a0\u00bb _builder_version=\u00a0\u00bb4.16&Prime; _module_preset=\u00a0\u00bbdefault\u00a0\u00bb custom_button=\u00a0\u00bbon\u00a0\u00bb button_text_size=\u00a0\u00bb18px\u00a0\u00bb button_text_color=\u00a0\u00bb#2F4457&Prime; button_border_width=\u00a0\u00bb1px\u00a0\u00bb button_border_color=\u00a0\u00bb#2F4457&Prime; button_border_radius=\u00a0\u00bb0px\u00a0\u00bb button_font=\u00a0\u00bb|700|||||||\u00a0\u00bb custom_padding=\u00a0\u00bb15px|110px|15px|110px|false|true\u00a0\u00bb global_colors_info=\u00a0\u00bb{}\u00a0\u00bb][\/et_pb_button][\/et_pb_column][\/et_pb_row][\/et_pb_section][et_pb_section fb_built=\u00a0\u00bb1&Prime; _builder_version=\u00a0\u00bb4.16&Prime; _module_preset=\u00a0\u00bbdefault\u00a0\u00bb custom_padding=\u00a0\u00bb0px|||||\u00a0\u00bb global_colors_info=\u00a0\u00bb{}\u00a0\u00bb][et_pb_row _builder_version=\u00a0\u00bb4.16&Prime; _module_preset=\u00a0\u00bbdefault\u00a0\u00bb custom_margin=\u00a0\u00bb|auto|-28px|auto||\u00a0\u00bb custom_padding=\u00a0\u00bb||0px|||\u00a0\u00bb global_colors_info=\u00a0\u00bb{}\u00a0\u00bb][et_pb_column type=\u00a0\u00bb4_4&Prime; _builder_version=\u00a0\u00bb4.16&Prime; _module_preset=\u00a0\u00bbdefault\u00a0\u00bb global_colors_info=\u00a0\u00bb{}\u00a0\u00bb][et_pb_text _builder_version=\u00a0\u00bb4.16&Prime; _module_preset=\u00a0\u00bbdefault\u00a0\u00bb text_font=\u00a0\u00bb|300|||||||\u00a0\u00bb text_text_color=\u00a0\u00bb#178fcf\u00a0\u00bb header_text_color=\u00a0\u00bb#178fcf\u00a0\u00bb header_3_text_color=\u00a0\u00bb#178FCF\u00a0\u00bb locked=\u00a0\u00bboff\u00a0\u00bb global_colors_info=\u00a0\u00bb{}\u00a0\u00bb]<\/p>\n<h3>NOUS VOUS PROPOSONS AUSSI<\/h3>\n<p>[\/et_pb_text][et_pb_divider module_class=\u00a0\u00bbseparateur\u00a0\u00bb _builder_version=\u00a0\u00bb4.16&Prime; _module_preset=\u00a0\u00bbdefault\u00a0\u00bb global_colors_info=\u00a0\u00bb{}\u00a0\u00bb][\/et_pb_divider][et_pb_wc_related_products admin_label=\u00a0\u00bbProduits apparent\u00e9s\u00a0\u00bb _builder_version=\u00a0\u00bb4.16&Prime; _module_preset=\u00a0\u00bbdefault\u00a0\u00bb border_width_all=\u00a0\u00bb0px\u00a0\u00bb global_colors_info=\u00a0\u00bb{}\u00a0\u00bb border_radii__hover_enabled=\u00a0\u00bboff|hover\u00a0\u00bb][\/et_pb_wc_related_products][et_pb_wc_upsells _builder_version=\u00a0\u00bb4.16&Prime; _module_preset=\u00a0\u00bbdefault\u00a0\u00bb custom_css_price=\u00a0\u00bbdisplay:none;\u00a0\u00bb global_colors_info=\u00a0\u00bb{}\u00a0\u00bb][\/et_pb_wc_upsells][\/et_pb_column][\/et_pb_row][\/et_pb_section]<\/p>\n","protected":false},"excerpt":{"rendered":"<p>Ceinture DIGI Z Ceinture digestive S\/022Couleurs disponibles \u00a0DescriptionApplication de soutien de la paroi abdominale avec pression permanente, anti-\u0153d\u00e9mateux. La pression ainsi obtenue assure un parfait maintien tout en conservant un confort optimal et une totale libert\u00e9 de mouvements. Existe avec ou sans \u00e9lastique. Hauteurs disponibles : 18cm &#8211; 25cm &#8211; 32cm COMPOSITION 85% Polyamide &#8211; [&hellip;]<\/p>\n","protected":false},"featured_media":17523,"template":"","meta":{"_et_pb_use_builder":"on","_et_pb_old_content":"","_et_gb_content_width":""},"product_brand":[],"product_cat":[30,83,34],"product_tag":[],"class_list":{"0":"post-17519","1":"product","2":"type-product","3":"status-publish","4":"has-post-thumbnail","6":"product_cat-chirurgie","7":"product_cat-ceinture-abdomen","8":"product_cat-hommes","10":"first","11":"instock","12":"shipping-taxable","13":"product-type-simple"},"yoast_head":"<!-- This site is optimized with the Yoast SEO plugin v25.1 - https:\/\/yoast.com\/wordpress\/plugins\/seo\/ -->\n<title>Ceinture digestive Homme- Chirurgie reconstructive - M\u00e9dical Z<\/title>\n<meta name=\"robots\" content=\"index, follow, max-snippet:-1, max-image-preview:large, max-video-preview:-1\" \/>\n<link rel=\"canonical\" href=\"https:\/\/www.medicalz.com\/fr\/produits\/ceinture-digestive-homme\/\" \/>\n<meta property=\"og:locale\" content=\"fr_FR\" \/>\n<meta property=\"og:type\" content=\"article\" \/>\n<meta property=\"og:title\" content=\"Ceinture digestive Homme- Chirurgie reconstructive - M\u00e9dical Z\" \/>\n<meta property=\"og:description\" content=\"Ceinture DIGI Z Ceinture digestive S\/022Couleurs disponibles \u00a0DescriptionApplication de soutien de la paroi abdominale avec pression permanente, anti-\u0153d\u00e9mateux. La pression ainsi obtenue assure un parfait maintien tout en conservant un confort optimal et une totale libert\u00e9 de mouvements. Existe avec ou sans \u00e9lastique. Hauteurs disponibles : 18cm - 25cm - 32cm COMPOSITION 85% Polyamide - [&hellip;]\" \/>\n<meta property=\"og:url\" content=\"https:\/\/www.medicalz.com\/fr\/produits\/ceinture-digestive-homme\/\" \/>\n<meta property=\"og:site_name\" content=\"Medical Z\" \/>\n<meta property=\"article:publisher\" content=\"https:\/\/www.facebook.com\/MedicalZFrance\/\" \/>\n<meta property=\"article:modified_time\" content=\"2026-03-25T11:01:30+00:00\" \/>\n<meta property=\"og:image\" content=\"https:\/\/www.medicalz.com\/wp-content\/uploads\/2022\/07\/S022_noir_homme.png\" \/>\n\t<meta property=\"og:image:width\" content=\"1000\" \/>\n\t<meta property=\"og:image:height\" content=\"1000\" \/>\n\t<meta property=\"og:image:type\" content=\"image\/png\" \/>\n<script type=\"application\/ld+json\" class=\"yoast-schema-graph\">{\"@context\":\"https:\/\/schema.org\",\"@graph\":[{\"@type\":\"WebPage\",\"@id\":\"https:\/\/www.medicalz.com\/fr\/produits\/ceinture-digestive-homme\/\",\"url\":\"https:\/\/www.medicalz.com\/fr\/produits\/ceinture-digestive-homme\/\",\"name\":\"Ceinture digestive Homme- Chirurgie reconstructive - M\u00e9dical Z\",\"isPartOf\":{\"@id\":\"https:\/\/www.medicalz.com\/fr\/#website\"},\"primaryImageOfPage\":{\"@id\":\"https:\/\/www.medicalz.com\/fr\/produits\/ceinture-digestive-homme\/#primaryimage\"},\"image\":{\"@id\":\"https:\/\/www.medicalz.com\/fr\/produits\/ceinture-digestive-homme\/#primaryimage\"},\"thumbnailUrl\":\"https:\/\/www.medicalz.com\/wp-content\/uploads\/2022\/07\/S022_noir_homme.png\",\"datePublished\":\"2022-07-20T13:44:07+00:00\",\"dateModified\":\"2026-03-25T11:01:30+00:00\",\"breadcrumb\":{\"@id\":\"https:\/\/www.medicalz.com\/fr\/produits\/ceinture-digestive-homme\/#breadcrumb\"},\"inLanguage\":\"fr-FR\",\"potentialAction\":[{\"@type\":\"ReadAction\",\"target\":[\"https:\/\/www.medicalz.com\/fr\/produits\/ceinture-digestive-homme\/\"]}]},{\"@type\":\"ImageObject\",\"inLanguage\":\"fr-FR\",\"@id\":\"https:\/\/www.medicalz.com\/fr\/produits\/ceinture-digestive-homme\/#primaryimage\",\"url\":\"https:\/\/www.medicalz.com\/wp-content\/uploads\/2022\/07\/S022_noir_homme.png\",\"contentUrl\":\"https:\/\/www.medicalz.com\/wp-content\/uploads\/2022\/07\/S022_noir_homme.png\",\"width\":1000,\"height\":1000,\"caption\":\"ceinture digestive homme\"},{\"@type\":\"BreadcrumbList\",\"@id\":\"https:\/\/www.medicalz.com\/fr\/produits\/ceinture-digestive-homme\/#breadcrumb\",\"itemListElement\":[{\"@type\":\"ListItem\",\"position\":1,\"name\":\"Principal\",\"item\":\"https:\/\/www.medicalz.com\/fr\/accueil\/\"},{\"@type\":\"ListItem\",\"position\":2,\"name\":\"Produits\",\"item\":\"https:\/\/www.medicalz.com\/fr\/shop\/\"},{\"@type\":\"ListItem\",\"position\":3,\"name\":\"Chirurgie\",\"item\":\"https:\/\/www.medicalz.com\/fr\/categorie-produit\/chirurgie\/\"},{\"@type\":\"ListItem\",\"position\":4,\"name\":\"Ceinture DIGI Z Homme\"}]},{\"@type\":\"WebSite\",\"@id\":\"https:\/\/www.medicalz.com\/fr\/#website\",\"url\":\"https:\/\/www.medicalz.com\/fr\/\",\"name\":\"Medical Z\",\"description\":\"Cr\u00e9ateur FRAN\u00c7AIS de v\u00eatements compressifs depuis 1981\",\"publisher\":{\"@id\":\"https:\/\/www.medicalz.com\/fr\/#organization\"},\"potentialAction\":[{\"@type\":\"SearchAction\",\"target\":{\"@type\":\"EntryPoint\",\"urlTemplate\":\"https:\/\/www.medicalz.com\/fr\/?s={search_term_string}\"},\"query-input\":{\"@type\":\"PropertyValueSpecification\",\"valueRequired\":true,\"valueName\":\"search_term_string\"}}],\"inLanguage\":\"fr-FR\"},{\"@type\":\"Organization\",\"@id\":\"https:\/\/www.medicalz.com\/fr\/#organization\",\"name\":\"MedicalZ\",\"url\":\"https:\/\/www.medicalz.com\/fr\/\",\"logo\":{\"@type\":\"ImageObject\",\"inLanguage\":\"fr-FR\",\"@id\":\"https:\/\/www.medicalz.com\/fr\/#\/schema\/logo\/image\/\",\"url\":\"https:\/\/www.medicalz.com\/wp-content\/uploads\/2021\/06\/logo-1.png\",\"contentUrl\":\"https:\/\/www.medicalz.com\/wp-content\/uploads\/2021\/06\/logo-1.png\",\"width\":400,\"height\":227,\"caption\":\"MedicalZ\"},\"image\":{\"@id\":\"https:\/\/www.medicalz.com\/fr\/#\/schema\/logo\/image\/\"},\"sameAs\":[\"https:\/\/www.facebook.com\/MedicalZFrance\/\",\"https:\/\/www.instagram.com\/medicalz_fr\/?hl=fr\",\"https:\/\/www.youtube.com\/channel\/UC7rGbkWBc15cA4pbHS99Vbg\"]}]}<\/script>\n<!-- \/ Yoast SEO plugin. -->","yoast_head_json":{"title":"Ceinture digestive Homme- Chirurgie reconstructive - M\u00e9dical Z","robots":{"index":"index","follow":"follow","max-snippet":"max-snippet:-1","max-image-preview":"max-image-preview:large","max-video-preview":"max-video-preview:-1"},"canonical":"https:\/\/www.medicalz.com\/fr\/produits\/ceinture-digestive-homme\/","og_locale":"fr_FR","og_type":"article","og_title":"Ceinture digestive Homme- Chirurgie reconstructive - M\u00e9dical Z","og_description":"Ceinture DIGI Z Ceinture digestive S\/022Couleurs disponibles \u00a0DescriptionApplication de soutien de la paroi abdominale avec pression permanente, anti-\u0153d\u00e9mateux. La pression ainsi obtenue assure un parfait maintien tout en conservant un confort optimal et une totale libert\u00e9 de mouvements. Existe avec ou sans \u00e9lastique. Hauteurs disponibles : 18cm - 25cm - 32cm COMPOSITION 85% Polyamide - [&hellip;]","og_url":"https:\/\/www.medicalz.com\/fr\/produits\/ceinture-digestive-homme\/","og_site_name":"Medical Z","article_publisher":"https:\/\/www.facebook.com\/MedicalZFrance\/","article_modified_time":"2026-03-25T11:01:30+00:00","og_image":[{"width":1000,"height":1000,"url":"https:\/\/www.medicalz.com\/wp-content\/uploads\/2022\/07\/S022_noir_homme.png","type":"image\/png"}],"schema":{"@context":"https:\/\/schema.org","@graph":[{"@type":"WebPage","@id":"https:\/\/www.medicalz.com\/fr\/produits\/ceinture-digestive-homme\/","url":"https:\/\/www.medicalz.com\/fr\/produits\/ceinture-digestive-homme\/","name":"Ceinture digestive Homme- Chirurgie reconstructive - M\u00e9dical Z","isPartOf":{"@id":"https:\/\/www.medicalz.com\/fr\/#website"},"primaryImageOfPage":{"@id":"https:\/\/www.medicalz.com\/fr\/produits\/ceinture-digestive-homme\/#primaryimage"},"image":{"@id":"https:\/\/www.medicalz.com\/fr\/produits\/ceinture-digestive-homme\/#primaryimage"},"thumbnailUrl":"https:\/\/www.medicalz.com\/wp-content\/uploads\/2022\/07\/S022_noir_homme.png","datePublished":"2022-07-20T13:44:07+00:00","dateModified":"2026-03-25T11:01:30+00:00","breadcrumb":{"@id":"https:\/\/www.medicalz.com\/fr\/produits\/ceinture-digestive-homme\/#breadcrumb"},"inLanguage":"fr-FR","potentialAction":[{"@type":"ReadAction","target":["https:\/\/www.medicalz.com\/fr\/produits\/ceinture-digestive-homme\/"]}]},{"@type":"ImageObject","inLanguage":"fr-FR","@id":"https:\/\/www.medicalz.com\/fr\/produits\/ceinture-digestive-homme\/#primaryimage","url":"https:\/\/www.medicalz.com\/wp-content\/uploads\/2022\/07\/S022_noir_homme.png","contentUrl":"https:\/\/www.medicalz.com\/wp-content\/uploads\/2022\/07\/S022_noir_homme.png","width":1000,"height":1000,"caption":"ceinture digestive homme"},{"@type":"BreadcrumbList","@id":"https:\/\/www.medicalz.com\/fr\/produits\/ceinture-digestive-homme\/#breadcrumb","itemListElement":[{"@type":"ListItem","position":1,"name":"Principal","item":"https:\/\/www.medicalz.com\/fr\/accueil\/"},{"@type":"ListItem","position":2,"name":"Produits","item":"https:\/\/www.medicalz.com\/fr\/shop\/"},{"@type":"ListItem","position":3,"name":"Chirurgie","item":"https:\/\/www.medicalz.com\/fr\/categorie-produit\/chirurgie\/"},{"@type":"ListItem","position":4,"name":"Ceinture DIGI Z Homme"}]},{"@type":"WebSite","@id":"https:\/\/www.medicalz.com\/fr\/#website","url":"https:\/\/www.medicalz.com\/fr\/","name":"Medical Z","description":"Cr\u00e9ateur FRAN\u00c7AIS de v\u00eatements compressifs depuis 1981","publisher":{"@id":"https:\/\/www.medicalz.com\/fr\/#organization"},"potentialAction":[{"@type":"SearchAction","target":{"@type":"EntryPoint","urlTemplate":"https:\/\/www.medicalz.com\/fr\/?s={search_term_string}"},"query-input":{"@type":"PropertyValueSpecification","valueRequired":true,"valueName":"search_term_string"}}],"inLanguage":"fr-FR"},{"@type":"Organization","@id":"https:\/\/www.medicalz.com\/fr\/#organization","name":"MedicalZ","url":"https:\/\/www.medicalz.com\/fr\/","logo":{"@type":"ImageObject","inLanguage":"fr-FR","@id":"https:\/\/www.medicalz.com\/fr\/#\/schema\/logo\/image\/","url":"https:\/\/www.medicalz.com\/wp-content\/uploads\/2021\/06\/logo-1.png","contentUrl":"https:\/\/www.medicalz.com\/wp-content\/uploads\/2021\/06\/logo-1.png","width":400,"height":227,"caption":"MedicalZ"},"image":{"@id":"https:\/\/www.medicalz.com\/fr\/#\/schema\/logo\/image\/"},"sameAs":["https:\/\/www.facebook.com\/MedicalZFrance\/","https:\/\/www.instagram.com\/medicalz_fr\/?hl=fr","https:\/\/www.youtube.com\/channel\/UC7rGbkWBc15cA4pbHS99Vbg"]}]}},"_links":{"self":[{"href":"https:\/\/www.medicalz.com\/fr\/wp-json\/wp\/v2\/product\/17519","targetHints":{"allow":["GET"]}}],"collection":[{"href":"https:\/\/www.medicalz.com\/fr\/wp-json\/wp\/v2\/product"}],"about":[{"href":"https:\/\/www.medicalz.com\/fr\/wp-json\/wp\/v2\/types\/product"}],"wp:featuredmedia":[{"embeddable":true,"href":"https:\/\/www.medicalz.com\/fr\/wp-json\/wp\/v2\/media\/17523"}],"wp:attachment":[{"href":"https:\/\/www.medicalz.com\/fr\/wp-json\/wp\/v2\/media?parent=17519"}],"wp:term":[{"taxonomy":"product_brand","embeddable":true,"href":"https:\/\/www.medicalz.com\/fr\/wp-json\/wp\/v2\/product_brand?post=17519"},{"taxonomy":"product_cat","embeddable":true,"href":"https:\/\/www.medicalz.com\/fr\/wp-json\/wp\/v2\/product_cat?post=17519"},{"taxonomy":"product_tag","embeddable":true,"href":"https:\/\/www.medicalz.com\/fr\/wp-json\/wp\/v2\/product_tag?post=17519"}],"curies":[{"name":"wp","href":"https:\/\/api.w.org\/{rel}","templated":true}]}}