{"id":5930,"date":"2021-08-04T16:54:15","date_gmt":"2021-08-04T14:54:15","guid":{"rendered":"https:\/\/www.medicalz.com\/?post_type=product&#038;p=5930"},"modified":"2026-03-13T12:02:48","modified_gmt":"2026-03-13T11:02:48","slug":"ceinturedigestive-renforceesans-elastique","status":"publish","type":"product","link":"https:\/\/www.medicalz.com\/fr\/produits\/ceinturedigestive-renforceesans-elastique\/","title":{"rendered":"Ceinture DIGI Z+ <\/br>Sans \u00e9lastique"},"content":{"rendered":"<p>[et_pb_section fb_built=\u00a0\u00bb1&Prime; _builder_version=\u00a0\u00bb4.16&Prime; _module_preset=\u00a0\u00bbdefault\u00a0\u00bb global_colors_info=\u00a0\u00bb{}\u00a0\u00bb][et_pb_row column_structure=\u00a0\u00bb1_2,1_2&Prime; _builder_version=\u00a0\u00bb4.16&Prime; _module_preset=\u00a0\u00bbdefault\u00a0\u00bb global_colors_info=\u00a0\u00bb{}\u00a0\u00bb][et_pb_column type=\u00a0\u00bb1_2&Prime; _builder_version=\u00a0\u00bb4.16&Prime; _module_preset=\u00a0\u00bbdefault\u00a0\u00bb global_colors_info=\u00a0\u00bb{}\u00a0\u00bb][et_pb_wc_images admin_label=\u00a0\u00bbVisuel produit\u00a0\u00bb _builder_version=\u00a0\u00bb4.16&Prime; _module_preset=\u00a0\u00bbdefault\u00a0\u00bb global_colors_info=\u00a0\u00bb{}\u00a0\u00bb][\/et_pb_wc_images][\/et_pb_column][et_pb_column type=\u00a0\u00bb1_2&Prime; _builder_version=\u00a0\u00bb4.16&Prime; _module_preset=\u00a0\u00bbdefault\u00a0\u00bb global_colors_info=\u00a0\u00bb{}\u00a0\u00bb][et_pb_text admin_label=\u00a0\u00bbNom produit \/ R\u00e9f  (\u00e0 remplir)\u00a0\u00bb module_class=\u00a0\u00bbhn-produits\u00a0\u00bb _builder_version=\u00a0\u00bb4.27.4&Prime; _module_preset=\u00a0\u00bbdefault\u00a0\u00bb text_font=\u00a0\u00bb|700|||||||\u00a0\u00bb text_text_color=\u00a0\u00bb#2F4457&Prime; text_font_size=\u00a0\u00bb17px\u00a0\u00bb global_colors_info=\u00a0\u00bb{}\u00a0\u00bb]<\/p>\n<h1>Ceinture DIGI Z+<\/h1>\n<h6>Ceinture digestive renforc\u00e9e sans \u00e9lastique, avec plastron en mousse bomb\u00e9<\/h6>\n<p>S\/038<\/p>\n<p>[\/et_pb_text][et_pb_divider color=\u00a0\u00bb#e3e3e3&Prime; divider_weight=\u00a0\u00bb2px\u00a0\u00bb _builder_version=\u00a0\u00bb4.16&Prime; _module_preset=\u00a0\u00bbdefault\u00a0\u00bb custom_margin=\u00a0\u00bb||0px||false|false\u00a0\u00bb global_colors_info=\u00a0\u00bb{}\u00a0\u00bb][\/et_pb_divider][et_pb_text admin_label=\u00a0\u00bbCouleurs disponibles  (\u00e0 remplir)\u00a0\u00bb _builder_version=\u00a0\u00bb4.16&Prime; _module_preset=\u00a0\u00bbdefault\u00a0\u00bb text_font=\u00a0\u00bb|700|||||||\u00a0\u00bb text_text_color=\u00a0\u00bb#2F4457&Prime; text_font_size=\u00a0\u00bb17px\u00a0\u00bb text_letter_spacing=\u00a0\u00bb1px\u00a0\u00bb custom_margin=\u00a0\u00bb||4px|||\u00a0\u00bb global_colors_info=\u00a0\u00bb{}\u00a0\u00bb]<\/p>\n<p>Couleur disponible<\/p>\n<p><img loading=\"lazy\" decoding=\"async\" class=\"wp-image-4689 alignnone size-full\" src=\"https:\/\/www.medicalz.com\/wp-content\/uploads\/2021\/07\/rond_noir_selec.png\" alt=\"\" width=\"50\" height=\"50\" \/><\/p>\n<p>[\/et_pb_text][et_pb_divider color=\u00a0\u00bb#e3e3e3&Prime; divider_weight=\u00a0\u00bb2px\u00a0\u00bb _builder_version=\u00a0\u00bb4.16&Prime; _module_preset=\u00a0\u00bbdefault\u00a0\u00bb custom_margin=\u00a0\u00bb||0px||false|false\u00a0\u00bb global_colors_info=\u00a0\u00bb{}\u00a0\u00bb][\/et_pb_divider][et_pb_text admin_label=\u00a0\u00bbTitre description\u00a0\u00bb _builder_version=\u00a0\u00bb4.16&Prime; _module_preset=\u00a0\u00bbdefault\u00a0\u00bb text_font=\u00a0\u00bb|700|||||||\u00a0\u00bb text_text_color=\u00a0\u00bb#2F4457&Prime; text_font_size=\u00a0\u00bb17px\u00a0\u00bb text_letter_spacing=\u00a0\u00bb1px\u00a0\u00bb global_colors_info=\u00a0\u00bb{}\u00a0\u00bb]<\/p>\n<p>Description<\/p>\n<p>[\/et_pb_text][et_pb_text admin_label=\u00a0\u00bbTexte Description (\u00e0 remplir)\u00a0\u00bb _builder_version=\u00a0\u00bb4.16&Prime; _module_preset=\u00a0\u00bbdefault\u00a0\u00bb header_3_text_align=\u00a0\u00bbleft\u00a0\u00bb global_colors_info=\u00a0\u00bb{}\u00a0\u00bb]<\/p>\n<p><strong>Ceinture de maintien visc\u00e9rale avec plastron en mousse bomb\u00e9.<\/strong><\/p>\n<p>Le plastron en mousse permet une <strong>meilleure compression<\/strong>. Sa forme bomb\u00e9e <strong>\u00e9pouse la morphologie du patient<\/strong>. La d\u00e9coupe du produit assure un <strong>parfait maintien<\/strong> et une <strong>totale libert\u00e9 de mouvemen<\/strong>t.<\/p>\n<p>&nbsp;<\/p>\n<p><strong>Hauteurs disponibles : 18cm &#8211; 32cm<\/strong><\/p>\n<p><img loading=\"lazy\" decoding=\"async\" class=\"wp-image-8 alignnone size-medium\" style=\"float: left;\" src=\"https:\/\/www.medicalz.com\/wp-content\/uploads\/2021\/05\/LPPR-300x242.png\" alt=\"\" width=\"47\" height=\"37\" \/><\/p>\n<p>[\/et_pb_text][\/et_pb_column][\/et_pb_row][\/et_pb_section][et_pb_section fb_built=\u00a0\u00bb1&Prime; _builder_version=\u00a0\u00bb4.16&Prime; _module_preset=\u00a0\u00bbdefault\u00a0\u00bb border_width_top=\u00a0\u00bb2px\u00a0\u00bb border_color_top=\u00a0\u00bb#e3e3e3&Prime; global_colors_info=\u00a0\u00bb{}\u00a0\u00bb][et_pb_row _builder_version=\u00a0\u00bb4.16&Prime; _module_preset=\u00a0\u00bbdefault\u00a0\u00bb global_colors_info=\u00a0\u00bb{}\u00a0\u00bb][et_pb_column type=\u00a0\u00bb4_4&Prime; _builder_version=\u00a0\u00bb4.16&Prime; _module_preset=\u00a0\u00bbdefault\u00a0\u00bb global_colors_info=\u00a0\u00bb{}\u00a0\u00bb][et_pb_tabs active_tab_background_color=\u00a0\u00bb#FFFFFF\u00a0\u00bb inactive_tab_background_color=\u00a0\u00bb#FFFFFF\u00a0\u00bb active_tab_text_color=\u00a0\u00bb#2F4457&Prime; admin_label=\u00a0\u00bbOnglets composition \/ guide de tailles&#8230;  (\u00e0 remplir)\u00a0\u00bb module_class=\u00a0\u00bbonglets-produits\u00a0\u00bb _builder_version=\u00a0\u00bb4.16&Prime; _module_preset=\u00a0\u00bbdefault\u00a0\u00bb tab_text_color=\u00a0\u00bb#2F4457&Prime; tab_font_size=\u00a0\u00bb14px\u00a0\u00bb background_color=\u00a0\u00bb#FFFFFF\u00a0\u00bb custom_margin=\u00a0\u00bb0px||||false|false\u00a0\u00bb custom_padding=\u00a0\u00bb|||30px||\u00a0\u00bb custom_css_tabs_controls=\u00a0\u00bbborder-top-color:transparent;||border-bottom-color:transparent;||background-color:transparent;\u00a0\u00bb custom_css_tab=\u00a0\u00bbborder:transparent;||\u00a0\u00bb custom_css_tabs_content=\u00a0\u00bbborder:transparent;\u00a0\u00bb border_width_all=\u00a0\u00bb0px\u00a0\u00bb locked=\u00a0\u00bboff\u00a0\u00bb global_colors_info=\u00a0\u00bb{}\u00a0\u00bb][et_pb_tab title=\u00a0\u00bbCOMPOSITION\u00a0\u00bb _builder_version=\u00a0\u00bb4.16&Prime; _module_preset=\u00a0\u00bbdefault\u00a0\u00bb global_colors_info=\u00a0\u00bb{}\u00a0\u00bb]<\/p>\n<h4>COMPOSITION<\/h4>\n<p>61% Polyamide &#8211; 16% Polyurethane &#8211; 8% Elasthanne &#8211; 8% Coton &#8211; 7 % Polyester<\/p>\n<h4>ENTRETIEN :<\/h4>\n<p>Laver en machine \u00e0 30\u00b0C maximum avec une lessive \u00e0 base de savon naturel type savon de Marseille. Ne pas utiliser de s\u00e8che-linge.<em> Il est recommand\u00e9 de laver le v\u00eatement avant de le porter pour la premi\u00e8re fois.<\/em><\/p>\n<h4>CONTRE-INDICATIONS :<\/h4>\n<p>La ceinture digestive ou thoracique ne doit pas \u00eatre port\u00e9e directement sur une peau l\u00e9s\u00e9e.<\/p>\n<p>[\/et_pb_tab][et_pb_tab title=\u00a0\u00bbGUIDE DE TAILLE\u00a0\u00bb _builder_version=\u00a0\u00bb4.16&Prime; _module_preset=\u00a0\u00bbdefault\u00a0\u00bb global_colors_info=\u00a0\u00bb{}\u00a0\u00bb]<\/p>\n[et_pb_section global_module=\"7041\"][\/et_pb_section]\n<p><em>Les tailles indiqu\u00e9es correspondent aux mesures prises avant intervention. D\u2019autres tailles peuvent \u00eatre r\u00e9alis\u00e9es sur-mesure.<\/em><\/p>\n<p><strong>Hauteurs disponibles avec\u00a0\u00e9lastique\u00a0: 25cm<\/strong><\/p>\n<p><strong>Hauteurs disponibles sans \u00e9lastique\u00a0: 18cm et 32cm<\/strong><\/p>\n<p><img loading=\"lazy\" decoding=\"async\" class=\"alignnone wp-image-11379 size-full\" src=\"https:\/\/www.medicalz.com\/wp-content\/uploads\/2021\/08\/CEINTURES_DIGESTIVESTHORACIQUES-1.jpg\" alt=\"\" width=\"2126\" height=\"591\" srcset=\"https:\/\/www.medicalz.com\/wp-content\/uploads\/2021\/08\/CEINTURES_DIGESTIVESTHORACIQUES-1.jpg 2126w, https:\/\/www.medicalz.com\/wp-content\/uploads\/2021\/08\/CEINTURES_DIGESTIVESTHORACIQUES-1-1280x356.jpg 1280w, https:\/\/www.medicalz.com\/wp-content\/uploads\/2021\/08\/CEINTURES_DIGESTIVESTHORACIQUES-1-980x272.jpg 980w, https:\/\/www.medicalz.com\/wp-content\/uploads\/2021\/08\/CEINTURES_DIGESTIVESTHORACIQUES-1-480x133.jpg 480w\" sizes=\"(min-width: 0px) and (max-width: 480px) 480px, (min-width: 481px) and (max-width: 980px) 980px, (min-width: 981px) and (max-width: 1280px) 1280px, (min-width: 1281px) 2126px, 100vw\" \/><\/p>\n<p>[\/et_pb_tab][et_pb_tab title=\u00a0\u00bbVID\u00c9O PRISE DE MESURE\u00a0\u00bb _builder_version=\u00a0\u00bb4.16&Prime; _module_preset=\u00a0\u00bbdefault\u00a0\u00bb global_colors_info=\u00a0\u00bb{}\u00a0\u00bb]<\/p>\n<p><strong>Comment bien prendre les mesures pour les v\u00eatements post op\u00e9ratoires M\u00e9dical Z<\/strong><\/p>\n<p><iframe loading=\"lazy\" title=\"Prise de mesure pour les ceintures M\u00e9dical Z\u00ae\" width=\"1080\" height=\"608\" src=\"https:\/\/www.youtube.com\/embed\/0fkO_OPvDcU?feature=oembed\"  allow=\"accelerometer; autoplay; clipboard-write; encrypted-media; gyroscope; picture-in-picture; web-share\" referrerpolicy=\"strict-origin-when-cross-origin\" allowfullscreen><\/iframe><\/p>\n<p>[\/et_pb_tab][\/et_pb_tabs][\/et_pb_column][\/et_pb_row][\/et_pb_section][et_pb_section fb_built=\u00a0\u00bb1&Prime; _builder_version=\u00a0\u00bb4.16&Prime; _module_preset=\u00a0\u00bbdefault\u00a0\u00bb background_color=\u00a0\u00bb#e3e3e3&Prime; global_colors_info=\u00a0\u00bb{}\u00a0\u00bb][et_pb_row _builder_version=\u00a0\u00bb4.16&Prime; _module_preset=\u00a0\u00bbdefault\u00a0\u00bb global_colors_info=\u00a0\u00bb{}\u00a0\u00bb][et_pb_column type=\u00a0\u00bb4_4&Prime; _builder_version=\u00a0\u00bb4.16&Prime; _module_preset=\u00a0\u00bbdefault\u00a0\u00bb global_colors_info=\u00a0\u00bb{}\u00a0\u00bb][et_pb_button button_url=\u00a0\u00bbhttps:\/\/www.medicalz.com\/faq\/\u00a0\u00bb button_text=\u00a0\u00bbRETROUVEZ TOUTES LES QUESTIONS &#8211; FAQ\u00a0\u00bb button_alignment=\u00a0\u00bbcenter\u00a0\u00bb _builder_version=\u00a0\u00bb4.16&Prime; _module_preset=\u00a0\u00bbdefault\u00a0\u00bb custom_button=\u00a0\u00bbon\u00a0\u00bb button_text_size=\u00a0\u00bb18px\u00a0\u00bb button_text_color=\u00a0\u00bb#2F4457&Prime; button_border_width=\u00a0\u00bb1px\u00a0\u00bb button_border_color=\u00a0\u00bb#2F4457&Prime; button_border_radius=\u00a0\u00bb0px\u00a0\u00bb button_font=\u00a0\u00bb|700|||||||\u00a0\u00bb custom_padding=\u00a0\u00bb15px|110px|15px|110px|false|true\u00a0\u00bb global_colors_info=\u00a0\u00bb{}\u00a0\u00bb][\/et_pb_button][\/et_pb_column][\/et_pb_row][\/et_pb_section][et_pb_section fb_built=\u00a0\u00bb1&Prime; _builder_version=\u00a0\u00bb4.16&Prime; _module_preset=\u00a0\u00bbdefault\u00a0\u00bb custom_padding=\u00a0\u00bb0px|||||\u00a0\u00bb global_colors_info=\u00a0\u00bb{}\u00a0\u00bb][et_pb_row _builder_version=\u00a0\u00bb4.16&Prime; _module_preset=\u00a0\u00bbdefault\u00a0\u00bb custom_margin=\u00a0\u00bb|auto|-28px|auto||\u00a0\u00bb custom_padding=\u00a0\u00bb||0px|||\u00a0\u00bb global_colors_info=\u00a0\u00bb{}\u00a0\u00bb][et_pb_column type=\u00a0\u00bb4_4&Prime; _builder_version=\u00a0\u00bb4.16&Prime; _module_preset=\u00a0\u00bbdefault\u00a0\u00bb global_colors_info=\u00a0\u00bb{}\u00a0\u00bb][et_pb_text _builder_version=\u00a0\u00bb4.16&Prime; _module_preset=\u00a0\u00bbdefault\u00a0\u00bb text_font=\u00a0\u00bb|300|||||||\u00a0\u00bb text_text_color=\u00a0\u00bb#178fcf\u00a0\u00bb header_text_color=\u00a0\u00bb#178fcf\u00a0\u00bb header_3_text_color=\u00a0\u00bb#178FCF\u00a0\u00bb locked=\u00a0\u00bboff\u00a0\u00bb global_colors_info=\u00a0\u00bb{}\u00a0\u00bb]<\/p>\n<h3>NOUS VOUS PROPOSONS AUSSI<\/h3>\n<p>[\/et_pb_text][et_pb_divider module_class=\u00a0\u00bbseparateur\u00a0\u00bb _builder_version=\u00a0\u00bb4.16&Prime; _module_preset=\u00a0\u00bbdefault\u00a0\u00bb global_colors_info=\u00a0\u00bb{}\u00a0\u00bb][\/et_pb_divider][et_pb_wc_related_products product=\u00a0\u00bb5900&Prime; orderby=\u00a0\u00bbpopularity\u00a0\u00bb admin_label=\u00a0\u00bbProduits apparent\u00e9s\u00a0\u00bb _builder_version=\u00a0\u00bb4.16&Prime; _module_preset=\u00a0\u00bbdefault\u00a0\u00bb border_width_all=\u00a0\u00bb0px\u00a0\u00bb global_colors_info=\u00a0\u00bb{}\u00a0\u00bb border_radii__hover_enabled=\u00a0\u00bboff|hover\u00a0\u00bb][\/et_pb_wc_related_products][et_pb_wc_upsells _builder_version=\u00a0\u00bb4.16&Prime; _module_preset=\u00a0\u00bbdefault\u00a0\u00bb custom_css_price=\u00a0\u00bbdisplay:none;\u00a0\u00bb global_colors_info=\u00a0\u00bb{}\u00a0\u00bb][\/et_pb_wc_upsells][\/et_pb_column][\/et_pb_row][\/et_pb_section]<\/p>\n","protected":false},"excerpt":{"rendered":"<p>Ceinture DIGI Z+ Ceinture digestive renforc\u00e9e sans \u00e9lastique, avec plastron en mousse bomb\u00e9 S\/038Couleur disponible DescriptionCeinture de maintien visc\u00e9rale avec plastron en mousse bomb\u00e9. Le plastron en mousse permet une meilleure compression. Sa forme bomb\u00e9e \u00e9pouse la morphologie du patient. La d\u00e9coupe du produit assure un parfait maintien et une totale libert\u00e9 de mouvement. &nbsp; [&hellip;]<\/p>\n","protected":false},"featured_media":17551,"template":"","meta":{"_et_pb_use_builder":"on","_et_pb_old_content":"","_et_gb_content_width":""},"product_brand":[],"product_cat":[30,83],"product_tag":[],"class_list":{"0":"post-5930","1":"product","2":"type-product","3":"status-publish","4":"has-post-thumbnail","6":"product_cat-chirurgie","7":"product_cat-ceinture-abdomen","9":"first","10":"instock","11":"shipping-taxable","12":"product-type-simple"},"yoast_head":"<!-- This site is optimized with the Yoast SEO plugin v25.1 - https:\/\/yoast.com\/wordpress\/plugins\/seo\/ -->\n<title>Ceinture digestive Renforc\u00e9e sans \u00e9lastique - Chirurgie reconstructive - M\u00e9dical Z<\/title>\n<meta name=\"robots\" content=\"index, follow, max-snippet:-1, max-image-preview:large, max-video-preview:-1\" \/>\n<link rel=\"canonical\" href=\"https:\/\/www.medicalz.com\/fr\/produits\/ceinturedigestive-renforceesans-elastique\/\" \/>\n<meta property=\"og:locale\" content=\"fr_FR\" \/>\n<meta property=\"og:type\" content=\"article\" \/>\n<meta property=\"og:title\" content=\"Ceinture digestive Renforc\u00e9e sans \u00e9lastique - Chirurgie reconstructive - M\u00e9dical Z\" \/>\n<meta property=\"og:description\" content=\"Ceinture DIGI Z+ Ceinture digestive renforc\u00e9e sans \u00e9lastique, avec plastron en mousse bomb\u00e9 S\/038Couleur disponible DescriptionCeinture de maintien visc\u00e9rale avec plastron en mousse bomb\u00e9. Le plastron en mousse permet une meilleure compression. Sa forme bomb\u00e9e \u00e9pouse la morphologie du patient. La d\u00e9coupe du produit assure un parfait maintien et une totale libert\u00e9 de mouvement. &nbsp; [&hellip;]\" \/>\n<meta property=\"og:url\" content=\"https:\/\/www.medicalz.com\/fr\/produits\/ceinturedigestive-renforceesans-elastique\/\" \/>\n<meta property=\"og:site_name\" content=\"Medical Z\" \/>\n<meta property=\"article:publisher\" content=\"https:\/\/www.facebook.com\/MedicalZFrance\/\" \/>\n<meta property=\"article:modified_time\" content=\"2026-03-13T11:02:48+00:00\" \/>\n<meta property=\"og:image\" content=\"https:\/\/www.medicalz.com\/wp-content\/uploads\/2021\/08\/S038_sans-elastiquesite.png\" \/>\n\t<meta property=\"og:image:width\" content=\"700\" \/>\n\t<meta property=\"og:image:height\" content=\"700\" \/>\n\t<meta property=\"og:image:type\" content=\"image\/png\" \/>\n<script type=\"application\/ld+json\" class=\"yoast-schema-graph\">{\"@context\":\"https:\/\/schema.org\",\"@graph\":[{\"@type\":\"WebPage\",\"@id\":\"https:\/\/www.medicalz.com\/fr\/produits\/ceinturedigestive-renforceesans-elastique\/\",\"url\":\"https:\/\/www.medicalz.com\/fr\/produits\/ceinturedigestive-renforceesans-elastique\/\",\"name\":\"Ceinture digestive Renforc\u00e9e sans \u00e9lastique - Chirurgie reconstructive - M\u00e9dical Z\",\"isPartOf\":{\"@id\":\"https:\/\/www.medicalz.com\/fr\/#website\"},\"primaryImageOfPage\":{\"@id\":\"https:\/\/www.medicalz.com\/fr\/produits\/ceinturedigestive-renforceesans-elastique\/#primaryimage\"},\"image\":{\"@id\":\"https:\/\/www.medicalz.com\/fr\/produits\/ceinturedigestive-renforceesans-elastique\/#primaryimage\"},\"thumbnailUrl\":\"https:\/\/www.medicalz.com\/wp-content\/uploads\/2021\/08\/S038_sans-elastiquesite.png\",\"datePublished\":\"2021-08-04T14:54:15+00:00\",\"dateModified\":\"2026-03-13T11:02:48+00:00\",\"breadcrumb\":{\"@id\":\"https:\/\/www.medicalz.com\/fr\/produits\/ceinturedigestive-renforceesans-elastique\/#breadcrumb\"},\"inLanguage\":\"fr-FR\",\"potentialAction\":[{\"@type\":\"ReadAction\",\"target\":[\"https:\/\/www.medicalz.com\/fr\/produits\/ceinturedigestive-renforceesans-elastique\/\"]}]},{\"@type\":\"ImageObject\",\"inLanguage\":\"fr-FR\",\"@id\":\"https:\/\/www.medicalz.com\/fr\/produits\/ceinturedigestive-renforceesans-elastique\/#primaryimage\",\"url\":\"https:\/\/www.medicalz.com\/wp-content\/uploads\/2021\/08\/S038_sans-elastiquesite.png\",\"contentUrl\":\"https:\/\/www.medicalz.com\/wp-content\/uploads\/2021\/08\/S038_sans-elastiquesite.png\",\"width\":700,\"height\":700,\"caption\":\"ceinture digestive renforc\u00e9e sans elastique\"},{\"@type\":\"BreadcrumbList\",\"@id\":\"https:\/\/www.medicalz.com\/fr\/produits\/ceinturedigestive-renforceesans-elastique\/#breadcrumb\",\"itemListElement\":[{\"@type\":\"ListItem\",\"position\":1,\"name\":\"Principal\",\"item\":\"https:\/\/www.medicalz.com\/fr\/accueil\/\"},{\"@type\":\"ListItem\",\"position\":2,\"name\":\"Produits\",\"item\":\"https:\/\/www.medicalz.com\/fr\/shop\/\"},{\"@type\":\"ListItem\",\"position\":3,\"name\":\"Chirurgie\",\"item\":\"https:\/\/www.medicalz.com\/fr\/categorie-produit\/chirurgie\/\"},{\"@type\":\"ListItem\",\"position\":4,\"name\":\"Ceinture DIGI Z+ Sans \u00e9lastique\"}]},{\"@type\":\"WebSite\",\"@id\":\"https:\/\/www.medicalz.com\/fr\/#website\",\"url\":\"https:\/\/www.medicalz.com\/fr\/\",\"name\":\"Medical Z\",\"description\":\"Cr\u00e9ateur FRAN\u00c7AIS de v\u00eatements compressifs depuis 1981\",\"publisher\":{\"@id\":\"https:\/\/www.medicalz.com\/fr\/#organization\"},\"potentialAction\":[{\"@type\":\"SearchAction\",\"target\":{\"@type\":\"EntryPoint\",\"urlTemplate\":\"https:\/\/www.medicalz.com\/fr\/?s={search_term_string}\"},\"query-input\":{\"@type\":\"PropertyValueSpecification\",\"valueRequired\":true,\"valueName\":\"search_term_string\"}}],\"inLanguage\":\"fr-FR\"},{\"@type\":\"Organization\",\"@id\":\"https:\/\/www.medicalz.com\/fr\/#organization\",\"name\":\"MedicalZ\",\"url\":\"https:\/\/www.medicalz.com\/fr\/\",\"logo\":{\"@type\":\"ImageObject\",\"inLanguage\":\"fr-FR\",\"@id\":\"https:\/\/www.medicalz.com\/fr\/#\/schema\/logo\/image\/\",\"url\":\"https:\/\/www.medicalz.com\/wp-content\/uploads\/2021\/06\/logo-1.png\",\"contentUrl\":\"https:\/\/www.medicalz.com\/wp-content\/uploads\/2021\/06\/logo-1.png\",\"width\":400,\"height\":227,\"caption\":\"MedicalZ\"},\"image\":{\"@id\":\"https:\/\/www.medicalz.com\/fr\/#\/schema\/logo\/image\/\"},\"sameAs\":[\"https:\/\/www.facebook.com\/MedicalZFrance\/\",\"https:\/\/www.instagram.com\/medicalz_fr\/?hl=fr\",\"https:\/\/www.youtube.com\/channel\/UC7rGbkWBc15cA4pbHS99Vbg\"]}]}<\/script>\n<!-- \/ Yoast SEO plugin. -->","yoast_head_json":{"title":"Ceinture digestive Renforc\u00e9e sans \u00e9lastique - Chirurgie reconstructive - M\u00e9dical Z","robots":{"index":"index","follow":"follow","max-snippet":"max-snippet:-1","max-image-preview":"max-image-preview:large","max-video-preview":"max-video-preview:-1"},"canonical":"https:\/\/www.medicalz.com\/fr\/produits\/ceinturedigestive-renforceesans-elastique\/","og_locale":"fr_FR","og_type":"article","og_title":"Ceinture digestive Renforc\u00e9e sans \u00e9lastique - Chirurgie reconstructive - M\u00e9dical Z","og_description":"Ceinture DIGI Z+ Ceinture digestive renforc\u00e9e sans \u00e9lastique, avec plastron en mousse bomb\u00e9 S\/038Couleur disponible DescriptionCeinture de maintien visc\u00e9rale avec plastron en mousse bomb\u00e9. Le plastron en mousse permet une meilleure compression. Sa forme bomb\u00e9e \u00e9pouse la morphologie du patient. La d\u00e9coupe du produit assure un parfait maintien et une totale libert\u00e9 de mouvement. &nbsp; [&hellip;]","og_url":"https:\/\/www.medicalz.com\/fr\/produits\/ceinturedigestive-renforceesans-elastique\/","og_site_name":"Medical Z","article_publisher":"https:\/\/www.facebook.com\/MedicalZFrance\/","article_modified_time":"2026-03-13T11:02:48+00:00","og_image":[{"width":700,"height":700,"url":"https:\/\/www.medicalz.com\/wp-content\/uploads\/2021\/08\/S038_sans-elastiquesite.png","type":"image\/png"}],"schema":{"@context":"https:\/\/schema.org","@graph":[{"@type":"WebPage","@id":"https:\/\/www.medicalz.com\/fr\/produits\/ceinturedigestive-renforceesans-elastique\/","url":"https:\/\/www.medicalz.com\/fr\/produits\/ceinturedigestive-renforceesans-elastique\/","name":"Ceinture digestive Renforc\u00e9e sans \u00e9lastique - Chirurgie reconstructive - M\u00e9dical Z","isPartOf":{"@id":"https:\/\/www.medicalz.com\/fr\/#website"},"primaryImageOfPage":{"@id":"https:\/\/www.medicalz.com\/fr\/produits\/ceinturedigestive-renforceesans-elastique\/#primaryimage"},"image":{"@id":"https:\/\/www.medicalz.com\/fr\/produits\/ceinturedigestive-renforceesans-elastique\/#primaryimage"},"thumbnailUrl":"https:\/\/www.medicalz.com\/wp-content\/uploads\/2021\/08\/S038_sans-elastiquesite.png","datePublished":"2021-08-04T14:54:15+00:00","dateModified":"2026-03-13T11:02:48+00:00","breadcrumb":{"@id":"https:\/\/www.medicalz.com\/fr\/produits\/ceinturedigestive-renforceesans-elastique\/#breadcrumb"},"inLanguage":"fr-FR","potentialAction":[{"@type":"ReadAction","target":["https:\/\/www.medicalz.com\/fr\/produits\/ceinturedigestive-renforceesans-elastique\/"]}]},{"@type":"ImageObject","inLanguage":"fr-FR","@id":"https:\/\/www.medicalz.com\/fr\/produits\/ceinturedigestive-renforceesans-elastique\/#primaryimage","url":"https:\/\/www.medicalz.com\/wp-content\/uploads\/2021\/08\/S038_sans-elastiquesite.png","contentUrl":"https:\/\/www.medicalz.com\/wp-content\/uploads\/2021\/08\/S038_sans-elastiquesite.png","width":700,"height":700,"caption":"ceinture digestive renforc\u00e9e sans elastique"},{"@type":"BreadcrumbList","@id":"https:\/\/www.medicalz.com\/fr\/produits\/ceinturedigestive-renforceesans-elastique\/#breadcrumb","itemListElement":[{"@type":"ListItem","position":1,"name":"Principal","item":"https:\/\/www.medicalz.com\/fr\/accueil\/"},{"@type":"ListItem","position":2,"name":"Produits","item":"https:\/\/www.medicalz.com\/fr\/shop\/"},{"@type":"ListItem","position":3,"name":"Chirurgie","item":"https:\/\/www.medicalz.com\/fr\/categorie-produit\/chirurgie\/"},{"@type":"ListItem","position":4,"name":"Ceinture DIGI Z+ Sans \u00e9lastique"}]},{"@type":"WebSite","@id":"https:\/\/www.medicalz.com\/fr\/#website","url":"https:\/\/www.medicalz.com\/fr\/","name":"Medical Z","description":"Cr\u00e9ateur FRAN\u00c7AIS de v\u00eatements compressifs depuis 1981","publisher":{"@id":"https:\/\/www.medicalz.com\/fr\/#organization"},"potentialAction":[{"@type":"SearchAction","target":{"@type":"EntryPoint","urlTemplate":"https:\/\/www.medicalz.com\/fr\/?s={search_term_string}"},"query-input":{"@type":"PropertyValueSpecification","valueRequired":true,"valueName":"search_term_string"}}],"inLanguage":"fr-FR"},{"@type":"Organization","@id":"https:\/\/www.medicalz.com\/fr\/#organization","name":"MedicalZ","url":"https:\/\/www.medicalz.com\/fr\/","logo":{"@type":"ImageObject","inLanguage":"fr-FR","@id":"https:\/\/www.medicalz.com\/fr\/#\/schema\/logo\/image\/","url":"https:\/\/www.medicalz.com\/wp-content\/uploads\/2021\/06\/logo-1.png","contentUrl":"https:\/\/www.medicalz.com\/wp-content\/uploads\/2021\/06\/logo-1.png","width":400,"height":227,"caption":"MedicalZ"},"image":{"@id":"https:\/\/www.medicalz.com\/fr\/#\/schema\/logo\/image\/"},"sameAs":["https:\/\/www.facebook.com\/MedicalZFrance\/","https:\/\/www.instagram.com\/medicalz_fr\/?hl=fr","https:\/\/www.youtube.com\/channel\/UC7rGbkWBc15cA4pbHS99Vbg"]}]}},"_links":{"self":[{"href":"https:\/\/www.medicalz.com\/fr\/wp-json\/wp\/v2\/product\/5930","targetHints":{"allow":["GET"]}}],"collection":[{"href":"https:\/\/www.medicalz.com\/fr\/wp-json\/wp\/v2\/product"}],"about":[{"href":"https:\/\/www.medicalz.com\/fr\/wp-json\/wp\/v2\/types\/product"}],"wp:featuredmedia":[{"embeddable":true,"href":"https:\/\/www.medicalz.com\/fr\/wp-json\/wp\/v2\/media\/17551"}],"wp:attachment":[{"href":"https:\/\/www.medicalz.com\/fr\/wp-json\/wp\/v2\/media?parent=5930"}],"wp:term":[{"taxonomy":"product_brand","embeddable":true,"href":"https:\/\/www.medicalz.com\/fr\/wp-json\/wp\/v2\/product_brand?post=5930"},{"taxonomy":"product_cat","embeddable":true,"href":"https:\/\/www.medicalz.com\/fr\/wp-json\/wp\/v2\/product_cat?post=5930"},{"taxonomy":"product_tag","embeddable":true,"href":"https:\/\/www.medicalz.com\/fr\/wp-json\/wp\/v2\/product_tag?post=5930"}],"curies":[{"name":"wp","href":"https:\/\/api.w.org\/{rel}","templated":true}]}}