{"id":5995,"date":"2021-08-04T17:30:58","date_gmt":"2021-08-04T15:30:58","guid":{"rendered":"https:\/\/www.medicalz.com\/?post_type=product&#038;p=5995"},"modified":"2026-03-12T16:50:27","modified_gmt":"2026-03-12T15:50:27","slug":"ceinture-z-modele-a","status":"publish","type":"product","link":"https:\/\/www.medicalz.com\/fr\/produits\/ceinture-z-modele-a\/","title":{"rendered":"CEINTURE Z\u00ae Mod\u00e8le A <\/br>Fermeture lat\u00e9rale auto-agrippante <\/br>Renfort en mousse"},"content":{"rendered":"<p>[et_pb_section fb_built=\u00a0\u00bb1&Prime; _builder_version=\u00a0\u00bb4.16&Prime; _module_preset=\u00a0\u00bbdefault\u00a0\u00bb global_colors_info=\u00a0\u00bb{}\u00a0\u00bb][et_pb_row column_structure=\u00a0\u00bb1_2,1_2&Prime; _builder_version=\u00a0\u00bb4.16&Prime; _module_preset=\u00a0\u00bbdefault\u00a0\u00bb global_colors_info=\u00a0\u00bb{}\u00a0\u00bb][et_pb_column type=\u00a0\u00bb1_2&Prime; _builder_version=\u00a0\u00bb4.16&Prime; _module_preset=\u00a0\u00bbdefault\u00a0\u00bb global_colors_info=\u00a0\u00bb{}\u00a0\u00bb][et_pb_wc_images admin_label=\u00a0\u00bbVisuel produit\u00a0\u00bb _builder_version=\u00a0\u00bb4.16&Prime; _module_preset=\u00a0\u00bbdefault\u00a0\u00bb global_colors_info=\u00a0\u00bb{}\u00a0\u00bb][\/et_pb_wc_images][\/et_pb_column][et_pb_column type=\u00a0\u00bb1_2&Prime; _builder_version=\u00a0\u00bb4.16&Prime; _module_preset=\u00a0\u00bbdefault\u00a0\u00bb global_colors_info=\u00a0\u00bb{}\u00a0\u00bb][et_pb_text admin_label=\u00a0\u00bbNom produit \/ R\u00e9f  (\u00e0 remplir)\u00a0\u00bb module_class=\u00a0\u00bbhn-produits\u00a0\u00bb _builder_version=\u00a0\u00bb4.16&Prime; _module_preset=\u00a0\u00bbdefault\u00a0\u00bb text_font=\u00a0\u00bb|700|||||||\u00a0\u00bb text_text_color=\u00a0\u00bb#2F4457&Prime; text_font_size=\u00a0\u00bb17px\u00a0\u00bb global_colors_info=\u00a0\u00bb{}\u00a0\u00bb]<\/p>\n<h1 class=\"bold text-blue text-uppercase mtop80 mbot20\">CEINTURE Z<sup>\u00ae <\/sup>MOD\u00c8LE A<br \/>Fermeture lat\u00e9rale auto-agrippante<br \/>Renfort en mousse<\/h1>\n<p>S\/006<\/p>\n<p>[\/et_pb_text][et_pb_divider color=\u00a0\u00bb#e3e3e3&Prime; divider_weight=\u00a0\u00bb2px\u00a0\u00bb _builder_version=\u00a0\u00bb4.16&Prime; _module_preset=\u00a0\u00bbdefault\u00a0\u00bb custom_margin=\u00a0\u00bb||0px||false|false\u00a0\u00bb global_colors_info=\u00a0\u00bb{}\u00a0\u00bb][\/et_pb_divider][et_pb_text admin_label=\u00a0\u00bbCouleurs disponibles  (\u00e0 remplir)\u00a0\u00bb _builder_version=\u00a0\u00bb4.16&Prime; _module_preset=\u00a0\u00bbdefault\u00a0\u00bb text_font=\u00a0\u00bb|700|||||||\u00a0\u00bb text_text_color=\u00a0\u00bb#2F4457&Prime; text_font_size=\u00a0\u00bb17px\u00a0\u00bb text_letter_spacing=\u00a0\u00bb1px\u00a0\u00bb custom_margin=\u00a0\u00bb||4px|||\u00a0\u00bb global_colors_info=\u00a0\u00bb{}\u00a0\u00bb]<\/p>\n<p>Couleurs disponibles<\/p>\n<p><img loading=\"lazy\" decoding=\"async\" class=\"wp-image-4689 alignnone size-full\" src=\"https:\/\/www.medicalz.com\/wp-content\/uploads\/2021\/07\/rond_noir_selec.png\" alt=\"\" width=\"50\" height=\"50\" \/> \u00a0<\/p>\n<p>[\/et_pb_text][et_pb_divider color=\u00a0\u00bb#e3e3e3&Prime; divider_weight=\u00a0\u00bb2px\u00a0\u00bb _builder_version=\u00a0\u00bb4.16&Prime; _module_preset=\u00a0\u00bbdefault\u00a0\u00bb custom_margin=\u00a0\u00bb||0px||false|false\u00a0\u00bb global_colors_info=\u00a0\u00bb{}\u00a0\u00bb][\/et_pb_divider][et_pb_text admin_label=\u00a0\u00bbTitre description\u00a0\u00bb _builder_version=\u00a0\u00bb4.16&Prime; _module_preset=\u00a0\u00bbdefault\u00a0\u00bb text_font=\u00a0\u00bb|700|||||||\u00a0\u00bb text_text_color=\u00a0\u00bb#2F4457&Prime; text_font_size=\u00a0\u00bb17px\u00a0\u00bb text_letter_spacing=\u00a0\u00bb1px\u00a0\u00bb global_colors_info=\u00a0\u00bb{}\u00a0\u00bb]<\/p>\n<p>Description<\/p>\n<p>[\/et_pb_text][et_pb_text admin_label=\u00a0\u00bbTexte Description (\u00e0 remplir)\u00a0\u00bb _builder_version=\u00a0\u00bb4.16&Prime; _module_preset=\u00a0\u00bbdefault\u00a0\u00bb header_3_text_align=\u00a0\u00bbleft\u00a0\u00bb global_colors_info=\u00a0\u00bb{}\u00a0\u00bb]<\/p>\n<p><strong>Ceinture abdominale post-op\u00e9ratoire.<\/strong><\/p>\n<p>L\u2019application de la<strong>\u00a0ceinture Z<sup>\u00ae<\/sup><\/strong> r\u00e9alis\u00e9e \u00e0 partir d\u2019un textile \u00e9lastique dans les deux sens, sp\u00e9cialement \u00e9tudi\u00e9, peut s\u2019effectuer imm\u00e9diatement apr\u00e8s l\u2019intervention. Gr\u00e2ce \u00e0 la patte d\u2019entrejambes, la tension s\u2019exerce horizontalement et verticalement. Les larges velcro lat\u00e9raux assurent un maintien contr\u00f4l\u00e9 et donnent \u00e0 cet appareil les qualit\u00e9s d\u2019une ceinture standard adaptable \u00e0 toutes les morphologies,\u00a0<strong>TOUT EN PERMETTANT LE LIBRE JEU MUSCULAIRE<\/strong>. Une mousse log\u00e9e dans la partie ant\u00e9rieure de la ceinture peut \u00eatre d\u00e9plac\u00e9e de fa\u00e7on \u00e0 \u00eatre appliqu\u00e9e sur la cicatrice concern\u00e9e.<\/p>\n<p>Le type A couvre du pubis \u00e0 l\u2019ombillic. Cette ceinture est disponible pour femme (S\/006) et pour homme (S\/005).<\/p>\n<p>Pour une efficacit\u00e9 optimale, l\u2019application de la ceinture abdominale s\u2019effectue juste apr\u00e8s l\u2019intervention. La dur\u00e9e d\u2019application d\u00e9pend de la prescription m\u00e9dicale. La premi\u00e8re mise en place doit \u00eatre assur\u00e9e par un professionnel de sant\u00e9.<\/p>\n<p><img loading=\"lazy\" decoding=\"async\" class=\"wp-image-8 alignnone size-medium\" style=\"float: left;\" src=\"https:\/\/www.medicalz.com\/wp-content\/uploads\/2021\/05\/LPPR-300x242.png\" alt=\"\" width=\"47\" height=\"37\" \/><\/p>\n<p>[\/et_pb_text][\/et_pb_column][\/et_pb_row][\/et_pb_section][et_pb_section fb_built=\u00a0\u00bb1&Prime; _builder_version=\u00a0\u00bb4.16&Prime; _module_preset=\u00a0\u00bbdefault\u00a0\u00bb border_width_top=\u00a0\u00bb2px\u00a0\u00bb border_color_top=\u00a0\u00bb#e3e3e3&Prime; global_colors_info=\u00a0\u00bb{}\u00a0\u00bb][et_pb_row _builder_version=\u00a0\u00bb4.16&Prime; _module_preset=\u00a0\u00bbdefault\u00a0\u00bb global_colors_info=\u00a0\u00bb{}\u00a0\u00bb][et_pb_column type=\u00a0\u00bb4_4&Prime; _builder_version=\u00a0\u00bb4.16&Prime; _module_preset=\u00a0\u00bbdefault\u00a0\u00bb global_colors_info=\u00a0\u00bb{}\u00a0\u00bb][et_pb_tabs active_tab_background_color=\u00a0\u00bb#FFFFFF\u00a0\u00bb inactive_tab_background_color=\u00a0\u00bb#FFFFFF\u00a0\u00bb active_tab_text_color=\u00a0\u00bb#2F4457&Prime; admin_label=\u00a0\u00bbOnglets composition \/ guide de tailles&#8230;  (\u00e0 remplir)\u00a0\u00bb module_class=\u00a0\u00bbonglets-produits\u00a0\u00bb _builder_version=\u00a0\u00bb4.16&Prime; _module_preset=\u00a0\u00bbdefault\u00a0\u00bb tab_text_color=\u00a0\u00bb#2F4457&Prime; tab_font_size=\u00a0\u00bb14px\u00a0\u00bb background_color=\u00a0\u00bb#FFFFFF\u00a0\u00bb custom_margin=\u00a0\u00bb0px||||false|false\u00a0\u00bb custom_padding=\u00a0\u00bb|||30px||\u00a0\u00bb custom_css_tabs_controls=\u00a0\u00bbborder-top-color:transparent;||border-bottom-color:transparent;||background-color:transparent;\u00a0\u00bb custom_css_tab=\u00a0\u00bbborder:transparent;||\u00a0\u00bb custom_css_tabs_content=\u00a0\u00bbborder:transparent;\u00a0\u00bb border_width_all=\u00a0\u00bb0px\u00a0\u00bb locked=\u00a0\u00bboff\u00a0\u00bb global_colors_info=\u00a0\u00bb{}\u00a0\u00bb][et_pb_tab title=\u00a0\u00bbCOMPOSITION\u00a0\u00bb _builder_version=\u00a0\u00bb4.16&Prime; _module_preset=\u00a0\u00bbdefault\u00a0\u00bb global_colors_info=\u00a0\u00bb{}\u00a0\u00bb]<\/p>\n<h4>COMPOSITION<\/h4>\n<p>74% Polyamide &#8211; 26% Elasthanne<\/p>\n<h4>ENTRETIEN :<\/h4>\n<p>Laver en machine \u00e0 30\u00b0C maximum avec une lessive \u00e0 base de savon naturel type savon de Marseille. Ne pas utiliser de s\u00e8che-linge.<em> Il est recommand\u00e9 de laver le v\u00eatement avant de le porter pour la premi\u00e8re fois.<\/em><\/p>\n<h4>CONTRE-INDICATIONS :<\/h4>\n<p>La ceinture abdominale ne doit pas \u00eatre port\u00e9e directement sur une peau l\u00e9s\u00e9e.<\/p>\n<p>[\/et_pb_tab][et_pb_tab title=\u00a0\u00bbGUIDE DE TAILLE\u00a0\u00bb _builder_version=\u00a0\u00bb4.16&Prime; _module_preset=\u00a0\u00bbdefault\u00a0\u00bb global_colors_info=\u00a0\u00bb{}\u00a0\u00bb]<\/p>\n[et_pb_section global_module=\"7041\"][\/et_pb_section]\n<p><em>Les tailles indiqu\u00e9es correspondent aux mesures prises avant intervention. D\u2019autres tailles peuvent \u00eatre r\u00e9alis\u00e9es sur-mesure.<\/em><\/p>\n<p><img loading=\"lazy\" decoding=\"async\" class=\"wp-image-10099 alignnone size-full\" src=\"https:\/\/www.medicalz.com\/wp-content\/uploads\/2021\/08\/CEINTURESZ_STANDARD.jpg\" alt=\"\" width=\"1535\" height=\"827\" srcset=\"https:\/\/www.medicalz.com\/wp-content\/uploads\/2021\/08\/CEINTURESZ_STANDARD.jpg 1535w, https:\/\/www.medicalz.com\/wp-content\/uploads\/2021\/08\/CEINTURESZ_STANDARD-1280x690.jpg 1280w, https:\/\/www.medicalz.com\/wp-content\/uploads\/2021\/08\/CEINTURESZ_STANDARD-980x528.jpg 980w, https:\/\/www.medicalz.com\/wp-content\/uploads\/2021\/08\/CEINTURESZ_STANDARD-480x259.jpg 480w\" sizes=\"(min-width: 0px) and (max-width: 480px) 480px, (min-width: 481px) and (max-width: 980px) 980px, (min-width: 981px) and (max-width: 1280px) 1280px, (min-width: 1281px) 1535px, 100vw\" \/><\/p>\n<p>[\/et_pb_tab][et_pb_tab title=\u00a0\u00bbVID\u00c9O PRISE DE MESURE\u00a0\u00bb _builder_version=\u00a0\u00bb4.16&Prime; _module_preset=\u00a0\u00bbdefault\u00a0\u00bb global_colors_info=\u00a0\u00bb{}\u00a0\u00bb]<\/p>\n<p><strong>Comment bien prendre les mesures pour les v\u00eatements post op\u00e9ratoires M\u00e9dical Z<\/strong><\/p>\n<p><iframe loading=\"lazy\" title=\"Prise de mesure pour les ceintures M\u00e9dical Z\u00ae\" width=\"1080\" height=\"608\" src=\"https:\/\/www.youtube.com\/embed\/0fkO_OPvDcU?feature=oembed\"  allow=\"accelerometer; autoplay; clipboard-write; encrypted-media; gyroscope; picture-in-picture; web-share\" referrerpolicy=\"strict-origin-when-cross-origin\" allowfullscreen><\/iframe><\/p>\n<p>[\/et_pb_tab][\/et_pb_tabs][\/et_pb_column][\/et_pb_row][\/et_pb_section][et_pb_section fb_built=\u00a0\u00bb1&Prime; _builder_version=\u00a0\u00bb4.16&Prime; _module_preset=\u00a0\u00bbdefault\u00a0\u00bb background_color=\u00a0\u00bb#e3e3e3&Prime; global_colors_info=\u00a0\u00bb{}\u00a0\u00bb][et_pb_row _builder_version=\u00a0\u00bb4.16&Prime; _module_preset=\u00a0\u00bbdefault\u00a0\u00bb global_colors_info=\u00a0\u00bb{}\u00a0\u00bb][et_pb_column type=\u00a0\u00bb4_4&Prime; _builder_version=\u00a0\u00bb4.16&Prime; _module_preset=\u00a0\u00bbdefault\u00a0\u00bb global_colors_info=\u00a0\u00bb{}\u00a0\u00bb][et_pb_button button_url=\u00a0\u00bbhttps:\/\/www.medicalz.com\/faq\/\u00a0\u00bb button_text=\u00a0\u00bbRETROUVEZ TOUTES LES QUESTIONS &#8211; FAQ\u00a0\u00bb button_alignment=\u00a0\u00bbcenter\u00a0\u00bb _builder_version=\u00a0\u00bb4.16&Prime; _module_preset=\u00a0\u00bbdefault\u00a0\u00bb custom_button=\u00a0\u00bbon\u00a0\u00bb button_text_size=\u00a0\u00bb18px\u00a0\u00bb button_text_color=\u00a0\u00bb#2F4457&Prime; button_border_width=\u00a0\u00bb1px\u00a0\u00bb button_border_color=\u00a0\u00bb#2F4457&Prime; button_border_radius=\u00a0\u00bb0px\u00a0\u00bb button_font=\u00a0\u00bb|700|||||||\u00a0\u00bb custom_padding=\u00a0\u00bb15px|110px|15px|110px|false|true\u00a0\u00bb global_colors_info=\u00a0\u00bb{}\u00a0\u00bb][\/et_pb_button][\/et_pb_column][\/et_pb_row][\/et_pb_section][et_pb_section fb_built=\u00a0\u00bb1&Prime; _builder_version=\u00a0\u00bb4.16&Prime; _module_preset=\u00a0\u00bbdefault\u00a0\u00bb custom_padding=\u00a0\u00bb0px|||||\u00a0\u00bb global_colors_info=\u00a0\u00bb{}\u00a0\u00bb][et_pb_row _builder_version=\u00a0\u00bb4.16&Prime; _module_preset=\u00a0\u00bbdefault\u00a0\u00bb custom_margin=\u00a0\u00bb|auto|-28px|auto||\u00a0\u00bb custom_padding=\u00a0\u00bb||0px|||\u00a0\u00bb global_colors_info=\u00a0\u00bb{}\u00a0\u00bb][et_pb_column type=\u00a0\u00bb4_4&Prime; _builder_version=\u00a0\u00bb4.16&Prime; _module_preset=\u00a0\u00bbdefault\u00a0\u00bb global_colors_info=\u00a0\u00bb{}\u00a0\u00bb][et_pb_text _builder_version=\u00a0\u00bb4.16&Prime; _module_preset=\u00a0\u00bbdefault\u00a0\u00bb text_font=\u00a0\u00bb|300|||||||\u00a0\u00bb text_text_color=\u00a0\u00bb#178fcf\u00a0\u00bb header_text_color=\u00a0\u00bb#178fcf\u00a0\u00bb header_3_text_color=\u00a0\u00bb#178FCF\u00a0\u00bb locked=\u00a0\u00bboff\u00a0\u00bb global_colors_info=\u00a0\u00bb{}\u00a0\u00bb]<\/p>\n<h3>NOUS VOUS PROPOSONS AUSSI<\/h3>\n<p>[\/et_pb_text][et_pb_divider module_class=\u00a0\u00bbseparateur\u00a0\u00bb _builder_version=\u00a0\u00bb4.16&Prime; _module_preset=\u00a0\u00bbdefault\u00a0\u00bb global_colors_info=\u00a0\u00bb{}\u00a0\u00bb][\/et_pb_divider][et_pb_wc_related_products admin_label=\u00a0\u00bbProduits apparent\u00e9s\u00a0\u00bb _builder_version=\u00a0\u00bb4.16&Prime; _module_preset=\u00a0\u00bbdefault\u00a0\u00bb border_width_all=\u00a0\u00bb0px\u00a0\u00bb global_colors_info=\u00a0\u00bb{}\u00a0\u00bb border_radii__hover_enabled=\u00a0\u00bboff|hover\u00a0\u00bb][\/et_pb_wc_related_products][et_pb_wc_upsells _builder_version=\u00a0\u00bb4.16&Prime; _module_preset=\u00a0\u00bbdefault\u00a0\u00bb custom_css_price=\u00a0\u00bbdisplay:none;\u00a0\u00bb global_colors_info=\u00a0\u00bb{}\u00a0\u00bb][\/et_pb_wc_upsells][\/et_pb_column][\/et_pb_row][\/et_pb_section]<\/p>\n","protected":false},"excerpt":{"rendered":"<p>CEINTURE Z\u00ae MOD\u00c8LE AFermeture lat\u00e9rale auto-agrippanteRenfort en mousse S\/006Couleurs disponibles \u00a0DescriptionCeinture abdominale post-op\u00e9ratoire. L\u2019application de la\u00a0ceinture Z\u00ae r\u00e9alis\u00e9e \u00e0 partir d\u2019un textile \u00e9lastique dans les deux sens, sp\u00e9cialement \u00e9tudi\u00e9, peut s\u2019effectuer imm\u00e9diatement apr\u00e8s l\u2019intervention. Gr\u00e2ce \u00e0 la patte d\u2019entrejambes, la tension s\u2019exerce horizontalement et verticalement. Les larges velcro lat\u00e9raux assurent un maintien contr\u00f4l\u00e9 et donnent [&hellip;]<\/p>\n","protected":false},"featured_media":20812,"template":"","meta":{"_et_pb_use_builder":"on","_et_pb_old_content":"","_et_gb_content_width":""},"product_brand":[],"product_cat":[30,83],"product_tag":[],"class_list":{"0":"post-5995","1":"product","2":"type-product","3":"status-publish","4":"has-post-thumbnail","6":"product_cat-chirurgie","7":"product_cat-ceinture-abdomen","9":"first","10":"instock","11":"shipping-taxable","12":"product-type-simple"},"yoast_head":"<!-- This site is optimized with the Yoast SEO plugin v25.1 - https:\/\/yoast.com\/wordpress\/plugins\/seo\/ -->\n<title>Ceinture Z postop\u00e9ratoire - Chirurgie plastique - M\u00e9dical Z<\/title>\n<meta name=\"robots\" content=\"index, follow, max-snippet:-1, max-image-preview:large, max-video-preview:-1\" \/>\n<link rel=\"canonical\" href=\"https:\/\/www.medicalz.com\/fr\/produits\/ceinture-z-modele-a\/\" \/>\n<meta property=\"og:locale\" content=\"fr_FR\" \/>\n<meta property=\"og:type\" content=\"article\" \/>\n<meta property=\"og:title\" content=\"Ceinture Z postop\u00e9ratoire - Chirurgie plastique - M\u00e9dical Z\" \/>\n<meta property=\"og:description\" content=\"CEINTURE Z\u00ae MOD\u00c8LE AFermeture lat\u00e9rale auto-agrippanteRenfort en mousse S\/006Couleurs disponibles \u00a0DescriptionCeinture abdominale post-op\u00e9ratoire. L\u2019application de la\u00a0ceinture Z\u00ae r\u00e9alis\u00e9e \u00e0 partir d\u2019un textile \u00e9lastique dans les deux sens, sp\u00e9cialement \u00e9tudi\u00e9, peut s\u2019effectuer imm\u00e9diatement apr\u00e8s l\u2019intervention. Gr\u00e2ce \u00e0 la patte d\u2019entrejambes, la tension s\u2019exerce horizontalement et verticalement. Les larges velcro lat\u00e9raux assurent un maintien contr\u00f4l\u00e9 et donnent [&hellip;]\" \/>\n<meta property=\"og:url\" content=\"https:\/\/www.medicalz.com\/fr\/produits\/ceinture-z-modele-a\/\" \/>\n<meta property=\"og:site_name\" content=\"Medical Z\" \/>\n<meta property=\"article:publisher\" content=\"https:\/\/www.facebook.com\/MedicalZFrance\/\" \/>\n<meta property=\"article:modified_time\" content=\"2026-03-12T15:50:27+00:00\" \/>\n<meta property=\"og:image\" content=\"https:\/\/www.medicalz.com\/wp-content\/uploads\/2021\/08\/S006-2.png\" \/>\n\t<meta property=\"og:image:width\" content=\"1000\" \/>\n\t<meta property=\"og:image:height\" content=\"1324\" \/>\n\t<meta property=\"og:image:type\" content=\"image\/png\" \/>\n<script type=\"application\/ld+json\" class=\"yoast-schema-graph\">{\"@context\":\"https:\/\/schema.org\",\"@graph\":[{\"@type\":\"WebPage\",\"@id\":\"https:\/\/www.medicalz.com\/fr\/produits\/ceinture-z-modele-a\/\",\"url\":\"https:\/\/www.medicalz.com\/fr\/produits\/ceinture-z-modele-a\/\",\"name\":\"Ceinture Z postop\u00e9ratoire - Chirurgie plastique - M\u00e9dical Z\",\"isPartOf\":{\"@id\":\"https:\/\/www.medicalz.com\/fr\/#website\"},\"primaryImageOfPage\":{\"@id\":\"https:\/\/www.medicalz.com\/fr\/produits\/ceinture-z-modele-a\/#primaryimage\"},\"image\":{\"@id\":\"https:\/\/www.medicalz.com\/fr\/produits\/ceinture-z-modele-a\/#primaryimage\"},\"thumbnailUrl\":\"https:\/\/www.medicalz.com\/wp-content\/uploads\/2021\/08\/S006-2.png\",\"datePublished\":\"2021-08-04T15:30:58+00:00\",\"dateModified\":\"2026-03-12T15:50:27+00:00\",\"breadcrumb\":{\"@id\":\"https:\/\/www.medicalz.com\/fr\/produits\/ceinture-z-modele-a\/#breadcrumb\"},\"inLanguage\":\"fr-FR\",\"potentialAction\":[{\"@type\":\"ReadAction\",\"target\":[\"https:\/\/www.medicalz.com\/fr\/produits\/ceinture-z-modele-a\/\"]}]},{\"@type\":\"ImageObject\",\"inLanguage\":\"fr-FR\",\"@id\":\"https:\/\/www.medicalz.com\/fr\/produits\/ceinture-z-modele-a\/#primaryimage\",\"url\":\"https:\/\/www.medicalz.com\/wp-content\/uploads\/2021\/08\/S006-2.png\",\"contentUrl\":\"https:\/\/www.medicalz.com\/wp-content\/uploads\/2021\/08\/S006-2.png\",\"width\":1000,\"height\":1324,\"caption\":\"Ceinture - chirurgie de l'abdomen\"},{\"@type\":\"BreadcrumbList\",\"@id\":\"https:\/\/www.medicalz.com\/fr\/produits\/ceinture-z-modele-a\/#breadcrumb\",\"itemListElement\":[{\"@type\":\"ListItem\",\"position\":1,\"name\":\"Principal\",\"item\":\"https:\/\/www.medicalz.com\/fr\/accueil\/\"},{\"@type\":\"ListItem\",\"position\":2,\"name\":\"Produits\",\"item\":\"https:\/\/www.medicalz.com\/fr\/shop\/\"},{\"@type\":\"ListItem\",\"position\":3,\"name\":\"Chirurgie\",\"item\":\"https:\/\/www.medicalz.com\/fr\/categorie-produit\/chirurgie\/\"},{\"@type\":\"ListItem\",\"position\":4,\"name\":\"CEINTURE Z\u00ae Mod\u00e8le A Fermeture lat\u00e9rale auto-agrippante Renfort en mousse\"}]},{\"@type\":\"WebSite\",\"@id\":\"https:\/\/www.medicalz.com\/fr\/#website\",\"url\":\"https:\/\/www.medicalz.com\/fr\/\",\"name\":\"Medical Z\",\"description\":\"Cr\u00e9ateur FRAN\u00c7AIS de v\u00eatements compressifs depuis 1981\",\"publisher\":{\"@id\":\"https:\/\/www.medicalz.com\/fr\/#organization\"},\"potentialAction\":[{\"@type\":\"SearchAction\",\"target\":{\"@type\":\"EntryPoint\",\"urlTemplate\":\"https:\/\/www.medicalz.com\/fr\/?s={search_term_string}\"},\"query-input\":{\"@type\":\"PropertyValueSpecification\",\"valueRequired\":true,\"valueName\":\"search_term_string\"}}],\"inLanguage\":\"fr-FR\"},{\"@type\":\"Organization\",\"@id\":\"https:\/\/www.medicalz.com\/fr\/#organization\",\"name\":\"MedicalZ\",\"url\":\"https:\/\/www.medicalz.com\/fr\/\",\"logo\":{\"@type\":\"ImageObject\",\"inLanguage\":\"fr-FR\",\"@id\":\"https:\/\/www.medicalz.com\/fr\/#\/schema\/logo\/image\/\",\"url\":\"https:\/\/www.medicalz.com\/wp-content\/uploads\/2021\/06\/logo-1.png\",\"contentUrl\":\"https:\/\/www.medicalz.com\/wp-content\/uploads\/2021\/06\/logo-1.png\",\"width\":400,\"height\":227,\"caption\":\"MedicalZ\"},\"image\":{\"@id\":\"https:\/\/www.medicalz.com\/fr\/#\/schema\/logo\/image\/\"},\"sameAs\":[\"https:\/\/www.facebook.com\/MedicalZFrance\/\",\"https:\/\/www.instagram.com\/medicalz_fr\/?hl=fr\",\"https:\/\/www.youtube.com\/channel\/UC7rGbkWBc15cA4pbHS99Vbg\"]}]}<\/script>\n<!-- \/ Yoast SEO plugin. -->","yoast_head_json":{"title":"Ceinture Z postop\u00e9ratoire - Chirurgie plastique - M\u00e9dical Z","robots":{"index":"index","follow":"follow","max-snippet":"max-snippet:-1","max-image-preview":"max-image-preview:large","max-video-preview":"max-video-preview:-1"},"canonical":"https:\/\/www.medicalz.com\/fr\/produits\/ceinture-z-modele-a\/","og_locale":"fr_FR","og_type":"article","og_title":"Ceinture Z postop\u00e9ratoire - Chirurgie plastique - M\u00e9dical Z","og_description":"CEINTURE Z\u00ae MOD\u00c8LE AFermeture lat\u00e9rale auto-agrippanteRenfort en mousse S\/006Couleurs disponibles \u00a0DescriptionCeinture abdominale post-op\u00e9ratoire. L\u2019application de la\u00a0ceinture Z\u00ae r\u00e9alis\u00e9e \u00e0 partir d\u2019un textile \u00e9lastique dans les deux sens, sp\u00e9cialement \u00e9tudi\u00e9, peut s\u2019effectuer imm\u00e9diatement apr\u00e8s l\u2019intervention. Gr\u00e2ce \u00e0 la patte d\u2019entrejambes, la tension s\u2019exerce horizontalement et verticalement. Les larges velcro lat\u00e9raux assurent un maintien contr\u00f4l\u00e9 et donnent [&hellip;]","og_url":"https:\/\/www.medicalz.com\/fr\/produits\/ceinture-z-modele-a\/","og_site_name":"Medical Z","article_publisher":"https:\/\/www.facebook.com\/MedicalZFrance\/","article_modified_time":"2026-03-12T15:50:27+00:00","og_image":[{"width":1000,"height":1324,"url":"https:\/\/www.medicalz.com\/wp-content\/uploads\/2021\/08\/S006-2.png","type":"image\/png"}],"schema":{"@context":"https:\/\/schema.org","@graph":[{"@type":"WebPage","@id":"https:\/\/www.medicalz.com\/fr\/produits\/ceinture-z-modele-a\/","url":"https:\/\/www.medicalz.com\/fr\/produits\/ceinture-z-modele-a\/","name":"Ceinture Z postop\u00e9ratoire - Chirurgie plastique - M\u00e9dical Z","isPartOf":{"@id":"https:\/\/www.medicalz.com\/fr\/#website"},"primaryImageOfPage":{"@id":"https:\/\/www.medicalz.com\/fr\/produits\/ceinture-z-modele-a\/#primaryimage"},"image":{"@id":"https:\/\/www.medicalz.com\/fr\/produits\/ceinture-z-modele-a\/#primaryimage"},"thumbnailUrl":"https:\/\/www.medicalz.com\/wp-content\/uploads\/2021\/08\/S006-2.png","datePublished":"2021-08-04T15:30:58+00:00","dateModified":"2026-03-12T15:50:27+00:00","breadcrumb":{"@id":"https:\/\/www.medicalz.com\/fr\/produits\/ceinture-z-modele-a\/#breadcrumb"},"inLanguage":"fr-FR","potentialAction":[{"@type":"ReadAction","target":["https:\/\/www.medicalz.com\/fr\/produits\/ceinture-z-modele-a\/"]}]},{"@type":"ImageObject","inLanguage":"fr-FR","@id":"https:\/\/www.medicalz.com\/fr\/produits\/ceinture-z-modele-a\/#primaryimage","url":"https:\/\/www.medicalz.com\/wp-content\/uploads\/2021\/08\/S006-2.png","contentUrl":"https:\/\/www.medicalz.com\/wp-content\/uploads\/2021\/08\/S006-2.png","width":1000,"height":1324,"caption":"Ceinture - chirurgie de l'abdomen"},{"@type":"BreadcrumbList","@id":"https:\/\/www.medicalz.com\/fr\/produits\/ceinture-z-modele-a\/#breadcrumb","itemListElement":[{"@type":"ListItem","position":1,"name":"Principal","item":"https:\/\/www.medicalz.com\/fr\/accueil\/"},{"@type":"ListItem","position":2,"name":"Produits","item":"https:\/\/www.medicalz.com\/fr\/shop\/"},{"@type":"ListItem","position":3,"name":"Chirurgie","item":"https:\/\/www.medicalz.com\/fr\/categorie-produit\/chirurgie\/"},{"@type":"ListItem","position":4,"name":"CEINTURE Z\u00ae Mod\u00e8le A Fermeture lat\u00e9rale auto-agrippante Renfort en mousse"}]},{"@type":"WebSite","@id":"https:\/\/www.medicalz.com\/fr\/#website","url":"https:\/\/www.medicalz.com\/fr\/","name":"Medical Z","description":"Cr\u00e9ateur FRAN\u00c7AIS de v\u00eatements compressifs depuis 1981","publisher":{"@id":"https:\/\/www.medicalz.com\/fr\/#organization"},"potentialAction":[{"@type":"SearchAction","target":{"@type":"EntryPoint","urlTemplate":"https:\/\/www.medicalz.com\/fr\/?s={search_term_string}"},"query-input":{"@type":"PropertyValueSpecification","valueRequired":true,"valueName":"search_term_string"}}],"inLanguage":"fr-FR"},{"@type":"Organization","@id":"https:\/\/www.medicalz.com\/fr\/#organization","name":"MedicalZ","url":"https:\/\/www.medicalz.com\/fr\/","logo":{"@type":"ImageObject","inLanguage":"fr-FR","@id":"https:\/\/www.medicalz.com\/fr\/#\/schema\/logo\/image\/","url":"https:\/\/www.medicalz.com\/wp-content\/uploads\/2021\/06\/logo-1.png","contentUrl":"https:\/\/www.medicalz.com\/wp-content\/uploads\/2021\/06\/logo-1.png","width":400,"height":227,"caption":"MedicalZ"},"image":{"@id":"https:\/\/www.medicalz.com\/fr\/#\/schema\/logo\/image\/"},"sameAs":["https:\/\/www.facebook.com\/MedicalZFrance\/","https:\/\/www.instagram.com\/medicalz_fr\/?hl=fr","https:\/\/www.youtube.com\/channel\/UC7rGbkWBc15cA4pbHS99Vbg"]}]}},"_links":{"self":[{"href":"https:\/\/www.medicalz.com\/fr\/wp-json\/wp\/v2\/product\/5995","targetHints":{"allow":["GET"]}}],"collection":[{"href":"https:\/\/www.medicalz.com\/fr\/wp-json\/wp\/v2\/product"}],"about":[{"href":"https:\/\/www.medicalz.com\/fr\/wp-json\/wp\/v2\/types\/product"}],"wp:featuredmedia":[{"embeddable":true,"href":"https:\/\/www.medicalz.com\/fr\/wp-json\/wp\/v2\/media\/20812"}],"wp:attachment":[{"href":"https:\/\/www.medicalz.com\/fr\/wp-json\/wp\/v2\/media?parent=5995"}],"wp:term":[{"taxonomy":"product_brand","embeddable":true,"href":"https:\/\/www.medicalz.com\/fr\/wp-json\/wp\/v2\/product_brand?post=5995"},{"taxonomy":"product_cat","embeddable":true,"href":"https:\/\/www.medicalz.com\/fr\/wp-json\/wp\/v2\/product_cat?post=5995"},{"taxonomy":"product_tag","embeddable":true,"href":"https:\/\/www.medicalz.com\/fr\/wp-json\/wp\/v2\/product_tag?post=5995"}],"curies":[{"name":"wp","href":"https:\/\/api.w.org\/{rel}","templated":true}]}}