{"id":4197,"date":"2021-07-21T21:07:11","date_gmt":"2021-07-21T19:07:11","guid":{"rendered":"https:\/\/www.medicalz.com\/burn-garments\/"},"modified":"2022-01-27T16:58:30","modified_gmt":"2022-01-27T15:58:30","slug":"burn-garments","status":"publish","type":"page","link":"https:\/\/www.medicalz.com\/us\/burn-garments\/","title":{"rendered":"Burn garments"},"content":{"rendered":"<p>[et_pb_section fb_built=&#8221;1&#8243; fullwidth=&#8221;on&#8221; _builder_version=&#8221;4.9.7&#8243; _module_preset=&#8221;default&#8221; global_colors_info=&#8221;{}&#8221;][et_pb_fullwidth_header title=&#8221;BURN GARMENTS&#8221; text_orientation=&#8221;center&#8221; _builder_version=&#8221;4.14.2&#8243; _module_preset=&#8221;default&#8221; background_image=&#8221;https:\/\/www.medicalz.com\/wp-content\/uploads\/2021\/12\/brules-scaled.jpg&#8221; custom_margin=&#8221;||30px||false|false&#8221; custom_padding=&#8221;70px||70px||false|false&#8221; locked=&#8221;off&#8221; global_colors_info=&#8221;{}&#8221;][\/et_pb_fullwidth_header][\/et_pb_section][et_pb_section fb_built=&#8221;1&#8243; _builder_version=&#8221;4.9.7&#8243; _module_preset=&#8221;default&#8221; global_colors_info=&#8221;{}&#8221;][et_pb_row _builder_version=&#8221;4.9.7&#8243; _module_preset=&#8221;default&#8221; global_colors_info=&#8221;{}&#8221;][et_pb_column type=&#8221;4_4&#8243; _builder_version=&#8221;4.9.4&#8243; _module_preset=&#8221;default&#8221; global_colors_info=&#8221;{}&#8221;][et_pb_text _builder_version=&#8221;4.9.7&#8243; _module_preset=&#8221;1d5e430c-30d8-412b-a4a3-0ed4ccc6c3f2&#8243; header_font=&#8221;||||||||&#8221; global_colors_info=&#8221;{}&#8221;]<\/p>\n<h2>Custom burn garments<\/h2>\n<p>[\/et_pb_text][et_pb_divider module_class=&#8221;separateur&#8221; _builder_version=&#8221;4.9.7&#8243; _module_preset=&#8221;default&#8221; global_colors_info=&#8221;{}&#8221;][\/et_pb_divider][et_pb_text _builder_version=&#8221;4.9.6&#8243; _module_preset=&#8221;1d5e430c-30d8-412b-a4a3-0ed4ccc6c3f2&#8243; global_colors_info=&#8221;{}&#8221;]<\/p>\n<p>For over 40 years, at MedicalZ \u00ae, we have been working to offer you innovative products of the highest quality. Leader in the industry of compression garments and scar management gels, we are committed to accompany you through the whole healing process from the end of the surgical procedure.<\/p>\n<p>We put all of our expertise at your service to allow you the best possible recovery.<\/p>\n<p>[\/et_pb_text][et_pb_text module_id=&#8221;100_Brul\u00e9s&#8221; _builder_version=&#8221;4.9.6&#8243; _module_preset=&#8221;1d5e430c-30d8-412b-a4a3-0ed4ccc6c3f2&#8243; link_text_color=&#8221;#0C71C3&#8243; ol_font=&#8221;||||||||&#8221; global_colors_info=&#8221;{}&#8221;]<\/p>\n<h3>\u00ab All that can be conceived, can be achieved\u00bb.<\/h3>\n<p>Do not hesitate to <u>contact us<\/u> for more information or for any request, we will design and manufacture your custom compression garment.<\/p>\n<ul>\n<li>Guide <\/li>\n<li>More about MedicalZ fabrics<\/li>\n<\/ul>\n<p>&nbsp;<\/p>\n<h4>The Fresh Fabrics\u00ae developed by MedicalZ, more efficient and more comfortable.\u00a0<\/h4>\n<p>The unique geometric form of MedicalZ\u00ae Fresh Fabrics\u00ae fiber allows for ultra-fast perspiration wicking with a drying speed more than 60 times faster than other fabrics. More comfortable and softer than any standard fabric, it provides an immediate feeling of well-being while maximizing the effects of an effective and uniform compression.<\/p>\n<p><em>\u00a0<\/em><\/p>\n<h4>The Dupont Coolmax\u00ae fabric, the highly technical and breathable fabric.<\/h4>\n<p>More breathable and more comfortable than available competitive products, it wicks humidity away to the outer layer of the fabric and helps to regulate temperature. Besides, the fast-drying properties prevent patients from suffering from moisture while providing the required compression of 17-24 mmHg &#8211; necessary to reduce edema and prevent hypertrophic and keloid scars.<\/p>\n<p>CoolMax\u00ae is available in four colors (beige, blue, black and white).<\/p>\n<p>&nbsp;<\/p>\n<h4>The Standard fabric\u00ae stretch in the 6 directions and available in four colors.<\/h4>\n<p>Our standard tissue offers all the necessary characteristics to reduce edema and prevent hypertrophic and keloid scars. The standard fabric is stretchable in all 6 directions and is specially designed for optimal compression of 17-24 mmHg applied to a lightweight garment.<\/p>\n<p>&nbsp;<\/p>\n<ul>\n<li>MedicalZ fabric care<\/li>\n<\/ul>\n<p>[\/et_pb_text][et_pb_text _builder_version=&#8221;4.9.6&#8243; _module_preset=&#8221;default&#8221; custom_margin=&#8221;||||false|false&#8221; custom_padding=&#8221;20px|20px|20px|20px|true|true&#8221; border_width_all=&#8221;1px&#8221; global_colors_info=&#8221;{}&#8221;]<\/p>\n<p><strong>ZGRIP<\/strong> : Les gants CoolMax\u00ae MedZ Grip que vous attendiez avec impatience sont enfin disponibles ! Ils r\u00e9soudront tous les probl\u00e8mes pos\u00e9s par les gants \u00ab glissants \u00bb, \u00e9galement utilis\u00e9 sous les chaussettes CoolMax\u00ae. N\u2019h\u00e9sitez pas \u00e0 les commander en m\u00eame temps.<\/p>\n<p>[\/et_pb_text][\/et_pb_column][\/et_pb_row][\/et_pb_section]<\/p>\n","protected":false},"excerpt":{"rendered":"<p>Custom burn garmentsFor over 40 years, at MedicalZ \u00ae, we have been working to offer you innovative products of the highest quality. Leader in the industry of compression garments and scar management gels, we are committed to accompany you through the whole healing process from the end of the surgical procedure. We put all of [&hellip;]<\/p>\n","protected":false},"author":1,"featured_media":0,"parent":0,"menu_order":0,"comment_status":"closed","ping_status":"closed","template":"","meta":{"_et_pb_use_builder":"on","_et_pb_old_content":"","_et_gb_content_width":"","footnotes":""},"class_list":["post-4197","page","type-page","status-publish","hentry"],"yoast_head":"<!-- This site is optimized with the Yoast SEO plugin v25.1 - https:\/\/yoast.com\/wordpress\/plugins\/seo\/ -->\n<title>Burn garments &#8226; Medical Z<\/title>\n<meta name=\"robots\" content=\"index, follow, max-snippet:-1, max-image-preview:large, max-video-preview:-1\" \/>\n<link rel=\"canonical\" href=\"https:\/\/www.medicalz.com\/us\/burn-garments\/\" \/>\n<meta property=\"og:locale\" content=\"en_US\" \/>\n<meta property=\"og:type\" content=\"article\" \/>\n<meta property=\"og:title\" content=\"Burn garments &#8226; Medical Z\" \/>\n<meta property=\"og:description\" content=\"Custom burn garmentsFor over 40 years, at MedicalZ \u00ae, we have been working to offer you innovative products of the highest quality. Leader in the industry of compression garments and scar management gels, we are committed to accompany you through the whole healing process from the end of the surgical procedure. We put all of [&hellip;]\" \/>\n<meta property=\"og:url\" content=\"https:\/\/www.medicalz.com\/us\/burn-garments\/\" \/>\n<meta property=\"og:site_name\" content=\"Medical Z\" \/>\n<meta property=\"article:publisher\" content=\"https:\/\/www.facebook.com\/MedicalZFrance\/\" \/>\n<meta property=\"article:modified_time\" content=\"2022-01-27T15:58:30+00:00\" \/>\n<script type=\"application\/ld+json\" class=\"yoast-schema-graph\">{\"@context\":\"https:\/\/schema.org\",\"@graph\":[{\"@type\":\"WebPage\",\"@id\":\"https:\/\/www.medicalz.com\/us\/burn-garments\/\",\"url\":\"https:\/\/www.medicalz.com\/us\/burn-garments\/\",\"name\":\"Burn garments &#8226; Medical Z\",\"isPartOf\":{\"@id\":\"https:\/\/www.medicalz.com\/us\/#website\"},\"datePublished\":\"2021-07-21T19:07:11+00:00\",\"dateModified\":\"2022-01-27T15:58:30+00:00\",\"breadcrumb\":{\"@id\":\"https:\/\/www.medicalz.com\/us\/burn-garments\/#breadcrumb\"},\"inLanguage\":\"us-US\",\"potentialAction\":[{\"@type\":\"ReadAction\",\"target\":[\"https:\/\/www.medicalz.com\/us\/burn-garments\/\"]}]},{\"@type\":\"BreadcrumbList\",\"@id\":\"https:\/\/www.medicalz.com\/us\/burn-garments\/#breadcrumb\",\"itemListElement\":[{\"@type\":\"ListItem\",\"position\":1,\"name\":\"Home\",\"item\":\"https:\/\/www.medicalz.com\/us\/home\/\"},{\"@type\":\"ListItem\",\"position\":2,\"name\":\"Burn garments\"}]},{\"@type\":\"WebSite\",\"@id\":\"https:\/\/www.medicalz.com\/us\/#website\",\"url\":\"https:\/\/www.medicalz.com\/us\/\",\"name\":\"Medical Z\",\"description\":\"Cr\u00e9ateur FRAN\u00c7AIS de v\u00eatements compressifs depuis 1981\",\"publisher\":{\"@id\":\"https:\/\/www.medicalz.com\/us\/#organization\"},\"potentialAction\":[{\"@type\":\"SearchAction\",\"target\":{\"@type\":\"EntryPoint\",\"urlTemplate\":\"https:\/\/www.medicalz.com\/us\/?s={search_term_string}\"},\"query-input\":{\"@type\":\"PropertyValueSpecification\",\"valueRequired\":true,\"valueName\":\"search_term_string\"}}],\"inLanguage\":\"us-US\"},{\"@type\":\"Organization\",\"@id\":\"https:\/\/www.medicalz.com\/us\/#organization\",\"name\":\"MedicalZ\",\"url\":\"https:\/\/www.medicalz.com\/us\/\",\"logo\":{\"@type\":\"ImageObject\",\"inLanguage\":\"us-US\",\"@id\":\"https:\/\/www.medicalz.com\/us\/#\/schema\/logo\/image\/\",\"url\":\"https:\/\/www.medicalz.com\/wp-content\/uploads\/2021\/06\/logo-1.png\",\"contentUrl\":\"https:\/\/www.medicalz.com\/wp-content\/uploads\/2021\/06\/logo-1.png\",\"width\":400,\"height\":227,\"caption\":\"MedicalZ\"},\"image\":{\"@id\":\"https:\/\/www.medicalz.com\/us\/#\/schema\/logo\/image\/\"},\"sameAs\":[\"https:\/\/www.facebook.com\/MedicalZFrance\/\",\"https:\/\/www.instagram.com\/medicalz_fr\/?hl=fr\",\"https:\/\/www.youtube.com\/channel\/UC7rGbkWBc15cA4pbHS99Vbg\"]}]}<\/script>\n<!-- \/ Yoast SEO plugin. -->","yoast_head_json":{"title":"Burn garments &#8226; Medical Z","robots":{"index":"index","follow":"follow","max-snippet":"max-snippet:-1","max-image-preview":"max-image-preview:large","max-video-preview":"max-video-preview:-1"},"canonical":"https:\/\/www.medicalz.com\/us\/burn-garments\/","og_locale":"en_US","og_type":"article","og_title":"Burn garments &#8226; Medical Z","og_description":"Custom burn garmentsFor over 40 years, at MedicalZ \u00ae, we have been working to offer you innovative products of the highest quality. Leader in the industry of compression garments and scar management gels, we are committed to accompany you through the whole healing process from the end of the surgical procedure. We put all of [&hellip;]","og_url":"https:\/\/www.medicalz.com\/us\/burn-garments\/","og_site_name":"Medical Z","article_publisher":"https:\/\/www.facebook.com\/MedicalZFrance\/","article_modified_time":"2022-01-27T15:58:30+00:00","schema":{"@context":"https:\/\/schema.org","@graph":[{"@type":"WebPage","@id":"https:\/\/www.medicalz.com\/us\/burn-garments\/","url":"https:\/\/www.medicalz.com\/us\/burn-garments\/","name":"Burn garments &#8226; Medical Z","isPartOf":{"@id":"https:\/\/www.medicalz.com\/us\/#website"},"datePublished":"2021-07-21T19:07:11+00:00","dateModified":"2022-01-27T15:58:30+00:00","breadcrumb":{"@id":"https:\/\/www.medicalz.com\/us\/burn-garments\/#breadcrumb"},"inLanguage":"us-US","potentialAction":[{"@type":"ReadAction","target":["https:\/\/www.medicalz.com\/us\/burn-garments\/"]}]},{"@type":"BreadcrumbList","@id":"https:\/\/www.medicalz.com\/us\/burn-garments\/#breadcrumb","itemListElement":[{"@type":"ListItem","position":1,"name":"Home","item":"https:\/\/www.medicalz.com\/us\/home\/"},{"@type":"ListItem","position":2,"name":"Burn garments"}]},{"@type":"WebSite","@id":"https:\/\/www.medicalz.com\/us\/#website","url":"https:\/\/www.medicalz.com\/us\/","name":"Medical Z","description":"Cr\u00e9ateur FRAN\u00c7AIS de v\u00eatements compressifs depuis 1981","publisher":{"@id":"https:\/\/www.medicalz.com\/us\/#organization"},"potentialAction":[{"@type":"SearchAction","target":{"@type":"EntryPoint","urlTemplate":"https:\/\/www.medicalz.com\/us\/?s={search_term_string}"},"query-input":{"@type":"PropertyValueSpecification","valueRequired":true,"valueName":"search_term_string"}}],"inLanguage":"us-US"},{"@type":"Organization","@id":"https:\/\/www.medicalz.com\/us\/#organization","name":"MedicalZ","url":"https:\/\/www.medicalz.com\/us\/","logo":{"@type":"ImageObject","inLanguage":"us-US","@id":"https:\/\/www.medicalz.com\/us\/#\/schema\/logo\/image\/","url":"https:\/\/www.medicalz.com\/wp-content\/uploads\/2021\/06\/logo-1.png","contentUrl":"https:\/\/www.medicalz.com\/wp-content\/uploads\/2021\/06\/logo-1.png","width":400,"height":227,"caption":"MedicalZ"},"image":{"@id":"https:\/\/www.medicalz.com\/us\/#\/schema\/logo\/image\/"},"sameAs":["https:\/\/www.facebook.com\/MedicalZFrance\/","https:\/\/www.instagram.com\/medicalz_fr\/?hl=fr","https:\/\/www.youtube.com\/channel\/UC7rGbkWBc15cA4pbHS99Vbg"]}]}},"_links":{"self":[{"href":"https:\/\/www.medicalz.com\/us\/wp-json\/wp\/v2\/pages\/4197","targetHints":{"allow":["GET"]}}],"collection":[{"href":"https:\/\/www.medicalz.com\/us\/wp-json\/wp\/v2\/pages"}],"about":[{"href":"https:\/\/www.medicalz.com\/us\/wp-json\/wp\/v2\/types\/page"}],"author":[{"embeddable":true,"href":"https:\/\/www.medicalz.com\/us\/wp-json\/wp\/v2\/users\/1"}],"replies":[{"embeddable":true,"href":"https:\/\/www.medicalz.com\/us\/wp-json\/wp\/v2\/comments?post=4197"}],"version-history":[{"count":5,"href":"https:\/\/www.medicalz.com\/us\/wp-json\/wp\/v2\/pages\/4197\/revisions"}],"predecessor-version":[{"id":14992,"href":"https:\/\/www.medicalz.com\/us\/wp-json\/wp\/v2\/pages\/4197\/revisions\/14992"}],"wp:attachment":[{"href":"https:\/\/www.medicalz.com\/us\/wp-json\/wp\/v2\/media?parent=4197"}],"curies":[{"name":"wp","href":"https:\/\/api.w.org\/{rel}","templated":true}]}}