{"id":4309,"date":"2021-07-21T22:19:44","date_gmt":"2021-07-21T20:19:44","guid":{"rendered":"https:\/\/www.medicalz.com\/plastic-surgery\/"},"modified":"2024-12-19T16:15:03","modified_gmt":"2024-12-19T15:15:03","slug":"plastic-surgery","status":"publish","type":"page","link":"https:\/\/www.medicalz.com\/us\/plastic-surgery\/","title":{"rendered":"Plastic surgery garments"},"content":{"rendered":"<p>[et_pb_section fb_built=&#8221;1&#8243; fullwidth=&#8221;on&#8221; _builder_version=&#8221;4.16&#8243; _module_preset=&#8221;default&#8221; global_colors_info=&#8221;{}&#8221;][et_pb_fullwidth_header title=&#8221;SURGERY&#8221; text_orientation=&#8221;center&#8221; _builder_version=&#8221;4.16&#8243; _module_preset=&#8221;default&#8221; title_text_color=&#8221;#427393&#8243; background_image=&#8221;https:\/\/www.medicalz.com\/wp-content\/uploads\/2021\/10\/182_29062021__OL64330-scaled.jpg&#8221; custom_margin=&#8221;||30px||false|false&#8221; custom_padding=&#8221;70px||70px||false|false&#8221; text_shadow_style=&#8221;preset3&#8243; text_shadow_horizontal_length=&#8221;-0.01em&#8221; text_shadow_blur_strength=&#8221;0.31em&#8221; text_shadow_color=&#8221;#FFFFFF&#8221; locked=&#8221;off&#8221; global_colors_info=&#8221;{}&#8221;][\/et_pb_fullwidth_header][\/et_pb_section][et_pb_section fb_built=&#8221;1&#8243; _builder_version=&#8221;4.16&#8243; _module_preset=&#8221;default&#8221; global_colors_info=&#8221;{}&#8221;][et_pb_row _builder_version=&#8221;4.16&#8243; _module_preset=&#8221;default&#8221; min_height=&#8221;67.7px&#8221; animation_style=&#8221;slide&#8221; animation_duration=&#8221;950ms&#8221; animation_starting_opacity=&#8221;62%&#8221; global_colors_info=&#8221;{}&#8221;][et_pb_column type=&#8221;4_4&#8243; _builder_version=&#8221;4.16&#8243; _module_preset=&#8221;default&#8221; global_colors_info=&#8221;{}&#8221;][et_pb_text _builder_version=&#8221;4.16&#8243; _module_preset=&#8221;default&#8221; custom_padding=&#8221;||0px|||&#8221; animation_style=&#8221;slide&#8221; animation_direction=&#8221;left&#8221; animation_duration=&#8221;700ms&#8221; animation_delay=&#8221;200ms&#8221; animation_intensity_slide=&#8221;49%&#8221; animation_starting_opacity=&#8221;50%&#8221; scroll_fade=&#8221;19|57|57|84|0|100|100&#8243; global_colors_info=&#8221;{}&#8221;]<\/p>\n<h2>PLASTIC SURGERY GARMENTS<\/h2>\n<p>[\/et_pb_text][et_pb_divider module_class=&#8221;separateur&#8221; _builder_version=&#8221;4.16&#8243; _module_preset=&#8221;default&#8221; global_colors_info=&#8221;{}&#8221;][\/et_pb_divider][\/et_pb_column][\/et_pb_row][et_pb_row _builder_version=&#8221;4.16&#8243; _module_preset=&#8221;default&#8221; min_height=&#8221;325px&#8221; global_colors_info=&#8221;{}&#8221;][et_pb_column type=&#8221;4_4&#8243; _builder_version=&#8221;4.16&#8243; _module_preset=&#8221;default&#8221; global_colors_info=&#8221;{}&#8221;][et_pb_text _builder_version=&#8221;4.16&#8243; _module_preset=&#8221;default&#8221; min_height=&#8221;202px&#8221; custom_margin=&#8221;-1px|||||&#8221; custom_padding=&#8221;0px||||false|false&#8221; animation_style=&#8221;slide&#8221; animation_direction=&#8221;left&#8221; global_colors_info=&#8221;{}&#8221;]<\/p>\n<p><strong>Many surgical interventions<\/strong> must be followed by a s<strong>cientifically calibrated compressive therapy<\/strong> to improve blood circulation, particularly to avoid\u00a0<strong>the \u201cwave\u201d<\/strong>\u00a0effect and painful.<br \/>Clinically evaluated, each garment is a true medical <strong>product tested and controlled<\/strong> to offer you the <strong>best quality<\/strong>.<\/p>\n<p>Discover all of our garments available in a range of sizes. An ideal and uniform compression will help you obtain the results you expect for each type of surgery.<br \/>Our special technique of flat seams on the inside provides a uniform, unobtrusive and anti-irritation support, even in hard-to-reach areas.<\/p>\n<p>Our Elegance line is made with CoolMax\u00ae fabric, which is more <strong>breathable and comfortabl<\/strong>e than any other material thanks to its special 4-channel fiber. It wicks moisture away to the outer layer of the fabric and dries quickly, ideal for your daily comfort during post-operative recovery.<\/p>\n<p>[\/et_pb_text][\/et_pb_column][\/et_pb_row][et_pb_row _builder_version=&#8221;4.16&#8243; _module_preset=&#8221;default&#8221; global_colors_info=&#8221;{}&#8221;][et_pb_column type=&#8221;4_4&#8243; _builder_version=&#8221;4.16&#8243; _module_preset=&#8221;default&#8221; global_colors_info=&#8221;{}&#8221;][dpdfg_filtergrid custom_query=&#8221;advanced&#8221; multiple_cpt=&#8221;product&#8221; use_taxonomy_terms=&#8221;on&#8221; multiple_taxonomies=&#8221;product_cat&#8221; include_terms=&#8221;82,81,83,34,141,35,107,28,149,117,116,114,115,145,118,113,158&#8243; include_children_terms=&#8221;off&#8221; post_number=&#8221;18&#8243; order=&#8221;ASC&#8221; orderby=&#8221;menu_order&#8221; no_results=&#8221;No results&#8221; thumbnail_size=&#8221;400&#215;516&#8243; use_overlay=&#8221;off&#8221; title_link=&#8221;on&#8221; show_post_meta=&#8221;off&#8221; show_custom_fields=&#8221;on&#8221; custom_fields=&#8221;%91{%22name%22:%22_sku%22,%22label%22:%22%22}%93&#8243; custom_content_container=&#8221;off&#8221; filter_taxonomies=&#8221;product_cat&#8221; filter_terms=&#8221;82,81,83,34,141,35,107,28,149,117,116,114,115,145,118,113,158&#8243; filters_sort=&#8221;custom&#8221; pagination_type=&#8221;button&#8221; ajax_load_more_text=&#8221;Load more&#8221; items_width=&#8221;30%&#8221; row_gutter=&#8221;4em&#8221; bg_filter_active=&#8221;#2F4457&#8243; _builder_version=&#8221;4.25.2&#8243; _module_preset=&#8221;default&#8221; dpdfg_entry_title_level=&#8221;h3&#8243; dpdfg_entry_title_text_align=&#8221;left&#8221; dpdfg_entry_title_text_color=&#8221;#2F4457&#8243; dpdfg_entry_title_font_size=&#8221;15px&#8221; dpdfg_entry_meta_font=&#8221;||||||||&#8221; dpdfg_entry_summary_font=&#8221;|||on|||||&#8221; dpdfg_filters_font=&#8221;|700||on|||||&#8221; dpdfg_filters_text_color=&#8221;#2F4457&#8243; dpdfg_filters_font_size=&#8221;11px&#8221; dpdfg_filters_letter_spacing=&#8221;1px&#8221; dpdfg_filters_active_text_color=&#8221;#FFFFFF&#8221; dpdfg_pagination_text_color=&#8221;#2F4457&#8243; dpdfg_pagination_active_text_color=&#8221;#178FCF&#8221; custom_css_dp-dfg-filter=&#8221;border:2px solid #2f4457;||margin:0px 2px&#8221; border_width_all=&#8221;0px&#8221; global_colors_info=&#8221;{}&#8221; theme_builder_area=&#8221;post_content&#8221;][\/dpdfg_filtergrid][\/et_pb_column][\/et_pb_row][\/et_pb_section][et_pb_section fb_built=&#8221;1&#8243; _builder_version=&#8221;4.16&#8243; _module_preset=&#8221;default&#8221; background_color=&#8221;#e3e3e3&#8243; global_colors_info=&#8221;{}&#8221;][et_pb_row _builder_version=&#8221;4.16&#8243; _module_preset=&#8221;default&#8221; global_colors_info=&#8221;{}&#8221;][et_pb_column type=&#8221;4_4&#8243; _builder_version=&#8221;4.16&#8243; _module_preset=&#8221;default&#8221; global_colors_info=&#8221;{}&#8221;][et_pb_button button_url=&#8221;https:\/\/www.medicalz.com\/us\/faq\/&#8221; button_text=&#8221;FAQ&#8221; button_alignment=&#8221;center&#8221; _builder_version=&#8221;4.16&#8243; _module_preset=&#8221;default&#8221; custom_button=&#8221;on&#8221; button_text_size=&#8221;18px&#8221; button_text_color=&#8221;#2F4457&#8243; button_border_width=&#8221;1px&#8221; button_border_color=&#8221;#2F4457&#8243; button_border_radius=&#8221;0px&#8221; button_font=&#8221;|700|||||||&#8221; custom_padding=&#8221;15px|110px|15px|110px|false|true&#8221; global_colors_info=&#8221;{}&#8221;][\/et_pb_button][\/et_pb_column][\/et_pb_row][\/et_pb_section]<\/p>\n","protected":false},"excerpt":{"rendered":"<p>PLASTIC SURGERY GARMENTSMany surgical interventions must be followed by a scientifically calibrated compressive therapy to improve blood circulation, particularly to avoid\u00a0the \u201cwave\u201d\u00a0effect and painful.Clinically evaluated, each garment is a true medical product tested and controlled to offer you the best quality. Discover all of our garments available in a range of sizes. An ideal and [&hellip;]<\/p>\n","protected":false},"author":1,"featured_media":0,"parent":0,"menu_order":0,"comment_status":"closed","ping_status":"closed","template":"","meta":{"_et_pb_use_builder":"on","_et_pb_old_content":"","_et_gb_content_width":"","footnotes":""},"class_list":["post-4309","page","type-page","status-publish","hentry"],"yoast_head":"<!-- This site is optimized with the Yoast SEO plugin v25.1 - https:\/\/yoast.com\/wordpress\/plugins\/seo\/ -->\n<title>Plastic surgery garments &#8226; Medical Z<\/title>\n<meta name=\"robots\" content=\"index, follow, max-snippet:-1, max-image-preview:large, max-video-preview:-1\" \/>\n<link rel=\"canonical\" href=\"https:\/\/www.medicalz.com\/us\/plastic-surgery\/\" \/>\n<meta property=\"og:locale\" content=\"en_US\" \/>\n<meta property=\"og:type\" content=\"article\" \/>\n<meta property=\"og:title\" content=\"Plastic surgery garments &#8226; Medical Z\" \/>\n<meta property=\"og:description\" content=\"PLASTIC SURGERY GARMENTSMany surgical interventions must be followed by a scientifically calibrated compressive therapy to improve blood circulation, particularly to avoid\u00a0the \u201cwave\u201d\u00a0effect and painful.Clinically evaluated, each garment is a true medical product tested and controlled to offer you the best quality. Discover all of our garments available in a range of sizes. An ideal and [&hellip;]\" \/>\n<meta property=\"og:url\" content=\"https:\/\/www.medicalz.com\/us\/plastic-surgery\/\" \/>\n<meta property=\"og:site_name\" content=\"Medical Z\" \/>\n<meta property=\"article:publisher\" content=\"https:\/\/www.facebook.com\/MedicalZFrance\/\" \/>\n<meta property=\"article:modified_time\" content=\"2024-12-19T15:15:03+00:00\" \/>\n<script type=\"application\/ld+json\" class=\"yoast-schema-graph\">{\"@context\":\"https:\/\/schema.org\",\"@graph\":[{\"@type\":\"WebPage\",\"@id\":\"https:\/\/www.medicalz.com\/us\/plastic-surgery\/\",\"url\":\"https:\/\/www.medicalz.com\/us\/plastic-surgery\/\",\"name\":\"Plastic surgery garments &#8226; Medical Z\",\"isPartOf\":{\"@id\":\"https:\/\/www.medicalz.com\/us\/#website\"},\"datePublished\":\"2021-07-21T20:19:44+00:00\",\"dateModified\":\"2024-12-19T15:15:03+00:00\",\"breadcrumb\":{\"@id\":\"https:\/\/www.medicalz.com\/us\/plastic-surgery\/#breadcrumb\"},\"inLanguage\":\"us-US\",\"potentialAction\":[{\"@type\":\"ReadAction\",\"target\":[\"https:\/\/www.medicalz.com\/us\/plastic-surgery\/\"]}]},{\"@type\":\"BreadcrumbList\",\"@id\":\"https:\/\/www.medicalz.com\/us\/plastic-surgery\/#breadcrumb\",\"itemListElement\":[{\"@type\":\"ListItem\",\"position\":1,\"name\":\"Home\",\"item\":\"https:\/\/www.medicalz.com\/us\/home\/\"},{\"@type\":\"ListItem\",\"position\":2,\"name\":\"Plastic surgery garments\"}]},{\"@type\":\"WebSite\",\"@id\":\"https:\/\/www.medicalz.com\/us\/#website\",\"url\":\"https:\/\/www.medicalz.com\/us\/\",\"name\":\"Medical Z\",\"description\":\"Cr\u00e9ateur FRAN\u00c7AIS de v\u00eatements compressifs depuis 1981\",\"publisher\":{\"@id\":\"https:\/\/www.medicalz.com\/us\/#organization\"},\"potentialAction\":[{\"@type\":\"SearchAction\",\"target\":{\"@type\":\"EntryPoint\",\"urlTemplate\":\"https:\/\/www.medicalz.com\/us\/?s={search_term_string}\"},\"query-input\":{\"@type\":\"PropertyValueSpecification\",\"valueRequired\":true,\"valueName\":\"search_term_string\"}}],\"inLanguage\":\"us-US\"},{\"@type\":\"Organization\",\"@id\":\"https:\/\/www.medicalz.com\/us\/#organization\",\"name\":\"MedicalZ\",\"url\":\"https:\/\/www.medicalz.com\/us\/\",\"logo\":{\"@type\":\"ImageObject\",\"inLanguage\":\"us-US\",\"@id\":\"https:\/\/www.medicalz.com\/us\/#\/schema\/logo\/image\/\",\"url\":\"https:\/\/www.medicalz.com\/wp-content\/uploads\/2021\/06\/logo-1.png\",\"contentUrl\":\"https:\/\/www.medicalz.com\/wp-content\/uploads\/2021\/06\/logo-1.png\",\"width\":400,\"height\":227,\"caption\":\"MedicalZ\"},\"image\":{\"@id\":\"https:\/\/www.medicalz.com\/us\/#\/schema\/logo\/image\/\"},\"sameAs\":[\"https:\/\/www.facebook.com\/MedicalZFrance\/\",\"https:\/\/www.instagram.com\/medicalz_fr\/?hl=fr\",\"https:\/\/www.youtube.com\/channel\/UC7rGbkWBc15cA4pbHS99Vbg\"]}]}<\/script>\n<!-- \/ Yoast SEO plugin. -->","yoast_head_json":{"title":"Plastic surgery garments &#8226; Medical Z","robots":{"index":"index","follow":"follow","max-snippet":"max-snippet:-1","max-image-preview":"max-image-preview:large","max-video-preview":"max-video-preview:-1"},"canonical":"https:\/\/www.medicalz.com\/us\/plastic-surgery\/","og_locale":"en_US","og_type":"article","og_title":"Plastic surgery garments &#8226; Medical Z","og_description":"PLASTIC SURGERY GARMENTSMany surgical interventions must be followed by a scientifically calibrated compressive therapy to improve blood circulation, particularly to avoid\u00a0the \u201cwave\u201d\u00a0effect and painful.Clinically evaluated, each garment is a true medical product tested and controlled to offer you the best quality. Discover all of our garments available in a range of sizes. An ideal and [&hellip;]","og_url":"https:\/\/www.medicalz.com\/us\/plastic-surgery\/","og_site_name":"Medical Z","article_publisher":"https:\/\/www.facebook.com\/MedicalZFrance\/","article_modified_time":"2024-12-19T15:15:03+00:00","schema":{"@context":"https:\/\/schema.org","@graph":[{"@type":"WebPage","@id":"https:\/\/www.medicalz.com\/us\/plastic-surgery\/","url":"https:\/\/www.medicalz.com\/us\/plastic-surgery\/","name":"Plastic surgery garments &#8226; Medical Z","isPartOf":{"@id":"https:\/\/www.medicalz.com\/us\/#website"},"datePublished":"2021-07-21T20:19:44+00:00","dateModified":"2024-12-19T15:15:03+00:00","breadcrumb":{"@id":"https:\/\/www.medicalz.com\/us\/plastic-surgery\/#breadcrumb"},"inLanguage":"us-US","potentialAction":[{"@type":"ReadAction","target":["https:\/\/www.medicalz.com\/us\/plastic-surgery\/"]}]},{"@type":"BreadcrumbList","@id":"https:\/\/www.medicalz.com\/us\/plastic-surgery\/#breadcrumb","itemListElement":[{"@type":"ListItem","position":1,"name":"Home","item":"https:\/\/www.medicalz.com\/us\/home\/"},{"@type":"ListItem","position":2,"name":"Plastic surgery garments"}]},{"@type":"WebSite","@id":"https:\/\/www.medicalz.com\/us\/#website","url":"https:\/\/www.medicalz.com\/us\/","name":"Medical Z","description":"Cr\u00e9ateur FRAN\u00c7AIS de v\u00eatements compressifs depuis 1981","publisher":{"@id":"https:\/\/www.medicalz.com\/us\/#organization"},"potentialAction":[{"@type":"SearchAction","target":{"@type":"EntryPoint","urlTemplate":"https:\/\/www.medicalz.com\/us\/?s={search_term_string}"},"query-input":{"@type":"PropertyValueSpecification","valueRequired":true,"valueName":"search_term_string"}}],"inLanguage":"us-US"},{"@type":"Organization","@id":"https:\/\/www.medicalz.com\/us\/#organization","name":"MedicalZ","url":"https:\/\/www.medicalz.com\/us\/","logo":{"@type":"ImageObject","inLanguage":"us-US","@id":"https:\/\/www.medicalz.com\/us\/#\/schema\/logo\/image\/","url":"https:\/\/www.medicalz.com\/wp-content\/uploads\/2021\/06\/logo-1.png","contentUrl":"https:\/\/www.medicalz.com\/wp-content\/uploads\/2021\/06\/logo-1.png","width":400,"height":227,"caption":"MedicalZ"},"image":{"@id":"https:\/\/www.medicalz.com\/us\/#\/schema\/logo\/image\/"},"sameAs":["https:\/\/www.facebook.com\/MedicalZFrance\/","https:\/\/www.instagram.com\/medicalz_fr\/?hl=fr","https:\/\/www.youtube.com\/channel\/UC7rGbkWBc15cA4pbHS99Vbg"]}]}},"_links":{"self":[{"href":"https:\/\/www.medicalz.com\/us\/wp-json\/wp\/v2\/pages\/4309","targetHints":{"allow":["GET"]}}],"collection":[{"href":"https:\/\/www.medicalz.com\/us\/wp-json\/wp\/v2\/pages"}],"about":[{"href":"https:\/\/www.medicalz.com\/us\/wp-json\/wp\/v2\/types\/page"}],"author":[{"embeddable":true,"href":"https:\/\/www.medicalz.com\/us\/wp-json\/wp\/v2\/users\/1"}],"replies":[{"embeddable":true,"href":"https:\/\/www.medicalz.com\/us\/wp-json\/wp\/v2\/comments?post=4309"}],"version-history":[{"count":20,"href":"https:\/\/www.medicalz.com\/us\/wp-json\/wp\/v2\/pages\/4309\/revisions"}],"predecessor-version":[{"id":19936,"href":"https:\/\/www.medicalz.com\/us\/wp-json\/wp\/v2\/pages\/4309\/revisions\/19936"}],"wp:attachment":[{"href":"https:\/\/www.medicalz.com\/us\/wp-json\/wp\/v2\/media?parent=4309"}],"curies":[{"name":"wp","href":"https:\/\/api.w.org\/{rel}","templated":true}]}}