{"id":4318,"date":"2021-07-21T22:20:27","date_gmt":"2021-07-21T20:20:27","guid":{"rendered":"https:\/\/www.medicalz.com\/scar-management-gel\/"},"modified":"2024-12-19T16:27:46","modified_gmt":"2024-12-19T15:27:46","slug":"scar-management-gel","status":"publish","type":"page","link":"https:\/\/www.medicalz.com\/us\/scar-management-gel\/","title":{"rendered":"Scar management gel"},"content":{"rendered":"<p>[et_pb_section fb_built=&#8221;1&#8243; fullwidth=&#8221;on&#8221; _builder_version=&#8221;4.16&#8243; _module_preset=&#8221;default&#8221; global_colors_info=&#8221;{}&#8221;][et_pb_fullwidth_header title=&#8221;MEDIGEL Z\u00ae &#038; MEDIPATCH GEL Z\u00ae&#8221; text_orientation=&#8221;center&#8221; _builder_version=&#8221;4.25.2&#8243; _module_preset=&#8221;default&#8221; title_text_color=&#8221;#FFFFFF&#8221; title_letter_spacing=&#8221;4px&#8221; background_color=&#8221;#e4b89d&#8221; background_enable_image=&#8221;off&#8221; min_height=&#8221;293.5px&#8221; custom_margin=&#8221;||30px||false|false&#8221; custom_padding=&#8221;70px||70px||false|false&#8221; hover_enabled=&#8221;0&#8243; background_last_edited=&#8221;off|tablet&#8221; background_enable_image_phone=&#8221;off&#8221; text_shadow_style=&#8221;preset1&#8243; locked=&#8221;off&#8221; global_colors_info=&#8221;{}&#8221; sticky_enabled=&#8221;0&#8243;][\/et_pb_fullwidth_header][\/et_pb_section][et_pb_section fb_built=&#8221;1&#8243; _builder_version=&#8221;4.17.0&#8243; _module_preset=&#8221;default&#8221; min_height=&#8221;4613.2px&#8221; global_colors_info=&#8221;{}&#8221;][et_pb_row _builder_version=&#8221;4.16&#8243; _module_preset=&#8221;default&#8221; min_height=&#8221;96px&#8221; global_colors_info=&#8221;{}&#8221;][et_pb_column type=&#8221;4_4&#8243; _builder_version=&#8221;4.16&#8243; _module_preset=&#8221;default&#8221; global_colors_info=&#8221;{}&#8221;][et_pb_text _builder_version=&#8221;4.25.2&#8243; _module_preset=&#8221;default&#8221; animation_style=&#8221;slide&#8221; animation_duration=&#8221;1150ms&#8221; animation_intensity_slide=&#8221;70%&#8221; animation_starting_opacity=&#8221;24%&#8221; global_colors_info=&#8221;{}&#8221;]<\/p>\n<div class=\"et_pb_module et_pb_text et_pb_text_0  et_pb_text_align_left et_pb_bg_layout_light\">\n<div class=\"et_pb_text_inner\">\n<h2>Plastic surgery garments<\/h2>\n<\/div>\n<\/div>\n<div class=\"et_pb_module et_pb_divider et_pb_divider_0 separateur et_pb_divider_position_ et_pb_space\"><\/div>\n<p>[\/et_pb_text][\/et_pb_column][\/et_pb_row][et_pb_row _builder_version=&#8221;4.16&#8243; _module_preset=&#8221;default&#8221; global_colors_info=&#8221;{}&#8221;][et_pb_column type=&#8221;4_4&#8243; _builder_version=&#8221;4.16&#8243; _module_preset=&#8221;default&#8221; global_colors_info=&#8221;{}&#8221;][et_pb_text _builder_version=&#8221;4.16&#8243; _module_preset=&#8221;default&#8221; module_alignment=&#8221;left&#8221; custom_margin=&#8221;||||true&#8221; custom_padding=&#8221;0px|20px|1px|20px|false|false&#8221; animation_style=&#8221;fade&#8221; animation_duration=&#8221;1150ms&#8221; animation_delay=&#8221;50ms&#8221; global_colors_info=&#8221;{}&#8221;]<\/p>\n<h4><span>VARIOUS STUDIES HAVE SHOWN THE EFFECTIVENESS OF POLYMERS TO PREVENT THE FORMATION OF SCARS. MEDIGEL IS A COMBINATION OF TRIBLOCK CO-POLYMER AND H1 CLASS MINERAL OIL.<\/span><\/h4>\n<p>[\/et_pb_text][et_pb_image src=&#8221;https:\/\/www.medicalz.com\/wp-content\/uploads\/2022\/01\/Evolution-cicatrice-MZ_US-scaled.jpg&#8221; alt=&#8221;\u00e9tape cicatrisation MZ&#8221; title_text=&#8221;Evolution-cicatrice-MZ_US&#8221; align=&#8221;center&#8221; _builder_version=&#8221;4.16&#8243; _module_preset=&#8221;default&#8221; width=&#8221;51%&#8221; width_tablet=&#8221;51%&#8221; width_phone=&#8221;99%&#8221; width_last_edited=&#8221;on|phone&#8221; module_alignment=&#8221;center&#8221; custom_padding=&#8221;|10px||10px|false|false&#8221; animation_style=&#8221;bounce&#8221; animation_delay=&#8221;200ms&#8221; global_colors_info=&#8221;{}&#8221;][\/et_pb_image][\/et_pb_column][\/et_pb_row][et_pb_row _builder_version=&#8221;4.17.0&#8243; _module_preset=&#8221;default&#8221; global_colors_info=&#8221;{}&#8221;][et_pb_column type=&#8221;4_4&#8243; _builder_version=&#8221;4.17.0&#8243; _module_preset=&#8221;default&#8221; global_colors_info=&#8221;{}&#8221;][et_pb_text _builder_version=&#8221;4.17.0&#8243; _module_preset=&#8221;default&#8221; global_colors_info=&#8221;{}&#8221;]<\/p>\n<div class=\"et_pb_module et_pb_text et_pb_text_0 et_pb_text_align_left et_pb_bg_layout_light\">\n<div class=\"et_pb_text_inner\">\n<p><span style=\"font-size: 14px; text-align: justify; color: #2f4457; font-weight: 500;\">Originally devised for the treatment of scars for burn victims,<\/span><span style=\"font-size: 14px; text-align: justify; color: #2f4457; font-weight: 500;\">\u00a0<\/span><strong style=\"font-size: 14px; text-align: justify; color: #2f4457;\">Medigel scar management gels now have a wider range of usage for surgeries which includes aesthetics, orthopedics and podiatry<\/strong><span style=\"font-size: 14px; text-align: justify; color: #2f4457; font-weight: 500;\">. Utilizing the same technology used for Medigel Z<\/span><sup style=\"text-align: justify; color: #2f4457; font-weight: 500;\">\u00ae <\/sup><span style=\"font-size: 14px; text-align: justify; color: #2f4457; font-weight: 500;\">and the Medipatch Gel Z<\/span><sup style=\"text-align: justify; color: #2f4457; font-weight: 500;\">\u00ae<\/sup><span style=\"font-size: 14px; text-align: justify; color: #2f4457; font-weight: 500;\">\u00a0<\/span><span style=\"font-size: 14px; text-align: justify; color: #2f4457; font-weight: 500;\">was introduced. An advantage to self-adhesiveness is repetitive applications. In addition to it\u2019s scar treatment properties. Medigel Z\u00ae is proven to have more elasticity and is guaranteed for 12 weeks. Studies(*) have shown that with proper care, Medigel can last up to 6 months(**).<\/span><\/p>\n<\/div>\n<\/div>\n<div class=\"et_pb_module et_pb_text et_pb_text_1 et_pb_text_align_left et_pb_bg_layout_light\">\n<div class=\"et_pb_text_inner\">\n<p><em>* Study of 106 burn patients implemented in the rehabilitation center of STER in Lamadou les Bains (France) with doctors JP. Gavoy, A. Podela, G. Plantier, C. Labadie and F. Ster. ** In optimal condition of use.<\/em><\/p>\n<p>Protects scar site against chafing, can be used in conjunction with compression garments<\/p>\n<p>&nbsp;<\/p>\n<h3>FEATURES<\/h3>\n<ul>\n<li>Expands and conforms to patient movements<\/li>\n<li>Available with fabric lining<\/li>\n<li>Can be cut to desired size<\/li>\n<li>Hypoallergenic<\/li>\n<li>Economical, last 3 to 6 times longer than silicone sheets<\/li>\n<li>Available in adhesive and non-adhesive sheets<\/li>\n<\/ul>\n<\/div>\n<\/div>\n<p>[\/et_pb_text][\/et_pb_column][\/et_pb_row][et_pb_row _builder_version=&#8221;4.16&#8243; _module_preset=&#8221;default&#8221; min_height=&#8221;2376.3px&#8221; global_colors_info=&#8221;{}&#8221;][et_pb_column type=&#8221;4_4&#8243; _builder_version=&#8221;4.16&#8243; _module_preset=&#8221;default&#8221; global_colors_info=&#8221;{}&#8221;][dpdfg_filtergrid custom_query=&#8221;advanced&#8221; multiple_cpt=&#8221;product&#8221; use_taxonomy_terms=&#8221;on&#8221; multiple_taxonomies=&#8221;product_cat&#8221; include_terms=&#8221;119,120,121&#8243; include_children_terms=&#8221;off&#8221; order=&#8221;ASC&#8221; orderby=&#8221;menu_order&#8221; no_results=&#8221;No results&#8221; thumbnail_size=&#8221;400&#215;516&#8243; use_overlay=&#8221;off&#8221; title_link=&#8221;on&#8221; show_post_meta=&#8221;off&#8221; show_custom_fields=&#8221;on&#8221; custom_fields=&#8221;%91{%22name%22:%22_sku%22,%22label%22:%22%22}%93&#8243; custom_content_container=&#8221;off&#8221; filter_taxonomies=&#8221;product_cat&#8221; filter_terms=&#8221;119,120,121&#8243; filters_sort=&#8221;term_group&#8221; pagination_type=&#8221;scroll&#8221; items_width=&#8221;30%&#8221; row_gutter=&#8221;4em&#8221; bg_filter_active=&#8221;#2F4457&#8243; _builder_version=&#8221;4.17.3&#8243; _module_preset=&#8221;default&#8221; dpdfg_entry_title_level=&#8221;h3&#8243; dpdfg_entry_title_text_align=&#8221;left&#8221; dpdfg_entry_title_text_color=&#8221;#2F4457&#8243; dpdfg_entry_title_font_size=&#8221;15px&#8221; dpdfg_entry_meta_font=&#8221;||||||||&#8221; dpdfg_entry_summary_font=&#8221;|||on|||||&#8221; dpdfg_filters_font=&#8221;|700||on|||||&#8221; dpdfg_filters_text_color=&#8221;#2F4457&#8243; dpdfg_filters_font_size=&#8221;11px&#8221; dpdfg_filters_letter_spacing=&#8221;1px&#8221; dpdfg_filters_active_text_color=&#8221;#FFFFFF&#8221; dpdfg_pagination_text_color=&#8221;#2F4457&#8243; dpdfg_pagination_active_text_color=&#8221;#178FCF&#8221; custom_css_dp-dfg-filter=&#8221;border:2px solid #2f4457;||margin:0px 2px&#8221; border_width_all=&#8221;0px&#8221; global_colors_info=&#8221;{}&#8221;][\/dpdfg_filtergrid][\/et_pb_column][\/et_pb_row][et_pb_row _builder_version=&#8221;4.17.0&#8243; _module_preset=&#8221;default&#8221; width=&#8221;100%&#8221; module_alignment=&#8221;center&#8221; min_height=&#8221;1029.4px&#8221; custom_margin=&#8221;1px|0px|-599px|0px|false|false&#8221; custom_padding=&#8221;1px||0px|0px|false|false&#8221; global_colors_info=&#8221;{}&#8221;][et_pb_column type=&#8221;4_4&#8243; _builder_version=&#8221;4.16&#8243; _module_preset=&#8221;default&#8221; global_colors_info=&#8221;{}&#8221;][et_pb_text _builder_version=&#8221;4.17.0&#8243; _module_preset=&#8221;default&#8221; module_alignment=&#8221;center&#8221; min_height=&#8221;245.5px&#8221; custom_margin=&#8221;|auto|||false|false&#8221; custom_margin_tablet=&#8221;|auto||auto|false|false&#8221; custom_margin_phone=&#8221;|-15px||-15px|false|false&#8221; custom_margin_last_edited=&#8221;on|phone&#8221; custom_padding=&#8221;0px|||0px|false|false&#8221; global_colors_info=&#8221;{}&#8221;]<\/p>\n<p style=\"text-align: left;\"><span style=\"color: #1694d1; font-size: 15px; font-weight: bold; text-transform: uppercase;\">STUDIES IMPLEMENTED IN REHABILITATION CENTER SPECIALIZING IN ACUTE BURN TREATMENT HAVE PROVEN THAT MEDICAL Z<\/span><sup style=\"color: #1694d1; font-weight: bold; text-transform: uppercase;\">\u00ae<\/sup><span style=\"color: #1694d1; font-size: 15px; font-weight: bold; text-transform: uppercase;\"> PRODUCTS HAD GOOD OR EXCELLENT RESULTS IN 75% OF CASES.<\/span><\/p>\n<p><strong><span>Medipatch Gel Z<sup>\u00ae<\/sup><\/span><\/strong>has been constructed from the same technology as the Medigel Z\u00ae , which offers the advantage of self adhering to various body surfaces and has been proven superb in repetitive usage without losing its adhesive properties.<\/p>\n<p><span>Medipatch Gel Z\u00ae is available as transparent or lined with fabric. It is available in various shapes and sizes to accommodate various anatomic surfaces.<\/span><\/p>\n<p><span><\/span><\/p>\n<h4><strong>DOWNLOAD OUR STUDIES IN PDF FORMAT:<\/strong><\/h4>\n<p><span style=\"text-decoration: underline;\"><strong><a href=\"https:\/\/www.medicalz.com\/wp-content\/uploads\/2021\/12\/plasticstudy.pdf\" rel=\"attachment noopener wp-att-13258\" target=\"_blank\">PLASTIC SURGERY GARMENTS CLINICAL STUDY<\/a><\/strong><\/span><\/p>\n<\/div>\n<div class=\"et_pb_text_inner\"><span style=\"text-decoration: underline;\"><strong><a href=\"https:\/\/www.medicalz.com\/wp-content\/uploads\/2021\/12\/gelstudy.pdf\" rel=\"attachment noopener wp-att-13262\" target=\"_blank\">SCAR MANAGEMENT GEL CLINICAL STUDY<\/a><\/strong><\/span><\/div>\n<\/div>\n<\/div>\n<\/div>\n<p>[\/et_pb_text][\/et_pb_column][\/et_pb_row][et_pb_row _builder_version=&#8221;4.16&#8243; _module_preset=&#8221;default&#8221; custom_margin=&#8221;1px|auto||auto||&#8221; custom_padding=&#8221;0px|||||&#8221; global_colors_info=&#8221;{}&#8221;][et_pb_column type=&#8221;4_4&#8243; _builder_version=&#8221;4.16&#8243; _module_preset=&#8221;default&#8221; global_colors_info=&#8221;{}&#8221;][et_pb_text _builder_version=&#8221;4.16&#8243; _module_preset=&#8221;default&#8221; min_height=&#8221;31px&#8221; custom_padding=&#8221;10px||10px||true|false&#8221; border_width_all=&#8221;1px&#8221; global_colors_info=&#8221;{}&#8221;]<\/p>\n<p style=\"text-align: center;\">Hypoallergenic, soft, comfortable and economic<\/p>\n<p>[\/et_pb_text][et_pb_video src=&#8221;https:\/\/www.youtube.com\/watch?v=KrgZYNwzbgE&#8221; _builder_version=&#8221;4.16&#8243; _module_preset=&#8221;default&#8221; width=&#8221;68%&#8221; module_alignment=&#8221;center&#8221; border_width_all=&#8221;6px&#8221; border_color_all=&#8221;#178FCF&#8221; global_colors_info=&#8221;{}&#8221;][\/et_pb_video][\/et_pb_column][\/et_pb_row][et_pb_row _builder_version=&#8221;4.16&#8243; _module_preset=&#8221;default&#8221; global_colors_info=&#8221;{}&#8221;][et_pb_column type=&#8221;4_4&#8243; _builder_version=&#8221;4.16&#8243; _module_preset=&#8221;default&#8221; global_colors_info=&#8221;{}&#8221;][et_pb_text _builder_version=&#8221;4.16&#8243; _module_preset=&#8221;default&#8221; quote_font_size=&#8221;13px&#8221; global_colors_info=&#8221;{}&#8221;]<\/p>\n<blockquote>\n<p><em>*Study carried out on 106 patients at the STER motor rehabilitation center in Lamalou-les-bains (34) by Doctors J.P. Gavroy, A. Poveda, G. Plantier, C. Labadie and F. Ster.<\/em><\/p>\n<\/blockquote>\n<p>[\/et_pb_text][\/et_pb_column][\/et_pb_row][\/et_pb_section]<\/p>\n","protected":false},"excerpt":{"rendered":"<p>Plastic surgery garments VARIOUS STUDIES HAVE SHOWN THE EFFECTIVENESS OF POLYMERS TO PREVENT THE FORMATION OF SCARS. MEDIGEL IS A COMBINATION OF TRIBLOCK CO-POLYMER AND H1 CLASS MINERAL OIL. Originally devised for the treatment of scars for burn victims,\u00a0Medigel scar management gels now have a wider range of usage for surgeries which includes aesthetics, orthopedics [&hellip;]<\/p>\n","protected":false},"author":1,"featured_media":0,"parent":0,"menu_order":0,"comment_status":"closed","ping_status":"closed","template":"","meta":{"_et_pb_use_builder":"on","_et_pb_old_content":"","_et_gb_content_width":"","footnotes":""},"class_list":["post-4318","page","type-page","status-publish","hentry"],"yoast_head":"<!-- This site is optimized with the Yoast SEO plugin v25.1 - https:\/\/yoast.com\/wordpress\/plugins\/seo\/ -->\n<title>Scar management gel &#8226; Medical Z<\/title>\n<meta name=\"robots\" content=\"index, follow, max-snippet:-1, max-image-preview:large, max-video-preview:-1\" \/>\n<link rel=\"canonical\" href=\"https:\/\/www.medicalz.com\/us\/scar-management-gel\/\" \/>\n<meta property=\"og:locale\" content=\"en_US\" \/>\n<meta property=\"og:type\" content=\"article\" \/>\n<meta property=\"og:title\" content=\"Scar management gel &#8226; Medical Z\" \/>\n<meta property=\"og:description\" content=\"Plastic surgery garments VARIOUS STUDIES HAVE SHOWN THE EFFECTIVENESS OF POLYMERS TO PREVENT THE FORMATION OF SCARS. MEDIGEL IS A COMBINATION OF TRIBLOCK CO-POLYMER AND H1 CLASS MINERAL OIL. Originally devised for the treatment of scars for burn victims,\u00a0Medigel scar management gels now have a wider range of usage for surgeries which includes aesthetics, orthopedics [&hellip;]\" \/>\n<meta property=\"og:url\" content=\"https:\/\/www.medicalz.com\/us\/scar-management-gel\/\" \/>\n<meta property=\"og:site_name\" content=\"Medical Z\" \/>\n<meta property=\"article:publisher\" content=\"https:\/\/www.facebook.com\/MedicalZFrance\/\" \/>\n<meta property=\"article:modified_time\" content=\"2024-12-19T15:27:46+00:00\" \/>\n<script type=\"application\/ld+json\" class=\"yoast-schema-graph\">{\"@context\":\"https:\/\/schema.org\",\"@graph\":[{\"@type\":\"WebPage\",\"@id\":\"https:\/\/www.medicalz.com\/us\/scar-management-gel\/\",\"url\":\"https:\/\/www.medicalz.com\/us\/scar-management-gel\/\",\"name\":\"Scar management gel &#8226; Medical Z\",\"isPartOf\":{\"@id\":\"https:\/\/www.medicalz.com\/us\/#website\"},\"datePublished\":\"2021-07-21T20:20:27+00:00\",\"dateModified\":\"2024-12-19T15:27:46+00:00\",\"breadcrumb\":{\"@id\":\"https:\/\/www.medicalz.com\/us\/scar-management-gel\/#breadcrumb\"},\"inLanguage\":\"us-US\",\"potentialAction\":[{\"@type\":\"ReadAction\",\"target\":[\"https:\/\/www.medicalz.com\/us\/scar-management-gel\/\"]}]},{\"@type\":\"BreadcrumbList\",\"@id\":\"https:\/\/www.medicalz.com\/us\/scar-management-gel\/#breadcrumb\",\"itemListElement\":[{\"@type\":\"ListItem\",\"position\":1,\"name\":\"Home\",\"item\":\"https:\/\/www.medicalz.com\/us\/home\/\"},{\"@type\":\"ListItem\",\"position\":2,\"name\":\"Scar management gel\"}]},{\"@type\":\"WebSite\",\"@id\":\"https:\/\/www.medicalz.com\/us\/#website\",\"url\":\"https:\/\/www.medicalz.com\/us\/\",\"name\":\"Medical Z\",\"description\":\"Cr\u00e9ateur FRAN\u00c7AIS de v\u00eatements compressifs depuis 1981\",\"publisher\":{\"@id\":\"https:\/\/www.medicalz.com\/us\/#organization\"},\"potentialAction\":[{\"@type\":\"SearchAction\",\"target\":{\"@type\":\"EntryPoint\",\"urlTemplate\":\"https:\/\/www.medicalz.com\/us\/?s={search_term_string}\"},\"query-input\":{\"@type\":\"PropertyValueSpecification\",\"valueRequired\":true,\"valueName\":\"search_term_string\"}}],\"inLanguage\":\"us-US\"},{\"@type\":\"Organization\",\"@id\":\"https:\/\/www.medicalz.com\/us\/#organization\",\"name\":\"MedicalZ\",\"url\":\"https:\/\/www.medicalz.com\/us\/\",\"logo\":{\"@type\":\"ImageObject\",\"inLanguage\":\"us-US\",\"@id\":\"https:\/\/www.medicalz.com\/us\/#\/schema\/logo\/image\/\",\"url\":\"https:\/\/www.medicalz.com\/wp-content\/uploads\/2021\/06\/logo-1.png\",\"contentUrl\":\"https:\/\/www.medicalz.com\/wp-content\/uploads\/2021\/06\/logo-1.png\",\"width\":400,\"height\":227,\"caption\":\"MedicalZ\"},\"image\":{\"@id\":\"https:\/\/www.medicalz.com\/us\/#\/schema\/logo\/image\/\"},\"sameAs\":[\"https:\/\/www.facebook.com\/MedicalZFrance\/\",\"https:\/\/www.instagram.com\/medicalz_fr\/?hl=fr\",\"https:\/\/www.youtube.com\/channel\/UC7rGbkWBc15cA4pbHS99Vbg\"]}]}<\/script>\n<!-- \/ Yoast SEO plugin. -->","yoast_head_json":{"title":"Scar management gel &#8226; Medical Z","robots":{"index":"index","follow":"follow","max-snippet":"max-snippet:-1","max-image-preview":"max-image-preview:large","max-video-preview":"max-video-preview:-1"},"canonical":"https:\/\/www.medicalz.com\/us\/scar-management-gel\/","og_locale":"en_US","og_type":"article","og_title":"Scar management gel &#8226; Medical Z","og_description":"Plastic surgery garments VARIOUS STUDIES HAVE SHOWN THE EFFECTIVENESS OF POLYMERS TO PREVENT THE FORMATION OF SCARS. MEDIGEL IS A COMBINATION OF TRIBLOCK CO-POLYMER AND H1 CLASS MINERAL OIL. Originally devised for the treatment of scars for burn victims,\u00a0Medigel scar management gels now have a wider range of usage for surgeries which includes aesthetics, orthopedics [&hellip;]","og_url":"https:\/\/www.medicalz.com\/us\/scar-management-gel\/","og_site_name":"Medical Z","article_publisher":"https:\/\/www.facebook.com\/MedicalZFrance\/","article_modified_time":"2024-12-19T15:27:46+00:00","schema":{"@context":"https:\/\/schema.org","@graph":[{"@type":"WebPage","@id":"https:\/\/www.medicalz.com\/us\/scar-management-gel\/","url":"https:\/\/www.medicalz.com\/us\/scar-management-gel\/","name":"Scar management gel &#8226; Medical Z","isPartOf":{"@id":"https:\/\/www.medicalz.com\/us\/#website"},"datePublished":"2021-07-21T20:20:27+00:00","dateModified":"2024-12-19T15:27:46+00:00","breadcrumb":{"@id":"https:\/\/www.medicalz.com\/us\/scar-management-gel\/#breadcrumb"},"inLanguage":"us-US","potentialAction":[{"@type":"ReadAction","target":["https:\/\/www.medicalz.com\/us\/scar-management-gel\/"]}]},{"@type":"BreadcrumbList","@id":"https:\/\/www.medicalz.com\/us\/scar-management-gel\/#breadcrumb","itemListElement":[{"@type":"ListItem","position":1,"name":"Home","item":"https:\/\/www.medicalz.com\/us\/home\/"},{"@type":"ListItem","position":2,"name":"Scar management gel"}]},{"@type":"WebSite","@id":"https:\/\/www.medicalz.com\/us\/#website","url":"https:\/\/www.medicalz.com\/us\/","name":"Medical Z","description":"Cr\u00e9ateur FRAN\u00c7AIS de v\u00eatements compressifs depuis 1981","publisher":{"@id":"https:\/\/www.medicalz.com\/us\/#organization"},"potentialAction":[{"@type":"SearchAction","target":{"@type":"EntryPoint","urlTemplate":"https:\/\/www.medicalz.com\/us\/?s={search_term_string}"},"query-input":{"@type":"PropertyValueSpecification","valueRequired":true,"valueName":"search_term_string"}}],"inLanguage":"us-US"},{"@type":"Organization","@id":"https:\/\/www.medicalz.com\/us\/#organization","name":"MedicalZ","url":"https:\/\/www.medicalz.com\/us\/","logo":{"@type":"ImageObject","inLanguage":"us-US","@id":"https:\/\/www.medicalz.com\/us\/#\/schema\/logo\/image\/","url":"https:\/\/www.medicalz.com\/wp-content\/uploads\/2021\/06\/logo-1.png","contentUrl":"https:\/\/www.medicalz.com\/wp-content\/uploads\/2021\/06\/logo-1.png","width":400,"height":227,"caption":"MedicalZ"},"image":{"@id":"https:\/\/www.medicalz.com\/us\/#\/schema\/logo\/image\/"},"sameAs":["https:\/\/www.facebook.com\/MedicalZFrance\/","https:\/\/www.instagram.com\/medicalz_fr\/?hl=fr","https:\/\/www.youtube.com\/channel\/UC7rGbkWBc15cA4pbHS99Vbg"]}]}},"_links":{"self":[{"href":"https:\/\/www.medicalz.com\/us\/wp-json\/wp\/v2\/pages\/4318","targetHints":{"allow":["GET"]}}],"collection":[{"href":"https:\/\/www.medicalz.com\/us\/wp-json\/wp\/v2\/pages"}],"about":[{"href":"https:\/\/www.medicalz.com\/us\/wp-json\/wp\/v2\/types\/page"}],"author":[{"embeddable":true,"href":"https:\/\/www.medicalz.com\/us\/wp-json\/wp\/v2\/users\/1"}],"replies":[{"embeddable":true,"href":"https:\/\/www.medicalz.com\/us\/wp-json\/wp\/v2\/comments?post=4318"}],"version-history":[{"count":22,"href":"https:\/\/www.medicalz.com\/us\/wp-json\/wp\/v2\/pages\/4318\/revisions"}],"predecessor-version":[{"id":19946,"href":"https:\/\/www.medicalz.com\/us\/wp-json\/wp\/v2\/pages\/4318\/revisions\/19946"}],"wp:attachment":[{"href":"https:\/\/www.medicalz.com\/us\/wp-json\/wp\/v2\/media?parent=4318"}],"curies":[{"name":"wp","href":"https:\/\/api.w.org\/{rel}","templated":true}]}}