{"id":8610,"date":"2021-10-11T17:09:27","date_gmt":"2021-10-11T15:09:27","guid":{"rendered":"https:\/\/www.medicalz.com\/interimcare-garments\/"},"modified":"2025-11-17T15:59:25","modified_gmt":"2025-11-17T14:59:25","slug":"interimcare-garments","status":"publish","type":"page","link":"https:\/\/www.medicalz.com\/us\/interimcare-garments\/","title":{"rendered":"INTERIM CARE GARMENTS"},"content":{"rendered":"<p>[et_pb_section fb_built=&#8221;1&#8243; fullwidth=&#8221;on&#8221; _builder_version=&#8221;4.16&#8243; _module_preset=&#8221;default&#8221; global_colors_info=&#8221;{}&#8221;][\/et_pb_section][et_pb_section fb_built=&#8221;1&#8243; _builder_version=&#8221;4.16&#8243; _module_preset=&#8221;default&#8221; global_colors_info=&#8221;{}&#8221;][et_pb_row _builder_version=&#8221;4.16&#8243; _module_preset=&#8221;default&#8221; custom_padding=&#8221;13px|||||&#8221; global_colors_info=&#8221;{}&#8221;][et_pb_column type=&#8221;4_4&#8243; _builder_version=&#8221;4.16&#8243; _module_preset=&#8221;default&#8221; global_colors_info=&#8221;{}&#8221;][et_pb_text _builder_version=&#8221;4.16&#8243; _module_preset=&#8221;default&#8221; global_colors_info=&#8221;{}&#8221;]<\/p>\n<h2 class=\"text-uppercase text-blue mtop0 mbot30 titre-bandeau\">INTERIM CARE GARMENTS<\/h2>\n<p>[\/et_pb_text][et_pb_divider module_class=&#8221;separateur&#8221; _builder_version=&#8221;4.16&#8243; _module_preset=&#8221;default&#8221; global_colors_info=&#8221;{}&#8221;][\/et_pb_divider][et_pb_text _builder_version=&#8221;4.27.4&#8243; _module_preset=&#8221;default&#8221; custom_margin=&#8221;||||false|false&#8221; hover_enabled=&#8221;0&#8243; global_colors_info=&#8221;{}&#8221; sticky_enabled=&#8221;0&#8243;]<\/p>\n<h4><\/h4>\n<h4><strong>Available in a variety of styles and color choices to suit every patient, Medical Z<sup>\u00ae<\/sup>\u00a0Interim Care Garments offer solutions for compression needs to those burn victims whose scars are fragile and are not ready to receive custom pressure.<\/strong><\/h4>\n<p><img loading=\"lazy\" decoding=\"async\" src=\"https:\/\/www.medicalz.com\/wp-content\/uploads\/2025\/11\/entier_interim_web.png\" width=\"180\" height=\"463\" alt=\"\" class=\"wp-image-21455 aligncenter size-full\" style=\"float: right;\" \/><\/p>\n<p>&nbsp;<\/p>\n<p>Our interim line of garments is manufactured with a specialty fabric that is lightweight, breathable and comfortable. This fabric also features <strong>excellent sun protection (SPF 50)<\/strong>. Our interim garment line allows for early application of pressure to manage painful immature scars with comfort.<\/p>\n<p>With one simple measurement, a size is easily determined. Fitting garments is also a snap with our strategically placed zippers and Velcro closures.<\/p>\n<p>&nbsp;<\/p>\n<blockquote>\n<p style=\"text-align: left;\"><strong>With one simple measurement, a size is easily determined. Fitting garments is also a snap with our strategically placed zippers and Velcro closures.<\/strong><\/p>\n<\/blockquote>\n<table border=\"0\" style=\"width: 100%; border-collapse: collapse;\">\n<tbody>\n<tr>\n<td style=\"width: 33.3333%;\"><img loading=\"lazy\" decoding=\"async\" src=\"https:\/\/www.medicalz.com\/wp-content\/uploads\/2025\/11\/Gant-ouvert_interim_web.png\" width=\"1000\" height=\"871\" alt=\"\" class=\"wp-image-21459 aligncenter size-full\" srcset=\"https:\/\/www.medicalz.com\/wp-content\/uploads\/2025\/11\/Gant-ouvert_interim_web.png 1000w, https:\/\/www.medicalz.com\/wp-content\/uploads\/2025\/11\/Gant-ouvert_interim_web-980x854.png 980w, https:\/\/www.medicalz.com\/wp-content\/uploads\/2025\/11\/Gant-ouvert_interim_web-480x418.png 480w\" sizes=\"(min-width: 0px) and (max-width: 480px) 480px, (min-width: 481px) and (max-width: 980px) 980px, (min-width: 981px) 1000px, 100vw\" \/><\/td>\n<td style=\"width: 33.3333%;\"><img loading=\"lazy\" decoding=\"async\" src=\"https:\/\/www.medicalz.com\/wp-content\/uploads\/2025\/11\/jambe_interim_web.png\" width=\"205\" height=\"301\" alt=\"\" class=\"wp-image-21463 aligncenter size-full\" \/><\/td>\n<td style=\"width: 33.3333%;\"><img loading=\"lazy\" decoding=\"async\" src=\"https:\/\/www.medicalz.com\/wp-content\/uploads\/2025\/11\/manchon_interim_web.png\" width=\"290\" height=\"311\" alt=\"\" class=\"wp-image-21467 aligncenter size-full\" srcset=\"https:\/\/www.medicalz.com\/wp-content\/uploads\/2025\/11\/manchon_interim_web-980x1049.png 980w, https:\/\/www.medicalz.com\/wp-content\/uploads\/2025\/11\/manchon_interim_web-480x514.png 480w\" sizes=\"(min-width: 0px) and (max-width: 480px) 480px, (min-width: 481px) and (max-width: 980px) 980px, 100vw\" \/><\/td>\n<\/tr>\n<\/tbody>\n<\/table>\n<p>[\/et_pb_text][\/et_pb_column][\/et_pb_row][et_pb_row _builder_version=&#8221;4.16&#8243; _module_preset=&#8221;default&#8221; custom_padding=&#8221;||27px|||&#8221; global_colors_info=&#8221;{}&#8221;][et_pb_column type=&#8221;4_4&#8243; _builder_version=&#8221;4.21.0&#8243; _module_preset=&#8221;default&#8221; global_colors_info=&#8221;{}&#8221;][et_pb_button button_url=&#8221;https:\/\/www.medicalz.com\/wp-content\/uploads\/2023\/10\/VETEMENTS-INTERIMAIRES_US-1.pdf&#8221; url_new_window=&#8221;on&#8221; button_text=&#8221;SIZING CHART INCHES&#8221; button_alignment=&#8221;center&#8221; _builder_version=&#8221;4.21.0&#8243; _module_preset=&#8221;default&#8221; global_colors_info=&#8221;{}&#8221;][\/et_pb_button][\/et_pb_column][\/et_pb_row][\/et_pb_section]<\/p>\n","protected":false},"excerpt":{"rendered":"<p>INTERIM CARE GARMENTS Available in a variety of styles and color choices to suit every patient, Medical Z\u00ae\u00a0Interim Care Garments offer solutions for compression needs to those burn victims whose scars are fragile and are not ready to receive custom pressure. &nbsp; Our interim line of garments is manufactured with a specialty fabric that is [&hellip;]<\/p>\n","protected":false},"author":4,"featured_media":0,"parent":0,"menu_order":0,"comment_status":"closed","ping_status":"closed","template":"","meta":{"_et_pb_use_builder":"on","_et_pb_old_content":"","_et_gb_content_width":"","footnotes":""},"class_list":["post-8610","page","type-page","status-publish","hentry"],"yoast_head":"<!-- This site is optimized with the Yoast SEO plugin v25.1 - https:\/\/yoast.com\/wordpress\/plugins\/seo\/ -->\n<title>INTERIM CARE GARMENTS &#8226; Medical Z<\/title>\n<meta name=\"robots\" content=\"index, follow, max-snippet:-1, max-image-preview:large, max-video-preview:-1\" \/>\n<link rel=\"canonical\" href=\"https:\/\/www.medicalz.com\/us\/interimcare-garments\/\" \/>\n<meta property=\"og:locale\" content=\"en_US\" \/>\n<meta property=\"og:type\" content=\"article\" \/>\n<meta property=\"og:title\" content=\"INTERIM CARE GARMENTS &#8226; Medical Z\" \/>\n<meta property=\"og:description\" content=\"INTERIM CARE GARMENTS Available in a variety of styles and color choices to suit every patient, Medical Z\u00ae\u00a0Interim Care Garments offer solutions for compression needs to those burn victims whose scars are fragile and are not ready to receive custom pressure. &nbsp; Our interim line of garments is manufactured with a specialty fabric that is [&hellip;]\" \/>\n<meta property=\"og:url\" content=\"https:\/\/www.medicalz.com\/us\/interimcare-garments\/\" \/>\n<meta property=\"og:site_name\" content=\"Medical Z\" \/>\n<meta property=\"article:publisher\" content=\"https:\/\/www.facebook.com\/MedicalZFrance\/\" \/>\n<meta property=\"article:modified_time\" content=\"2025-11-17T14:59:25+00:00\" \/>\n<meta property=\"og:image\" content=\"https:\/\/www.medicalz.com\/wp-content\/uploads\/2025\/11\/entier_interim_web.png\" \/>\n\t<meta property=\"og:image:width\" content=\"500\" \/>\n\t<meta property=\"og:image:height\" content=\"1285\" \/>\n\t<meta property=\"og:image:type\" content=\"image\/png\" \/>\n<script type=\"application\/ld+json\" class=\"yoast-schema-graph\">{\"@context\":\"https:\/\/schema.org\",\"@graph\":[{\"@type\":\"WebPage\",\"@id\":\"https:\/\/www.medicalz.com\/us\/interimcare-garments\/\",\"url\":\"https:\/\/www.medicalz.com\/us\/interimcare-garments\/\",\"name\":\"INTERIM CARE GARMENTS &#8226; Medical Z\",\"isPartOf\":{\"@id\":\"https:\/\/www.medicalz.com\/us\/#website\"},\"primaryImageOfPage\":{\"@id\":\"https:\/\/www.medicalz.com\/us\/interimcare-garments\/#primaryimage\"},\"image\":{\"@id\":\"https:\/\/www.medicalz.com\/us\/interimcare-garments\/#primaryimage\"},\"thumbnailUrl\":\"https:\/\/www.medicalz.com\/wp-content\/uploads\/2025\/11\/entier_interim_web.png\",\"datePublished\":\"2021-10-11T15:09:27+00:00\",\"dateModified\":\"2025-11-17T14:59:25+00:00\",\"breadcrumb\":{\"@id\":\"https:\/\/www.medicalz.com\/us\/interimcare-garments\/#breadcrumb\"},\"inLanguage\":\"us-US\",\"potentialAction\":[{\"@type\":\"ReadAction\",\"target\":[\"https:\/\/www.medicalz.com\/us\/interimcare-garments\/\"]}]},{\"@type\":\"ImageObject\",\"inLanguage\":\"us-US\",\"@id\":\"https:\/\/www.medicalz.com\/us\/interimcare-garments\/#primaryimage\",\"url\":\"https:\/\/www.medicalz.com\/wp-content\/uploads\/2025\/11\/entier_interim_web.png\",\"contentUrl\":\"https:\/\/www.medicalz.com\/wp-content\/uploads\/2025\/11\/entier_interim_web.png\"},{\"@type\":\"BreadcrumbList\",\"@id\":\"https:\/\/www.medicalz.com\/us\/interimcare-garments\/#breadcrumb\",\"itemListElement\":[{\"@type\":\"ListItem\",\"position\":1,\"name\":\"Home\",\"item\":\"https:\/\/www.medicalz.com\/us\/home\/\"},{\"@type\":\"ListItem\",\"position\":2,\"name\":\"INTERIM CARE GARMENTS\"}]},{\"@type\":\"WebSite\",\"@id\":\"https:\/\/www.medicalz.com\/us\/#website\",\"url\":\"https:\/\/www.medicalz.com\/us\/\",\"name\":\"Medical Z\",\"description\":\"Cr\u00e9ateur FRAN\u00c7AIS de v\u00eatements compressifs depuis 1981\",\"publisher\":{\"@id\":\"https:\/\/www.medicalz.com\/us\/#organization\"},\"potentialAction\":[{\"@type\":\"SearchAction\",\"target\":{\"@type\":\"EntryPoint\",\"urlTemplate\":\"https:\/\/www.medicalz.com\/us\/?s={search_term_string}\"},\"query-input\":{\"@type\":\"PropertyValueSpecification\",\"valueRequired\":true,\"valueName\":\"search_term_string\"}}],\"inLanguage\":\"us-US\"},{\"@type\":\"Organization\",\"@id\":\"https:\/\/www.medicalz.com\/us\/#organization\",\"name\":\"MedicalZ\",\"url\":\"https:\/\/www.medicalz.com\/us\/\",\"logo\":{\"@type\":\"ImageObject\",\"inLanguage\":\"us-US\",\"@id\":\"https:\/\/www.medicalz.com\/us\/#\/schema\/logo\/image\/\",\"url\":\"https:\/\/www.medicalz.com\/wp-content\/uploads\/2021\/06\/logo-1.png\",\"contentUrl\":\"https:\/\/www.medicalz.com\/wp-content\/uploads\/2021\/06\/logo-1.png\",\"width\":400,\"height\":227,\"caption\":\"MedicalZ\"},\"image\":{\"@id\":\"https:\/\/www.medicalz.com\/us\/#\/schema\/logo\/image\/\"},\"sameAs\":[\"https:\/\/www.facebook.com\/MedicalZFrance\/\",\"https:\/\/www.instagram.com\/medicalz_fr\/?hl=fr\",\"https:\/\/www.youtube.com\/channel\/UC7rGbkWBc15cA4pbHS99Vbg\"]}]}<\/script>\n<!-- \/ Yoast SEO plugin. -->","yoast_head_json":{"title":"INTERIM CARE GARMENTS &#8226; Medical Z","robots":{"index":"index","follow":"follow","max-snippet":"max-snippet:-1","max-image-preview":"max-image-preview:large","max-video-preview":"max-video-preview:-1"},"canonical":"https:\/\/www.medicalz.com\/us\/interimcare-garments\/","og_locale":"en_US","og_type":"article","og_title":"INTERIM CARE GARMENTS &#8226; Medical Z","og_description":"INTERIM CARE GARMENTS Available in a variety of styles and color choices to suit every patient, Medical Z\u00ae\u00a0Interim Care Garments offer solutions for compression needs to those burn victims whose scars are fragile and are not ready to receive custom pressure. &nbsp; Our interim line of garments is manufactured with a specialty fabric that is [&hellip;]","og_url":"https:\/\/www.medicalz.com\/us\/interimcare-garments\/","og_site_name":"Medical Z","article_publisher":"https:\/\/www.facebook.com\/MedicalZFrance\/","article_modified_time":"2025-11-17T14:59:25+00:00","og_image":[{"width":500,"height":1285,"url":"https:\/\/www.medicalz.com\/wp-content\/uploads\/2025\/11\/entier_interim_web.png","type":"image\/png"}],"schema":{"@context":"https:\/\/schema.org","@graph":[{"@type":"WebPage","@id":"https:\/\/www.medicalz.com\/us\/interimcare-garments\/","url":"https:\/\/www.medicalz.com\/us\/interimcare-garments\/","name":"INTERIM CARE GARMENTS &#8226; Medical Z","isPartOf":{"@id":"https:\/\/www.medicalz.com\/us\/#website"},"primaryImageOfPage":{"@id":"https:\/\/www.medicalz.com\/us\/interimcare-garments\/#primaryimage"},"image":{"@id":"https:\/\/www.medicalz.com\/us\/interimcare-garments\/#primaryimage"},"thumbnailUrl":"https:\/\/www.medicalz.com\/wp-content\/uploads\/2025\/11\/entier_interim_web.png","datePublished":"2021-10-11T15:09:27+00:00","dateModified":"2025-11-17T14:59:25+00:00","breadcrumb":{"@id":"https:\/\/www.medicalz.com\/us\/interimcare-garments\/#breadcrumb"},"inLanguage":"us-US","potentialAction":[{"@type":"ReadAction","target":["https:\/\/www.medicalz.com\/us\/interimcare-garments\/"]}]},{"@type":"ImageObject","inLanguage":"us-US","@id":"https:\/\/www.medicalz.com\/us\/interimcare-garments\/#primaryimage","url":"https:\/\/www.medicalz.com\/wp-content\/uploads\/2025\/11\/entier_interim_web.png","contentUrl":"https:\/\/www.medicalz.com\/wp-content\/uploads\/2025\/11\/entier_interim_web.png"},{"@type":"BreadcrumbList","@id":"https:\/\/www.medicalz.com\/us\/interimcare-garments\/#breadcrumb","itemListElement":[{"@type":"ListItem","position":1,"name":"Home","item":"https:\/\/www.medicalz.com\/us\/home\/"},{"@type":"ListItem","position":2,"name":"INTERIM CARE GARMENTS"}]},{"@type":"WebSite","@id":"https:\/\/www.medicalz.com\/us\/#website","url":"https:\/\/www.medicalz.com\/us\/","name":"Medical Z","description":"Cr\u00e9ateur FRAN\u00c7AIS de v\u00eatements compressifs depuis 1981","publisher":{"@id":"https:\/\/www.medicalz.com\/us\/#organization"},"potentialAction":[{"@type":"SearchAction","target":{"@type":"EntryPoint","urlTemplate":"https:\/\/www.medicalz.com\/us\/?s={search_term_string}"},"query-input":{"@type":"PropertyValueSpecification","valueRequired":true,"valueName":"search_term_string"}}],"inLanguage":"us-US"},{"@type":"Organization","@id":"https:\/\/www.medicalz.com\/us\/#organization","name":"MedicalZ","url":"https:\/\/www.medicalz.com\/us\/","logo":{"@type":"ImageObject","inLanguage":"us-US","@id":"https:\/\/www.medicalz.com\/us\/#\/schema\/logo\/image\/","url":"https:\/\/www.medicalz.com\/wp-content\/uploads\/2021\/06\/logo-1.png","contentUrl":"https:\/\/www.medicalz.com\/wp-content\/uploads\/2021\/06\/logo-1.png","width":400,"height":227,"caption":"MedicalZ"},"image":{"@id":"https:\/\/www.medicalz.com\/us\/#\/schema\/logo\/image\/"},"sameAs":["https:\/\/www.facebook.com\/MedicalZFrance\/","https:\/\/www.instagram.com\/medicalz_fr\/?hl=fr","https:\/\/www.youtube.com\/channel\/UC7rGbkWBc15cA4pbHS99Vbg"]}]}},"_links":{"self":[{"href":"https:\/\/www.medicalz.com\/us\/wp-json\/wp\/v2\/pages\/8610","targetHints":{"allow":["GET"]}}],"collection":[{"href":"https:\/\/www.medicalz.com\/us\/wp-json\/wp\/v2\/pages"}],"about":[{"href":"https:\/\/www.medicalz.com\/us\/wp-json\/wp\/v2\/types\/page"}],"author":[{"embeddable":true,"href":"https:\/\/www.medicalz.com\/us\/wp-json\/wp\/v2\/users\/4"}],"replies":[{"embeddable":true,"href":"https:\/\/www.medicalz.com\/us\/wp-json\/wp\/v2\/comments?post=8610"}],"version-history":[{"count":21,"href":"https:\/\/www.medicalz.com\/us\/wp-json\/wp\/v2\/pages\/8610\/revisions"}],"predecessor-version":[{"id":21476,"href":"https:\/\/www.medicalz.com\/us\/wp-json\/wp\/v2\/pages\/8610\/revisions\/21476"}],"wp:attachment":[{"href":"https:\/\/www.medicalz.com\/us\/wp-json\/wp\/v2\/media?parent=8610"}],"curies":[{"name":"wp","href":"https:\/\/api.w.org\/{rel}","templated":true}]}}