{"id":9535,"date":"2021-10-13T10:36:41","date_gmt":"2021-10-13T08:36:41","guid":{"rendered":"https:\/\/www.medicalz.com\/maternity-belt\/"},"modified":"2022-05-11T10:14:59","modified_gmt":"2022-05-11T08:14:59","slug":"maternity-belt","status":"publish","type":"page","link":"https:\/\/www.medicalz.com\/us\/maternity-belt\/","title":{"rendered":"MATERNITY BELT"},"content":{"rendered":"<p>[et_pb_section fb_built=&#8221;1&#8243; _builder_version=&#8221;4.16&#8243; _module_preset=&#8221;default&#8221; background_color=&#8221;rgba(255,255,255,0.56)&#8221; background_image=&#8221;https:\/\/www.medicalz.com\/wp-content\/uploads\/2021\/08\/S031.png&#8221; background_blend=&#8221;soft-light&#8221; global_colors_info=&#8221;{}&#8221;][et_pb_row _builder_version=&#8221;4.16&#8243; _module_preset=&#8221;default&#8221; background_color=&#8221;#FFFFFF&#8221; custom_padding=&#8221;13px|10px|13px|10px|false|false&#8221; global_colors_info=&#8221;{}&#8221;][et_pb_column type=&#8221;4_4&#8243; _builder_version=&#8221;4.16&#8243; _module_preset=&#8221;default&#8221; global_colors_info=&#8221;{}&#8221;][et_pb_text _builder_version=&#8221;4.16&#8243; _module_preset=&#8221;default&#8221; global_colors_info=&#8221;{}&#8221;]<\/p>\n<h2 class=\"text-uppercase text-blue mtop0 mbot30 titre-bandeau\">MATERNITY BELT<\/h2>\n<p>[\/et_pb_text][et_pb_divider module_class=&#8221;separateur&#8221; _builder_version=&#8221;4.16&#8243; _module_preset=&#8221;default&#8221; global_colors_info=&#8221;{}&#8221;][\/et_pb_divider][et_pb_text _builder_version=&#8221;4.16&#8243; _module_preset=&#8221;default&#8221; custom_margin=&#8221;15px|31px|15px|30px|false|false&#8221; custom_margin_tablet=&#8221;15px|31px|15px|30px|false|false&#8221; custom_margin_phone=&#8221;|10px||10px|false|false&#8221; custom_margin_last_edited=&#8221;on|phone&#8221; custom_padding=&#8221;0px||||false|false&#8221; global_colors_info=&#8221;{}&#8221;]<\/p>\n<h3><span style=\"color: #178fcf;\">CHOICE OF YOUR SIZE<\/span><\/h3>\n<h4><\/h4>\n<h4><strong>The sizes indicated on our brochures correspond with the patient\u2019s size during the beginning of the 2nd trimester. To order the correct size, measure the pelvis circumference (largest part of buttocks).<\/strong><\/h4>\n<p>&nbsp;<\/p>\n<table style=\"border-collapse: collapse; width: 100%;\" border=\"1\">\n<tbody>\n<tr>\n<td style=\"width: 50%; text-align: center;\"><strong>Sizes<\/strong><\/td>\n<td style=\"width: 50%; text-align: center;\"><strong>Pelvis (inches)<\/strong><\/td>\n<\/tr>\n<tr>\n<td style=\"width: 50%; text-align: center;\">1<\/td>\n<td style=\"width: 50%; text-align: center;\">34\u00bd &#8211; 38\u00bc<\/td>\n<\/tr>\n<tr>\n<td style=\"width: 50%; text-align: center;\">2<\/td>\n<td style=\"width: 50%; text-align: center;\">38\u00bc &#8211; 41\u00bd<\/td>\n<\/tr>\n<tr>\n<td style=\"width: 50%; text-align: center;\">3<\/td>\n<td style=\"width: 50%; text-align: center;\">41\u00bd &#8211; 46\u00be<\/td>\n<\/tr>\n<tr>\n<td style=\"width: 50%; text-align: center;\">4<\/td>\n<td style=\"width: 50%; text-align: center;\">46\u00be &#8211; 50\u00bd<\/td>\n<\/tr>\n<\/tbody>\n<\/table>\n<p>If you have a patient who does not fall within the measurements listed above or has special requirements, you may order a custom made maternity belt.<br \/><strong>If you have any questions or concerns, please do not hesitate to call us toll free @ 1-800-368-7478.<\/strong><\/p>\n<p>&nbsp;<\/p>\n<p>[\/et_pb_text][\/et_pb_column][\/et_pb_row][et_pb_row _builder_version=&#8221;4.17.3&#8243; _module_preset=&#8221;default&#8221; column_structure=&#8221;2_5,3_5&#8243; background_color=&#8221;#FFFFFF&#8221; hover_enabled=&#8221;0&#8243; sticky_enabled=&#8221;0&#8243;][et_pb_column _builder_version=&#8221;4.17.3&#8243; _module_preset=&#8221;default&#8221; type=&#8221;2_5&#8243;][et_pb_image src=&#8221;https:\/\/www.medicalz.com\/wp-content\/uploads\/2022\/05\/S031_noir_BD.png&#8221; _builder_version=&#8221;4.17.3&#8243; _module_preset=&#8221;default&#8221; title_text=&#8221;S031_noir_BD&#8221; background_color=&#8221;RGBA(255,255,255,0)&#8221; hover_enabled=&#8221;0&#8243; sticky_enabled=&#8221;0&#8243;][\/et_pb_image][\/et_pb_column][et_pb_column _builder_version=&#8221;4.17.3&#8243; _module_preset=&#8221;default&#8221; type=&#8221;3_5&#8243;][et_pb_text _builder_version=&#8221;4.17.3&#8243; _module_preset=&#8221;default&#8221; hover_enabled=&#8221;0&#8243; sticky_enabled=&#8221;0&#8243;]<\/p>\n<h3><span style=\"color: #178fcf;\">CARE<\/span><\/h3>\n<ul>\n<li>Our fabric is used for several applications in the pressure therapy field (such as Custom-made garments for burn patients and plastic surgery compression)It has been tested for the following:\n<ul>\n<li>elasticity<\/li>\n<li>color fading<\/li>\n<li>wear and tear<\/li>\n<\/ul>\n<p><em>To preserve all qualities of your Belt, we recommend HAND WASHING your garment in cold water, using a phosphate free soap and AIR DRY.<\/em><\/p>\n<p><em><strong>Do not machine wash or dry your garment or use bleach or dyes.<\/strong><\/em><\/p>\n<\/li>\n<\/ul>\n<p>[\/et_pb_text][\/et_pb_column][\/et_pb_row][et_pb_row _builder_version=&#8221;4.16&#8243; _module_preset=&#8221;default&#8221; background_color=&#8221;#FFFFFF&#8221; global_colors_info=&#8221;{}&#8221;][et_pb_column type=&#8221;4_4&#8243; _builder_version=&#8221;4.16&#8243; _module_preset=&#8221;default&#8221; global_colors_info=&#8221;{}&#8221;][et_pb_button button_url=&#8221;https:\/\/www.medicalz.com\/produits\/ceinture-desoutien-abdominal\/&#8221; url_new_window=&#8221;on&#8221; button_text=&#8221;Why wear a pregnancy belt&#8221; button_alignment=&#8221;center&#8221; _builder_version=&#8221;4.16&#8243; _module_preset=&#8221;default&#8221; global_colors_info=&#8221;{}&#8221;][\/et_pb_button][\/et_pb_column][\/et_pb_row][\/et_pb_section]<\/p>\n","protected":false},"excerpt":{"rendered":"<p>MATERNITY BELTCHOICE OF YOUR SIZE The sizes indicated on our brochures correspond with the patient\u2019s size during the beginning of the 2nd trimester. To order the correct size, measure the pelvis circumference (largest part of buttocks). &nbsp; Sizes Pelvis (inches) 1 34\u00bd &#8211; 38\u00bc 2 38\u00bc &#8211; 41\u00bd 3 41\u00bd &#8211; 46\u00be 4 46\u00be &#8211; [&hellip;]<\/p>\n","protected":false},"author":4,"featured_media":0,"parent":0,"menu_order":0,"comment_status":"closed","ping_status":"closed","template":"","meta":{"_et_pb_use_builder":"on","_et_pb_old_content":"","_et_gb_content_width":"","footnotes":""},"class_list":["post-9535","page","type-page","status-publish","hentry"],"yoast_head":"<!-- This site is optimized with the Yoast SEO plugin v25.1 - https:\/\/yoast.com\/wordpress\/plugins\/seo\/ -->\n<title>MATERNITY BELT &#8226; Medical Z<\/title>\n<meta name=\"robots\" content=\"index, follow, max-snippet:-1, max-image-preview:large, max-video-preview:-1\" \/>\n<link rel=\"canonical\" href=\"https:\/\/www.medicalz.com\/us\/maternity-belt\/\" \/>\n<meta property=\"og:locale\" content=\"en_US\" \/>\n<meta property=\"og:type\" content=\"article\" \/>\n<meta property=\"og:title\" content=\"MATERNITY BELT &#8226; Medical Z\" \/>\n<meta property=\"og:description\" content=\"MATERNITY BELTCHOICE OF YOUR SIZE The sizes indicated on our brochures correspond with the patient\u2019s size during the beginning of the 2nd trimester. To order the correct size, measure the pelvis circumference (largest part of buttocks). &nbsp; Sizes Pelvis (inches) 1 34\u00bd - 38\u00bc 2 38\u00bc - 41\u00bd 3 41\u00bd - 46\u00be 4 46\u00be - [&hellip;]\" \/>\n<meta property=\"og:url\" content=\"https:\/\/www.medicalz.com\/us\/maternity-belt\/\" \/>\n<meta property=\"og:site_name\" content=\"Medical Z\" \/>\n<meta property=\"article:publisher\" content=\"https:\/\/www.facebook.com\/MedicalZFrance\/\" \/>\n<meta property=\"article:modified_time\" content=\"2022-05-11T08:14:59+00:00\" \/>\n<script type=\"application\/ld+json\" class=\"yoast-schema-graph\">{\"@context\":\"https:\/\/schema.org\",\"@graph\":[{\"@type\":\"WebPage\",\"@id\":\"https:\/\/www.medicalz.com\/us\/maternity-belt\/\",\"url\":\"https:\/\/www.medicalz.com\/us\/maternity-belt\/\",\"name\":\"MATERNITY BELT &#8226; Medical Z\",\"isPartOf\":{\"@id\":\"https:\/\/www.medicalz.com\/us\/#website\"},\"datePublished\":\"2021-10-13T08:36:41+00:00\",\"dateModified\":\"2022-05-11T08:14:59+00:00\",\"breadcrumb\":{\"@id\":\"https:\/\/www.medicalz.com\/us\/maternity-belt\/#breadcrumb\"},\"inLanguage\":\"us-US\",\"potentialAction\":[{\"@type\":\"ReadAction\",\"target\":[\"https:\/\/www.medicalz.com\/us\/maternity-belt\/\"]}]},{\"@type\":\"BreadcrumbList\",\"@id\":\"https:\/\/www.medicalz.com\/us\/maternity-belt\/#breadcrumb\",\"itemListElement\":[{\"@type\":\"ListItem\",\"position\":1,\"name\":\"Home\",\"item\":\"https:\/\/www.medicalz.com\/us\/home\/\"},{\"@type\":\"ListItem\",\"position\":2,\"name\":\"MATERNITY BELT\"}]},{\"@type\":\"WebSite\",\"@id\":\"https:\/\/www.medicalz.com\/us\/#website\",\"url\":\"https:\/\/www.medicalz.com\/us\/\",\"name\":\"Medical Z\",\"description\":\"Cr\u00e9ateur FRAN\u00c7AIS de v\u00eatements compressifs depuis 1981\",\"publisher\":{\"@id\":\"https:\/\/www.medicalz.com\/us\/#organization\"},\"potentialAction\":[{\"@type\":\"SearchAction\",\"target\":{\"@type\":\"EntryPoint\",\"urlTemplate\":\"https:\/\/www.medicalz.com\/us\/?s={search_term_string}\"},\"query-input\":{\"@type\":\"PropertyValueSpecification\",\"valueRequired\":true,\"valueName\":\"search_term_string\"}}],\"inLanguage\":\"us-US\"},{\"@type\":\"Organization\",\"@id\":\"https:\/\/www.medicalz.com\/us\/#organization\",\"name\":\"MedicalZ\",\"url\":\"https:\/\/www.medicalz.com\/us\/\",\"logo\":{\"@type\":\"ImageObject\",\"inLanguage\":\"us-US\",\"@id\":\"https:\/\/www.medicalz.com\/us\/#\/schema\/logo\/image\/\",\"url\":\"https:\/\/www.medicalz.com\/wp-content\/uploads\/2021\/06\/logo-1.png\",\"contentUrl\":\"https:\/\/www.medicalz.com\/wp-content\/uploads\/2021\/06\/logo-1.png\",\"width\":400,\"height\":227,\"caption\":\"MedicalZ\"},\"image\":{\"@id\":\"https:\/\/www.medicalz.com\/us\/#\/schema\/logo\/image\/\"},\"sameAs\":[\"https:\/\/www.facebook.com\/MedicalZFrance\/\",\"https:\/\/www.instagram.com\/medicalz_fr\/?hl=fr\",\"https:\/\/www.youtube.com\/channel\/UC7rGbkWBc15cA4pbHS99Vbg\"]}]}<\/script>\n<!-- \/ Yoast SEO plugin. -->","yoast_head_json":{"title":"MATERNITY BELT &#8226; Medical Z","robots":{"index":"index","follow":"follow","max-snippet":"max-snippet:-1","max-image-preview":"max-image-preview:large","max-video-preview":"max-video-preview:-1"},"canonical":"https:\/\/www.medicalz.com\/us\/maternity-belt\/","og_locale":"en_US","og_type":"article","og_title":"MATERNITY BELT &#8226; Medical Z","og_description":"MATERNITY BELTCHOICE OF YOUR SIZE The sizes indicated on our brochures correspond with the patient\u2019s size during the beginning of the 2nd trimester. To order the correct size, measure the pelvis circumference (largest part of buttocks). &nbsp; Sizes Pelvis (inches) 1 34\u00bd - 38\u00bc 2 38\u00bc - 41\u00bd 3 41\u00bd - 46\u00be 4 46\u00be - [&hellip;]","og_url":"https:\/\/www.medicalz.com\/us\/maternity-belt\/","og_site_name":"Medical Z","article_publisher":"https:\/\/www.facebook.com\/MedicalZFrance\/","article_modified_time":"2022-05-11T08:14:59+00:00","schema":{"@context":"https:\/\/schema.org","@graph":[{"@type":"WebPage","@id":"https:\/\/www.medicalz.com\/us\/maternity-belt\/","url":"https:\/\/www.medicalz.com\/us\/maternity-belt\/","name":"MATERNITY BELT &#8226; Medical Z","isPartOf":{"@id":"https:\/\/www.medicalz.com\/us\/#website"},"datePublished":"2021-10-13T08:36:41+00:00","dateModified":"2022-05-11T08:14:59+00:00","breadcrumb":{"@id":"https:\/\/www.medicalz.com\/us\/maternity-belt\/#breadcrumb"},"inLanguage":"us-US","potentialAction":[{"@type":"ReadAction","target":["https:\/\/www.medicalz.com\/us\/maternity-belt\/"]}]},{"@type":"BreadcrumbList","@id":"https:\/\/www.medicalz.com\/us\/maternity-belt\/#breadcrumb","itemListElement":[{"@type":"ListItem","position":1,"name":"Home","item":"https:\/\/www.medicalz.com\/us\/home\/"},{"@type":"ListItem","position":2,"name":"MATERNITY BELT"}]},{"@type":"WebSite","@id":"https:\/\/www.medicalz.com\/us\/#website","url":"https:\/\/www.medicalz.com\/us\/","name":"Medical Z","description":"Cr\u00e9ateur FRAN\u00c7AIS de v\u00eatements compressifs depuis 1981","publisher":{"@id":"https:\/\/www.medicalz.com\/us\/#organization"},"potentialAction":[{"@type":"SearchAction","target":{"@type":"EntryPoint","urlTemplate":"https:\/\/www.medicalz.com\/us\/?s={search_term_string}"},"query-input":{"@type":"PropertyValueSpecification","valueRequired":true,"valueName":"search_term_string"}}],"inLanguage":"us-US"},{"@type":"Organization","@id":"https:\/\/www.medicalz.com\/us\/#organization","name":"MedicalZ","url":"https:\/\/www.medicalz.com\/us\/","logo":{"@type":"ImageObject","inLanguage":"us-US","@id":"https:\/\/www.medicalz.com\/us\/#\/schema\/logo\/image\/","url":"https:\/\/www.medicalz.com\/wp-content\/uploads\/2021\/06\/logo-1.png","contentUrl":"https:\/\/www.medicalz.com\/wp-content\/uploads\/2021\/06\/logo-1.png","width":400,"height":227,"caption":"MedicalZ"},"image":{"@id":"https:\/\/www.medicalz.com\/us\/#\/schema\/logo\/image\/"},"sameAs":["https:\/\/www.facebook.com\/MedicalZFrance\/","https:\/\/www.instagram.com\/medicalz_fr\/?hl=fr","https:\/\/www.youtube.com\/channel\/UC7rGbkWBc15cA4pbHS99Vbg"]}]}},"_links":{"self":[{"href":"https:\/\/www.medicalz.com\/us\/wp-json\/wp\/v2\/pages\/9535","targetHints":{"allow":["GET"]}}],"collection":[{"href":"https:\/\/www.medicalz.com\/us\/wp-json\/wp\/v2\/pages"}],"about":[{"href":"https:\/\/www.medicalz.com\/us\/wp-json\/wp\/v2\/types\/page"}],"author":[{"embeddable":true,"href":"https:\/\/www.medicalz.com\/us\/wp-json\/wp\/v2\/users\/4"}],"replies":[{"embeddable":true,"href":"https:\/\/www.medicalz.com\/us\/wp-json\/wp\/v2\/comments?post=9535"}],"version-history":[{"count":7,"href":"https:\/\/www.medicalz.com\/us\/wp-json\/wp\/v2\/pages\/9535\/revisions"}],"predecessor-version":[{"id":16898,"href":"https:\/\/www.medicalz.com\/us\/wp-json\/wp\/v2\/pages\/9535\/revisions\/16898"}],"wp:attachment":[{"href":"https:\/\/www.medicalz.com\/us\/wp-json\/wp\/v2\/media?parent=9535"}],"curies":[{"name":"wp","href":"https:\/\/api.w.org\/{rel}","templated":true}]}}