{"id":9549,"date":"2021-10-13T14:48:26","date_gmt":"2021-10-13T12:48:26","guid":{"rendered":"https:\/\/www.medicalz.com\/compression\/"},"modified":"2022-05-10T16:21:34","modified_gmt":"2022-05-10T14:21:34","slug":"compression","status":"publish","type":"page","link":"https:\/\/www.medicalz.com\/us\/compression\/","title":{"rendered":"Compression"},"content":{"rendered":"<p>[et_pb_section fb_built=&#8221;1&#8243; _builder_version=&#8221;4.16&#8243; _module_preset=&#8221;default&#8221; background_color=&#8221;rgba(255,255,255,0.61)&#8221; background_image=&#8221;https:\/\/www.medicalz.com\/wp-content\/uploads\/2021\/08\/Duo_EC003_EC034.png&#8221; background_blend=&#8221;soft-light&#8221; global_colors_info=&#8221;{}&#8221;][et_pb_row _builder_version=&#8221;4.16&#8243; _module_preset=&#8221;default&#8221; background_color=&#8221;#FFFFFF&#8221; custom_padding=&#8221;13px|||||&#8221; global_colors_info=&#8221;{}&#8221;][et_pb_column type=&#8221;4_4&#8243; _builder_version=&#8221;4.16&#8243; _module_preset=&#8221;default&#8221; global_colors_info=&#8221;{}&#8221;][et_pb_text _builder_version=&#8221;4.16&#8243; _module_preset=&#8221;default&#8221; custom_padding=&#8221;2px|||0px|false|false&#8221; global_colors_info=&#8221;{}&#8221;]<\/p>\n<h2>ALL ABOUT COMPRESSION<\/h2>\n<p>[\/et_pb_text][et_pb_divider module_class=&#8221;separateur&#8221; _builder_version=&#8221;4.16&#8243; _module_preset=&#8221;default&#8221; global_colors_info=&#8221;{}&#8221;][\/et_pb_divider][\/et_pb_column][\/et_pb_row][et_pb_row column_structure=&#8221;2_3,1_3&#8243; _builder_version=&#8221;4.16&#8243; _module_preset=&#8221;default&#8221; background_color=&#8221;#FFFFFF&#8221; custom_padding=&#8221;13px|||||&#8221; hover_enabled=&#8221;0&#8243; global_colors_info=&#8221;{}&#8221; sticky_enabled=&#8221;0&#8243;][et_pb_column type=&#8221;2_3&#8243; _builder_version=&#8221;4.16&#8243; _module_preset=&#8221;default&#8221; global_colors_info=&#8221;{}&#8221;][et_pb_text _builder_version=&#8221;4.16&#8243; _module_preset=&#8221;default&#8221; background_color=&#8221;#FFFFFF&#8221; width=&#8221;100%&#8221; custom_margin=&#8221;||||false|false&#8221; custom_padding=&#8221;10px|30px|3px|30px|false|false&#8221; global_colors_info=&#8221;{}&#8221;]<\/p>\n<h4>WHY IS IT ESSENTIAL AFTER SURGERY?<\/h4>\n<p>Following most surgical procedures, such as burn treatment, cosmetic, plastic, reconstructive or orthopedic surgery, it is recommended to wear a specific garment that applies an ideal level of compression to the treated area. This ensures optimal results while providing a better post-operative experience.<\/p>\n<p>[\/et_pb_text][\/et_pb_column][et_pb_column type=&#8221;1_3&#8243; _builder_version=&#8221;4.16&#8243; _module_preset=&#8221;default&#8221; global_colors_info=&#8221;{}&#8221;][et_pb_image src=&#8221;https:\/\/www.medicalz.com\/wp-content\/uploads\/2022\/01\/compression-1.jpg&#8221; alt=&#8221;compression&#8221; title_text=&#8221;compression&#8221; _builder_version=&#8221;4.17.3&#8243; _module_preset=&#8221;default&#8221; width=&#8221;100%&#8221; max_width=&#8221;99%&#8221; animation_style=&#8221;zoom&#8221; animation_duration=&#8221;1450ms&#8221; animation_intensity_zoom=&#8221;75%&#8221; hover_enabled=&#8221;0&#8243; global_colors_info=&#8221;{}&#8221; src_last_edited=&#8221;on|phone&#8221; sticky_enabled=&#8221;0&#8243; align=&#8221;center&#8221; src_tablet=&#8221;https:\/\/www.medicalz.com\/wp-content\/uploads\/2022\/01\/compression-1.jpg&#8221; src_phone=&#8221;https:\/\/www.medicalz.com\/wp-content\/uploads\/2022\/01\/compression-1.jpg&#8221;][\/et_pb_image][\/et_pb_column][\/et_pb_row][et_pb_row _builder_version=&#8221;4.16&#8243; _module_preset=&#8221;default&#8221; background_color=&#8221;#FFFFFF&#8221; custom_margin=&#8221;-43px||||false|false&#8221; global_colors_info=&#8221;{}&#8221;][et_pb_column type=&#8221;4_4&#8243; _builder_version=&#8221;4.16&#8243; _module_preset=&#8221;default&#8221; global_colors_info=&#8221;{}&#8221;][et_pb_text _builder_version=&#8221;4.16&#8243; _module_preset=&#8221;default&#8221; background_color=&#8221;#FFFFFF&#8221; custom_margin=&#8221;||||false|false&#8221; custom_padding=&#8221;20px|30px|20px|30px|false|false&#8221; global_colors_info=&#8221;{}&#8221;]<\/p>\n<h5><span style=\"font-size: 14px; letter-spacing: 1px; text-align: justify; color: #2f4457;\"><strong>Compression will ensure<\/strong> <strong>proper<\/strong><\/span><strong style=\"font-size: 14px; letter-spacing: 1px; text-align: justify; color: #2f4457;\">\u00a0blood circulation<\/strong><span style=\"font-size: 14px; letter-spacing: 1px; text-align: justify; color: #2f4457;\">, <\/span><strong style=\"font-size: 14px; letter-spacing: 1px; text-align: justify; color: #2f4457;\">reduce inflammation<\/strong><span style=\"font-size: 14px; letter-spacing: 1px; text-align: justify; color: #2f4457;\">, prevent edema and fluid retention that can sometimes take several weeks to resolve.<\/span><\/h5>\n<p>It is this <strong>accumulation of fluids<\/strong> in addition to <strong>tension<\/strong> or soreness that is troublesome and can interfere with the healing process. Wearing a post-operative compression garment will help maintain the tissues, which will facilitate healing while allowing <strong>better mobility and posture<\/strong>. It can be difficult for liposuction patients, for example, to stand up straight\u00a0for long periods of time because of the swelling around the tissue. Wearing an abdominal belt or compression garment can give the patient <strong>a better range of motion<\/strong>. As you slowly return to your daily routine, it will be easier to get around while wearing medical compression garments. In returns, this allows the treated areas to retain their new shape and ensure <strong>post-operative safety.<\/strong><\/p>\n<p>&nbsp;<\/p>\n<h5><strong>COUNTERACTING THE WAVE EFFECT, SWELLING AND THE RISK OF WRINKLES<\/strong><\/h5>\n<p>Wearing the right type of compression garment for the specified period of time can <strong>reduce post-operative swelling<\/strong> and minimize the risk of rippling or wrinkling (when the patient sits for a long time) around the treated area. These effects usually do not disappear on their own. Compression garments can prevent the <strong>development of these defects<\/strong> and achieve<strong> more visible aesthetic results.<\/strong><\/p>\n<p>As a<strong> leader and pioneer<\/strong> in this field, M\u00e9dical Z has conducted a series of clinical studies to propose the <strong>optimum compression<\/strong> of all its garments depending on the type of procedure.<\/p>\n<p>[\/et_pb_text][\/et_pb_column][\/et_pb_row][\/et_pb_section]<\/p>\n","protected":false},"excerpt":{"rendered":"<p>ALL ABOUT COMPRESSIONWHY IS IT ESSENTIAL AFTER SURGERY? Following most surgical procedures, such as burn treatment, cosmetic, plastic, reconstructive or orthopedic surgery, it is recommended to wear a specific garment that applies an ideal level of compression to the treated area. This ensures optimal results while providing a better post-operative experience.Compression will ensure proper\u00a0blood circulation, [&hellip;]<\/p>\n","protected":false},"author":4,"featured_media":0,"parent":0,"menu_order":0,"comment_status":"closed","ping_status":"closed","template":"","meta":{"_et_pb_use_builder":"on","_et_pb_old_content":"","_et_gb_content_width":"","footnotes":""},"class_list":["post-9549","page","type-page","status-publish","hentry"],"yoast_head":"<!-- This site is optimized with the Yoast SEO plugin v25.1 - https:\/\/yoast.com\/wordpress\/plugins\/seo\/ -->\n<title>Compression &#8226; Medical Z<\/title>\n<meta name=\"robots\" content=\"index, follow, max-snippet:-1, max-image-preview:large, max-video-preview:-1\" \/>\n<link rel=\"canonical\" href=\"https:\/\/www.medicalz.com\/us\/compression\/\" \/>\n<meta property=\"og:locale\" content=\"en_US\" \/>\n<meta property=\"og:type\" content=\"article\" \/>\n<meta property=\"og:title\" content=\"Compression &#8226; Medical Z\" \/>\n<meta property=\"og:description\" content=\"ALL ABOUT COMPRESSIONWHY IS IT ESSENTIAL AFTER SURGERY? Following most surgical procedures, such as burn treatment, cosmetic, plastic, reconstructive or orthopedic surgery, it is recommended to wear a specific garment that applies an ideal level of compression to the treated area. This ensures optimal results while providing a better post-operative experience.Compression will ensure proper\u00a0blood circulation, [&hellip;]\" \/>\n<meta property=\"og:url\" content=\"https:\/\/www.medicalz.com\/us\/compression\/\" \/>\n<meta property=\"og:site_name\" content=\"Medical Z\" \/>\n<meta property=\"article:publisher\" content=\"https:\/\/www.facebook.com\/MedicalZFrance\/\" \/>\n<meta property=\"article:modified_time\" content=\"2022-05-10T14:21:34+00:00\" \/>\n<script type=\"application\/ld+json\" class=\"yoast-schema-graph\">{\"@context\":\"https:\/\/schema.org\",\"@graph\":[{\"@type\":\"WebPage\",\"@id\":\"https:\/\/www.medicalz.com\/us\/compression\/\",\"url\":\"https:\/\/www.medicalz.com\/us\/compression\/\",\"name\":\"Compression &#8226; Medical Z\",\"isPartOf\":{\"@id\":\"https:\/\/www.medicalz.com\/us\/#website\"},\"datePublished\":\"2021-10-13T12:48:26+00:00\",\"dateModified\":\"2022-05-10T14:21:34+00:00\",\"breadcrumb\":{\"@id\":\"https:\/\/www.medicalz.com\/us\/compression\/#breadcrumb\"},\"inLanguage\":\"us-US\",\"potentialAction\":[{\"@type\":\"ReadAction\",\"target\":[\"https:\/\/www.medicalz.com\/us\/compression\/\"]}]},{\"@type\":\"BreadcrumbList\",\"@id\":\"https:\/\/www.medicalz.com\/us\/compression\/#breadcrumb\",\"itemListElement\":[{\"@type\":\"ListItem\",\"position\":1,\"name\":\"Home\",\"item\":\"https:\/\/www.medicalz.com\/us\/home\/\"},{\"@type\":\"ListItem\",\"position\":2,\"name\":\"Compression\"}]},{\"@type\":\"WebSite\",\"@id\":\"https:\/\/www.medicalz.com\/us\/#website\",\"url\":\"https:\/\/www.medicalz.com\/us\/\",\"name\":\"Medical Z\",\"description\":\"Cr\u00e9ateur FRAN\u00c7AIS de v\u00eatements compressifs depuis 1981\",\"publisher\":{\"@id\":\"https:\/\/www.medicalz.com\/us\/#organization\"},\"potentialAction\":[{\"@type\":\"SearchAction\",\"target\":{\"@type\":\"EntryPoint\",\"urlTemplate\":\"https:\/\/www.medicalz.com\/us\/?s={search_term_string}\"},\"query-input\":{\"@type\":\"PropertyValueSpecification\",\"valueRequired\":true,\"valueName\":\"search_term_string\"}}],\"inLanguage\":\"us-US\"},{\"@type\":\"Organization\",\"@id\":\"https:\/\/www.medicalz.com\/us\/#organization\",\"name\":\"MedicalZ\",\"url\":\"https:\/\/www.medicalz.com\/us\/\",\"logo\":{\"@type\":\"ImageObject\",\"inLanguage\":\"us-US\",\"@id\":\"https:\/\/www.medicalz.com\/us\/#\/schema\/logo\/image\/\",\"url\":\"https:\/\/www.medicalz.com\/wp-content\/uploads\/2021\/06\/logo-1.png\",\"contentUrl\":\"https:\/\/www.medicalz.com\/wp-content\/uploads\/2021\/06\/logo-1.png\",\"width\":400,\"height\":227,\"caption\":\"MedicalZ\"},\"image\":{\"@id\":\"https:\/\/www.medicalz.com\/us\/#\/schema\/logo\/image\/\"},\"sameAs\":[\"https:\/\/www.facebook.com\/MedicalZFrance\/\",\"https:\/\/www.instagram.com\/medicalz_fr\/?hl=fr\",\"https:\/\/www.youtube.com\/channel\/UC7rGbkWBc15cA4pbHS99Vbg\"]}]}<\/script>\n<!-- \/ Yoast SEO plugin. -->","yoast_head_json":{"title":"Compression &#8226; Medical Z","robots":{"index":"index","follow":"follow","max-snippet":"max-snippet:-1","max-image-preview":"max-image-preview:large","max-video-preview":"max-video-preview:-1"},"canonical":"https:\/\/www.medicalz.com\/us\/compression\/","og_locale":"en_US","og_type":"article","og_title":"Compression &#8226; Medical Z","og_description":"ALL ABOUT COMPRESSIONWHY IS IT ESSENTIAL AFTER SURGERY? Following most surgical procedures, such as burn treatment, cosmetic, plastic, reconstructive or orthopedic surgery, it is recommended to wear a specific garment that applies an ideal level of compression to the treated area. This ensures optimal results while providing a better post-operative experience.Compression will ensure proper\u00a0blood circulation, [&hellip;]","og_url":"https:\/\/www.medicalz.com\/us\/compression\/","og_site_name":"Medical Z","article_publisher":"https:\/\/www.facebook.com\/MedicalZFrance\/","article_modified_time":"2022-05-10T14:21:34+00:00","schema":{"@context":"https:\/\/schema.org","@graph":[{"@type":"WebPage","@id":"https:\/\/www.medicalz.com\/us\/compression\/","url":"https:\/\/www.medicalz.com\/us\/compression\/","name":"Compression &#8226; Medical Z","isPartOf":{"@id":"https:\/\/www.medicalz.com\/us\/#website"},"datePublished":"2021-10-13T12:48:26+00:00","dateModified":"2022-05-10T14:21:34+00:00","breadcrumb":{"@id":"https:\/\/www.medicalz.com\/us\/compression\/#breadcrumb"},"inLanguage":"us-US","potentialAction":[{"@type":"ReadAction","target":["https:\/\/www.medicalz.com\/us\/compression\/"]}]},{"@type":"BreadcrumbList","@id":"https:\/\/www.medicalz.com\/us\/compression\/#breadcrumb","itemListElement":[{"@type":"ListItem","position":1,"name":"Home","item":"https:\/\/www.medicalz.com\/us\/home\/"},{"@type":"ListItem","position":2,"name":"Compression"}]},{"@type":"WebSite","@id":"https:\/\/www.medicalz.com\/us\/#website","url":"https:\/\/www.medicalz.com\/us\/","name":"Medical Z","description":"Cr\u00e9ateur FRAN\u00c7AIS de v\u00eatements compressifs depuis 1981","publisher":{"@id":"https:\/\/www.medicalz.com\/us\/#organization"},"potentialAction":[{"@type":"SearchAction","target":{"@type":"EntryPoint","urlTemplate":"https:\/\/www.medicalz.com\/us\/?s={search_term_string}"},"query-input":{"@type":"PropertyValueSpecification","valueRequired":true,"valueName":"search_term_string"}}],"inLanguage":"us-US"},{"@type":"Organization","@id":"https:\/\/www.medicalz.com\/us\/#organization","name":"MedicalZ","url":"https:\/\/www.medicalz.com\/us\/","logo":{"@type":"ImageObject","inLanguage":"us-US","@id":"https:\/\/www.medicalz.com\/us\/#\/schema\/logo\/image\/","url":"https:\/\/www.medicalz.com\/wp-content\/uploads\/2021\/06\/logo-1.png","contentUrl":"https:\/\/www.medicalz.com\/wp-content\/uploads\/2021\/06\/logo-1.png","width":400,"height":227,"caption":"MedicalZ"},"image":{"@id":"https:\/\/www.medicalz.com\/us\/#\/schema\/logo\/image\/"},"sameAs":["https:\/\/www.facebook.com\/MedicalZFrance\/","https:\/\/www.instagram.com\/medicalz_fr\/?hl=fr","https:\/\/www.youtube.com\/channel\/UC7rGbkWBc15cA4pbHS99Vbg"]}]}},"_links":{"self":[{"href":"https:\/\/www.medicalz.com\/us\/wp-json\/wp\/v2\/pages\/9549","targetHints":{"allow":["GET"]}}],"collection":[{"href":"https:\/\/www.medicalz.com\/us\/wp-json\/wp\/v2\/pages"}],"about":[{"href":"https:\/\/www.medicalz.com\/us\/wp-json\/wp\/v2\/types\/page"}],"author":[{"embeddable":true,"href":"https:\/\/www.medicalz.com\/us\/wp-json\/wp\/v2\/users\/4"}],"replies":[{"embeddable":true,"href":"https:\/\/www.medicalz.com\/us\/wp-json\/wp\/v2\/comments?post=9549"}],"version-history":[{"count":9,"href":"https:\/\/www.medicalz.com\/us\/wp-json\/wp\/v2\/pages\/9549\/revisions"}],"predecessor-version":[{"id":16883,"href":"https:\/\/www.medicalz.com\/us\/wp-json\/wp\/v2\/pages\/9549\/revisions\/16883"}],"wp:attachment":[{"href":"https:\/\/www.medicalz.com\/us\/wp-json\/wp\/v2\/media?parent=9549"}],"curies":[{"name":"wp","href":"https:\/\/api.w.org\/{rel}","templated":true}]}}