{"id":9558,"date":"2021-10-13T15:37:37","date_gmt":"2021-10-13T13:37:37","guid":{"rendered":"https:\/\/www.medicalz.com\/scars\/"},"modified":"2022-02-22T12:41:31","modified_gmt":"2022-02-22T11:41:31","slug":"scars","status":"publish","type":"page","link":"https:\/\/www.medicalz.com\/us\/scars\/","title":{"rendered":"Scars"},"content":{"rendered":"<p>[et_pb_section fb_built=&#8221;1&#8243; _builder_version=&#8221;4.10.7&#8243; _module_preset=&#8221;default&#8221; background_color=&#8221;rgba(255,255,255,0.56)&#8221; background_image=&#8221;https:\/\/www.medicalz.com\/wp-content\/uploads\/2021\/08\/medipatch_bras.png&#8221; background_blend=&#8221;soft-light&#8221; global_colors_info=&#8221;{}&#8221;][et_pb_row _builder_version=&#8221;4.10.7&#8243; _module_preset=&#8221;default&#8221; background_color=&#8221;#FFFFFF&#8221; custom_padding=&#8221;13px|10px|10px|10px|false|false&#8221; global_colors_info=&#8221;{}&#8221;][et_pb_column type=&#8221;4_4&#8243; _builder_version=&#8221;4.9.4&#8243; _module_preset=&#8221;default&#8221; global_colors_info=&#8221;{}&#8221;][et_pb_text _builder_version=&#8221;4.9.10&#8243; _module_preset=&#8221;default&#8221; global_colors_info=&#8221;{}&#8221;]<\/p>\n<h2>WHAT ARE SCARS?<\/h2>\n<p>[\/et_pb_text][et_pb_divider module_class=&#8221;separateur&#8221; _builder_version=&#8221;4.9.10&#8243; _module_preset=&#8221;default&#8221; global_colors_info=&#8221;{}&#8221;][\/et_pb_divider][et_pb_text admin_label=&#8221;Texte&#8221; _builder_version=&#8221;4.10.8&#8243; _module_preset=&#8221;default&#8221; custom_margin=&#8221;||||false|false&#8221; global_colors_info=&#8221;{}&#8221;]<\/p>\n<p>Wound healing is a process that allows a wound to heal through cell regeneration. This formation of scar tissue is normal following surgery.<\/p>\n<p><strong>The duration of this process varies<\/strong> depending on many factors, in particular on the person or the injured area (for example, smoking can be an important factor in slowing down the healing process for example). Most of the time, it takes <strong>between 9 and 12 months for a final result<\/strong>, but it can take longer. This is why it is particularly important to use the right products during this phase to ensure healthy healing.<\/p>\n<p>Healing occurs in<strong> 3 stages<\/strong>. <strong>Blood clotting<\/strong> stops the bleeding from the wound. <strong>Collagen production<\/strong> can then begin, which will allow the <strong>production of new epidermal tissue<\/strong>.<\/p>\n<p>Without complication, an <strong>invisible and flat scar<\/strong> called<strong> &#8220;mature scar&#8221;<\/strong> is obtained. To achieve this, it is important to respect certain conditions such as <strong>avoiding exposure to the sun or smoking.<\/strong><\/p>\n<p>However, scarring remains an <strong>unpredictable phenomenon<\/strong> that can lead to undesired final results such as <strong>hypertrophic or keloid scars.<\/strong><\/p>\n<p>It is therefore crucial to follow a <strong>scar management plan after surgery<\/strong> to achieve the best possible result. Keeping the wound clean and healthy during the initial healing phase is important. Once the wound is closed and dry, the use of a treatment gel such as <strong>Medigel Z\u00ae and Medipatch Gel Z\u00ae<\/strong> can reduce the risk of hypertrophic scarring.<\/p>\n<p><strong>Keloid scars<\/strong> are the result of an outgrowth of the scar around the wound due to an <strong>overproduction of collagen.<\/strong> Generally red and unsightly, they can be painful and cause itching and irritation. The formation of these scars does not affect the general health of the patient. Once formed, keloid scars can be resistant to treatment.<\/p>\n<p>[\/et_pb_text][et_pb_button button_url=&#8221;https:\/\/www.medicalz.com\/us\/scar-management-gel\/&#8221; url_new_window=&#8221;on&#8221; button_text=&#8221;DISCOVER THE BENEFITS OF MEDIGEL Z\u00ae TO HEAL YOUR SCARS&#8221; button_alignment=&#8221;center&#8221; _builder_version=&#8221;4.9.10&#8243; _module_preset=&#8221;default&#8221; global_colors_info=&#8221;{}&#8221;][\/et_pb_button][et_pb_text _builder_version=&#8221;4.10.8&#8243; _module_preset=&#8221;default&#8221; min_height=&#8221;27px&#8221; custom_margin=&#8221;80px|||||&#8221; custom_padding=&#8221;1px|||||&#8221; global_colors_info=&#8221;{}&#8221;]<\/p>\n<p><strong>Medigel Z\u00ae technology<\/strong> combines triblock <strong>copolymers with class H1 mineral oil<\/strong> to allow <strong>skin elasticity and prevent irritation of the scar area<\/strong>. Available in gel, clear sheets or synthetic fabric covered sheets. Products are <strong>hypoallergenic and stretchable<\/strong> to accommodate patient movement and can be <strong>custom cut to fit the scar.<\/strong><\/p>\n<p>[\/et_pb_text][\/et_pb_column][\/et_pb_row][\/et_pb_section]<\/p>\n","protected":false},"excerpt":{"rendered":"<p>WHAT ARE SCARS?Wound healing is a process that allows a wound to heal through cell regeneration. This formation of scar tissue is normal following surgery. The duration of this process varies depending on many factors, in particular on the person or the injured area (for example, smoking can be an important factor in slowing down [&hellip;]<\/p>\n","protected":false},"author":4,"featured_media":0,"parent":0,"menu_order":0,"comment_status":"closed","ping_status":"closed","template":"","meta":{"_et_pb_use_builder":"on","_et_pb_old_content":"","_et_gb_content_width":"","footnotes":""},"class_list":["post-9558","page","type-page","status-publish","hentry"],"yoast_head":"<!-- This site is optimized with the Yoast SEO plugin v25.1 - https:\/\/yoast.com\/wordpress\/plugins\/seo\/ -->\n<title>Scars &#8226; Medical Z<\/title>\n<meta name=\"robots\" content=\"index, follow, max-snippet:-1, max-image-preview:large, max-video-preview:-1\" \/>\n<link rel=\"canonical\" href=\"https:\/\/www.medicalz.com\/us\/scars\/\" \/>\n<meta property=\"og:locale\" content=\"en_US\" \/>\n<meta property=\"og:type\" content=\"article\" \/>\n<meta property=\"og:title\" content=\"Scars &#8226; Medical Z\" \/>\n<meta property=\"og:description\" content=\"WHAT ARE SCARS?Wound healing is a process that allows a wound to heal through cell regeneration. This formation of scar tissue is normal following surgery. The duration of this process varies depending on many factors, in particular on the person or the injured area (for example, smoking can be an important factor in slowing down [&hellip;]\" \/>\n<meta property=\"og:url\" content=\"https:\/\/www.medicalz.com\/us\/scars\/\" \/>\n<meta property=\"og:site_name\" content=\"Medical Z\" \/>\n<meta property=\"article:publisher\" content=\"https:\/\/www.facebook.com\/MedicalZFrance\/\" \/>\n<meta property=\"article:modified_time\" content=\"2022-02-22T11:41:31+00:00\" \/>\n<script type=\"application\/ld+json\" class=\"yoast-schema-graph\">{\"@context\":\"https:\/\/schema.org\",\"@graph\":[{\"@type\":\"WebPage\",\"@id\":\"https:\/\/www.medicalz.com\/us\/scars\/\",\"url\":\"https:\/\/www.medicalz.com\/us\/scars\/\",\"name\":\"Scars &#8226; Medical Z\",\"isPartOf\":{\"@id\":\"https:\/\/www.medicalz.com\/us\/#website\"},\"datePublished\":\"2021-10-13T13:37:37+00:00\",\"dateModified\":\"2022-02-22T11:41:31+00:00\",\"breadcrumb\":{\"@id\":\"https:\/\/www.medicalz.com\/us\/scars\/#breadcrumb\"},\"inLanguage\":\"us-US\",\"potentialAction\":[{\"@type\":\"ReadAction\",\"target\":[\"https:\/\/www.medicalz.com\/us\/scars\/\"]}]},{\"@type\":\"BreadcrumbList\",\"@id\":\"https:\/\/www.medicalz.com\/us\/scars\/#breadcrumb\",\"itemListElement\":[{\"@type\":\"ListItem\",\"position\":1,\"name\":\"Home\",\"item\":\"https:\/\/www.medicalz.com\/us\/home\/\"},{\"@type\":\"ListItem\",\"position\":2,\"name\":\"Scars\"}]},{\"@type\":\"WebSite\",\"@id\":\"https:\/\/www.medicalz.com\/us\/#website\",\"url\":\"https:\/\/www.medicalz.com\/us\/\",\"name\":\"Medical Z\",\"description\":\"Cr\u00e9ateur FRAN\u00c7AIS de v\u00eatements compressifs depuis 1981\",\"publisher\":{\"@id\":\"https:\/\/www.medicalz.com\/us\/#organization\"},\"potentialAction\":[{\"@type\":\"SearchAction\",\"target\":{\"@type\":\"EntryPoint\",\"urlTemplate\":\"https:\/\/www.medicalz.com\/us\/?s={search_term_string}\"},\"query-input\":{\"@type\":\"PropertyValueSpecification\",\"valueRequired\":true,\"valueName\":\"search_term_string\"}}],\"inLanguage\":\"us-US\"},{\"@type\":\"Organization\",\"@id\":\"https:\/\/www.medicalz.com\/us\/#organization\",\"name\":\"MedicalZ\",\"url\":\"https:\/\/www.medicalz.com\/us\/\",\"logo\":{\"@type\":\"ImageObject\",\"inLanguage\":\"us-US\",\"@id\":\"https:\/\/www.medicalz.com\/us\/#\/schema\/logo\/image\/\",\"url\":\"https:\/\/www.medicalz.com\/wp-content\/uploads\/2021\/06\/logo-1.png\",\"contentUrl\":\"https:\/\/www.medicalz.com\/wp-content\/uploads\/2021\/06\/logo-1.png\",\"width\":400,\"height\":227,\"caption\":\"MedicalZ\"},\"image\":{\"@id\":\"https:\/\/www.medicalz.com\/us\/#\/schema\/logo\/image\/\"},\"sameAs\":[\"https:\/\/www.facebook.com\/MedicalZFrance\/\",\"https:\/\/www.instagram.com\/medicalz_fr\/?hl=fr\",\"https:\/\/www.youtube.com\/channel\/UC7rGbkWBc15cA4pbHS99Vbg\"]}]}<\/script>\n<!-- \/ Yoast SEO plugin. -->","yoast_head_json":{"title":"Scars &#8226; Medical Z","robots":{"index":"index","follow":"follow","max-snippet":"max-snippet:-1","max-image-preview":"max-image-preview:large","max-video-preview":"max-video-preview:-1"},"canonical":"https:\/\/www.medicalz.com\/us\/scars\/","og_locale":"en_US","og_type":"article","og_title":"Scars &#8226; Medical Z","og_description":"WHAT ARE SCARS?Wound healing is a process that allows a wound to heal through cell regeneration. This formation of scar tissue is normal following surgery. The duration of this process varies depending on many factors, in particular on the person or the injured area (for example, smoking can be an important factor in slowing down [&hellip;]","og_url":"https:\/\/www.medicalz.com\/us\/scars\/","og_site_name":"Medical Z","article_publisher":"https:\/\/www.facebook.com\/MedicalZFrance\/","article_modified_time":"2022-02-22T11:41:31+00:00","schema":{"@context":"https:\/\/schema.org","@graph":[{"@type":"WebPage","@id":"https:\/\/www.medicalz.com\/us\/scars\/","url":"https:\/\/www.medicalz.com\/us\/scars\/","name":"Scars &#8226; Medical Z","isPartOf":{"@id":"https:\/\/www.medicalz.com\/us\/#website"},"datePublished":"2021-10-13T13:37:37+00:00","dateModified":"2022-02-22T11:41:31+00:00","breadcrumb":{"@id":"https:\/\/www.medicalz.com\/us\/scars\/#breadcrumb"},"inLanguage":"us-US","potentialAction":[{"@type":"ReadAction","target":["https:\/\/www.medicalz.com\/us\/scars\/"]}]},{"@type":"BreadcrumbList","@id":"https:\/\/www.medicalz.com\/us\/scars\/#breadcrumb","itemListElement":[{"@type":"ListItem","position":1,"name":"Home","item":"https:\/\/www.medicalz.com\/us\/home\/"},{"@type":"ListItem","position":2,"name":"Scars"}]},{"@type":"WebSite","@id":"https:\/\/www.medicalz.com\/us\/#website","url":"https:\/\/www.medicalz.com\/us\/","name":"Medical Z","description":"Cr\u00e9ateur FRAN\u00c7AIS de v\u00eatements compressifs depuis 1981","publisher":{"@id":"https:\/\/www.medicalz.com\/us\/#organization"},"potentialAction":[{"@type":"SearchAction","target":{"@type":"EntryPoint","urlTemplate":"https:\/\/www.medicalz.com\/us\/?s={search_term_string}"},"query-input":{"@type":"PropertyValueSpecification","valueRequired":true,"valueName":"search_term_string"}}],"inLanguage":"us-US"},{"@type":"Organization","@id":"https:\/\/www.medicalz.com\/us\/#organization","name":"MedicalZ","url":"https:\/\/www.medicalz.com\/us\/","logo":{"@type":"ImageObject","inLanguage":"us-US","@id":"https:\/\/www.medicalz.com\/us\/#\/schema\/logo\/image\/","url":"https:\/\/www.medicalz.com\/wp-content\/uploads\/2021\/06\/logo-1.png","contentUrl":"https:\/\/www.medicalz.com\/wp-content\/uploads\/2021\/06\/logo-1.png","width":400,"height":227,"caption":"MedicalZ"},"image":{"@id":"https:\/\/www.medicalz.com\/us\/#\/schema\/logo\/image\/"},"sameAs":["https:\/\/www.facebook.com\/MedicalZFrance\/","https:\/\/www.instagram.com\/medicalz_fr\/?hl=fr","https:\/\/www.youtube.com\/channel\/UC7rGbkWBc15cA4pbHS99Vbg"]}]}},"_links":{"self":[{"href":"https:\/\/www.medicalz.com\/us\/wp-json\/wp\/v2\/pages\/9558","targetHints":{"allow":["GET"]}}],"collection":[{"href":"https:\/\/www.medicalz.com\/us\/wp-json\/wp\/v2\/pages"}],"about":[{"href":"https:\/\/www.medicalz.com\/us\/wp-json\/wp\/v2\/types\/page"}],"author":[{"embeddable":true,"href":"https:\/\/www.medicalz.com\/us\/wp-json\/wp\/v2\/users\/4"}],"replies":[{"embeddable":true,"href":"https:\/\/www.medicalz.com\/us\/wp-json\/wp\/v2\/comments?post=9558"}],"version-history":[{"count":6,"href":"https:\/\/www.medicalz.com\/us\/wp-json\/wp\/v2\/pages\/9558\/revisions"}],"predecessor-version":[{"id":15445,"href":"https:\/\/www.medicalz.com\/us\/wp-json\/wp\/v2\/pages\/9558\/revisions\/15445"}],"wp:attachment":[{"href":"https:\/\/www.medicalz.com\/us\/wp-json\/wp\/v2\/media?parent=9558"}],"curies":[{"name":"wp","href":"https:\/\/api.w.org\/{rel}","templated":true}]}}