{"id":11414,"date":"2021-08-02T16:55:38","date_gmt":"2021-08-02T14:55:38","guid":{"rendered":"https:\/\/www.medicalz.com\/produits\/belt-central-closure-high-back\/"},"modified":"2026-04-22T15:21:55","modified_gmt":"2026-04-22T13:21:55","slug":"belt-central-closure-high-back","status":"publish","type":"product","link":"https:\/\/www.medicalz.com\/us\/products\/belt-central-closure-high-back\/","title":{"rendered":"BELT Central closure High back"},"content":{"rendered":"<p>[et_pb_section fb_built=&#8221;1&#8243; _builder_version=&#8221;4.16&#8243; _module_preset=&#8221;default&#8221; global_colors_info=&#8221;{}&#8221;][et_pb_row column_structure=&#8221;1_2,1_2&#8243; _builder_version=&#8221;4.16&#8243; _module_preset=&#8221;default&#8221; custom_padding=&#8221;||25px|||&#8221; global_colors_info=&#8221;{}&#8221;][et_pb_column type=&#8221;1_2&#8243; _builder_version=&#8221;4.16&#8243; _module_preset=&#8221;default&#8221; global_colors_info=&#8221;{}&#8221;][et_pb_wc_images admin_label=&#8221;Visuel produit&#8221; _builder_version=&#8221;4.16&#8243; _module_preset=&#8221;default&#8221; global_colors_info=&#8221;{}&#8221;][\/et_pb_wc_images][\/et_pb_column][et_pb_column type=&#8221;1_2&#8243; _builder_version=&#8221;4.16&#8243; _module_preset=&#8221;default&#8221; global_colors_info=&#8221;{}&#8221;][et_pb_text admin_label=&#8221;Nom produit \/ R\u00e9f  (\u00e0 remplir)&#8221; module_class=&#8221;hn-produits&#8221; _builder_version=&#8221;4.16&#8243; _module_preset=&#8221;default&#8221; text_font=&#8221;|700|||||||&#8221; text_text_color=&#8221;#2F4457&#8243; text_font_size=&#8221;17px&#8221; global_colors_info=&#8221;{}&#8221;]<\/p>\n<h1>BELT Central closure High back<\/h1>\n<p>EC\/033<\/p>\n<p>[\/et_pb_text][et_pb_divider color=&#8221;#e3e3e3&#8243; divider_weight=&#8221;2px&#8221; _builder_version=&#8221;4.16&#8243; _module_preset=&#8221;default&#8221; custom_margin=&#8221;||0px||false|false&#8221; global_colors_info=&#8221;{}&#8221;][\/et_pb_divider][et_pb_text admin_label=&#8221;Couleurs disponibles  (\u00e0 remplir)&#8221; _builder_version=&#8221;4.16&#8243; _module_preset=&#8221;default&#8221; text_font=&#8221;|700|||||||&#8221; text_text_color=&#8221;#2F4457&#8243; text_font_size=&#8221;17px&#8221; text_letter_spacing=&#8221;1px&#8221; custom_margin=&#8221;||4px|||&#8221; global_colors_info=&#8221;{}&#8221;]<\/p>\n<p>Available colors<\/p>\n<p><img loading=\"lazy\" decoding=\"async\" class=\"wp-image-4689 alignnone size-full\" src=\"https:\/\/www.medicalz.com\/wp-content\/uploads\/2021\/07\/rond_noir_selec.png\" alt=\"\" width=\"50\" height=\"50\" \/> <img loading=\"lazy\" decoding=\"async\" class=\"wp-image-4693 alignnone size-full\" src=\"https:\/\/www.medicalz.com\/wp-content\/uploads\/2021\/07\/rond_blanc.png\" alt=\"\" width=\"50\" height=\"50\" \/><\/p>\n<p>[\/et_pb_text][et_pb_button button_url=&#8221;https:\/\/www.shopmedicalz.com\/ProductDetails.asp?ProductCode=EC033&#8243; button_text=&#8221;buy now (us only)&#8221; button_alignment=&#8221;left&#8221; _builder_version=&#8221;4.18.0&#8243; _module_preset=&#8221;default&#8221; custom_button=&#8221;on&#8221; button_text_size=&#8221;14px&#8221; button_text_color=&#8221;#FFFFFF&#8221; button_bg_color=&#8221;#427393&#8243; button_border_radius=&#8221;0px&#8221; button_font=&#8221;|700||on|||||&#8221; button_icon=&#8221;&#x35;||divi||400&#8243; custom_margin=&#8221;6px||||false|false&#8221; custom_padding=&#8221;13px|36px|13px|36px|true|true&#8221; global_colors_info=&#8221;{}&#8221;][\/et_pb_button][et_pb_divider color=&#8221;#e3e3e3&#8243; divider_weight=&#8221;2px&#8221; _builder_version=&#8221;4.16&#8243; _module_preset=&#8221;default&#8221; custom_margin=&#8221;||0px||false|false&#8221; custom_padding=&#8221;||0px|||&#8221; global_colors_info=&#8221;{}&#8221;][\/et_pb_divider][et_pb_text admin_label=&#8221;Titre description&#8221; _builder_version=&#8221;4.16&#8243; _module_preset=&#8221;default&#8221; text_font=&#8221;|700|||||||&#8221; text_text_color=&#8221;#2F4457&#8243; text_font_size=&#8221;17px&#8221; text_letter_spacing=&#8221;1px&#8221; global_colors_info=&#8221;{}&#8221;]<\/p>\n<p>Description<\/p>\n<p>[\/et_pb_text][et_pb_text admin_label=&#8221;Texte Description (\u00e0 remplir)&#8221; _builder_version=&#8221;4.16&#8243; _module_preset=&#8221;default&#8221; header_3_text_align=&#8221;left&#8221; min_height=&#8221;579px&#8221; global_colors_info=&#8221;{}&#8221;]<\/p>\n<p>The abdominal belt is a support for the post-operative follow-up after a plastic surgery of the abdomen. Additionally it compensate for any temporary deficiency of the abdominal wall without pathological character (post-partum, post-operative condition).<\/p>\n<p>It allows to exert a uniform and quantified pressure on the whole treated area.<\/p>\n<p>It is intended to support the tissues by maintaining them in their new shape. It prevents post-operative edema, facilitates healing, and limits skin laxity.<\/p>\n<p>The integrated foam seem on some belt models allows compression to be applied to concave areas or areas that are more difficult to compress.<\/p>\n<p>The abdominal belt is available in standard or Coolmax\u00ae fabric. The latter, thermoregulation, allows moisture to be evacuated towards the outer layer of the fabric.<\/p>\n<p>For optimal effectiveness, the application of the abdominal belt is done immediately after the operation. The duration of application depends on the medical prescription.<\/p>\n<p>The first application must be done by a health professional.<\/p>\n<p><em>The sizes indicated correspond to the measurements taken before surgery. Additional sizes can be made to measure.<\/em><\/p>\n<p>[\/et_pb_text][\/et_pb_column][\/et_pb_row][\/et_pb_section][et_pb_section fb_built=&#8221;1&#8243; _builder_version=&#8221;4.16&#8243; _module_preset=&#8221;default&#8221; border_width_top=&#8221;2px&#8221; border_color_top=&#8221;#e3e3e3&#8243; global_colors_info=&#8221;{}&#8221; custom_padding=&#8221;54px|||||&#8221;][et_pb_row _builder_version=&#8221;4.16&#8243; _module_preset=&#8221;default&#8221; global_colors_info=&#8221;{}&#8221;][et_pb_column type=&#8221;4_4&#8243; _builder_version=&#8221;4.16&#8243; _module_preset=&#8221;default&#8221; global_colors_info=&#8221;{}&#8221;][et_pb_tabs active_tab_background_color=&#8221;#FFFFFF&#8221; inactive_tab_background_color=&#8221;#FFFFFF&#8221; active_tab_text_color=&#8221;#2F4457&#8243; admin_label=&#8221;Onglets composition \/ guide de tailles&#8230;  (\u00e0 remplir)&#8221; module_class=&#8221;onglets-produits&#8221; _builder_version=&#8221;4.17.4&#8243; _module_preset=&#8221;default&#8221; tab_text_color=&#8221;#2F4457&#8243; tab_font_size=&#8221;14px&#8221; background_color=&#8221;#FFFFFF&#8221; custom_margin=&#8221;0px||||false|false&#8221; custom_padding=&#8221;|||30px||&#8221; hover_enabled=&#8221;0&#8243; custom_css_tabs_controls=&#8221;border-top-color:transparent;||border-bottom-color:transparent;||background-color:transparent;&#8221; custom_css_tab=&#8221;border:transparent;||&#8221; custom_css_tabs_content=&#8221;border:transparent;&#8221; border_width_all=&#8221;0px&#8221; locked=&#8221;off&#8221; global_colors_info=&#8221;{}&#8221; sticky_enabled=&#8221;0&#8243;][et_pb_tab title=&#8221;COMPOSITION&#8221; _builder_version=&#8221;4.16&#8243; _module_preset=&#8221;default&#8221; global_colors_info=&#8221;{}&#8221;]<\/p>\n<h4>COMPOSITION<\/h4>\n<p>69 % Polyester &#8211; 31 % Elastane<\/p>\n<p><img loading=\"lazy\" decoding=\"async\" class=\"wp-image-8341 alignnone size-full\" src=\"https:\/\/www.medicalz.com\/wp-content\/uploads\/2021\/05\/coolmax.png\" alt=\"\" width=\"110\" height=\"24\" \/><\/p>\n<h4>CONTRAINDICATIONS :<\/h4>\n<p>The abdominal belt should not be worn directly on injured skin.<\/p>\n<h4>CARE :<\/h4>\n<p>Machine wash at 30\u00b0C maximum with a natural soap-based detergent. Do not tumble dryer.<em> It is recommended to wash the garment before wearing it for the first time.<\/em><\/p>\n<p>[\/et_pb_tab][et_pb_tab title=&#8221;SIZING CHART&#8221; _builder_version=&#8221;4.17.4&#8243; _module_preset=&#8221;default&#8221; global_colors_info=&#8221;{}&#8221;]<\/p>\n[et_pb_section global_module=\"7041\"][\/et_pb_section]\n<p><img loading=\"lazy\" decoding=\"async\" src=\"https:\/\/www.medicalz.com\/wp-content\/uploads\/2021\/10\/BODY_BELT.png\" alt=\"\" class=\"wp-image-12300 alignnone size-full\" width=\"474\" height=\"348\" \/><\/p>\n<p><em>The sizes indicated correspond to the measurements taken before surgery. Other sizes can be made to measure.<\/em><\/p>\n<p>[\/et_pb_tab][et_pb_tab title=&#8221;MEASUREMENT SHEET&#8221; _builder_version=&#8221;4.16&#8243; _module_preset=&#8221;default&#8221; global_colors_info=&#8221;{}&#8221;]<\/p>\n<p><strong><a href=\"https:\/\/www.medicalz.com\/wp-content\/uploads\/2021\/10\/6.SM-USA-EC033.pdf\" rel=\"attachment noopener wp-att-12288\" target=\"_blank\">DOWNLOAD THE MEASUREMENT SHEET<\/a><\/strong><\/p>\n<p>[\/et_pb_tab][et_pb_tab title=&#8221;VIDEO&#8221; _builder_version=&#8221;4.27.4&#8243; _module_preset=&#8221;default&#8221; hover_enabled=&#8221;0&#8243; global_colors_info=&#8221;{}&#8221; sticky_enabled=&#8221;0&#8243;]<\/p>\n<p><iframe loading=\"lazy\" title=\"Measurement for Body Belt Elegance Coolmax\" width=\"1080\" height=\"608\" src=\"https:\/\/www.youtube.com\/embed\/iDNTNTYxwKc?feature=oembed\"  allow=\"accelerometer; autoplay; clipboard-write; encrypted-media; gyroscope; picture-in-picture; web-share\" referrerpolicy=\"strict-origin-when-cross-origin\" allowfullscreen><\/iframe><\/p>\n<p>[\/et_pb_tab][et_pb_tab title=&#8221;OPTION&#8221; _builder_version=&#8221;4.16&#8243; _module_preset=&#8221;default&#8221; global_colors_info=&#8221;{}&#8221;]<\/p>\n<h5><strong>OPTION FOR FAT TRANSFER<\/strong><\/h5>\n<p><img loading=\"lazy\" decoding=\"async\" class=\"wp-image-5315 alignnone \" src=\"https:\/\/www.medicalz.com\/wp-content\/uploads\/2021\/07\/icone_bblxl.png\" alt=\"\" width=\"154\" height=\"163\" \/>\u00a0 \u00a0 \u00a0<img loading=\"lazy\" decoding=\"async\" class=\"alignnone wp-image-5321\" src=\"https:\/\/www.medicalz.com\/wp-content\/uploads\/2021\/07\/hole.png\" alt=\"\" width=\"154\" height=\"182\" \/><\/p>\n<p>[\/et_pb_tab][\/et_pb_tabs][\/et_pb_column][\/et_pb_row][\/et_pb_section][et_pb_section fb_built=&#8221;1&#8243; _builder_version=&#8221;4.16&#8243; _module_preset=&#8221;default&#8221; background_color=&#8221;#e3e3e3&#8243; global_colors_info=&#8221;{}&#8221;][et_pb_row _builder_version=&#8221;4.16&#8243; _module_preset=&#8221;default&#8221; global_colors_info=&#8221;{}&#8221;][et_pb_column type=&#8221;4_4&#8243; _builder_version=&#8221;4.16&#8243; _module_preset=&#8221;default&#8221; global_colors_info=&#8221;{}&#8221;][et_pb_button button_text=&#8221;FIND ALL THE QUESTIONS &#8211; FAQ&#8221; button_alignment=&#8221;center&#8221; _builder_version=&#8221;4.16&#8243; _module_preset=&#8221;default&#8221; custom_button=&#8221;on&#8221; button_text_size=&#8221;18px&#8221; button_text_color=&#8221;#2F4457&#8243; button_border_width=&#8221;1px&#8221; button_border_color=&#8221;#2F4457&#8243; button_border_radius=&#8221;0px&#8221; button_font=&#8221;|700|||||||&#8221; custom_padding=&#8221;15px|110px|15px|110px|false|true&#8221; global_colors_info=&#8221;{}&#8221;][\/et_pb_button][\/et_pb_column][\/et_pb_row][\/et_pb_section][et_pb_section fb_built=&#8221;1&#8243; _builder_version=&#8221;4.16&#8243; _module_preset=&#8221;default&#8221; custom_padding=&#8221;0px|||||&#8221; global_colors_info=&#8221;{}&#8221;][et_pb_row _builder_version=&#8221;4.16&#8243; _module_preset=&#8221;default&#8221; custom_margin=&#8221;|auto|-28px|auto||&#8221; custom_padding=&#8221;||0px|||&#8221; global_colors_info=&#8221;{}&#8221;][et_pb_column type=&#8221;4_4&#8243; _builder_version=&#8221;4.16&#8243; _module_preset=&#8221;default&#8221; global_colors_info=&#8221;{}&#8221;][et_pb_text _builder_version=&#8221;4.16&#8243; _module_preset=&#8221;default&#8221; text_font=&#8221;|300|||||||&#8221; text_text_color=&#8221;#178fcf&#8221; header_text_color=&#8221;#178fcf&#8221; header_3_text_color=&#8221;#178FCF&#8221; locked=&#8221;off&#8221; global_colors_info=&#8221;{}&#8221;]<\/p>\n<h3>WE ALSO OFFER YOU<\/h3>\n<p>[\/et_pb_text][et_pb_divider module_class=&#8221;separateur&#8221; _builder_version=&#8221;4.16&#8243; _module_preset=&#8221;default&#8221; global_colors_info=&#8221;{}&#8221;][\/et_pb_divider][et_pb_wc_related_products admin_label=&#8221;Produits apparent\u00e9s&#8221; _builder_version=&#8221;4.16&#8243; _module_preset=&#8221;default&#8221; border_width_all=&#8221;0px&#8221; global_colors_info=&#8221;{}&#8221; border_radii__hover_enabled=&#8221;off|hover&#8221;][\/et_pb_wc_related_products][et_pb_wc_upsells _builder_version=&#8221;4.16&#8243; _module_preset=&#8221;default&#8221; custom_css_price=&#8221;display:none;&#8221; global_colors_info=&#8221;{}&#8221;][\/et_pb_wc_upsells][\/et_pb_column][\/et_pb_row][\/et_pb_section]<\/p>\n","protected":false},"excerpt":{"rendered":"<p>BELT Central closure High back EC\/033Available colors DescriptionThe abdominal belt is a support for the post-operative follow-up after a plastic surgery of the abdomen. Additionally it compensate for any temporary deficiency of the abdominal wall without pathological character (post-partum, post-operative condition). It allows to exert a uniform and quantified pressure on the whole treated area. [&hellip;]<\/p>\n","protected":false},"featured_media":21129,"template":"","meta":{"_et_pb_use_builder":"on","_et_pb_old_content":"","_et_gb_content_width":""},"product_brand":[],"product_cat":[162,159,112,114],"product_tag":[],"class_list":{"0":"post-11414","1":"product","2":"type-product","3":"status-publish","4":"has-post-thumbnail","6":"product_cat-abdominal-surgery-coolmax","7":"product_cat-elegance-coolmax-line","8":"product_cat-surgery-us","9":"product_cat-blinders-belts","11":"first","12":"instock","13":"shipping-taxable","14":"product-type-simple"},"yoast_head":"<!-- This site is optimized with the Yoast SEO plugin v25.1 - https:\/\/yoast.com\/wordpress\/plugins\/seo\/ -->\n<title>BELT Central closure High back &#8226; Medical Z<\/title>\n<meta name=\"robots\" content=\"index, follow, max-snippet:-1, max-image-preview:large, max-video-preview:-1\" \/>\n<link rel=\"canonical\" href=\"https:\/\/www.medicalz.com\/us\/products\/belt-central-closure-high-back\/\" \/>\n<meta property=\"og:locale\" content=\"en_US\" \/>\n<meta property=\"og:type\" content=\"article\" \/>\n<meta property=\"og:title\" content=\"BELT Central closure High back &#8226; Medical Z\" \/>\n<meta property=\"og:description\" content=\"BELT Central closure High back EC\/033Available colors DescriptionThe abdominal belt is a support for the post-operative follow-up after a plastic surgery of the abdomen. Additionally it compensate for any temporary deficiency of the abdominal wall without pathological character (post-partum, post-operative condition). It allows to exert a uniform and quantified pressure on the whole treated area. [&hellip;]\" \/>\n<meta property=\"og:url\" content=\"https:\/\/www.medicalz.com\/us\/products\/belt-central-closure-high-back\/\" \/>\n<meta property=\"og:site_name\" content=\"Medical Z\" \/>\n<meta property=\"article:publisher\" content=\"https:\/\/www.facebook.com\/MedicalZFrance\/\" \/>\n<meta property=\"article:modified_time\" content=\"2026-04-22T13:21:55+00:00\" \/>\n<meta property=\"og:image\" content=\"https:\/\/www.medicalz.com\/wp-content\/uploads\/2021\/08\/EC033_ceinture_medicalZ_web-1.jpg\" \/>\n\t<meta property=\"og:image:width\" content=\"1700\" \/>\n\t<meta property=\"og:image:height\" content=\"2250\" \/>\n\t<meta property=\"og:image:type\" content=\"image\/jpeg\" \/>\n<script type=\"application\/ld+json\" class=\"yoast-schema-graph\">{\"@context\":\"https:\/\/schema.org\",\"@graph\":[{\"@type\":\"WebPage\",\"@id\":\"https:\/\/www.medicalz.com\/us\/products\/belt-central-closure-high-back\/\",\"url\":\"https:\/\/www.medicalz.com\/us\/products\/belt-central-closure-high-back\/\",\"name\":\"BELT Central closure High back &#8226; Medical Z\",\"isPartOf\":{\"@id\":\"https:\/\/www.medicalz.com\/us\/#website\"},\"primaryImageOfPage\":{\"@id\":\"https:\/\/www.medicalz.com\/us\/products\/belt-central-closure-high-back\/#primaryimage\"},\"image\":{\"@id\":\"https:\/\/www.medicalz.com\/us\/products\/belt-central-closure-high-back\/#primaryimage\"},\"thumbnailUrl\":\"https:\/\/www.medicalz.com\/wp-content\/uploads\/2021\/08\/EC033_ceinture_medicalZ_web-1.jpg\",\"datePublished\":\"2021-08-02T14:55:38+00:00\",\"dateModified\":\"2026-04-22T13:21:55+00:00\",\"breadcrumb\":{\"@id\":\"https:\/\/www.medicalz.com\/us\/products\/belt-central-closure-high-back\/#breadcrumb\"},\"inLanguage\":\"us-US\",\"potentialAction\":[{\"@type\":\"ReadAction\",\"target\":[\"https:\/\/www.medicalz.com\/us\/products\/belt-central-closure-high-back\/\"]}]},{\"@type\":\"ImageObject\",\"inLanguage\":\"us-US\",\"@id\":\"https:\/\/www.medicalz.com\/us\/products\/belt-central-closure-high-back\/#primaryimage\",\"url\":\"https:\/\/www.medicalz.com\/wp-content\/uploads\/2021\/08\/EC033_ceinture_medicalZ_web-1.jpg\",\"contentUrl\":\"https:\/\/www.medicalz.com\/wp-content\/uploads\/2021\/08\/EC033_ceinture_medicalZ_web-1.jpg\",\"width\":1700,\"height\":2250,\"caption\":\"Ceinture postop\u00e9ratoires m\u00e9dical Z\"},{\"@type\":\"BreadcrumbList\",\"@id\":\"https:\/\/www.medicalz.com\/us\/products\/belt-central-closure-high-back\/#breadcrumb\",\"itemListElement\":[{\"@type\":\"ListItem\",\"position\":1,\"name\":\"Home\",\"item\":\"https:\/\/www.medicalz.com\/us\/home\/\"},{\"@type\":\"ListItem\",\"position\":2,\"name\":\"Products\",\"item\":\"https:\/\/www.medicalz.com\/us\/shop\/\"},{\"@type\":\"ListItem\",\"position\":3,\"name\":\"Post surgery\",\"item\":\"https:\/\/www.medicalz.com\/us\/category-products\/surgery-us\/\"},{\"@type\":\"ListItem\",\"position\":4,\"name\":\"BELT Central closure High back\"}]},{\"@type\":\"WebSite\",\"@id\":\"https:\/\/www.medicalz.com\/us\/#website\",\"url\":\"https:\/\/www.medicalz.com\/us\/\",\"name\":\"Medical Z\",\"description\":\"Cr\u00e9ateur FRAN\u00c7AIS de v\u00eatements compressifs depuis 1981\",\"publisher\":{\"@id\":\"https:\/\/www.medicalz.com\/us\/#organization\"},\"potentialAction\":[{\"@type\":\"SearchAction\",\"target\":{\"@type\":\"EntryPoint\",\"urlTemplate\":\"https:\/\/www.medicalz.com\/us\/?s={search_term_string}\"},\"query-input\":{\"@type\":\"PropertyValueSpecification\",\"valueRequired\":true,\"valueName\":\"search_term_string\"}}],\"inLanguage\":\"us-US\"},{\"@type\":\"Organization\",\"@id\":\"https:\/\/www.medicalz.com\/us\/#organization\",\"name\":\"MedicalZ\",\"url\":\"https:\/\/www.medicalz.com\/us\/\",\"logo\":{\"@type\":\"ImageObject\",\"inLanguage\":\"us-US\",\"@id\":\"https:\/\/www.medicalz.com\/us\/#\/schema\/logo\/image\/\",\"url\":\"https:\/\/www.medicalz.com\/wp-content\/uploads\/2021\/06\/logo-1.png\",\"contentUrl\":\"https:\/\/www.medicalz.com\/wp-content\/uploads\/2021\/06\/logo-1.png\",\"width\":400,\"height\":227,\"caption\":\"MedicalZ\"},\"image\":{\"@id\":\"https:\/\/www.medicalz.com\/us\/#\/schema\/logo\/image\/\"},\"sameAs\":[\"https:\/\/www.facebook.com\/MedicalZFrance\/\",\"https:\/\/www.instagram.com\/medicalz_fr\/?hl=fr\",\"https:\/\/www.youtube.com\/channel\/UC7rGbkWBc15cA4pbHS99Vbg\"]}]}<\/script>\n<!-- \/ Yoast SEO plugin. -->","yoast_head_json":{"title":"BELT Central closure High back &#8226; Medical Z","robots":{"index":"index","follow":"follow","max-snippet":"max-snippet:-1","max-image-preview":"max-image-preview:large","max-video-preview":"max-video-preview:-1"},"canonical":"https:\/\/www.medicalz.com\/us\/products\/belt-central-closure-high-back\/","og_locale":"en_US","og_type":"article","og_title":"BELT Central closure High back &#8226; Medical Z","og_description":"BELT Central closure High back EC\/033Available colors DescriptionThe abdominal belt is a support for the post-operative follow-up after a plastic surgery of the abdomen. Additionally it compensate for any temporary deficiency of the abdominal wall without pathological character (post-partum, post-operative condition). It allows to exert a uniform and quantified pressure on the whole treated area. [&hellip;]","og_url":"https:\/\/www.medicalz.com\/us\/products\/belt-central-closure-high-back\/","og_site_name":"Medical Z","article_publisher":"https:\/\/www.facebook.com\/MedicalZFrance\/","article_modified_time":"2026-04-22T13:21:55+00:00","og_image":[{"width":1700,"height":2250,"url":"https:\/\/www.medicalz.com\/wp-content\/uploads\/2021\/08\/EC033_ceinture_medicalZ_web-1.jpg","type":"image\/jpeg"}],"schema":{"@context":"https:\/\/schema.org","@graph":[{"@type":"WebPage","@id":"https:\/\/www.medicalz.com\/us\/products\/belt-central-closure-high-back\/","url":"https:\/\/www.medicalz.com\/us\/products\/belt-central-closure-high-back\/","name":"BELT Central closure High back &#8226; Medical Z","isPartOf":{"@id":"https:\/\/www.medicalz.com\/us\/#website"},"primaryImageOfPage":{"@id":"https:\/\/www.medicalz.com\/us\/products\/belt-central-closure-high-back\/#primaryimage"},"image":{"@id":"https:\/\/www.medicalz.com\/us\/products\/belt-central-closure-high-back\/#primaryimage"},"thumbnailUrl":"https:\/\/www.medicalz.com\/wp-content\/uploads\/2021\/08\/EC033_ceinture_medicalZ_web-1.jpg","datePublished":"2021-08-02T14:55:38+00:00","dateModified":"2026-04-22T13:21:55+00:00","breadcrumb":{"@id":"https:\/\/www.medicalz.com\/us\/products\/belt-central-closure-high-back\/#breadcrumb"},"inLanguage":"us-US","potentialAction":[{"@type":"ReadAction","target":["https:\/\/www.medicalz.com\/us\/products\/belt-central-closure-high-back\/"]}]},{"@type":"ImageObject","inLanguage":"us-US","@id":"https:\/\/www.medicalz.com\/us\/products\/belt-central-closure-high-back\/#primaryimage","url":"https:\/\/www.medicalz.com\/wp-content\/uploads\/2021\/08\/EC033_ceinture_medicalZ_web-1.jpg","contentUrl":"https:\/\/www.medicalz.com\/wp-content\/uploads\/2021\/08\/EC033_ceinture_medicalZ_web-1.jpg","width":1700,"height":2250,"caption":"Ceinture postop\u00e9ratoires m\u00e9dical Z"},{"@type":"BreadcrumbList","@id":"https:\/\/www.medicalz.com\/us\/products\/belt-central-closure-high-back\/#breadcrumb","itemListElement":[{"@type":"ListItem","position":1,"name":"Home","item":"https:\/\/www.medicalz.com\/us\/home\/"},{"@type":"ListItem","position":2,"name":"Products","item":"https:\/\/www.medicalz.com\/us\/shop\/"},{"@type":"ListItem","position":3,"name":"Post surgery","item":"https:\/\/www.medicalz.com\/us\/category-products\/surgery-us\/"},{"@type":"ListItem","position":4,"name":"BELT Central closure High back"}]},{"@type":"WebSite","@id":"https:\/\/www.medicalz.com\/us\/#website","url":"https:\/\/www.medicalz.com\/us\/","name":"Medical Z","description":"Cr\u00e9ateur FRAN\u00c7AIS de v\u00eatements compressifs depuis 1981","publisher":{"@id":"https:\/\/www.medicalz.com\/us\/#organization"},"potentialAction":[{"@type":"SearchAction","target":{"@type":"EntryPoint","urlTemplate":"https:\/\/www.medicalz.com\/us\/?s={search_term_string}"},"query-input":{"@type":"PropertyValueSpecification","valueRequired":true,"valueName":"search_term_string"}}],"inLanguage":"us-US"},{"@type":"Organization","@id":"https:\/\/www.medicalz.com\/us\/#organization","name":"MedicalZ","url":"https:\/\/www.medicalz.com\/us\/","logo":{"@type":"ImageObject","inLanguage":"us-US","@id":"https:\/\/www.medicalz.com\/us\/#\/schema\/logo\/image\/","url":"https:\/\/www.medicalz.com\/wp-content\/uploads\/2021\/06\/logo-1.png","contentUrl":"https:\/\/www.medicalz.com\/wp-content\/uploads\/2021\/06\/logo-1.png","width":400,"height":227,"caption":"MedicalZ"},"image":{"@id":"https:\/\/www.medicalz.com\/us\/#\/schema\/logo\/image\/"},"sameAs":["https:\/\/www.facebook.com\/MedicalZFrance\/","https:\/\/www.instagram.com\/medicalz_fr\/?hl=fr","https:\/\/www.youtube.com\/channel\/UC7rGbkWBc15cA4pbHS99Vbg"]}]}},"_links":{"self":[{"href":"https:\/\/www.medicalz.com\/us\/wp-json\/wp\/v2\/product\/11414","targetHints":{"allow":["GET"]}}],"collection":[{"href":"https:\/\/www.medicalz.com\/us\/wp-json\/wp\/v2\/product"}],"about":[{"href":"https:\/\/www.medicalz.com\/us\/wp-json\/wp\/v2\/types\/product"}],"wp:featuredmedia":[{"embeddable":true,"href":"https:\/\/www.medicalz.com\/us\/wp-json\/wp\/v2\/media\/21129"}],"wp:attachment":[{"href":"https:\/\/www.medicalz.com\/us\/wp-json\/wp\/v2\/media?parent=11414"}],"wp:term":[{"taxonomy":"product_brand","embeddable":true,"href":"https:\/\/www.medicalz.com\/us\/wp-json\/wp\/v2\/product_brand?post=11414"},{"taxonomy":"product_cat","embeddable":true,"href":"https:\/\/www.medicalz.com\/us\/wp-json\/wp\/v2\/product_cat?post=11414"},{"taxonomy":"product_tag","embeddable":true,"href":"https:\/\/www.medicalz.com\/us\/wp-json\/wp\/v2\/product_tag?post=11414"}],"curies":[{"name":"wp","href":"https:\/\/api.w.org\/{rel}","templated":true}]}}