{"id":12094,"date":"2021-07-29T15:40:41","date_gmt":"2021-07-29T13:40:41","guid":{"rendered":"https:\/\/www.medicalz.com\/produits\/presslift\/"},"modified":"2026-04-22T15:15:53","modified_gmt":"2026-04-22T13:15:53","slug":"presslift","status":"publish","type":"product","link":"https:\/\/www.medicalz.com\/us\/products\/presslift\/","title":{"rendered":"PRESSLIFT"},"content":{"rendered":"<p>[et_pb_section fb_built=&#8221;1&#8243; _builder_version=&#8221;4.16&#8243; _module_preset=&#8221;default&#8221; global_colors_info=&#8221;{}&#8221;][et_pb_row column_structure=&#8221;1_2,1_2&#8243; _builder_version=&#8221;4.16&#8243; _module_preset=&#8221;default&#8221; global_colors_info=&#8221;{}&#8221;][et_pb_column type=&#8221;1_2&#8243; _builder_version=&#8221;4.16&#8243; _module_preset=&#8221;default&#8221; global_colors_info=&#8221;{}&#8221;][et_pb_wc_images admin_label=&#8221;Visuel produit&#8221; _builder_version=&#8221;4.16&#8243; _module_preset=&#8221;default&#8221; global_colors_info=&#8221;{}&#8221;][\/et_pb_wc_images][\/et_pb_column][et_pb_column type=&#8221;1_2&#8243; _builder_version=&#8221;4.16&#8243; _module_preset=&#8221;default&#8221; global_colors_info=&#8221;{}&#8221;][et_pb_text admin_label=&#8221;Nom produit \/ R\u00e9f  (\u00e0 remplir)&#8221; module_class=&#8221;hn-produits&#8221; _builder_version=&#8221;4.16&#8243; _module_preset=&#8221;default&#8221; text_font=&#8221;|700|||||||&#8221; text_text_color=&#8221;#2F4457&#8243; text_font_size=&#8221;17px&#8221; global_colors_info=&#8221;{}&#8221;]<\/p>\n<h1>PRESS LIFT<\/h1>\n<p>AC\/002<\/p>\n<p>[\/et_pb_text][et_pb_divider color=&#8221;#e3e3e3&#8243; divider_weight=&#8221;2px&#8221; _builder_version=&#8221;4.16&#8243; _module_preset=&#8221;default&#8221; custom_margin=&#8221;||0px||false|false&#8221; global_colors_info=&#8221;{}&#8221;][\/et_pb_divider][et_pb_text admin_label=&#8221;Couleurs disponibles  (\u00e0 remplir)&#8221; _builder_version=&#8221;4.16&#8243; _module_preset=&#8221;default&#8221; text_font=&#8221;|700|||||||&#8221; text_text_color=&#8221;#2F4457&#8243; text_font_size=&#8221;17px&#8221; text_letter_spacing=&#8221;1px&#8221; custom_margin=&#8221;||4px|||&#8221; global_colors_info=&#8221;{}&#8221;]<\/p>\n<p>Available colors<\/p>\n<p><img loading=\"lazy\" decoding=\"async\" class=\"wp-image-4677 alignnone size-full\" src=\"https:\/\/www.medicalz.com\/wp-content\/uploads\/2021\/07\/rond_chair.png\" alt=\"\" width=\"50\" height=\"50\" \/><\/p>\n<p>[\/et_pb_text][et_pb_divider color=&#8221;#e3e3e3&#8243; divider_weight=&#8221;2px&#8221; _builder_version=&#8221;4.16&#8243; _module_preset=&#8221;default&#8221; custom_margin=&#8221;||0px||false|false&#8221; global_colors_info=&#8221;{}&#8221;][\/et_pb_divider][et_pb_text admin_label=&#8221;Titre description&#8221; _builder_version=&#8221;4.16&#8243; _module_preset=&#8221;default&#8221; text_font=&#8221;|700|||||||&#8221; text_text_color=&#8221;#2F4457&#8243; text_font_size=&#8221;17px&#8221; text_letter_spacing=&#8221;1px&#8221; global_colors_info=&#8221;{}&#8221;]<\/p>\n<p>Description<\/p>\n<p>[\/et_pb_text][et_pb_text admin_label=&#8221;Texte Description (\u00e0 remplir)&#8221; _builder_version=&#8221;4.16&#8243; _module_preset=&#8221;default&#8221; header_3_text_align=&#8221;left&#8221; min_height=&#8221;225px&#8221; global_colors_info=&#8221;{}&#8221;]<\/p>\n<ul>\n<li class=\"p1\">Anti-edema<\/li>\n<li class=\"p1\">Pressure garment for the treatment of hypertrophies cars<\/li>\n<li class=\"p1\">Maxillo-facial pressure<\/li>\n<li class=\"p1\">Thermoregulating CoolMax\u00ae fabric draws moisture from body<\/li>\n<\/ul>\n<p class=\"p2\">Simply and quickly fitted, the PRESS-LIFT is the ideal one size garment.<\/p>\n<p class=\"p2\">The PRESS-LIFT can be precisely fitted to every morphology of the face, for man or woman.<\/p>\n<p class=\"p2\">Thanks to the numerous adjustments made possible by Velcro\u00ae the desired pressure can be obtained according to therapeutic needs.<\/p>\n<p class=\"p1\"><strong>1 \u2013<\/strong><span>\u00a0<\/span>Fit the bottom part of the PRESS-LIFT around the neck.<\/p>\n<p class=\"p1\"><strong>2 \u2013<\/strong><span>\u00a0<\/span>Hold in position with the Velcro\u00ae in the back.<\/p>\n<p class=\"p1\"><strong>3 \u2013<\/strong><span>\u00a0<\/span>Adjust cheeks position and set the side panel by fastening the side Velcro\u00ae.<\/p>\n<p class=\"p1\"><strong>4 \u2013<\/strong><span>\u00a0<\/span>Attach the Velcro\u00ae band to the back of the neck.<\/p>\n<p>[\/et_pb_text][et_pb_button button_url=&#8221;https:\/\/www.shopmedicalz.com\/ProductDetails.asp?ProductCode=AC002&#8243; button_text=&#8221;buy now (us only)&#8221; button_alignment=&#8221;center&#8221; _builder_version=&#8221;4.16&#8243; _module_preset=&#8221;default&#8221; custom_button=&#8221;on&#8221; button_text_size=&#8221;14px&#8221; button_text_color=&#8221;#FFFFFF&#8221; button_bg_color=&#8221;#427393&#8243; button_border_radius=&#8221;0px&#8221; button_font=&#8221;|700||on|||||&#8221; button_icon=&#8221;&#x35;||divi||400&#8243; custom_margin=&#8221;||||false|false&#8221; custom_padding=&#8221;13px|36px|13px|36px|true|true&#8221; global_colors_info=&#8221;{}&#8221;][\/et_pb_button][\/et_pb_column][\/et_pb_row][\/et_pb_section][et_pb_section fb_built=&#8221;1&#8243; _builder_version=&#8221;4.16&#8243; _module_preset=&#8221;default&#8221; border_width_top=&#8221;2px&#8221; border_color_top=&#8221;#e3e3e3&#8243; global_colors_info=&#8221;{}&#8221;][et_pb_row _builder_version=&#8221;4.16&#8243; _module_preset=&#8221;default&#8221; global_colors_info=&#8221;{}&#8221;][et_pb_column type=&#8221;4_4&#8243; _builder_version=&#8221;4.16&#8243; _module_preset=&#8221;default&#8221; global_colors_info=&#8221;{}&#8221;][et_pb_tabs active_tab_background_color=&#8221;#FFFFFF&#8221; inactive_tab_background_color=&#8221;#FFFFFF&#8221; active_tab_text_color=&#8221;#2F4457&#8243; admin_label=&#8221;Onglets composition \/ guide de tailles&#8230;  (\u00e0 remplir)&#8221; module_class=&#8221;onglets-produits&#8221; _builder_version=&#8221;4.27.4&#8243; _module_preset=&#8221;default&#8221; tab_text_color=&#8221;#2F4457&#8243; tab_font_size=&#8221;14px&#8221; background_color=&#8221;#FFFFFF&#8221; custom_margin=&#8221;0px||||false|false&#8221; custom_padding=&#8221;|||30px||&#8221; hover_enabled=&#8221;0&#8243; custom_css_tabs_controls=&#8221;border-top-color:transparent;||border-bottom-color:transparent;||background-color:transparent;&#8221; custom_css_tab=&#8221;border:transparent;||&#8221; custom_css_tabs_content=&#8221;border:transparent;&#8221; border_width_all=&#8221;0px&#8221; locked=&#8221;off&#8221; global_colors_info=&#8221;{}&#8221; sticky_enabled=&#8221;0&#8243;][et_pb_tab title=&#8221;COMPOSITION&#8221; _builder_version=&#8221;4.19.2&#8243; _module_preset=&#8221;default&#8221; global_colors_info=&#8221;{}&#8221;]<\/p>\n<h4>COMPOSITION<\/h4>\n<p>50% Polyamide &#8211; 32 % Polyester &#8211; 18% Elastane<\/p>\n<p><img loading=\"lazy\" decoding=\"async\" class=\"wp-image-8341 alignnone size-full\" src=\"https:\/\/www.medicalz.com\/wp-content\/uploads\/2021\/05\/coolmax.png\" alt=\"\" width=\"110\" height=\"24\" \/><\/p>\n<h4>CARE:<\/h4>\n<p><span>We recommend that you wash your PRESS-LIFT with natural non-phosphate soap in lukewarm water or in a washing machine on delicate cycle.<\/span><\/p>\n<h4>CONTRAINDICATIONS :<\/h4>\n<p>The Press Lift<sup>\u00ae<\/sup>\u00a0should not be applied directly to injured or damaged skin.<\/p>\n<p>[\/et_pb_tab][et_pb_tab title=&#8221;SIZING CHART&#8221; _builder_version=&#8221;4.16&#8243; _module_preset=&#8221;default&#8221; global_colors_info=&#8221;{}&#8221;]<\/p>\n[et_pb_section global_module=\"7041\"][\/et_pb_section]\n<p><img loading=\"lazy\" decoding=\"async\" src=\"https:\/\/www.medicalz.com\/wp-content\/uploads\/2021\/10\/PRESSLIFT.png\" width=\"979\" height=\"746\" alt=\"\" class=\"wp-image-12373 alignnone size-full\" srcset=\"https:\/\/www.medicalz.com\/wp-content\/uploads\/2021\/10\/PRESSLIFT.png 979w, https:\/\/www.medicalz.com\/wp-content\/uploads\/2021\/10\/PRESSLIFT-480x366.png 480w\" sizes=\"(min-width: 0px) and (max-width: 480px) 480px, (min-width: 481px) 979px, 100vw\" \/><\/p>\n<p>[\/et_pb_tab][et_pb_tab title=&#8221;VIDEO&#8221; _builder_version=&#8221;4.27.4&#8243; _module_preset=&#8221;default&#8221; hover_enabled=&#8221;0&#8243; global_colors_info=&#8221;{}&#8221; sticky_enabled=&#8221;0&#8243;]<\/p>\n<p><strong>How to properly measure for post-surgical Medical Z\u00ae garments <\/strong><\/p>\n<p><iframe loading=\"lazy\" title=\"Measurement for Female Press Lift\" width=\"1080\" height=\"608\" src=\"https:\/\/www.youtube.com\/embed\/3M2PYyqVZco?feature=oembed\"  allow=\"accelerometer; autoplay; clipboard-write; encrypted-media; gyroscope; picture-in-picture; web-share\" referrerpolicy=\"strict-origin-when-cross-origin\" allowfullscreen><\/iframe><\/p>\n<p>[\/et_pb_tab][\/et_pb_tabs][\/et_pb_column][\/et_pb_row][\/et_pb_section][et_pb_section fb_built=&#8221;1&#8243; _builder_version=&#8221;4.16&#8243; _module_preset=&#8221;default&#8221; background_color=&#8221;#e3e3e3&#8243; global_colors_info=&#8221;{}&#8221;][et_pb_row _builder_version=&#8221;4.16&#8243; _module_preset=&#8221;default&#8221; global_colors_info=&#8221;{}&#8221;][et_pb_column type=&#8221;4_4&#8243; _builder_version=&#8221;4.16&#8243; _module_preset=&#8221;default&#8221; global_colors_info=&#8221;{}&#8221;][et_pb_button button_text=&#8221;FIND ALL THE QUESTIONS &#8211; FAQ&#8221; button_alignment=&#8221;center&#8221; _builder_version=&#8221;4.16&#8243; _module_preset=&#8221;default&#8221; custom_button=&#8221;on&#8221; button_text_size=&#8221;18px&#8221; button_text_color=&#8221;#2F4457&#8243; button_border_width=&#8221;1px&#8221; button_border_color=&#8221;#2F4457&#8243; button_border_radius=&#8221;0px&#8221; button_font=&#8221;|700|||||||&#8221; custom_padding=&#8221;15px|110px|15px|110px|false|true&#8221; global_colors_info=&#8221;{}&#8221;][\/et_pb_button][\/et_pb_column][\/et_pb_row][\/et_pb_section][et_pb_section fb_built=&#8221;1&#8243; _builder_version=&#8221;4.16&#8243; _module_preset=&#8221;default&#8221; custom_padding=&#8221;0px|||||&#8221; global_colors_info=&#8221;{}&#8221;][et_pb_row _builder_version=&#8221;4.16&#8243; _module_preset=&#8221;default&#8221; custom_margin=&#8221;|auto|-28px|auto||&#8221; custom_padding=&#8221;||0px|||&#8221; global_colors_info=&#8221;{}&#8221;][et_pb_column type=&#8221;4_4&#8243; _builder_version=&#8221;4.16&#8243; _module_preset=&#8221;default&#8221; global_colors_info=&#8221;{}&#8221;][et_pb_text _builder_version=&#8221;4.16&#8243; _module_preset=&#8221;default&#8221; text_font=&#8221;|300|||||||&#8221; text_text_color=&#8221;#178fcf&#8221; header_text_color=&#8221;#178fcf&#8221; header_3_text_color=&#8221;#178FCF&#8221; locked=&#8221;off&#8221; global_colors_info=&#8221;{}&#8221;]<\/p>\n<h3>WE ALSO OFFER YOU<\/h3>\n<p>[\/et_pb_text][et_pb_divider module_class=&#8221;separateur&#8221; _builder_version=&#8221;4.16&#8243; _module_preset=&#8221;default&#8221; global_colors_info=&#8221;{}&#8221;][\/et_pb_divider][et_pb_wc_related_products admin_label=&#8221;Produits apparent\u00e9s&#8221; _builder_version=&#8221;4.16&#8243; _module_preset=&#8221;default&#8221; border_width_all=&#8221;0px&#8221; global_colors_info=&#8221;{}&#8221; border_radii__hover_enabled=&#8221;off|hover&#8221;][\/et_pb_wc_related_products][et_pb_wc_upsells _builder_version=&#8221;4.16&#8243; _module_preset=&#8221;default&#8221; custom_css_price=&#8221;display:none;&#8221; global_colors_info=&#8221;{}&#8221;][\/et_pb_wc_upsells][\/et_pb_column][\/et_pb_row][\/et_pb_section]<\/p>\n","protected":false},"excerpt":{"rendered":"<p>PRESS LIFT AC\/002Available colors Description Anti-edema Pressure garment for the treatment of hypertrophies cars Maxillo-facial pressure Thermoregulating CoolMax\u00ae fabric draws moisture from body Simply and quickly fitted, the PRESS-LIFT is the ideal one size garment. The PRESS-LIFT can be precisely fitted to every morphology of the face, for man or woman. Thanks to the numerous [&hellip;]<\/p>\n","protected":false},"featured_media":5218,"template":"","meta":{"_et_pb_use_builder":"on","_et_pb_old_content":"","_et_gb_content_width":""},"product_brand":[],"product_cat":[112,145],"product_tag":[],"class_list":{"0":"post-12094","1":"product","2":"type-product","3":"status-publish","4":"has-post-thumbnail","6":"product_cat-surgery-us","7":"product_cat-face-surgery-us","9":"first","10":"instock","11":"shipping-taxable","12":"product-type-simple"},"yoast_head":"<!-- This site is optimized with the Yoast SEO plugin v25.1 - https:\/\/yoast.com\/wordpress\/plugins\/seo\/ -->\n<title>PRESSLIFT &#8226; Medical Z<\/title>\n<meta name=\"robots\" content=\"index, follow, max-snippet:-1, max-image-preview:large, max-video-preview:-1\" \/>\n<link rel=\"canonical\" href=\"https:\/\/www.medicalz.com\/us\/products\/presslift\/\" \/>\n<meta property=\"og:locale\" content=\"en_US\" \/>\n<meta property=\"og:type\" content=\"article\" \/>\n<meta property=\"og:title\" content=\"PRESSLIFT &#8226; Medical Z\" \/>\n<meta property=\"og:description\" content=\"PRESS LIFT AC\/002Available colors Description Anti-edema Pressure garment for the treatment of hypertrophies cars Maxillo-facial pressure Thermoregulating CoolMax\u00ae fabric draws moisture from body Simply and quickly fitted, the PRESS-LIFT is the ideal one size garment. The PRESS-LIFT can be precisely fitted to every morphology of the face, for man or woman. Thanks to the numerous [&hellip;]\" \/>\n<meta property=\"og:url\" content=\"https:\/\/www.medicalz.com\/us\/products\/presslift\/\" \/>\n<meta property=\"og:site_name\" content=\"Medical Z\" \/>\n<meta property=\"article:publisher\" content=\"https:\/\/www.facebook.com\/MedicalZFrance\/\" \/>\n<meta property=\"article:modified_time\" content=\"2026-04-22T13:15:53+00:00\" \/>\n<meta property=\"og:image\" content=\"https:\/\/www.medicalz.com\/wp-content\/uploads\/2025\/01\/AC002_WEB-774x1024.png\" \/>\n\t<meta property=\"og:image:width\" content=\"774\" \/>\n\t<meta property=\"og:image:height\" content=\"1024\" \/>\n\t<meta property=\"og:image:type\" content=\"image\/png\" \/>\n<script type=\"application\/ld+json\" class=\"yoast-schema-graph\">{\"@context\":\"https:\/\/schema.org\",\"@graph\":[{\"@type\":\"WebPage\",\"@id\":\"https:\/\/www.medicalz.com\/us\/products\/presslift\/\",\"url\":\"https:\/\/www.medicalz.com\/us\/products\/presslift\/\",\"name\":\"PRESSLIFT &#8226; Medical Z\",\"isPartOf\":{\"@id\":\"https:\/\/www.medicalz.com\/us\/#website\"},\"primaryImageOfPage\":{\"@id\":\"https:\/\/www.medicalz.com\/us\/products\/presslift\/#primaryimage\"},\"image\":{\"@id\":\"https:\/\/www.medicalz.com\/us\/products\/presslift\/#primaryimage\"},\"thumbnailUrl\":\"https:\/\/www.medicalz.com\/wp-content\/uploads\/2025\/01\/AC002_WEB.png\",\"datePublished\":\"2021-07-29T13:40:41+00:00\",\"dateModified\":\"2026-04-22T13:15:53+00:00\",\"breadcrumb\":{\"@id\":\"https:\/\/www.medicalz.com\/us\/products\/presslift\/#breadcrumb\"},\"inLanguage\":\"us-US\",\"potentialAction\":[{\"@type\":\"ReadAction\",\"target\":[\"https:\/\/www.medicalz.com\/us\/products\/presslift\/\"]}]},{\"@type\":\"ImageObject\",\"inLanguage\":\"us-US\",\"@id\":\"https:\/\/www.medicalz.com\/us\/products\/presslift\/#primaryimage\",\"url\":\"https:\/\/www.medicalz.com\/wp-content\/uploads\/2025\/01\/AC002_WEB.png\",\"contentUrl\":\"https:\/\/www.medicalz.com\/wp-content\/uploads\/2025\/01\/AC002_WEB.png\",\"width\":1700,\"height\":2250,\"caption\":\"mentonni\u00e8re\"},{\"@type\":\"BreadcrumbList\",\"@id\":\"https:\/\/www.medicalz.com\/us\/products\/presslift\/#breadcrumb\",\"itemListElement\":[{\"@type\":\"ListItem\",\"position\":1,\"name\":\"Home\",\"item\":\"https:\/\/www.medicalz.com\/us\/home\/\"},{\"@type\":\"ListItem\",\"position\":2,\"name\":\"Products\",\"item\":\"https:\/\/www.medicalz.com\/us\/shop\/\"},{\"@type\":\"ListItem\",\"position\":3,\"name\":\"Post surgery\",\"item\":\"https:\/\/www.medicalz.com\/us\/category-products\/surgery-us\/\"},{\"@type\":\"ListItem\",\"position\":4,\"name\":\"Face surgery\",\"item\":\"https:\/\/www.medicalz.com\/us\/category-products\/surgery-us\/face-surgery-us\/\"},{\"@type\":\"ListItem\",\"position\":5,\"name\":\"PRESSLIFT\"}]},{\"@type\":\"WebSite\",\"@id\":\"https:\/\/www.medicalz.com\/us\/#website\",\"url\":\"https:\/\/www.medicalz.com\/us\/\",\"name\":\"Medical Z\",\"description\":\"Cr\u00e9ateur FRAN\u00c7AIS de v\u00eatements compressifs depuis 1981\",\"publisher\":{\"@id\":\"https:\/\/www.medicalz.com\/us\/#organization\"},\"potentialAction\":[{\"@type\":\"SearchAction\",\"target\":{\"@type\":\"EntryPoint\",\"urlTemplate\":\"https:\/\/www.medicalz.com\/us\/?s={search_term_string}\"},\"query-input\":{\"@type\":\"PropertyValueSpecification\",\"valueRequired\":true,\"valueName\":\"search_term_string\"}}],\"inLanguage\":\"us-US\"},{\"@type\":\"Organization\",\"@id\":\"https:\/\/www.medicalz.com\/us\/#organization\",\"name\":\"MedicalZ\",\"url\":\"https:\/\/www.medicalz.com\/us\/\",\"logo\":{\"@type\":\"ImageObject\",\"inLanguage\":\"us-US\",\"@id\":\"https:\/\/www.medicalz.com\/us\/#\/schema\/logo\/image\/\",\"url\":\"https:\/\/www.medicalz.com\/wp-content\/uploads\/2021\/06\/logo-1.png\",\"contentUrl\":\"https:\/\/www.medicalz.com\/wp-content\/uploads\/2021\/06\/logo-1.png\",\"width\":400,\"height\":227,\"caption\":\"MedicalZ\"},\"image\":{\"@id\":\"https:\/\/www.medicalz.com\/us\/#\/schema\/logo\/image\/\"},\"sameAs\":[\"https:\/\/www.facebook.com\/MedicalZFrance\/\",\"https:\/\/www.instagram.com\/medicalz_fr\/?hl=fr\",\"https:\/\/www.youtube.com\/channel\/UC7rGbkWBc15cA4pbHS99Vbg\"]}]}<\/script>\n<!-- \/ Yoast SEO plugin. -->","yoast_head_json":{"title":"PRESSLIFT &#8226; Medical Z","robots":{"index":"index","follow":"follow","max-snippet":"max-snippet:-1","max-image-preview":"max-image-preview:large","max-video-preview":"max-video-preview:-1"},"canonical":"https:\/\/www.medicalz.com\/us\/products\/presslift\/","og_locale":"en_US","og_type":"article","og_title":"PRESSLIFT &#8226; Medical Z","og_description":"PRESS LIFT AC\/002Available colors Description Anti-edema Pressure garment for the treatment of hypertrophies cars Maxillo-facial pressure Thermoregulating CoolMax\u00ae fabric draws moisture from body Simply and quickly fitted, the PRESS-LIFT is the ideal one size garment. The PRESS-LIFT can be precisely fitted to every morphology of the face, for man or woman. Thanks to the numerous [&hellip;]","og_url":"https:\/\/www.medicalz.com\/us\/products\/presslift\/","og_site_name":"Medical Z","article_publisher":"https:\/\/www.facebook.com\/MedicalZFrance\/","article_modified_time":"2026-04-22T13:15:53+00:00","og_image":[{"width":774,"height":1024,"url":"https:\/\/www.medicalz.com\/wp-content\/uploads\/2025\/01\/AC002_WEB-774x1024.png","type":"image\/png"}],"schema":{"@context":"https:\/\/schema.org","@graph":[{"@type":"WebPage","@id":"https:\/\/www.medicalz.com\/us\/products\/presslift\/","url":"https:\/\/www.medicalz.com\/us\/products\/presslift\/","name":"PRESSLIFT &#8226; Medical Z","isPartOf":{"@id":"https:\/\/www.medicalz.com\/us\/#website"},"primaryImageOfPage":{"@id":"https:\/\/www.medicalz.com\/us\/products\/presslift\/#primaryimage"},"image":{"@id":"https:\/\/www.medicalz.com\/us\/products\/presslift\/#primaryimage"},"thumbnailUrl":"https:\/\/www.medicalz.com\/wp-content\/uploads\/2025\/01\/AC002_WEB.png","datePublished":"2021-07-29T13:40:41+00:00","dateModified":"2026-04-22T13:15:53+00:00","breadcrumb":{"@id":"https:\/\/www.medicalz.com\/us\/products\/presslift\/#breadcrumb"},"inLanguage":"us-US","potentialAction":[{"@type":"ReadAction","target":["https:\/\/www.medicalz.com\/us\/products\/presslift\/"]}]},{"@type":"ImageObject","inLanguage":"us-US","@id":"https:\/\/www.medicalz.com\/us\/products\/presslift\/#primaryimage","url":"https:\/\/www.medicalz.com\/wp-content\/uploads\/2025\/01\/AC002_WEB.png","contentUrl":"https:\/\/www.medicalz.com\/wp-content\/uploads\/2025\/01\/AC002_WEB.png","width":1700,"height":2250,"caption":"mentonni\u00e8re"},{"@type":"BreadcrumbList","@id":"https:\/\/www.medicalz.com\/us\/products\/presslift\/#breadcrumb","itemListElement":[{"@type":"ListItem","position":1,"name":"Home","item":"https:\/\/www.medicalz.com\/us\/home\/"},{"@type":"ListItem","position":2,"name":"Products","item":"https:\/\/www.medicalz.com\/us\/shop\/"},{"@type":"ListItem","position":3,"name":"Post surgery","item":"https:\/\/www.medicalz.com\/us\/category-products\/surgery-us\/"},{"@type":"ListItem","position":4,"name":"Face surgery","item":"https:\/\/www.medicalz.com\/us\/category-products\/surgery-us\/face-surgery-us\/"},{"@type":"ListItem","position":5,"name":"PRESSLIFT"}]},{"@type":"WebSite","@id":"https:\/\/www.medicalz.com\/us\/#website","url":"https:\/\/www.medicalz.com\/us\/","name":"Medical Z","description":"Cr\u00e9ateur FRAN\u00c7AIS de v\u00eatements compressifs depuis 1981","publisher":{"@id":"https:\/\/www.medicalz.com\/us\/#organization"},"potentialAction":[{"@type":"SearchAction","target":{"@type":"EntryPoint","urlTemplate":"https:\/\/www.medicalz.com\/us\/?s={search_term_string}"},"query-input":{"@type":"PropertyValueSpecification","valueRequired":true,"valueName":"search_term_string"}}],"inLanguage":"us-US"},{"@type":"Organization","@id":"https:\/\/www.medicalz.com\/us\/#organization","name":"MedicalZ","url":"https:\/\/www.medicalz.com\/us\/","logo":{"@type":"ImageObject","inLanguage":"us-US","@id":"https:\/\/www.medicalz.com\/us\/#\/schema\/logo\/image\/","url":"https:\/\/www.medicalz.com\/wp-content\/uploads\/2021\/06\/logo-1.png","contentUrl":"https:\/\/www.medicalz.com\/wp-content\/uploads\/2021\/06\/logo-1.png","width":400,"height":227,"caption":"MedicalZ"},"image":{"@id":"https:\/\/www.medicalz.com\/us\/#\/schema\/logo\/image\/"},"sameAs":["https:\/\/www.facebook.com\/MedicalZFrance\/","https:\/\/www.instagram.com\/medicalz_fr\/?hl=fr","https:\/\/www.youtube.com\/channel\/UC7rGbkWBc15cA4pbHS99Vbg"]}]}},"_links":{"self":[{"href":"https:\/\/www.medicalz.com\/us\/wp-json\/wp\/v2\/product\/12094","targetHints":{"allow":["GET"]}}],"collection":[{"href":"https:\/\/www.medicalz.com\/us\/wp-json\/wp\/v2\/product"}],"about":[{"href":"https:\/\/www.medicalz.com\/us\/wp-json\/wp\/v2\/types\/product"}],"wp:featuredmedia":[{"embeddable":true,"href":"https:\/\/www.medicalz.com\/us\/wp-json\/wp\/v2\/media\/5218"}],"wp:attachment":[{"href":"https:\/\/www.medicalz.com\/us\/wp-json\/wp\/v2\/media?parent=12094"}],"wp:term":[{"taxonomy":"product_brand","embeddable":true,"href":"https:\/\/www.medicalz.com\/us\/wp-json\/wp\/v2\/product_brand?post=12094"},{"taxonomy":"product_cat","embeddable":true,"href":"https:\/\/www.medicalz.com\/us\/wp-json\/wp\/v2\/product_cat?post=12094"},{"taxonomy":"product_tag","embeddable":true,"href":"https:\/\/www.medicalz.com\/us\/wp-json\/wp\/v2\/product_tag?post=12094"}],"curies":[{"name":"wp","href":"https:\/\/api.w.org\/{rel}","templated":true}]}}