{"id":16770,"date":"2022-04-28T10:43:40","date_gmt":"2022-04-28T08:43:41","guid":{"rendered":"https:\/\/www.medicalz.com\/?post_type=product&#038;p=16770"},"modified":"2022-05-03T10:39:09","modified_gmt":"2022-05-03T08:39:09","slug":"thin-medipatch-z-sheet-clear-5x8-cm-2x3%c2%bc","status":"publish","type":"product","link":"https:\/\/www.medicalz.com\/us\/products\/thin-medipatch-z-sheet-clear-5x8-cm-2x3%c2%bc\/","title":{"rendered":"THIN MEDIPATCH Z\u00ae Sheet (Clear) 5\u00d78 CM (2&#8243;x3\u00bc&#8221;)"},"content":{"rendered":"<p>[et_pb_section fb_built=&#8221;1&#8243; _builder_version=&#8221;4.16&#8243; _module_preset=&#8221;default&#8221; global_colors_info=&#8221;{}&#8221;][et_pb_row column_structure=&#8221;1_2,1_2&#8243; _builder_version=&#8221;4.16&#8243; _module_preset=&#8221;default&#8221; global_colors_info=&#8221;{}&#8221;][et_pb_column type=&#8221;1_2&#8243; _builder_version=&#8221;4.16&#8243; _module_preset=&#8221;default&#8221; global_colors_info=&#8221;{}&#8221;][et_pb_wc_images admin_label=&#8221;Visuel produit&#8221; _builder_version=&#8221;4.16&#8243; _module_preset=&#8221;default&#8221; global_colors_info=&#8221;{}&#8221;][\/et_pb_wc_images][\/et_pb_column][et_pb_column type=&#8221;1_2&#8243; _builder_version=&#8221;4.16&#8243; _module_preset=&#8221;default&#8221; global_colors_info=&#8221;{}&#8221;][et_pb_text admin_label=&#8221;Nom produit \/ R\u00e9f  (\u00e0 remplir)&#8221; module_class=&#8221;hn-produits&#8221; _builder_version=&#8221;4.17.3&#8243; _module_preset=&#8221;default&#8221; text_font=&#8221;|700|||||||&#8221; text_text_color=&#8221;#2F4457&#8243; text_font_size=&#8221;17px&#8221; hover_enabled=&#8221;0&#8243; global_colors_info=&#8221;{}&#8221; sticky_enabled=&#8221;0&#8243;]<\/p>\n<h1>THIN MEDIPATCH Z\u00ae Sheet (Clear) 5\u00d78 CM<\/h1>\n<p>(2&#8243;x3\u00bc&#8221;)[\/et_pb_text][et_pb_divider color=&#8221;#e3e3e3&#8243; divider_weight=&#8221;2px&#8221; _builder_version=&#8221;4.16&#8243; _module_preset=&#8221;default&#8221; custom_margin=&#8221;||0px||false|false&#8221; global_colors_info=&#8221;{}&#8221;][\/et_pb_divider][et_pb_text admin_label=&#8221;Couleurs disponibles  (\u00e0 remplir)&#8221; _builder_version=&#8221;4.16&#8243; _module_preset=&#8221;default&#8221; text_font=&#8221;|700|||||||&#8221; text_text_color=&#8221;#2F4457&#8243; text_font_size=&#8221;17px&#8221; text_letter_spacing=&#8221;1px&#8221; custom_margin=&#8221;||4px|||&#8221; global_colors_info=&#8221;{}&#8221;]<\/p>\n<p>Couleurs disponibles<\/p>\n<p><img loading=\"lazy\" decoding=\"async\" class=\"wp-image-4693 alignnone size-full\" src=\"https:\/\/www.medicalz.com\/wp-content\/uploads\/2021\/07\/rond_blanc.png\" alt=\"\" width=\"50\" height=\"50\" \/>\u00a0<\/p>\n<p>[\/et_pb_text][et_pb_divider color=&#8221;#e3e3e3&#8243; divider_weight=&#8221;2px&#8221; _builder_version=&#8221;4.16&#8243; _module_preset=&#8221;default&#8221; custom_margin=&#8221;||0px||false|false&#8221; global_colors_info=&#8221;{}&#8221;][\/et_pb_divider][et_pb_text admin_label=&#8221;Titre description&#8221; _builder_version=&#8221;4.16&#8243; _module_preset=&#8221;default&#8221; text_font=&#8221;|700|||||||&#8221; text_text_color=&#8221;#2F4457&#8243; text_font_size=&#8221;17px&#8221; text_letter_spacing=&#8221;1px&#8221; global_colors_info=&#8221;{}&#8221;]<\/p>\n<p>Description<\/p>\n<p>[\/et_pb_text][et_pb_text admin_label=&#8221;Texte Description (\u00e0 remplir)&#8221; _builder_version=&#8221;4.17.3&#8243; _module_preset=&#8221;default&#8221; header_3_text_align=&#8221;left&#8221; hover_enabled=&#8221;0&#8243; global_colors_info=&#8221;{}&#8221; sticky_enabled=&#8221;0&#8243;]<\/p>\n<div class=\"et_pb_module et_pb_text et_pb_text_7 et_pb_text_align_left et_pb_bg_layout_light\">\n<div class=\"et_pb_text_inner\">\n<p>A combination of a tri-block copolymer and a class H1 mineral oil for medical use, coupled with a resin.<br \/>\nThe material obtained is either welded on a fabric to obtain flexible plates of different dimensions, or welded on a transparent film.<\/p>\n<p><u><strong>Indications\u00a0:<\/strong><br \/>\n<\/u>MEDIPATCH GEL Z\u00ae helps prevent the appearance of hypertrophic scars before the keloid scar stage, regardless of their origin: surgery, trauma, burns.<br \/>\nIt reduces redness and hypertrophy of scars.<br \/>\nMEDIPATCH GEL Z\u00ae can be used as a preventive measure as soon as the wound is completely closed (around the 10th day), i.e. as soon as the first signs of scar hypertrophy appear. The early use of MEDIPATCH GEL Z\u00ae increases the chances of normalization of healing.<\/p>\n<p>The various products in the range are particularly well suited to scars on the limbs and to scars that are not easily accessible to traditional pressotherapy.<br \/>\nMEDIPATCH GEL Z\u00ae is prescribed by a health professional. It is necessary that the patient remain under regular medical surveillance.<\/p>\n<p><strong><u>Instructions for use\u00a0:<\/u><\/strong><\/p>\n<p>MEDIPATCH GEL Z\u00ae sheets can be cut with scissors to an appropriate size to cover the scar.<br \/>\nThe physician is the only judge of the duration of daily application. Apply MEDIPATCH GEL Z\u00ae for 2 to 3 consecutive hours, gradually increasing to 7 or 8 hours over an 8-days period.<br \/>\nGenerally it is applied after the morning wash, and after the habituation period, it is kept in place until the evening wash. It is important to apply MEDIPATCH GEL Z\u00aet o healthy, dry skin so that it can adhere effectively and to avoid maceration.<\/p>\n<p>The duration of the treatment must be determined by the physician who will decide whether to interrupt or modify it if necessary.<\/p>\n<p><strong><u>Contraindications\u00a0:<br \/>\n<\/u><\/strong>As with all occlusive dressings, MEDIPATCH GEL Z\u00ae should not be applied to oozing or infected wounds that require specific pre-treatment, or to injured skin.<\/p>\n<p><strong><u>Care\u00a0:<br \/>\n<\/u><\/strong>The average life of MEDIPATCH GEL Z\u00ae depends on how you care for it. We recommend that you handle it with care. Wash it after each application with warm water and natural soap such as Marseille soap, rinse it thoroughly and let it air dry.<\/p>\n<p>Unless the product tears into separate pieces, it does not need to be replaced.<\/p>\n<p>NEVER PUT MEDIPATCH GEL Z\u00ae IN A WASHING MACHINE OR IN A DRYER.<br \/>\nNEVER LEAVE MEDIPATCH GEL Z\u00ae IN CONTACT WITH A HEAT SOURCE.<\/p>\n<\/div>\n<\/div>\n<p>[\/et_pb_text][\/et_pb_column][\/et_pb_row][\/et_pb_section][et_pb_section fb_built=&#8221;1&#8243; _builder_version=&#8221;4.16&#8243; _module_preset=&#8221;default&#8221; border_width_top=&#8221;2px&#8221; border_color_top=&#8221;#e3e3e3&#8243; global_colors_info=&#8221;{}&#8221;][et_pb_row _builder_version=&#8221;4.16&#8243; _module_preset=&#8221;default&#8221; global_colors_info=&#8221;{}&#8221;][et_pb_column type=&#8221;4_4&#8243; _builder_version=&#8221;4.16&#8243; _module_preset=&#8221;default&#8221; global_colors_info=&#8221;{}&#8221;][et_pb_tabs active_tab_background_color=&#8221;#FFFFFF&#8221; inactive_tab_background_color=&#8221;#FFFFFF&#8221; active_tab_text_color=&#8221;#2F4457&#8243; admin_label=&#8221;Onglets composition \/ guide de tailles&#8230;  (\u00e0 remplir)&#8221; module_class=&#8221;onglets-produits&#8221; _builder_version=&#8221;4.16&#8243; _module_preset=&#8221;default&#8221; tab_text_color=&#8221;#2F4457&#8243; tab_font_size=&#8221;14px&#8221; background_color=&#8221;#FFFFFF&#8221; custom_margin=&#8221;0px||||false|false&#8221; custom_padding=&#8221;|||30px||&#8221; custom_css_tabs_controls=&#8221;border-top-color:transparent;||border-bottom-color:transparent;||background-color:transparent;&#8221; custom_css_tab=&#8221;border:transparent;||&#8221; custom_css_tabs_content=&#8221;border:transparent;&#8221; border_width_all=&#8221;0px&#8221; locked=&#8221;off&#8221; global_colors_info=&#8221;{}&#8221;][et_pb_tab title=&#8221;&lt;p&gt;VIDEO&lt;\/p&gt;&#8221; _builder_version=&#8221;4.16&#8243; _module_preset=&#8221;default&#8221; global_colors_info=&#8221;{}&#8221;]<strong>How to maintain Medipatch Gel Z\u00ae and Medigel Z\u00ae by Medical Z?<\/strong><\/p>\n<p><iframe loading=\"lazy\" title=\"Comment entretenir MEDIPATCH GEL Z\u00ae et MEDIGEL Z\u00ae de M\u00e9dical Z\" width=\"1080\" height=\"608\" src=\"https:\/\/www.youtube.com\/embed\/Dr3jKekkyq0?feature=oembed\"  allow=\"accelerometer; autoplay; clipboard-write; encrypted-media; gyroscope; picture-in-picture\" allowfullscreen><\/iframe>[\/et_pb_tab][\/et_pb_tabs][\/et_pb_column][\/et_pb_row][\/et_pb_section][et_pb_section fb_built=&#8221;1&#8243; _builder_version=&#8221;4.16&#8243; _module_preset=&#8221;default&#8221; background_color=&#8221;#e3e3e3&#8243; global_colors_info=&#8221;{}&#8221;][et_pb_row _builder_version=&#8221;4.16&#8243; _module_preset=&#8221;default&#8221; global_colors_info=&#8221;{}&#8221;][et_pb_column type=&#8221;4_4&#8243; _builder_version=&#8221;4.16&#8243; _module_preset=&#8221;default&#8221; global_colors_info=&#8221;{}&#8221;][et_pb_button button_url=&#8221;https:\/\/www.medicalz.com\/us\/faq\/&#8221; button_text=&#8221;&lt;p&gt;FIND ALL THE QUESTIONS &#8211; FAQ&lt;\/p&gt;&#8221; button_alignment=&#8221;center&#8221; _builder_version=&#8221;4.16&#8243; _module_preset=&#8221;default&#8221; custom_button=&#8221;on&#8221; button_text_size=&#8221;18px&#8221; button_text_color=&#8221;#2F4457&#8243; button_border_width=&#8221;1px&#8221; button_border_color=&#8221;#2F4457&#8243; button_border_radius=&#8221;0px&#8221; button_font=&#8221;|700|||||||&#8221; custom_padding=&#8221;15px|110px|15px|110px|false|true&#8221; global_colors_info=&#8221;{}&#8221;][\/et_pb_button][\/et_pb_column][\/et_pb_row][\/et_pb_section][et_pb_section fb_built=&#8221;1&#8243; _builder_version=&#8221;4.16&#8243; _module_preset=&#8221;default&#8221; custom_padding=&#8221;0px|||||&#8221; global_colors_info=&#8221;{}&#8221;][et_pb_row _builder_version=&#8221;4.16&#8243; _module_preset=&#8221;default&#8221; custom_margin=&#8221;|auto|-28px|auto||&#8221; custom_padding=&#8221;||0px|||&#8221; global_colors_info=&#8221;{}&#8221;][et_pb_column type=&#8221;4_4&#8243; _builder_version=&#8221;4.16&#8243; _module_preset=&#8221;default&#8221; global_colors_info=&#8221;{}&#8221;][et_pb_text _builder_version=&#8221;4.16&#8243; _module_preset=&#8221;default&#8221; text_font=&#8221;|300|||||||&#8221; text_text_color=&#8221;#178fcf&#8221; header_text_color=&#8221;#178fcf&#8221; header_3_text_color=&#8221;#178FCF&#8221; locked=&#8221;off&#8221; global_colors_info=&#8221;{}&#8221;]<\/p>\n<h3>WE ALSO OFFER YOU<\/h3>\n<p>[\/et_pb_text][et_pb_divider module_class=&#8221;separateur&#8221; _builder_version=&#8221;4.16&#8243; _module_preset=&#8221;default&#8221; global_colors_info=&#8221;{}&#8221;][\/et_pb_divider][et_pb_wc_related_products admin_label=&#8221;Produits apparent\u00e9s&#8221; _builder_version=&#8221;4.16&#8243; _module_preset=&#8221;default&#8221; border_width_all=&#8221;0px&#8221; global_colors_info=&#8221;{}&#8221; border_radii__hover_enabled=&#8221;off|hover&#8221;][\/et_pb_wc_related_products][et_pb_wc_upsells _builder_version=&#8221;4.16&#8243; _module_preset=&#8221;default&#8221; custom_css_price=&#8221;display:none;&#8221; global_colors_info=&#8221;{}&#8221;][\/et_pb_wc_upsells][\/et_pb_column][\/et_pb_row][\/et_pb_section]<\/p>\n","protected":false},"excerpt":{"rendered":"<p>THIN MEDIPATCH Z\u00ae Sheet (Clear) 5\u00d78 CM (2&#8243;x3\u00bc&#8221;)Couleurs disponibles \u00a0Description A combination of a tri-block copolymer and a class H1 mineral oil for medical use, coupled with a resin. The material obtained is either welded on a fabric to obtain flexible plates of different dimensions, or welded on a transparent film. Indications\u00a0: MEDIPATCH GEL Z\u00ae [&hellip;]<\/p>\n","protected":false},"featured_media":16775,"template":"","meta":{"_et_pb_use_builder":"on","_et_pb_old_content":"","_et_gb_content_width":""},"product_brand":[],"product_cat":[118,120],"product_tag":[],"class_list":{"0":"post-16770","1":"product","2":"type-product","3":"status-publish","4":"has-post-thumbnail","6":"product_cat-scar-management-gel-us","7":"product_cat-medipatch-gel-z-fin-us","9":"first","10":"instock","11":"shipping-taxable","12":"product-type-simple"},"yoast_head":"<!-- This site is optimized with the Yoast SEO plugin v25.1 - https:\/\/yoast.com\/wordpress\/plugins\/seo\/ -->\n<title>THIN MEDIPATCH Z\u00ae Sheet (Clear) 5\u00d78 CM (2&quot;x3\u00bc&#039;&#039;) &#8226; Medical Z<\/title>\n<meta name=\"robots\" content=\"index, follow, max-snippet:-1, max-image-preview:large, max-video-preview:-1\" \/>\n<link rel=\"canonical\" href=\"https:\/\/www.medicalz.com\/us\/products\/thin-medipatch-z-sheet-clear-5x8-cm-2x3%c2%bc\/\" \/>\n<meta property=\"og:locale\" content=\"en_US\" \/>\n<meta property=\"og:type\" content=\"article\" \/>\n<meta property=\"og:title\" content=\"THIN MEDIPATCH Z\u00ae Sheet (Clear) 5\u00d78 CM (2&quot;x3\u00bc&#039;&#039;) &#8226; Medical Z\" \/>\n<meta property=\"og:description\" content=\"THIN MEDIPATCH Z\u00ae Sheet (Clear) 5\u00d78 CM (2&quot;x3\u00bc&#039;&#039;)Couleurs disponibles \u00a0Description A combination of a tri-block copolymer and a class H1 mineral oil for medical use, coupled with a resin. The material obtained is either welded on a fabric to obtain flexible plates of different dimensions, or welded on a transparent film. Indications\u00a0: MEDIPATCH GEL Z\u00ae [&hellip;]\" \/>\n<meta property=\"og:url\" content=\"https:\/\/www.medicalz.com\/us\/products\/thin-medipatch-z-sheet-clear-5x8-cm-2x3%c2%bc\/\" \/>\n<meta property=\"og:site_name\" content=\"Medical Z\" \/>\n<meta property=\"article:publisher\" content=\"https:\/\/www.facebook.com\/MedicalZFrance\/\" \/>\n<meta property=\"article:modified_time\" content=\"2022-05-03T08:39:09+00:00\" \/>\n<meta property=\"og:image\" content=\"https:\/\/www.medicalz.com\/wp-content\/uploads\/2022\/04\/main_medigelZ.png\" \/>\n\t<meta property=\"og:image:width\" content=\"1063\" \/>\n\t<meta property=\"og:image:height\" content=\"1181\" \/>\n\t<meta property=\"og:image:type\" content=\"image\/png\" \/>\n<script type=\"application\/ld+json\" class=\"yoast-schema-graph\">{\"@context\":\"https:\/\/schema.org\",\"@graph\":[{\"@type\":\"WebPage\",\"@id\":\"https:\/\/www.medicalz.com\/us\/products\/thin-medipatch-z-sheet-clear-5x8-cm-2x3%c2%bc\/\",\"url\":\"https:\/\/www.medicalz.com\/us\/products\/thin-medipatch-z-sheet-clear-5x8-cm-2x3%c2%bc\/\",\"name\":\"THIN MEDIPATCH Z\u00ae Sheet (Clear) 5\u00d78 CM (2\\\"x3\u00bc'') &#8226; Medical Z\",\"isPartOf\":{\"@id\":\"https:\/\/www.medicalz.com\/us\/#website\"},\"primaryImageOfPage\":{\"@id\":\"https:\/\/www.medicalz.com\/us\/products\/thin-medipatch-z-sheet-clear-5x8-cm-2x3%c2%bc\/#primaryimage\"},\"image\":{\"@id\":\"https:\/\/www.medicalz.com\/us\/products\/thin-medipatch-z-sheet-clear-5x8-cm-2x3%c2%bc\/#primaryimage\"},\"thumbnailUrl\":\"https:\/\/www.medicalz.com\/wp-content\/uploads\/2022\/04\/main_medigelZ.png\",\"datePublished\":\"2022-04-28T08:43:41+00:00\",\"dateModified\":\"2022-05-03T08:39:09+00:00\",\"breadcrumb\":{\"@id\":\"https:\/\/www.medicalz.com\/us\/products\/thin-medipatch-z-sheet-clear-5x8-cm-2x3%c2%bc\/#breadcrumb\"},\"inLanguage\":\"us-US\",\"potentialAction\":[{\"@type\":\"ReadAction\",\"target\":[\"https:\/\/www.medicalz.com\/us\/products\/thin-medipatch-z-sheet-clear-5x8-cm-2x3%c2%bc\/\"]}]},{\"@type\":\"ImageObject\",\"inLanguage\":\"us-US\",\"@id\":\"https:\/\/www.medicalz.com\/us\/products\/thin-medipatch-z-sheet-clear-5x8-cm-2x3%c2%bc\/#primaryimage\",\"url\":\"https:\/\/www.medicalz.com\/wp-content\/uploads\/2022\/04\/main_medigelZ.png\",\"contentUrl\":\"https:\/\/www.medicalz.com\/wp-content\/uploads\/2022\/04\/main_medigelZ.png\",\"width\":1063,\"height\":1181},{\"@type\":\"BreadcrumbList\",\"@id\":\"https:\/\/www.medicalz.com\/us\/products\/thin-medipatch-z-sheet-clear-5x8-cm-2x3%c2%bc\/#breadcrumb\",\"itemListElement\":[{\"@type\":\"ListItem\",\"position\":1,\"name\":\"Home\",\"item\":\"https:\/\/www.medicalz.com\/us\/home\/\"},{\"@type\":\"ListItem\",\"position\":2,\"name\":\"Products\",\"item\":\"https:\/\/www.medicalz.com\/us\/shop\/\"},{\"@type\":\"ListItem\",\"position\":3,\"name\":\"Scar management gels\",\"item\":\"https:\/\/www.medicalz.com\/us\/category-products\/scar-management-gel-us\/\"},{\"@type\":\"ListItem\",\"position\":4,\"name\":\"Medipatch Gel Z\u00ae fin\",\"item\":\"https:\/\/www.medicalz.com\/us\/category-products\/scar-management-gel-us\/medipatch-gel-z-fin-us\/\"},{\"@type\":\"ListItem\",\"position\":5,\"name\":\"THIN MEDIPATCH Z\u00ae Sheet (Clear) 5\u00d78 CM (2&#8243;x3\u00bc&#8221;)\"}]},{\"@type\":\"WebSite\",\"@id\":\"https:\/\/www.medicalz.com\/us\/#website\",\"url\":\"https:\/\/www.medicalz.com\/us\/\",\"name\":\"Medical Z\",\"description\":\"Cr\u00e9ateur FRAN\u00c7AIS de v\u00eatements compressifs depuis 1981\",\"publisher\":{\"@id\":\"https:\/\/www.medicalz.com\/us\/#organization\"},\"potentialAction\":[{\"@type\":\"SearchAction\",\"target\":{\"@type\":\"EntryPoint\",\"urlTemplate\":\"https:\/\/www.medicalz.com\/us\/?s={search_term_string}\"},\"query-input\":{\"@type\":\"PropertyValueSpecification\",\"valueRequired\":true,\"valueName\":\"search_term_string\"}}],\"inLanguage\":\"us-US\"},{\"@type\":\"Organization\",\"@id\":\"https:\/\/www.medicalz.com\/us\/#organization\",\"name\":\"MedicalZ\",\"url\":\"https:\/\/www.medicalz.com\/us\/\",\"logo\":{\"@type\":\"ImageObject\",\"inLanguage\":\"us-US\",\"@id\":\"https:\/\/www.medicalz.com\/us\/#\/schema\/logo\/image\/\",\"url\":\"https:\/\/www.medicalz.com\/wp-content\/uploads\/2021\/06\/logo-1.png\",\"contentUrl\":\"https:\/\/www.medicalz.com\/wp-content\/uploads\/2021\/06\/logo-1.png\",\"width\":400,\"height\":227,\"caption\":\"MedicalZ\"},\"image\":{\"@id\":\"https:\/\/www.medicalz.com\/us\/#\/schema\/logo\/image\/\"},\"sameAs\":[\"https:\/\/www.facebook.com\/MedicalZFrance\/\",\"https:\/\/www.instagram.com\/medicalz_fr\/?hl=fr\",\"https:\/\/www.youtube.com\/channel\/UC7rGbkWBc15cA4pbHS99Vbg\"]}]}<\/script>\n<!-- \/ Yoast SEO plugin. -->","yoast_head_json":{"title":"THIN MEDIPATCH Z\u00ae Sheet (Clear) 5\u00d78 CM (2\"x3\u00bc'') &#8226; Medical Z","robots":{"index":"index","follow":"follow","max-snippet":"max-snippet:-1","max-image-preview":"max-image-preview:large","max-video-preview":"max-video-preview:-1"},"canonical":"https:\/\/www.medicalz.com\/us\/products\/thin-medipatch-z-sheet-clear-5x8-cm-2x3%c2%bc\/","og_locale":"en_US","og_type":"article","og_title":"THIN MEDIPATCH Z\u00ae Sheet (Clear) 5\u00d78 CM (2\"x3\u00bc'') &#8226; Medical Z","og_description":"THIN MEDIPATCH Z\u00ae Sheet (Clear) 5\u00d78 CM (2\"x3\u00bc'')Couleurs disponibles \u00a0Description A combination of a tri-block copolymer and a class H1 mineral oil for medical use, coupled with a resin. The material obtained is either welded on a fabric to obtain flexible plates of different dimensions, or welded on a transparent film. Indications\u00a0: MEDIPATCH GEL Z\u00ae [&hellip;]","og_url":"https:\/\/www.medicalz.com\/us\/products\/thin-medipatch-z-sheet-clear-5x8-cm-2x3%c2%bc\/","og_site_name":"Medical Z","article_publisher":"https:\/\/www.facebook.com\/MedicalZFrance\/","article_modified_time":"2022-05-03T08:39:09+00:00","og_image":[{"width":1063,"height":1181,"url":"https:\/\/www.medicalz.com\/wp-content\/uploads\/2022\/04\/main_medigelZ.png","type":"image\/png"}],"schema":{"@context":"https:\/\/schema.org","@graph":[{"@type":"WebPage","@id":"https:\/\/www.medicalz.com\/us\/products\/thin-medipatch-z-sheet-clear-5x8-cm-2x3%c2%bc\/","url":"https:\/\/www.medicalz.com\/us\/products\/thin-medipatch-z-sheet-clear-5x8-cm-2x3%c2%bc\/","name":"THIN MEDIPATCH Z\u00ae Sheet (Clear) 5\u00d78 CM (2\"x3\u00bc'') &#8226; Medical Z","isPartOf":{"@id":"https:\/\/www.medicalz.com\/us\/#website"},"primaryImageOfPage":{"@id":"https:\/\/www.medicalz.com\/us\/products\/thin-medipatch-z-sheet-clear-5x8-cm-2x3%c2%bc\/#primaryimage"},"image":{"@id":"https:\/\/www.medicalz.com\/us\/products\/thin-medipatch-z-sheet-clear-5x8-cm-2x3%c2%bc\/#primaryimage"},"thumbnailUrl":"https:\/\/www.medicalz.com\/wp-content\/uploads\/2022\/04\/main_medigelZ.png","datePublished":"2022-04-28T08:43:41+00:00","dateModified":"2022-05-03T08:39:09+00:00","breadcrumb":{"@id":"https:\/\/www.medicalz.com\/us\/products\/thin-medipatch-z-sheet-clear-5x8-cm-2x3%c2%bc\/#breadcrumb"},"inLanguage":"us-US","potentialAction":[{"@type":"ReadAction","target":["https:\/\/www.medicalz.com\/us\/products\/thin-medipatch-z-sheet-clear-5x8-cm-2x3%c2%bc\/"]}]},{"@type":"ImageObject","inLanguage":"us-US","@id":"https:\/\/www.medicalz.com\/us\/products\/thin-medipatch-z-sheet-clear-5x8-cm-2x3%c2%bc\/#primaryimage","url":"https:\/\/www.medicalz.com\/wp-content\/uploads\/2022\/04\/main_medigelZ.png","contentUrl":"https:\/\/www.medicalz.com\/wp-content\/uploads\/2022\/04\/main_medigelZ.png","width":1063,"height":1181},{"@type":"BreadcrumbList","@id":"https:\/\/www.medicalz.com\/us\/products\/thin-medipatch-z-sheet-clear-5x8-cm-2x3%c2%bc\/#breadcrumb","itemListElement":[{"@type":"ListItem","position":1,"name":"Home","item":"https:\/\/www.medicalz.com\/us\/home\/"},{"@type":"ListItem","position":2,"name":"Products","item":"https:\/\/www.medicalz.com\/us\/shop\/"},{"@type":"ListItem","position":3,"name":"Scar management gels","item":"https:\/\/www.medicalz.com\/us\/category-products\/scar-management-gel-us\/"},{"@type":"ListItem","position":4,"name":"Medipatch Gel Z\u00ae fin","item":"https:\/\/www.medicalz.com\/us\/category-products\/scar-management-gel-us\/medipatch-gel-z-fin-us\/"},{"@type":"ListItem","position":5,"name":"THIN MEDIPATCH Z\u00ae Sheet (Clear) 5\u00d78 CM (2&#8243;x3\u00bc&#8221;)"}]},{"@type":"WebSite","@id":"https:\/\/www.medicalz.com\/us\/#website","url":"https:\/\/www.medicalz.com\/us\/","name":"Medical Z","description":"Cr\u00e9ateur FRAN\u00c7AIS de v\u00eatements compressifs depuis 1981","publisher":{"@id":"https:\/\/www.medicalz.com\/us\/#organization"},"potentialAction":[{"@type":"SearchAction","target":{"@type":"EntryPoint","urlTemplate":"https:\/\/www.medicalz.com\/us\/?s={search_term_string}"},"query-input":{"@type":"PropertyValueSpecification","valueRequired":true,"valueName":"search_term_string"}}],"inLanguage":"us-US"},{"@type":"Organization","@id":"https:\/\/www.medicalz.com\/us\/#organization","name":"MedicalZ","url":"https:\/\/www.medicalz.com\/us\/","logo":{"@type":"ImageObject","inLanguage":"us-US","@id":"https:\/\/www.medicalz.com\/us\/#\/schema\/logo\/image\/","url":"https:\/\/www.medicalz.com\/wp-content\/uploads\/2021\/06\/logo-1.png","contentUrl":"https:\/\/www.medicalz.com\/wp-content\/uploads\/2021\/06\/logo-1.png","width":400,"height":227,"caption":"MedicalZ"},"image":{"@id":"https:\/\/www.medicalz.com\/us\/#\/schema\/logo\/image\/"},"sameAs":["https:\/\/www.facebook.com\/MedicalZFrance\/","https:\/\/www.instagram.com\/medicalz_fr\/?hl=fr","https:\/\/www.youtube.com\/channel\/UC7rGbkWBc15cA4pbHS99Vbg"]}]}},"_links":{"self":[{"href":"https:\/\/www.medicalz.com\/us\/wp-json\/wp\/v2\/product\/16770","targetHints":{"allow":["GET"]}}],"collection":[{"href":"https:\/\/www.medicalz.com\/us\/wp-json\/wp\/v2\/product"}],"about":[{"href":"https:\/\/www.medicalz.com\/us\/wp-json\/wp\/v2\/types\/product"}],"wp:featuredmedia":[{"embeddable":true,"href":"https:\/\/www.medicalz.com\/us\/wp-json\/wp\/v2\/media\/16775"}],"wp:attachment":[{"href":"https:\/\/www.medicalz.com\/us\/wp-json\/wp\/v2\/media?parent=16770"}],"wp:term":[{"taxonomy":"product_brand","embeddable":true,"href":"https:\/\/www.medicalz.com\/us\/wp-json\/wp\/v2\/product_brand?post=16770"},{"taxonomy":"product_cat","embeddable":true,"href":"https:\/\/www.medicalz.com\/us\/wp-json\/wp\/v2\/product_cat?post=16770"},{"taxonomy":"product_tag","embeddable":true,"href":"https:\/\/www.medicalz.com\/us\/wp-json\/wp\/v2\/product_tag?post=16770"}],"curies":[{"name":"wp","href":"https:\/\/api.w.org\/{rel}","templated":true}]}}