{"id":17877,"date":"2022-11-15T16:02:10","date_gmt":"2022-11-15T15:02:13","guid":{"rendered":"https:\/\/www.medicalz.com\/?post_type=product&#038;p=17877"},"modified":"2025-01-09T15:24:48","modified_gmt":"2025-01-09T14:24:48","slug":"elegance-coolmaxlipo-panty-high-calf-copie","status":"publish","type":"product","link":"https:\/\/www.medicalz.com\/us\/products\/elegance-coolmaxlipo-panty-high-calf-copie\/","title":{"rendered":"Elegance COOLMAX\u00aeLIPO-PANTY\u00ae High, calf (Copie1)"},"content":{"rendered":"<p>[et_pb_section fb_built=&#8221;1&#8243; _builder_version=&#8221;4.16&#8243; _module_preset=&#8221;default&#8221; global_colors_info=&#8221;{}&#8221;][et_pb_row column_structure=&#8221;1_2,1_2&#8243; _builder_version=&#8221;4.16&#8243; _module_preset=&#8221;default&#8221; global_colors_info=&#8221;{}&#8221;][et_pb_column type=&#8221;1_2&#8243; _builder_version=&#8221;4.16&#8243; _module_preset=&#8221;default&#8221; global_colors_info=&#8221;{}&#8221;][et_pb_wc_images admin_label=&#8221;Visuel produit&#8221; _builder_version=&#8221;4.16&#8243; _module_preset=&#8221;default&#8221; global_colors_info=&#8221;{}&#8221;][\/et_pb_wc_images][\/et_pb_column][et_pb_column type=&#8221;1_2&#8243; _builder_version=&#8221;4.16&#8243; _module_preset=&#8221;default&#8221; global_colors_info=&#8221;{}&#8221;][et_pb_text admin_label=&#8221;Nom produit \/ R\u00e9f  (\u00e0 remplir)&#8221; module_class=&#8221;hn-produits&#8221; _builder_version=&#8221;4.19.0&#8243; _module_preset=&#8221;default&#8221; text_font=&#8221;|700|||||||&#8221; text_text_color=&#8221;#2F4457&#8243; text_font_size=&#8221;17px&#8221; global_colors_info=&#8221;{}&#8221;]<\/p>\n<h1 class=\"p1\"><strong>drain <\/strong><strong>Lipo-panty DLP TECHNOLOGY\u00ae<\/strong><\/h1>\n<h1 class=\"p1\"><strong>HAUT, COUP\u00c9 MOLLETS<\/strong><\/h1>\n<h5>\u00a0<\/h5>\n<p>DR\/002<\/p>\n<p>[\/et_pb_text][et_pb_divider color=&#8221;#e3e3e3&#8243; divider_weight=&#8221;2px&#8221; _builder_version=&#8221;4.16&#8243; _module_preset=&#8221;default&#8221; custom_margin=&#8221;||0px||false|false&#8221; global_colors_info=&#8221;{}&#8221;][\/et_pb_divider][et_pb_text admin_label=&#8221;Couleurs disponibles  (\u00e0 remplir)&#8221; _builder_version=&#8221;4.19.0&#8243; _module_preset=&#8221;default&#8221; text_font=&#8221;|700|||||||&#8221; text_text_color=&#8221;#2F4457&#8243; text_font_size=&#8221;17px&#8221; text_letter_spacing=&#8221;1px&#8221; custom_margin=&#8221;||4px|||&#8221; global_colors_info=&#8221;{}&#8221;]<\/p>\n<p>Couleurs disponibles<\/p>\n<p><img loading=\"lazy\" decoding=\"async\" class=\"wp-image-4685 alignnone size-full\" src=\"https:\/\/www.medicalz.com\/wp-content\/uploads\/2021\/07\/rond_noir.png\" alt=\"\" width=\"50\" height=\"50\" \/>\u00a0<img loading=\"lazy\" decoding=\"async\" class=\"wp-image-4693 alignnone size-full\" src=\"https:\/\/www.medicalz.com\/wp-content\/uploads\/2021\/07\/rond_blanc.png\" alt=\"\" width=\"50\" height=\"50\" \/><\/p>\n<p>[\/et_pb_text][et_pb_divider color=&#8221;#e3e3e3&#8243; divider_weight=&#8221;2px&#8221; _builder_version=&#8221;4.16&#8243; _module_preset=&#8221;default&#8221; custom_margin=&#8221;||0px||false|false&#8221; global_colors_info=&#8221;{}&#8221;][\/et_pb_divider][et_pb_text admin_label=&#8221;Titre description&#8221; _builder_version=&#8221;4.19.0&#8243; _module_preset=&#8221;default&#8221; text_font=&#8221;|700|||||||&#8221; text_text_color=&#8221;#2F4457&#8243; text_font_size=&#8221;17px&#8221; text_letter_spacing=&#8221;1px&#8221; global_colors_info=&#8221;{}&#8221;]<\/p>\n<p>Description<\/p>\n<p>[\/et_pb_text][et_pb_text admin_label=&#8221;Texte Description (\u00e0 remplir)&#8221; _builder_version=&#8221;4.21.0&#8243; _module_preset=&#8221;default&#8221; header_3_text_align=&#8221;left&#8221; global_colors_info=&#8221;{}&#8221;]<\/p>\n<p class=\"p1\"><strong>Le Drain Lipo-panty\u00ae DLP Technology\u00ae,<\/strong> <strong>v\u00eatement compressif int\u00e9grant un syst\u00e8me de drainage lymphatique, est un dispositif permettant d\u2019avoir un suivi post-op\u00e9ratoire optimis\u00e9 apr\u00e8s une chirurgie de\u00a0lipo-aspiration et d\u2019abdominoplastie<\/strong>. Il permet d\u2019exercer une pression uniforme et quantifi\u00e9e sur toute la zone trait\u00e9e et stimule la circulation de la lymphe. Il est destin\u00e9 \u00e0 att\u00e9nuer les douleurs post-op\u00e9ratoires, \u00e0 r\u00e9duire les ecchymoses, \u00e0 r\u00e9sorber plus rapidement les oed\u00e8mes et \u00e0 assurer une meilleure cicatrisation et un meilleur re drapage cutan\u00e9, d\u2019o\u00f9 une r\u00e9habilitation post op\u00e9ratoire acc\u00e9l\u00e9r\u00e9e. Le Drain Lipo-panty\u00ae est disponible en tissu Coolmax\u00ae.<\/p>\n<p class=\"p1\">Ce dernier, thermor\u00e9gulateur, permet d\u2019\u00e9vacuer l\u2019humidit\u00e9 vers la couche ext\u00e9rieure du tissu. Pour une efficacit\u00e9 optimale, l\u2019application du Drain Lipo-panty\u00ae s\u2019effectue juste apr\u00e8s l\u2019intervention. La dur\u00e9e d\u2019application d\u00e9pend de la prescription m\u00e9dicale.<\/p>\n<p><em>La qualit\u00e9 de nos tissus et notre recherche clinique garantissent qu&#8217;un seul v\u00eatement est n\u00e9cessaire pour fournir le traitement complet requis par votre m\u00e9decin.<\/em><\/p>\n<p><strong>Vendu avec <span style=\"text-decoration: underline;\"><a href=\"https:\/\/www.medicalz.com\/fr\/produits\/enfile-panty\/\" target=\"_blank\" rel=\"noopener\">l&#8217;enfile-Panty (AC\/011)<\/a><\/span><\/strong><\/p>\n<p><strong><\/strong><\/p>\n<p><span style=\"font-size: small;\">Mod\u00e8les d\u00e9pos\u00e9s et brevet en cours<\/span><\/p>\n<p><span style=\"font-size: small;\"><\/span><\/p>\n<p><span style=\"font-size: small;\"><strong><img loading=\"lazy\" decoding=\"async\" src=\"https:\/\/www.medicalz.com\/wp-content\/uploads\/2023\/04\/danger-150x150.png\" width=\"42\" height=\"42\" alt=\"\" class=\"wp-image-18223 aligncenter size-thumbnail\" style=\"float: left;\" \/> NE PAS UTILISER CHEZ LES PERSONNES PR\u00c9SENTANT<\/strong><br \/><strong>\u00a0 UNE ALLERGIE AU SILICONE.<\/strong><\/span><\/p>\n<p>[\/et_pb_text][\/et_pb_column][\/et_pb_row][\/et_pb_section][et_pb_section fb_built=&#8221;1&#8243; _builder_version=&#8221;4.16&#8243; _module_preset=&#8221;default&#8221; border_width_top=&#8221;2px&#8221; border_color_top=&#8221;#e3e3e3&#8243; global_colors_info=&#8221;{}&#8221;][et_pb_row _builder_version=&#8221;4.16&#8243; _module_preset=&#8221;default&#8221; global_colors_info=&#8221;{}&#8221;][et_pb_column type=&#8221;4_4&#8243; _builder_version=&#8221;4.16&#8243; _module_preset=&#8221;default&#8221; global_colors_info=&#8221;{}&#8221;][et_pb_tabs active_tab_background_color=&#8221;#FFFFFF&#8221; inactive_tab_background_color=&#8221;#FFFFFF&#8221; active_tab_text_color=&#8221;#2F4457&#8243; admin_label=&#8221;Onglets composition \/ guide de tailles&#8230;  (\u00e0 remplir)&#8221; module_class=&#8221;onglets-produits&#8221; _builder_version=&#8221;4.21.0&#8243; _module_preset=&#8221;default&#8221; tab_text_color=&#8221;#2F4457&#8243; tab_font_size=&#8221;14px&#8221; background_color=&#8221;#FFFFFF&#8221; min_height=&#8221;122.4px&#8221; custom_margin=&#8221;0px||||false|false&#8221; custom_padding=&#8221;|||30px||&#8221; custom_css_tabs_controls=&#8221;border-top-color:transparent;||border-bottom-color:transparent;||background-color:transparent;&#8221; custom_css_tab=&#8221;border:transparent;||&#8221; custom_css_tabs_content=&#8221;border:transparent;&#8221; border_width_all=&#8221;0px&#8221; locked=&#8221;off&#8221; global_colors_info=&#8221;{}&#8221;][et_pb_tab title=&#8221;<\/p>\n<p>COMPOSITION<\/p>\n<p>&#8221; _builder_version=&#8221;4.19.2&#8243; _module_preset=&#8221;default&#8221; global_colors_info=&#8221;{}&#8221;]<\/p>\n<h4>COMPOSITION<\/h4>\n<p class=\"p1\">42% Polyester &#8211; 32% Polyamide &#8211; 19% Elasthanne &#8211; 7% Silicone<\/p>\n<p><img loading=\"lazy\" decoding=\"async\" class=\"wp-image-628 alignnone size-full\" src=\"https:\/\/www.medicalz.com\/wp-content\/uploads\/2021\/05\/coolmax.png\" alt=\"\" width=\"110\" height=\"24\" \/><\/p>\n<h4>ENTRETIEN :<\/h4>\n<p class=\"Default\" style=\"margin-bottom: 8.0pt;\"><span style=\"font-size: 10.0pt; font-family: 'Arial',sans-serif;\">Laver en machine \u00e0 30\u00b0C maximum avec une lessive \u00e0 base de savon naturel type savon de Marseille. Ne pas utiliser de s\u00e8che-linge. <i>Il est recommand\u00e9 de laver le v\u00eatement avant de le porter pour la premi\u00e8re fois.<\/i><\/span><\/p>\n<h4>CONTRE-INDICATIONS :<\/h4>\n<p>Le v\u00eatement compressif ne doit pas \u00eatre port\u00e9 directement sur une peau l\u00e9s\u00e9e.<\/p>\n<p>&nbsp;<\/p>\n<p><strong><img loading=\"lazy\" decoding=\"async\" src=\"https:\/\/www.medicalz.com\/wp-content\/uploads\/2023\/04\/danger-150x150.png\" width=\"42\" height=\"42\" alt=\"\" class=\"wp-image-18223 aligncenter size-thumbnail\" style=\"float: left;\" \/> NE PAS UTILISER CHEZ LES PERSONNES PR\u00c9SENTANT<\/strong><br \/><strong>\u00a0 UNE ALLERGIE AU SILICONE.<\/strong><\/p>\n<p>[\/et_pb_tab][et_pb_tab title=&#8221;<\/p>\n<p>SIZING CHART<\/p>\n<p>&#8221; _builder_version=&#8221;4.19.0&#8243; _module_preset=&#8221;default&#8221; global_colors_info=&#8221;{}&#8221;]<\/p>\n[et_pb_section global_module=\"7041\"][\/et_pb_section]\n<p><em>Les tailles indiqu\u00e9es correspondent aux mesures prises avant intervention. D\u2019autres tailles peuvent \u00eatre r\u00e9alis\u00e9es sur-mesure.<\/em><\/p>\n<p style=\"text-align: left;\"><img loading=\"lazy\" decoding=\"async\" src=\"https:\/\/www.medicalz.com\/wp-content\/uploads\/2022\/11\/tb-DR002.jpg\" width=\"457\" height=\"317\" alt=\"\" class=\"wp-image-17821 aligncenter size-full\" \/><\/p>\n<p><em><\/em><\/p>\n<p>&nbsp;<\/p>\n<p>[\/et_pb_tab][et_pb_tab title=&#8221;<\/p>\n<p>MEASUREMENT SHEET<\/p>\n<p>&#8221; _builder_version=&#8221;4.21.0&#8243; _module_preset=&#8221;default&#8221; global_colors_info=&#8221;{}&#8221;]<\/p>\n<p><a href=\"https:\/\/www.medicalz.com\/wp-content\/uploads\/2023\/07\/SM-EC002-EC003-EC008-EC009-EC017-S001-S003.pdf\" rel=\"attachment noopener wp-att-18390\" target=\"_blank\">T\u00c9L\u00c9CHARGER LA FICHE DE MESURE<\/a><\/p>\n<p>[\/et_pb_tab][et_pb_tab title=&#8221;<\/p>\n<p>VIDEO<\/p>\n<p>&#8221; _builder_version=&#8221;4.16&#8243; _module_preset=&#8221;default&#8221; global_colors_info=&#8221;{}&#8221;]<\/p>\n<h5><strong>Comment bien prendre les mesures pour les v\u00eatements post op\u00e9ratoires M\u00e9dical Z<\/strong><\/h5>\n<p><iframe loading=\"lazy\" title=\"Prise de mesure pour le Lipopanty M\u00e9dical Z\u00ae\" width=\"1080\" height=\"608\" src=\"https:\/\/www.youtube.com\/embed\/BNnE8kOkh0c?feature=oembed\"  allow=\"accelerometer; autoplay; clipboard-write; encrypted-media; gyroscope; picture-in-picture; web-share\" referrerpolicy=\"strict-origin-when-cross-origin\" allowfullscreen><\/iframe><\/p>\n<p>[\/et_pb_tab][et_pb_tab title=&#8221;<\/p>\n<p>OPTION<\/p>\n<p>&#8221; _builder_version=&#8221;4.21.0&#8243; _module_preset=&#8221;default&#8221; global_colors_info=&#8221;{}&#8221;]<\/p>\n<h5><strong>OPTION DISPONIBLE<\/strong><\/h5>\n<p><img loading=\"lazy\" decoding=\"async\" class=\"wp-image-19462  alignleft\" src=\"https:\/\/www.medicalz.com\/wp-content\/uploads\/2021\/07\/BULLE_FOND-ZIP.jpg\" alt=\"FOND FERM\u00c9 AVEC ZIP\" width=\"149\" height=\"185\" srcset=\"https:\/\/www.medicalz.com\/wp-content\/uploads\/2021\/07\/BULLE_FOND-ZIP.jpg 200w, https:\/\/www.medicalz.com\/wp-content\/uploads\/2021\/07\/BULLE_FOND-ZIP-64x80.jpg 64w\" sizes=\"(max-width: 149px) 100vw, 149px\" \/><\/p>\n<p>[\/et_pb_tab][\/et_pb_tabs][\/et_pb_column][\/et_pb_row][\/et_pb_section][et_pb_section fb_built=&#8221;1&#8243; _builder_version=&#8221;4.16&#8243; _module_preset=&#8221;default&#8221; background_color=&#8221;#e3e3e3&#8243; global_colors_info=&#8221;{}&#8221;][et_pb_row _builder_version=&#8221;4.16&#8243; _module_preset=&#8221;default&#8221; global_colors_info=&#8221;{}&#8221;][et_pb_column type=&#8221;4_4&#8243; _builder_version=&#8221;4.16&#8243; _module_preset=&#8221;default&#8221; global_colors_info=&#8221;{}&#8221;][et_pb_button button_url=&#8221;https:\/\/www.medicalz.com\/us\/faq\/&#8221; button_text=&#8221;FIND ALL THE QUESTIONS &#8211; FAQ&#8221; button_alignment=&#8221;center&#8221; _builder_version=&#8221;4.16&#8243; _module_preset=&#8221;default&#8221; custom_button=&#8221;on&#8221; button_text_size=&#8221;18px&#8221; button_text_color=&#8221;#2F4457&#8243; button_border_width=&#8221;1px&#8221; button_border_color=&#8221;#2F4457&#8243; button_border_radius=&#8221;0px&#8221; button_font=&#8221;|700|||||||&#8221; custom_padding=&#8221;15px|110px|15px|110px|false|true&#8221; global_colors_info=&#8221;{}&#8221;][\/et_pb_button][\/et_pb_column][\/et_pb_row][\/et_pb_section][et_pb_section fb_built=&#8221;1&#8243; _builder_version=&#8221;4.16&#8243; _module_preset=&#8221;default&#8221; custom_padding=&#8221;0px|||||&#8221; global_colors_info=&#8221;{}&#8221;][et_pb_row _builder_version=&#8221;4.16&#8243; _module_preset=&#8221;default&#8221; custom_margin=&#8221;|auto|-28px|auto||&#8221; custom_padding=&#8221;||0px|||&#8221; global_colors_info=&#8221;{}&#8221;][et_pb_column type=&#8221;4_4&#8243; _builder_version=&#8221;4.16&#8243; _module_preset=&#8221;default&#8221; global_colors_info=&#8221;{}&#8221;][et_pb_text _builder_version=&#8221;4.16&#8243; _module_preset=&#8221;default&#8221; text_font=&#8221;|300|||||||&#8221; text_text_color=&#8221;#178fcf&#8221; header_text_color=&#8221;#178fcf&#8221; header_3_text_color=&#8221;#178FCF&#8221; locked=&#8221;off&#8221; global_colors_info=&#8221;{}&#8221;]<\/p>\n<h3>NOUS VOUS PROPOSONS AUSSI<\/h3>\n<p>[\/et_pb_text][et_pb_divider module_class=&#8221;separateur&#8221; _builder_version=&#8221;4.16&#8243; _module_preset=&#8221;default&#8221; global_colors_info=&#8221;{}&#8221;][\/et_pb_divider][et_pb_wc_related_products product=&#8221;19394&#8243; admin_label=&#8221;Produits apparent\u00e9s&#8221; _builder_version=&#8221;4.21.0&#8243; _module_preset=&#8221;default&#8221; border_width_all=&#8221;0px&#8221; global_colors_info=&#8221;{}&#8221; border_radii__hover_enabled=&#8221;off|hover&#8221;][\/et_pb_wc_related_products][et_pb_wc_upsells _builder_version=&#8221;4.16&#8243; _module_preset=&#8221;default&#8221; custom_css_price=&#8221;display:none;&#8221; global_colors_info=&#8221;{}&#8221;][\/et_pb_wc_upsells][\/et_pb_column][\/et_pb_row][\/et_pb_section]<\/p>\n","protected":false},"excerpt":{"rendered":"<p>drain Lipo-panty DLP TECHNOLOGY\u00ae HAUT, COUP\u00c9 MOLLETS \u00a0 DR\/002Couleurs disponibles \u00a0DescriptionLe Drain Lipo-panty\u00ae DLP Technology\u00ae, v\u00eatement compressif int\u00e9grant un syst\u00e8me de drainage lymphatique, est un dispositif permettant d\u2019avoir un suivi post-op\u00e9ratoire optimis\u00e9 apr\u00e8s une chirurgie de\u00a0lipo-aspiration et d\u2019abdominoplastie. Il permet d\u2019exercer une pression uniforme et quantifi\u00e9e sur toute la zone trait\u00e9e et stimule la circulation [&hellip;]<\/p>\n","protected":false},"featured_media":18355,"template":"","meta":{"_et_pb_use_builder":"on","_et_pb_old_content":"","_et_gb_content_width":""},"product_brand":[],"product_cat":[],"product_tag":[],"class_list":{"0":"post-17877","1":"product","2":"type-product","3":"status-publish","4":"has-post-thumbnail","7":"first","8":"instock","9":"shipping-taxable","10":"product-type-simple"},"yoast_head":"<!-- This site is optimized with the Yoast SEO plugin v25.1 - https:\/\/yoast.com\/wordpress\/plugins\/seo\/ -->\n<title>Elegance COOLMAX\u00aeLIPO-PANTY\u00ae High, calf (Copie1) &#8226; Medical Z<\/title>\n<meta name=\"robots\" content=\"index, follow, max-snippet:-1, max-image-preview:large, max-video-preview:-1\" \/>\n<link rel=\"canonical\" href=\"https:\/\/www.medicalz.com\/us\/products\/elegance-coolmaxlipo-panty-high-calf-copie\/\" \/>\n<meta property=\"og:locale\" content=\"en_US\" \/>\n<meta property=\"og:type\" content=\"article\" \/>\n<meta property=\"og:title\" content=\"Elegance COOLMAX\u00aeLIPO-PANTY\u00ae High, calf (Copie1) &#8226; Medical Z\" \/>\n<meta property=\"og:description\" content=\"drain Lipo-panty DLP TECHNOLOGY\u00ae HAUT, COUP\u00c9 MOLLETS \u00a0 DR\/002Couleurs disponibles \u00a0DescriptionLe Drain Lipo-panty\u00ae DLP Technology\u00ae, v\u00eatement compressif int\u00e9grant un syst\u00e8me de drainage lymphatique, est un dispositif permettant d\u2019avoir un suivi post-op\u00e9ratoire optimis\u00e9 apr\u00e8s une chirurgie de\u00a0lipo-aspiration et d\u2019abdominoplastie. Il permet d\u2019exercer une pression uniforme et quantifi\u00e9e sur toute la zone trait\u00e9e et stimule la circulation [&hellip;]\" \/>\n<meta property=\"og:url\" content=\"https:\/\/www.medicalz.com\/us\/products\/elegance-coolmaxlipo-panty-high-calf-copie\/\" \/>\n<meta property=\"og:site_name\" content=\"Medical Z\" \/>\n<meta property=\"article:publisher\" content=\"https:\/\/www.facebook.com\/MedicalZFrance\/\" \/>\n<meta property=\"article:modified_time\" content=\"2025-01-09T14:24:48+00:00\" \/>\n<meta property=\"og:image\" content=\"https:\/\/www.medicalz.com\/wp-content\/uploads\/2022\/11\/DR002_web.png\" \/>\n\t<meta property=\"og:image:width\" content=\"1300\" \/>\n\t<meta property=\"og:image:height\" content=\"1950\" \/>\n\t<meta property=\"og:image:type\" content=\"image\/png\" \/>\n<script type=\"application\/ld+json\" class=\"yoast-schema-graph\">{\"@context\":\"https:\/\/schema.org\",\"@graph\":[{\"@type\":\"WebPage\",\"@id\":\"https:\/\/www.medicalz.com\/us\/products\/elegance-coolmaxlipo-panty-high-calf-copie\/\",\"url\":\"https:\/\/www.medicalz.com\/us\/products\/elegance-coolmaxlipo-panty-high-calf-copie\/\",\"name\":\"Elegance COOLMAX\u00aeLIPO-PANTY\u00ae High, calf (Copie1) &#8226; Medical Z\",\"isPartOf\":{\"@id\":\"https:\/\/www.medicalz.com\/us\/#website\"},\"primaryImageOfPage\":{\"@id\":\"https:\/\/www.medicalz.com\/us\/products\/elegance-coolmaxlipo-panty-high-calf-copie\/#primaryimage\"},\"image\":{\"@id\":\"https:\/\/www.medicalz.com\/us\/products\/elegance-coolmaxlipo-panty-high-calf-copie\/#primaryimage\"},\"thumbnailUrl\":\"https:\/\/www.medicalz.com\/wp-content\/uploads\/2022\/11\/DR002_web.png\",\"datePublished\":\"2022-11-15T15:02:13+00:00\",\"dateModified\":\"2025-01-09T14:24:48+00:00\",\"breadcrumb\":{\"@id\":\"https:\/\/www.medicalz.com\/us\/products\/elegance-coolmaxlipo-panty-high-calf-copie\/#breadcrumb\"},\"inLanguage\":\"us-US\",\"potentialAction\":[{\"@type\":\"ReadAction\",\"target\":[\"https:\/\/www.medicalz.com\/us\/products\/elegance-coolmaxlipo-panty-high-calf-copie\/\"]}]},{\"@type\":\"ImageObject\",\"inLanguage\":\"us-US\",\"@id\":\"https:\/\/www.medicalz.com\/us\/products\/elegance-coolmaxlipo-panty-high-calf-copie\/#primaryimage\",\"url\":\"https:\/\/www.medicalz.com\/wp-content\/uploads\/2022\/11\/DR002_web.png\",\"contentUrl\":\"https:\/\/www.medicalz.com\/wp-content\/uploads\/2022\/11\/DR002_web.png\",\"width\":1300,\"height\":1950,\"caption\":\"lipo-panty\u00ae DLP Technology\"},{\"@type\":\"BreadcrumbList\",\"@id\":\"https:\/\/www.medicalz.com\/us\/products\/elegance-coolmaxlipo-panty-high-calf-copie\/#breadcrumb\",\"itemListElement\":[{\"@type\":\"ListItem\",\"position\":1,\"name\":\"Home\",\"item\":\"https:\/\/www.medicalz.com\/us\/home\/\"},{\"@type\":\"ListItem\",\"position\":2,\"name\":\"Products\",\"item\":\"https:\/\/www.medicalz.com\/us\/shop\/\"},{\"@type\":\"ListItem\",\"position\":3,\"name\":\"Post surgery\",\"item\":\"https:\/\/www.medicalz.com\/us\/category-products\/surgery-us\/\"},{\"@type\":\"ListItem\",\"position\":4,\"name\":\"Elegance COOLMAX\u00aeLIPO-PANTY\u00ae High, calf (Copie1)\"}]},{\"@type\":\"WebSite\",\"@id\":\"https:\/\/www.medicalz.com\/us\/#website\",\"url\":\"https:\/\/www.medicalz.com\/us\/\",\"name\":\"Medical Z\",\"description\":\"Cr\u00e9ateur FRAN\u00c7AIS de v\u00eatements compressifs depuis 1981\",\"publisher\":{\"@id\":\"https:\/\/www.medicalz.com\/us\/#organization\"},\"potentialAction\":[{\"@type\":\"SearchAction\",\"target\":{\"@type\":\"EntryPoint\",\"urlTemplate\":\"https:\/\/www.medicalz.com\/us\/?s={search_term_string}\"},\"query-input\":{\"@type\":\"PropertyValueSpecification\",\"valueRequired\":true,\"valueName\":\"search_term_string\"}}],\"inLanguage\":\"us-US\"},{\"@type\":\"Organization\",\"@id\":\"https:\/\/www.medicalz.com\/us\/#organization\",\"name\":\"MedicalZ\",\"url\":\"https:\/\/www.medicalz.com\/us\/\",\"logo\":{\"@type\":\"ImageObject\",\"inLanguage\":\"us-US\",\"@id\":\"https:\/\/www.medicalz.com\/us\/#\/schema\/logo\/image\/\",\"url\":\"https:\/\/www.medicalz.com\/wp-content\/uploads\/2021\/06\/logo-1.png\",\"contentUrl\":\"https:\/\/www.medicalz.com\/wp-content\/uploads\/2021\/06\/logo-1.png\",\"width\":400,\"height\":227,\"caption\":\"MedicalZ\"},\"image\":{\"@id\":\"https:\/\/www.medicalz.com\/us\/#\/schema\/logo\/image\/\"},\"sameAs\":[\"https:\/\/www.facebook.com\/MedicalZFrance\/\",\"https:\/\/www.instagram.com\/medicalz_fr\/?hl=fr\",\"https:\/\/www.youtube.com\/channel\/UC7rGbkWBc15cA4pbHS99Vbg\"]}]}<\/script>\n<!-- \/ Yoast SEO plugin. -->","yoast_head_json":{"title":"Elegance COOLMAX\u00aeLIPO-PANTY\u00ae High, calf (Copie1) &#8226; Medical Z","robots":{"index":"index","follow":"follow","max-snippet":"max-snippet:-1","max-image-preview":"max-image-preview:large","max-video-preview":"max-video-preview:-1"},"canonical":"https:\/\/www.medicalz.com\/us\/products\/elegance-coolmaxlipo-panty-high-calf-copie\/","og_locale":"en_US","og_type":"article","og_title":"Elegance COOLMAX\u00aeLIPO-PANTY\u00ae High, calf (Copie1) &#8226; Medical Z","og_description":"drain Lipo-panty DLP TECHNOLOGY\u00ae HAUT, COUP\u00c9 MOLLETS \u00a0 DR\/002Couleurs disponibles \u00a0DescriptionLe Drain Lipo-panty\u00ae DLP Technology\u00ae, v\u00eatement compressif int\u00e9grant un syst\u00e8me de drainage lymphatique, est un dispositif permettant d\u2019avoir un suivi post-op\u00e9ratoire optimis\u00e9 apr\u00e8s une chirurgie de\u00a0lipo-aspiration et d\u2019abdominoplastie. Il permet d\u2019exercer une pression uniforme et quantifi\u00e9e sur toute la zone trait\u00e9e et stimule la circulation [&hellip;]","og_url":"https:\/\/www.medicalz.com\/us\/products\/elegance-coolmaxlipo-panty-high-calf-copie\/","og_site_name":"Medical Z","article_publisher":"https:\/\/www.facebook.com\/MedicalZFrance\/","article_modified_time":"2025-01-09T14:24:48+00:00","og_image":[{"width":1300,"height":1950,"url":"https:\/\/www.medicalz.com\/wp-content\/uploads\/2022\/11\/DR002_web.png","type":"image\/png"}],"schema":{"@context":"https:\/\/schema.org","@graph":[{"@type":"WebPage","@id":"https:\/\/www.medicalz.com\/us\/products\/elegance-coolmaxlipo-panty-high-calf-copie\/","url":"https:\/\/www.medicalz.com\/us\/products\/elegance-coolmaxlipo-panty-high-calf-copie\/","name":"Elegance COOLMAX\u00aeLIPO-PANTY\u00ae High, calf (Copie1) &#8226; Medical Z","isPartOf":{"@id":"https:\/\/www.medicalz.com\/us\/#website"},"primaryImageOfPage":{"@id":"https:\/\/www.medicalz.com\/us\/products\/elegance-coolmaxlipo-panty-high-calf-copie\/#primaryimage"},"image":{"@id":"https:\/\/www.medicalz.com\/us\/products\/elegance-coolmaxlipo-panty-high-calf-copie\/#primaryimage"},"thumbnailUrl":"https:\/\/www.medicalz.com\/wp-content\/uploads\/2022\/11\/DR002_web.png","datePublished":"2022-11-15T15:02:13+00:00","dateModified":"2025-01-09T14:24:48+00:00","breadcrumb":{"@id":"https:\/\/www.medicalz.com\/us\/products\/elegance-coolmaxlipo-panty-high-calf-copie\/#breadcrumb"},"inLanguage":"us-US","potentialAction":[{"@type":"ReadAction","target":["https:\/\/www.medicalz.com\/us\/products\/elegance-coolmaxlipo-panty-high-calf-copie\/"]}]},{"@type":"ImageObject","inLanguage":"us-US","@id":"https:\/\/www.medicalz.com\/us\/products\/elegance-coolmaxlipo-panty-high-calf-copie\/#primaryimage","url":"https:\/\/www.medicalz.com\/wp-content\/uploads\/2022\/11\/DR002_web.png","contentUrl":"https:\/\/www.medicalz.com\/wp-content\/uploads\/2022\/11\/DR002_web.png","width":1300,"height":1950,"caption":"lipo-panty\u00ae DLP Technology"},{"@type":"BreadcrumbList","@id":"https:\/\/www.medicalz.com\/us\/products\/elegance-coolmaxlipo-panty-high-calf-copie\/#breadcrumb","itemListElement":[{"@type":"ListItem","position":1,"name":"Home","item":"https:\/\/www.medicalz.com\/us\/home\/"},{"@type":"ListItem","position":2,"name":"Products","item":"https:\/\/www.medicalz.com\/us\/shop\/"},{"@type":"ListItem","position":3,"name":"Post surgery","item":"https:\/\/www.medicalz.com\/us\/category-products\/surgery-us\/"},{"@type":"ListItem","position":4,"name":"Elegance COOLMAX\u00aeLIPO-PANTY\u00ae High, calf (Copie1)"}]},{"@type":"WebSite","@id":"https:\/\/www.medicalz.com\/us\/#website","url":"https:\/\/www.medicalz.com\/us\/","name":"Medical Z","description":"Cr\u00e9ateur FRAN\u00c7AIS de v\u00eatements compressifs depuis 1981","publisher":{"@id":"https:\/\/www.medicalz.com\/us\/#organization"},"potentialAction":[{"@type":"SearchAction","target":{"@type":"EntryPoint","urlTemplate":"https:\/\/www.medicalz.com\/us\/?s={search_term_string}"},"query-input":{"@type":"PropertyValueSpecification","valueRequired":true,"valueName":"search_term_string"}}],"inLanguage":"us-US"},{"@type":"Organization","@id":"https:\/\/www.medicalz.com\/us\/#organization","name":"MedicalZ","url":"https:\/\/www.medicalz.com\/us\/","logo":{"@type":"ImageObject","inLanguage":"us-US","@id":"https:\/\/www.medicalz.com\/us\/#\/schema\/logo\/image\/","url":"https:\/\/www.medicalz.com\/wp-content\/uploads\/2021\/06\/logo-1.png","contentUrl":"https:\/\/www.medicalz.com\/wp-content\/uploads\/2021\/06\/logo-1.png","width":400,"height":227,"caption":"MedicalZ"},"image":{"@id":"https:\/\/www.medicalz.com\/us\/#\/schema\/logo\/image\/"},"sameAs":["https:\/\/www.facebook.com\/MedicalZFrance\/","https:\/\/www.instagram.com\/medicalz_fr\/?hl=fr","https:\/\/www.youtube.com\/channel\/UC7rGbkWBc15cA4pbHS99Vbg"]}]}},"_links":{"self":[{"href":"https:\/\/www.medicalz.com\/us\/wp-json\/wp\/v2\/product\/17877","targetHints":{"allow":["GET"]}}],"collection":[{"href":"https:\/\/www.medicalz.com\/us\/wp-json\/wp\/v2\/product"}],"about":[{"href":"https:\/\/www.medicalz.com\/us\/wp-json\/wp\/v2\/types\/product"}],"wp:featuredmedia":[{"embeddable":true,"href":"https:\/\/www.medicalz.com\/us\/wp-json\/wp\/v2\/media\/18355"}],"wp:attachment":[{"href":"https:\/\/www.medicalz.com\/us\/wp-json\/wp\/v2\/media?parent=17877"}],"wp:term":[{"taxonomy":"product_brand","embeddable":true,"href":"https:\/\/www.medicalz.com\/us\/wp-json\/wp\/v2\/product_brand?post=17877"},{"taxonomy":"product_cat","embeddable":true,"href":"https:\/\/www.medicalz.com\/us\/wp-json\/wp\/v2\/product_cat?post=17877"},{"taxonomy":"product_tag","embeddable":true,"href":"https:\/\/www.medicalz.com\/us\/wp-json\/wp\/v2\/product_tag?post=17877"}],"curies":[{"name":"wp","href":"https:\/\/api.w.org\/{rel}","templated":true}]}}