{"id":19869,"date":"2024-12-04T11:46:35","date_gmt":"2024-12-04T10:46:35","guid":{"rendered":"https:\/\/www.medicalz.com\/?post_type=product&#038;p=19869"},"modified":"2026-03-05T16:33:18","modified_gmt":"2026-03-05T15:33:18","slug":"short-lipo-panty-high-back-above-knee-2-2","status":"publish","type":"product","link":"https:\/\/www.medicalz.com\/us\/products\/short-lipo-panty-high-back-above-knee-2-2\/","title":{"rendered":"Short lipo-panty\u00ae High back, above knee"},"content":{"rendered":"<p>[et_pb_section fb_built=&#8221;1&#8243; _builder_version=&#8221;4.16&#8243; _module_preset=&#8221;default&#8221; global_colors_info=&#8221;{}&#8221;][et_pb_row column_structure=&#8221;1_2,1_2&#8243; _builder_version=&#8221;4.16&#8243; _module_preset=&#8221;default&#8221; global_colors_info=&#8221;{}&#8221;][et_pb_column type=&#8221;1_2&#8243; _builder_version=&#8221;4.16&#8243; _module_preset=&#8221;default&#8221; global_colors_info=&#8221;{}&#8221;][et_pb_wc_images admin_label=&#8221;Visuel produit&#8221; _builder_version=&#8221;4.25.2&#8243; _module_preset=&#8221;default&#8221; global_colors_info=&#8221;{}&#8221;][\/et_pb_wc_images][\/et_pb_column][et_pb_column type=&#8221;1_2&#8243; _builder_version=&#8221;4.16&#8243; _module_preset=&#8221;default&#8221; global_colors_info=&#8221;{}&#8221;][et_pb_text admin_label=&#8221;Nom produit \/ R\u00e9f  (\u00e0 remplir)&#8221; module_class=&#8221;hn-produits&#8221; _builder_version=&#8221;4.25.2&#8243; _module_preset=&#8221;default&#8221; text_font=&#8221;|700|||||||&#8221; text_text_color=&#8221;#2F4457&#8243; text_font_size=&#8221;17px&#8221; global_colors_info=&#8221;{}&#8221;]<\/p>\n<h1>SHORT LIPO-PANTY\u00ae<br \/>High back, above knee<\/h1>\n<p>S2\/034<\/p>\n<p>[\/et_pb_text][et_pb_divider color=&#8221;#e3e3e3&#8243; divider_weight=&#8221;2px&#8221; _builder_version=&#8221;4.16&#8243; _module_preset=&#8221;default&#8221; custom_margin=&#8221;||0px||false|false&#8221; global_colors_info=&#8221;{}&#8221;][\/et_pb_divider][et_pb_text admin_label=&#8221;Couleurs disponibles  (\u00e0 remplir)&#8221; _builder_version=&#8221;4.25.2&#8243; _module_preset=&#8221;default&#8221; text_font=&#8221;|700|||||||&#8221; text_text_color=&#8221;#2F4457&#8243; text_font_size=&#8221;17px&#8221; text_letter_spacing=&#8221;1px&#8221; custom_margin=&#8221;||4px|||&#8221; global_colors_info=&#8221;{}&#8221;]<\/p>\n<p>Available colors<\/p>\n<p><img loading=\"lazy\" decoding=\"async\" class=\"wp-image-4685 alignnone size-full\" src=\"https:\/\/www.medicalz.com\/wp-content\/uploads\/2021\/07\/rond_noir.png\" alt=\"\" width=\"50\" height=\"50\" \/><img loading=\"lazy\" decoding=\"async\" class=\"wp-image-4693 alignnone size-full\" src=\"https:\/\/www.medicalz.com\/wp-content\/uploads\/2021\/07\/rond_blanc.png\" alt=\"\" width=\"50\" height=\"50\" \/>\u00a0<img loading=\"lazy\" decoding=\"async\" class=\"wp-image-4677 alignnone size-full\" src=\"https:\/\/www.medicalz.com\/wp-content\/uploads\/2021\/07\/rond_chair.png\" alt=\"\" width=\"50\" height=\"50\" \/><\/p>\n<p>[\/et_pb_text][et_pb_button button_url=&#8221;https:\/\/www.shopmedicalz.com\/ProductDetails.asp?ProductCode=S2%2D034&#8243; button_text=&#8221;buy now (us only)&#8221; button_alignment=&#8221;left&#8221; _builder_version=&#8221;4.25.2&#8243; _module_preset=&#8221;default&#8221; custom_button=&#8221;on&#8221; button_text_size=&#8221;14px&#8221; button_text_color=&#8221;#FFFFFF&#8221; button_bg_color=&#8221;#427393&#8243; button_border_radius=&#8221;0px&#8221; button_font=&#8221;|700||on|||||&#8221; button_icon=&#8221;&#x35;||divi||400&#8243; custom_margin=&#8221;||||false|false&#8221; custom_padding=&#8221;13px|36px|13px|36px|true|true&#8221; global_colors_info=&#8221;{}&#8221;][\/et_pb_button][et_pb_divider color=&#8221;#e3e3e3&#8243; divider_weight=&#8221;2px&#8221; _builder_version=&#8221;4.16&#8243; _module_preset=&#8221;default&#8221; custom_margin=&#8221;||0px||false|false&#8221; global_colors_info=&#8221;{}&#8221;][\/et_pb_divider][et_pb_text admin_label=&#8221;Titre description&#8221; _builder_version=&#8221;4.25.2&#8243; _module_preset=&#8221;default&#8221; text_font=&#8221;|700|||||||&#8221; text_text_color=&#8221;#2F4457&#8243; text_font_size=&#8221;17px&#8221; text_letter_spacing=&#8221;1px&#8221; global_colors_info=&#8221;{}&#8221;]<\/p>\n<p>Description<\/p>\n<p>[\/et_pb_text][et_pb_text admin_label=&#8221;Texte Description (\u00e0 remplir)&#8221; _builder_version=&#8221;4.25.2&#8243; _module_preset=&#8221;default&#8221; header_3_text_align=&#8221;left&#8221; custom_margin=&#8221;||108px|||&#8221; global_colors_info=&#8221;{}&#8221;]<\/p>\n<p>The SHORT LIPO-PANTY\u00ae compression garment is a support for post-operative follow-up after plastic surgery: upper limbs, back, abdomen, hips, pelvis, buttocks and\/or lower limbs.<\/p>\n<p>It allows to exert a uniform and quantified pressure on the whole treated area.<\/p>\n<p>It is intended to support the tissues by maintaining them in their new shape. It prevents post-operative edema, facilitates healing, and limits skin laxity.<\/p>\n<p>In the case of a panty,<\/p>\n<ul>\n<li>The BBLXL and HOLE models are recommended in the case of surgery with fat transfer : the implanted fat is not compressed at the transfer area.<\/li>\n<li>The HOLE model, open at the buttocks, is also recommended to ensure the support of implants.<\/li>\n<\/ul>\n<p>As standard it will be pull up, closed crotch, left side zipper (NO HOOK &amp; EYES AND NOT AN OPEN CROTCH)<\/p>\n<p>The compression garment is available in standard fabric. The latter, thermoregulation, allows moisture to be evacuated towards the outer layer of the fabric.<\/p>\n<p>For optimal effectiveness, the application of the compression garment is done immediately after the operation. The duration of application depends on the medical prescription.<\/p>\n<p>The first application must be done by a health professional.<\/p>\n<p><b><u>ALL GARMENTS THAT HAVE BUTTERFLIES HOOKS IN THE COOLMAX LINE WILL CONTINUE TO HAVE THEM IN THE STANDARD &amp; SECOND STAGE LINE<\/u><\/b><\/p>\n<p><em>The sizes indicated correspond to the measurements taken before surgery. Other sizes can be made to measure.<\/em><\/p>\n<p>[\/et_pb_text][\/et_pb_column][\/et_pb_row][\/et_pb_section][et_pb_section fb_built=&#8221;1&#8243; _builder_version=&#8221;4.16&#8243; _module_preset=&#8221;default&#8221; border_width_top=&#8221;2px&#8221; border_color_top=&#8221;#e3e3e3&#8243; global_colors_info=&#8221;{}&#8221;][et_pb_row _builder_version=&#8221;4.16&#8243; _module_preset=&#8221;default&#8221; global_colors_info=&#8221;{}&#8221;][et_pb_column type=&#8221;4_4&#8243; _builder_version=&#8221;4.16&#8243; _module_preset=&#8221;default&#8221; global_colors_info=&#8221;{}&#8221;][et_pb_tabs active_tab_background_color=&#8221;#FFFFFF&#8221; inactive_tab_background_color=&#8221;#FFFFFF&#8221; active_tab_text_color=&#8221;#2F4457&#8243; admin_label=&#8221;Onglets composition \/ guide de tailles&#8230;  (\u00e0 remplir)&#8221; module_class=&#8221;onglets-produits&#8221; _builder_version=&#8221;4.27.4&#8243; _module_preset=&#8221;default&#8221; tab_text_color=&#8221;#2F4457&#8243; tab_font_size=&#8221;14px&#8221; background_color=&#8221;#FFFFFF&#8221; custom_margin=&#8221;0px||||false|false&#8221; custom_padding=&#8221;|||30px||&#8221; hover_enabled=&#8221;0&#8243; custom_css_tabs_controls=&#8221;border-top-color:transparent;||border-bottom-color:transparent;||background-color:transparent;&#8221; custom_css_tab=&#8221;border:transparent;||&#8221; custom_css_tabs_content=&#8221;border:transparent;&#8221; border_width_all=&#8221;0px&#8221; locked=&#8221;off&#8221; global_colors_info=&#8221;{}&#8221; sticky_enabled=&#8221;0&#8243;][et_pb_tab title=&#8221;COMPOSITION&#8221; _builder_version=&#8221;4.25.2&#8243; _module_preset=&#8221;default&#8221; global_colors_info=&#8221;{}&#8221;]<\/p>\n<h4>COMPOSITION<\/h4>\n<p>74 % Polyamide &#8211; 26 <span>Elasthanne<\/span><\/p>\n<h4>CONTRAINDICATIONS :<\/h4>\n<p>The compression garment should not be worn directly on injured skin.<\/p>\n<h4>CARE :<\/h4>\n<p>Machine wash at 30\u00b0C maximum with a natural soap-based detergent. Do not use a tumble dryer.<em> It is recommended to wash the garment before wearing it for the first time.<\/em><\/p>\n<p>[\/et_pb_tab][et_pb_tab title=&#8221;SIZING CHART&#8221; _builder_version=&#8221;4.25.2&#8243; _module_preset=&#8221;default&#8221; global_colors_info=&#8221;{}&#8221;]<\/p>\n[et_pb_section global_module=\"7041\"][\/et_pb_section]\n<p><img loading=\"lazy\" decoding=\"async\" class=\"wp-image-12319 alignnone size-large\" src=\"https:\/\/www.medicalz.com\/wp-content\/uploads\/2021\/10\/lipopanty_short_combi-1024x396.png\" alt=\"\" width=\"1024\" height=\"396\" \/><\/p>\n<p><em>The sizes indicated correspond to the measurements taken before surgery. Other sizes can be made to measure.<\/em><\/p>\n<p>[\/et_pb_tab][et_pb_tab title=&#8221;MEASUREMENT SHEET&#8221; _builder_version=&#8221;4.25.2&#8243; _module_preset=&#8221;default&#8221; global_colors_info=&#8221;{}&#8221;]<\/p>\n<p><a href=\"https:\/\/www.medicalz.com\/wp-content\/uploads\/2021\/10\/7.SM-USA-EC034-EC035.pdf\" rel=\"attachment wp-att-12361\">DOWNLOAD THE MEASUREMENT SHEET<\/a><\/p>\n<p>[\/et_pb_tab][et_pb_tab title=&#8221;VIDEO&#8221; _builder_version=&#8221;4.27.4&#8243; _module_preset=&#8221;default&#8221; hover_enabled=&#8221;0&#8243; global_colors_info=&#8221;{}&#8221; sticky_enabled=&#8221;0&#8243;]<\/p>\n<p class=\"p1\"><b>How to properly measure for post-surgical Medical Z\u00ae garments<\/b><\/p>\n<div style=\"width: 1080px;\" class=\"wp-video\"><!--[if lt IE 9]><script>document.createElement('video');<\/script><![endif]-->\n<video class=\"wp-video-shortcode\" id=\"video-19869-1\" width=\"1080\" height=\"608\" preload=\"metadata\" controls=\"controls\"><source type=\"video\/mp4\" src=\"https:\/\/www.medicalz.com\/wp-content\/uploads\/2024\/12\/Captions_F5058C.mp4?_=1\" \/><a href=\"https:\/\/www.medicalz.com\/wp-content\/uploads\/2024\/12\/Captions_F5058C.mp4\">https:\/\/www.medicalz.com\/wp-content\/uploads\/2024\/12\/Captions_F5058C.mp4<\/a><\/video><\/div>\n<p>&nbsp;<\/p>\n<p>[\/et_pb_tab][et_pb_tab title=&#8221;OPTION&#8221; _builder_version=&#8221;4.27.4&#8243; _module_preset=&#8221;default&#8221; global_colors_info=&#8221;{}&#8221;]<\/p>\n<h5><strong>OPTION FOR FAT TRANSFER<\/strong><\/h5>\n<h5><strong><br \/><em><u>OPTIONS FOR BUTTHOLE ARE AVAILABLE (BBLH, BBLXL &amp; HBBLXL)<\/u><\/em><br \/><\/strong><\/h5>\n<p><img loading=\"lazy\" decoding=\"async\" class=\"wp-image-5315 alignnone \" src=\"https:\/\/www.medicalz.com\/wp-content\/uploads\/2021\/07\/icone_bblxl.png\" alt=\"\" width=\"154\" height=\"163\" \/>\u00a0 \u00a0 \u00a0<img loading=\"lazy\" decoding=\"async\" class=\"alignnone wp-image-5321\" src=\"https:\/\/www.medicalz.com\/wp-content\/uploads\/2021\/07\/hole.png\" alt=\"\" width=\"154\" height=\"182\" \/>\u00a0 \u00a0 \u00a0<img loading=\"lazy\" decoding=\"async\" class=\"wp-image-19660 alignnone\" src=\"https:\/\/www.medicalz.com\/wp-content\/uploads\/2024\/11\/OPTION_HIP_BBLXL.png\" alt=\"hip-bblxl with zipper-crotch\" width=\"154\" height=\"182\" srcset=\"https:\/\/www.medicalz.com\/wp-content\/uploads\/2024\/11\/OPTION_HIP_BBLXL.png 200w, https:\/\/www.medicalz.com\/wp-content\/uploads\/2024\/11\/OPTION_HIP_BBLXL-64x76.png 64w\" sizes=\"(max-width: 154px) 100vw, 154px\" \/><\/p>\n<p style=\"font-weight: 400;\"><strong><em><u>LACE IS INCLUDED OF THE SECOND STAGE GARMENTS<\/u><\/em><\/strong><\/p>\n<p>[\/et_pb_tab][\/et_pb_tabs][\/et_pb_column][\/et_pb_row][\/et_pb_section][et_pb_section fb_built=&#8221;1&#8243; _builder_version=&#8221;4.16&#8243; _module_preset=&#8221;default&#8221; background_color=&#8221;#e3e3e3&#8243; global_colors_info=&#8221;{}&#8221;][et_pb_row _builder_version=&#8221;4.16&#8243; _module_preset=&#8221;default&#8221; global_colors_info=&#8221;{}&#8221;][et_pb_column type=&#8221;4_4&#8243; _builder_version=&#8221;4.16&#8243; _module_preset=&#8221;default&#8221; global_colors_info=&#8221;{}&#8221;][et_pb_button button_text=&#8221;FIND ALL THE QUESTIONS &#8211; FAQ&#8221; button_alignment=&#8221;center&#8221; _builder_version=&#8221;4.16&#8243; _module_preset=&#8221;default&#8221; custom_button=&#8221;on&#8221; button_text_size=&#8221;18px&#8221; button_text_color=&#8221;#2F4457&#8243; button_border_width=&#8221;1px&#8221; button_border_color=&#8221;#2F4457&#8243; button_border_radius=&#8221;0px&#8221; button_font=&#8221;|700|||||||&#8221; custom_padding=&#8221;15px|110px|15px|110px|false|true&#8221; global_colors_info=&#8221;{}&#8221;][\/et_pb_button][\/et_pb_column][\/et_pb_row][\/et_pb_section][et_pb_section fb_built=&#8221;1&#8243; _builder_version=&#8221;4.16&#8243; _module_preset=&#8221;default&#8221; custom_padding=&#8221;0px|||||&#8221; global_colors_info=&#8221;{}&#8221;][et_pb_row _builder_version=&#8221;4.16&#8243; _module_preset=&#8221;default&#8221; custom_margin=&#8221;|auto|-28px|auto||&#8221; custom_padding=&#8221;||0px|||&#8221; global_colors_info=&#8221;{}&#8221;][et_pb_column type=&#8221;4_4&#8243; _builder_version=&#8221;4.16&#8243; _module_preset=&#8221;default&#8221; global_colors_info=&#8221;{}&#8221;][et_pb_text _builder_version=&#8221;4.16&#8243; _module_preset=&#8221;default&#8221; text_font=&#8221;|300|||||||&#8221; text_text_color=&#8221;#178fcf&#8221; header_text_color=&#8221;#178fcf&#8221; header_3_text_color=&#8221;#178FCF&#8221; locked=&#8221;off&#8221; global_colors_info=&#8221;{}&#8221;]<\/p>\n<h3>WE ALSO OFFER YOU<\/h3>\n<p>[\/et_pb_text][et_pb_divider module_class=&#8221;separateur&#8221; _builder_version=&#8221;4.16&#8243; _module_preset=&#8221;default&#8221; global_colors_info=&#8221;{}&#8221;][\/et_pb_divider][et_pb_wc_related_products admin_label=&#8221;Produits apparent\u00e9s&#8221; _builder_version=&#8221;4.16&#8243; _module_preset=&#8221;default&#8221; border_width_all=&#8221;0px&#8221; global_colors_info=&#8221;{}&#8221; border_radii__hover_enabled=&#8221;off|hover&#8221;][\/et_pb_wc_related_products][et_pb_wc_upsells _builder_version=&#8221;4.16&#8243; _module_preset=&#8221;default&#8221; custom_css_price=&#8221;display:none;&#8221; global_colors_info=&#8221;{}&#8221;][\/et_pb_wc_upsells][\/et_pb_column][\/et_pb_row][\/et_pb_section]<\/p>\n","protected":false},"excerpt":{"rendered":"<p>SHORT LIPO-PANTY\u00aeHigh back, above knee S2\/034Available colors \u00a0DescriptionThe SHORT LIPO-PANTY\u00ae compression garment is a support for post-operative follow-up after plastic surgery: upper limbs, back, abdomen, hips, pelvis, buttocks and\/or lower limbs. It allows to exert a uniform and quantified pressure on the whole treated area. It is intended to support the tissues by maintaining them [&hellip;]<\/p>\n","protected":false},"featured_media":20582,"template":"","meta":{"_et_pb_use_builder":"on","_et_pb_old_content":"","_et_gb_content_width":""},"product_brand":[],"product_cat":[112,117,155],"product_tag":[],"class_list":{"0":"post-19869","1":"product","2":"type-product","3":"status-publish","4":"has-post-thumbnail","6":"product_cat-surgery-us","7":"product_cat-shape-us","8":"product_cat-2nd-stage-garment-pull-up","10":"first","11":"instock","12":"shipping-taxable","13":"product-type-simple"},"yoast_head":"<!-- This site is optimized with the Yoast SEO plugin v25.1 - https:\/\/yoast.com\/wordpress\/plugins\/seo\/ -->\n<title>Short lipo-panty\u00ae High back, above knee &#8226; Medical Z<\/title>\n<meta name=\"robots\" content=\"index, follow, max-snippet:-1, max-image-preview:large, max-video-preview:-1\" \/>\n<link rel=\"canonical\" href=\"https:\/\/www.medicalz.com\/us\/products\/short-lipo-panty-high-back-above-knee-2-2\/\" \/>\n<meta property=\"og:locale\" content=\"en_US\" \/>\n<meta property=\"og:type\" content=\"article\" \/>\n<meta property=\"og:title\" content=\"Short lipo-panty\u00ae High back, above knee &#8226; Medical Z\" \/>\n<meta property=\"og:description\" content=\"SHORT LIPO-PANTY\u00aeHigh back, above knee S2\/034Available colors \u00a0DescriptionThe SHORT LIPO-PANTY\u00ae compression garment is a support for post-operative follow-up after plastic surgery: upper limbs, back, abdomen, hips, pelvis, buttocks and\/or lower limbs. It allows to exert a uniform and quantified pressure on the whole treated area. It is intended to support the tissues by maintaining them [&hellip;]\" \/>\n<meta property=\"og:url\" content=\"https:\/\/www.medicalz.com\/us\/products\/short-lipo-panty-high-back-above-knee-2-2\/\" \/>\n<meta property=\"og:site_name\" content=\"Medical Z\" \/>\n<meta property=\"article:publisher\" content=\"https:\/\/www.facebook.com\/MedicalZFrance\/\" \/>\n<meta property=\"article:modified_time\" content=\"2026-03-05T15:33:18+00:00\" \/>\n<meta property=\"og:image\" content=\"https:\/\/www.medicalz.com\/wp-content\/uploads\/2024\/12\/S2034_web-774x1024.png\" \/>\n\t<meta property=\"og:image:width\" content=\"774\" \/>\n\t<meta property=\"og:image:height\" content=\"1024\" \/>\n\t<meta property=\"og:image:type\" content=\"image\/png\" \/>\n<script type=\"application\/ld+json\" class=\"yoast-schema-graph\">{\"@context\":\"https:\/\/schema.org\",\"@graph\":[{\"@type\":\"WebPage\",\"@id\":\"https:\/\/www.medicalz.com\/us\/products\/short-lipo-panty-high-back-above-knee-2-2\/\",\"url\":\"https:\/\/www.medicalz.com\/us\/products\/short-lipo-panty-high-back-above-knee-2-2\/\",\"name\":\"Short lipo-panty\u00ae High back, above knee &#8226; Medical Z\",\"isPartOf\":{\"@id\":\"https:\/\/www.medicalz.com\/us\/#website\"},\"primaryImageOfPage\":{\"@id\":\"https:\/\/www.medicalz.com\/us\/products\/short-lipo-panty-high-back-above-knee-2-2\/#primaryimage\"},\"image\":{\"@id\":\"https:\/\/www.medicalz.com\/us\/products\/short-lipo-panty-high-back-above-knee-2-2\/#primaryimage\"},\"thumbnailUrl\":\"https:\/\/www.medicalz.com\/wp-content\/uploads\/2024\/12\/S2034_web.png\",\"datePublished\":\"2024-12-04T10:46:35+00:00\",\"dateModified\":\"2026-03-05T15:33:18+00:00\",\"breadcrumb\":{\"@id\":\"https:\/\/www.medicalz.com\/us\/products\/short-lipo-panty-high-back-above-knee-2-2\/#breadcrumb\"},\"inLanguage\":\"us-US\",\"potentialAction\":[{\"@type\":\"ReadAction\",\"target\":[\"https:\/\/www.medicalz.com\/us\/products\/short-lipo-panty-high-back-above-knee-2-2\/\"]}]},{\"@type\":\"ImageObject\",\"inLanguage\":\"us-US\",\"@id\":\"https:\/\/www.medicalz.com\/us\/products\/short-lipo-panty-high-back-above-knee-2-2\/#primaryimage\",\"url\":\"https:\/\/www.medicalz.com\/wp-content\/uploads\/2024\/12\/S2034_web.png\",\"contentUrl\":\"https:\/\/www.medicalz.com\/wp-content\/uploads\/2024\/12\/S2034_web.png\",\"width\":1700,\"height\":2250,\"caption\":\"vetement de compression short lipo panty\"},{\"@type\":\"BreadcrumbList\",\"@id\":\"https:\/\/www.medicalz.com\/us\/products\/short-lipo-panty-high-back-above-knee-2-2\/#breadcrumb\",\"itemListElement\":[{\"@type\":\"ListItem\",\"position\":1,\"name\":\"Home\",\"item\":\"https:\/\/www.medicalz.com\/us\/home\/\"},{\"@type\":\"ListItem\",\"position\":2,\"name\":\"Products\",\"item\":\"https:\/\/www.medicalz.com\/us\/shop\/\"},{\"@type\":\"ListItem\",\"position\":3,\"name\":\"Post surgery\",\"item\":\"https:\/\/www.medicalz.com\/us\/category-products\/surgery-us\/\"},{\"@type\":\"ListItem\",\"position\":4,\"name\":\"Body contouring surgery\",\"item\":\"https:\/\/www.medicalz.com\/us\/category-products\/surgery-us\/shape-us\/\"},{\"@type\":\"ListItem\",\"position\":5,\"name\":\"2nd Stage Garment - Pull-up\",\"item\":\"https:\/\/www.medicalz.com\/us\/category-products\/surgery-us\/shape-us\/2nd-stage-garment-pull-up\/\"},{\"@type\":\"ListItem\",\"position\":6,\"name\":\"Short lipo-panty\u00ae High back, above knee\"}]},{\"@type\":\"WebSite\",\"@id\":\"https:\/\/www.medicalz.com\/us\/#website\",\"url\":\"https:\/\/www.medicalz.com\/us\/\",\"name\":\"Medical Z\",\"description\":\"Cr\u00e9ateur FRAN\u00c7AIS de v\u00eatements compressifs depuis 1981\",\"publisher\":{\"@id\":\"https:\/\/www.medicalz.com\/us\/#organization\"},\"potentialAction\":[{\"@type\":\"SearchAction\",\"target\":{\"@type\":\"EntryPoint\",\"urlTemplate\":\"https:\/\/www.medicalz.com\/us\/?s={search_term_string}\"},\"query-input\":{\"@type\":\"PropertyValueSpecification\",\"valueRequired\":true,\"valueName\":\"search_term_string\"}}],\"inLanguage\":\"us-US\"},{\"@type\":\"Organization\",\"@id\":\"https:\/\/www.medicalz.com\/us\/#organization\",\"name\":\"MedicalZ\",\"url\":\"https:\/\/www.medicalz.com\/us\/\",\"logo\":{\"@type\":\"ImageObject\",\"inLanguage\":\"us-US\",\"@id\":\"https:\/\/www.medicalz.com\/us\/#\/schema\/logo\/image\/\",\"url\":\"https:\/\/www.medicalz.com\/wp-content\/uploads\/2021\/06\/logo-1.png\",\"contentUrl\":\"https:\/\/www.medicalz.com\/wp-content\/uploads\/2021\/06\/logo-1.png\",\"width\":400,\"height\":227,\"caption\":\"MedicalZ\"},\"image\":{\"@id\":\"https:\/\/www.medicalz.com\/us\/#\/schema\/logo\/image\/\"},\"sameAs\":[\"https:\/\/www.facebook.com\/MedicalZFrance\/\",\"https:\/\/www.instagram.com\/medicalz_fr\/?hl=fr\",\"https:\/\/www.youtube.com\/channel\/UC7rGbkWBc15cA4pbHS99Vbg\"]}]}<\/script>\n<!-- \/ Yoast SEO plugin. -->","yoast_head_json":{"title":"Short lipo-panty\u00ae High back, above knee &#8226; Medical Z","robots":{"index":"index","follow":"follow","max-snippet":"max-snippet:-1","max-image-preview":"max-image-preview:large","max-video-preview":"max-video-preview:-1"},"canonical":"https:\/\/www.medicalz.com\/us\/products\/short-lipo-panty-high-back-above-knee-2-2\/","og_locale":"en_US","og_type":"article","og_title":"Short lipo-panty\u00ae High back, above knee &#8226; Medical Z","og_description":"SHORT LIPO-PANTY\u00aeHigh back, above knee S2\/034Available colors \u00a0DescriptionThe SHORT LIPO-PANTY\u00ae compression garment is a support for post-operative follow-up after plastic surgery: upper limbs, back, abdomen, hips, pelvis, buttocks and\/or lower limbs. It allows to exert a uniform and quantified pressure on the whole treated area. It is intended to support the tissues by maintaining them [&hellip;]","og_url":"https:\/\/www.medicalz.com\/us\/products\/short-lipo-panty-high-back-above-knee-2-2\/","og_site_name":"Medical Z","article_publisher":"https:\/\/www.facebook.com\/MedicalZFrance\/","article_modified_time":"2026-03-05T15:33:18+00:00","og_image":[{"width":774,"height":1024,"url":"https:\/\/www.medicalz.com\/wp-content\/uploads\/2024\/12\/S2034_web-774x1024.png","type":"image\/png"}],"schema":{"@context":"https:\/\/schema.org","@graph":[{"@type":"WebPage","@id":"https:\/\/www.medicalz.com\/us\/products\/short-lipo-panty-high-back-above-knee-2-2\/","url":"https:\/\/www.medicalz.com\/us\/products\/short-lipo-panty-high-back-above-knee-2-2\/","name":"Short lipo-panty\u00ae High back, above knee &#8226; Medical Z","isPartOf":{"@id":"https:\/\/www.medicalz.com\/us\/#website"},"primaryImageOfPage":{"@id":"https:\/\/www.medicalz.com\/us\/products\/short-lipo-panty-high-back-above-knee-2-2\/#primaryimage"},"image":{"@id":"https:\/\/www.medicalz.com\/us\/products\/short-lipo-panty-high-back-above-knee-2-2\/#primaryimage"},"thumbnailUrl":"https:\/\/www.medicalz.com\/wp-content\/uploads\/2024\/12\/S2034_web.png","datePublished":"2024-12-04T10:46:35+00:00","dateModified":"2026-03-05T15:33:18+00:00","breadcrumb":{"@id":"https:\/\/www.medicalz.com\/us\/products\/short-lipo-panty-high-back-above-knee-2-2\/#breadcrumb"},"inLanguage":"us-US","potentialAction":[{"@type":"ReadAction","target":["https:\/\/www.medicalz.com\/us\/products\/short-lipo-panty-high-back-above-knee-2-2\/"]}]},{"@type":"ImageObject","inLanguage":"us-US","@id":"https:\/\/www.medicalz.com\/us\/products\/short-lipo-panty-high-back-above-knee-2-2\/#primaryimage","url":"https:\/\/www.medicalz.com\/wp-content\/uploads\/2024\/12\/S2034_web.png","contentUrl":"https:\/\/www.medicalz.com\/wp-content\/uploads\/2024\/12\/S2034_web.png","width":1700,"height":2250,"caption":"vetement de compression short lipo panty"},{"@type":"BreadcrumbList","@id":"https:\/\/www.medicalz.com\/us\/products\/short-lipo-panty-high-back-above-knee-2-2\/#breadcrumb","itemListElement":[{"@type":"ListItem","position":1,"name":"Home","item":"https:\/\/www.medicalz.com\/us\/home\/"},{"@type":"ListItem","position":2,"name":"Products","item":"https:\/\/www.medicalz.com\/us\/shop\/"},{"@type":"ListItem","position":3,"name":"Post surgery","item":"https:\/\/www.medicalz.com\/us\/category-products\/surgery-us\/"},{"@type":"ListItem","position":4,"name":"Body contouring surgery","item":"https:\/\/www.medicalz.com\/us\/category-products\/surgery-us\/shape-us\/"},{"@type":"ListItem","position":5,"name":"2nd Stage Garment - Pull-up","item":"https:\/\/www.medicalz.com\/us\/category-products\/surgery-us\/shape-us\/2nd-stage-garment-pull-up\/"},{"@type":"ListItem","position":6,"name":"Short lipo-panty\u00ae High back, above knee"}]},{"@type":"WebSite","@id":"https:\/\/www.medicalz.com\/us\/#website","url":"https:\/\/www.medicalz.com\/us\/","name":"Medical Z","description":"Cr\u00e9ateur FRAN\u00c7AIS de v\u00eatements compressifs depuis 1981","publisher":{"@id":"https:\/\/www.medicalz.com\/us\/#organization"},"potentialAction":[{"@type":"SearchAction","target":{"@type":"EntryPoint","urlTemplate":"https:\/\/www.medicalz.com\/us\/?s={search_term_string}"},"query-input":{"@type":"PropertyValueSpecification","valueRequired":true,"valueName":"search_term_string"}}],"inLanguage":"us-US"},{"@type":"Organization","@id":"https:\/\/www.medicalz.com\/us\/#organization","name":"MedicalZ","url":"https:\/\/www.medicalz.com\/us\/","logo":{"@type":"ImageObject","inLanguage":"us-US","@id":"https:\/\/www.medicalz.com\/us\/#\/schema\/logo\/image\/","url":"https:\/\/www.medicalz.com\/wp-content\/uploads\/2021\/06\/logo-1.png","contentUrl":"https:\/\/www.medicalz.com\/wp-content\/uploads\/2021\/06\/logo-1.png","width":400,"height":227,"caption":"MedicalZ"},"image":{"@id":"https:\/\/www.medicalz.com\/us\/#\/schema\/logo\/image\/"},"sameAs":["https:\/\/www.facebook.com\/MedicalZFrance\/","https:\/\/www.instagram.com\/medicalz_fr\/?hl=fr","https:\/\/www.youtube.com\/channel\/UC7rGbkWBc15cA4pbHS99Vbg"]}]}},"_links":{"self":[{"href":"https:\/\/www.medicalz.com\/us\/wp-json\/wp\/v2\/product\/19869","targetHints":{"allow":["GET"]}}],"collection":[{"href":"https:\/\/www.medicalz.com\/us\/wp-json\/wp\/v2\/product"}],"about":[{"href":"https:\/\/www.medicalz.com\/us\/wp-json\/wp\/v2\/types\/product"}],"wp:featuredmedia":[{"embeddable":true,"href":"https:\/\/www.medicalz.com\/us\/wp-json\/wp\/v2\/media\/20582"}],"wp:attachment":[{"href":"https:\/\/www.medicalz.com\/us\/wp-json\/wp\/v2\/media?parent=19869"}],"wp:term":[{"taxonomy":"product_brand","embeddable":true,"href":"https:\/\/www.medicalz.com\/us\/wp-json\/wp\/v2\/product_brand?post=19869"},{"taxonomy":"product_cat","embeddable":true,"href":"https:\/\/www.medicalz.com\/us\/wp-json\/wp\/v2\/product_cat?post=19869"},{"taxonomy":"product_tag","embeddable":true,"href":"https:\/\/www.medicalz.com\/us\/wp-json\/wp\/v2\/product_tag?post=19869"}],"curies":[{"name":"wp","href":"https:\/\/api.w.org\/{rel}","templated":true}]}}