{"id":21178,"date":"2025-07-28T15:07:08","date_gmt":"2025-07-28T13:07:10","guid":{"rendered":"https:\/\/www.medicalz.com\/?post_type=product&#038;p=21178"},"modified":"2026-03-05T16:13:27","modified_gmt":"2026-03-05T15:13:27","slug":"elegance-zbra-medical-bra-copie","status":"publish","type":"product","link":"https:\/\/www.medicalz.com\/us\/products\/elegance-zbra-medical-bra-copie\/","title":{"rendered":"Zbra\u00ae Comfort"},"content":{"rendered":"<p>[et_pb_section fb_built=&#8221;1&#8243; _builder_version=&#8221;4.16&#8243; _module_preset=&#8221;default&#8221; global_colors_info=&#8221;{}&#8221;][et_pb_row column_structure=&#8221;1_2,1_2&#8243; _builder_version=&#8221;4.16&#8243; _module_preset=&#8221;default&#8221; global_colors_info=&#8221;{}&#8221;][et_pb_column type=&#8221;1_2&#8243; _builder_version=&#8221;4.16&#8243; _module_preset=&#8221;default&#8221; global_colors_info=&#8221;{}&#8221;][et_pb_wc_images admin_label=&#8221;Visuel produit&#8221; _builder_version=&#8221;4.16&#8243; _module_preset=&#8221;default&#8221; global_colors_info=&#8221;{}&#8221;][\/et_pb_wc_images][\/et_pb_column][et_pb_column type=&#8221;1_2&#8243; _builder_version=&#8221;4.16&#8243; _module_preset=&#8221;default&#8221; global_colors_info=&#8221;{}&#8221;][et_pb_text admin_label=&#8221;Nom produit \/ R\u00e9f  (\u00e0 remplir)&#8221; module_class=&#8221;hn-produits&#8221; _builder_version=&#8221;4.27.4&#8243; _module_preset=&#8221;default&#8221; text_font=&#8221;|700|||||||&#8221; text_text_color=&#8221;#2F4457&#8243; text_font_size=&#8221;17px&#8221; global_colors_info=&#8221;{}&#8221;]<\/p>\n<h1>Zbra\u00ae Comfort<\/h1>\n<p>S\/052<\/p>\n<p>[\/et_pb_text][et_pb_divider color=&#8221;#e3e3e3&#8243; divider_weight=&#8221;2px&#8221; _builder_version=&#8221;4.16&#8243; _module_preset=&#8221;default&#8221; custom_margin=&#8221;||0px||false|false&#8221; global_colors_info=&#8221;{}&#8221;][\/et_pb_divider][et_pb_text content_last_edited=&#8221;off|phone&#8221; admin_label=&#8221;Couleurs disponibles  (\u00e0 remplir)&#8221; _builder_version=&#8221;4.27.4&#8243; _module_preset=&#8221;default&#8221; text_font=&#8221;|700|||||||&#8221; text_text_color=&#8221;#2F4457&#8243; text_font_size=&#8221;17px&#8221; text_letter_spacing=&#8221;1px&#8221; custom_margin=&#8221;||4px|||&#8221; global_colors_info=&#8221;{}&#8221;]<\/p>\n<p>Available in 3 colors<\/p>\n<p><img loading=\"lazy\" decoding=\"async\" class=\"wp-image-4685 alignnone size-full\" src=\"https:\/\/www.medicalz.com\/wp-content\/uploads\/2021\/07\/rond_noir.png\" alt=\"\" width=\"50\" height=\"50\" \/> <img loading=\"lazy\" decoding=\"async\" class=\"wp-image-4693 alignnone size-full\" src=\"https:\/\/www.medicalz.com\/wp-content\/uploads\/2021\/07\/rond_blanc.png\" alt=\"\" width=\"50\" height=\"50\" \/> <img loading=\"lazy\" decoding=\"async\" class=\"wp-image-4677 alignnone size-full\" src=\"https:\/\/www.medicalz.com\/wp-content\/uploads\/2021\/07\/rond_chair.png\" alt=\"\" width=\"50\" height=\"50\" \/><\/p>\n<p>[\/et_pb_text][et_pb_divider color=&#8221;#e3e3e3&#8243; divider_weight=&#8221;2px&#8221; _builder_version=&#8221;4.16&#8243; _module_preset=&#8221;default&#8221; custom_margin=&#8221;||0px||false|false&#8221; global_colors_info=&#8221;{}&#8221;][\/et_pb_divider][et_pb_text admin_label=&#8221;Titre description&#8221; _builder_version=&#8221;4.27.4&#8243; _module_preset=&#8221;default&#8221; text_font=&#8221;|700|||||||&#8221; text_text_color=&#8221;#2F4457&#8243; text_font_size=&#8221;17px&#8221; text_letter_spacing=&#8221;1px&#8221; global_colors_info=&#8221;{}&#8221;]<\/p>\n<p>Description<\/p>\n<p>[\/et_pb_text][et_pb_text admin_label=&#8221;Texte Description (\u00e0 remplir)&#8221; _builder_version=&#8221;4.27.4&#8243; _module_preset=&#8221;default&#8221; header_3_text_align=&#8221;left&#8221; custom_padding=&#8221;||0px|||&#8221; global_colors_info=&#8221;{}&#8221;]<\/p>\n<p class=\"p1\"><strong>Medical Z\u00ae offers you the new Zbra\u00ae Comfort.<\/strong><\/p>\n<p style=\"font-weight: 400;\"><strong>Attractive and comfortable<\/strong>, the Zbra\u00ae Comfort bra offers reliable support up to <strong>cup size E.<\/strong> Thanks to its Velcro\u00ae side adjustments, you can enjoy a snug fit under the <strong>bust for tailor-made comfort<\/strong>.<\/p>\n<p style=\"font-weight: 400;\">Its <strong>flat, adjustable straps<\/strong> ensure optimal comfort for everyday wear.<br \/>A refined,<strong> ultra-comfortable style<\/strong> designed to accompany you day after day.<\/p>\n<ul>\n<li><strong>Discreet and practical Velcro\u00ae adjustments on the sides<\/strong><\/li>\n<li><strong>Wide back with removable straps suitable for all body types<\/strong><\/li>\n<li><strong>Front zipper for easy opening<\/strong><\/li>\n<li><strong>Very elegant<\/strong>, it will gently enhance your figure<\/li>\n<li><strong>A tailor-made fit in one easy step!<\/strong><\/li>\n<\/ul>\n<p>&nbsp;<\/p>\n<p><strong>CLOSE THE VELCRO\u00ae FASTENERS SECURELY BEFORE PUTTING THE ITEM IN THE WASHING MACHINE TO AVOID DAMAGING THE LACE.<\/strong><br \/>(Damaged products are not covered by the warranty).<\/p>\n<p class=\"p2\">[\/et_pb_text][\/et_pb_column][\/et_pb_row][\/et_pb_section][et_pb_section fb_built=&#8221;1&#8243; _builder_version=&#8221;4.16&#8243; _module_preset=&#8221;default&#8221; border_width_top=&#8221;2px&#8221; border_color_top=&#8221;#e3e3e3&#8243; global_colors_info=&#8221;{}&#8221;][et_pb_row _builder_version=&#8221;4.16&#8243; _module_preset=&#8221;default&#8221; global_colors_info=&#8221;{}&#8221;][et_pb_column type=&#8221;4_4&#8243; _builder_version=&#8221;4.16&#8243; _module_preset=&#8221;default&#8221; global_colors_info=&#8221;{}&#8221;][et_pb_tabs active_tab_background_color=&#8221;#FFFFFF&#8221; inactive_tab_background_color=&#8221;#FFFFFF&#8221; active_tab_text_color=&#8221;#2F4457&#8243; admin_label=&#8221;Onglets composition \/ guide de tailles&#8230;  (\u00e0 remplir)&#8221; module_class=&#8221;onglets-produits&#8221; _builder_version=&#8221;4.27.4&#8243; _module_preset=&#8221;default&#8221; tab_text_color=&#8221;#2F4457&#8243; tab_font_size=&#8221;14px&#8221; background_color=&#8221;#FFFFFF&#8221; custom_margin=&#8221;0px||||false|false&#8221; custom_padding=&#8221;|||30px||&#8221; hover_enabled=&#8221;0&#8243; custom_css_tabs_controls=&#8221;border-top-color:transparent;||border-bottom-color:transparent;||background-color:transparent;&#8221; custom_css_tab=&#8221;border:transparent;||&#8221; custom_css_tabs_content=&#8221;border:transparent;&#8221; border_width_all=&#8221;0px&#8221; locked=&#8221;off&#8221; global_colors_info=&#8221;{}&#8221; sticky_enabled=&#8221;0&#8243;][et_pb_tab title=&#8221;COMPOSITION&#8221; _builder_version=&#8221;4.27.4&#8243; _module_preset=&#8221;default&#8221; global_colors_info=&#8221;{}&#8221;]<\/p>\n<h4>COMPOSITION<\/h4>\n<p>Black : 74,4% Polyamide &#8211; 1,6 Polyester &#8211; 23,2 % Elastane &#8211; 0,2% Viscose &#8211; 0,6% Polyurethane<br \/>White et Powder : 71,9% Polyamide &#8211; 1,6 Polyester &#8211; 23,3 % Elastane &#8211; 2,4% Polypropylene &#8211; 0,2% Viscose &#8211; 0,6% Polyurethane<\/p>\n<h4>CARE :<\/h4>\n<p>Machine wash at 30\u00b0C maximum<\/p>\n<p><strong>CLOSE THE VELCRO\u00ae FASTENERS SECURELY BEFORE PUTTING THE ITEM IN THE WASHING MACHINE TO AVOID DAMAGING THE LACE<\/strong> <br \/>(Damaged products are not covered by the warranty).<\/p>\n<p>The bra should not be applied directly to damaged skin or mucous membranes.<\/p>\n<p>[\/et_pb_tab][et_pb_tab title=&#8221;GUIDE DE TAILLE&#8221; _builder_version=&#8221;4.27.4&#8243; _module_preset=&#8221;default&#8221; global_colors_info=&#8221;{}&#8221;]<\/p>\n[et_pb_section global_module=\"7041\"][\/et_pb_section]\n<p>SIZES AVAILABLE FROM 80 TO 115 A B C D E<\/p>\n<p><img loading=\"lazy\" decoding=\"async\" class=\"wp-image-21385  alignleft\" src=\"https:\/\/www.medicalz.com\/wp-content\/uploads\/2025\/07\/Capture-decran-2025-10-24-a-12.03.08.png\" alt=\"Tableau de mesure Zbra comfort\" width=\"775\" height=\"246\" \/><\/p>\n<p>[\/et_pb_tab][et_pb_tab title=&#8221;VID\u00c9O&#8221; _builder_version=&#8221;4.27.4&#8243; _module_preset=&#8221;default&#8221; hover_enabled=&#8221;0&#8243; global_colors_info=&#8221;{}&#8221; sticky_enabled=&#8221;0&#8243;]<\/p>\n<p class=\"p1\"><strong>How to take measurements for post-operative clothing Medical Z<\/strong><\/p>\n<p>&nbsp;<\/p>\n<div style=\"width: 1080px;\" class=\"wp-video\"><!--[if lt IE 9]><script>document.createElement('video');<\/script><![endif]-->\n<video class=\"wp-video-shortcode\" id=\"video-21178-1\" width=\"1080\" height=\"608\" preload=\"metadata\" controls=\"controls\"><source type=\"video\/mp4\" src=\"https:\/\/www.medicalz.com\/wp-content\/uploads\/2025\/07\/Captions_57C812.mp4?_=1\" \/><a href=\"https:\/\/www.medicalz.com\/wp-content\/uploads\/2025\/07\/Captions_57C812.mp4\">https:\/\/www.medicalz.com\/wp-content\/uploads\/2025\/07\/Captions_57C812.mp4<\/a><\/video><\/div>\n<p>[\/et_pb_tab][\/et_pb_tabs][\/et_pb_column][\/et_pb_row][\/et_pb_section][et_pb_section fb_built=&#8221;1&#8243; _builder_version=&#8221;4.16&#8243; _module_preset=&#8221;default&#8221; background_color=&#8221;#e3e3e3&#8243; global_colors_info=&#8221;{}&#8221;][et_pb_row _builder_version=&#8221;4.16&#8243; _module_preset=&#8221;default&#8221; global_colors_info=&#8221;{}&#8221;][et_pb_column type=&#8221;4_4&#8243; _builder_version=&#8221;4.16&#8243; _module_preset=&#8221;default&#8221; global_colors_info=&#8221;{}&#8221;][et_pb_button button_url=&#8221;https:\/\/www.medicalz.com\/us\/faq\/&#8221; button_text=&#8221;RETROUVEZ TOUTES LES QUESTIONS &#8211; FAQ&#8221; button_alignment=&#8221;center&#8221; _builder_version=&#8221;4.16&#8243; _module_preset=&#8221;default&#8221; custom_button=&#8221;on&#8221; button_text_size=&#8221;18px&#8221; button_text_color=&#8221;#2F4457&#8243; button_border_width=&#8221;1px&#8221; button_border_color=&#8221;#2F4457&#8243; button_border_radius=&#8221;0px&#8221; button_font=&#8221;|700|||||||&#8221; custom_padding=&#8221;15px|110px|15px|110px|false|true&#8221; global_colors_info=&#8221;{}&#8221;][\/et_pb_button][\/et_pb_column][\/et_pb_row][\/et_pb_section][et_pb_section fb_built=&#8221;1&#8243; _builder_version=&#8221;4.16&#8243; _module_preset=&#8221;default&#8221; custom_padding=&#8221;0px|||||&#8221; global_colors_info=&#8221;{}&#8221;][et_pb_row _builder_version=&#8221;4.16&#8243; _module_preset=&#8221;default&#8221; custom_margin=&#8221;|auto|-28px|auto||&#8221; custom_padding=&#8221;||0px|||&#8221; global_colors_info=&#8221;{}&#8221;][et_pb_column type=&#8221;4_4&#8243; _builder_version=&#8221;4.16&#8243; _module_preset=&#8221;default&#8221; global_colors_info=&#8221;{}&#8221;][et_pb_text _builder_version=&#8221;4.16&#8243; _module_preset=&#8221;default&#8221; text_font=&#8221;|300|||||||&#8221; text_text_color=&#8221;#178fcf&#8221; header_text_color=&#8221;#178fcf&#8221; header_3_text_color=&#8221;#178FCF&#8221; locked=&#8221;off&#8221; global_colors_info=&#8221;{}&#8221;]<\/p>\n<h3>NOUS VOUS PROPOSONS AUSSI<\/h3>\n<p>[\/et_pb_text][et_pb_divider module_class=&#8221;separateur&#8221; _builder_version=&#8221;4.16&#8243; _module_preset=&#8221;default&#8221; global_colors_info=&#8221;{}&#8221;][\/et_pb_divider][et_pb_wc_related_products admin_label=&#8221;Produits apparent\u00e9s&#8221; _builder_version=&#8221;4.16&#8243; _module_preset=&#8221;default&#8221; border_width_all=&#8221;0px&#8221; global_colors_info=&#8221;{}&#8221; border_radii__hover_enabled=&#8221;off|hover&#8221;][\/et_pb_wc_related_products][et_pb_wc_upsells _builder_version=&#8221;4.16&#8243; _module_preset=&#8221;default&#8221; custom_css_price=&#8221;display:none;&#8221; global_colors_info=&#8221;{}&#8221;][\/et_pb_wc_upsells][\/et_pb_column][\/et_pb_row][\/et_pb_section]<\/p>\n","protected":false},"excerpt":{"rendered":"<p>Zbra\u00ae Comfort S\/052Available in 3 colors DescriptionMedical Z\u00ae offers you the new Zbra\u00ae Comfort. Attractive and comfortable, the Zbra\u00ae Comfort bra offers reliable support up to cup size E. Thanks to its Velcro\u00ae side adjustments, you can enjoy a snug fit under the bust for tailor-made comfort. Its flat, adjustable straps ensure optimal comfort for [&hellip;]<\/p>\n","protected":false},"featured_media":21647,"template":"","meta":{"_et_pb_use_builder":"on","_et_pb_old_content":"","_et_gb_content_width":""},"product_brand":[],"product_cat":[112,116],"product_tag":[],"class_list":{"0":"post-21178","1":"product","2":"type-product","3":"status-publish","4":"has-post-thumbnail","6":"product_cat-surgery-us","7":"product_cat-breast-us","9":"first","10":"instock","11":"shipping-taxable","12":"product-type-simple"},"yoast_head":"<!-- This site is optimized with the Yoast SEO plugin v25.1 - https:\/\/yoast.com\/wordpress\/plugins\/seo\/ -->\n<title>Zbra\u00ae Comfort &#8226; Medical Z<\/title>\n<meta name=\"robots\" content=\"index, follow, max-snippet:-1, max-image-preview:large, max-video-preview:-1\" \/>\n<link rel=\"canonical\" href=\"https:\/\/www.medicalz.com\/us\/products\/elegance-zbra-medical-bra-copie\/\" \/>\n<meta property=\"og:locale\" content=\"en_US\" \/>\n<meta property=\"og:type\" content=\"article\" \/>\n<meta property=\"og:title\" content=\"Zbra\u00ae Comfort &#8226; Medical Z\" \/>\n<meta property=\"og:description\" content=\"Zbra\u00ae Comfort S\/052Available in 3 colors DescriptionMedical Z\u00ae offers you the new Zbra\u00ae Comfort. Attractive and comfortable, the Zbra\u00ae Comfort bra offers reliable support up to cup size E. Thanks to its Velcro\u00ae side adjustments, you can enjoy a snug fit under the bust for tailor-made comfort. Its flat, adjustable straps ensure optimal comfort for [&hellip;]\" \/>\n<meta property=\"og:url\" content=\"https:\/\/www.medicalz.com\/us\/products\/elegance-zbra-medical-bra-copie\/\" \/>\n<meta property=\"og:site_name\" content=\"Medical Z\" \/>\n<meta property=\"article:publisher\" content=\"https:\/\/www.facebook.com\/MedicalZFrance\/\" \/>\n<meta property=\"article:modified_time\" content=\"2026-03-05T15:13:27+00:00\" \/>\n<meta property=\"og:image\" content=\"https:\/\/www.medicalz.com\/wp-content\/uploads\/2025\/07\/S052_noir_bretellesR.jpg\" \/>\n\t<meta property=\"og:image:width\" content=\"1000\" \/>\n\t<meta property=\"og:image:height\" content=\"1332\" \/>\n\t<meta property=\"og:image:type\" content=\"image\/jpeg\" \/>\n<script type=\"application\/ld+json\" class=\"yoast-schema-graph\">{\"@context\":\"https:\/\/schema.org\",\"@graph\":[{\"@type\":\"WebPage\",\"@id\":\"https:\/\/www.medicalz.com\/us\/products\/elegance-zbra-medical-bra-copie\/\",\"url\":\"https:\/\/www.medicalz.com\/us\/products\/elegance-zbra-medical-bra-copie\/\",\"name\":\"Zbra\u00ae Comfort &#8226; Medical Z\",\"isPartOf\":{\"@id\":\"https:\/\/www.medicalz.com\/us\/#website\"},\"primaryImageOfPage\":{\"@id\":\"https:\/\/www.medicalz.com\/us\/products\/elegance-zbra-medical-bra-copie\/#primaryimage\"},\"image\":{\"@id\":\"https:\/\/www.medicalz.com\/us\/products\/elegance-zbra-medical-bra-copie\/#primaryimage\"},\"thumbnailUrl\":\"https:\/\/www.medicalz.com\/wp-content\/uploads\/2025\/07\/S052_noir_bretellesR.jpg\",\"datePublished\":\"2025-07-28T13:07:10+00:00\",\"dateModified\":\"2026-03-05T15:13:27+00:00\",\"breadcrumb\":{\"@id\":\"https:\/\/www.medicalz.com\/us\/products\/elegance-zbra-medical-bra-copie\/#breadcrumb\"},\"inLanguage\":\"us-US\",\"potentialAction\":[{\"@type\":\"ReadAction\",\"target\":[\"https:\/\/www.medicalz.com\/us\/products\/elegance-zbra-medical-bra-copie\/\"]}]},{\"@type\":\"ImageObject\",\"inLanguage\":\"us-US\",\"@id\":\"https:\/\/www.medicalz.com\/us\/products\/elegance-zbra-medical-bra-copie\/#primaryimage\",\"url\":\"https:\/\/www.medicalz.com\/wp-content\/uploads\/2025\/07\/S052_noir_bretellesR.jpg\",\"contentUrl\":\"https:\/\/www.medicalz.com\/wp-content\/uploads\/2025\/07\/S052_noir_bretellesR.jpg\",\"width\":1000,\"height\":1332},{\"@type\":\"BreadcrumbList\",\"@id\":\"https:\/\/www.medicalz.com\/us\/products\/elegance-zbra-medical-bra-copie\/#breadcrumb\",\"itemListElement\":[{\"@type\":\"ListItem\",\"position\":1,\"name\":\"Home\",\"item\":\"https:\/\/www.medicalz.com\/us\/home\/\"},{\"@type\":\"ListItem\",\"position\":2,\"name\":\"Products\",\"item\":\"https:\/\/www.medicalz.com\/us\/shop\/\"},{\"@type\":\"ListItem\",\"position\":3,\"name\":\"Post surgery\",\"item\":\"https:\/\/www.medicalz.com\/us\/category-products\/surgery-us\/\"},{\"@type\":\"ListItem\",\"position\":4,\"name\":\"Zbra\u00ae Comfort\"}]},{\"@type\":\"WebSite\",\"@id\":\"https:\/\/www.medicalz.com\/us\/#website\",\"url\":\"https:\/\/www.medicalz.com\/us\/\",\"name\":\"Medical Z\",\"description\":\"Cr\u00e9ateur FRAN\u00c7AIS de v\u00eatements compressifs depuis 1981\",\"publisher\":{\"@id\":\"https:\/\/www.medicalz.com\/us\/#organization\"},\"potentialAction\":[{\"@type\":\"SearchAction\",\"target\":{\"@type\":\"EntryPoint\",\"urlTemplate\":\"https:\/\/www.medicalz.com\/us\/?s={search_term_string}\"},\"query-input\":{\"@type\":\"PropertyValueSpecification\",\"valueRequired\":true,\"valueName\":\"search_term_string\"}}],\"inLanguage\":\"us-US\"},{\"@type\":\"Organization\",\"@id\":\"https:\/\/www.medicalz.com\/us\/#organization\",\"name\":\"MedicalZ\",\"url\":\"https:\/\/www.medicalz.com\/us\/\",\"logo\":{\"@type\":\"ImageObject\",\"inLanguage\":\"us-US\",\"@id\":\"https:\/\/www.medicalz.com\/us\/#\/schema\/logo\/image\/\",\"url\":\"https:\/\/www.medicalz.com\/wp-content\/uploads\/2021\/06\/logo-1.png\",\"contentUrl\":\"https:\/\/www.medicalz.com\/wp-content\/uploads\/2021\/06\/logo-1.png\",\"width\":400,\"height\":227,\"caption\":\"MedicalZ\"},\"image\":{\"@id\":\"https:\/\/www.medicalz.com\/us\/#\/schema\/logo\/image\/\"},\"sameAs\":[\"https:\/\/www.facebook.com\/MedicalZFrance\/\",\"https:\/\/www.instagram.com\/medicalz_fr\/?hl=fr\",\"https:\/\/www.youtube.com\/channel\/UC7rGbkWBc15cA4pbHS99Vbg\"]}]}<\/script>\n<!-- \/ Yoast SEO plugin. -->","yoast_head_json":{"title":"Zbra\u00ae Comfort &#8226; Medical Z","robots":{"index":"index","follow":"follow","max-snippet":"max-snippet:-1","max-image-preview":"max-image-preview:large","max-video-preview":"max-video-preview:-1"},"canonical":"https:\/\/www.medicalz.com\/us\/products\/elegance-zbra-medical-bra-copie\/","og_locale":"en_US","og_type":"article","og_title":"Zbra\u00ae Comfort &#8226; Medical Z","og_description":"Zbra\u00ae Comfort S\/052Available in 3 colors DescriptionMedical Z\u00ae offers you the new Zbra\u00ae Comfort. Attractive and comfortable, the Zbra\u00ae Comfort bra offers reliable support up to cup size E. Thanks to its Velcro\u00ae side adjustments, you can enjoy a snug fit under the bust for tailor-made comfort. Its flat, adjustable straps ensure optimal comfort for [&hellip;]","og_url":"https:\/\/www.medicalz.com\/us\/products\/elegance-zbra-medical-bra-copie\/","og_site_name":"Medical Z","article_publisher":"https:\/\/www.facebook.com\/MedicalZFrance\/","article_modified_time":"2026-03-05T15:13:27+00:00","og_image":[{"width":1000,"height":1332,"url":"https:\/\/www.medicalz.com\/wp-content\/uploads\/2025\/07\/S052_noir_bretellesR.jpg","type":"image\/jpeg"}],"schema":{"@context":"https:\/\/schema.org","@graph":[{"@type":"WebPage","@id":"https:\/\/www.medicalz.com\/us\/products\/elegance-zbra-medical-bra-copie\/","url":"https:\/\/www.medicalz.com\/us\/products\/elegance-zbra-medical-bra-copie\/","name":"Zbra\u00ae Comfort &#8226; Medical Z","isPartOf":{"@id":"https:\/\/www.medicalz.com\/us\/#website"},"primaryImageOfPage":{"@id":"https:\/\/www.medicalz.com\/us\/products\/elegance-zbra-medical-bra-copie\/#primaryimage"},"image":{"@id":"https:\/\/www.medicalz.com\/us\/products\/elegance-zbra-medical-bra-copie\/#primaryimage"},"thumbnailUrl":"https:\/\/www.medicalz.com\/wp-content\/uploads\/2025\/07\/S052_noir_bretellesR.jpg","datePublished":"2025-07-28T13:07:10+00:00","dateModified":"2026-03-05T15:13:27+00:00","breadcrumb":{"@id":"https:\/\/www.medicalz.com\/us\/products\/elegance-zbra-medical-bra-copie\/#breadcrumb"},"inLanguage":"us-US","potentialAction":[{"@type":"ReadAction","target":["https:\/\/www.medicalz.com\/us\/products\/elegance-zbra-medical-bra-copie\/"]}]},{"@type":"ImageObject","inLanguage":"us-US","@id":"https:\/\/www.medicalz.com\/us\/products\/elegance-zbra-medical-bra-copie\/#primaryimage","url":"https:\/\/www.medicalz.com\/wp-content\/uploads\/2025\/07\/S052_noir_bretellesR.jpg","contentUrl":"https:\/\/www.medicalz.com\/wp-content\/uploads\/2025\/07\/S052_noir_bretellesR.jpg","width":1000,"height":1332},{"@type":"BreadcrumbList","@id":"https:\/\/www.medicalz.com\/us\/products\/elegance-zbra-medical-bra-copie\/#breadcrumb","itemListElement":[{"@type":"ListItem","position":1,"name":"Home","item":"https:\/\/www.medicalz.com\/us\/home\/"},{"@type":"ListItem","position":2,"name":"Products","item":"https:\/\/www.medicalz.com\/us\/shop\/"},{"@type":"ListItem","position":3,"name":"Post surgery","item":"https:\/\/www.medicalz.com\/us\/category-products\/surgery-us\/"},{"@type":"ListItem","position":4,"name":"Zbra\u00ae Comfort"}]},{"@type":"WebSite","@id":"https:\/\/www.medicalz.com\/us\/#website","url":"https:\/\/www.medicalz.com\/us\/","name":"Medical Z","description":"Cr\u00e9ateur FRAN\u00c7AIS de v\u00eatements compressifs depuis 1981","publisher":{"@id":"https:\/\/www.medicalz.com\/us\/#organization"},"potentialAction":[{"@type":"SearchAction","target":{"@type":"EntryPoint","urlTemplate":"https:\/\/www.medicalz.com\/us\/?s={search_term_string}"},"query-input":{"@type":"PropertyValueSpecification","valueRequired":true,"valueName":"search_term_string"}}],"inLanguage":"us-US"},{"@type":"Organization","@id":"https:\/\/www.medicalz.com\/us\/#organization","name":"MedicalZ","url":"https:\/\/www.medicalz.com\/us\/","logo":{"@type":"ImageObject","inLanguage":"us-US","@id":"https:\/\/www.medicalz.com\/us\/#\/schema\/logo\/image\/","url":"https:\/\/www.medicalz.com\/wp-content\/uploads\/2021\/06\/logo-1.png","contentUrl":"https:\/\/www.medicalz.com\/wp-content\/uploads\/2021\/06\/logo-1.png","width":400,"height":227,"caption":"MedicalZ"},"image":{"@id":"https:\/\/www.medicalz.com\/us\/#\/schema\/logo\/image\/"},"sameAs":["https:\/\/www.facebook.com\/MedicalZFrance\/","https:\/\/www.instagram.com\/medicalz_fr\/?hl=fr","https:\/\/www.youtube.com\/channel\/UC7rGbkWBc15cA4pbHS99Vbg"]}]}},"_links":{"self":[{"href":"https:\/\/www.medicalz.com\/us\/wp-json\/wp\/v2\/product\/21178","targetHints":{"allow":["GET"]}}],"collection":[{"href":"https:\/\/www.medicalz.com\/us\/wp-json\/wp\/v2\/product"}],"about":[{"href":"https:\/\/www.medicalz.com\/us\/wp-json\/wp\/v2\/types\/product"}],"wp:featuredmedia":[{"embeddable":true,"href":"https:\/\/www.medicalz.com\/us\/wp-json\/wp\/v2\/media\/21647"}],"wp:attachment":[{"href":"https:\/\/www.medicalz.com\/us\/wp-json\/wp\/v2\/media?parent=21178"}],"wp:term":[{"taxonomy":"product_brand","embeddable":true,"href":"https:\/\/www.medicalz.com\/us\/wp-json\/wp\/v2\/product_brand?post=21178"},{"taxonomy":"product_cat","embeddable":true,"href":"https:\/\/www.medicalz.com\/us\/wp-json\/wp\/v2\/product_cat?post=21178"},{"taxonomy":"product_tag","embeddable":true,"href":"https:\/\/www.medicalz.com\/us\/wp-json\/wp\/v2\/product_tag?post=21178"}],"curies":[{"name":"wp","href":"https:\/\/api.w.org\/{rel}","templated":true}]}}