{"id":9766,"date":"2021-08-09T16:50:31","date_gmt":"2021-08-09T14:50:31","guid":{"rendered":"https:\/\/www.medicalz.com\/produits\/thin-medipatch-gel-z-sheet-fabric-lined-30x40-cm\/"},"modified":"2022-05-04T10:37:51","modified_gmt":"2022-05-04T08:37:51","slug":"thin-medipatch-gel-z-sheet-fabric-lined-30x40-cm","status":"publish","type":"product","link":"https:\/\/www.medicalz.com\/us\/products\/thin-medipatch-gel-z-sheet-fabric-lined-30x40-cm\/","title":{"rendered":"Thin Medipatch Gel Z\u00ae Sheet (fabric lined) 30\u00d740 cm (12&#8243;x16&#8243;)"},"content":{"rendered":"<p>[et_pb_section fb_built=&#8221;1&#8243; _builder_version=&#8221;4.16&#8243; _module_preset=&#8221;default&#8221; global_colors_info=&#8221;{}&#8221;][et_pb_row column_structure=&#8221;1_2,1_2&#8243; _builder_version=&#8221;4.16&#8243; _module_preset=&#8221;default&#8221; global_colors_info=&#8221;{}&#8221;][et_pb_column type=&#8221;1_2&#8243; _builder_version=&#8221;4.16&#8243; _module_preset=&#8221;default&#8221; global_colors_info=&#8221;{}&#8221;][et_pb_wc_images admin_label=&#8221;Visuel produit&#8221; _builder_version=&#8221;4.9.9&#8243; _module_preset=&#8221;default&#8221; global_colors_info=&#8221;{}&#8221;][\/et_pb_wc_images][\/et_pb_column][et_pb_column type=&#8221;1_2&#8243; _builder_version=&#8221;4.16&#8243; _module_preset=&#8221;default&#8221; global_colors_info=&#8221;{}&#8221;][et_pb_text admin_label=&#8221;Nom produit \/ R\u00e9f  (\u00e0 remplir)&#8221; module_class=&#8221;hn-produits&#8221; _builder_version=&#8221;4.16&#8243; _module_preset=&#8221;default&#8221; text_font=&#8221;|700|||||||&#8221; text_text_color=&#8221;#2F4457&#8243; text_font_size=&#8221;17px&#8221; global_colors_info=&#8221;{}&#8221;]<\/p>\n<h1>Thin Medipatch Gel Z\u00ae Sheet<\/h1>\n<h6>Fabric lined 30x40cm<\/h6>\n<p>(12&#8243;x16&#8243;)[\/et_pb_text][et_pb_divider color=&#8221;#e3e3e3&#8243; divider_weight=&#8221;2px&#8221; _builder_version=&#8221;4.16&#8243; _module_preset=&#8221;default&#8221; custom_margin=&#8221;||0px||false|false&#8221; global_colors_info=&#8221;{}&#8221;][\/et_pb_divider][et_pb_text admin_label=&#8221;Titre description&#8221; _builder_version=&#8221;4.16&#8243; _module_preset=&#8221;default&#8221; text_font=&#8221;|700|||||||&#8221; text_text_color=&#8221;#2F4457&#8243; text_font_size=&#8221;17px&#8221; text_letter_spacing=&#8221;1px&#8221; global_colors_info=&#8221;{}&#8221;]<\/p>\n<p>Description<\/p>\n<p>[\/et_pb_text][et_pb_text admin_label=&#8221;Texte Description (\u00e0 remplir)&#8221; _builder_version=&#8221;4.16&#8243; _module_preset=&#8221;default&#8221; header_3_text_align=&#8221;left&#8221; global_colors_info=&#8221;{}&#8221;]<\/p>\n<p><strong>COMPOSITION<\/strong><br \/>Association of a co-polymer and a mineral oil, H1 class (U.S.P.mineral grade oil). The gel is then coated on a fabric to obtain sheets of different sizes or coated on a clear. THIN MEDIPATCH GEL ZTM is self adhesive.<\/p>\n<p><strong>INDICATIONS<\/strong><br \/>THIN MEDIPATCH GEL Z<sup>\u00ae<\/sup>\u00a0helps prevent the formation of hypertrophic scars before the stage of Keloid scars, regardless of the origin \u2013 Surgery, Trauma, Burn. The use of THIN MEDIPATCH GEL ZTM is suggested as a preventive method after the closing of the wounds (8th or 10th day) or just after apparition of the first sign of hypertrophic scars. The earliness of use of THIN MEDIPATCH GEL ZTM increases the chance of maturation of the scar.<\/p>\n<p><strong>TOLERANCE, INCIDENTS, DURABILITY<\/strong><br \/>Tests have shown that the cutaneous tolerance was excellent in the recommended conditions of use. However, it is necessary that the patient remains under regular medical surveillance. THIN MEDIPATCH GEL ZTM will last for 3-4 weeks without degradation.<\/p>\n<p><strong>WARNINGS<\/strong><br \/><em>MEDIPATCH GEL Z<sup>\u00ae<\/sup>\u00a0shall not be applied directly, on dripping or infected wounds and injured or damaged skin.<\/em><\/p>\n<p>[\/et_pb_text][\/et_pb_column][\/et_pb_row][\/et_pb_section][et_pb_section fb_built=&#8221;1&#8243; _builder_version=&#8221;4.16&#8243; _module_preset=&#8221;default&#8221; border_width_top=&#8221;2px&#8221; border_color_top=&#8221;#e3e3e3&#8243; global_colors_info=&#8221;{}&#8221;][et_pb_row _builder_version=&#8221;4.16&#8243; _module_preset=&#8221;default&#8221; global_colors_info=&#8221;{}&#8221;][et_pb_column type=&#8221;4_4&#8243; _builder_version=&#8221;4.16&#8243; _module_preset=&#8221;default&#8221; global_colors_info=&#8221;{}&#8221;][et_pb_tabs active_tab_background_color=&#8221;#FFFFFF&#8221; inactive_tab_background_color=&#8221;#FFFFFF&#8221; active_tab_text_color=&#8221;#2F4457&#8243; admin_label=&#8221;Onglets composition \/ guide de tailles&#8230;  (\u00e0 remplir)&#8221; module_class=&#8221;onglets-produits&#8221; _builder_version=&#8221;4.16&#8243; _module_preset=&#8221;default&#8221; tab_text_color=&#8221;#2F4457&#8243; tab_font_size=&#8221;14px&#8221; background_color=&#8221;#FFFFFF&#8221; custom_margin=&#8221;0px||||false|false&#8221; custom_padding=&#8221;|||30px||&#8221; custom_css_tabs_controls=&#8221;border-top-color:transparent;||border-bottom-color:transparent;||background-color:transparent;&#8221; custom_css_tab=&#8221;border:transparent;||&#8221; custom_css_tabs_content=&#8221;border:transparent;&#8221; border_width_all=&#8221;0px&#8221; locked=&#8221;off&#8221; global_colors_info=&#8221;{}&#8221;][et_pb_tab title=&#8221;&lt;p&gt;VIDEO&lt;\/p&gt;&#8221; _builder_version=&#8221;4.16&#8243; _module_preset=&#8221;default&#8221; global_colors_info=&#8221;{}&#8221;]<\/p>\n<p><strong>How to maintain Medipatch Gel Z\u00ae and Medigel Z\u00ae by Medical Z?<\/strong><\/p>\n<p><iframe loading=\"lazy\" title=\"Comment entretenir MEDIPATCH GEL Z\u00ae et MEDIGEL Z\u00ae de M\u00e9dical Z\" width=\"1080\" height=\"608\" src=\"https:\/\/www.youtube.com\/embed\/Dr3jKekkyq0?feature=oembed\"  allow=\"accelerometer; autoplay; clipboard-write; encrypted-media; gyroscope; picture-in-picture\" allowfullscreen><\/iframe><\/p>\n<p>[\/et_pb_tab][\/et_pb_tabs][\/et_pb_column][\/et_pb_row][\/et_pb_section][et_pb_section fb_built=&#8221;1&#8243; _builder_version=&#8221;4.16&#8243; _module_preset=&#8221;default&#8221; background_color=&#8221;#e3e3e3&#8243; global_colors_info=&#8221;{}&#8221;][et_pb_row _builder_version=&#8221;4.16&#8243; _module_preset=&#8221;default&#8221; global_colors_info=&#8221;{}&#8221;][et_pb_column type=&#8221;4_4&#8243; _builder_version=&#8221;4.16&#8243; _module_preset=&#8221;default&#8221; global_colors_info=&#8221;{}&#8221;][et_pb_button button_url=&#8221;https:\/\/www.medicalz.com\/us\/faq\/&#8221; button_text=&#8221;&lt;p&gt;FIND ALL THE QUESTIONS &#8211; FAQ&lt;\/p&gt;&#8221; button_alignment=&#8221;center&#8221; _builder_version=&#8221;4.16&#8243; _module_preset=&#8221;default&#8221; custom_button=&#8221;on&#8221; button_text_size=&#8221;18px&#8221; button_text_color=&#8221;#2F4457&#8243; button_border_width=&#8221;1px&#8221; button_border_color=&#8221;#2F4457&#8243; button_border_radius=&#8221;0px&#8221; button_font=&#8221;|700|||||||&#8221; custom_padding=&#8221;15px|110px|15px|110px|false|true&#8221; global_colors_info=&#8221;{}&#8221;][\/et_pb_button][\/et_pb_column][\/et_pb_row][\/et_pb_section][et_pb_section fb_built=&#8221;1&#8243; _builder_version=&#8221;4.16&#8243; _module_preset=&#8221;default&#8221; custom_padding=&#8221;0px|||||&#8221; global_colors_info=&#8221;{}&#8221;][et_pb_row _builder_version=&#8221;4.16&#8243; _module_preset=&#8221;default&#8221; custom_margin=&#8221;|auto|-28px|auto||&#8221; custom_padding=&#8221;||0px|||&#8221; global_colors_info=&#8221;{}&#8221;][et_pb_column type=&#8221;4_4&#8243; _builder_version=&#8221;4.16&#8243; _module_preset=&#8221;default&#8221; global_colors_info=&#8221;{}&#8221;][et_pb_text _builder_version=&#8221;4.16&#8243; _module_preset=&#8221;default&#8221; text_font=&#8221;|300|||||||&#8221; text_text_color=&#8221;#178fcf&#8221; header_text_color=&#8221;#178fcf&#8221; header_3_text_color=&#8221;#178FCF&#8221; locked=&#8221;off&#8221; global_colors_info=&#8221;{}&#8221;]<\/p>\n<h3>WE ALSO OFFER YOU<\/h3>\n<p>[\/et_pb_text][et_pb_divider module_class=&#8221;separateur&#8221; _builder_version=&#8221;4.16&#8243; _module_preset=&#8221;default&#8221; global_colors_info=&#8221;{}&#8221;][\/et_pb_divider][et_pb_wc_related_products admin_label=&#8221;Produits apparent\u00e9s&#8221; _builder_version=&#8221;4.16&#8243; _module_preset=&#8221;default&#8221; border_width_all=&#8221;0px&#8221; global_colors_info=&#8221;{}&#8221; border_radii__hover_enabled=&#8221;off|hover&#8221;][\/et_pb_wc_related_products][et_pb_wc_upsells _builder_version=&#8221;4.16&#8243; _module_preset=&#8221;default&#8221; custom_css_price=&#8221;display:none;&#8221; global_colors_info=&#8221;{}&#8221;][\/et_pb_wc_upsells][\/et_pb_column][\/et_pb_row][\/et_pb_section]<\/p>\n","protected":false},"excerpt":{"rendered":"<p>Thin Medipatch Gel Z\u00ae Sheet Fabric lined 30x40cm (12&#8243;x16&#8243;)DescriptionCOMPOSITIONAssociation of a co-polymer and a mineral oil, H1 class (U.S.P.mineral grade oil). The gel is then coated on a fabric to obtain sheets of different sizes or coated on a clear. THIN MEDIPATCH GEL ZTM is self adhesive. INDICATIONSTHIN MEDIPATCH GEL Z\u00ae\u00a0helps prevent the formation of [&hellip;]<\/p>\n","protected":false},"featured_media":16251,"template":"","meta":{"_et_pb_use_builder":"on","_et_pb_old_content":"","_et_gb_content_width":""},"product_brand":[],"product_cat":[118,120],"product_tag":[],"class_list":{"0":"post-9766","1":"product","2":"type-product","3":"status-publish","4":"has-post-thumbnail","6":"product_cat-scar-management-gel-us","7":"product_cat-medipatch-gel-z-fin-us","9":"first","10":"instock","11":"shipping-taxable","12":"product-type-simple"},"yoast_head":"<!-- This site is optimized with the Yoast SEO plugin v25.1 - https:\/\/yoast.com\/wordpress\/plugins\/seo\/ -->\n<title>Thin Medipatch Gel Z\u00ae Sheet (fabric lined) 30\u00d740 cm (12&quot;x16&quot;) &#8226; Medical Z<\/title>\n<meta name=\"robots\" content=\"index, follow, max-snippet:-1, max-image-preview:large, max-video-preview:-1\" \/>\n<link rel=\"canonical\" href=\"https:\/\/www.medicalz.com\/us\/products\/thin-medipatch-gel-z-sheet-fabric-lined-30x40-cm\/\" \/>\n<meta property=\"og:locale\" content=\"en_US\" \/>\n<meta property=\"og:type\" content=\"article\" \/>\n<meta property=\"og:title\" content=\"Thin Medipatch Gel Z\u00ae Sheet (fabric lined) 30\u00d740 cm (12&quot;x16&quot;) &#8226; Medical Z\" \/>\n<meta property=\"og:description\" content=\"Thin Medipatch Gel Z\u00ae Sheet Fabric lined 30x40cm (12&quot;x16&quot;)DescriptionCOMPOSITIONAssociation of a co-polymer and a mineral oil, H1 class (U.S.P.mineral grade oil). The gel is then coated on a fabric to obtain sheets of different sizes or coated on a clear. THIN MEDIPATCH GEL ZTM is self adhesive. INDICATIONSTHIN MEDIPATCH GEL Z\u00ae\u00a0helps prevent the formation of [&hellip;]\" \/>\n<meta property=\"og:url\" content=\"https:\/\/www.medicalz.com\/us\/products\/thin-medipatch-gel-z-sheet-fabric-lined-30x40-cm\/\" \/>\n<meta property=\"og:site_name\" content=\"Medical Z\" \/>\n<meta property=\"article:publisher\" content=\"https:\/\/www.facebook.com\/MedicalZFrance\/\" \/>\n<meta property=\"article:modified_time\" content=\"2022-05-04T08:37:51+00:00\" \/>\n<meta property=\"og:image\" content=\"https:\/\/www.medicalz.com\/wp-content\/uploads\/2021\/08\/feuille_medipatch_30x40_tissu-3.png\" \/>\n\t<meta property=\"og:image:width\" content=\"1200\" \/>\n\t<meta property=\"og:image:height\" content=\"1548\" \/>\n\t<meta property=\"og:image:type\" content=\"image\/png\" \/>\n<script type=\"application\/ld+json\" class=\"yoast-schema-graph\">{\"@context\":\"https:\/\/schema.org\",\"@graph\":[{\"@type\":\"WebPage\",\"@id\":\"https:\/\/www.medicalz.com\/us\/products\/thin-medipatch-gel-z-sheet-fabric-lined-30x40-cm\/\",\"url\":\"https:\/\/www.medicalz.com\/us\/products\/thin-medipatch-gel-z-sheet-fabric-lined-30x40-cm\/\",\"name\":\"Thin Medipatch Gel Z\u00ae Sheet (fabric lined) 30\u00d740 cm (12\\\"x16\\\") &#8226; Medical Z\",\"isPartOf\":{\"@id\":\"https:\/\/www.medicalz.com\/us\/#website\"},\"primaryImageOfPage\":{\"@id\":\"https:\/\/www.medicalz.com\/us\/products\/thin-medipatch-gel-z-sheet-fabric-lined-30x40-cm\/#primaryimage\"},\"image\":{\"@id\":\"https:\/\/www.medicalz.com\/us\/products\/thin-medipatch-gel-z-sheet-fabric-lined-30x40-cm\/#primaryimage\"},\"thumbnailUrl\":\"https:\/\/www.medicalz.com\/wp-content\/uploads\/2021\/08\/feuille_medipatch_30x40_tissu-3.png\",\"datePublished\":\"2021-08-09T14:50:31+00:00\",\"dateModified\":\"2022-05-04T08:37:51+00:00\",\"breadcrumb\":{\"@id\":\"https:\/\/www.medicalz.com\/us\/products\/thin-medipatch-gel-z-sheet-fabric-lined-30x40-cm\/#breadcrumb\"},\"inLanguage\":\"us-US\",\"potentialAction\":[{\"@type\":\"ReadAction\",\"target\":[\"https:\/\/www.medicalz.com\/us\/products\/thin-medipatch-gel-z-sheet-fabric-lined-30x40-cm\/\"]}]},{\"@type\":\"ImageObject\",\"inLanguage\":\"us-US\",\"@id\":\"https:\/\/www.medicalz.com\/us\/products\/thin-medipatch-gel-z-sheet-fabric-lined-30x40-cm\/#primaryimage\",\"url\":\"https:\/\/www.medicalz.com\/wp-content\/uploads\/2021\/08\/feuille_medipatch_30x40_tissu-3.png\",\"contentUrl\":\"https:\/\/www.medicalz.com\/wp-content\/uploads\/2021\/08\/feuille_medipatch_30x40_tissu-3.png\",\"width\":1200,\"height\":1548,\"caption\":\"feuille medigel tissu\"},{\"@type\":\"BreadcrumbList\",\"@id\":\"https:\/\/www.medicalz.com\/us\/products\/thin-medipatch-gel-z-sheet-fabric-lined-30x40-cm\/#breadcrumb\",\"itemListElement\":[{\"@type\":\"ListItem\",\"position\":1,\"name\":\"Home\",\"item\":\"https:\/\/www.medicalz.com\/us\/home\/\"},{\"@type\":\"ListItem\",\"position\":2,\"name\":\"Products\",\"item\":\"https:\/\/www.medicalz.com\/us\/shop\/\"},{\"@type\":\"ListItem\",\"position\":3,\"name\":\"Scar management gels\",\"item\":\"https:\/\/www.medicalz.com\/us\/category-products\/scar-management-gel-us\/\"},{\"@type\":\"ListItem\",\"position\":4,\"name\":\"Medipatch Gel Z\u00ae fin\",\"item\":\"https:\/\/www.medicalz.com\/us\/category-products\/scar-management-gel-us\/medipatch-gel-z-fin-us\/\"},{\"@type\":\"ListItem\",\"position\":5,\"name\":\"Thin Medipatch Gel Z\u00ae Sheet (fabric lined) 30\u00d740 cm (12&#8243;x16&#8243;)\"}]},{\"@type\":\"WebSite\",\"@id\":\"https:\/\/www.medicalz.com\/us\/#website\",\"url\":\"https:\/\/www.medicalz.com\/us\/\",\"name\":\"Medical Z\",\"description\":\"Cr\u00e9ateur FRAN\u00c7AIS de v\u00eatements compressifs depuis 1981\",\"publisher\":{\"@id\":\"https:\/\/www.medicalz.com\/us\/#organization\"},\"potentialAction\":[{\"@type\":\"SearchAction\",\"target\":{\"@type\":\"EntryPoint\",\"urlTemplate\":\"https:\/\/www.medicalz.com\/us\/?s={search_term_string}\"},\"query-input\":{\"@type\":\"PropertyValueSpecification\",\"valueRequired\":true,\"valueName\":\"search_term_string\"}}],\"inLanguage\":\"us-US\"},{\"@type\":\"Organization\",\"@id\":\"https:\/\/www.medicalz.com\/us\/#organization\",\"name\":\"MedicalZ\",\"url\":\"https:\/\/www.medicalz.com\/us\/\",\"logo\":{\"@type\":\"ImageObject\",\"inLanguage\":\"us-US\",\"@id\":\"https:\/\/www.medicalz.com\/us\/#\/schema\/logo\/image\/\",\"url\":\"https:\/\/www.medicalz.com\/wp-content\/uploads\/2021\/06\/logo-1.png\",\"contentUrl\":\"https:\/\/www.medicalz.com\/wp-content\/uploads\/2021\/06\/logo-1.png\",\"width\":400,\"height\":227,\"caption\":\"MedicalZ\"},\"image\":{\"@id\":\"https:\/\/www.medicalz.com\/us\/#\/schema\/logo\/image\/\"},\"sameAs\":[\"https:\/\/www.facebook.com\/MedicalZFrance\/\",\"https:\/\/www.instagram.com\/medicalz_fr\/?hl=fr\",\"https:\/\/www.youtube.com\/channel\/UC7rGbkWBc15cA4pbHS99Vbg\"]}]}<\/script>\n<!-- \/ Yoast SEO plugin. -->","yoast_head_json":{"title":"Thin Medipatch Gel Z\u00ae Sheet (fabric lined) 30\u00d740 cm (12\"x16\") &#8226; Medical Z","robots":{"index":"index","follow":"follow","max-snippet":"max-snippet:-1","max-image-preview":"max-image-preview:large","max-video-preview":"max-video-preview:-1"},"canonical":"https:\/\/www.medicalz.com\/us\/products\/thin-medipatch-gel-z-sheet-fabric-lined-30x40-cm\/","og_locale":"en_US","og_type":"article","og_title":"Thin Medipatch Gel Z\u00ae Sheet (fabric lined) 30\u00d740 cm (12\"x16\") &#8226; Medical Z","og_description":"Thin Medipatch Gel Z\u00ae Sheet Fabric lined 30x40cm (12\"x16\")DescriptionCOMPOSITIONAssociation of a co-polymer and a mineral oil, H1 class (U.S.P.mineral grade oil). The gel is then coated on a fabric to obtain sheets of different sizes or coated on a clear. THIN MEDIPATCH GEL ZTM is self adhesive. INDICATIONSTHIN MEDIPATCH GEL Z\u00ae\u00a0helps prevent the formation of [&hellip;]","og_url":"https:\/\/www.medicalz.com\/us\/products\/thin-medipatch-gel-z-sheet-fabric-lined-30x40-cm\/","og_site_name":"Medical Z","article_publisher":"https:\/\/www.facebook.com\/MedicalZFrance\/","article_modified_time":"2022-05-04T08:37:51+00:00","og_image":[{"width":1200,"height":1548,"url":"https:\/\/www.medicalz.com\/wp-content\/uploads\/2021\/08\/feuille_medipatch_30x40_tissu-3.png","type":"image\/png"}],"schema":{"@context":"https:\/\/schema.org","@graph":[{"@type":"WebPage","@id":"https:\/\/www.medicalz.com\/us\/products\/thin-medipatch-gel-z-sheet-fabric-lined-30x40-cm\/","url":"https:\/\/www.medicalz.com\/us\/products\/thin-medipatch-gel-z-sheet-fabric-lined-30x40-cm\/","name":"Thin Medipatch Gel Z\u00ae Sheet (fabric lined) 30\u00d740 cm (12\"x16\") &#8226; Medical Z","isPartOf":{"@id":"https:\/\/www.medicalz.com\/us\/#website"},"primaryImageOfPage":{"@id":"https:\/\/www.medicalz.com\/us\/products\/thin-medipatch-gel-z-sheet-fabric-lined-30x40-cm\/#primaryimage"},"image":{"@id":"https:\/\/www.medicalz.com\/us\/products\/thin-medipatch-gel-z-sheet-fabric-lined-30x40-cm\/#primaryimage"},"thumbnailUrl":"https:\/\/www.medicalz.com\/wp-content\/uploads\/2021\/08\/feuille_medipatch_30x40_tissu-3.png","datePublished":"2021-08-09T14:50:31+00:00","dateModified":"2022-05-04T08:37:51+00:00","breadcrumb":{"@id":"https:\/\/www.medicalz.com\/us\/products\/thin-medipatch-gel-z-sheet-fabric-lined-30x40-cm\/#breadcrumb"},"inLanguage":"us-US","potentialAction":[{"@type":"ReadAction","target":["https:\/\/www.medicalz.com\/us\/products\/thin-medipatch-gel-z-sheet-fabric-lined-30x40-cm\/"]}]},{"@type":"ImageObject","inLanguage":"us-US","@id":"https:\/\/www.medicalz.com\/us\/products\/thin-medipatch-gel-z-sheet-fabric-lined-30x40-cm\/#primaryimage","url":"https:\/\/www.medicalz.com\/wp-content\/uploads\/2021\/08\/feuille_medipatch_30x40_tissu-3.png","contentUrl":"https:\/\/www.medicalz.com\/wp-content\/uploads\/2021\/08\/feuille_medipatch_30x40_tissu-3.png","width":1200,"height":1548,"caption":"feuille medigel tissu"},{"@type":"BreadcrumbList","@id":"https:\/\/www.medicalz.com\/us\/products\/thin-medipatch-gel-z-sheet-fabric-lined-30x40-cm\/#breadcrumb","itemListElement":[{"@type":"ListItem","position":1,"name":"Home","item":"https:\/\/www.medicalz.com\/us\/home\/"},{"@type":"ListItem","position":2,"name":"Products","item":"https:\/\/www.medicalz.com\/us\/shop\/"},{"@type":"ListItem","position":3,"name":"Scar management gels","item":"https:\/\/www.medicalz.com\/us\/category-products\/scar-management-gel-us\/"},{"@type":"ListItem","position":4,"name":"Medipatch Gel Z\u00ae fin","item":"https:\/\/www.medicalz.com\/us\/category-products\/scar-management-gel-us\/medipatch-gel-z-fin-us\/"},{"@type":"ListItem","position":5,"name":"Thin Medipatch Gel Z\u00ae Sheet (fabric lined) 30\u00d740 cm (12&#8243;x16&#8243;)"}]},{"@type":"WebSite","@id":"https:\/\/www.medicalz.com\/us\/#website","url":"https:\/\/www.medicalz.com\/us\/","name":"Medical Z","description":"Cr\u00e9ateur FRAN\u00c7AIS de v\u00eatements compressifs depuis 1981","publisher":{"@id":"https:\/\/www.medicalz.com\/us\/#organization"},"potentialAction":[{"@type":"SearchAction","target":{"@type":"EntryPoint","urlTemplate":"https:\/\/www.medicalz.com\/us\/?s={search_term_string}"},"query-input":{"@type":"PropertyValueSpecification","valueRequired":true,"valueName":"search_term_string"}}],"inLanguage":"us-US"},{"@type":"Organization","@id":"https:\/\/www.medicalz.com\/us\/#organization","name":"MedicalZ","url":"https:\/\/www.medicalz.com\/us\/","logo":{"@type":"ImageObject","inLanguage":"us-US","@id":"https:\/\/www.medicalz.com\/us\/#\/schema\/logo\/image\/","url":"https:\/\/www.medicalz.com\/wp-content\/uploads\/2021\/06\/logo-1.png","contentUrl":"https:\/\/www.medicalz.com\/wp-content\/uploads\/2021\/06\/logo-1.png","width":400,"height":227,"caption":"MedicalZ"},"image":{"@id":"https:\/\/www.medicalz.com\/us\/#\/schema\/logo\/image\/"},"sameAs":["https:\/\/www.facebook.com\/MedicalZFrance\/","https:\/\/www.instagram.com\/medicalz_fr\/?hl=fr","https:\/\/www.youtube.com\/channel\/UC7rGbkWBc15cA4pbHS99Vbg"]}]}},"_links":{"self":[{"href":"https:\/\/www.medicalz.com\/us\/wp-json\/wp\/v2\/product\/9766","targetHints":{"allow":["GET"]}}],"collection":[{"href":"https:\/\/www.medicalz.com\/us\/wp-json\/wp\/v2\/product"}],"about":[{"href":"https:\/\/www.medicalz.com\/us\/wp-json\/wp\/v2\/types\/product"}],"wp:featuredmedia":[{"embeddable":true,"href":"https:\/\/www.medicalz.com\/us\/wp-json\/wp\/v2\/media\/16251"}],"wp:attachment":[{"href":"https:\/\/www.medicalz.com\/us\/wp-json\/wp\/v2\/media?parent=9766"}],"wp:term":[{"taxonomy":"product_brand","embeddable":true,"href":"https:\/\/www.medicalz.com\/us\/wp-json\/wp\/v2\/product_brand?post=9766"},{"taxonomy":"product_cat","embeddable":true,"href":"https:\/\/www.medicalz.com\/us\/wp-json\/wp\/v2\/product_cat?post=9766"},{"taxonomy":"product_tag","embeddable":true,"href":"https:\/\/www.medicalz.com\/us\/wp-json\/wp\/v2\/product_tag?post=9766"}],"curies":[{"name":"wp","href":"https:\/\/api.w.org\/{rel}","templated":true}]}}